{"id":18679,"date":"2024-03-01T16:57:38","date_gmt":"2024-03-01T15:57:38","guid":{"rendered":"https:\/\/u15jnbdpoq.preview.infomaniak.website\/produit\/espanador-telescopico-de-90-cm\/"},"modified":"2026-04-28T02:11:39","modified_gmt":"2026-04-28T00:11:39","slug":"espanador-telescopico-de-90-cm","status":"publish","type":"product","link":"https:\/\/www.csj-emballages.com\/pt-pt\/produit\/espanador-telescopico-de-90-cm\/","title":{"rendered":"Espanador telesc\u00f3pico de 90 cm"},"content":{"rendered":"<h2>Plumeau<\/h2>\n<hr>\n<h3>Descri\u00e7\u00e3o do nosso espanador telesc\u00f3pico de 90 cm<!--more--><\/h3>\n<div class=\"flex max-w-full flex-col flex-grow\">\n<div class=\"min-h-8 text-message flex w-full flex-col items-end gap-2 whitespace-normal break-words text-start [.text-message+&amp;]:mt-5\" dir=\"auto\" data-message-author-role=\"assistant\" data-message-id=\"266ca6f3-5e07-4948-bd20-80ac5e6da4a5\" data-message-model-slug=\"gpt-4o\">\n<div class=\"flex w-full flex-col gap-1 empty:hidden first:pt-[3px]\">\n<div class=\"markdown prose w-full break-words dark:prose-invert dark\">\n<p data-start=\"178\" data-end=\"613\">Tirar o p\u00f3 nunca \u00e9 a tarefa mais motivadora\u2026 exceto quando temos a ferramenta certa nas m\u00e3os. Este <strong data-start=\"287\" data-end=\"320\">espanador telesc\u00f3pico de 90 cm<\/strong> foi precisamente concebido para tornar a limpeza mais simples, mais r\u00e1pida e, sobretudo, menos exigente. Gra\u00e7as ao seu comprimento ajust\u00e1vel, permite alcan\u00e7ar facilmente as zonas altas sem subir para uma cadeira ou escadote. Acabaram-se as contor\u00e7\u00f5es desnecess\u00e1rias, tudo se torna mais acess\u00edvel.   <\/p>\n<p data-start=\"615\" data-end=\"996\">A sua cabe\u00e7a <strong>agarra o p\u00f3<\/strong> em vez de o espalhar. Desliza sem esfor\u00e7o sobre as prateleiras, os m\u00f3veis, as molduras, os candeeiros ou mesmo por cima dos arm\u00e1rios. Em poucas passagens, as superf\u00edcies recuperam um aspeto limpo e impec\u00e1vel. Al\u00e9m disso, a sua estrutura leve oferece uma boa preens\u00e3o, o que permite limpar sem se cansar, mesmo durante uma manuten\u00e7\u00e3o prolongada.   <\/p>\n<p data-start=\"998\" data-end=\"1310\">Al\u00e9m disso, o sistema telesc\u00f3pico adapta-se \u00e0s suas necessidades. Pode ajustar o comprimento de acordo com a zona a limpar, quer seja um canto de dif\u00edcil acesso ou uma superf\u00edcie mais baixa. Uma vez a limpeza terminada, o <strong>espanador<\/strong> arruma-se facilmente sem ocupar espa\u00e7o, o que \u00e9 sempre apreci\u00e1vel no dia a dia.  <\/p>\n<p data-start=\"1312\" data-end=\"1545\">Quer seja para uso dom\u00e9stico, profissional ou em coletividade, este <strong>espanador<\/strong> torna-se rapidamente indispens\u00e1vel. Permite ganhar tempo, evitar esfor\u00e7os desnecess\u00e1rios e manter um ambiente limpo mais facilmente. <\/p>\n<p data-start=\"1547\" data-end=\"1719\">Em resumo, este <strong>espanador telesc\u00f3pico<\/strong> n\u00e3o se limita a tirar o p\u00f3: simplifica realmente a sua rotina de limpeza, mantendo-se pr\u00e1tico e agrad\u00e1vel de utilizar.<\/p>\n<h3><\/h3>\n<\/div>\n<\/div>\n<\/div>\n<\/div>\n<p><!--more--><\/p>\n<h4>Vantagens :<\/h4>\n<ul>\n<li data-start=\"140\" data-end=\"207\">Permite alcan\u00e7ar facilmente as zonas altas sem escadote.<\/li>\n<li data-start=\"210\" data-end=\"262\"><strong>Comprimento telesc\u00f3pico<\/strong> <strong>ajust\u00e1vel<\/strong> de acordo com as necessidades.<\/li>\n<li data-start=\"265\" data-end=\"312\">Agarra o p\u00f3 em vez de o dispersar.<\/li>\n<li data-start=\"315\" data-end=\"363\">Leve e agrad\u00e1vel de manusear, mesmo durante longos per\u00edodos.<\/li>\n<li data-start=\"366\" data-end=\"431\">Ideal para m\u00f3veis, prateleiras, candeeiros e recantos dif\u00edceis.<\/li>\n<li data-start=\"434\" data-end=\"478\">Poupan\u00e7a de tempo durante a limpeza di\u00e1ria.<\/li>\n<\/ul>\n<p>&nbsp;<\/p>\n<p><!--more--><\/p>\n<h4>Outras informa\u00e7\u00f5es :<\/h4>\n<ul>\n<li><strong>Embalagem<\/strong>: Vendido individualmente<\/li>\n<li><b>Cor: <\/b>Branco<\/li>\n<li><strong>Material<\/strong>: Polipropileno<\/li>\n<\/ul>\n<p>&nbsp;<\/p>\n<p><!--more--><\/p>\n<p><a href=\"https:\/\/www.csj-emballages.com\/pt-pt\/categorie-produit\/higiene-e-manutencao\/acessorios\/\">V\u00ea o resto da nossa gama de acess\u00f3rios de higiene<\/a><\/p>\n","protected":false},"excerpt":{"rendered":"<p>Plumeau Descri\u00e7\u00e3o do nosso espanador telesc\u00f3pico de 90 cm<\/p>\n","protected":false},"featured_media":221062,"template":"","meta":{"_acf_changed":false},"product_brand":[],"product_cat":[1222,1709,1456,1821,1829],"product_tag":[],"class_list":{"0":"post-18679","1":"product","2":"type-product","3":"status-publish","4":"has-post-thumbnail","6":"product_cat-higiene-e-manutencao","7":"product_cat-acessorios","8":"product_cat-escovas-e-vassouras","9":"product_cat-vassoura-escova-espanador-de-penas","10":"product_cat-vassouras-vassouras-de-chao-espanadores","11":"product_shipping_class-nao-e-permitido-em-reles","13":"first","14":"instock","15":"taxable","16":"shipping-taxable","17":"purchasable","18":"product-type-simple"},"acf":[],"yoast_head":"<!-- This site is optimized with the Yoast SEO Premium plugin v26.6 (Yoast SEO v26.6) - https:\/\/yoast.com\/wordpress\/plugins\/seo\/ -->\n<title>Espanador telesc\u00f3pico de 90 cm<\/title>\n<meta name=\"description\" content=\"Espanador telesc\u00f3pico de 90 cm. Limpeza f\u00e1cil e eficaz. Gra\u00e7as \u00e0 sua pega extens\u00edvel e \u00e0s fibras electrost\u00e1ticas, recolhe o p\u00f3 sem esfor\u00e7o.\" \/>\n<meta name=\"robots\" content=\"index, follow, max-snippet:-1, max-image-preview:large, max-video-preview:-1\" \/>\n<link rel=\"canonical\" href=\"https:\/\/www.csj-emballages.com\/pt-pt\/produit\/espanador-telescopico-de-90-cm\/\" \/>\n<meta property=\"og:locale\" content=\"pt_PT\" \/>\n<meta property=\"og:type\" content=\"article\" \/>\n<meta property=\"og:title\" content=\"Espanador telesc\u00f3pico de 90 cm\" \/>\n<meta property=\"og:description\" content=\"Espanador telesc\u00f3pico de 90 cm. Limpeza f\u00e1cil e eficaz. Gra\u00e7as \u00e0 sua pega extens\u00edvel e \u00e0s fibras electrost\u00e1ticas, recolhe o p\u00f3 sem esfor\u00e7o.\" \/>\n<meta property=\"og:url\" content=\"https:\/\/www.csj-emballages.com\/pt-pt\/produit\/espanador-telescopico-de-90-cm\/\" \/>\n<meta property=\"og:site_name\" content=\"CSJ Emballages\" \/>\n<meta property=\"article:publisher\" content=\"https:\/\/www.facebook.com\/csjemballages\" \/>\n<meta property=\"article:modified_time\" content=\"2026-04-28T00:11:39+00:00\" \/>\n<meta property=\"og:image\" content=\"https:\/\/www.csj-emballages.com\/wp-content\/uploads\/2024\/03\/Plumeau.webp\" \/>\n\t<meta property=\"og:image:width\" content=\"800\" \/>\n\t<meta property=\"og:image:height\" content=\"800\" \/>\n\t<meta property=\"og:image:type\" content=\"image\/webp\" \/>\n<meta name=\"twitter:card\" content=\"summary_large_image\" \/>\n<meta name=\"twitter:label1\" content=\"Tempo estimado de leitura\" \/>\n\t<meta name=\"twitter:data1\" content=\"2 minutos\" \/>\n<script type=\"application\/ld+json\" class=\"yoast-schema-graph\">{\"@context\":\"https:\/\/schema.org\",\"@graph\":[{\"@type\":\"WebPage\",\"@id\":\"https:\/\/www.csj-emballages.com\/pt-pt\/produit\/espanador-telescopico-de-90-cm\/\",\"url\":\"https:\/\/www.csj-emballages.com\/pt-pt\/produit\/espanador-telescopico-de-90-cm\/\",\"name\":\"Espanador telesc\u00f3pico de 90 cm\",\"isPartOf\":{\"@id\":\"https:\/\/www.csj-emballages.com\/pt-pt\/#website\"},\"primaryImageOfPage\":{\"@id\":\"https:\/\/www.csj-emballages.com\/pt-pt\/produit\/espanador-telescopico-de-90-cm\/#primaryimage\"},\"image\":{\"@id\":\"https:\/\/www.csj-emballages.com\/pt-pt\/produit\/espanador-telescopico-de-90-cm\/#primaryimage\"},\"thumbnailUrl\":\"https:\/\/www.csj-emballages.com\/wp-content\/uploads\/2024\/03\/Plumeau.webp\",\"datePublished\":\"2024-03-01T15:57:38+00:00\",\"dateModified\":\"2026-04-28T00:11:39+00:00\",\"description\":\"Espanador telesc\u00f3pico de 90 cm. Limpeza f\u00e1cil e eficaz. Gra\u00e7as \u00e0 sua pega extens\u00edvel e \u00e0s fibras electrost\u00e1ticas, recolhe o p\u00f3 sem esfor\u00e7o.\",\"breadcrumb\":{\"@id\":\"https:\/\/www.csj-emballages.com\/pt-pt\/produit\/espanador-telescopico-de-90-cm\/#breadcrumb\"},\"inLanguage\":\"pt-PT\",\"potentialAction\":[{\"@type\":\"ReadAction\",\"target\":[\"https:\/\/www.csj-emballages.com\/pt-pt\/produit\/espanador-telescopico-de-90-cm\/\"]}]},{\"@type\":\"ImageObject\",\"inLanguage\":\"pt-PT\",\"@id\":\"https:\/\/www.csj-emballages.com\/pt-pt\/produit\/espanador-telescopico-de-90-cm\/#primaryimage\",\"url\":\"https:\/\/www.csj-emballages.com\/wp-content\/uploads\/2024\/03\/Plumeau.webp\",\"contentUrl\":\"https:\/\/www.csj-emballages.com\/wp-content\/uploads\/2024\/03\/Plumeau.webp\",\"width\":800,\"height\":800,\"caption\":\"Plumeau\"},{\"@type\":\"BreadcrumbList\",\"@id\":\"https:\/\/www.csj-emballages.com\/pt-pt\/produit\/espanador-telescopico-de-90-cm\/#breadcrumb\",\"itemListElement\":[{\"@type\":\"ListItem\",\"position\":1,\"name\":\"Acolhimento\",\"item\":\"https:\/\/www.csj-emballages.com\/pt-pt\/universo-das-embalagens-alimentares\/\"},{\"@type\":\"ListItem\",\"position\":2,\"name\":\"Shop\",\"item\":\"https:\/\/www.csj-emballages.com\/shop\/\"},{\"@type\":\"ListItem\",\"position\":3,\"name\":\"Espanador telesc\u00f3pico de 90 cm\"}]},{\"@type\":\"WebSite\",\"@id\":\"https:\/\/www.csj-emballages.com\/pt-pt\/#website\",\"url\":\"https:\/\/www.csj-emballages.com\/pt-pt\/\",\"name\":\"CSJ Emballages\",\"description\":\"\",\"publisher\":{\"@id\":\"https:\/\/www.csj-emballages.com\/pt-pt\/#organization\"},\"potentialAction\":[{\"@type\":\"SearchAction\",\"target\":{\"@type\":\"EntryPoint\",\"urlTemplate\":\"https:\/\/www.csj-emballages.com\/pt-pt\/?s={search_term_string}\"},\"query-input\":{\"@type\":\"PropertyValueSpecification\",\"valueRequired\":true,\"valueName\":\"search_term_string\"}}],\"inLanguage\":\"pt-PT\"},{\"@type\":\"Organization\",\"@id\":\"https:\/\/www.csj-emballages.com\/pt-pt\/#Organization\/\",\"name\":\"CSJ Emballages\",\"url\":\"https:\/\/www.csj-emballages.com\/pt-pt\/\",\"logo\":{\"@type\":\"ImageObject\",\"inLanguage\":\"pt-PT\",\"@id\":\"https:\/\/www.csj-emballages.com\/pt-pt\/#\/schema\/logo\/image\/\",\"url\":\"https:\/\/www.csj-emballages.com\/wp-content\/uploads\/2023\/10\/logo_csj.webp\",\"contentUrl\":\"https:\/\/www.csj-emballages.com\/wp-content\/uploads\/2023\/10\/logo_csj.webp\",\"width\":250,\"height\":95,\"caption\":\"CSJ Emballages\"},\"image\":{\"@id\":\"https:\/\/www.csj-emballages.com\/pt-pt\/#\/schema\/logo\/image\/\"},\"sameAs\":[\"https:\/\/www.facebook.com\/csjemballages\"],\"address\":{\"@type\":\"PostalAddress\",\"streetAddress\":\"ZI La Lechere\",\"addressLocality\":\"Patornay\",\"postalCode\":\"39130\",\"addressCountry\":\"FR\"},\"contactPoint\":[{\"@type\":\"ContactPoint\",\"contactType\":\"Service client\",\"telephone\":\"0384254272\",\"email\":\"contact@csj-emballages.com\"}]}]}<\/script>\n<!-- \/ Yoast SEO Premium plugin. -->","yoast_head_json":{"title":"Espanador telesc\u00f3pico de 90 cm","description":"Espanador telesc\u00f3pico de 90 cm. Limpeza f\u00e1cil e eficaz. Gra\u00e7as \u00e0 sua pega extens\u00edvel e \u00e0s fibras electrost\u00e1ticas, recolhe o p\u00f3 sem esfor\u00e7o.","robots":{"index":"index","follow":"follow","max-snippet":"max-snippet:-1","max-image-preview":"max-image-preview:large","max-video-preview":"max-video-preview:-1"},"canonical":"https:\/\/www.csj-emballages.com\/pt-pt\/produit\/espanador-telescopico-de-90-cm\/","og_locale":"pt_PT","og_type":"article","og_title":"Espanador telesc\u00f3pico de 90 cm","og_description":"Espanador telesc\u00f3pico de 90 cm. Limpeza f\u00e1cil e eficaz. Gra\u00e7as \u00e0 sua pega extens\u00edvel e \u00e0s fibras electrost\u00e1ticas, recolhe o p\u00f3 sem esfor\u00e7o.","og_url":"https:\/\/www.csj-emballages.com\/pt-pt\/produit\/espanador-telescopico-de-90-cm\/","og_site_name":"CSJ Emballages","article_publisher":"https:\/\/www.facebook.com\/csjemballages","article_modified_time":"2026-04-28T00:11:39+00:00","og_image":[{"width":800,"height":800,"url":"https:\/\/www.csj-emballages.com\/wp-content\/uploads\/2024\/03\/Plumeau.webp","type":"image\/webp"}],"twitter_card":"summary_large_image","twitter_misc":{"Tempo estimado de leitura":"2 minutos"},"schema":{"@context":"https:\/\/schema.org","@graph":[{"@type":"WebPage","@id":"https:\/\/www.csj-emballages.com\/pt-pt\/produit\/espanador-telescopico-de-90-cm\/","url":"https:\/\/www.csj-emballages.com\/pt-pt\/produit\/espanador-telescopico-de-90-cm\/","name":"Espanador telesc\u00f3pico de 90 cm","isPartOf":{"@id":"https:\/\/www.csj-emballages.com\/pt-pt\/#website"},"primaryImageOfPage":{"@id":"https:\/\/www.csj-emballages.com\/pt-pt\/produit\/espanador-telescopico-de-90-cm\/#primaryimage"},"image":{"@id":"https:\/\/www.csj-emballages.com\/pt-pt\/produit\/espanador-telescopico-de-90-cm\/#primaryimage"},"thumbnailUrl":"https:\/\/www.csj-emballages.com\/wp-content\/uploads\/2024\/03\/Plumeau.webp","datePublished":"2024-03-01T15:57:38+00:00","dateModified":"2026-04-28T00:11:39+00:00","description":"Espanador telesc\u00f3pico de 90 cm. Limpeza f\u00e1cil e eficaz. Gra\u00e7as \u00e0 sua pega extens\u00edvel e \u00e0s fibras electrost\u00e1ticas, recolhe o p\u00f3 sem esfor\u00e7o.","breadcrumb":{"@id":"https:\/\/www.csj-emballages.com\/pt-pt\/produit\/espanador-telescopico-de-90-cm\/#breadcrumb"},"inLanguage":"pt-PT","potentialAction":[{"@type":"ReadAction","target":["https:\/\/www.csj-emballages.com\/pt-pt\/produit\/espanador-telescopico-de-90-cm\/"]}]},{"@type":"ImageObject","inLanguage":"pt-PT","@id":"https:\/\/www.csj-emballages.com\/pt-pt\/produit\/espanador-telescopico-de-90-cm\/#primaryimage","url":"https:\/\/www.csj-emballages.com\/wp-content\/uploads\/2024\/03\/Plumeau.webp","contentUrl":"https:\/\/www.csj-emballages.com\/wp-content\/uploads\/2024\/03\/Plumeau.webp","width":800,"height":800,"caption":"Plumeau"},{"@type":"BreadcrumbList","@id":"https:\/\/www.csj-emballages.com\/pt-pt\/produit\/espanador-telescopico-de-90-cm\/#breadcrumb","itemListElement":[{"@type":"ListItem","position":1,"name":"Acolhimento","item":"https:\/\/www.csj-emballages.com\/pt-pt\/universo-das-embalagens-alimentares\/"},{"@type":"ListItem","position":2,"name":"Shop","item":"https:\/\/www.csj-emballages.com\/shop\/"},{"@type":"ListItem","position":3,"name":"Espanador telesc\u00f3pico de 90 cm"}]},{"@type":"WebSite","@id":"https:\/\/www.csj-emballages.com\/pt-pt\/#website","url":"https:\/\/www.csj-emballages.com\/pt-pt\/","name":"CSJ Emballages","description":"","publisher":{"@id":"https:\/\/www.csj-emballages.com\/pt-pt\/#organization"},"potentialAction":[{"@type":"SearchAction","target":{"@type":"EntryPoint","urlTemplate":"https:\/\/www.csj-emballages.com\/pt-pt\/?s={search_term_string}"},"query-input":{"@type":"PropertyValueSpecification","valueRequired":true,"valueName":"search_term_string"}}],"inLanguage":"pt-PT"},{"@type":"Organization","@id":"https:\/\/www.csj-emballages.com\/pt-pt\/#Organization\/","name":"CSJ Emballages","url":"https:\/\/www.csj-emballages.com\/pt-pt\/","logo":{"@type":"ImageObject","inLanguage":"pt-PT","@id":"https:\/\/www.csj-emballages.com\/pt-pt\/#\/schema\/logo\/image\/","url":"https:\/\/www.csj-emballages.com\/wp-content\/uploads\/2023\/10\/logo_csj.webp","contentUrl":"https:\/\/www.csj-emballages.com\/wp-content\/uploads\/2023\/10\/logo_csj.webp","width":250,"height":95,"caption":"CSJ Emballages"},"image":{"@id":"https:\/\/www.csj-emballages.com\/pt-pt\/#\/schema\/logo\/image\/"},"sameAs":["https:\/\/www.facebook.com\/csjemballages"],"address":{"@type":"PostalAddress","streetAddress":"ZI La Lechere","addressLocality":"Patornay","postalCode":"39130","addressCountry":"FR"},"contactPoint":[{"@type":"ContactPoint","contactType":"Service client","telephone":"0384254272","email":"contact@csj-emballages.com"}]}]}},"df_price":2.69,"df_sale_price":"","df_regular_price":2.69,"df_image_link":"https:\/\/www.csj-emballages.com\/wp-content\/uploads\/2024\/03\/Plumeau-300x300.webp","tiered_pricing_type":"fixed","tiered_pricing_fixed_rules":[],"tiered_pricing_percentage_rules":[],"tiered_pricing_minimum":1,"tiered_pricing_roles_data":[],"_links":{"self":[{"href":"https:\/\/www.csj-emballages.com\/pt-pt\/wp-json\/wp\/v2\/product\/18679","targetHints":{"allow":["GET"]}}],"collection":[{"href":"https:\/\/www.csj-emballages.com\/pt-pt\/wp-json\/wp\/v2\/product"}],"about":[{"href":"https:\/\/www.csj-emballages.com\/pt-pt\/wp-json\/wp\/v2\/types\/product"}],"wp:featuredmedia":[{"embeddable":true,"href":"https:\/\/www.csj-emballages.com\/pt-pt\/wp-json\/wp\/v2\/media\/221062"}],"wp:attachment":[{"href":"https:\/\/www.csj-emballages.com\/pt-pt\/wp-json\/wp\/v2\/media?parent=18679"}],"wp:term":[{"taxonomy":"product_brand","embeddable":true,"href":"https:\/\/www.csj-emballages.com\/pt-pt\/wp-json\/wp\/v2\/product_brand?post=18679"},{"taxonomy":"product_cat","embeddable":true,"href":"https:\/\/www.csj-emballages.com\/pt-pt\/wp-json\/wp\/v2\/product_cat?post=18679"},{"taxonomy":"product_tag","embeddable":true,"href":"https:\/\/www.csj-emballages.com\/pt-pt\/wp-json\/wp\/v2\/product_tag?post=18679"}],"curies":[{"name":"wp","href":"https:\/\/api.w.org\/{rel}","templated":true}]}}