{"id":18673,"date":"2024-03-01T16:57:40","date_gmt":"2024-03-01T15:57:40","guid":{"rendered":"https:\/\/u15jnbdpoq.preview.infomaniak.website\/produit\/5l-de-liquido-descalcificante-para-maquinas-senet\/"},"modified":"2026-04-03T02:12:35","modified_gmt":"2026-04-03T00:12:35","slug":"5l-de-liquido-descalcificante-para-maquinas-senet","status":"publish","type":"product","link":"https:\/\/www.csj-emballages.com\/pt-pt\/produit\/5l-de-liquido-descalcificante-para-maquinas-senet\/","title":{"rendered":"M\u00e1quina de descalcifica\u00e7\u00e3o 5L"},"content":{"rendered":"<h2>M\u00e1quina de descalcifica\u00e7\u00e3o 5L<\/h2>\n<hr>\n<h3>Descri\u00e7\u00e3o do nosso descalcificador para m\u00e1quinas 5L<\/h3>\n<p><!--more--><\/p>\n<p class=\"\" data-start=\"130\" data-end=\"676\">O calc\u00e1rio \u00e9 um dos inimigos mais formid\u00e1veis das m\u00e1quinas profissionais: obstrui os circuitos, prejudica o desempenho, aumenta o consumo de energia e pode mesmo reduzir a vida \u00fatil do seu equipamento. Este potente desincrustante <strong data-start=\"406\" data-end=\"431\">para m\u00e1quinas de 5L<\/strong>, concebido para uso profissional, \u00e9 a solu\u00e7\u00e3o ideal para eliminar eficazmente os dep\u00f3sitos de calc\u00e1rio de todos os seus aparelhos: m\u00e1quinas de caf\u00e9, m\u00e1quinas de lavar lou\u00e7a, chaleiras industriais, banho-maria, m\u00e1quinas de gelo, etc. <\/p>\n<p class=\"\" data-start=\"678\" data-end=\"1073\">A sua f\u00f3rmula concentrada actua rapidamente para dissolver os res\u00edduos de calc\u00e1rio, respeitando os componentes dos seus aparelhos. F\u00e1cil de utilizar, basta diluir o produto em fun\u00e7\u00e3o do grau de calc\u00e1rio, deix\u00e1-lo atuar e depois enxaguar abundantemente. Em poucos minutos, as suas m\u00e1quinas voltam ao seu desempenho original, a sua efici\u00eancia energ\u00e9tica \u00e9 restabelecida e a sua vida \u00fatil prolongada.  <\/p>\n<p class=\"\" data-start=\"1075\" data-end=\"1403\">Ideal para <strong data-start=\"1090\" data-end=\"1105\">restaurantes<\/strong>, <strong data-start=\"1107\" data-end=\"1117\">hot\u00e9is<\/strong> e <strong data-start=\"1119\" data-end=\"1136\">autoridades locais<\/strong>, mas tamb\u00e9m para <strong data-start=\"1158\" data-end=\"1170\">artes\u00e3os<\/strong> e <strong data-start=\"1178\" data-end=\"1204\">clientes privados exigentes<\/strong>, este <strong>recipiente de 5L<\/strong> oferece um excelente desempenho: uma pequena quantidade \u00e9 tudo o que precisa para uma manuten\u00e7\u00e3o regular. N\u00e3o s\u00f3 \u00e9 uma boa rela\u00e7\u00e3o qualidade\/pre\u00e7o, como tamb\u00e9m \u00e9 bom para o ambiente, prolongando a vida \u00fatil do seu equipamento. <\/p>\n<p class=\"\" data-start=\"1405\" data-end=\"1545\">E n\u00e3o deixe que o calc\u00e1rio se acumule: com este <strong>descalcificador profissional<\/strong>, pode facilmente manter as suas m\u00e1quinas como um perito.<\/p>\n<p data-start=\"1405\" data-end=\"1545\">\n<p><!--more--><\/p>\n<h4>Vantagens:<\/h4>\n<ul>\n<li>Elimina rapidamente os dep\u00f3sitos de calc\u00e1rio.<\/li>\n<li>F\u00f3rmula concentrada e de alto rendimento.<\/li>\n<li>Compat\u00edvel com uma vasta gama de m\u00e1quinas (caf\u00e9, loi\u00e7a, etc.).<\/li>\n<li>Prolonga a vida \u00fatil do seu equipamento.<\/li>\n<li>Reduz o consumo de energia.<\/li>\n<li>Simples e eficaz de utilizar.<\/li>\n<\/ul>\n<p>&nbsp;<\/p>\n<p><!--more--><\/p>\n<h4>Instru\u00e7\u00f5es de utiliza\u00e7\u00e3o :<\/h4>\n<p>N\u00e3o utilizar a bomba doseadora de lavagem autom\u00e1tica; se necess\u00e1rio, desactiv\u00e1-la. Utilizar um desincrustante \u00e1cido dilu\u00eddo a uma taxa de 5 a 10% do volume de \u00e1gua, consoante a incrusta\u00e7\u00e3o das m\u00e1quinas. Esvaziar o reservat\u00f3rio e depois enxaguar v\u00e1rias vezes com \u00e1gua limpa. Repetir a opera\u00e7\u00e3o se necess\u00e1rio. Utilizar o desincrustante puro para m\u00e1quinas, pulverizando-o nos equipamentos de dif\u00edcil acesso. Deixar o produto atuar* at\u00e9 as incrusta\u00e7\u00f5es desaparecerem completamente e depois enxaguar bem. *Dependendo da superf\u00edcie, deixar atuar durante 30 minutos, no m\u00e1ximo. Repetir a opera\u00e7\u00e3o se necess\u00e1rio. (Para sua pr\u00f3pria prote\u00e7\u00e3o, utilizar os EPI indicados no par\u00e1grafo 8 da FDS).        <\/p>\n<p>&nbsp;<\/p>\n<p><!--more--><\/p>\n<h4>Outras informa\u00e7\u00f5es :<\/h4>\n<ul>\n<li><strong>Embalagem<\/strong>: Por unidade<\/li>\n<li><strong>Cor<\/strong>: Incolor<\/li>\n<li><strong>Volume<\/strong>: 5 litros<\/li>\n<li><strong>Utiliza\u00e7\u00e3o<\/strong>: M\u00e1quina de descalcifica\u00e7\u00e3o<\/li>\n<li><strong>pH <\/strong>: &lt;2<\/li>\n<\/ul>\n<p>&nbsp;<\/p>\n<p><!--more--><\/p>\n<p>Encontre aqui o nosso agente descalcificante para m\u00e1quinas de lavar lou\u00e7a autom\u00e1ticas, 5 litros: <span style=\"color: #d12727;\"><a style=\"color: #d12727;\" href=\"https:\/\/www.csj-emballages.com\/es\/produit\/desincrustante-para-lavavajillas-automaticos\/\">62355<\/a><\/span><\/p>\n<p>&nbsp;<\/p>\n<p><!--more--><\/p>\n<p><a href=\"https:\/\/www.csj-emballages.com\/pt-pt\/categorie-produit\/higiene-e-manutencao\/produtos-de-limpeza\/cozinha\/\">V\u00ea o resto da nossa gama de produtos de cozinha<\/a><\/p>\n","protected":false},"excerpt":{"rendered":"<p>M\u00e1quina de descalcifica\u00e7\u00e3o 5L Descri\u00e7\u00e3o do nosso descalcificador para m\u00e1quinas 5L<\/p>\n","protected":false},"featured_media":233238,"template":"","meta":{"_acf_changed":false},"product_brand":[],"product_cat":[1222,1223,1348],"product_tag":[],"class_list":{"0":"post-18673","1":"product","2":"type-product","3":"status-publish","4":"has-post-thumbnail","6":"product_cat-higiene-e-manutencao","7":"product_cat-produtos-de-limpeza","8":"product_cat-cozinha","9":"product_shipping_class-nao-e-permitido-em-reles","11":"first","12":"instock","13":"taxable","14":"shipping-taxable","15":"purchasable","16":"product-type-simple"},"acf":[],"yoast_head":"<!-- This site is optimized with the Yoast SEO Premium plugin v26.6 (Yoast SEO v26.6) - https:\/\/yoast.com\/wordpress\/plugins\/seo\/ -->\n<title>M\u00e1quina de descalcifica\u00e7\u00e3o 5L<\/title>\n<meta name=\"description\" content=\"Desincrustante para m\u00e1quinas 5L - Elimina eficazmente o calc\u00e1rio e prolonga a vida \u00fatil do seu equipamento. Ideal para m\u00e1quinas de lavar loi\u00e7a, m\u00e1quinas de caf\u00e9 e muito mais\" \/>\n<meta name=\"robots\" content=\"index, follow, max-snippet:-1, max-image-preview:large, max-video-preview:-1\" \/>\n<link rel=\"canonical\" href=\"https:\/\/www.csj-emballages.com\/pt-pt\/produit\/5l-de-liquido-descalcificante-para-maquinas-senet\/\" \/>\n<meta property=\"og:locale\" content=\"pt_PT\" \/>\n<meta property=\"og:type\" content=\"article\" \/>\n<meta property=\"og:title\" content=\"M\u00e1quina de descalcifica\u00e7\u00e3o 5L\" \/>\n<meta property=\"og:description\" content=\"Desincrustante para m\u00e1quinas 5L - Elimina eficazmente o calc\u00e1rio e prolonga a vida \u00fatil do seu equipamento. Ideal para m\u00e1quinas de lavar loi\u00e7a, m\u00e1quinas de caf\u00e9 e muito mais\" \/>\n<meta property=\"og:url\" content=\"https:\/\/www.csj-emballages.com\/pt-pt\/produit\/5l-de-liquido-descalcificante-para-maquinas-senet\/\" \/>\n<meta property=\"og:site_name\" content=\"CSJ Emballages\" \/>\n<meta property=\"article:publisher\" content=\"https:\/\/www.facebook.com\/csjemballages\" \/>\n<meta property=\"article:modified_time\" content=\"2026-04-03T00:12:35+00:00\" \/>\n<meta property=\"og:image\" content=\"https:\/\/www.csj-emballages.com\/wp-content\/uploads\/2024\/03\/62345.webp\" \/>\n\t<meta property=\"og:image:width\" content=\"800\" \/>\n\t<meta property=\"og:image:height\" content=\"800\" \/>\n\t<meta property=\"og:image:type\" content=\"image\/webp\" \/>\n<meta name=\"twitter:card\" content=\"summary_large_image\" \/>\n<meta name=\"twitter:label1\" content=\"Tempo estimado de leitura\" \/>\n\t<meta name=\"twitter:data1\" content=\"2 minutos\" \/>\n<script type=\"application\/ld+json\" class=\"yoast-schema-graph\">{\"@context\":\"https:\/\/schema.org\",\"@graph\":[{\"@type\":\"WebPage\",\"@id\":\"https:\/\/www.csj-emballages.com\/pt-pt\/produit\/5l-de-liquido-descalcificante-para-maquinas-senet\/\",\"url\":\"https:\/\/www.csj-emballages.com\/pt-pt\/produit\/5l-de-liquido-descalcificante-para-maquinas-senet\/\",\"name\":\"M\u00e1quina de descalcifica\u00e7\u00e3o 5L\",\"isPartOf\":{\"@id\":\"https:\/\/www.csj-emballages.com\/pt-pt\/#website\"},\"primaryImageOfPage\":{\"@id\":\"https:\/\/www.csj-emballages.com\/pt-pt\/produit\/5l-de-liquido-descalcificante-para-maquinas-senet\/#primaryimage\"},\"image\":{\"@id\":\"https:\/\/www.csj-emballages.com\/pt-pt\/produit\/5l-de-liquido-descalcificante-para-maquinas-senet\/#primaryimage\"},\"thumbnailUrl\":\"https:\/\/www.csj-emballages.com\/wp-content\/uploads\/2024\/03\/62345.webp\",\"datePublished\":\"2024-03-01T15:57:40+00:00\",\"dateModified\":\"2026-04-03T00:12:35+00:00\",\"description\":\"Desincrustante para m\u00e1quinas 5L - Elimina eficazmente o calc\u00e1rio e prolonga a vida \u00fatil do seu equipamento. Ideal para m\u00e1quinas de lavar loi\u00e7a, m\u00e1quinas de caf\u00e9 e muito mais\",\"breadcrumb\":{\"@id\":\"https:\/\/www.csj-emballages.com\/pt-pt\/produit\/5l-de-liquido-descalcificante-para-maquinas-senet\/#breadcrumb\"},\"inLanguage\":\"pt-PT\",\"potentialAction\":[{\"@type\":\"ReadAction\",\"target\":[\"https:\/\/www.csj-emballages.com\/pt-pt\/produit\/5l-de-liquido-descalcificante-para-maquinas-senet\/\"]}]},{\"@type\":\"ImageObject\",\"inLanguage\":\"pt-PT\",\"@id\":\"https:\/\/www.csj-emballages.com\/pt-pt\/produit\/5l-de-liquido-descalcificante-para-maquinas-senet\/#primaryimage\",\"url\":\"https:\/\/www.csj-emballages.com\/wp-content\/uploads\/2024\/03\/62345.webp\",\"contentUrl\":\"https:\/\/www.csj-emballages.com\/wp-content\/uploads\/2024\/03\/62345.webp\",\"width\":800,\"height\":800,\"caption\":\"D\u00e9tartrant machine 5L\"},{\"@type\":\"BreadcrumbList\",\"@id\":\"https:\/\/www.csj-emballages.com\/pt-pt\/produit\/5l-de-liquido-descalcificante-para-maquinas-senet\/#breadcrumb\",\"itemListElement\":[{\"@type\":\"ListItem\",\"position\":1,\"name\":\"Acolhimento\",\"item\":\"https:\/\/www.csj-emballages.com\/pt-pt\/universo-das-embalagens-alimentares\/\"},{\"@type\":\"ListItem\",\"position\":2,\"name\":\"Shop\",\"item\":\"https:\/\/www.csj-emballages.com\/shop\/\"},{\"@type\":\"ListItem\",\"position\":3,\"name\":\"M\u00e1quina de descalcifica\u00e7\u00e3o 5L\"}]},{\"@type\":\"WebSite\",\"@id\":\"https:\/\/www.csj-emballages.com\/pt-pt\/#website\",\"url\":\"https:\/\/www.csj-emballages.com\/pt-pt\/\",\"name\":\"CSJ Emballages\",\"description\":\"\",\"publisher\":{\"@id\":\"https:\/\/www.csj-emballages.com\/pt-pt\/#organization\"},\"potentialAction\":[{\"@type\":\"SearchAction\",\"target\":{\"@type\":\"EntryPoint\",\"urlTemplate\":\"https:\/\/www.csj-emballages.com\/pt-pt\/?s={search_term_string}\"},\"query-input\":{\"@type\":\"PropertyValueSpecification\",\"valueRequired\":true,\"valueName\":\"search_term_string\"}}],\"inLanguage\":\"pt-PT\"},{\"@type\":\"Organization\",\"@id\":\"https:\/\/www.csj-emballages.com\/pt-pt\/#Organization\/\",\"name\":\"CSJ Emballages\",\"url\":\"https:\/\/www.csj-emballages.com\/pt-pt\/\",\"logo\":{\"@type\":\"ImageObject\",\"inLanguage\":\"pt-PT\",\"@id\":\"https:\/\/www.csj-emballages.com\/pt-pt\/#\/schema\/logo\/image\/\",\"url\":\"https:\/\/www.csj-emballages.com\/wp-content\/uploads\/2023\/10\/logo_csj.webp\",\"contentUrl\":\"https:\/\/www.csj-emballages.com\/wp-content\/uploads\/2023\/10\/logo_csj.webp\",\"width\":250,\"height\":95,\"caption\":\"CSJ Emballages\"},\"image\":{\"@id\":\"https:\/\/www.csj-emballages.com\/pt-pt\/#\/schema\/logo\/image\/\"},\"sameAs\":[\"https:\/\/www.facebook.com\/csjemballages\"],\"address\":{\"@type\":\"PostalAddress\",\"streetAddress\":\"ZI La Lechere\",\"addressLocality\":\"Patornay\",\"postalCode\":\"39130\",\"addressCountry\":\"FR\"},\"contactPoint\":[{\"@type\":\"ContactPoint\",\"contactType\":\"Service client\",\"telephone\":\"0384254272\",\"email\":\"contact@csj-emballages.com\"}]}]}<\/script>\n<!-- \/ Yoast SEO Premium plugin. -->","yoast_head_json":{"title":"M\u00e1quina de descalcifica\u00e7\u00e3o 5L","description":"Desincrustante para m\u00e1quinas 5L - Elimina eficazmente o calc\u00e1rio e prolonga a vida \u00fatil do seu equipamento. Ideal para m\u00e1quinas de lavar loi\u00e7a, m\u00e1quinas de caf\u00e9 e muito mais","robots":{"index":"index","follow":"follow","max-snippet":"max-snippet:-1","max-image-preview":"max-image-preview:large","max-video-preview":"max-video-preview:-1"},"canonical":"https:\/\/www.csj-emballages.com\/pt-pt\/produit\/5l-de-liquido-descalcificante-para-maquinas-senet\/","og_locale":"pt_PT","og_type":"article","og_title":"M\u00e1quina de descalcifica\u00e7\u00e3o 5L","og_description":"Desincrustante para m\u00e1quinas 5L - Elimina eficazmente o calc\u00e1rio e prolonga a vida \u00fatil do seu equipamento. Ideal para m\u00e1quinas de lavar loi\u00e7a, m\u00e1quinas de caf\u00e9 e muito mais","og_url":"https:\/\/www.csj-emballages.com\/pt-pt\/produit\/5l-de-liquido-descalcificante-para-maquinas-senet\/","og_site_name":"CSJ Emballages","article_publisher":"https:\/\/www.facebook.com\/csjemballages","article_modified_time":"2026-04-03T00:12:35+00:00","og_image":[{"width":800,"height":800,"url":"https:\/\/www.csj-emballages.com\/wp-content\/uploads\/2024\/03\/62345.webp","type":"image\/webp"}],"twitter_card":"summary_large_image","twitter_misc":{"Tempo estimado de leitura":"2 minutos"},"schema":{"@context":"https:\/\/schema.org","@graph":[{"@type":"WebPage","@id":"https:\/\/www.csj-emballages.com\/pt-pt\/produit\/5l-de-liquido-descalcificante-para-maquinas-senet\/","url":"https:\/\/www.csj-emballages.com\/pt-pt\/produit\/5l-de-liquido-descalcificante-para-maquinas-senet\/","name":"M\u00e1quina de descalcifica\u00e7\u00e3o 5L","isPartOf":{"@id":"https:\/\/www.csj-emballages.com\/pt-pt\/#website"},"primaryImageOfPage":{"@id":"https:\/\/www.csj-emballages.com\/pt-pt\/produit\/5l-de-liquido-descalcificante-para-maquinas-senet\/#primaryimage"},"image":{"@id":"https:\/\/www.csj-emballages.com\/pt-pt\/produit\/5l-de-liquido-descalcificante-para-maquinas-senet\/#primaryimage"},"thumbnailUrl":"https:\/\/www.csj-emballages.com\/wp-content\/uploads\/2024\/03\/62345.webp","datePublished":"2024-03-01T15:57:40+00:00","dateModified":"2026-04-03T00:12:35+00:00","description":"Desincrustante para m\u00e1quinas 5L - Elimina eficazmente o calc\u00e1rio e prolonga a vida \u00fatil do seu equipamento. Ideal para m\u00e1quinas de lavar loi\u00e7a, m\u00e1quinas de caf\u00e9 e muito mais","breadcrumb":{"@id":"https:\/\/www.csj-emballages.com\/pt-pt\/produit\/5l-de-liquido-descalcificante-para-maquinas-senet\/#breadcrumb"},"inLanguage":"pt-PT","potentialAction":[{"@type":"ReadAction","target":["https:\/\/www.csj-emballages.com\/pt-pt\/produit\/5l-de-liquido-descalcificante-para-maquinas-senet\/"]}]},{"@type":"ImageObject","inLanguage":"pt-PT","@id":"https:\/\/www.csj-emballages.com\/pt-pt\/produit\/5l-de-liquido-descalcificante-para-maquinas-senet\/#primaryimage","url":"https:\/\/www.csj-emballages.com\/wp-content\/uploads\/2024\/03\/62345.webp","contentUrl":"https:\/\/www.csj-emballages.com\/wp-content\/uploads\/2024\/03\/62345.webp","width":800,"height":800,"caption":"D\u00e9tartrant machine 5L"},{"@type":"BreadcrumbList","@id":"https:\/\/www.csj-emballages.com\/pt-pt\/produit\/5l-de-liquido-descalcificante-para-maquinas-senet\/#breadcrumb","itemListElement":[{"@type":"ListItem","position":1,"name":"Acolhimento","item":"https:\/\/www.csj-emballages.com\/pt-pt\/universo-das-embalagens-alimentares\/"},{"@type":"ListItem","position":2,"name":"Shop","item":"https:\/\/www.csj-emballages.com\/shop\/"},{"@type":"ListItem","position":3,"name":"M\u00e1quina de descalcifica\u00e7\u00e3o 5L"}]},{"@type":"WebSite","@id":"https:\/\/www.csj-emballages.com\/pt-pt\/#website","url":"https:\/\/www.csj-emballages.com\/pt-pt\/","name":"CSJ Emballages","description":"","publisher":{"@id":"https:\/\/www.csj-emballages.com\/pt-pt\/#organization"},"potentialAction":[{"@type":"SearchAction","target":{"@type":"EntryPoint","urlTemplate":"https:\/\/www.csj-emballages.com\/pt-pt\/?s={search_term_string}"},"query-input":{"@type":"PropertyValueSpecification","valueRequired":true,"valueName":"search_term_string"}}],"inLanguage":"pt-PT"},{"@type":"Organization","@id":"https:\/\/www.csj-emballages.com\/pt-pt\/#Organization\/","name":"CSJ Emballages","url":"https:\/\/www.csj-emballages.com\/pt-pt\/","logo":{"@type":"ImageObject","inLanguage":"pt-PT","@id":"https:\/\/www.csj-emballages.com\/pt-pt\/#\/schema\/logo\/image\/","url":"https:\/\/www.csj-emballages.com\/wp-content\/uploads\/2023\/10\/logo_csj.webp","contentUrl":"https:\/\/www.csj-emballages.com\/wp-content\/uploads\/2023\/10\/logo_csj.webp","width":250,"height":95,"caption":"CSJ Emballages"},"image":{"@id":"https:\/\/www.csj-emballages.com\/pt-pt\/#\/schema\/logo\/image\/"},"sameAs":["https:\/\/www.facebook.com\/csjemballages"],"address":{"@type":"PostalAddress","streetAddress":"ZI La Lechere","addressLocality":"Patornay","postalCode":"39130","addressCountry":"FR"},"contactPoint":[{"@type":"ContactPoint","contactType":"Service client","telephone":"0384254272","email":"contact@csj-emballages.com"}]}]}},"df_price":14.84,"df_sale_price":"","df_regular_price":14.84,"df_image_link":"https:\/\/www.csj-emballages.com\/wp-content\/uploads\/2024\/03\/62345-300x300.webp","tiered_pricing_type":"fixed","tiered_pricing_fixed_rules":[],"tiered_pricing_percentage_rules":[],"tiered_pricing_minimum":1,"tiered_pricing_roles_data":[],"_links":{"self":[{"href":"https:\/\/www.csj-emballages.com\/pt-pt\/wp-json\/wp\/v2\/product\/18673","targetHints":{"allow":["GET"]}}],"collection":[{"href":"https:\/\/www.csj-emballages.com\/pt-pt\/wp-json\/wp\/v2\/product"}],"about":[{"href":"https:\/\/www.csj-emballages.com\/pt-pt\/wp-json\/wp\/v2\/types\/product"}],"wp:featuredmedia":[{"embeddable":true,"href":"https:\/\/www.csj-emballages.com\/pt-pt\/wp-json\/wp\/v2\/media\/233238"}],"wp:attachment":[{"href":"https:\/\/www.csj-emballages.com\/pt-pt\/wp-json\/wp\/v2\/media?parent=18673"}],"wp:term":[{"taxonomy":"product_brand","embeddable":true,"href":"https:\/\/www.csj-emballages.com\/pt-pt\/wp-json\/wp\/v2\/product_brand?post=18673"},{"taxonomy":"product_cat","embeddable":true,"href":"https:\/\/www.csj-emballages.com\/pt-pt\/wp-json\/wp\/v2\/product_cat?post=18673"},{"taxonomy":"product_tag","embeddable":true,"href":"https:\/\/www.csj-emballages.com\/pt-pt\/wp-json\/wp\/v2\/product_tag?post=18673"}],"curies":[{"name":"wp","href":"https:\/\/api.w.org\/{rel}","templated":true}]}}