{"id":18660,"date":"2024-03-01T16:57:40","date_gmt":"2024-03-01T15:57:40","guid":{"rendered":"https:\/\/u15jnbdpoq.preview.infomaniak.website\/produit\/spray-desengordurante-para-remocao-de-tinta-750-ml\/"},"modified":"2026-03-12T16:09:08","modified_gmt":"2026-03-12T15:09:08","slug":"spray-desengordurante-para-remocao-de-tinta-750-ml","status":"publish","type":"product","link":"https:\/\/www.csj-emballages.com\/pt-pt\/produit\/spray-desengordurante-para-remocao-de-tinta-750-ml\/","title":{"rendered":"Spray desengordurante para remo\u00e7\u00e3o de tinta 750 ml"},"content":{"rendered":"<h2>Spray desengordurante<\/h2>\n<hr>\n<h3>Descri\u00e7\u00e3o do nosso spray removedor de tinta 750 ml<\/h3>\n<p><!--more--><\/p>\n<p class=\"\" data-start=\"151\" data-end=\"505\">Procura uma solu\u00e7\u00e3o r\u00e1pida, eficaz e vers\u00e1til para remover <strong>manchas de tinta<\/strong> e <strong>gordura<\/strong>? Ent\u00e3o, este <strong data-start=\"262\" data-end=\"310\">Spray Desengordurante Removedor de Tinta de 750 ml<\/strong> \u00e9 o produto ideal para si. Gra\u00e7as \u00e0 sua f\u00f3rmula potente, este produto <strong>de limpeza<\/strong> actua em profundidade para remover sujidade entranhada, como tinta de caneta e marcador e manchas de gordura.  <\/p>\n<p class=\"\" data-start=\"507\" data-end=\"936\">Este produto profissional foi concebido para responder \u00e0s exig\u00eancias de ambientes sens\u00edveis como a ind\u00fastria alimentar, mas \u00e9 suficientemente vers\u00e1til para ser utilizado noutros ambientes: oficinas, escrit\u00f3rios, cozinhas e escolas. Quer se trate de superf\u00edcies duras (a\u00e7o inoxid\u00e1vel, pl\u00e1stico, azulejos, etc.) ou de certos t\u00eaxteis resistentes, elimina as n\u00f3doas sem falhas e devolve o brilho \u00e0s suas superf\u00edcies. <\/p>\n<p class=\"\" data-start=\"938\" data-end=\"1165\">O seu formato de <strong>spray de 750 ml<\/strong> permite-lhe aplic\u00e1-lo rapidamente, sem desperdi\u00e7ar qualquer produto. \u00c9 um produto essencial para ter \u00e0 m\u00e3o para lidar eficazmente com pequenos acidentes quotidianos ou com limpezas mais intensivas. <\/p>\n<p class=\"\" data-start=\"1167\" data-end=\"1294\">Recomendado para profissionais que procuram uma m\u00e1quina de limpeza fi\u00e1vel, sem comprometer a efic\u00e1cia ou a seguran\u00e7a.<\/p>\n<p>&nbsp;<\/p>\n<p><!--more--><\/p>\n<h4>Vantagens:<\/h4>\n<ul>\n<li>Elimina eficazmente manchas de tinta (caneta, marcador, etc.) e de gordura.<\/li>\n<li>Pode ser utilizado em superf\u00edcies duras e em determinados t\u00eaxteis.<\/li>\n<li>F\u00f3rmula potente e de a\u00e7\u00e3o r\u00e1pida.<\/li>\n<li>Compat\u00edvel com a ind\u00fastria alimentar.<\/li>\n<li>F\u00e1cil de aplicar gra\u00e7as ao seu formato em spray.<\/li>\n<\/ul>\n<p>&nbsp;<\/p>\n<p><!--more--><\/p>\n<h4>Outras informa\u00e7\u00f5es :<\/h4>\n<ul>\n<li><strong>Embalagem<\/strong>: Por unidade<\/li>\n<li><strong>Utiliza\u00e7\u00e3o<\/strong>: Eliminador de tinta<\/li>\n<li><strong>Volume<\/strong>: 750 ml<\/li>\n<li><strong>pH<\/strong>: 13,0<\/li>\n<li><strong>Densidade<\/strong> (20\u00baC): 0,99 gr\/cc<\/li>\n<\/ul>\n<p>&nbsp;<\/p>\n<p><!--more--><\/p>\n<p class=\"woocommerce-loop-product__title\">Encontre aqui o nosso spray desengordurante desinfetante de 750 ml: <span style=\"color: #d12727;\"><a style=\"color: #d12727;\" href=\"https:\/\/www.csj-emballages.com\/es\/produit\/desinfectante-desengrasante-spray-750ml\/\">0711750<\/a><\/span><\/p>\n<p>&nbsp;<\/p>\n<p><!--more--><\/p>\n<p><a href=\"https:\/\/www.csj-emballages.com\/pt-pt\/categorie-produit\/higiene-e-manutencao\/produtos-de-limpeza\/creche-sala-de-espera\/\">V\u00ea o resto da nossa gama de produtos de limpeza para creches \/ salas de espera  <\/a><\/p>\n","protected":false},"excerpt":{"rendered":"<p>Spray desengordurante Descri\u00e7\u00e3o do nosso spray removedor de tinta 750 ml<\/p>\n","protected":false},"featured_media":222112,"template":"","meta":{"_acf_changed":false},"product_brand":[],"product_cat":[1222,1223,1411,1903,1904],"product_tag":[],"class_list":{"0":"post-18660","1":"product","2":"type-product","3":"status-publish","4":"has-post-thumbnail","6":"product_cat-higiene-e-manutencao","7":"product_cat-produtos-de-limpeza","8":"product_cat-creche-sala-de-espera","9":"product_cat-manutencao-de-vidros-paredes","10":"product_cat-manutencao-de-paredes","12":"first","13":"instock","14":"taxable","15":"shipping-taxable","16":"purchasable","17":"product-type-simple"},"acf":[],"yoast_head":"<!-- This site is optimized with the Yoast SEO Premium plugin v26.6 (Yoast SEO v26.6) - https:\/\/yoast.com\/wordpress\/plugins\/seo\/ -->\n<title>Spray desengordurante removedor de tinta 750 ml<\/title>\n<meta name=\"description\" content=\"Descobre o Spray Desengordurante Removedor de Tinta 750 ml, uma solu\u00e7\u00e3o eficaz para remover tinta e gordura dif\u00edceis.\" \/>\n<meta name=\"robots\" content=\"index, follow, max-snippet:-1, max-image-preview:large, max-video-preview:-1\" \/>\n<link rel=\"canonical\" href=\"https:\/\/www.csj-emballages.com\/pt-pt\/produit\/spray-desengordurante-para-remocao-de-tinta-750-ml\/\" \/>\n<meta property=\"og:locale\" content=\"pt_PT\" \/>\n<meta property=\"og:type\" content=\"article\" \/>\n<meta property=\"og:title\" content=\"Spray desengordurante para remo\u00e7\u00e3o de tinta 750 ml\" \/>\n<meta property=\"og:description\" content=\"Descobre o Spray Desengordurante Removedor de Tinta 750 ml, uma solu\u00e7\u00e3o eficaz para remover tinta e gordura dif\u00edceis.\" \/>\n<meta property=\"og:url\" content=\"https:\/\/www.csj-emballages.com\/pt-pt\/produit\/spray-desengordurante-para-remocao-de-tinta-750-ml\/\" \/>\n<meta property=\"og:site_name\" content=\"CSJ Emballages\" \/>\n<meta property=\"article:publisher\" content=\"https:\/\/www.facebook.com\/csjemballages\" \/>\n<meta property=\"article:modified_time\" content=\"2026-03-12T15:09:08+00:00\" \/>\n<meta property=\"og:image\" content=\"https:\/\/www.csj-emballages.com\/wp-content\/uploads\/2024\/03\/Spray-tache.webp\" \/>\n\t<meta property=\"og:image:width\" content=\"800\" \/>\n\t<meta property=\"og:image:height\" content=\"800\" \/>\n\t<meta property=\"og:image:type\" content=\"image\/webp\" \/>\n<meta name=\"twitter:card\" content=\"summary_large_image\" \/>\n<meta name=\"twitter:label1\" content=\"Tempo estimado de leitura\" \/>\n\t<meta name=\"twitter:data1\" content=\"1 minuto\" \/>\n<script type=\"application\/ld+json\" class=\"yoast-schema-graph\">{\"@context\":\"https:\/\/schema.org\",\"@graph\":[{\"@type\":\"WebPage\",\"@id\":\"https:\/\/www.csj-emballages.com\/pt-pt\/produit\/spray-desengordurante-para-remocao-de-tinta-750-ml\/\",\"url\":\"https:\/\/www.csj-emballages.com\/pt-pt\/produit\/spray-desengordurante-para-remocao-de-tinta-750-ml\/\",\"name\":\"Spray desengordurante removedor de tinta 750 ml\",\"isPartOf\":{\"@id\":\"https:\/\/www.csj-emballages.com\/pt-pt\/#website\"},\"primaryImageOfPage\":{\"@id\":\"https:\/\/www.csj-emballages.com\/pt-pt\/produit\/spray-desengordurante-para-remocao-de-tinta-750-ml\/#primaryimage\"},\"image\":{\"@id\":\"https:\/\/www.csj-emballages.com\/pt-pt\/produit\/spray-desengordurante-para-remocao-de-tinta-750-ml\/#primaryimage\"},\"thumbnailUrl\":\"https:\/\/www.csj-emballages.com\/wp-content\/uploads\/2024\/03\/Spray-tache.webp\",\"datePublished\":\"2024-03-01T15:57:40+00:00\",\"dateModified\":\"2026-03-12T15:09:08+00:00\",\"description\":\"Descobre o Spray Desengordurante Removedor de Tinta 750 ml, uma solu\u00e7\u00e3o eficaz para remover tinta e gordura dif\u00edceis.\",\"breadcrumb\":{\"@id\":\"https:\/\/www.csj-emballages.com\/pt-pt\/produit\/spray-desengordurante-para-remocao-de-tinta-750-ml\/#breadcrumb\"},\"inLanguage\":\"pt-PT\",\"potentialAction\":[{\"@type\":\"ReadAction\",\"target\":[\"https:\/\/www.csj-emballages.com\/pt-pt\/produit\/spray-desengordurante-para-remocao-de-tinta-750-ml\/\"]}]},{\"@type\":\"ImageObject\",\"inLanguage\":\"pt-PT\",\"@id\":\"https:\/\/www.csj-emballages.com\/pt-pt\/produit\/spray-desengordurante-para-remocao-de-tinta-750-ml\/#primaryimage\",\"url\":\"https:\/\/www.csj-emballages.com\/wp-content\/uploads\/2024\/03\/Spray-tache.webp\",\"contentUrl\":\"https:\/\/www.csj-emballages.com\/wp-content\/uploads\/2024\/03\/Spray-tache.webp\",\"width\":800,\"height\":800,\"caption\":\"Spray d\u00e9graissant\"},{\"@type\":\"BreadcrumbList\",\"@id\":\"https:\/\/www.csj-emballages.com\/pt-pt\/produit\/spray-desengordurante-para-remocao-de-tinta-750-ml\/#breadcrumb\",\"itemListElement\":[{\"@type\":\"ListItem\",\"position\":1,\"name\":\"Acolhimento\",\"item\":\"https:\/\/www.csj-emballages.com\/pt-pt\/universo-das-embalagens-alimentares\/\"},{\"@type\":\"ListItem\",\"position\":2,\"name\":\"Shop\",\"item\":\"https:\/\/www.csj-emballages.com\/shop\/\"},{\"@type\":\"ListItem\",\"position\":3,\"name\":\"Spray desengordurante para remo\u00e7\u00e3o de tinta 750 ml\"}]},{\"@type\":\"WebSite\",\"@id\":\"https:\/\/www.csj-emballages.com\/pt-pt\/#website\",\"url\":\"https:\/\/www.csj-emballages.com\/pt-pt\/\",\"name\":\"CSJ Emballages\",\"description\":\"\",\"publisher\":{\"@id\":\"https:\/\/www.csj-emballages.com\/pt-pt\/#organization\"},\"potentialAction\":[{\"@type\":\"SearchAction\",\"target\":{\"@type\":\"EntryPoint\",\"urlTemplate\":\"https:\/\/www.csj-emballages.com\/pt-pt\/?s={search_term_string}\"},\"query-input\":{\"@type\":\"PropertyValueSpecification\",\"valueRequired\":true,\"valueName\":\"search_term_string\"}}],\"inLanguage\":\"pt-PT\"},{\"@type\":\"Organization\",\"@id\":\"https:\/\/www.csj-emballages.com\/pt-pt\/#Organization\/\",\"name\":\"CSJ Emballages\",\"url\":\"https:\/\/www.csj-emballages.com\/pt-pt\/\",\"logo\":{\"@type\":\"ImageObject\",\"inLanguage\":\"pt-PT\",\"@id\":\"https:\/\/www.csj-emballages.com\/pt-pt\/#\/schema\/logo\/image\/\",\"url\":\"https:\/\/www.csj-emballages.com\/wp-content\/uploads\/2023\/10\/logo_csj.webp\",\"contentUrl\":\"https:\/\/www.csj-emballages.com\/wp-content\/uploads\/2023\/10\/logo_csj.webp\",\"width\":250,\"height\":95,\"caption\":\"CSJ Emballages\"},\"image\":{\"@id\":\"https:\/\/www.csj-emballages.com\/pt-pt\/#\/schema\/logo\/image\/\"},\"sameAs\":[\"https:\/\/www.facebook.com\/csjemballages\"],\"address\":{\"@type\":\"PostalAddress\",\"streetAddress\":\"ZI La Lechere\",\"addressLocality\":\"Patornay\",\"postalCode\":\"39130\",\"addressCountry\":\"FR\"},\"contactPoint\":[{\"@type\":\"ContactPoint\",\"contactType\":\"Service client\",\"telephone\":\"0384254272\",\"email\":\"contact@csj-emballages.com\"}]}]}<\/script>\n<!-- \/ Yoast SEO Premium plugin. -->","yoast_head_json":{"title":"Spray desengordurante removedor de tinta 750 ml","description":"Descobre o Spray Desengordurante Removedor de Tinta 750 ml, uma solu\u00e7\u00e3o eficaz para remover tinta e gordura dif\u00edceis.","robots":{"index":"index","follow":"follow","max-snippet":"max-snippet:-1","max-image-preview":"max-image-preview:large","max-video-preview":"max-video-preview:-1"},"canonical":"https:\/\/www.csj-emballages.com\/pt-pt\/produit\/spray-desengordurante-para-remocao-de-tinta-750-ml\/","og_locale":"pt_PT","og_type":"article","og_title":"Spray desengordurante para remo\u00e7\u00e3o de tinta 750 ml","og_description":"Descobre o Spray Desengordurante Removedor de Tinta 750 ml, uma solu\u00e7\u00e3o eficaz para remover tinta e gordura dif\u00edceis.","og_url":"https:\/\/www.csj-emballages.com\/pt-pt\/produit\/spray-desengordurante-para-remocao-de-tinta-750-ml\/","og_site_name":"CSJ Emballages","article_publisher":"https:\/\/www.facebook.com\/csjemballages","article_modified_time":"2026-03-12T15:09:08+00:00","og_image":[{"width":800,"height":800,"url":"https:\/\/www.csj-emballages.com\/wp-content\/uploads\/2024\/03\/Spray-tache.webp","type":"image\/webp"}],"twitter_card":"summary_large_image","twitter_misc":{"Tempo estimado de leitura":"1 minuto"},"schema":{"@context":"https:\/\/schema.org","@graph":[{"@type":"WebPage","@id":"https:\/\/www.csj-emballages.com\/pt-pt\/produit\/spray-desengordurante-para-remocao-de-tinta-750-ml\/","url":"https:\/\/www.csj-emballages.com\/pt-pt\/produit\/spray-desengordurante-para-remocao-de-tinta-750-ml\/","name":"Spray desengordurante removedor de tinta 750 ml","isPartOf":{"@id":"https:\/\/www.csj-emballages.com\/pt-pt\/#website"},"primaryImageOfPage":{"@id":"https:\/\/www.csj-emballages.com\/pt-pt\/produit\/spray-desengordurante-para-remocao-de-tinta-750-ml\/#primaryimage"},"image":{"@id":"https:\/\/www.csj-emballages.com\/pt-pt\/produit\/spray-desengordurante-para-remocao-de-tinta-750-ml\/#primaryimage"},"thumbnailUrl":"https:\/\/www.csj-emballages.com\/wp-content\/uploads\/2024\/03\/Spray-tache.webp","datePublished":"2024-03-01T15:57:40+00:00","dateModified":"2026-03-12T15:09:08+00:00","description":"Descobre o Spray Desengordurante Removedor de Tinta 750 ml, uma solu\u00e7\u00e3o eficaz para remover tinta e gordura dif\u00edceis.","breadcrumb":{"@id":"https:\/\/www.csj-emballages.com\/pt-pt\/produit\/spray-desengordurante-para-remocao-de-tinta-750-ml\/#breadcrumb"},"inLanguage":"pt-PT","potentialAction":[{"@type":"ReadAction","target":["https:\/\/www.csj-emballages.com\/pt-pt\/produit\/spray-desengordurante-para-remocao-de-tinta-750-ml\/"]}]},{"@type":"ImageObject","inLanguage":"pt-PT","@id":"https:\/\/www.csj-emballages.com\/pt-pt\/produit\/spray-desengordurante-para-remocao-de-tinta-750-ml\/#primaryimage","url":"https:\/\/www.csj-emballages.com\/wp-content\/uploads\/2024\/03\/Spray-tache.webp","contentUrl":"https:\/\/www.csj-emballages.com\/wp-content\/uploads\/2024\/03\/Spray-tache.webp","width":800,"height":800,"caption":"Spray d\u00e9graissant"},{"@type":"BreadcrumbList","@id":"https:\/\/www.csj-emballages.com\/pt-pt\/produit\/spray-desengordurante-para-remocao-de-tinta-750-ml\/#breadcrumb","itemListElement":[{"@type":"ListItem","position":1,"name":"Acolhimento","item":"https:\/\/www.csj-emballages.com\/pt-pt\/universo-das-embalagens-alimentares\/"},{"@type":"ListItem","position":2,"name":"Shop","item":"https:\/\/www.csj-emballages.com\/shop\/"},{"@type":"ListItem","position":3,"name":"Spray desengordurante para remo\u00e7\u00e3o de tinta 750 ml"}]},{"@type":"WebSite","@id":"https:\/\/www.csj-emballages.com\/pt-pt\/#website","url":"https:\/\/www.csj-emballages.com\/pt-pt\/","name":"CSJ Emballages","description":"","publisher":{"@id":"https:\/\/www.csj-emballages.com\/pt-pt\/#organization"},"potentialAction":[{"@type":"SearchAction","target":{"@type":"EntryPoint","urlTemplate":"https:\/\/www.csj-emballages.com\/pt-pt\/?s={search_term_string}"},"query-input":{"@type":"PropertyValueSpecification","valueRequired":true,"valueName":"search_term_string"}}],"inLanguage":"pt-PT"},{"@type":"Organization","@id":"https:\/\/www.csj-emballages.com\/pt-pt\/#Organization\/","name":"CSJ Emballages","url":"https:\/\/www.csj-emballages.com\/pt-pt\/","logo":{"@type":"ImageObject","inLanguage":"pt-PT","@id":"https:\/\/www.csj-emballages.com\/pt-pt\/#\/schema\/logo\/image\/","url":"https:\/\/www.csj-emballages.com\/wp-content\/uploads\/2023\/10\/logo_csj.webp","contentUrl":"https:\/\/www.csj-emballages.com\/wp-content\/uploads\/2023\/10\/logo_csj.webp","width":250,"height":95,"caption":"CSJ Emballages"},"image":{"@id":"https:\/\/www.csj-emballages.com\/pt-pt\/#\/schema\/logo\/image\/"},"sameAs":["https:\/\/www.facebook.com\/csjemballages"],"address":{"@type":"PostalAddress","streetAddress":"ZI La Lechere","addressLocality":"Patornay","postalCode":"39130","addressCountry":"FR"},"contactPoint":[{"@type":"ContactPoint","contactType":"Service client","telephone":"0384254272","email":"contact@csj-emballages.com"}]}]}},"df_price":4.08,"df_sale_price":"","df_regular_price":4.08,"df_image_link":"https:\/\/www.csj-emballages.com\/wp-content\/uploads\/2024\/03\/Spray-tache-300x300.webp","tiered_pricing_type":"fixed","tiered_pricing_fixed_rules":[],"tiered_pricing_percentage_rules":[],"tiered_pricing_minimum":1,"tiered_pricing_roles_data":[],"_links":{"self":[{"href":"https:\/\/www.csj-emballages.com\/pt-pt\/wp-json\/wp\/v2\/product\/18660","targetHints":{"allow":["GET"]}}],"collection":[{"href":"https:\/\/www.csj-emballages.com\/pt-pt\/wp-json\/wp\/v2\/product"}],"about":[{"href":"https:\/\/www.csj-emballages.com\/pt-pt\/wp-json\/wp\/v2\/types\/product"}],"wp:featuredmedia":[{"embeddable":true,"href":"https:\/\/www.csj-emballages.com\/pt-pt\/wp-json\/wp\/v2\/media\/222112"}],"wp:attachment":[{"href":"https:\/\/www.csj-emballages.com\/pt-pt\/wp-json\/wp\/v2\/media?parent=18660"}],"wp:term":[{"taxonomy":"product_brand","embeddable":true,"href":"https:\/\/www.csj-emballages.com\/pt-pt\/wp-json\/wp\/v2\/product_brand?post=18660"},{"taxonomy":"product_cat","embeddable":true,"href":"https:\/\/www.csj-emballages.com\/pt-pt\/wp-json\/wp\/v2\/product_cat?post=18660"},{"taxonomy":"product_tag","embeddable":true,"href":"https:\/\/www.csj-emballages.com\/pt-pt\/wp-json\/wp\/v2\/product_tag?post=18660"}],"curies":[{"name":"wp","href":"https:\/\/api.w.org\/{rel}","templated":true}]}}