{"id":18638,"date":"2024-03-01T16:57:41","date_gmt":"2024-03-01T15:57:41","guid":{"rendered":"https:\/\/u15jnbdpoq.preview.infomaniak.website\/produit\/descalcificador-de-agua-adriatica-fleck-5600-valvula-volumetrica\/"},"modified":"2025-09-24T02:12:00","modified_gmt":"2025-09-24T00:12:00","slug":"descalcificador-de-agua-adriatica-fleck-5600-valvula-volumetrica","status":"publish","type":"product","link":"https:\/\/www.csj-emballages.com\/pt-pt\/produit\/descalcificador-de-agua-adriatica-fleck-5600-valvula-volumetrica\/","title":{"rendered":"Descalcificador de \u00e1gua Adriatica fleck 5600 v\u00e1lvula volum\u00e9trica"},"content":{"rendered":"<p><span>Descri\u00e7\u00e3o<\/span><\/p>\n<p><span>AMACIADOR ELYSEE &#8211; FLECK 5600\/1600 V\u00c1LVULA VOLUM\u00c9TRICA COMPLETA<\/span><\/p>\n<p><span>Monobloco ADRIATICA GRAND<\/span><\/p>\n<p><span>amaciador adriatica blue bonnet<\/span><\/p>\n<p><span>Garrafas: 8 x 35<\/span><\/p>\n<p><span>quantidade de resinas<\/span><\/p>\n<p><span>Desvio<\/span><\/p>\n<p><span>Dupla seguran\u00e7a<\/span><\/p>\n<p><span>mistura<\/span><\/p>\n<p><span>&nbsp;<\/span><\/p>\n","protected":false},"excerpt":{"rendered":"<p>Descri\u00e7\u00e3o AMACIADOR ELYSEE &#8211; FLECK 5600\/1600 V\u00c1LVULA VOLUM\u00c9TRICA COMPLETA Monobloco ADRIATICA GRAND amaciador adriatica blue bonnet Garrafas: 8 x 35 quantidade de resinas Desvio Dupla seguran\u00e7a mistura &nbsp;<\/p>\n","protected":false},"featured_media":6492,"template":"","meta":{"_acf_changed":false},"product_brand":[],"product_cat":[1222,1333,1897],"product_tag":[],"class_list":{"0":"post-18638","1":"product","2":"type-product","3":"status-publish","4":"has-post-thumbnail","6":"product_cat-higiene-e-manutencao","7":"product_cat-tratamento-da-agua","8":"product_cat-tratamento-da-agua-pt-pt","10":"first","11":"instock","12":"taxable","13":"shipping-taxable","14":"purchasable","15":"product-type-simple"},"acf":[],"yoast_head":"<!-- This site is optimized with the Yoast SEO Premium plugin v26.6 (Yoast SEO v26.6) - https:\/\/yoast.com\/wordpress\/plugins\/seo\/ -->\n<title>Descalcificador de \u00e1gua Adriatica fleck 5600 v\u00e1lvula volum\u00e9trica - CSJ Emballages<\/title>\n<meta name=\"robots\" content=\"index, follow, max-snippet:-1, max-image-preview:large, max-video-preview:-1\" \/>\n<link rel=\"canonical\" href=\"https:\/\/www.csj-emballages.com\/pt-pt\/produit\/descalcificador-de-agua-adriatica-fleck-5600-valvula-volumetrica\/\" \/>\n<meta property=\"og:locale\" content=\"pt_PT\" \/>\n<meta property=\"og:type\" content=\"article\" \/>\n<meta property=\"og:title\" content=\"Descalcificador de \u00e1gua Adriatica fleck 5600 v\u00e1lvula volum\u00e9trica\" \/>\n<meta property=\"og:description\" content=\"Descri\u00e7\u00e3o AMACIADOR ELYSEE &#8211; FLECK 5600\/1600 V\u00c1LVULA VOLUM\u00c9TRICA COMPLETA Monobloco ADRIATICA GRAND amaciador adriatica blue bonnet Garrafas: 8 x 35 quantidade de resinas Desvio Dupla seguran\u00e7a mistura &nbsp;\" \/>\n<meta property=\"og:url\" content=\"https:\/\/www.csj-emballages.com\/pt-pt\/produit\/descalcificador-de-agua-adriatica-fleck-5600-valvula-volumetrica\/\" \/>\n<meta property=\"og:site_name\" content=\"CSJ Emballages\" \/>\n<meta property=\"article:publisher\" content=\"https:\/\/www.facebook.com\/csjemballages\" \/>\n<meta property=\"article:modified_time\" content=\"2025-09-24T00:12:00+00:00\" \/>\n<meta property=\"og:image\" content=\"https:\/\/www.csj-emballages.com\/wp-content\/uploads\/2024\/03\/adriatica-5600-zoom.png\" \/>\n\t<meta property=\"og:image:width\" content=\"800\" \/>\n\t<meta property=\"og:image:height\" content=\"238\" \/>\n\t<meta property=\"og:image:type\" content=\"image\/png\" \/>\n<meta name=\"twitter:card\" content=\"summary_large_image\" \/>\n<script type=\"application\/ld+json\" class=\"yoast-schema-graph\">{\"@context\":\"https:\/\/schema.org\",\"@graph\":[{\"@type\":\"WebPage\",\"@id\":\"https:\/\/www.csj-emballages.com\/pt-pt\/produit\/descalcificador-de-agua-adriatica-fleck-5600-valvula-volumetrica\/\",\"url\":\"https:\/\/www.csj-emballages.com\/pt-pt\/produit\/descalcificador-de-agua-adriatica-fleck-5600-valvula-volumetrica\/\",\"name\":\"Descalcificador de \u00e1gua Adriatica fleck 5600 v\u00e1lvula volum\u00e9trica - CSJ Emballages\",\"isPartOf\":{\"@id\":\"https:\/\/www.csj-emballages.com\/pt-pt\/#website\"},\"primaryImageOfPage\":{\"@id\":\"https:\/\/www.csj-emballages.com\/pt-pt\/produit\/descalcificador-de-agua-adriatica-fleck-5600-valvula-volumetrica\/#primaryimage\"},\"image\":{\"@id\":\"https:\/\/www.csj-emballages.com\/pt-pt\/produit\/descalcificador-de-agua-adriatica-fleck-5600-valvula-volumetrica\/#primaryimage\"},\"thumbnailUrl\":\"https:\/\/www.csj-emballages.com\/wp-content\/uploads\/2024\/03\/adriatica-5600-zoom.png\",\"datePublished\":\"2024-03-01T15:57:41+00:00\",\"dateModified\":\"2025-09-24T00:12:00+00:00\",\"breadcrumb\":{\"@id\":\"https:\/\/www.csj-emballages.com\/pt-pt\/produit\/descalcificador-de-agua-adriatica-fleck-5600-valvula-volumetrica\/#breadcrumb\"},\"inLanguage\":\"pt-PT\",\"potentialAction\":[{\"@type\":\"ReadAction\",\"target\":[\"https:\/\/www.csj-emballages.com\/pt-pt\/produit\/descalcificador-de-agua-adriatica-fleck-5600-valvula-volumetrica\/\"]}]},{\"@type\":\"ImageObject\",\"inLanguage\":\"pt-PT\",\"@id\":\"https:\/\/www.csj-emballages.com\/pt-pt\/produit\/descalcificador-de-agua-adriatica-fleck-5600-valvula-volumetrica\/#primaryimage\",\"url\":\"https:\/\/www.csj-emballages.com\/wp-content\/uploads\/2024\/03\/adriatica-5600-zoom.png\",\"contentUrl\":\"https:\/\/www.csj-emballages.com\/wp-content\/uploads\/2024\/03\/adriatica-5600-zoom.png\",\"width\":800,\"height\":238},{\"@type\":\"BreadcrumbList\",\"@id\":\"https:\/\/www.csj-emballages.com\/pt-pt\/produit\/descalcificador-de-agua-adriatica-fleck-5600-valvula-volumetrica\/#breadcrumb\",\"itemListElement\":[{\"@type\":\"ListItem\",\"position\":1,\"name\":\"Acolhimento\",\"item\":\"https:\/\/www.csj-emballages.com\/pt-pt\/universo-das-embalagens-alimentares\/\"},{\"@type\":\"ListItem\",\"position\":2,\"name\":\"Shop\",\"item\":\"https:\/\/www.csj-emballages.com\/shop\/\"},{\"@type\":\"ListItem\",\"position\":3,\"name\":\"Descalcificador de \u00e1gua Adriatica fleck 5600 v\u00e1lvula volum\u00e9trica\"}]},{\"@type\":\"WebSite\",\"@id\":\"https:\/\/www.csj-emballages.com\/pt-pt\/#website\",\"url\":\"https:\/\/www.csj-emballages.com\/pt-pt\/\",\"name\":\"CSJ Emballages\",\"description\":\"\",\"publisher\":{\"@id\":\"https:\/\/www.csj-emballages.com\/pt-pt\/#organization\"},\"potentialAction\":[{\"@type\":\"SearchAction\",\"target\":{\"@type\":\"EntryPoint\",\"urlTemplate\":\"https:\/\/www.csj-emballages.com\/pt-pt\/?s={search_term_string}\"},\"query-input\":{\"@type\":\"PropertyValueSpecification\",\"valueRequired\":true,\"valueName\":\"search_term_string\"}}],\"inLanguage\":\"pt-PT\"},{\"@type\":\"Organization\",\"@id\":\"https:\/\/www.csj-emballages.com\/pt-pt\/#Organization\/\",\"name\":\"CSJ Emballages\",\"url\":\"https:\/\/www.csj-emballages.com\/pt-pt\/\",\"logo\":{\"@type\":\"ImageObject\",\"inLanguage\":\"pt-PT\",\"@id\":\"https:\/\/www.csj-emballages.com\/pt-pt\/#\/schema\/logo\/image\/\",\"url\":\"https:\/\/www.csj-emballages.com\/wp-content\/uploads\/2023\/10\/logo_csj.webp\",\"contentUrl\":\"https:\/\/www.csj-emballages.com\/wp-content\/uploads\/2023\/10\/logo_csj.webp\",\"width\":250,\"height\":95,\"caption\":\"CSJ Emballages\"},\"image\":{\"@id\":\"https:\/\/www.csj-emballages.com\/pt-pt\/#\/schema\/logo\/image\/\"},\"sameAs\":[\"https:\/\/www.facebook.com\/csjemballages\"],\"address\":{\"@type\":\"PostalAddress\",\"streetAddress\":\"ZI La Lechere\",\"addressLocality\":\"Patornay\",\"postalCode\":\"39130\",\"addressCountry\":\"FR\"},\"contactPoint\":[{\"@type\":\"ContactPoint\",\"contactType\":\"Service client\",\"telephone\":\"0384254272\",\"email\":\"contact@csj-emballages.com\"}]}]}<\/script>\n<!-- \/ Yoast SEO Premium plugin. -->","yoast_head_json":{"title":"Descalcificador de \u00e1gua Adriatica fleck 5600 v\u00e1lvula volum\u00e9trica - CSJ Emballages","robots":{"index":"index","follow":"follow","max-snippet":"max-snippet:-1","max-image-preview":"max-image-preview:large","max-video-preview":"max-video-preview:-1"},"canonical":"https:\/\/www.csj-emballages.com\/pt-pt\/produit\/descalcificador-de-agua-adriatica-fleck-5600-valvula-volumetrica\/","og_locale":"pt_PT","og_type":"article","og_title":"Descalcificador de \u00e1gua Adriatica fleck 5600 v\u00e1lvula volum\u00e9trica","og_description":"Descri\u00e7\u00e3o AMACIADOR ELYSEE &#8211; FLECK 5600\/1600 V\u00c1LVULA VOLUM\u00c9TRICA COMPLETA Monobloco ADRIATICA GRAND amaciador adriatica blue bonnet Garrafas: 8 x 35 quantidade de resinas Desvio Dupla seguran\u00e7a mistura &nbsp;","og_url":"https:\/\/www.csj-emballages.com\/pt-pt\/produit\/descalcificador-de-agua-adriatica-fleck-5600-valvula-volumetrica\/","og_site_name":"CSJ Emballages","article_publisher":"https:\/\/www.facebook.com\/csjemballages","article_modified_time":"2025-09-24T00:12:00+00:00","og_image":[{"width":800,"height":238,"url":"https:\/\/www.csj-emballages.com\/wp-content\/uploads\/2024\/03\/adriatica-5600-zoom.png","type":"image\/png"}],"twitter_card":"summary_large_image","schema":{"@context":"https:\/\/schema.org","@graph":[{"@type":"WebPage","@id":"https:\/\/www.csj-emballages.com\/pt-pt\/produit\/descalcificador-de-agua-adriatica-fleck-5600-valvula-volumetrica\/","url":"https:\/\/www.csj-emballages.com\/pt-pt\/produit\/descalcificador-de-agua-adriatica-fleck-5600-valvula-volumetrica\/","name":"Descalcificador de \u00e1gua Adriatica fleck 5600 v\u00e1lvula volum\u00e9trica - CSJ Emballages","isPartOf":{"@id":"https:\/\/www.csj-emballages.com\/pt-pt\/#website"},"primaryImageOfPage":{"@id":"https:\/\/www.csj-emballages.com\/pt-pt\/produit\/descalcificador-de-agua-adriatica-fleck-5600-valvula-volumetrica\/#primaryimage"},"image":{"@id":"https:\/\/www.csj-emballages.com\/pt-pt\/produit\/descalcificador-de-agua-adriatica-fleck-5600-valvula-volumetrica\/#primaryimage"},"thumbnailUrl":"https:\/\/www.csj-emballages.com\/wp-content\/uploads\/2024\/03\/adriatica-5600-zoom.png","datePublished":"2024-03-01T15:57:41+00:00","dateModified":"2025-09-24T00:12:00+00:00","breadcrumb":{"@id":"https:\/\/www.csj-emballages.com\/pt-pt\/produit\/descalcificador-de-agua-adriatica-fleck-5600-valvula-volumetrica\/#breadcrumb"},"inLanguage":"pt-PT","potentialAction":[{"@type":"ReadAction","target":["https:\/\/www.csj-emballages.com\/pt-pt\/produit\/descalcificador-de-agua-adriatica-fleck-5600-valvula-volumetrica\/"]}]},{"@type":"ImageObject","inLanguage":"pt-PT","@id":"https:\/\/www.csj-emballages.com\/pt-pt\/produit\/descalcificador-de-agua-adriatica-fleck-5600-valvula-volumetrica\/#primaryimage","url":"https:\/\/www.csj-emballages.com\/wp-content\/uploads\/2024\/03\/adriatica-5600-zoom.png","contentUrl":"https:\/\/www.csj-emballages.com\/wp-content\/uploads\/2024\/03\/adriatica-5600-zoom.png","width":800,"height":238},{"@type":"BreadcrumbList","@id":"https:\/\/www.csj-emballages.com\/pt-pt\/produit\/descalcificador-de-agua-adriatica-fleck-5600-valvula-volumetrica\/#breadcrumb","itemListElement":[{"@type":"ListItem","position":1,"name":"Acolhimento","item":"https:\/\/www.csj-emballages.com\/pt-pt\/universo-das-embalagens-alimentares\/"},{"@type":"ListItem","position":2,"name":"Shop","item":"https:\/\/www.csj-emballages.com\/shop\/"},{"@type":"ListItem","position":3,"name":"Descalcificador de \u00e1gua Adriatica fleck 5600 v\u00e1lvula volum\u00e9trica"}]},{"@type":"WebSite","@id":"https:\/\/www.csj-emballages.com\/pt-pt\/#website","url":"https:\/\/www.csj-emballages.com\/pt-pt\/","name":"CSJ Emballages","description":"","publisher":{"@id":"https:\/\/www.csj-emballages.com\/pt-pt\/#organization"},"potentialAction":[{"@type":"SearchAction","target":{"@type":"EntryPoint","urlTemplate":"https:\/\/www.csj-emballages.com\/pt-pt\/?s={search_term_string}"},"query-input":{"@type":"PropertyValueSpecification","valueRequired":true,"valueName":"search_term_string"}}],"inLanguage":"pt-PT"},{"@type":"Organization","@id":"https:\/\/www.csj-emballages.com\/pt-pt\/#Organization\/","name":"CSJ Emballages","url":"https:\/\/www.csj-emballages.com\/pt-pt\/","logo":{"@type":"ImageObject","inLanguage":"pt-PT","@id":"https:\/\/www.csj-emballages.com\/pt-pt\/#\/schema\/logo\/image\/","url":"https:\/\/www.csj-emballages.com\/wp-content\/uploads\/2023\/10\/logo_csj.webp","contentUrl":"https:\/\/www.csj-emballages.com\/wp-content\/uploads\/2023\/10\/logo_csj.webp","width":250,"height":95,"caption":"CSJ Emballages"},"image":{"@id":"https:\/\/www.csj-emballages.com\/pt-pt\/#\/schema\/logo\/image\/"},"sameAs":["https:\/\/www.facebook.com\/csjemballages"],"address":{"@type":"PostalAddress","streetAddress":"ZI La Lechere","addressLocality":"Patornay","postalCode":"39130","addressCountry":"FR"},"contactPoint":[{"@type":"ContactPoint","contactType":"Service client","telephone":"0384254272","email":"contact@csj-emballages.com"}]}]}},"df_price":696,"df_sale_price":"","df_regular_price":696,"df_image_link":"https:\/\/www.csj-emballages.com\/wp-content\/uploads\/2024\/03\/adriatica-5600-zoom-300x89.png","tiered_pricing_type":"fixed","tiered_pricing_fixed_rules":[],"tiered_pricing_percentage_rules":[],"tiered_pricing_minimum":1,"tiered_pricing_roles_data":[],"_links":{"self":[{"href":"https:\/\/www.csj-emballages.com\/pt-pt\/wp-json\/wp\/v2\/product\/18638","targetHints":{"allow":["GET"]}}],"collection":[{"href":"https:\/\/www.csj-emballages.com\/pt-pt\/wp-json\/wp\/v2\/product"}],"about":[{"href":"https:\/\/www.csj-emballages.com\/pt-pt\/wp-json\/wp\/v2\/types\/product"}],"wp:featuredmedia":[{"embeddable":true,"href":"https:\/\/www.csj-emballages.com\/pt-pt\/wp-json\/wp\/v2\/media\/6492"}],"wp:attachment":[{"href":"https:\/\/www.csj-emballages.com\/pt-pt\/wp-json\/wp\/v2\/media?parent=18638"}],"wp:term":[{"taxonomy":"product_brand","embeddable":true,"href":"https:\/\/www.csj-emballages.com\/pt-pt\/wp-json\/wp\/v2\/product_brand?post=18638"},{"taxonomy":"product_cat","embeddable":true,"href":"https:\/\/www.csj-emballages.com\/pt-pt\/wp-json\/wp\/v2\/product_cat?post=18638"},{"taxonomy":"product_tag","embeddable":true,"href":"https:\/\/www.csj-emballages.com\/pt-pt\/wp-json\/wp\/v2\/product_tag?post=18638"}],"curies":[{"name":"wp","href":"https:\/\/api.w.org\/{rel}","templated":true}]}}