{"id":18621,"date":"2024-03-01T16:57:44","date_gmt":"2024-03-01T15:57:44","guid":{"rendered":"https:\/\/u15jnbdpoq.preview.infomaniak.website\/produit\/50-copos-de-papel-descartaveis-brancos-de-24-cl\/"},"modified":"2026-05-01T02:10:39","modified_gmt":"2026-05-01T00:10:39","slug":"50-copos-de-papel-descartaveis-brancos-de-24-cl","status":"publish","type":"product","link":"https:\/\/www.csj-emballages.com\/pt-pt\/produit\/50-copos-de-papel-descartaveis-brancos-de-24-cl\/","title":{"rendered":"Copo de papel branco 24 cl por 50"},"content":{"rendered":"<h2>Copo de cart\u00e3o<\/h2>\n<hr>\n<h3>Descri\u00e7\u00e3o do nosso copo de papel branco 24 cl por 50<\/h3>\n<p><!--more--><\/p>\n<p data-start=\"209\" data-end=\"628\">Simples, limpo e eficiente: este <strong data-start=\"241\" data-end=\"271\">copo de papel branco de 24 cl<\/strong> tem tudo o que \u00e9 necess\u00e1rio para servir uma bebida sem complica\u00e7\u00f5es. A sua capacidade m\u00e9dia \u00e9 perfeita para caf\u00e9s longos, chocolate quente e ch\u00e1s, mas tamb\u00e9m para bebidas frias num evento ou numa pausa entre reuni\u00f5es. Tem algo pr\u00e1tico que pode ser adaptado a todas as situa\u00e7\u00f5es quotidianas.  <\/p>\n<p data-start=\"630\" data-end=\"999\">O que o torna t\u00e3o atrativo \u00e9 a sua sobriedade. O seu <strong>branco n\u00edtido<\/strong> d\u00e1 uma impress\u00e3o imediata de limpeza e pode ser utilizado em qualquer lugar: escrit\u00f3rios, salas de forma\u00e7\u00e3o, feiras, bufetes, cami\u00f5es de comida&#8230; Onde quer que seja utilizado, \u00e9 discreto mas sempre \u00fatil. Al\u00e9m disso, a <strong>imagem impressa<\/strong> no fundo do copo acrescenta um toque de informa\u00e7\u00e3o sem sobrecarregar o design.  <\/p>\n<p data-start=\"1001\" data-end=\"1373\">Fabricado em <strong>cart\u00e3o r\u00edgido<\/strong>, mant\u00e9m-se no lugar mesmo com bebidas quentes. Sem lados moles, sem sensa\u00e7\u00e3o de desconforto na m\u00e3o: pode transport\u00e1-lo, pous\u00e1-lo e ench\u00ea-lo sem preocupa\u00e7\u00f5es. Esta robustez tamb\u00e9m facilita o servi\u00e7o dos profissionais aos seus clientes, que podem preparar uma bebida ap\u00f3s outra com toda a tranquilidade.  <\/p>\n<p data-start=\"1375\" data-end=\"1629\">O lote de <strong data-start=\"1385\" data-end=\"1398\">50 unidades<\/strong> permite gerir facilmente as presen\u00e7as sem armazenar demasiado. \u00c9 a quantidade ideal para pequenas equipas, reuni\u00f5es frequentes, eventos pontuais ou estabelecimentos que pretendam manter a simplicidade. <\/p>\n<p data-start=\"1631\" data-end=\"1760\">Em suma, este <strong>copo branco<\/strong> \u00e9 um pequeno essencial: discreto, fi\u00e1vel e sempre pronto a ajudar, seja qual for a ocasi\u00e3o.<\/p>\n<p>&nbsp;<\/p>\n<p><!--more--><\/p>\n<h4><strong>Vantagens :<\/strong><\/h4>\n<ul>\n<li data-start=\"1788\" data-end=\"1822\">Capacidade polivalente de 24<strong> cl<\/strong>.<\/li>\n<li data-start=\"1825\" data-end=\"1861\">Design branco e elegante, para todos os fins.<\/li>\n<li data-start=\"1864\" data-end=\"1915\">Cart\u00e3o r\u00edgido, bom para bebidas quentes.<\/li>\n<li data-start=\"1918\" data-end=\"1939\">Embalagem pr\u00e1tica de <strong>50<\/strong>.<\/li>\n<li data-start=\"1942\" data-end=\"1996\">Ideal para escrit\u00f3rios, eventos e estabelecimentos de fast-food.<\/li>\n<\/ul>\n<p>&nbsp;<\/p>\n<p><!--more--><\/p>\n<h4>Outras informa\u00e7\u00f5es :<\/h4>\n<ul>\n<li><strong>Embalagem<\/strong>: Pacote de 50<\/li>\n<li><b>Volume <\/b>: 24 cl<\/li>\n<li><strong>Cor<\/strong>: Branco<\/li>\n<li><strong>Material<\/strong>: Cart\u00e3o<\/li>\n<li><strong>Temperatura de funcionamento<\/strong>: -20\u00b0C \/ +100\u00b0C<\/li>\n<li>Cont\u00e9m pel\u00edcula PE no interior<\/li>\n<\/ul>\n<p>&nbsp;<\/p>\n<p><!--more--><\/p>\n<p>Encontre aqui as tampas concebidas para estes copos : <span style=\"color: #d12727;\"><a style=\"color: #d12727;\" href=\"https:\/\/www.csj-emballages.com\/produit\/50-couvercles-papier-pour-gobelets-24-cl-378bla-378geb-378ge-378bio-378k\/\">C378P<\/a><\/span><\/p>\n<p>&nbsp;<\/p>\n<p><!--more--><\/p>\n<p>Dispon\u00edvel em diferentes tamanhos: <span style=\"color: #d12727;\"><a style=\"color: #d12727;\" href=\"https:\/\/www.csj-emballages.com\/produit\/100-gobelets-carton-blancs-jetables-12cl\/\">12 cl<\/a><\/span> \/ <span style=\"color: #d12727;\"><a style=\"color: #d12727;\" href=\"https:\/\/www.csj-emballages.com\/produit\/100-gobelets-carton-blancs-jetables-17-5-cl\/\">17,5 cl<\/a><\/span> \/ <span style=\"color: #d12727;\"><a style=\"color: #d12727;\" href=\"https:\/\/www.csj-emballages.com\/produit\/100-gobelets-cartons-blancs-jetables-20cl\/\">20 cl<\/a><\/span><\/p>\n<p>&nbsp;<\/p>\n<p><!--more--><\/p>\n<p><a href=\"\/?product_cat=gobelets-gobelets-boissons-chaudes\">Veja o resto da nossa gama de copos de papel aqui<\/a><\/p>\n","protected":false},"excerpt":{"rendered":"<p>Copo de cart\u00e3o Descri\u00e7\u00e3o do nosso copo de papel branco 24 cl por 50<\/p>\n","protected":false},"featured_media":189237,"template":"","meta":{"_acf_changed":false},"product_brand":[],"product_cat":[1141,1138,1471,9242,9243,1152],"product_tag":[],"class_list":{"0":"post-18621","1":"product","2":"type-product","3":"status-publish","4":"has-post-thumbnail","6":"product_cat-embalagem-de-alimentos","7":"product_cat-restauracao","8":"product_cat-chavenas-copos-baldes-garrafas","9":"product_cat-copos-de-cartao","10":"product_cat-copos-brancos","11":"product_cat-gama-biologica","13":"first","14":"instock","15":"taxable","16":"shipping-taxable","17":"purchasable","18":"product-type-simple"},"acf":[],"yoast_head":"<!-- This site is optimized with the Yoast SEO Premium plugin v26.6 (Yoast SEO v26.6) - https:\/\/yoast.com\/wordpress\/plugins\/seo\/ -->\n<title>Copo de Cart\u00e3o Branco - 27cl<\/title>\n<meta name=\"description\" content=\"Descubra o nosso copo de cart\u00e3o branco de 27cl: ecol\u00f3gico, resistente e est\u00e9tico. Perfeito para bebidas quentes e frias, eventos e escrit\u00f3rios.\" \/>\n<meta name=\"robots\" content=\"index, follow, max-snippet:-1, max-image-preview:large, max-video-preview:-1\" \/>\n<link rel=\"canonical\" href=\"https:\/\/www.csj-emballages.com\/pt-pt\/produit\/50-copos-de-papel-descartaveis-brancos-de-24-cl\/\" \/>\n<meta property=\"og:locale\" content=\"pt_PT\" \/>\n<meta property=\"og:type\" content=\"article\" \/>\n<meta property=\"og:title\" content=\"Copo de papel branco 24 cl por 50\" \/>\n<meta property=\"og:description\" content=\"Descubra o nosso copo de cart\u00e3o branco de 27cl: ecol\u00f3gico, resistente e est\u00e9tico. Perfeito para bebidas quentes e frias, eventos e escrit\u00f3rios.\" \/>\n<meta property=\"og:url\" content=\"https:\/\/www.csj-emballages.com\/pt-pt\/produit\/50-copos-de-papel-descartaveis-brancos-de-24-cl\/\" \/>\n<meta property=\"og:site_name\" content=\"CSJ Emballages\" \/>\n<meta property=\"article:publisher\" content=\"https:\/\/www.facebook.com\/csjemballages\" \/>\n<meta property=\"article:modified_time\" content=\"2026-05-01T00:10:39+00:00\" \/>\n<meta property=\"og:image\" content=\"https:\/\/www.csj-emballages.com\/wp-content\/uploads\/2024\/03\/378BLA.webp\" \/>\n\t<meta property=\"og:image:width\" content=\"804\" \/>\n\t<meta property=\"og:image:height\" content=\"805\" \/>\n\t<meta property=\"og:image:type\" content=\"image\/webp\" \/>\n<meta name=\"twitter:card\" content=\"summary_large_image\" \/>\n<meta name=\"twitter:label1\" content=\"Tempo estimado de leitura\" \/>\n\t<meta name=\"twitter:data1\" content=\"2 minutos\" \/>\n<script type=\"application\/ld+json\" class=\"yoast-schema-graph\">{\"@context\":\"https:\/\/schema.org\",\"@graph\":[{\"@type\":\"WebPage\",\"@id\":\"https:\/\/www.csj-emballages.com\/pt-pt\/produit\/50-copos-de-papel-descartaveis-brancos-de-24-cl\/\",\"url\":\"https:\/\/www.csj-emballages.com\/pt-pt\/produit\/50-copos-de-papel-descartaveis-brancos-de-24-cl\/\",\"name\":\"Copo de Cart\u00e3o Branco - 27cl\",\"isPartOf\":{\"@id\":\"https:\/\/www.csj-emballages.com\/pt-pt\/#website\"},\"primaryImageOfPage\":{\"@id\":\"https:\/\/www.csj-emballages.com\/pt-pt\/produit\/50-copos-de-papel-descartaveis-brancos-de-24-cl\/#primaryimage\"},\"image\":{\"@id\":\"https:\/\/www.csj-emballages.com\/pt-pt\/produit\/50-copos-de-papel-descartaveis-brancos-de-24-cl\/#primaryimage\"},\"thumbnailUrl\":\"https:\/\/www.csj-emballages.com\/wp-content\/uploads\/2024\/03\/378BLA.webp\",\"datePublished\":\"2024-03-01T15:57:44+00:00\",\"dateModified\":\"2026-05-01T00:10:39+00:00\",\"description\":\"Descubra o nosso copo de cart\u00e3o branco de 27cl: ecol\u00f3gico, resistente e est\u00e9tico. Perfeito para bebidas quentes e frias, eventos e escrit\u00f3rios.\",\"breadcrumb\":{\"@id\":\"https:\/\/www.csj-emballages.com\/pt-pt\/produit\/50-copos-de-papel-descartaveis-brancos-de-24-cl\/#breadcrumb\"},\"inLanguage\":\"pt-PT\",\"potentialAction\":[{\"@type\":\"ReadAction\",\"target\":[\"https:\/\/www.csj-emballages.com\/pt-pt\/produit\/50-copos-de-papel-descartaveis-brancos-de-24-cl\/\"]}]},{\"@type\":\"ImageObject\",\"inLanguage\":\"pt-PT\",\"@id\":\"https:\/\/www.csj-emballages.com\/pt-pt\/produit\/50-copos-de-papel-descartaveis-brancos-de-24-cl\/#primaryimage\",\"url\":\"https:\/\/www.csj-emballages.com\/wp-content\/uploads\/2024\/03\/378BLA.webp\",\"contentUrl\":\"https:\/\/www.csj-emballages.com\/wp-content\/uploads\/2024\/03\/378BLA.webp\",\"width\":804,\"height\":805,\"caption\":\"gobelet carton\"},{\"@type\":\"BreadcrumbList\",\"@id\":\"https:\/\/www.csj-emballages.com\/pt-pt\/produit\/50-copos-de-papel-descartaveis-brancos-de-24-cl\/#breadcrumb\",\"itemListElement\":[{\"@type\":\"ListItem\",\"position\":1,\"name\":\"Acolhimento\",\"item\":\"https:\/\/www.csj-emballages.com\/pt-pt\/universo-das-embalagens-alimentares\/\"},{\"@type\":\"ListItem\",\"position\":2,\"name\":\"Shop\",\"item\":\"https:\/\/www.csj-emballages.com\/shop\/\"},{\"@type\":\"ListItem\",\"position\":3,\"name\":\"Copo de papel branco 24 cl por 50\"}]},{\"@type\":\"WebSite\",\"@id\":\"https:\/\/www.csj-emballages.com\/pt-pt\/#website\",\"url\":\"https:\/\/www.csj-emballages.com\/pt-pt\/\",\"name\":\"CSJ Emballages\",\"description\":\"\",\"publisher\":{\"@id\":\"https:\/\/www.csj-emballages.com\/pt-pt\/#organization\"},\"potentialAction\":[{\"@type\":\"SearchAction\",\"target\":{\"@type\":\"EntryPoint\",\"urlTemplate\":\"https:\/\/www.csj-emballages.com\/pt-pt\/?s={search_term_string}\"},\"query-input\":{\"@type\":\"PropertyValueSpecification\",\"valueRequired\":true,\"valueName\":\"search_term_string\"}}],\"inLanguage\":\"pt-PT\"},{\"@type\":\"Organization\",\"@id\":\"https:\/\/www.csj-emballages.com\/pt-pt\/#Organization\/\",\"name\":\"CSJ Emballages\",\"url\":\"https:\/\/www.csj-emballages.com\/pt-pt\/\",\"logo\":{\"@type\":\"ImageObject\",\"inLanguage\":\"pt-PT\",\"@id\":\"https:\/\/www.csj-emballages.com\/pt-pt\/#\/schema\/logo\/image\/\",\"url\":\"https:\/\/www.csj-emballages.com\/wp-content\/uploads\/2023\/10\/logo_csj.webp\",\"contentUrl\":\"https:\/\/www.csj-emballages.com\/wp-content\/uploads\/2023\/10\/logo_csj.webp\",\"width\":250,\"height\":95,\"caption\":\"CSJ Emballages\"},\"image\":{\"@id\":\"https:\/\/www.csj-emballages.com\/pt-pt\/#\/schema\/logo\/image\/\"},\"sameAs\":[\"https:\/\/www.facebook.com\/csjemballages\"],\"address\":{\"@type\":\"PostalAddress\",\"streetAddress\":\"ZI La Lechere\",\"addressLocality\":\"Patornay\",\"postalCode\":\"39130\",\"addressCountry\":\"FR\"},\"contactPoint\":[{\"@type\":\"ContactPoint\",\"contactType\":\"Service client\",\"telephone\":\"0384254272\",\"email\":\"contact@csj-emballages.com\"}]}]}<\/script>\n<!-- \/ Yoast SEO Premium plugin. -->","yoast_head_json":{"title":"Copo de Cart\u00e3o Branco - 27cl","description":"Descubra o nosso copo de cart\u00e3o branco de 27cl: ecol\u00f3gico, resistente e est\u00e9tico. Perfeito para bebidas quentes e frias, eventos e escrit\u00f3rios.","robots":{"index":"index","follow":"follow","max-snippet":"max-snippet:-1","max-image-preview":"max-image-preview:large","max-video-preview":"max-video-preview:-1"},"canonical":"https:\/\/www.csj-emballages.com\/pt-pt\/produit\/50-copos-de-papel-descartaveis-brancos-de-24-cl\/","og_locale":"pt_PT","og_type":"article","og_title":"Copo de papel branco 24 cl por 50","og_description":"Descubra o nosso copo de cart\u00e3o branco de 27cl: ecol\u00f3gico, resistente e est\u00e9tico. Perfeito para bebidas quentes e frias, eventos e escrit\u00f3rios.","og_url":"https:\/\/www.csj-emballages.com\/pt-pt\/produit\/50-copos-de-papel-descartaveis-brancos-de-24-cl\/","og_site_name":"CSJ Emballages","article_publisher":"https:\/\/www.facebook.com\/csjemballages","article_modified_time":"2026-05-01T00:10:39+00:00","og_image":[{"width":804,"height":805,"url":"https:\/\/www.csj-emballages.com\/wp-content\/uploads\/2024\/03\/378BLA.webp","type":"image\/webp"}],"twitter_card":"summary_large_image","twitter_misc":{"Tempo estimado de leitura":"2 minutos"},"schema":{"@context":"https:\/\/schema.org","@graph":[{"@type":"WebPage","@id":"https:\/\/www.csj-emballages.com\/pt-pt\/produit\/50-copos-de-papel-descartaveis-brancos-de-24-cl\/","url":"https:\/\/www.csj-emballages.com\/pt-pt\/produit\/50-copos-de-papel-descartaveis-brancos-de-24-cl\/","name":"Copo de Cart\u00e3o Branco - 27cl","isPartOf":{"@id":"https:\/\/www.csj-emballages.com\/pt-pt\/#website"},"primaryImageOfPage":{"@id":"https:\/\/www.csj-emballages.com\/pt-pt\/produit\/50-copos-de-papel-descartaveis-brancos-de-24-cl\/#primaryimage"},"image":{"@id":"https:\/\/www.csj-emballages.com\/pt-pt\/produit\/50-copos-de-papel-descartaveis-brancos-de-24-cl\/#primaryimage"},"thumbnailUrl":"https:\/\/www.csj-emballages.com\/wp-content\/uploads\/2024\/03\/378BLA.webp","datePublished":"2024-03-01T15:57:44+00:00","dateModified":"2026-05-01T00:10:39+00:00","description":"Descubra o nosso copo de cart\u00e3o branco de 27cl: ecol\u00f3gico, resistente e est\u00e9tico. Perfeito para bebidas quentes e frias, eventos e escrit\u00f3rios.","breadcrumb":{"@id":"https:\/\/www.csj-emballages.com\/pt-pt\/produit\/50-copos-de-papel-descartaveis-brancos-de-24-cl\/#breadcrumb"},"inLanguage":"pt-PT","potentialAction":[{"@type":"ReadAction","target":["https:\/\/www.csj-emballages.com\/pt-pt\/produit\/50-copos-de-papel-descartaveis-brancos-de-24-cl\/"]}]},{"@type":"ImageObject","inLanguage":"pt-PT","@id":"https:\/\/www.csj-emballages.com\/pt-pt\/produit\/50-copos-de-papel-descartaveis-brancos-de-24-cl\/#primaryimage","url":"https:\/\/www.csj-emballages.com\/wp-content\/uploads\/2024\/03\/378BLA.webp","contentUrl":"https:\/\/www.csj-emballages.com\/wp-content\/uploads\/2024\/03\/378BLA.webp","width":804,"height":805,"caption":"gobelet carton"},{"@type":"BreadcrumbList","@id":"https:\/\/www.csj-emballages.com\/pt-pt\/produit\/50-copos-de-papel-descartaveis-brancos-de-24-cl\/#breadcrumb","itemListElement":[{"@type":"ListItem","position":1,"name":"Acolhimento","item":"https:\/\/www.csj-emballages.com\/pt-pt\/universo-das-embalagens-alimentares\/"},{"@type":"ListItem","position":2,"name":"Shop","item":"https:\/\/www.csj-emballages.com\/shop\/"},{"@type":"ListItem","position":3,"name":"Copo de papel branco 24 cl por 50"}]},{"@type":"WebSite","@id":"https:\/\/www.csj-emballages.com\/pt-pt\/#website","url":"https:\/\/www.csj-emballages.com\/pt-pt\/","name":"CSJ Emballages","description":"","publisher":{"@id":"https:\/\/www.csj-emballages.com\/pt-pt\/#organization"},"potentialAction":[{"@type":"SearchAction","target":{"@type":"EntryPoint","urlTemplate":"https:\/\/www.csj-emballages.com\/pt-pt\/?s={search_term_string}"},"query-input":{"@type":"PropertyValueSpecification","valueRequired":true,"valueName":"search_term_string"}}],"inLanguage":"pt-PT"},{"@type":"Organization","@id":"https:\/\/www.csj-emballages.com\/pt-pt\/#Organization\/","name":"CSJ Emballages","url":"https:\/\/www.csj-emballages.com\/pt-pt\/","logo":{"@type":"ImageObject","inLanguage":"pt-PT","@id":"https:\/\/www.csj-emballages.com\/pt-pt\/#\/schema\/logo\/image\/","url":"https:\/\/www.csj-emballages.com\/wp-content\/uploads\/2023\/10\/logo_csj.webp","contentUrl":"https:\/\/www.csj-emballages.com\/wp-content\/uploads\/2023\/10\/logo_csj.webp","width":250,"height":95,"caption":"CSJ Emballages"},"image":{"@id":"https:\/\/www.csj-emballages.com\/pt-pt\/#\/schema\/logo\/image\/"},"sameAs":["https:\/\/www.facebook.com\/csjemballages"],"address":{"@type":"PostalAddress","streetAddress":"ZI La Lechere","addressLocality":"Patornay","postalCode":"39130","addressCountry":"FR"},"contactPoint":[{"@type":"ContactPoint","contactType":"Service client","telephone":"0384254272","email":"contact@csj-emballages.com"}]}]}},"df_price":1.81,"df_sale_price":"","df_regular_price":1.81,"df_image_link":"https:\/\/www.csj-emballages.com\/wp-content\/uploads\/2024\/03\/378BLA-300x300.webp","tiered_pricing_type":"fixed","tiered_pricing_fixed_rules":[],"tiered_pricing_percentage_rules":[],"tiered_pricing_minimum":1,"tiered_pricing_roles_data":[],"_links":{"self":[{"href":"https:\/\/www.csj-emballages.com\/pt-pt\/wp-json\/wp\/v2\/product\/18621","targetHints":{"allow":["GET"]}}],"collection":[{"href":"https:\/\/www.csj-emballages.com\/pt-pt\/wp-json\/wp\/v2\/product"}],"about":[{"href":"https:\/\/www.csj-emballages.com\/pt-pt\/wp-json\/wp\/v2\/types\/product"}],"wp:featuredmedia":[{"embeddable":true,"href":"https:\/\/www.csj-emballages.com\/pt-pt\/wp-json\/wp\/v2\/media\/189237"}],"wp:attachment":[{"href":"https:\/\/www.csj-emballages.com\/pt-pt\/wp-json\/wp\/v2\/media?parent=18621"}],"wp:term":[{"taxonomy":"product_brand","embeddable":true,"href":"https:\/\/www.csj-emballages.com\/pt-pt\/wp-json\/wp\/v2\/product_brand?post=18621"},{"taxonomy":"product_cat","embeddable":true,"href":"https:\/\/www.csj-emballages.com\/pt-pt\/wp-json\/wp\/v2\/product_cat?post=18621"},{"taxonomy":"product_tag","embeddable":true,"href":"https:\/\/www.csj-emballages.com\/pt-pt\/wp-json\/wp\/v2\/product_tag?post=18621"}],"curies":[{"name":"wp","href":"https:\/\/api.w.org\/{rel}","templated":true}]}}