{"id":18606,"date":"2024-03-01T16:57:44","date_gmt":"2024-03-01T15:57:44","guid":{"rendered":"https:\/\/u15jnbdpoq.preview.infomaniak.website\/produit\/50-copos-de-papel-impressos-de-24-cl\/"},"modified":"2026-04-29T02:11:10","modified_gmt":"2026-04-29T00:11:10","slug":"50-copos-de-papel-impressos-de-24-cl","status":"publish","type":"product","link":"https:\/\/www.csj-emballages.com\/pt-pt\/produit\/50-copos-de-papel-impressos-de-24-cl\/","title":{"rendered":"Copo de papel impresso 24 cl, 50 unidades"},"content":{"rendered":"<h2>Copo de cart\u00e3o<\/h2>\n<hr>\n<h3>Descri\u00e7\u00e3o do nosso copo de papel impresso 24 cl por 50<\/h3>\n<p><!--more--><\/p>\n<p data-start=\"243\" data-end=\"642\">Se gosta de servir as suas bebidas quentes num <strong>copo de papel<\/strong> pr\u00e1tico e apelativo, este <strong data-start=\"347\" data-end=\"379\">copo de papel impresso de 24 cl<\/strong> tornar-se-\u00e1 rapidamente imprescind\u00edvel. Com a sua capacidade vers\u00e1til, pode servir um caf\u00e9 longo, bem como um cappuccino, chocolate quente ou mesmo uma bebida fria. \u00c9 o tamanho ideal para pausas mais generosas e para levar para casa.  <\/p>\n<p data-start=\"644\" data-end=\"1046\">O seu <strong>design impresso<\/strong>, com pequenas ilustra\u00e7\u00f5es de ch\u00e1venas fumegantes, cria instantaneamente uma atmosfera calorosa \u00e0 volta da m\u00e1quina de caf\u00e9. O estilo simples e ligeiramente retro confere um charme discreto que \u00e9 muito apreciado em escrit\u00f3rios, cafetarias, salas de espera e at\u00e9 em stands de eventos. Nada de demasiado ocupado, apenas um pequeno toque visual que ir\u00e1 certamente agradar.  <\/p>\n<p data-start=\"1048\" data-end=\"1372\">O <strong>cart\u00e3o<\/strong> que utiliz\u00e1mos oferece uma boa ader\u00eancia: o <strong>copo<\/strong> permanece r\u00edgido, confort\u00e1vel de segurar e n\u00e3o aquece demasiado, mesmo quando a bebida est\u00e1 muito quente. Pode ench\u00ea-lo generosamente sem se preocupar com o facto de ficar deformado ou escorregadio. \u00c9 o acompanhamento perfeito para um servi\u00e7o r\u00e1pido, profissional e limpo.  <\/p>\n<p data-start=\"1374\" data-end=\"1620\">E como esta <strong>ch\u00e1vena de caf\u00e9<\/strong> \u00e9 vendida <strong data-start=\"1396\" data-end=\"1413\">em embalagens de 50<\/strong>, ter\u00e1 o suficiente para v\u00e1rios dias de atividade, sem sobrecarregar as suas reservas. \u00c9 um formato inteligente para aqueles que querem uma ch\u00e1vena fi\u00e1vel, atraente e pronta a usar em qualquer circunst\u00e2ncia. <\/p>\n<p data-start=\"1622\" data-end=\"1739\">Quer seja para os seus clientes, empregados ou visitantes, este copo torna cada pausa um pouco mais agrad\u00e1vel.<\/p>\n<p><!--more--><\/p>\n<h4><strong>Vantagens :<\/strong><\/h4>\n<ul>\n<li data-start=\"1767\" data-end=\"1835\">Capacidade vers\u00e1til <strong>de 24 cl<\/strong> para caf\u00e9s longos e bebidas quentes.<\/li>\n<li data-start=\"1838\" data-end=\"1877\">Design moderno e acolhedor com estampado.<\/li>\n<li data-start=\"1880\" data-end=\"1926\">Cart\u00e3o s\u00f3lido e f\u00e1cil de segurar.<\/li>\n<li data-start=\"1929\" data-end=\"1957\">Embalagem pr\u00e1tica de<strong> 50<\/strong>.<\/li>\n<li data-start=\"1960\" data-end=\"2013\">Ideal para escrit\u00f3rios, cafetarias, snack-bares e eventos.<\/li>\n<\/ul>\n<p>&nbsp;<\/p>\n<p><!--more--><\/p>\n<h4>Outras informa\u00e7\u00f5es :<\/h4>\n<ul>\n<li><strong>Temperatura de funcionamento<\/strong>: -20\u00b0C \/ +100\u00b0C<\/li>\n<li>Cont\u00e9m pel\u00edcula PE no interior<\/li>\n<li><strong>Material<\/strong>: Cart\u00e3o<\/li>\n<li><strong>Volume<\/strong>: 24 cl<\/li>\n<li><strong>Di\u00e2metro do fundo<\/strong>: 55 mm<\/li>\n<li><strong>Di\u00e2metro superior<\/strong>: 80 mm<\/li>\n<li><strong>Altura<\/strong>: 90 mm<\/li>\n<li><strong>Embalagem <\/strong>: pacote de 50 ch\u00e1venas<\/li>\n<li><strong>Cor<\/strong>: bege cipolina<\/li>\n<\/ul>\n<p>&nbsp;<\/p>\n<p><!--more--><\/p>\n<p>Dispon\u00edvel em diferentes tamanhos: <span style=\"color: #d12727;\"><a style=\"color: #d12727;\" href=\"https:\/\/www.csj-emballages.com\/es\/produit\/50-vasos-de-papel-impresos-10-cl\/\">10 cl<\/a><\/span> \/ <span style=\"color: #d12727;\"><a style=\"color: #d12727;\" href=\"https:\/\/www.csj-emballages.com\/es\/produit\/50-vasos-de-papel-impresos-18-cl\/\">18 cl<\/a><\/span><\/p>\n<p>&nbsp;<\/p>\n<p><!--more--><\/p>\n<p><a href=\"\/?product_cat=gobelets-gobelets-boissons-chaudes\">Ver o resto da nossa gama de copos de papel<\/a><\/p>\n","protected":false},"excerpt":{"rendered":"<p>Copo de cart\u00e3o Descri\u00e7\u00e3o do nosso copo de papel impresso 24 cl por 50<\/p>\n","protected":false},"featured_media":189340,"template":"","meta":{"_acf_changed":false},"product_brand":[],"product_cat":[1141,1138,1471,9242,9243],"product_tag":[],"class_list":{"0":"post-18606","1":"product","2":"type-product","3":"status-publish","4":"has-post-thumbnail","6":"product_cat-embalagem-de-alimentos","7":"product_cat-restauracao","8":"product_cat-chavenas-copos-baldes-garrafas","9":"product_cat-copos-de-cartao","10":"product_cat-copos-brancos","12":"first","13":"instock","14":"taxable","15":"shipping-taxable","16":"purchasable","17":"product-type-simple"},"acf":[],"yoast_head":"<!-- This site is optimized with the Yoast SEO Premium plugin v26.6 (Yoast SEO v26.6) - https:\/\/yoast.com\/wordpress\/plugins\/seo\/ -->\n<title>Copo de cart\u00e3o impresso - 24 cl<\/title>\n<meta name=\"description\" content=\"Descubra o nosso copo de papel impresso de 24 cl para bebidas quentes! Oferecemos um pacote de 50 copos robustos e de alta qualidade.\" \/>\n<meta name=\"robots\" content=\"index, follow, max-snippet:-1, max-image-preview:large, max-video-preview:-1\" \/>\n<link rel=\"canonical\" href=\"https:\/\/www.csj-emballages.com\/pt-pt\/produit\/50-copos-de-papel-impressos-de-24-cl\/\" \/>\n<meta property=\"og:locale\" content=\"pt_PT\" \/>\n<meta property=\"og:type\" content=\"article\" \/>\n<meta property=\"og:title\" content=\"Copo de papel impresso 24 cl, 50 unidades\" \/>\n<meta property=\"og:description\" content=\"Descubra o nosso copo de papel impresso de 24 cl para bebidas quentes! Oferecemos um pacote de 50 copos robustos e de alta qualidade.\" \/>\n<meta property=\"og:url\" content=\"https:\/\/www.csj-emballages.com\/pt-pt\/produit\/50-copos-de-papel-impressos-de-24-cl\/\" \/>\n<meta property=\"og:site_name\" content=\"CSJ Emballages\" \/>\n<meta property=\"article:publisher\" content=\"https:\/\/www.facebook.com\/csjemballages\" \/>\n<meta property=\"article:modified_time\" content=\"2026-04-29T00:11:10+00:00\" \/>\n<meta property=\"og:image\" content=\"https:\/\/www.csj-emballages.com\/wp-content\/uploads\/2024\/03\/378CS.webp\" \/>\n\t<meta property=\"og:image:width\" content=\"806\" \/>\n\t<meta property=\"og:image:height\" content=\"806\" \/>\n\t<meta property=\"og:image:type\" content=\"image\/webp\" \/>\n<meta name=\"twitter:card\" content=\"summary_large_image\" \/>\n<meta name=\"twitter:label1\" content=\"Tempo estimado de leitura\" \/>\n\t<meta name=\"twitter:data1\" content=\"2 minutos\" \/>\n<script type=\"application\/ld+json\" class=\"yoast-schema-graph\">{\"@context\":\"https:\/\/schema.org\",\"@graph\":[{\"@type\":\"WebPage\",\"@id\":\"https:\/\/www.csj-emballages.com\/pt-pt\/produit\/50-copos-de-papel-impressos-de-24-cl\/\",\"url\":\"https:\/\/www.csj-emballages.com\/pt-pt\/produit\/50-copos-de-papel-impressos-de-24-cl\/\",\"name\":\"Copo de cart\u00e3o impresso - 24 cl\",\"isPartOf\":{\"@id\":\"https:\/\/www.csj-emballages.com\/pt-pt\/#website\"},\"primaryImageOfPage\":{\"@id\":\"https:\/\/www.csj-emballages.com\/pt-pt\/produit\/50-copos-de-papel-impressos-de-24-cl\/#primaryimage\"},\"image\":{\"@id\":\"https:\/\/www.csj-emballages.com\/pt-pt\/produit\/50-copos-de-papel-impressos-de-24-cl\/#primaryimage\"},\"thumbnailUrl\":\"https:\/\/www.csj-emballages.com\/wp-content\/uploads\/2024\/03\/378CS.webp\",\"datePublished\":\"2024-03-01T15:57:44+00:00\",\"dateModified\":\"2026-04-29T00:11:10+00:00\",\"description\":\"Descubra o nosso copo de papel impresso de 24 cl para bebidas quentes! Oferecemos um pacote de 50 copos robustos e de alta qualidade.\",\"breadcrumb\":{\"@id\":\"https:\/\/www.csj-emballages.com\/pt-pt\/produit\/50-copos-de-papel-impressos-de-24-cl\/#breadcrumb\"},\"inLanguage\":\"pt-PT\",\"potentialAction\":[{\"@type\":\"ReadAction\",\"target\":[\"https:\/\/www.csj-emballages.com\/pt-pt\/produit\/50-copos-de-papel-impressos-de-24-cl\/\"]}]},{\"@type\":\"ImageObject\",\"inLanguage\":\"pt-PT\",\"@id\":\"https:\/\/www.csj-emballages.com\/pt-pt\/produit\/50-copos-de-papel-impressos-de-24-cl\/#primaryimage\",\"url\":\"https:\/\/www.csj-emballages.com\/wp-content\/uploads\/2024\/03\/378CS.webp\",\"contentUrl\":\"https:\/\/www.csj-emballages.com\/wp-content\/uploads\/2024\/03\/378CS.webp\",\"width\":806,\"height\":806,\"caption\":\"Gobelet carton\"},{\"@type\":\"BreadcrumbList\",\"@id\":\"https:\/\/www.csj-emballages.com\/pt-pt\/produit\/50-copos-de-papel-impressos-de-24-cl\/#breadcrumb\",\"itemListElement\":[{\"@type\":\"ListItem\",\"position\":1,\"name\":\"Acolhimento\",\"item\":\"https:\/\/www.csj-emballages.com\/pt-pt\/universo-das-embalagens-alimentares\/\"},{\"@type\":\"ListItem\",\"position\":2,\"name\":\"Shop\",\"item\":\"https:\/\/www.csj-emballages.com\/shop\/\"},{\"@type\":\"ListItem\",\"position\":3,\"name\":\"Copo de papel impresso 24 cl, 50 unidades\"}]},{\"@type\":\"WebSite\",\"@id\":\"https:\/\/www.csj-emballages.com\/pt-pt\/#website\",\"url\":\"https:\/\/www.csj-emballages.com\/pt-pt\/\",\"name\":\"CSJ Emballages\",\"description\":\"\",\"publisher\":{\"@id\":\"https:\/\/www.csj-emballages.com\/pt-pt\/#organization\"},\"potentialAction\":[{\"@type\":\"SearchAction\",\"target\":{\"@type\":\"EntryPoint\",\"urlTemplate\":\"https:\/\/www.csj-emballages.com\/pt-pt\/?s={search_term_string}\"},\"query-input\":{\"@type\":\"PropertyValueSpecification\",\"valueRequired\":true,\"valueName\":\"search_term_string\"}}],\"inLanguage\":\"pt-PT\"},{\"@type\":\"Organization\",\"@id\":\"https:\/\/www.csj-emballages.com\/pt-pt\/#Organization\/\",\"name\":\"CSJ Emballages\",\"url\":\"https:\/\/www.csj-emballages.com\/pt-pt\/\",\"logo\":{\"@type\":\"ImageObject\",\"inLanguage\":\"pt-PT\",\"@id\":\"https:\/\/www.csj-emballages.com\/pt-pt\/#\/schema\/logo\/image\/\",\"url\":\"https:\/\/www.csj-emballages.com\/wp-content\/uploads\/2023\/10\/logo_csj.webp\",\"contentUrl\":\"https:\/\/www.csj-emballages.com\/wp-content\/uploads\/2023\/10\/logo_csj.webp\",\"width\":250,\"height\":95,\"caption\":\"CSJ Emballages\"},\"image\":{\"@id\":\"https:\/\/www.csj-emballages.com\/pt-pt\/#\/schema\/logo\/image\/\"},\"sameAs\":[\"https:\/\/www.facebook.com\/csjemballages\"],\"address\":{\"@type\":\"PostalAddress\",\"streetAddress\":\"ZI La Lechere\",\"addressLocality\":\"Patornay\",\"postalCode\":\"39130\",\"addressCountry\":\"FR\"},\"contactPoint\":[{\"@type\":\"ContactPoint\",\"contactType\":\"Service client\",\"telephone\":\"0384254272\",\"email\":\"contact@csj-emballages.com\"}]}]}<\/script>\n<!-- \/ Yoast SEO Premium plugin. -->","yoast_head_json":{"title":"Copo de cart\u00e3o impresso - 24 cl","description":"Descubra o nosso copo de papel impresso de 24 cl para bebidas quentes! Oferecemos um pacote de 50 copos robustos e de alta qualidade.","robots":{"index":"index","follow":"follow","max-snippet":"max-snippet:-1","max-image-preview":"max-image-preview:large","max-video-preview":"max-video-preview:-1"},"canonical":"https:\/\/www.csj-emballages.com\/pt-pt\/produit\/50-copos-de-papel-impressos-de-24-cl\/","og_locale":"pt_PT","og_type":"article","og_title":"Copo de papel impresso 24 cl, 50 unidades","og_description":"Descubra o nosso copo de papel impresso de 24 cl para bebidas quentes! Oferecemos um pacote de 50 copos robustos e de alta qualidade.","og_url":"https:\/\/www.csj-emballages.com\/pt-pt\/produit\/50-copos-de-papel-impressos-de-24-cl\/","og_site_name":"CSJ Emballages","article_publisher":"https:\/\/www.facebook.com\/csjemballages","article_modified_time":"2026-04-29T00:11:10+00:00","og_image":[{"width":806,"height":806,"url":"https:\/\/www.csj-emballages.com\/wp-content\/uploads\/2024\/03\/378CS.webp","type":"image\/webp"}],"twitter_card":"summary_large_image","twitter_misc":{"Tempo estimado de leitura":"2 minutos"},"schema":{"@context":"https:\/\/schema.org","@graph":[{"@type":"WebPage","@id":"https:\/\/www.csj-emballages.com\/pt-pt\/produit\/50-copos-de-papel-impressos-de-24-cl\/","url":"https:\/\/www.csj-emballages.com\/pt-pt\/produit\/50-copos-de-papel-impressos-de-24-cl\/","name":"Copo de cart\u00e3o impresso - 24 cl","isPartOf":{"@id":"https:\/\/www.csj-emballages.com\/pt-pt\/#website"},"primaryImageOfPage":{"@id":"https:\/\/www.csj-emballages.com\/pt-pt\/produit\/50-copos-de-papel-impressos-de-24-cl\/#primaryimage"},"image":{"@id":"https:\/\/www.csj-emballages.com\/pt-pt\/produit\/50-copos-de-papel-impressos-de-24-cl\/#primaryimage"},"thumbnailUrl":"https:\/\/www.csj-emballages.com\/wp-content\/uploads\/2024\/03\/378CS.webp","datePublished":"2024-03-01T15:57:44+00:00","dateModified":"2026-04-29T00:11:10+00:00","description":"Descubra o nosso copo de papel impresso de 24 cl para bebidas quentes! Oferecemos um pacote de 50 copos robustos e de alta qualidade.","breadcrumb":{"@id":"https:\/\/www.csj-emballages.com\/pt-pt\/produit\/50-copos-de-papel-impressos-de-24-cl\/#breadcrumb"},"inLanguage":"pt-PT","potentialAction":[{"@type":"ReadAction","target":["https:\/\/www.csj-emballages.com\/pt-pt\/produit\/50-copos-de-papel-impressos-de-24-cl\/"]}]},{"@type":"ImageObject","inLanguage":"pt-PT","@id":"https:\/\/www.csj-emballages.com\/pt-pt\/produit\/50-copos-de-papel-impressos-de-24-cl\/#primaryimage","url":"https:\/\/www.csj-emballages.com\/wp-content\/uploads\/2024\/03\/378CS.webp","contentUrl":"https:\/\/www.csj-emballages.com\/wp-content\/uploads\/2024\/03\/378CS.webp","width":806,"height":806,"caption":"Gobelet carton"},{"@type":"BreadcrumbList","@id":"https:\/\/www.csj-emballages.com\/pt-pt\/produit\/50-copos-de-papel-impressos-de-24-cl\/#breadcrumb","itemListElement":[{"@type":"ListItem","position":1,"name":"Acolhimento","item":"https:\/\/www.csj-emballages.com\/pt-pt\/universo-das-embalagens-alimentares\/"},{"@type":"ListItem","position":2,"name":"Shop","item":"https:\/\/www.csj-emballages.com\/shop\/"},{"@type":"ListItem","position":3,"name":"Copo de papel impresso 24 cl, 50 unidades"}]},{"@type":"WebSite","@id":"https:\/\/www.csj-emballages.com\/pt-pt\/#website","url":"https:\/\/www.csj-emballages.com\/pt-pt\/","name":"CSJ Emballages","description":"","publisher":{"@id":"https:\/\/www.csj-emballages.com\/pt-pt\/#organization"},"potentialAction":[{"@type":"SearchAction","target":{"@type":"EntryPoint","urlTemplate":"https:\/\/www.csj-emballages.com\/pt-pt\/?s={search_term_string}"},"query-input":{"@type":"PropertyValueSpecification","valueRequired":true,"valueName":"search_term_string"}}],"inLanguage":"pt-PT"},{"@type":"Organization","@id":"https:\/\/www.csj-emballages.com\/pt-pt\/#Organization\/","name":"CSJ Emballages","url":"https:\/\/www.csj-emballages.com\/pt-pt\/","logo":{"@type":"ImageObject","inLanguage":"pt-PT","@id":"https:\/\/www.csj-emballages.com\/pt-pt\/#\/schema\/logo\/image\/","url":"https:\/\/www.csj-emballages.com\/wp-content\/uploads\/2023\/10\/logo_csj.webp","contentUrl":"https:\/\/www.csj-emballages.com\/wp-content\/uploads\/2023\/10\/logo_csj.webp","width":250,"height":95,"caption":"CSJ Emballages"},"image":{"@id":"https:\/\/www.csj-emballages.com\/pt-pt\/#\/schema\/logo\/image\/"},"sameAs":["https:\/\/www.facebook.com\/csjemballages"],"address":{"@type":"PostalAddress","streetAddress":"ZI La Lechere","addressLocality":"Patornay","postalCode":"39130","addressCountry":"FR"},"contactPoint":[{"@type":"ContactPoint","contactType":"Service client","telephone":"0384254272","email":"contact@csj-emballages.com"}]}]}},"df_price":2.26,"df_sale_price":"","df_regular_price":2.26,"df_image_link":"https:\/\/www.csj-emballages.com\/wp-content\/uploads\/2024\/03\/378CS-300x300.webp","tiered_pricing_type":"fixed","tiered_pricing_fixed_rules":[],"tiered_pricing_percentage_rules":[],"tiered_pricing_minimum":1,"tiered_pricing_roles_data":[],"_links":{"self":[{"href":"https:\/\/www.csj-emballages.com\/pt-pt\/wp-json\/wp\/v2\/product\/18606","targetHints":{"allow":["GET"]}}],"collection":[{"href":"https:\/\/www.csj-emballages.com\/pt-pt\/wp-json\/wp\/v2\/product"}],"about":[{"href":"https:\/\/www.csj-emballages.com\/pt-pt\/wp-json\/wp\/v2\/types\/product"}],"wp:featuredmedia":[{"embeddable":true,"href":"https:\/\/www.csj-emballages.com\/pt-pt\/wp-json\/wp\/v2\/media\/189340"}],"wp:attachment":[{"href":"https:\/\/www.csj-emballages.com\/pt-pt\/wp-json\/wp\/v2\/media?parent=18606"}],"wp:term":[{"taxonomy":"product_brand","embeddable":true,"href":"https:\/\/www.csj-emballages.com\/pt-pt\/wp-json\/wp\/v2\/product_brand?post=18606"},{"taxonomy":"product_cat","embeddable":true,"href":"https:\/\/www.csj-emballages.com\/pt-pt\/wp-json\/wp\/v2\/product_cat?post=18606"},{"taxonomy":"product_tag","embeddable":true,"href":"https:\/\/www.csj-emballages.com\/pt-pt\/wp-json\/wp\/v2\/product_tag?post=18606"}],"curies":[{"name":"wp","href":"https:\/\/api.w.org\/{rel}","templated":true}]}}