{"id":18605,"date":"2024-03-01T16:57:42","date_gmt":"2024-03-01T15:57:42","guid":{"rendered":"https:\/\/u15jnbdpoq.preview.infomaniak.website\/produit\/pa-de-lixo-metalica\/"},"modified":"2026-04-28T02:11:33","modified_gmt":"2026-04-28T00:11:33","slug":"pa-de-lixo-metalica","status":"publish","type":"product","link":"https:\/\/www.csj-emballages.com\/pt-pt\/produit\/pa-de-lixo-metalica\/","title":{"rendered":"P\u00e1 de metal"},"content":{"rendered":"<p class=\"p1\">P\u00e1 de metal<span class=\"Apple-converted-space\"> <\/span><\/p>\n<hr>\n<h3>Descubra a nossa p\u00e1 de lixo de metal<\/h3>\n<p><!--more--><\/p>\n<p data-start=\"275\" data-end=\"686\">Quando se quer limpar de forma r\u00e1pida e eficaz, s\u00e3o necess\u00e1rias ferramentas que realmente fa\u00e7am o trabalho. Esta <strong data-start=\"367\" data-end=\"410\">p\u00e1 com escova e rebordo de borracha<\/strong> foi concebida para tornar a limpeza mais eficiente, sem esfor\u00e7o desnecess\u00e1rio. Desde a primeira utiliza\u00e7\u00e3o, sente-se a diferen\u00e7a: o <strong>rebordo de borracha adapta-se<\/strong> perfeitamente ao ch\u00e3o e <strong>impede que o p\u00f3 passe por baixo<\/strong>. Resultado: nada escapa, nem mesmo a sujidade mais pequena.   <\/p>\n<p data-start=\"688\" data-end=\"1058\">Gra\u00e7as \u00e0 sua forma larga, a <strong>p\u00e1 recolhe facilmente migalhas<\/strong>, <strong>p\u00f3 ou detritos<\/strong>, quer seja em azulejos, lin\u00f3leo ou um ch\u00e3o mais liso. A escova, por sua vez, possui cerdas suficientemente firmes para recolher eficazmente, mantendo-se agrad\u00e1vel de utilizar. Juntas, formam uma dupla simples, mas extremamente pr\u00e1tica para a manuten\u00e7\u00e3o di\u00e1ria.  <\/p>\n<p data-start=\"1060\" data-end=\"1360\">Al\u00e9m disso, a sua conce\u00e7\u00e3o permite uma arruma\u00e7\u00e3o f\u00e1cil. A <strong>escova encaixa diretamente na p\u00e1<\/strong>, o que evita perd\u00ea-las e permite mant\u00ea-las sempre \u00e0 m\u00e3o. \u00c9 ideal tanto para uso profissional como dom\u00e9stico: lojas, restaurantes, escrit\u00f3rios, oficinas ou casas.  <\/p>\n<p data-start=\"1362\" data-end=\"1620\">Al\u00e9m disso, os materiais utilizados oferecem uma boa resist\u00eancia ao longo do tempo. Mesmo com uma utiliza\u00e7\u00e3o regular, este conjunto permanece fi\u00e1vel e funcional. Trata-se, portanto, de um acess\u00f3rio indispens\u00e1vel para manter os espa\u00e7os limpos sem perder tempo.  <\/p>\n<p data-start=\"1622\" data-end=\"1778\">Em resumo, esta <strong>p\u00e1 e escova com rebordo de borracha<\/strong> \u00e9 uma solu\u00e7\u00e3o simples, pr\u00e1tica e eficaz para uma limpeza r\u00e1pida, precisa e sem frustra\u00e7\u00f5es.<\/p>\n<p data-start=\"1622\" data-end=\"1778\"><!--more--><\/p>\n<h4>Vantagens :<\/h4>\n<ul>\n<li data-start=\"1806\" data-end=\"1860\"><strong>Rebordo de borracha<\/strong> para uma melhor ader\u00eancia ao ch\u00e3o.<\/li>\n<li data-start=\"1863\" data-end=\"1908\">Recolha eficaz sem deixar res\u00edduos.<\/li>\n<li data-start=\"1911\" data-end=\"1942\">Escova com cerdas resistentes.<\/li>\n<li data-start=\"1945\" data-end=\"1991\">Arruma\u00e7\u00e3o f\u00e1cil gra\u00e7as ao sistema de encaixe.<\/li>\n<li data-start=\"1994\" data-end=\"2043\">Adequada para usos profissionais e dom\u00e9sticos.<\/li>\n<\/ul>\n<p>&nbsp;<\/p>\n<p><!--more--><\/p>\n<h4>Outras informa\u00e7\u00f5es :<\/h4>\n<ul>\n<li><strong>Embalagem<\/strong>: Por unidade<\/li>\n<\/ul>\n<p>&nbsp;<\/p>\n<p><!--more--><\/p>\n<p>Encontre aqui a nossa p\u00e1 de lixo de metal: <span style=\"color: #d12727;\"><a style=\"color: #d12727;\" href=\"https:\/\/www.csj-emballages.com\/es\/produit\/recogedor-metalico\/\">38005<\/a><\/span><\/p>\n<p>&nbsp;<\/p>\n<p><!--more--><\/p>\n<p><a href=\"https:\/\/www.csj-emballages.com\/pt-pt\/categorie-produit\/higiene-e-manutencao\/escovas-e-vassouras\/vassoura-escova-espanador-de-penas\/\">Consulte o resto da nossa gama de vassouras \/ escovas \/ espanadores<\/a><\/p>\n","protected":false},"excerpt":{"rendered":"<p>P\u00e1 de metal Descubra a nossa p\u00e1 de lixo de metal<\/p>\n","protected":false},"featured_media":97952,"template":"","meta":{"_acf_changed":false},"product_brand":[],"product_cat":[1222,1456,1821,1829],"product_tag":[],"class_list":{"0":"post-18605","1":"product","2":"type-product","3":"status-publish","4":"has-post-thumbnail","6":"product_cat-higiene-e-manutencao","7":"product_cat-escovas-e-vassouras","8":"product_cat-vassoura-escova-espanador-de-penas","9":"product_cat-vassouras-vassouras-de-chao-espanadores","11":"first","12":"instock","13":"taxable","14":"shipping-taxable","15":"purchasable","16":"product-type-simple"},"acf":[],"yoast_head":"<!-- This site is optimized with the Yoast SEO Premium plugin v26.6 (Yoast SEO v26.6) - https:\/\/yoast.com\/wordpress\/plugins\/seo\/ -->\n<title>P\u00e1 de Metal<\/title>\n<meta name=\"description\" content=\"P\u00e1 de metal robusta e pr\u00e1tica, ideal para servir e para produtos a granel. F\u00e1cil de limpar, dur\u00e1vel e adequada para uso profissional ou di\u00e1rio.\" \/>\n<meta name=\"robots\" content=\"index, follow, max-snippet:-1, max-image-preview:large, max-video-preview:-1\" \/>\n<link rel=\"canonical\" href=\"https:\/\/www.csj-emballages.com\/pt-pt\/produit\/pa-de-lixo-metalica\/\" \/>\n<meta property=\"og:locale\" content=\"pt_PT\" \/>\n<meta property=\"og:type\" content=\"article\" \/>\n<meta property=\"og:title\" content=\"P\u00e1 de metal\" \/>\n<meta property=\"og:description\" content=\"P\u00e1 de metal robusta e pr\u00e1tica, ideal para servir e para produtos a granel. F\u00e1cil de limpar, dur\u00e1vel e adequada para uso profissional ou di\u00e1rio.\" \/>\n<meta property=\"og:url\" content=\"https:\/\/www.csj-emballages.com\/pt-pt\/produit\/pa-de-lixo-metalica\/\" \/>\n<meta property=\"og:site_name\" content=\"CSJ Emballages\" \/>\n<meta property=\"article:publisher\" content=\"https:\/\/www.facebook.com\/csjemballages\" \/>\n<meta property=\"article:modified_time\" content=\"2026-04-28T00:11:33+00:00\" \/>\n<meta property=\"og:image\" content=\"https:\/\/www.csj-emballages.com\/wp-content\/uploads\/2024\/03\/pelle-a-poussiere-metal-galvaoutil-parfait-1431000.png\" \/>\n\t<meta property=\"og:image:width\" content=\"452\" \/>\n\t<meta property=\"og:image:height\" content=\"452\" \/>\n\t<meta property=\"og:image:type\" content=\"image\/png\" \/>\n<meta name=\"twitter:card\" content=\"summary_large_image\" \/>\n<meta name=\"twitter:label1\" content=\"Tempo estimado de leitura\" \/>\n\t<meta name=\"twitter:data1\" content=\"2 minutos\" \/>\n<script type=\"application\/ld+json\" class=\"yoast-schema-graph\">{\"@context\":\"https:\/\/schema.org\",\"@graph\":[{\"@type\":\"WebPage\",\"@id\":\"https:\/\/www.csj-emballages.com\/pt-pt\/produit\/pa-de-lixo-metalica\/\",\"url\":\"https:\/\/www.csj-emballages.com\/pt-pt\/produit\/pa-de-lixo-metalica\/\",\"name\":\"P\u00e1 de Metal\",\"isPartOf\":{\"@id\":\"https:\/\/www.csj-emballages.com\/pt-pt\/#website\"},\"primaryImageOfPage\":{\"@id\":\"https:\/\/www.csj-emballages.com\/pt-pt\/produit\/pa-de-lixo-metalica\/#primaryimage\"},\"image\":{\"@id\":\"https:\/\/www.csj-emballages.com\/pt-pt\/produit\/pa-de-lixo-metalica\/#primaryimage\"},\"thumbnailUrl\":\"https:\/\/www.csj-emballages.com\/wp-content\/uploads\/2024\/03\/pelle-a-poussiere-metal-galvaoutil-parfait-1431000.png\",\"datePublished\":\"2024-03-01T15:57:42+00:00\",\"dateModified\":\"2026-04-28T00:11:33+00:00\",\"description\":\"P\u00e1 de metal robusta e pr\u00e1tica, ideal para servir e para produtos a granel. F\u00e1cil de limpar, dur\u00e1vel e adequada para uso profissional ou di\u00e1rio.\",\"breadcrumb\":{\"@id\":\"https:\/\/www.csj-emballages.com\/pt-pt\/produit\/pa-de-lixo-metalica\/#breadcrumb\"},\"inLanguage\":\"pt-PT\",\"potentialAction\":[{\"@type\":\"ReadAction\",\"target\":[\"https:\/\/www.csj-emballages.com\/pt-pt\/produit\/pa-de-lixo-metalica\/\"]}]},{\"@type\":\"ImageObject\",\"inLanguage\":\"pt-PT\",\"@id\":\"https:\/\/www.csj-emballages.com\/pt-pt\/produit\/pa-de-lixo-metalica\/#primaryimage\",\"url\":\"https:\/\/www.csj-emballages.com\/wp-content\/uploads\/2024\/03\/pelle-a-poussiere-metal-galvaoutil-parfait-1431000.png\",\"contentUrl\":\"https:\/\/www.csj-emballages.com\/wp-content\/uploads\/2024\/03\/pelle-a-poussiere-metal-galvaoutil-parfait-1431000.png\",\"width\":452,\"height\":452},{\"@type\":\"BreadcrumbList\",\"@id\":\"https:\/\/www.csj-emballages.com\/pt-pt\/produit\/pa-de-lixo-metalica\/#breadcrumb\",\"itemListElement\":[{\"@type\":\"ListItem\",\"position\":1,\"name\":\"Acolhimento\",\"item\":\"https:\/\/www.csj-emballages.com\/pt-pt\/universo-das-embalagens-alimentares\/\"},{\"@type\":\"ListItem\",\"position\":2,\"name\":\"Shop\",\"item\":\"https:\/\/www.csj-emballages.com\/shop\/\"},{\"@type\":\"ListItem\",\"position\":3,\"name\":\"P\u00e1 de metal\"}]},{\"@type\":\"WebSite\",\"@id\":\"https:\/\/www.csj-emballages.com\/pt-pt\/#website\",\"url\":\"https:\/\/www.csj-emballages.com\/pt-pt\/\",\"name\":\"CSJ Emballages\",\"description\":\"\",\"publisher\":{\"@id\":\"https:\/\/www.csj-emballages.com\/pt-pt\/#organization\"},\"potentialAction\":[{\"@type\":\"SearchAction\",\"target\":{\"@type\":\"EntryPoint\",\"urlTemplate\":\"https:\/\/www.csj-emballages.com\/pt-pt\/?s={search_term_string}\"},\"query-input\":{\"@type\":\"PropertyValueSpecification\",\"valueRequired\":true,\"valueName\":\"search_term_string\"}}],\"inLanguage\":\"pt-PT\"},{\"@type\":\"Organization\",\"@id\":\"https:\/\/www.csj-emballages.com\/pt-pt\/#Organization\/\",\"name\":\"CSJ Emballages\",\"url\":\"https:\/\/www.csj-emballages.com\/pt-pt\/\",\"logo\":{\"@type\":\"ImageObject\",\"inLanguage\":\"pt-PT\",\"@id\":\"https:\/\/www.csj-emballages.com\/pt-pt\/#\/schema\/logo\/image\/\",\"url\":\"https:\/\/www.csj-emballages.com\/wp-content\/uploads\/2023\/10\/logo_csj.webp\",\"contentUrl\":\"https:\/\/www.csj-emballages.com\/wp-content\/uploads\/2023\/10\/logo_csj.webp\",\"width\":250,\"height\":95,\"caption\":\"CSJ Emballages\"},\"image\":{\"@id\":\"https:\/\/www.csj-emballages.com\/pt-pt\/#\/schema\/logo\/image\/\"},\"sameAs\":[\"https:\/\/www.facebook.com\/csjemballages\"],\"address\":{\"@type\":\"PostalAddress\",\"streetAddress\":\"ZI La Lechere\",\"addressLocality\":\"Patornay\",\"postalCode\":\"39130\",\"addressCountry\":\"FR\"},\"contactPoint\":[{\"@type\":\"ContactPoint\",\"contactType\":\"Service client\",\"telephone\":\"0384254272\",\"email\":\"contact@csj-emballages.com\"}]}]}<\/script>\n<!-- \/ Yoast SEO Premium plugin. -->","yoast_head_json":{"title":"P\u00e1 de Metal","description":"P\u00e1 de metal robusta e pr\u00e1tica, ideal para servir e para produtos a granel. F\u00e1cil de limpar, dur\u00e1vel e adequada para uso profissional ou di\u00e1rio.","robots":{"index":"index","follow":"follow","max-snippet":"max-snippet:-1","max-image-preview":"max-image-preview:large","max-video-preview":"max-video-preview:-1"},"canonical":"https:\/\/www.csj-emballages.com\/pt-pt\/produit\/pa-de-lixo-metalica\/","og_locale":"pt_PT","og_type":"article","og_title":"P\u00e1 de metal","og_description":"P\u00e1 de metal robusta e pr\u00e1tica, ideal para servir e para produtos a granel. F\u00e1cil de limpar, dur\u00e1vel e adequada para uso profissional ou di\u00e1rio.","og_url":"https:\/\/www.csj-emballages.com\/pt-pt\/produit\/pa-de-lixo-metalica\/","og_site_name":"CSJ Emballages","article_publisher":"https:\/\/www.facebook.com\/csjemballages","article_modified_time":"2026-04-28T00:11:33+00:00","og_image":[{"width":452,"height":452,"url":"https:\/\/www.csj-emballages.com\/wp-content\/uploads\/2024\/03\/pelle-a-poussiere-metal-galvaoutil-parfait-1431000.png","type":"image\/png"}],"twitter_card":"summary_large_image","twitter_misc":{"Tempo estimado de leitura":"2 minutos"},"schema":{"@context":"https:\/\/schema.org","@graph":[{"@type":"WebPage","@id":"https:\/\/www.csj-emballages.com\/pt-pt\/produit\/pa-de-lixo-metalica\/","url":"https:\/\/www.csj-emballages.com\/pt-pt\/produit\/pa-de-lixo-metalica\/","name":"P\u00e1 de Metal","isPartOf":{"@id":"https:\/\/www.csj-emballages.com\/pt-pt\/#website"},"primaryImageOfPage":{"@id":"https:\/\/www.csj-emballages.com\/pt-pt\/produit\/pa-de-lixo-metalica\/#primaryimage"},"image":{"@id":"https:\/\/www.csj-emballages.com\/pt-pt\/produit\/pa-de-lixo-metalica\/#primaryimage"},"thumbnailUrl":"https:\/\/www.csj-emballages.com\/wp-content\/uploads\/2024\/03\/pelle-a-poussiere-metal-galvaoutil-parfait-1431000.png","datePublished":"2024-03-01T15:57:42+00:00","dateModified":"2026-04-28T00:11:33+00:00","description":"P\u00e1 de metal robusta e pr\u00e1tica, ideal para servir e para produtos a granel. F\u00e1cil de limpar, dur\u00e1vel e adequada para uso profissional ou di\u00e1rio.","breadcrumb":{"@id":"https:\/\/www.csj-emballages.com\/pt-pt\/produit\/pa-de-lixo-metalica\/#breadcrumb"},"inLanguage":"pt-PT","potentialAction":[{"@type":"ReadAction","target":["https:\/\/www.csj-emballages.com\/pt-pt\/produit\/pa-de-lixo-metalica\/"]}]},{"@type":"ImageObject","inLanguage":"pt-PT","@id":"https:\/\/www.csj-emballages.com\/pt-pt\/produit\/pa-de-lixo-metalica\/#primaryimage","url":"https:\/\/www.csj-emballages.com\/wp-content\/uploads\/2024\/03\/pelle-a-poussiere-metal-galvaoutil-parfait-1431000.png","contentUrl":"https:\/\/www.csj-emballages.com\/wp-content\/uploads\/2024\/03\/pelle-a-poussiere-metal-galvaoutil-parfait-1431000.png","width":452,"height":452},{"@type":"BreadcrumbList","@id":"https:\/\/www.csj-emballages.com\/pt-pt\/produit\/pa-de-lixo-metalica\/#breadcrumb","itemListElement":[{"@type":"ListItem","position":1,"name":"Acolhimento","item":"https:\/\/www.csj-emballages.com\/pt-pt\/universo-das-embalagens-alimentares\/"},{"@type":"ListItem","position":2,"name":"Shop","item":"https:\/\/www.csj-emballages.com\/shop\/"},{"@type":"ListItem","position":3,"name":"P\u00e1 de metal"}]},{"@type":"WebSite","@id":"https:\/\/www.csj-emballages.com\/pt-pt\/#website","url":"https:\/\/www.csj-emballages.com\/pt-pt\/","name":"CSJ Emballages","description":"","publisher":{"@id":"https:\/\/www.csj-emballages.com\/pt-pt\/#organization"},"potentialAction":[{"@type":"SearchAction","target":{"@type":"EntryPoint","urlTemplate":"https:\/\/www.csj-emballages.com\/pt-pt\/?s={search_term_string}"},"query-input":{"@type":"PropertyValueSpecification","valueRequired":true,"valueName":"search_term_string"}}],"inLanguage":"pt-PT"},{"@type":"Organization","@id":"https:\/\/www.csj-emballages.com\/pt-pt\/#Organization\/","name":"CSJ Emballages","url":"https:\/\/www.csj-emballages.com\/pt-pt\/","logo":{"@type":"ImageObject","inLanguage":"pt-PT","@id":"https:\/\/www.csj-emballages.com\/pt-pt\/#\/schema\/logo\/image\/","url":"https:\/\/www.csj-emballages.com\/wp-content\/uploads\/2023\/10\/logo_csj.webp","contentUrl":"https:\/\/www.csj-emballages.com\/wp-content\/uploads\/2023\/10\/logo_csj.webp","width":250,"height":95,"caption":"CSJ Emballages"},"image":{"@id":"https:\/\/www.csj-emballages.com\/pt-pt\/#\/schema\/logo\/image\/"},"sameAs":["https:\/\/www.facebook.com\/csjemballages"],"address":{"@type":"PostalAddress","streetAddress":"ZI La Lechere","addressLocality":"Patornay","postalCode":"39130","addressCountry":"FR"},"contactPoint":[{"@type":"ContactPoint","contactType":"Service client","telephone":"0384254272","email":"contact@csj-emballages.com"}]}]}},"df_price":2.77,"df_sale_price":"","df_regular_price":2.77,"df_image_link":"https:\/\/www.csj-emballages.com\/wp-content\/uploads\/2024\/03\/pelle-a-poussiere-metal-galvaoutil-parfait-1431000-300x300.png","tiered_pricing_type":"fixed","tiered_pricing_fixed_rules":[],"tiered_pricing_percentage_rules":[],"tiered_pricing_minimum":1,"tiered_pricing_roles_data":[],"_links":{"self":[{"href":"https:\/\/www.csj-emballages.com\/pt-pt\/wp-json\/wp\/v2\/product\/18605","targetHints":{"allow":["GET"]}}],"collection":[{"href":"https:\/\/www.csj-emballages.com\/pt-pt\/wp-json\/wp\/v2\/product"}],"about":[{"href":"https:\/\/www.csj-emballages.com\/pt-pt\/wp-json\/wp\/v2\/types\/product"}],"wp:featuredmedia":[{"embeddable":true,"href":"https:\/\/www.csj-emballages.com\/pt-pt\/wp-json\/wp\/v2\/media\/97952"}],"wp:attachment":[{"href":"https:\/\/www.csj-emballages.com\/pt-pt\/wp-json\/wp\/v2\/media?parent=18605"}],"wp:term":[{"taxonomy":"product_brand","embeddable":true,"href":"https:\/\/www.csj-emballages.com\/pt-pt\/wp-json\/wp\/v2\/product_brand?post=18605"},{"taxonomy":"product_cat","embeddable":true,"href":"https:\/\/www.csj-emballages.com\/pt-pt\/wp-json\/wp\/v2\/product_cat?post=18605"},{"taxonomy":"product_tag","embeddable":true,"href":"https:\/\/www.csj-emballages.com\/pt-pt\/wp-json\/wp\/v2\/product_tag?post=18605"}],"curies":[{"name":"wp","href":"https:\/\/api.w.org\/{rel}","templated":true}]}}