{"id":18592,"date":"2024-03-01T16:59:28","date_gmt":"2024-03-01T15:59:28","guid":{"rendered":"https:\/\/u15jnbdpoq.preview.infomaniak.website\/produit\/copo-mojito-de-cristal-reutilizavel-luxo-inquebravel-40-cl\/"},"modified":"2026-03-20T02:10:20","modified_gmt":"2026-03-20T01:10:20","slug":"copo-mojito-de-cristal-reutilizavel-luxo-inquebravel-40-cl","status":"publish","type":"product","link":"https:\/\/www.csj-emballages.com\/pt-pt\/produit\/copo-mojito-de-cristal-reutilizavel-luxo-inquebravel-40-cl\/","title":{"rendered":"Copo mojito de cristal reutiliz\u00e1vel e inquebr\u00e1vel 40 cl"},"content":{"rendered":"<h2>Copo de mojito<\/h2>\n<hr>\n<h3>Descri\u00e7\u00e3o do nosso copo de mojito reutiliz\u00e1vel de cristal inquebr\u00e1vel 40 cl<\/h3>\n<p>Descubra o nosso <strong>copo de cristal para mojito 40cl<\/strong>. Estes <strong>copos inquebr\u00e1veis<\/strong> combinam eleg\u00e2ncia e durabilidade, perfeitos para as suas noites festivas. Gra\u00e7as ao seu design em cristal reutiliz\u00e1vel, conferem um toque de sofistica\u00e7\u00e3o, ao mesmo tempo que s\u00e3o amigos do ambiente. F\u00e1ceis de cuidar, estes copos s\u00e3o resistentes ao choque, garantindo uma utiliza\u00e7\u00e3o prolongada sem o risco de se partirem. A sua transpar\u00eancia brilhante ir\u00e1 real\u00e7ar os seus cocktails, oferecendo uma experi\u00eancia visual \u00fanica. Ideais para eventos ao ar livre ou encontros informais, estes copos s\u00e3o adequados para todas as ocasi\u00f5es.     <\/p>\n<p>Para al\u00e9m do seu design requintado, estes copos s\u00e3o leves, tornando-os f\u00e1ceis de manusear. O seu volume perfeito de <strong>40 cl<\/strong> significa que pode servir um mojito generoso, deixando muito espa\u00e7o para cubos de gelo e guarni\u00e7\u00f5es. Apreciar\u00e1 a robustez destes copos, que suportam os golpes do dia a dia sem perder o brilho. Utilize-os em churrascos, piqueniques ou noites fora com amigos para impressionar os seus convidados com estilo e praticidade.   <\/p>\n<p>Em suma, <strong>os copos de mojito cristals 40cl<\/strong> oferecem uma solu\u00e7\u00e3o duradoura, elegante e inquebr\u00e1vel para as suas ocasi\u00f5es sociais.<\/p>\n<p><!--more--><\/p>\n<p><strong>Vantagens :<\/strong><\/p>\n<ul>\n<li><strong>Inquebr\u00e1vel<\/strong>: Estas lentes resistentes ao impacto s\u00e3o perfeitas para evitar acidentes.<\/li>\n<li><strong>Reutiliz\u00e1vel<\/strong>: Uma escolha amiga do ambiente, reduzindo os res\u00edduos de pl\u00e1stico de utiliza\u00e7\u00e3o \u00fanica.<\/li>\n<li><strong>F\u00e1cil de cuidar<\/strong>: lav\u00e1veis \u00e0 m\u00e1quina, mant\u00eam o seu brilho ao longo do tempo.<\/li>\n<\/ul>\n<p>&nbsp;<\/p>\n<p><!--more--><\/p>\n<p><span style=\"color: #d12727;\"><a style=\"color: #d12727;\" href=\"https:\/\/www.csj-emballages.com\/produit\/verre-mojito-reutilisables-cristal-luxe-incassable-25cl\/\">Encontra aqui o copo de mojito em 25cl.<\/a><\/span><\/p>\n<p>&nbsp;<\/p>\n<p><!--more--><\/p>\n<p><a href=\"\/?product_cat=vaisselles-reutilisables\">V\u00ea o resto da nossa gama de pratos reutiliz\u00e1veis<\/a><\/p>\n","protected":false},"excerpt":{"rendered":"<p>Copo de mojito Descri\u00e7\u00e3o do nosso copo de mojito reutiliz\u00e1vel de cristal inquebr\u00e1vel 40 cl Descubra o nosso copo de cristal para mojito 40cl. Estes copos inquebr\u00e1veis combinam eleg\u00e2ncia e durabilidade, perfeitos para as suas noites festivas. Gra\u00e7as ao seu design em cristal reutiliz\u00e1vel, conferem um toque de sofistica\u00e7\u00e3o, ao mesmo tempo que s\u00e3o amigos [&hellip;]<\/p>\n","protected":false},"featured_media":197124,"template":"","meta":{"_acf_changed":false},"product_brand":[],"product_cat":[1141,1138,1471,1472,6722,1267],"product_tag":[],"class_list":{"0":"post-18592","1":"product","2":"type-product","3":"status-publish","4":"has-post-thumbnail","6":"product_cat-embalagem-de-alimentos","7":"product_cat-restauracao","8":"product_cat-chavenas-copos-baldes-garrafas","9":"product_cat-copos-e-chavenas-inquebraveis-e-reutilizaveis","10":"product_cat-pratos-reutilizaveis","11":"product_cat-descontos-promocoes","13":"first","14":"instock","15":"sale","16":"taxable","17":"shipping-taxable","18":"purchasable","19":"product-type-simple"},"acf":[],"yoast_head":"<!-- This site is optimized with the Yoast SEO Premium plugin v26.6 (Yoast SEO v26.6) - https:\/\/yoast.com\/wordpress\/plugins\/seo\/ -->\n<title>Copo reutiliz\u00e1vel para Mojito - 40cl<\/title>\n<meta name=\"description\" content=\"Descubra o nosso copo de mojito em cristal de 40cl: inquebr\u00e1vel, elegante, ecol\u00f3gico e perfeito para todos os seus eventos! Dispon\u00edvel individualmente.\" \/>\n<meta name=\"robots\" content=\"index, follow, max-snippet:-1, max-image-preview:large, max-video-preview:-1\" \/>\n<link rel=\"canonical\" href=\"https:\/\/www.csj-emballages.com\/pt-pt\/produit\/copo-mojito-de-cristal-reutilizavel-luxo-inquebravel-40-cl\/\" \/>\n<meta property=\"og:locale\" content=\"pt_PT\" \/>\n<meta property=\"og:type\" content=\"article\" \/>\n<meta property=\"og:title\" content=\"Copo mojito de cristal reutiliz\u00e1vel e inquebr\u00e1vel 40 cl\" \/>\n<meta property=\"og:description\" content=\"Descubra o nosso copo de mojito em cristal de 40cl: inquebr\u00e1vel, elegante, ecol\u00f3gico e perfeito para todos os seus eventos! Dispon\u00edvel individualmente.\" \/>\n<meta property=\"og:url\" content=\"https:\/\/www.csj-emballages.com\/pt-pt\/produit\/copo-mojito-de-cristal-reutilizavel-luxo-inquebravel-40-cl\/\" \/>\n<meta property=\"og:site_name\" content=\"CSJ Emballages\" \/>\n<meta property=\"article:publisher\" content=\"https:\/\/www.facebook.com\/csjemballages\" \/>\n<meta property=\"article:modified_time\" content=\"2026-03-20T01:10:20+00:00\" \/>\n<meta property=\"og:image\" content=\"https:\/\/www.csj-emballages.com\/wp-content\/uploads\/2024\/03\/Verre-mojito-cristal-40cl-1.webp\" \/>\n\t<meta property=\"og:image:width\" content=\"798\" \/>\n\t<meta property=\"og:image:height\" content=\"800\" \/>\n\t<meta property=\"og:image:type\" content=\"image\/webp\" \/>\n<meta name=\"twitter:card\" content=\"summary_large_image\" \/>\n<meta name=\"twitter:label1\" content=\"Tempo estimado de leitura\" \/>\n\t<meta name=\"twitter:data1\" content=\"1 minuto\" \/>\n<script type=\"application\/ld+json\" class=\"yoast-schema-graph\">{\"@context\":\"https:\/\/schema.org\",\"@graph\":[{\"@type\":\"WebPage\",\"@id\":\"https:\/\/www.csj-emballages.com\/pt-pt\/produit\/copo-mojito-de-cristal-reutilizavel-luxo-inquebravel-40-cl\/\",\"url\":\"https:\/\/www.csj-emballages.com\/pt-pt\/produit\/copo-mojito-de-cristal-reutilizavel-luxo-inquebravel-40-cl\/\",\"name\":\"Copo reutiliz\u00e1vel para Mojito - 40cl\",\"isPartOf\":{\"@id\":\"https:\/\/www.csj-emballages.com\/pt-pt\/#website\"},\"primaryImageOfPage\":{\"@id\":\"https:\/\/www.csj-emballages.com\/pt-pt\/produit\/copo-mojito-de-cristal-reutilizavel-luxo-inquebravel-40-cl\/#primaryimage\"},\"image\":{\"@id\":\"https:\/\/www.csj-emballages.com\/pt-pt\/produit\/copo-mojito-de-cristal-reutilizavel-luxo-inquebravel-40-cl\/#primaryimage\"},\"thumbnailUrl\":\"https:\/\/www.csj-emballages.com\/wp-content\/uploads\/2024\/03\/Verre-mojito-cristal-40cl-1.webp\",\"datePublished\":\"2024-03-01T15:59:28+00:00\",\"dateModified\":\"2026-03-20T01:10:20+00:00\",\"description\":\"Descubra o nosso copo de mojito em cristal de 40cl: inquebr\u00e1vel, elegante, ecol\u00f3gico e perfeito para todos os seus eventos! Dispon\u00edvel individualmente.\",\"breadcrumb\":{\"@id\":\"https:\/\/www.csj-emballages.com\/pt-pt\/produit\/copo-mojito-de-cristal-reutilizavel-luxo-inquebravel-40-cl\/#breadcrumb\"},\"inLanguage\":\"pt-PT\",\"potentialAction\":[{\"@type\":\"ReadAction\",\"target\":[\"https:\/\/www.csj-emballages.com\/pt-pt\/produit\/copo-mojito-de-cristal-reutilizavel-luxo-inquebravel-40-cl\/\"]}]},{\"@type\":\"ImageObject\",\"inLanguage\":\"pt-PT\",\"@id\":\"https:\/\/www.csj-emballages.com\/pt-pt\/produit\/copo-mojito-de-cristal-reutilizavel-luxo-inquebravel-40-cl\/#primaryimage\",\"url\":\"https:\/\/www.csj-emballages.com\/wp-content\/uploads\/2024\/03\/Verre-mojito-cristal-40cl-1.webp\",\"contentUrl\":\"https:\/\/www.csj-emballages.com\/wp-content\/uploads\/2024\/03\/Verre-mojito-cristal-40cl-1.webp\",\"width\":798,\"height\":800,\"caption\":\"verre mojito\"},{\"@type\":\"BreadcrumbList\",\"@id\":\"https:\/\/www.csj-emballages.com\/pt-pt\/produit\/copo-mojito-de-cristal-reutilizavel-luxo-inquebravel-40-cl\/#breadcrumb\",\"itemListElement\":[{\"@type\":\"ListItem\",\"position\":1,\"name\":\"Acolhimento\",\"item\":\"https:\/\/www.csj-emballages.com\/pt-pt\/universo-das-embalagens-alimentares\/\"},{\"@type\":\"ListItem\",\"position\":2,\"name\":\"Shop\",\"item\":\"https:\/\/www.csj-emballages.com\/shop\/\"},{\"@type\":\"ListItem\",\"position\":3,\"name\":\"Copo mojito de cristal reutiliz\u00e1vel e inquebr\u00e1vel 40 cl\"}]},{\"@type\":\"WebSite\",\"@id\":\"https:\/\/www.csj-emballages.com\/pt-pt\/#website\",\"url\":\"https:\/\/www.csj-emballages.com\/pt-pt\/\",\"name\":\"CSJ Emballages\",\"description\":\"\",\"publisher\":{\"@id\":\"https:\/\/www.csj-emballages.com\/pt-pt\/#organization\"},\"potentialAction\":[{\"@type\":\"SearchAction\",\"target\":{\"@type\":\"EntryPoint\",\"urlTemplate\":\"https:\/\/www.csj-emballages.com\/pt-pt\/?s={search_term_string}\"},\"query-input\":{\"@type\":\"PropertyValueSpecification\",\"valueRequired\":true,\"valueName\":\"search_term_string\"}}],\"inLanguage\":\"pt-PT\"},{\"@type\":\"Organization\",\"@id\":\"https:\/\/www.csj-emballages.com\/pt-pt\/#Organization\/\",\"name\":\"CSJ Emballages\",\"url\":\"https:\/\/www.csj-emballages.com\/pt-pt\/\",\"logo\":{\"@type\":\"ImageObject\",\"inLanguage\":\"pt-PT\",\"@id\":\"https:\/\/www.csj-emballages.com\/pt-pt\/#\/schema\/logo\/image\/\",\"url\":\"https:\/\/www.csj-emballages.com\/wp-content\/uploads\/2023\/10\/logo_csj.webp\",\"contentUrl\":\"https:\/\/www.csj-emballages.com\/wp-content\/uploads\/2023\/10\/logo_csj.webp\",\"width\":250,\"height\":95,\"caption\":\"CSJ Emballages\"},\"image\":{\"@id\":\"https:\/\/www.csj-emballages.com\/pt-pt\/#\/schema\/logo\/image\/\"},\"sameAs\":[\"https:\/\/www.facebook.com\/csjemballages\"],\"address\":{\"@type\":\"PostalAddress\",\"streetAddress\":\"ZI La Lechere\",\"addressLocality\":\"Patornay\",\"postalCode\":\"39130\",\"addressCountry\":\"FR\"},\"contactPoint\":[{\"@type\":\"ContactPoint\",\"contactType\":\"Service client\",\"telephone\":\"0384254272\",\"email\":\"contact@csj-emballages.com\"}]}]}<\/script>\n<!-- \/ Yoast SEO Premium plugin. -->","yoast_head_json":{"title":"Copo reutiliz\u00e1vel para Mojito - 40cl","description":"Descubra o nosso copo de mojito em cristal de 40cl: inquebr\u00e1vel, elegante, ecol\u00f3gico e perfeito para todos os seus eventos! Dispon\u00edvel individualmente.","robots":{"index":"index","follow":"follow","max-snippet":"max-snippet:-1","max-image-preview":"max-image-preview:large","max-video-preview":"max-video-preview:-1"},"canonical":"https:\/\/www.csj-emballages.com\/pt-pt\/produit\/copo-mojito-de-cristal-reutilizavel-luxo-inquebravel-40-cl\/","og_locale":"pt_PT","og_type":"article","og_title":"Copo mojito de cristal reutiliz\u00e1vel e inquebr\u00e1vel 40 cl","og_description":"Descubra o nosso copo de mojito em cristal de 40cl: inquebr\u00e1vel, elegante, ecol\u00f3gico e perfeito para todos os seus eventos! Dispon\u00edvel individualmente.","og_url":"https:\/\/www.csj-emballages.com\/pt-pt\/produit\/copo-mojito-de-cristal-reutilizavel-luxo-inquebravel-40-cl\/","og_site_name":"CSJ Emballages","article_publisher":"https:\/\/www.facebook.com\/csjemballages","article_modified_time":"2026-03-20T01:10:20+00:00","og_image":[{"width":798,"height":800,"url":"https:\/\/www.csj-emballages.com\/wp-content\/uploads\/2024\/03\/Verre-mojito-cristal-40cl-1.webp","type":"image\/webp"}],"twitter_card":"summary_large_image","twitter_misc":{"Tempo estimado de leitura":"1 minuto"},"schema":{"@context":"https:\/\/schema.org","@graph":[{"@type":"WebPage","@id":"https:\/\/www.csj-emballages.com\/pt-pt\/produit\/copo-mojito-de-cristal-reutilizavel-luxo-inquebravel-40-cl\/","url":"https:\/\/www.csj-emballages.com\/pt-pt\/produit\/copo-mojito-de-cristal-reutilizavel-luxo-inquebravel-40-cl\/","name":"Copo reutiliz\u00e1vel para Mojito - 40cl","isPartOf":{"@id":"https:\/\/www.csj-emballages.com\/pt-pt\/#website"},"primaryImageOfPage":{"@id":"https:\/\/www.csj-emballages.com\/pt-pt\/produit\/copo-mojito-de-cristal-reutilizavel-luxo-inquebravel-40-cl\/#primaryimage"},"image":{"@id":"https:\/\/www.csj-emballages.com\/pt-pt\/produit\/copo-mojito-de-cristal-reutilizavel-luxo-inquebravel-40-cl\/#primaryimage"},"thumbnailUrl":"https:\/\/www.csj-emballages.com\/wp-content\/uploads\/2024\/03\/Verre-mojito-cristal-40cl-1.webp","datePublished":"2024-03-01T15:59:28+00:00","dateModified":"2026-03-20T01:10:20+00:00","description":"Descubra o nosso copo de mojito em cristal de 40cl: inquebr\u00e1vel, elegante, ecol\u00f3gico e perfeito para todos os seus eventos! Dispon\u00edvel individualmente.","breadcrumb":{"@id":"https:\/\/www.csj-emballages.com\/pt-pt\/produit\/copo-mojito-de-cristal-reutilizavel-luxo-inquebravel-40-cl\/#breadcrumb"},"inLanguage":"pt-PT","potentialAction":[{"@type":"ReadAction","target":["https:\/\/www.csj-emballages.com\/pt-pt\/produit\/copo-mojito-de-cristal-reutilizavel-luxo-inquebravel-40-cl\/"]}]},{"@type":"ImageObject","inLanguage":"pt-PT","@id":"https:\/\/www.csj-emballages.com\/pt-pt\/produit\/copo-mojito-de-cristal-reutilizavel-luxo-inquebravel-40-cl\/#primaryimage","url":"https:\/\/www.csj-emballages.com\/wp-content\/uploads\/2024\/03\/Verre-mojito-cristal-40cl-1.webp","contentUrl":"https:\/\/www.csj-emballages.com\/wp-content\/uploads\/2024\/03\/Verre-mojito-cristal-40cl-1.webp","width":798,"height":800,"caption":"verre mojito"},{"@type":"BreadcrumbList","@id":"https:\/\/www.csj-emballages.com\/pt-pt\/produit\/copo-mojito-de-cristal-reutilizavel-luxo-inquebravel-40-cl\/#breadcrumb","itemListElement":[{"@type":"ListItem","position":1,"name":"Acolhimento","item":"https:\/\/www.csj-emballages.com\/pt-pt\/universo-das-embalagens-alimentares\/"},{"@type":"ListItem","position":2,"name":"Shop","item":"https:\/\/www.csj-emballages.com\/shop\/"},{"@type":"ListItem","position":3,"name":"Copo mojito de cristal reutiliz\u00e1vel e inquebr\u00e1vel 40 cl"}]},{"@type":"WebSite","@id":"https:\/\/www.csj-emballages.com\/pt-pt\/#website","url":"https:\/\/www.csj-emballages.com\/pt-pt\/","name":"CSJ Emballages","description":"","publisher":{"@id":"https:\/\/www.csj-emballages.com\/pt-pt\/#organization"},"potentialAction":[{"@type":"SearchAction","target":{"@type":"EntryPoint","urlTemplate":"https:\/\/www.csj-emballages.com\/pt-pt\/?s={search_term_string}"},"query-input":{"@type":"PropertyValueSpecification","valueRequired":true,"valueName":"search_term_string"}}],"inLanguage":"pt-PT"},{"@type":"Organization","@id":"https:\/\/www.csj-emballages.com\/pt-pt\/#Organization\/","name":"CSJ Emballages","url":"https:\/\/www.csj-emballages.com\/pt-pt\/","logo":{"@type":"ImageObject","inLanguage":"pt-PT","@id":"https:\/\/www.csj-emballages.com\/pt-pt\/#\/schema\/logo\/image\/","url":"https:\/\/www.csj-emballages.com\/wp-content\/uploads\/2023\/10\/logo_csj.webp","contentUrl":"https:\/\/www.csj-emballages.com\/wp-content\/uploads\/2023\/10\/logo_csj.webp","width":250,"height":95,"caption":"CSJ Emballages"},"image":{"@id":"https:\/\/www.csj-emballages.com\/pt-pt\/#\/schema\/logo\/image\/"},"sameAs":["https:\/\/www.facebook.com\/csjemballages"],"address":{"@type":"PostalAddress","streetAddress":"ZI La Lechere","addressLocality":"Patornay","postalCode":"39130","addressCountry":"FR"},"contactPoint":[{"@type":"ContactPoint","contactType":"Service client","telephone":"0384254272","email":"contact@csj-emballages.com"}]}]}},"df_price":1.57,"df_sale_price":1.57,"df_regular_price":2.09,"df_image_link":"https:\/\/www.csj-emballages.com\/wp-content\/uploads\/2024\/03\/Verre-mojito-cristal-40cl-1-300x300.webp","tiered_pricing_type":"fixed","tiered_pricing_fixed_rules":[],"tiered_pricing_percentage_rules":[],"tiered_pricing_minimum":1,"tiered_pricing_roles_data":[],"_links":{"self":[{"href":"https:\/\/www.csj-emballages.com\/pt-pt\/wp-json\/wp\/v2\/product\/18592","targetHints":{"allow":["GET"]}}],"collection":[{"href":"https:\/\/www.csj-emballages.com\/pt-pt\/wp-json\/wp\/v2\/product"}],"about":[{"href":"https:\/\/www.csj-emballages.com\/pt-pt\/wp-json\/wp\/v2\/types\/product"}],"wp:featuredmedia":[{"embeddable":true,"href":"https:\/\/www.csj-emballages.com\/pt-pt\/wp-json\/wp\/v2\/media\/197124"}],"wp:attachment":[{"href":"https:\/\/www.csj-emballages.com\/pt-pt\/wp-json\/wp\/v2\/media?parent=18592"}],"wp:term":[{"taxonomy":"product_brand","embeddable":true,"href":"https:\/\/www.csj-emballages.com\/pt-pt\/wp-json\/wp\/v2\/product_brand?post=18592"},{"taxonomy":"product_cat","embeddable":true,"href":"https:\/\/www.csj-emballages.com\/pt-pt\/wp-json\/wp\/v2\/product_cat?post=18592"},{"taxonomy":"product_tag","embeddable":true,"href":"https:\/\/www.csj-emballages.com\/pt-pt\/wp-json\/wp\/v2\/product_tag?post=18592"}],"curies":[{"name":"wp","href":"https:\/\/api.w.org\/{rel}","templated":true}]}}