{"id":18587,"date":"2024-03-01T16:59:28","date_gmt":"2024-03-01T15:59:28","guid":{"rendered":"https:\/\/u15jnbdpoq.preview.infomaniak.website\/produit\/10-sacos-de-lixo-transparentes-de-160-litros-e-50-%c2%b5\/"},"modified":"2026-04-28T02:11:01","modified_gmt":"2026-04-28T00:11:01","slug":"10-sacos-de-lixo-transparentes-de-160-litros-e-50-%c2%b5","status":"publish","type":"product","link":"https:\/\/www.csj-emballages.com\/pt-pt\/produit\/10-sacos-de-lixo-transparentes-de-160-litros-e-50-%c2%b5\/","title":{"rendered":"Saco de lixo transparente 160 litros 50 \u00b5 por 10"},"content":{"rendered":"<h2>Saco de lixo transparente<\/h2>\n<hr>\n<h3>Descubra o nosso saco de lixo transparente 160 litros 50 \u00b5 por 10<\/h3>\n<p><!--more--><\/p>\n<p data-start=\"198\" data-end=\"573\">Estes <strong data-start=\"202\" data-end=\"243\">sacos de lixo transparentes de 160 litros<\/strong> foram concebidos para volumes importantes e utiliza\u00e7\u00f5es exigentes. A sua <strong>grande capacidade<\/strong> permite gerir facilmente os res\u00edduos volumosos ou as recolhas importantes, sem ter de multiplicar os sacos. Quer seja em ambiente profissional, em coletividade ou num espa\u00e7o de armazenamento, oferecem uma solu\u00e7\u00e3o simples e eficaz.  <\/p>\n<p data-start=\"575\" data-end=\"982\">Com uma <strong>espessura<\/strong> de <strong data-start=\"597\" data-end=\"611\">50 microns<\/strong>, estes <strong>sacos<\/strong> garantem uma boa resist\u00eancia ao peso e aos rasg\u00f5es. Suportam cargas pesadas e manipula\u00e7\u00f5es repetidas, o que limita os riscos de fugas ou de ruturas no momento do transporte. Al\u00e9m disso, a sua <strong>transpar\u00eancia permite identificar rapidamente o conte\u00fado<\/strong>, uma mais-valia para a triagem, o controlo ou o cumprimento das regras de higiene e seguran\u00e7a.  <\/p>\n<p data-start=\"984\" data-end=\"1246\">Estes <strong>sacos<\/strong> s\u00e3o perfeitos para <strong>armaz\u00e9ns, cozinhas profissionais, oficinas, estabelecimentos de sa\u00fade ou eventos<\/strong> que necessitem de uma gest\u00e3o clara dos res\u00edduos. Instalam-se facilmente nos grandes suportes e fecham-se simplesmente quando est\u00e3o cheios. <\/p>\n<p data-start=\"1248\" data-end=\"1481\">Vendidos <strong data-start=\"1255\" data-end=\"1272\">em lote de 10<\/strong>, respondem \u00e0s necessidades pontuais, bem como \u00e0s utiliza\u00e7\u00f5es regulares, sem sobrecarregar o espa\u00e7o de armazenamento. \u00c9 um formato pr\u00e1tico para manter um stock controlado, mantendo-se preparado para grandes volumes. <\/p>\n<p data-start=\"1483\" data-end=\"1681\">Em resumo, estes <strong>sacos de lixo transparentes de 160 litros<\/strong> aliam solidez, visibilidade e grande capacidade. Facilitam a gest\u00e3o dos res\u00edduos, adaptando-se \u00e0s restri\u00e7\u00f5es dos ambientes profissionais. <\/p>\n<p data-start=\"1483\" data-end=\"1681\">\n<p data-start=\"1483\" data-end=\"1681\"><!--more--><\/p>\n<h4 data-start=\"1483\" data-end=\"1681\">Vantagens :<\/h4>\n<ul>\n<li data-start=\"1709\" data-end=\"1743\">Grande capacidade de <strong>160 litros<\/strong>.<\/li>\n<li data-start=\"1746\" data-end=\"1789\"><strong>Espessura 50 \u00b5<\/strong> para uma boa resist\u00eancia.<\/li>\n<li data-start=\"1792\" data-end=\"1841\">Transpar\u00eancia ideal para a triagem e o controlo.<\/li>\n<li data-start=\"1844\" data-end=\"1874\">Adaptados a cargas pesadas.<\/li>\n<li data-start=\"1877\" data-end=\"1921\">Utiliza\u00e7\u00e3o profissional ou coletiva.<\/li>\n<li data-start=\"1924\" data-end=\"1948\">Lote pr\u00e1tico de <strong>10 sacos<\/strong>.<\/li>\n<\/ul>\n<p>&nbsp;<\/p>\n<p><!--more--><\/p>\n<h4>Outras informa\u00e7\u00f5es :<\/h4>\n<ul style=\"font-family: Roboto, sans-serif;\">\n<li><strong>Embalagem<\/strong>: Rolo de 10<\/li>\n<li><strong>Dimens\u00f5es<\/strong>: 880 mm x 1050 mm<\/li>\n<li><span style=\"font-weight: bold;\">Volume:<\/span> 160 litros<\/li>\n<li><strong>Espessura<\/strong>: 50 \u00b5<\/li>\n<li><strong>Cor<\/strong>: Transparente<\/li>\n<li><strong>Material<\/strong>: PEAD<\/li>\n<\/ul>\n<p>&nbsp;<\/p>\n<p><!--more--><\/p>\n<p>Este saco de lixo de 160 litros est\u00e1 dispon\u00edvel em diferentes tamanhos: <span style=\"color: #d12727;\"><a style=\"color: #d12727;\" href=\"https:\/\/www.csj-emballages.com\/produit\/25-sacs-poubelles-130-litres-noirs-40-%c2%b5\/\">130 litros (40 \u00b5)<\/a><\/span> \/ <span style=\"color: #d12727;\"><a style=\"color: #d12727;\" href=\"https:\/\/www.csj-emballages.com\/produit\/10-sacs-poubelles-130-litres-noirs-75-%c2%b5\/\">130 litros (75 \u00b5)<\/a><\/span> \/ <span style=\"color: #d12727;\"><a style=\"color: #d12727;\" href=\"https:\/\/www.csj-emballages.com\/produit\/10-sacs-poubelles-150-litres-noirs-50-%c2%b5\/\">150 litros (50 \u00b5)<\/a><\/span> \/ <span style=\"color: #d12727;\"><a style=\"color: #d12727;\" href=\"https:\/\/www.csj-emballages.com\/es\/produit\/10-bolsas-de-basura-negras-de-55-%c2%b5-y-160-litros\/\">160 litros (55 \u00b5)<\/a><\/span>\/<span style=\"color: #d12727;\"><a style=\"color: #d12727;\" href=\"https:\/\/www.csj-emballages.com\/pt-pt\/categorie-produit\/higiene-e-manutencao\/sacos-de-lixo\/\">&#8230;<\/a><\/span><\/p>\n<p>&nbsp;<\/p>\n<p><!--more--><\/p>\n<p><a href=\"https:\/\/www.csj-emballages.com\/pt-pt\/categorie-produit\/higiene-e-manutencao\/sacos-de-lixo\/\">Ver o resto da nossa gama de sacos de lixo<\/a><\/p>\n","protected":false},"excerpt":{"rendered":"<p>Saco de lixo transparente Descubra o nosso saco de lixo transparente 160 litros 50 \u00b5 por 10<\/p>\n","protected":false},"featured_media":263266,"template":"","meta":{"_acf_changed":false},"product_brand":[],"product_cat":[1222,1874],"product_tag":[],"class_list":{"0":"post-18587","1":"product","2":"type-product","3":"status-publish","4":"has-post-thumbnail","6":"product_cat-higiene-e-manutencao","7":"product_cat-sacos-de-lixo","9":"first","10":"instock","11":"taxable","12":"shipping-taxable","13":"purchasable","14":"product-type-simple"},"acf":[],"yoast_head":"<!-- This site is optimized with the Yoast SEO Premium plugin v26.6 (Yoast SEO v26.6) - https:\/\/yoast.com\/wordpress\/plugins\/seo\/ -->\n<title>Saco de Lixo Transparente 160 Litros 50 \u00b5 por 10<\/title>\n<meta name=\"description\" content=\"Sacos de lixo transparentes 160 L, espessura 50 microns, vendidos por 10. S\u00f3lidos, pr\u00e1ticos e ideais para a gest\u00e3o de res\u00edduos volumosos.\" \/>\n<meta name=\"robots\" content=\"index, follow, max-snippet:-1, max-image-preview:large, max-video-preview:-1\" \/>\n<link rel=\"canonical\" href=\"https:\/\/www.csj-emballages.com\/pt-pt\/produit\/10-sacos-de-lixo-transparentes-de-160-litros-e-50-%c2%b5\/\" \/>\n<meta property=\"og:locale\" content=\"pt_PT\" \/>\n<meta property=\"og:type\" content=\"article\" \/>\n<meta property=\"og:title\" content=\"Saco de lixo transparente 160 litros 50 \u00b5 por 10\" \/>\n<meta property=\"og:description\" content=\"Sacos de lixo transparentes 160 L, espessura 50 microns, vendidos por 10. S\u00f3lidos, pr\u00e1ticos e ideais para a gest\u00e3o de res\u00edduos volumosos.\" \/>\n<meta property=\"og:url\" content=\"https:\/\/www.csj-emballages.com\/pt-pt\/produit\/10-sacos-de-lixo-transparentes-de-160-litros-e-50-%c2%b5\/\" \/>\n<meta property=\"og:site_name\" content=\"CSJ Emballages\" \/>\n<meta property=\"article:publisher\" content=\"https:\/\/www.facebook.com\/csjemballages\" \/>\n<meta property=\"article:modified_time\" content=\"2026-04-28T00:11:01+00:00\" \/>\n<meta property=\"og:image\" content=\"https:\/\/www.csj-emballages.com\/wp-content\/uploads\/2024\/03\/10SP16050TRANS.webp\" \/>\n\t<meta property=\"og:image:width\" content=\"800\" \/>\n\t<meta property=\"og:image:height\" content=\"800\" \/>\n\t<meta property=\"og:image:type\" content=\"image\/webp\" \/>\n<meta name=\"twitter:card\" content=\"summary_large_image\" \/>\n<meta name=\"twitter:label1\" content=\"Tempo estimado de leitura\" \/>\n\t<meta name=\"twitter:data1\" content=\"2 minutos\" \/>\n<script type=\"application\/ld+json\" class=\"yoast-schema-graph\">{\"@context\":\"https:\/\/schema.org\",\"@graph\":[{\"@type\":\"WebPage\",\"@id\":\"https:\/\/www.csj-emballages.com\/pt-pt\/produit\/10-sacos-de-lixo-transparentes-de-160-litros-e-50-%c2%b5\/\",\"url\":\"https:\/\/www.csj-emballages.com\/pt-pt\/produit\/10-sacos-de-lixo-transparentes-de-160-litros-e-50-%c2%b5\/\",\"name\":\"Saco de Lixo Transparente 160 Litros 50 \u00b5 por 10\",\"isPartOf\":{\"@id\":\"https:\/\/www.csj-emballages.com\/pt-pt\/#website\"},\"primaryImageOfPage\":{\"@id\":\"https:\/\/www.csj-emballages.com\/pt-pt\/produit\/10-sacos-de-lixo-transparentes-de-160-litros-e-50-%c2%b5\/#primaryimage\"},\"image\":{\"@id\":\"https:\/\/www.csj-emballages.com\/pt-pt\/produit\/10-sacos-de-lixo-transparentes-de-160-litros-e-50-%c2%b5\/#primaryimage\"},\"thumbnailUrl\":\"https:\/\/www.csj-emballages.com\/wp-content\/uploads\/2024\/03\/10SP16050TRANS.webp\",\"datePublished\":\"2024-03-01T15:59:28+00:00\",\"dateModified\":\"2026-04-28T00:11:01+00:00\",\"description\":\"Sacos de lixo transparentes 160 L, espessura 50 microns, vendidos por 10. S\u00f3lidos, pr\u00e1ticos e ideais para a gest\u00e3o de res\u00edduos volumosos.\",\"breadcrumb\":{\"@id\":\"https:\/\/www.csj-emballages.com\/pt-pt\/produit\/10-sacos-de-lixo-transparentes-de-160-litros-e-50-%c2%b5\/#breadcrumb\"},\"inLanguage\":\"pt-PT\",\"potentialAction\":[{\"@type\":\"ReadAction\",\"target\":[\"https:\/\/www.csj-emballages.com\/pt-pt\/produit\/10-sacos-de-lixo-transparentes-de-160-litros-e-50-%c2%b5\/\"]}]},{\"@type\":\"ImageObject\",\"inLanguage\":\"pt-PT\",\"@id\":\"https:\/\/www.csj-emballages.com\/pt-pt\/produit\/10-sacos-de-lixo-transparentes-de-160-litros-e-50-%c2%b5\/#primaryimage\",\"url\":\"https:\/\/www.csj-emballages.com\/wp-content\/uploads\/2024\/03\/10SP16050TRANS.webp\",\"contentUrl\":\"https:\/\/www.csj-emballages.com\/wp-content\/uploads\/2024\/03\/10SP16050TRANS.webp\",\"width\":800,\"height\":800,\"caption\":\"Sac poubelle transparent\"},{\"@type\":\"BreadcrumbList\",\"@id\":\"https:\/\/www.csj-emballages.com\/pt-pt\/produit\/10-sacos-de-lixo-transparentes-de-160-litros-e-50-%c2%b5\/#breadcrumb\",\"itemListElement\":[{\"@type\":\"ListItem\",\"position\":1,\"name\":\"Acolhimento\",\"item\":\"https:\/\/www.csj-emballages.com\/pt-pt\/universo-das-embalagens-alimentares\/\"},{\"@type\":\"ListItem\",\"position\":2,\"name\":\"Shop\",\"item\":\"https:\/\/www.csj-emballages.com\/shop\/\"},{\"@type\":\"ListItem\",\"position\":3,\"name\":\"Saco de lixo transparente 160 litros 50 \u00b5 por 10\"}]},{\"@type\":\"WebSite\",\"@id\":\"https:\/\/www.csj-emballages.com\/pt-pt\/#website\",\"url\":\"https:\/\/www.csj-emballages.com\/pt-pt\/\",\"name\":\"CSJ Emballages\",\"description\":\"\",\"publisher\":{\"@id\":\"https:\/\/www.csj-emballages.com\/pt-pt\/#organization\"},\"potentialAction\":[{\"@type\":\"SearchAction\",\"target\":{\"@type\":\"EntryPoint\",\"urlTemplate\":\"https:\/\/www.csj-emballages.com\/pt-pt\/?s={search_term_string}\"},\"query-input\":{\"@type\":\"PropertyValueSpecification\",\"valueRequired\":true,\"valueName\":\"search_term_string\"}}],\"inLanguage\":\"pt-PT\"},{\"@type\":\"Organization\",\"@id\":\"https:\/\/www.csj-emballages.com\/pt-pt\/#Organization\/\",\"name\":\"CSJ Emballages\",\"url\":\"https:\/\/www.csj-emballages.com\/pt-pt\/\",\"logo\":{\"@type\":\"ImageObject\",\"inLanguage\":\"pt-PT\",\"@id\":\"https:\/\/www.csj-emballages.com\/pt-pt\/#\/schema\/logo\/image\/\",\"url\":\"https:\/\/www.csj-emballages.com\/wp-content\/uploads\/2023\/10\/logo_csj.webp\",\"contentUrl\":\"https:\/\/www.csj-emballages.com\/wp-content\/uploads\/2023\/10\/logo_csj.webp\",\"width\":250,\"height\":95,\"caption\":\"CSJ Emballages\"},\"image\":{\"@id\":\"https:\/\/www.csj-emballages.com\/pt-pt\/#\/schema\/logo\/image\/\"},\"sameAs\":[\"https:\/\/www.facebook.com\/csjemballages\"],\"address\":{\"@type\":\"PostalAddress\",\"streetAddress\":\"ZI La Lechere\",\"addressLocality\":\"Patornay\",\"postalCode\":\"39130\",\"addressCountry\":\"FR\"},\"contactPoint\":[{\"@type\":\"ContactPoint\",\"contactType\":\"Service client\",\"telephone\":\"0384254272\",\"email\":\"contact@csj-emballages.com\"}]}]}<\/script>\n<!-- \/ Yoast SEO Premium plugin. -->","yoast_head_json":{"title":"Saco de Lixo Transparente 160 Litros 50 \u00b5 por 10","description":"Sacos de lixo transparentes 160 L, espessura 50 microns, vendidos por 10. S\u00f3lidos, pr\u00e1ticos e ideais para a gest\u00e3o de res\u00edduos volumosos.","robots":{"index":"index","follow":"follow","max-snippet":"max-snippet:-1","max-image-preview":"max-image-preview:large","max-video-preview":"max-video-preview:-1"},"canonical":"https:\/\/www.csj-emballages.com\/pt-pt\/produit\/10-sacos-de-lixo-transparentes-de-160-litros-e-50-%c2%b5\/","og_locale":"pt_PT","og_type":"article","og_title":"Saco de lixo transparente 160 litros 50 \u00b5 por 10","og_description":"Sacos de lixo transparentes 160 L, espessura 50 microns, vendidos por 10. S\u00f3lidos, pr\u00e1ticos e ideais para a gest\u00e3o de res\u00edduos volumosos.","og_url":"https:\/\/www.csj-emballages.com\/pt-pt\/produit\/10-sacos-de-lixo-transparentes-de-160-litros-e-50-%c2%b5\/","og_site_name":"CSJ Emballages","article_publisher":"https:\/\/www.facebook.com\/csjemballages","article_modified_time":"2026-04-28T00:11:01+00:00","og_image":[{"width":800,"height":800,"url":"https:\/\/www.csj-emballages.com\/wp-content\/uploads\/2024\/03\/10SP16050TRANS.webp","type":"image\/webp"}],"twitter_card":"summary_large_image","twitter_misc":{"Tempo estimado de leitura":"2 minutos"},"schema":{"@context":"https:\/\/schema.org","@graph":[{"@type":"WebPage","@id":"https:\/\/www.csj-emballages.com\/pt-pt\/produit\/10-sacos-de-lixo-transparentes-de-160-litros-e-50-%c2%b5\/","url":"https:\/\/www.csj-emballages.com\/pt-pt\/produit\/10-sacos-de-lixo-transparentes-de-160-litros-e-50-%c2%b5\/","name":"Saco de Lixo Transparente 160 Litros 50 \u00b5 por 10","isPartOf":{"@id":"https:\/\/www.csj-emballages.com\/pt-pt\/#website"},"primaryImageOfPage":{"@id":"https:\/\/www.csj-emballages.com\/pt-pt\/produit\/10-sacos-de-lixo-transparentes-de-160-litros-e-50-%c2%b5\/#primaryimage"},"image":{"@id":"https:\/\/www.csj-emballages.com\/pt-pt\/produit\/10-sacos-de-lixo-transparentes-de-160-litros-e-50-%c2%b5\/#primaryimage"},"thumbnailUrl":"https:\/\/www.csj-emballages.com\/wp-content\/uploads\/2024\/03\/10SP16050TRANS.webp","datePublished":"2024-03-01T15:59:28+00:00","dateModified":"2026-04-28T00:11:01+00:00","description":"Sacos de lixo transparentes 160 L, espessura 50 microns, vendidos por 10. S\u00f3lidos, pr\u00e1ticos e ideais para a gest\u00e3o de res\u00edduos volumosos.","breadcrumb":{"@id":"https:\/\/www.csj-emballages.com\/pt-pt\/produit\/10-sacos-de-lixo-transparentes-de-160-litros-e-50-%c2%b5\/#breadcrumb"},"inLanguage":"pt-PT","potentialAction":[{"@type":"ReadAction","target":["https:\/\/www.csj-emballages.com\/pt-pt\/produit\/10-sacos-de-lixo-transparentes-de-160-litros-e-50-%c2%b5\/"]}]},{"@type":"ImageObject","inLanguage":"pt-PT","@id":"https:\/\/www.csj-emballages.com\/pt-pt\/produit\/10-sacos-de-lixo-transparentes-de-160-litros-e-50-%c2%b5\/#primaryimage","url":"https:\/\/www.csj-emballages.com\/wp-content\/uploads\/2024\/03\/10SP16050TRANS.webp","contentUrl":"https:\/\/www.csj-emballages.com\/wp-content\/uploads\/2024\/03\/10SP16050TRANS.webp","width":800,"height":800,"caption":"Sac poubelle transparent"},{"@type":"BreadcrumbList","@id":"https:\/\/www.csj-emballages.com\/pt-pt\/produit\/10-sacos-de-lixo-transparentes-de-160-litros-e-50-%c2%b5\/#breadcrumb","itemListElement":[{"@type":"ListItem","position":1,"name":"Acolhimento","item":"https:\/\/www.csj-emballages.com\/pt-pt\/universo-das-embalagens-alimentares\/"},{"@type":"ListItem","position":2,"name":"Shop","item":"https:\/\/www.csj-emballages.com\/shop\/"},{"@type":"ListItem","position":3,"name":"Saco de lixo transparente 160 litros 50 \u00b5 por 10"}]},{"@type":"WebSite","@id":"https:\/\/www.csj-emballages.com\/pt-pt\/#website","url":"https:\/\/www.csj-emballages.com\/pt-pt\/","name":"CSJ Emballages","description":"","publisher":{"@id":"https:\/\/www.csj-emballages.com\/pt-pt\/#organization"},"potentialAction":[{"@type":"SearchAction","target":{"@type":"EntryPoint","urlTemplate":"https:\/\/www.csj-emballages.com\/pt-pt\/?s={search_term_string}"},"query-input":{"@type":"PropertyValueSpecification","valueRequired":true,"valueName":"search_term_string"}}],"inLanguage":"pt-PT"},{"@type":"Organization","@id":"https:\/\/www.csj-emballages.com\/pt-pt\/#Organization\/","name":"CSJ Emballages","url":"https:\/\/www.csj-emballages.com\/pt-pt\/","logo":{"@type":"ImageObject","inLanguage":"pt-PT","@id":"https:\/\/www.csj-emballages.com\/pt-pt\/#\/schema\/logo\/image\/","url":"https:\/\/www.csj-emballages.com\/wp-content\/uploads\/2023\/10\/logo_csj.webp","contentUrl":"https:\/\/www.csj-emballages.com\/wp-content\/uploads\/2023\/10\/logo_csj.webp","width":250,"height":95,"caption":"CSJ Emballages"},"image":{"@id":"https:\/\/www.csj-emballages.com\/pt-pt\/#\/schema\/logo\/image\/"},"sameAs":["https:\/\/www.facebook.com\/csjemballages"],"address":{"@type":"PostalAddress","streetAddress":"ZI La Lechere","addressLocality":"Patornay","postalCode":"39130","addressCountry":"FR"},"contactPoint":[{"@type":"ContactPoint","contactType":"Service client","telephone":"0384254272","email":"contact@csj-emballages.com"}]}]}},"df_price":3.64,"df_sale_price":"","df_regular_price":3.64,"df_image_link":"https:\/\/www.csj-emballages.com\/wp-content\/uploads\/2024\/03\/10SP16050TRANS-300x300.webp","tiered_pricing_type":"fixed","tiered_pricing_fixed_rules":[],"tiered_pricing_percentage_rules":[],"tiered_pricing_minimum":1,"tiered_pricing_roles_data":[],"_links":{"self":[{"href":"https:\/\/www.csj-emballages.com\/pt-pt\/wp-json\/wp\/v2\/product\/18587","targetHints":{"allow":["GET"]}}],"collection":[{"href":"https:\/\/www.csj-emballages.com\/pt-pt\/wp-json\/wp\/v2\/product"}],"about":[{"href":"https:\/\/www.csj-emballages.com\/pt-pt\/wp-json\/wp\/v2\/types\/product"}],"wp:featuredmedia":[{"embeddable":true,"href":"https:\/\/www.csj-emballages.com\/pt-pt\/wp-json\/wp\/v2\/media\/263266"}],"wp:attachment":[{"href":"https:\/\/www.csj-emballages.com\/pt-pt\/wp-json\/wp\/v2\/media?parent=18587"}],"wp:term":[{"taxonomy":"product_brand","embeddable":true,"href":"https:\/\/www.csj-emballages.com\/pt-pt\/wp-json\/wp\/v2\/product_brand?post=18587"},{"taxonomy":"product_cat","embeddable":true,"href":"https:\/\/www.csj-emballages.com\/pt-pt\/wp-json\/wp\/v2\/product_cat?post=18587"},{"taxonomy":"product_tag","embeddable":true,"href":"https:\/\/www.csj-emballages.com\/pt-pt\/wp-json\/wp\/v2\/product_tag?post=18587"}],"curies":[{"name":"wp","href":"https:\/\/api.w.org\/{rel}","templated":true}]}}