{"id":18565,"date":"2024-03-01T16:59:28","date_gmt":"2024-03-01T15:59:28","guid":{"rendered":"https:\/\/u15jnbdpoq.preview.infomaniak.website\/produit\/copo-mojito-de-cristal-reutilizavel-e-inquebravel-25-cl\/"},"modified":"2026-03-26T02:10:40","modified_gmt":"2026-03-26T01:10:40","slug":"copo-mojito-de-cristal-reutilizavel-e-inquebravel-25-cl","status":"publish","type":"product","link":"https:\/\/www.csj-emballages.com\/pt-pt\/produit\/copo-mojito-de-cristal-reutilizavel-e-inquebravel-25-cl\/","title":{"rendered":"Copo mojito de cristal reutiliz\u00e1vel e inquebr\u00e1vel 25 cl"},"content":{"rendered":"<h2>Copo de mojito<\/h2>\n<hr>\n<h3>Descri\u00e7\u00e3o do nosso copo de mojito reutiliz\u00e1vel de cristal inquebr\u00e1vel 25 cl<\/h3>\n<p>Descubra o <strong>copo de mojito reutiliz\u00e1vel de cristal de 25cl<\/strong>, o acess\u00f3rio perfeito para as suas noites elegantes. O seu elegante acabamento em cristal confere um toque de sofistica\u00e7\u00e3o a todas as ocasi\u00f5es. Fabricado em <strong>material inquebr\u00e1vel<\/strong>, resiste a choques e quedas, garantindo uma longa dura\u00e7\u00e3o. Diga adeus aos copos partidos e aos acidentes nos seus eventos festivos. O seu design ergon\u00f3mico garante uma ader\u00eancia confort\u00e1vel e est\u00e1vel. Com uma capacidade de 25 cl, \u00e9 ideal para saborear os seus cocktails preferidos. <strong>Reutiliz\u00e1vel e amigo do ambiente<\/strong>, este copo ajuda a reduzir os res\u00edduos de pl\u00e1stico. Al\u00e9m disso, <strong>n\u00e3o cont\u00e9m BPA<\/strong>. Perfeito para festas no interior e no exterior, adapta-se a qualquer ambiente. Uma escolha acertada para os amantes de cocktails requintados e para os organizadores de festas. Impressione os seus convidados com este copo chique e pr\u00e1tico. O seu design moderno combina na perfei\u00e7\u00e3o com qualquer decora\u00e7\u00e3o de mesa.          <\/p>\n<p>Invista em qualidade e eleg\u00e2ncia com este copo reutiliz\u00e1vel de cristal de 25cl.<\/p>\n<h4><strong>Vantagens:<\/strong><\/h4>\n<ul>\n<li><strong>Durabilidade excecional: <\/strong>Feito de material <strong>inquebr\u00e1vel<\/strong>, este vidro resiste a choques e quedas.<\/li>\n<li><strong>Capacidade ideal<\/strong>: Com <strong>25 cl<\/strong>, \u00e9 perfeita para desfrutar dos seus cocktails favoritos.<\/li>\n<li><strong>Amigo do ambiente<\/strong>: <strong>Reutiliz\u00e1vel<\/strong>, ajuda a reduzir os res\u00edduos de pl\u00e1stico.<\/li>\n<li><strong>Versatilidade<\/strong>: Adequado para festas no interior e no exterior.<\/li>\n<\/ul>\n<p><span style=\"color: #d12727;\"><a style=\"color: #d12727;\" href=\"https:\/\/www.csj-emballages.com\/produit\/verres-mojito-reutilisables-cristals-luxe-incassable-40-cl\/\">Encontre este copo de mojito em 40cl.<\/a><\/span><\/p>\n<p>Dispon\u00edvel em v\u00e1rias cores: <span style=\"color: #d12727;\"><a style=\"color: #d12727;\" href=\"https:\/\/www.csj-emballages.com\/produit\/verre-mojito-reutilisables-noir-luxe-incassable-25cl\/\">preto<\/a><\/span> \/ <span style=\"color: #d12727;\"><a style=\"color: #d12727;\" href=\"https:\/\/www.csj-emballages.com\/produit\/verre-mojito-reutilisables-blanc-luxe-incassable-25-cl\/\">branco<\/a><\/span><\/p>\n<p><a href=\"\/?product_cat=vaisselles-reutilisables\">V\u00ea o resto da nossa gama de pratos reutiliz\u00e1veis<\/a><\/p>\n","protected":false},"excerpt":{"rendered":"<p>Copo de mojito Descri\u00e7\u00e3o do nosso copo de mojito reutiliz\u00e1vel de cristal inquebr\u00e1vel 25 cl Descubra o copo de mojito reutiliz\u00e1vel de cristal de 25cl, o acess\u00f3rio perfeito para as suas noites elegantes. O seu elegante acabamento em cristal confere um toque de sofistica\u00e7\u00e3o a todas as ocasi\u00f5es. Fabricado em material inquebr\u00e1vel, resiste a choques [&hellip;]<\/p>\n","protected":false},"featured_media":197075,"template":"","meta":{"_acf_changed":false},"product_brand":[],"product_cat":[1141,1138,1471,1472,6722],"product_tag":[],"class_list":{"0":"post-18565","1":"product","2":"type-product","3":"status-publish","4":"has-post-thumbnail","6":"product_cat-embalagem-de-alimentos","7":"product_cat-restauracao","8":"product_cat-chavenas-copos-baldes-garrafas","9":"product_cat-copos-e-chavenas-inquebraveis-e-reutilizaveis","10":"product_cat-pratos-reutilizaveis","12":"first","13":"instock","14":"taxable","15":"shipping-taxable","16":"purchasable","17":"product-type-simple"},"acf":[],"yoast_head":"<!-- This site is optimized with the Yoast SEO Premium plugin v26.6 (Yoast SEO v26.6) - https:\/\/yoast.com\/wordpress\/plugins\/seo\/ -->\n<title>Copo de Mojito Reutiliz\u00e1vel Cristal - 25cl<\/title>\n<meta name=\"description\" content=\"Copo mojito reutiliz\u00e1vel de cristal de 25cl - Elegante, duradouro e amigo do ambiente. Ideal para todas as ocasi\u00f5es, resistente ao choque e f\u00e1cil de limpar!\" \/>\n<meta name=\"robots\" content=\"index, follow, max-snippet:-1, max-image-preview:large, max-video-preview:-1\" \/>\n<link rel=\"canonical\" href=\"https:\/\/www.csj-emballages.com\/pt-pt\/produit\/copo-mojito-de-cristal-reutilizavel-e-inquebravel-25-cl\/\" \/>\n<meta property=\"og:locale\" content=\"pt_PT\" \/>\n<meta property=\"og:type\" content=\"article\" \/>\n<meta property=\"og:title\" content=\"Copo mojito de cristal reutiliz\u00e1vel e inquebr\u00e1vel 25 cl\" \/>\n<meta property=\"og:description\" content=\"Copo mojito reutiliz\u00e1vel de cristal de 25cl - Elegante, duradouro e amigo do ambiente. Ideal para todas as ocasi\u00f5es, resistente ao choque e f\u00e1cil de limpar!\" \/>\n<meta property=\"og:url\" content=\"https:\/\/www.csj-emballages.com\/pt-pt\/produit\/copo-mojito-de-cristal-reutilizavel-e-inquebravel-25-cl\/\" \/>\n<meta property=\"og:site_name\" content=\"CSJ Emballages\" \/>\n<meta property=\"article:publisher\" content=\"https:\/\/www.facebook.com\/csjemballages\" \/>\n<meta property=\"article:modified_time\" content=\"2026-03-26T01:10:40+00:00\" \/>\n<meta property=\"og:image\" content=\"https:\/\/www.csj-emballages.com\/wp-content\/uploads\/2024\/03\/Verre-mojito-25cl.webp\" \/>\n\t<meta property=\"og:image:width\" content=\"799\" \/>\n\t<meta property=\"og:image:height\" content=\"799\" \/>\n\t<meta property=\"og:image:type\" content=\"image\/webp\" \/>\n<meta name=\"twitter:card\" content=\"summary_large_image\" \/>\n<meta name=\"twitter:label1\" content=\"Tempo estimado de leitura\" \/>\n\t<meta name=\"twitter:data1\" content=\"1 minuto\" \/>\n<script type=\"application\/ld+json\" class=\"yoast-schema-graph\">{\"@context\":\"https:\/\/schema.org\",\"@graph\":[{\"@type\":\"WebPage\",\"@id\":\"https:\/\/www.csj-emballages.com\/pt-pt\/produit\/copo-mojito-de-cristal-reutilizavel-e-inquebravel-25-cl\/\",\"url\":\"https:\/\/www.csj-emballages.com\/pt-pt\/produit\/copo-mojito-de-cristal-reutilizavel-e-inquebravel-25-cl\/\",\"name\":\"Copo de Mojito Reutiliz\u00e1vel Cristal - 25cl\",\"isPartOf\":{\"@id\":\"https:\/\/www.csj-emballages.com\/pt-pt\/#website\"},\"primaryImageOfPage\":{\"@id\":\"https:\/\/www.csj-emballages.com\/pt-pt\/produit\/copo-mojito-de-cristal-reutilizavel-e-inquebravel-25-cl\/#primaryimage\"},\"image\":{\"@id\":\"https:\/\/www.csj-emballages.com\/pt-pt\/produit\/copo-mojito-de-cristal-reutilizavel-e-inquebravel-25-cl\/#primaryimage\"},\"thumbnailUrl\":\"https:\/\/www.csj-emballages.com\/wp-content\/uploads\/2024\/03\/Verre-mojito-25cl.webp\",\"datePublished\":\"2024-03-01T15:59:28+00:00\",\"dateModified\":\"2026-03-26T01:10:40+00:00\",\"description\":\"Copo mojito reutiliz\u00e1vel de cristal de 25cl - Elegante, duradouro e amigo do ambiente. Ideal para todas as ocasi\u00f5es, resistente ao choque e f\u00e1cil de limpar!\",\"breadcrumb\":{\"@id\":\"https:\/\/www.csj-emballages.com\/pt-pt\/produit\/copo-mojito-de-cristal-reutilizavel-e-inquebravel-25-cl\/#breadcrumb\"},\"inLanguage\":\"pt-PT\",\"potentialAction\":[{\"@type\":\"ReadAction\",\"target\":[\"https:\/\/www.csj-emballages.com\/pt-pt\/produit\/copo-mojito-de-cristal-reutilizavel-e-inquebravel-25-cl\/\"]}]},{\"@type\":\"ImageObject\",\"inLanguage\":\"pt-PT\",\"@id\":\"https:\/\/www.csj-emballages.com\/pt-pt\/produit\/copo-mojito-de-cristal-reutilizavel-e-inquebravel-25-cl\/#primaryimage\",\"url\":\"https:\/\/www.csj-emballages.com\/wp-content\/uploads\/2024\/03\/Verre-mojito-25cl.webp\",\"contentUrl\":\"https:\/\/www.csj-emballages.com\/wp-content\/uploads\/2024\/03\/Verre-mojito-25cl.webp\",\"width\":799,\"height\":799,\"caption\":\"verre mojito\"},{\"@type\":\"BreadcrumbList\",\"@id\":\"https:\/\/www.csj-emballages.com\/pt-pt\/produit\/copo-mojito-de-cristal-reutilizavel-e-inquebravel-25-cl\/#breadcrumb\",\"itemListElement\":[{\"@type\":\"ListItem\",\"position\":1,\"name\":\"Acolhimento\",\"item\":\"https:\/\/www.csj-emballages.com\/pt-pt\/universo-das-embalagens-alimentares\/\"},{\"@type\":\"ListItem\",\"position\":2,\"name\":\"Shop\",\"item\":\"https:\/\/www.csj-emballages.com\/shop\/\"},{\"@type\":\"ListItem\",\"position\":3,\"name\":\"Copo mojito de cristal reutiliz\u00e1vel e inquebr\u00e1vel 25 cl\"}]},{\"@type\":\"WebSite\",\"@id\":\"https:\/\/www.csj-emballages.com\/pt-pt\/#website\",\"url\":\"https:\/\/www.csj-emballages.com\/pt-pt\/\",\"name\":\"CSJ Emballages\",\"description\":\"\",\"publisher\":{\"@id\":\"https:\/\/www.csj-emballages.com\/pt-pt\/#organization\"},\"potentialAction\":[{\"@type\":\"SearchAction\",\"target\":{\"@type\":\"EntryPoint\",\"urlTemplate\":\"https:\/\/www.csj-emballages.com\/pt-pt\/?s={search_term_string}\"},\"query-input\":{\"@type\":\"PropertyValueSpecification\",\"valueRequired\":true,\"valueName\":\"search_term_string\"}}],\"inLanguage\":\"pt-PT\"},{\"@type\":\"Organization\",\"@id\":\"https:\/\/www.csj-emballages.com\/pt-pt\/#Organization\/\",\"name\":\"CSJ Emballages\",\"url\":\"https:\/\/www.csj-emballages.com\/pt-pt\/\",\"logo\":{\"@type\":\"ImageObject\",\"inLanguage\":\"pt-PT\",\"@id\":\"https:\/\/www.csj-emballages.com\/pt-pt\/#\/schema\/logo\/image\/\",\"url\":\"https:\/\/www.csj-emballages.com\/wp-content\/uploads\/2023\/10\/logo_csj.webp\",\"contentUrl\":\"https:\/\/www.csj-emballages.com\/wp-content\/uploads\/2023\/10\/logo_csj.webp\",\"width\":250,\"height\":95,\"caption\":\"CSJ Emballages\"},\"image\":{\"@id\":\"https:\/\/www.csj-emballages.com\/pt-pt\/#\/schema\/logo\/image\/\"},\"sameAs\":[\"https:\/\/www.facebook.com\/csjemballages\"],\"address\":{\"@type\":\"PostalAddress\",\"streetAddress\":\"ZI La Lechere\",\"addressLocality\":\"Patornay\",\"postalCode\":\"39130\",\"addressCountry\":\"FR\"},\"contactPoint\":[{\"@type\":\"ContactPoint\",\"contactType\":\"Service client\",\"telephone\":\"0384254272\",\"email\":\"contact@csj-emballages.com\"}]}]}<\/script>\n<!-- \/ Yoast SEO Premium plugin. -->","yoast_head_json":{"title":"Copo de Mojito Reutiliz\u00e1vel Cristal - 25cl","description":"Copo mojito reutiliz\u00e1vel de cristal de 25cl - Elegante, duradouro e amigo do ambiente. Ideal para todas as ocasi\u00f5es, resistente ao choque e f\u00e1cil de limpar!","robots":{"index":"index","follow":"follow","max-snippet":"max-snippet:-1","max-image-preview":"max-image-preview:large","max-video-preview":"max-video-preview:-1"},"canonical":"https:\/\/www.csj-emballages.com\/pt-pt\/produit\/copo-mojito-de-cristal-reutilizavel-e-inquebravel-25-cl\/","og_locale":"pt_PT","og_type":"article","og_title":"Copo mojito de cristal reutiliz\u00e1vel e inquebr\u00e1vel 25 cl","og_description":"Copo mojito reutiliz\u00e1vel de cristal de 25cl - Elegante, duradouro e amigo do ambiente. Ideal para todas as ocasi\u00f5es, resistente ao choque e f\u00e1cil de limpar!","og_url":"https:\/\/www.csj-emballages.com\/pt-pt\/produit\/copo-mojito-de-cristal-reutilizavel-e-inquebravel-25-cl\/","og_site_name":"CSJ Emballages","article_publisher":"https:\/\/www.facebook.com\/csjemballages","article_modified_time":"2026-03-26T01:10:40+00:00","og_image":[{"width":799,"height":799,"url":"https:\/\/www.csj-emballages.com\/wp-content\/uploads\/2024\/03\/Verre-mojito-25cl.webp","type":"image\/webp"}],"twitter_card":"summary_large_image","twitter_misc":{"Tempo estimado de leitura":"1 minuto"},"schema":{"@context":"https:\/\/schema.org","@graph":[{"@type":"WebPage","@id":"https:\/\/www.csj-emballages.com\/pt-pt\/produit\/copo-mojito-de-cristal-reutilizavel-e-inquebravel-25-cl\/","url":"https:\/\/www.csj-emballages.com\/pt-pt\/produit\/copo-mojito-de-cristal-reutilizavel-e-inquebravel-25-cl\/","name":"Copo de Mojito Reutiliz\u00e1vel Cristal - 25cl","isPartOf":{"@id":"https:\/\/www.csj-emballages.com\/pt-pt\/#website"},"primaryImageOfPage":{"@id":"https:\/\/www.csj-emballages.com\/pt-pt\/produit\/copo-mojito-de-cristal-reutilizavel-e-inquebravel-25-cl\/#primaryimage"},"image":{"@id":"https:\/\/www.csj-emballages.com\/pt-pt\/produit\/copo-mojito-de-cristal-reutilizavel-e-inquebravel-25-cl\/#primaryimage"},"thumbnailUrl":"https:\/\/www.csj-emballages.com\/wp-content\/uploads\/2024\/03\/Verre-mojito-25cl.webp","datePublished":"2024-03-01T15:59:28+00:00","dateModified":"2026-03-26T01:10:40+00:00","description":"Copo mojito reutiliz\u00e1vel de cristal de 25cl - Elegante, duradouro e amigo do ambiente. Ideal para todas as ocasi\u00f5es, resistente ao choque e f\u00e1cil de limpar!","breadcrumb":{"@id":"https:\/\/www.csj-emballages.com\/pt-pt\/produit\/copo-mojito-de-cristal-reutilizavel-e-inquebravel-25-cl\/#breadcrumb"},"inLanguage":"pt-PT","potentialAction":[{"@type":"ReadAction","target":["https:\/\/www.csj-emballages.com\/pt-pt\/produit\/copo-mojito-de-cristal-reutilizavel-e-inquebravel-25-cl\/"]}]},{"@type":"ImageObject","inLanguage":"pt-PT","@id":"https:\/\/www.csj-emballages.com\/pt-pt\/produit\/copo-mojito-de-cristal-reutilizavel-e-inquebravel-25-cl\/#primaryimage","url":"https:\/\/www.csj-emballages.com\/wp-content\/uploads\/2024\/03\/Verre-mojito-25cl.webp","contentUrl":"https:\/\/www.csj-emballages.com\/wp-content\/uploads\/2024\/03\/Verre-mojito-25cl.webp","width":799,"height":799,"caption":"verre mojito"},{"@type":"BreadcrumbList","@id":"https:\/\/www.csj-emballages.com\/pt-pt\/produit\/copo-mojito-de-cristal-reutilizavel-e-inquebravel-25-cl\/#breadcrumb","itemListElement":[{"@type":"ListItem","position":1,"name":"Acolhimento","item":"https:\/\/www.csj-emballages.com\/pt-pt\/universo-das-embalagens-alimentares\/"},{"@type":"ListItem","position":2,"name":"Shop","item":"https:\/\/www.csj-emballages.com\/shop\/"},{"@type":"ListItem","position":3,"name":"Copo mojito de cristal reutiliz\u00e1vel e inquebr\u00e1vel 25 cl"}]},{"@type":"WebSite","@id":"https:\/\/www.csj-emballages.com\/pt-pt\/#website","url":"https:\/\/www.csj-emballages.com\/pt-pt\/","name":"CSJ Emballages","description":"","publisher":{"@id":"https:\/\/www.csj-emballages.com\/pt-pt\/#organization"},"potentialAction":[{"@type":"SearchAction","target":{"@type":"EntryPoint","urlTemplate":"https:\/\/www.csj-emballages.com\/pt-pt\/?s={search_term_string}"},"query-input":{"@type":"PropertyValueSpecification","valueRequired":true,"valueName":"search_term_string"}}],"inLanguage":"pt-PT"},{"@type":"Organization","@id":"https:\/\/www.csj-emballages.com\/pt-pt\/#Organization\/","name":"CSJ Emballages","url":"https:\/\/www.csj-emballages.com\/pt-pt\/","logo":{"@type":"ImageObject","inLanguage":"pt-PT","@id":"https:\/\/www.csj-emballages.com\/pt-pt\/#\/schema\/logo\/image\/","url":"https:\/\/www.csj-emballages.com\/wp-content\/uploads\/2023\/10\/logo_csj.webp","contentUrl":"https:\/\/www.csj-emballages.com\/wp-content\/uploads\/2023\/10\/logo_csj.webp","width":250,"height":95,"caption":"CSJ Emballages"},"image":{"@id":"https:\/\/www.csj-emballages.com\/pt-pt\/#\/schema\/logo\/image\/"},"sameAs":["https:\/\/www.facebook.com\/csjemballages"],"address":{"@type":"PostalAddress","streetAddress":"ZI La Lechere","addressLocality":"Patornay","postalCode":"39130","addressCountry":"FR"},"contactPoint":[{"@type":"ContactPoint","contactType":"Service client","telephone":"0384254272","email":"contact@csj-emballages.com"}]}]}},"df_price":1.44,"df_sale_price":"","df_regular_price":1.44,"df_image_link":"https:\/\/www.csj-emballages.com\/wp-content\/uploads\/2024\/03\/Verre-mojito-25cl-300x300.webp","tiered_pricing_type":"fixed","tiered_pricing_fixed_rules":[],"tiered_pricing_percentage_rules":[],"tiered_pricing_minimum":1,"tiered_pricing_roles_data":[],"_links":{"self":[{"href":"https:\/\/www.csj-emballages.com\/pt-pt\/wp-json\/wp\/v2\/product\/18565","targetHints":{"allow":["GET"]}}],"collection":[{"href":"https:\/\/www.csj-emballages.com\/pt-pt\/wp-json\/wp\/v2\/product"}],"about":[{"href":"https:\/\/www.csj-emballages.com\/pt-pt\/wp-json\/wp\/v2\/types\/product"}],"wp:featuredmedia":[{"embeddable":true,"href":"https:\/\/www.csj-emballages.com\/pt-pt\/wp-json\/wp\/v2\/media\/197075"}],"wp:attachment":[{"href":"https:\/\/www.csj-emballages.com\/pt-pt\/wp-json\/wp\/v2\/media?parent=18565"}],"wp:term":[{"taxonomy":"product_brand","embeddable":true,"href":"https:\/\/www.csj-emballages.com\/pt-pt\/wp-json\/wp\/v2\/product_brand?post=18565"},{"taxonomy":"product_cat","embeddable":true,"href":"https:\/\/www.csj-emballages.com\/pt-pt\/wp-json\/wp\/v2\/product_cat?post=18565"},{"taxonomy":"product_tag","embeddable":true,"href":"https:\/\/www.csj-emballages.com\/pt-pt\/wp-json\/wp\/v2\/product_tag?post=18565"}],"curies":[{"name":"wp","href":"https:\/\/api.w.org\/{rel}","templated":true}]}}