{"id":18548,"date":"2024-03-01T16:59:31","date_gmt":"2024-03-01T15:59:31","guid":{"rendered":"https:\/\/u15jnbdpoq.preview.infomaniak.website\/produit\/marinada-de-tomilho-e-alecrim-5-kg\/"},"modified":"2026-04-25T02:10:31","modified_gmt":"2026-04-25T00:10:31","slug":"marinada-de-tomilho-e-alecrim-5-kg","status":"publish","type":"product","link":"https:\/\/www.csj-emballages.com\/pt-pt\/produit\/marinada-de-tomilho-e-alecrim-5-kg\/","title":{"rendered":"Marinada de tomilho e alecrim 5 kg"},"content":{"rendered":"<h2 class=\"p1\">Marinada de tomilho e alecrim<\/h2>\n<div style=\"font-family: Roboto, sans-serif;\">\n<div style=\"font-family: Roboto, sans-serif;\">\n<div style=\"font-family: Roboto, sans-serif;\">\n<div style=\"text-align: center;\">\n<div style=\"font-family: Roboto, sans-serif;\">\n<div style=\"font-family: Roboto, sans-serif;\">\n<div style=\"font-family: Roboto, sans-serif;\">\n<div style=\"font-family: Roboto, sans-serif;\">\n<div style=\"font-family: Roboto, sans-serif;\">\n<div style=\"font-family: Roboto, sans-serif; text-align: left;\">\n<hr>\n<h3 style=\"text-align: left;\">Descri\u00e7\u00e3o da marinada de tomilho e alecrim 5 kg<\/h3>\n<h3 style=\"text-align: left;\"><!--more--><\/h3>\n<p data-start=\"209\" data-end=\"521\">A <strong>marinada Tomilho &amp; Alecrim em balde de 5 kg<\/strong> \u00e9 uma marinada com notas arom\u00e1ticas aut\u00eanticas, inspirada nos sabores mediterr\u00e2nicos. Desenvolvida para real\u00e7ar as carnes, respeitando o seu sabor natural, apresenta um toque <strong>herb\u00e1ceo e refinado<\/strong>, ideal para prepara\u00e7\u00f5es tradicionais e gourmet. <\/p>\n<p data-start=\"523\" data-end=\"919\">A sua textura untuosa permite uma excelente ader\u00eancia \u00e0s carnes, assegurando uma difus\u00e3o homog\u00e9nea dos aromas. O <strong>tomilho e o alecrim<\/strong>, cuidadosamente doseados, perfumam delicadamente as prepara\u00e7\u00f5es e contribuem para amaciar as carnes, garantindo um resultado saboroso e tenro ap\u00f3s a cozedura. Esta <strong>marinada<\/strong> \u00e9 perfeitamente adequada para <strong>carnes brancas, carnes vermelhas, borrego ou aves<\/strong>.  <\/p>\n<p data-start=\"921\" data-end=\"1272\">Polivalente, a <strong>marinada Tomilho &amp; Alecrim<\/strong> \u00e9 adequada para cozedura no forno, na chapa, no churrasco ou em rotisserie. Confere uma bela colora\u00e7\u00e3o natural \u00e0 cozedura e valoriza os produtos tanto em vitrine como no prato. O seu perfil arom\u00e1tico equilibrado ir\u00e1 seduzir uma vasta clientela \u00e0 procura de sabores cl\u00e1ssicos e reconfortantes.  <\/p>\n<p data-start=\"1274\" data-end=\"1565\">Embalada em <strong>balde de 5 kg<\/strong>, esta <strong>marinada<\/strong> foi concebida para uso profissional. \u00c9 ideal para talhos, charcutarias, restaurantes, coletividades e profissionais do setor alimentar. <\/p>\n<\/div>\n<\/div>\n<\/div>\n<\/div>\n<p style=\"text-align: left;\" data-start=\"91\" data-end=\"527\">\n<div style=\"font-family: Roboto, sans-serif;\">\n<div style=\"font-family: Roboto, sans-serif;\">\n<div style=\"font-family: Roboto, sans-serif;\">\n<div style=\"font-family: Roboto, sans-serif; text-align: left;\">\n<p data-start=\"567\" data-end=\"584\">\n<\/div>\n<\/div>\n<\/div>\n<\/div>\n<\/div>\n<\/div>\n<\/div>\n<\/div>\n<\/div>\n<\/div>\n<p><!--more--><\/p>\n<p><span style=\"color: #ff0000;\"><strong>Data ultrapassada (DLUO) 06\/2025<\/strong><\/span><\/p>\n<p>&nbsp;<\/p>\n<p><!--more--><\/p>\n<h4 style=\"text-align: left;\"><strong>Vantagens :<\/strong><\/h4>\n<ul>\n<li data-start=\"547\" data-end=\"654\">Associa\u00e7\u00e3o harmoniosa de tomilho e alecrim para um sabor mediterr\u00e2nico refinado.<\/li>\n<li data-start=\"655\" data-end=\"732\">Pronta a usar para uma aplica\u00e7\u00e3o imediata.<\/li>\n<li data-start=\"733\" data-end=\"809\">Perfeita para carnes, aves, peixes e vegetais.<\/li>\n<li data-start=\"810\" data-end=\"880\">Formato de 5 kg ideal para profissionais.<\/li>\n<\/ul>\n<p>&nbsp;<\/p>\n<p><!--more--><\/p>\n<h4>Outras informa\u00e7\u00f5es :<\/h4>\n<ul>\n<li><strong>Embalagem<\/strong>: balde de 5kg<\/li>\n<\/ul>\n<div class=\"elementor elementor-2384 elementor-location-archive product\" data-elementor-type=\"product-archive\" data-elementor-id=\"2384\" data-elementor-post-type=\"elementor_library\">\n<div class=\"elementor-element elementor-element-c44cccd nt-archive-products e-flex e-con-boxed e-con e-parent e-lazyloaded\" data-id=\"c44cccd\" data-element_type=\"container\">\n<div class=\"e-con-inner\">\n<div class=\"elementor-element elementor-element-f35cc29 e-con-full e-flex e-con e-child\" data-id=\"f35cc29\" data-element_type=\"container\">\n<div class=\"elementor-element elementor-element-8781411 elementor-widget elementor-widget-woocommerce-archive-description\" data-id=\"8781411\" data-element_type=\"widget\" data-widget_type=\"woocommerce-archive-description.default\"><\/div>\n<\/div>\n<\/div>\n<\/div>\n<\/div>\n<p style=\"text-align: left;\"><!--more--><\/p>\n<p><a href=\"https:\/\/www.csj-emballages.com\/pt-pt\/categorie-produit\/alimentacao-pt-pt\/marinadas\/\">Ver o resto da nossa gama de marinadas<\/a><\/p>\n","protected":false},"excerpt":{"rendered":"<p><span style=\"color: #ff0000;\"><strong>Expirou em 06\/2025<\/strong><\/span><\/p>\n","protected":false},"featured_media":226164,"template":"","meta":{"_acf_changed":false},"product_brand":[],"product_cat":[1141,10242,1151,1869,11580],"product_tag":[],"class_list":{"0":"post-18548","1":"product","2":"type-product","3":"status-publish","4":"has-post-thumbnail","6":"product_cat-embalagem-de-alimentos","7":"product_cat-anti-desperdicio","8":"product_cat-alimentacao-pt-pt","9":"product_cat-marinadas","10":"product_cat-apuramento","12":"first","13":"onbackorder","14":"sale","15":"taxable","16":"shipping-taxable","17":"purchasable","18":"product-type-simple"},"acf":[],"yoast_head":"<!-- This site is optimized with the Yoast SEO Premium plugin v26.6 (Yoast SEO v26.6) - https:\/\/yoast.com\/wordpress\/plugins\/seo\/ -->\n<title>Marinada de Tomilho e Alecrim 5 kg<\/title>\n<meta name=\"description\" content=\"Descubra a nossa marinada de 5 kg de tomilho e alecrim, perfeita para real\u00e7ar a carne, o peixe e os legumes com sabores mediterr\u00e2nicos.\" \/>\n<meta name=\"robots\" content=\"index, follow, max-snippet:-1, max-image-preview:large, max-video-preview:-1\" \/>\n<link rel=\"canonical\" href=\"https:\/\/www.csj-emballages.com\/pt-pt\/produit\/marinada-de-tomilho-e-alecrim-5-kg\/\" \/>\n<meta property=\"og:locale\" content=\"pt_PT\" \/>\n<meta property=\"og:type\" content=\"article\" \/>\n<meta property=\"og:title\" content=\"Marinada de tomilho e alecrim 5 kg\" \/>\n<meta property=\"og:description\" content=\"Descubra a nossa marinada de 5 kg de tomilho e alecrim, perfeita para real\u00e7ar a carne, o peixe e os legumes com sabores mediterr\u00e2nicos.\" \/>\n<meta property=\"og:url\" content=\"https:\/\/www.csj-emballages.com\/pt-pt\/produit\/marinada-de-tomilho-e-alecrim-5-kg\/\" \/>\n<meta property=\"og:site_name\" content=\"CSJ Emballages\" \/>\n<meta property=\"article:publisher\" content=\"https:\/\/www.facebook.com\/csjemballages\" \/>\n<meta property=\"article:modified_time\" content=\"2026-04-25T00:10:31+00:00\" \/>\n<meta property=\"og:image\" content=\"https:\/\/www.csj-emballages.com\/wp-content\/uploads\/2024\/03\/Marinade-thym-romarin.webp\" \/>\n\t<meta property=\"og:image:width\" content=\"800\" \/>\n\t<meta property=\"og:image:height\" content=\"800\" \/>\n\t<meta property=\"og:image:type\" content=\"image\/webp\" \/>\n<meta name=\"twitter:card\" content=\"summary_large_image\" \/>\n<meta name=\"twitter:label1\" content=\"Tempo estimado de leitura\" \/>\n\t<meta name=\"twitter:data1\" content=\"1 minuto\" \/>\n<script type=\"application\/ld+json\" class=\"yoast-schema-graph\">{\"@context\":\"https:\/\/schema.org\",\"@graph\":[{\"@type\":\"WebPage\",\"@id\":\"https:\/\/www.csj-emballages.com\/pt-pt\/produit\/marinada-de-tomilho-e-alecrim-5-kg\/\",\"url\":\"https:\/\/www.csj-emballages.com\/pt-pt\/produit\/marinada-de-tomilho-e-alecrim-5-kg\/\",\"name\":\"Marinada de Tomilho e Alecrim 5 kg\",\"isPartOf\":{\"@id\":\"https:\/\/www.csj-emballages.com\/pt-pt\/#website\"},\"primaryImageOfPage\":{\"@id\":\"https:\/\/www.csj-emballages.com\/pt-pt\/produit\/marinada-de-tomilho-e-alecrim-5-kg\/#primaryimage\"},\"image\":{\"@id\":\"https:\/\/www.csj-emballages.com\/pt-pt\/produit\/marinada-de-tomilho-e-alecrim-5-kg\/#primaryimage\"},\"thumbnailUrl\":\"https:\/\/www.csj-emballages.com\/wp-content\/uploads\/2024\/03\/Marinade-thym-romarin.webp\",\"datePublished\":\"2024-03-01T15:59:31+00:00\",\"dateModified\":\"2026-04-25T00:10:31+00:00\",\"description\":\"Descubra a nossa marinada de 5 kg de tomilho e alecrim, perfeita para real\u00e7ar a carne, o peixe e os legumes com sabores mediterr\u00e2nicos.\",\"breadcrumb\":{\"@id\":\"https:\/\/www.csj-emballages.com\/pt-pt\/produit\/marinada-de-tomilho-e-alecrim-5-kg\/#breadcrumb\"},\"inLanguage\":\"pt-PT\",\"potentialAction\":[{\"@type\":\"ReadAction\",\"target\":[\"https:\/\/www.csj-emballages.com\/pt-pt\/produit\/marinada-de-tomilho-e-alecrim-5-kg\/\"]}]},{\"@type\":\"ImageObject\",\"inLanguage\":\"pt-PT\",\"@id\":\"https:\/\/www.csj-emballages.com\/pt-pt\/produit\/marinada-de-tomilho-e-alecrim-5-kg\/#primaryimage\",\"url\":\"https:\/\/www.csj-emballages.com\/wp-content\/uploads\/2024\/03\/Marinade-thym-romarin.webp\",\"contentUrl\":\"https:\/\/www.csj-emballages.com\/wp-content\/uploads\/2024\/03\/Marinade-thym-romarin.webp\",\"width\":800,\"height\":800,\"caption\":\"marinade thym romarin\"},{\"@type\":\"BreadcrumbList\",\"@id\":\"https:\/\/www.csj-emballages.com\/pt-pt\/produit\/marinada-de-tomilho-e-alecrim-5-kg\/#breadcrumb\",\"itemListElement\":[{\"@type\":\"ListItem\",\"position\":1,\"name\":\"Acolhimento\",\"item\":\"https:\/\/www.csj-emballages.com\/pt-pt\/universo-das-embalagens-alimentares\/\"},{\"@type\":\"ListItem\",\"position\":2,\"name\":\"Shop\",\"item\":\"https:\/\/www.csj-emballages.com\/shop\/\"},{\"@type\":\"ListItem\",\"position\":3,\"name\":\"Marinada de tomilho e alecrim 5 kg\"}]},{\"@type\":\"WebSite\",\"@id\":\"https:\/\/www.csj-emballages.com\/pt-pt\/#website\",\"url\":\"https:\/\/www.csj-emballages.com\/pt-pt\/\",\"name\":\"CSJ Emballages\",\"description\":\"\",\"publisher\":{\"@id\":\"https:\/\/www.csj-emballages.com\/pt-pt\/#organization\"},\"potentialAction\":[{\"@type\":\"SearchAction\",\"target\":{\"@type\":\"EntryPoint\",\"urlTemplate\":\"https:\/\/www.csj-emballages.com\/pt-pt\/?s={search_term_string}\"},\"query-input\":{\"@type\":\"PropertyValueSpecification\",\"valueRequired\":true,\"valueName\":\"search_term_string\"}}],\"inLanguage\":\"pt-PT\"},{\"@type\":\"Organization\",\"@id\":\"https:\/\/www.csj-emballages.com\/pt-pt\/#Organization\/\",\"name\":\"CSJ Emballages\",\"url\":\"https:\/\/www.csj-emballages.com\/pt-pt\/\",\"logo\":{\"@type\":\"ImageObject\",\"inLanguage\":\"pt-PT\",\"@id\":\"https:\/\/www.csj-emballages.com\/pt-pt\/#\/schema\/logo\/image\/\",\"url\":\"https:\/\/www.csj-emballages.com\/wp-content\/uploads\/2023\/10\/logo_csj.webp\",\"contentUrl\":\"https:\/\/www.csj-emballages.com\/wp-content\/uploads\/2023\/10\/logo_csj.webp\",\"width\":250,\"height\":95,\"caption\":\"CSJ Emballages\"},\"image\":{\"@id\":\"https:\/\/www.csj-emballages.com\/pt-pt\/#\/schema\/logo\/image\/\"},\"sameAs\":[\"https:\/\/www.facebook.com\/csjemballages\"],\"address\":{\"@type\":\"PostalAddress\",\"streetAddress\":\"ZI La Lechere\",\"addressLocality\":\"Patornay\",\"postalCode\":\"39130\",\"addressCountry\":\"FR\"},\"contactPoint\":[{\"@type\":\"ContactPoint\",\"contactType\":\"Service client\",\"telephone\":\"0384254272\",\"email\":\"contact@csj-emballages.com\"}]}]}<\/script>\n<!-- \/ Yoast SEO Premium plugin. -->","yoast_head_json":{"title":"Marinada de Tomilho e Alecrim 5 kg","description":"Descubra a nossa marinada de 5 kg de tomilho e alecrim, perfeita para real\u00e7ar a carne, o peixe e os legumes com sabores mediterr\u00e2nicos.","robots":{"index":"index","follow":"follow","max-snippet":"max-snippet:-1","max-image-preview":"max-image-preview:large","max-video-preview":"max-video-preview:-1"},"canonical":"https:\/\/www.csj-emballages.com\/pt-pt\/produit\/marinada-de-tomilho-e-alecrim-5-kg\/","og_locale":"pt_PT","og_type":"article","og_title":"Marinada de tomilho e alecrim 5 kg","og_description":"Descubra a nossa marinada de 5 kg de tomilho e alecrim, perfeita para real\u00e7ar a carne, o peixe e os legumes com sabores mediterr\u00e2nicos.","og_url":"https:\/\/www.csj-emballages.com\/pt-pt\/produit\/marinada-de-tomilho-e-alecrim-5-kg\/","og_site_name":"CSJ Emballages","article_publisher":"https:\/\/www.facebook.com\/csjemballages","article_modified_time":"2026-04-25T00:10:31+00:00","og_image":[{"width":800,"height":800,"url":"https:\/\/www.csj-emballages.com\/wp-content\/uploads\/2024\/03\/Marinade-thym-romarin.webp","type":"image\/webp"}],"twitter_card":"summary_large_image","twitter_misc":{"Tempo estimado de leitura":"1 minuto"},"schema":{"@context":"https:\/\/schema.org","@graph":[{"@type":"WebPage","@id":"https:\/\/www.csj-emballages.com\/pt-pt\/produit\/marinada-de-tomilho-e-alecrim-5-kg\/","url":"https:\/\/www.csj-emballages.com\/pt-pt\/produit\/marinada-de-tomilho-e-alecrim-5-kg\/","name":"Marinada de Tomilho e Alecrim 5 kg","isPartOf":{"@id":"https:\/\/www.csj-emballages.com\/pt-pt\/#website"},"primaryImageOfPage":{"@id":"https:\/\/www.csj-emballages.com\/pt-pt\/produit\/marinada-de-tomilho-e-alecrim-5-kg\/#primaryimage"},"image":{"@id":"https:\/\/www.csj-emballages.com\/pt-pt\/produit\/marinada-de-tomilho-e-alecrim-5-kg\/#primaryimage"},"thumbnailUrl":"https:\/\/www.csj-emballages.com\/wp-content\/uploads\/2024\/03\/Marinade-thym-romarin.webp","datePublished":"2024-03-01T15:59:31+00:00","dateModified":"2026-04-25T00:10:31+00:00","description":"Descubra a nossa marinada de 5 kg de tomilho e alecrim, perfeita para real\u00e7ar a carne, o peixe e os legumes com sabores mediterr\u00e2nicos.","breadcrumb":{"@id":"https:\/\/www.csj-emballages.com\/pt-pt\/produit\/marinada-de-tomilho-e-alecrim-5-kg\/#breadcrumb"},"inLanguage":"pt-PT","potentialAction":[{"@type":"ReadAction","target":["https:\/\/www.csj-emballages.com\/pt-pt\/produit\/marinada-de-tomilho-e-alecrim-5-kg\/"]}]},{"@type":"ImageObject","inLanguage":"pt-PT","@id":"https:\/\/www.csj-emballages.com\/pt-pt\/produit\/marinada-de-tomilho-e-alecrim-5-kg\/#primaryimage","url":"https:\/\/www.csj-emballages.com\/wp-content\/uploads\/2024\/03\/Marinade-thym-romarin.webp","contentUrl":"https:\/\/www.csj-emballages.com\/wp-content\/uploads\/2024\/03\/Marinade-thym-romarin.webp","width":800,"height":800,"caption":"marinade thym romarin"},{"@type":"BreadcrumbList","@id":"https:\/\/www.csj-emballages.com\/pt-pt\/produit\/marinada-de-tomilho-e-alecrim-5-kg\/#breadcrumb","itemListElement":[{"@type":"ListItem","position":1,"name":"Acolhimento","item":"https:\/\/www.csj-emballages.com\/pt-pt\/universo-das-embalagens-alimentares\/"},{"@type":"ListItem","position":2,"name":"Shop","item":"https:\/\/www.csj-emballages.com\/shop\/"},{"@type":"ListItem","position":3,"name":"Marinada de tomilho e alecrim 5 kg"}]},{"@type":"WebSite","@id":"https:\/\/www.csj-emballages.com\/pt-pt\/#website","url":"https:\/\/www.csj-emballages.com\/pt-pt\/","name":"CSJ Emballages","description":"","publisher":{"@id":"https:\/\/www.csj-emballages.com\/pt-pt\/#organization"},"potentialAction":[{"@type":"SearchAction","target":{"@type":"EntryPoint","urlTemplate":"https:\/\/www.csj-emballages.com\/pt-pt\/?s={search_term_string}"},"query-input":{"@type":"PropertyValueSpecification","valueRequired":true,"valueName":"search_term_string"}}],"inLanguage":"pt-PT"},{"@type":"Organization","@id":"https:\/\/www.csj-emballages.com\/pt-pt\/#Organization\/","name":"CSJ Emballages","url":"https:\/\/www.csj-emballages.com\/pt-pt\/","logo":{"@type":"ImageObject","inLanguage":"pt-PT","@id":"https:\/\/www.csj-emballages.com\/pt-pt\/#\/schema\/logo\/image\/","url":"https:\/\/www.csj-emballages.com\/wp-content\/uploads\/2023\/10\/logo_csj.webp","contentUrl":"https:\/\/www.csj-emballages.com\/wp-content\/uploads\/2023\/10\/logo_csj.webp","width":250,"height":95,"caption":"CSJ Emballages"},"image":{"@id":"https:\/\/www.csj-emballages.com\/pt-pt\/#\/schema\/logo\/image\/"},"sameAs":["https:\/\/www.facebook.com\/csjemballages"],"address":{"@type":"PostalAddress","streetAddress":"ZI La Lechere","addressLocality":"Patornay","postalCode":"39130","addressCountry":"FR"},"contactPoint":[{"@type":"ContactPoint","contactType":"Service client","telephone":"0384254272","email":"contact@csj-emballages.com"}]}]}},"df_price":36.87,"df_sale_price":36.87,"df_regular_price":53.86,"df_image_link":"https:\/\/www.csj-emballages.com\/wp-content\/uploads\/2024\/03\/Marinade-thym-romarin-300x300.webp","tiered_pricing_type":"fixed","tiered_pricing_fixed_rules":[],"tiered_pricing_percentage_rules":[],"tiered_pricing_minimum":1,"tiered_pricing_roles_data":[],"_links":{"self":[{"href":"https:\/\/www.csj-emballages.com\/pt-pt\/wp-json\/wp\/v2\/product\/18548","targetHints":{"allow":["GET"]}}],"collection":[{"href":"https:\/\/www.csj-emballages.com\/pt-pt\/wp-json\/wp\/v2\/product"}],"about":[{"href":"https:\/\/www.csj-emballages.com\/pt-pt\/wp-json\/wp\/v2\/types\/product"}],"wp:featuredmedia":[{"embeddable":true,"href":"https:\/\/www.csj-emballages.com\/pt-pt\/wp-json\/wp\/v2\/media\/226164"}],"wp:attachment":[{"href":"https:\/\/www.csj-emballages.com\/pt-pt\/wp-json\/wp\/v2\/media?parent=18548"}],"wp:term":[{"taxonomy":"product_brand","embeddable":true,"href":"https:\/\/www.csj-emballages.com\/pt-pt\/wp-json\/wp\/v2\/product_brand?post=18548"},{"taxonomy":"product_cat","embeddable":true,"href":"https:\/\/www.csj-emballages.com\/pt-pt\/wp-json\/wp\/v2\/product_cat?post=18548"},{"taxonomy":"product_tag","embeddable":true,"href":"https:\/\/www.csj-emballages.com\/pt-pt\/wp-json\/wp\/v2\/product_tag?post=18548"}],"curies":[{"name":"wp","href":"https:\/\/api.w.org\/{rel}","templated":true}]}}