{"id":18525,"date":"2024-03-01T16:59:30","date_gmt":"2024-03-01T15:59:30","guid":{"rendered":"https:\/\/u15jnbdpoq.preview.infomaniak.website\/produit\/ph-plus-liquido-5-litros\/"},"modified":"2026-03-12T16:03:28","modified_gmt":"2026-03-12T15:03:28","slug":"ph-plus-liquido-5-litros","status":"publish","type":"product","link":"https:\/\/www.csj-emballages.com\/pt-pt\/produit\/ph-plus-liquido-5-litros\/","title":{"rendered":"PH Plus l\u00edquido 5 litros"},"content":{"rendered":"<h2 class=\"p1\">PH Plus l\u00edquido<\/h2>\n<hr>\n<h3>Descri\u00e7\u00e3o do nosso PH Plus l\u00edquido 5 litros<\/h3>\n<p><!--more--><\/p>\n<p data-start=\"168\" data-end=\"397\">Quer seja um apaixonado pela manuten\u00e7\u00e3o da sua piscina ou um profissional da limpeza ou do tratamento da \u00e1gua, <strong data-start=\"301\" data-end=\"327\">PH Plus Liquid 5 L<\/strong> \u00e9 indispens\u00e1vel para garantir uma \u00e1gua perfeitamente equilibrada. Numa <strong>piscina<\/strong>, um <strong>pH<\/strong> demasiado baixo (\u00e1cido) pode causar v\u00e1rios problemas: irrita\u00e7\u00f5es nos olhos e na pele, danos nos equipamentos (revestimentos, vedantes, filtros), redu\u00e7\u00e3o da efic\u00e1cia dos produtos desinfectantes, etc. \u00c9 aqui que entra <strong data-start=\"635\" data-end=\"646\">o PH Plus<\/strong>. <strong data-start=\"674\" data-end=\"743\">Aumenta r\u00e1pida e eficazmente o n\u00edvel de pH da sua \u00e1gua<\/strong>, mantendo-a na zona ideal.  <\/p>\n<p data-start=\"803\" data-end=\"1133\">Este <strong data-start=\"806\" data-end=\"827\">recipiente de 5 litros<\/strong> foi concebido para ser f\u00e1cil de manusear, oferecendo ao mesmo tempo uma boa autonomia para piscinas m\u00e9dias e grandes. O seu formato l\u00edquido garante <strong data-start=\"982\" data-end=\"1013\">uma dilui\u00e7\u00e3o r\u00e1pida,<\/strong> homog\u00e9nea e sem res\u00edduos. Pode ser utilizado diretamente na piscina ou atrav\u00e9s de um sistema de controlo autom\u00e1tico, em fun\u00e7\u00e3o dos seus h\u00e1bitos.  <\/p>\n<p data-start=\"1135\" data-end=\"1369\">Utilizado regularmente, preserva a qualidade da \u00e1gua e prolonga a vida \u00fatil do seu equipamento. \u00c9 uma solu\u00e7\u00e3o fi\u00e1vel, eficaz e econ\u00f3mica para quem quer evitar as surpresas desagrad\u00e1veis associadas a um pH inst\u00e1vel. <\/p>\n<p data-start=\"1135\" data-end=\"1369\"><!--more--><\/p>\n<h4>Instru\u00e7\u00f5es de utiliza\u00e7\u00e3o :<\/h4>\n<ul>\n<li>Utiliza\u00e7\u00e3o manual: Verter o l\u00edquido PH plus em frente dos bocais de descarga, com a filtra\u00e7\u00e3o em funcionamento, tendo o cuidado de evitar projec\u00e7\u00f5es perigosas. Em m\u00e9dia, 100 ml aumentam o pH de 10 m3 em 0,1 unidade de pH.<\/li>\n<li>Inje\u00e7\u00e3o por bomba doseadora: Introduzir o filtro de aspira\u00e7\u00e3o da bomba diretamente na embalagem do produto. A inje\u00e7\u00e3o tem lugar no circuito de recircula\u00e7\u00e3o. Verifica o TAC e ajusta-o, se necess\u00e1rio, depois de aumentar o pH<\/li>\n<\/ul>\n<p data-start=\"1302\" data-end=\"1517\"><!--more--><\/p>\n<p><strong>As suas vantagens:<\/strong><\/p>\n<ul>\n<li>Refor\u00e7a eficazmente um pH baixo.<\/li>\n<li>Formato l\u00edquido f\u00e1cil de dosear, sem dep\u00f3sitos.<\/li>\n<li>De a\u00e7\u00e3o r\u00e1pida, efeito vis\u00edvel em apenas algumas horas.<\/li>\n<li>Ideal para piscinas privadas e p\u00fablicas.<\/li>\n<li>Reduz o risco de irrita\u00e7\u00e3o e corros\u00e3o.<\/li>\n<\/ul>\n<p>&nbsp;<\/p>\n<p><!--more--><\/p>\n<p><strong>Outras informa\u00e7\u00f5es :  <\/strong><\/p>\n<ul>\n<li><strong>Embalagem<\/strong>: Por unidade<\/li>\n<li><strong>Volume <\/strong>: 5 litros<\/li>\n<li><strong>Utiliza\u00e7\u00e3o<\/strong>: PH plus<\/li>\n<\/ul>\n<p>&nbsp;<\/p>\n<p><!--more--><\/p>\n<p>Descubra tamb\u00e9m o nosso PH Moins liquid 5 litros : <span style=\"color: #d12727;\"><a style=\"color: #d12727;\" href=\"https:\/\/www.csj-emballages.com\/produit\/ph-moins-liquide-5-litres\/\">01935<\/a><\/span><\/p>\n<p>&nbsp;<\/p>\n<p><!--more--><\/p>\n<p><a href=\"https:\/\/www.csj-emballages.com\/pt-pt\/categorie-produit\/higiene-e-manutencao\/produtos-de-limpeza\/sanitario\/\">Consulte o resto da nossa gama de produtos de manuten\u00e7\u00e3o para piscina\/spa<\/a><\/p>\n","protected":false},"excerpt":{"rendered":"<p>PH Plus l\u00edquido Descri\u00e7\u00e3o do nosso PH Plus l\u00edquido 5 litros<\/p>\n","protected":false},"featured_media":233299,"template":"","meta":{"_acf_changed":false},"product_brand":[],"product_cat":[1141,1222,1223,1332,1333,1335,10271],"product_tag":[],"class_list":{"0":"post-18525","1":"product","2":"type-product","3":"status-publish","4":"has-post-thumbnail","6":"product_cat-embalagem-de-alimentos","7":"product_cat-higiene-e-manutencao","8":"product_cat-produtos-de-limpeza","9":"product_cat-manutencao-da-piscina-spa","10":"product_cat-tratamento-da-agua","11":"product_cat-tratamento-de-piscina-spa","12":"product_cat-apuramento","13":"product_shipping_class-nao-e-permitido-em-reles","15":"first","16":"instock","17":"sale","18":"taxable","19":"shipping-taxable","20":"purchasable","21":"product-type-simple"},"acf":[],"yoast_head":"<!-- This site is optimized with the Yoast SEO Premium plugin v26.6 (Yoast SEO v26.6) - https:\/\/yoast.com\/wordpress\/plugins\/seo\/ -->\n<title>PH Plus L\u00edquido 5 litros<\/title>\n<meta name=\"description\" content=\"Corrija facilmente um pH baixo com o nosso l\u00edquido PH Plus em latas de 5L. Pr\u00e1tico, eficaz e ideal para uma \u00e1gua saud\u00e1vel e equilibrada.\" \/>\n<meta name=\"robots\" content=\"index, follow, max-snippet:-1, max-image-preview:large, max-video-preview:-1\" \/>\n<link rel=\"canonical\" href=\"https:\/\/www.csj-emballages.com\/pt-pt\/produit\/ph-plus-liquido-5-litros\/\" \/>\n<meta property=\"og:locale\" content=\"pt_PT\" \/>\n<meta property=\"og:type\" content=\"article\" \/>\n<meta property=\"og:title\" content=\"PH Plus l\u00edquido 5 litros\" \/>\n<meta property=\"og:description\" content=\"Corrija facilmente um pH baixo com o nosso l\u00edquido PH Plus em latas de 5L. Pr\u00e1tico, eficaz e ideal para uma \u00e1gua saud\u00e1vel e equilibrada.\" \/>\n<meta property=\"og:url\" content=\"https:\/\/www.csj-emballages.com\/pt-pt\/produit\/ph-plus-liquido-5-litros\/\" \/>\n<meta property=\"og:site_name\" content=\"CSJ Emballages\" \/>\n<meta property=\"article:publisher\" content=\"https:\/\/www.facebook.com\/csjemballages\" \/>\n<meta property=\"article:modified_time\" content=\"2026-03-12T15:03:28+00:00\" \/>\n<meta property=\"og:image\" content=\"https:\/\/www.csj-emballages.com\/wp-content\/uploads\/2024\/03\/10835.webp\" \/>\n\t<meta property=\"og:image:width\" content=\"800\" \/>\n\t<meta property=\"og:image:height\" content=\"800\" \/>\n\t<meta property=\"og:image:type\" content=\"image\/webp\" \/>\n<meta name=\"twitter:card\" content=\"summary_large_image\" \/>\n<meta name=\"twitter:label1\" content=\"Tempo estimado de leitura\" \/>\n\t<meta name=\"twitter:data1\" content=\"2 minutos\" \/>\n<script type=\"application\/ld+json\" class=\"yoast-schema-graph\">{\"@context\":\"https:\/\/schema.org\",\"@graph\":[{\"@type\":\"WebPage\",\"@id\":\"https:\/\/www.csj-emballages.com\/pt-pt\/produit\/ph-plus-liquido-5-litros\/\",\"url\":\"https:\/\/www.csj-emballages.com\/pt-pt\/produit\/ph-plus-liquido-5-litros\/\",\"name\":\"PH Plus L\u00edquido 5 litros\",\"isPartOf\":{\"@id\":\"https:\/\/www.csj-emballages.com\/pt-pt\/#website\"},\"primaryImageOfPage\":{\"@id\":\"https:\/\/www.csj-emballages.com\/pt-pt\/produit\/ph-plus-liquido-5-litros\/#primaryimage\"},\"image\":{\"@id\":\"https:\/\/www.csj-emballages.com\/pt-pt\/produit\/ph-plus-liquido-5-litros\/#primaryimage\"},\"thumbnailUrl\":\"https:\/\/www.csj-emballages.com\/wp-content\/uploads\/2024\/03\/10835.webp\",\"datePublished\":\"2024-03-01T15:59:30+00:00\",\"dateModified\":\"2026-03-12T15:03:28+00:00\",\"description\":\"Corrija facilmente um pH baixo com o nosso l\u00edquido PH Plus em latas de 5L. Pr\u00e1tico, eficaz e ideal para uma \u00e1gua saud\u00e1vel e equilibrada.\",\"breadcrumb\":{\"@id\":\"https:\/\/www.csj-emballages.com\/pt-pt\/produit\/ph-plus-liquido-5-litros\/#breadcrumb\"},\"inLanguage\":\"pt-PT\",\"potentialAction\":[{\"@type\":\"ReadAction\",\"target\":[\"https:\/\/www.csj-emballages.com\/pt-pt\/produit\/ph-plus-liquido-5-litros\/\"]}]},{\"@type\":\"ImageObject\",\"inLanguage\":\"pt-PT\",\"@id\":\"https:\/\/www.csj-emballages.com\/pt-pt\/produit\/ph-plus-liquido-5-litros\/#primaryimage\",\"url\":\"https:\/\/www.csj-emballages.com\/wp-content\/uploads\/2024\/03\/10835.webp\",\"contentUrl\":\"https:\/\/www.csj-emballages.com\/wp-content\/uploads\/2024\/03\/10835.webp\",\"width\":800,\"height\":800,\"caption\":\"PH Plus liquide\"},{\"@type\":\"BreadcrumbList\",\"@id\":\"https:\/\/www.csj-emballages.com\/pt-pt\/produit\/ph-plus-liquido-5-litros\/#breadcrumb\",\"itemListElement\":[{\"@type\":\"ListItem\",\"position\":1,\"name\":\"Acolhimento\",\"item\":\"https:\/\/www.csj-emballages.com\/pt-pt\/universo-das-embalagens-alimentares\/\"},{\"@type\":\"ListItem\",\"position\":2,\"name\":\"Shop\",\"item\":\"https:\/\/www.csj-emballages.com\/shop\/\"},{\"@type\":\"ListItem\",\"position\":3,\"name\":\"PH Plus l\u00edquido 5 litros\"}]},{\"@type\":\"WebSite\",\"@id\":\"https:\/\/www.csj-emballages.com\/pt-pt\/#website\",\"url\":\"https:\/\/www.csj-emballages.com\/pt-pt\/\",\"name\":\"CSJ Emballages\",\"description\":\"\",\"publisher\":{\"@id\":\"https:\/\/www.csj-emballages.com\/pt-pt\/#organization\"},\"potentialAction\":[{\"@type\":\"SearchAction\",\"target\":{\"@type\":\"EntryPoint\",\"urlTemplate\":\"https:\/\/www.csj-emballages.com\/pt-pt\/?s={search_term_string}\"},\"query-input\":{\"@type\":\"PropertyValueSpecification\",\"valueRequired\":true,\"valueName\":\"search_term_string\"}}],\"inLanguage\":\"pt-PT\"},{\"@type\":\"Organization\",\"@id\":\"https:\/\/www.csj-emballages.com\/pt-pt\/#Organization\/\",\"name\":\"CSJ Emballages\",\"url\":\"https:\/\/www.csj-emballages.com\/pt-pt\/\",\"logo\":{\"@type\":\"ImageObject\",\"inLanguage\":\"pt-PT\",\"@id\":\"https:\/\/www.csj-emballages.com\/pt-pt\/#\/schema\/logo\/image\/\",\"url\":\"https:\/\/www.csj-emballages.com\/wp-content\/uploads\/2023\/10\/logo_csj.webp\",\"contentUrl\":\"https:\/\/www.csj-emballages.com\/wp-content\/uploads\/2023\/10\/logo_csj.webp\",\"width\":250,\"height\":95,\"caption\":\"CSJ Emballages\"},\"image\":{\"@id\":\"https:\/\/www.csj-emballages.com\/pt-pt\/#\/schema\/logo\/image\/\"},\"sameAs\":[\"https:\/\/www.facebook.com\/csjemballages\"],\"address\":{\"@type\":\"PostalAddress\",\"streetAddress\":\"ZI La Lechere\",\"addressLocality\":\"Patornay\",\"postalCode\":\"39130\",\"addressCountry\":\"FR\"},\"contactPoint\":[{\"@type\":\"ContactPoint\",\"contactType\":\"Service client\",\"telephone\":\"0384254272\",\"email\":\"contact@csj-emballages.com\"}]}]}<\/script>\n<!-- \/ Yoast SEO Premium plugin. -->","yoast_head_json":{"title":"PH Plus L\u00edquido 5 litros","description":"Corrija facilmente um pH baixo com o nosso l\u00edquido PH Plus em latas de 5L. Pr\u00e1tico, eficaz e ideal para uma \u00e1gua saud\u00e1vel e equilibrada.","robots":{"index":"index","follow":"follow","max-snippet":"max-snippet:-1","max-image-preview":"max-image-preview:large","max-video-preview":"max-video-preview:-1"},"canonical":"https:\/\/www.csj-emballages.com\/pt-pt\/produit\/ph-plus-liquido-5-litros\/","og_locale":"pt_PT","og_type":"article","og_title":"PH Plus l\u00edquido 5 litros","og_description":"Corrija facilmente um pH baixo com o nosso l\u00edquido PH Plus em latas de 5L. Pr\u00e1tico, eficaz e ideal para uma \u00e1gua saud\u00e1vel e equilibrada.","og_url":"https:\/\/www.csj-emballages.com\/pt-pt\/produit\/ph-plus-liquido-5-litros\/","og_site_name":"CSJ Emballages","article_publisher":"https:\/\/www.facebook.com\/csjemballages","article_modified_time":"2026-03-12T15:03:28+00:00","og_image":[{"width":800,"height":800,"url":"https:\/\/www.csj-emballages.com\/wp-content\/uploads\/2024\/03\/10835.webp","type":"image\/webp"}],"twitter_card":"summary_large_image","twitter_misc":{"Tempo estimado de leitura":"2 minutos"},"schema":{"@context":"https:\/\/schema.org","@graph":[{"@type":"WebPage","@id":"https:\/\/www.csj-emballages.com\/pt-pt\/produit\/ph-plus-liquido-5-litros\/","url":"https:\/\/www.csj-emballages.com\/pt-pt\/produit\/ph-plus-liquido-5-litros\/","name":"PH Plus L\u00edquido 5 litros","isPartOf":{"@id":"https:\/\/www.csj-emballages.com\/pt-pt\/#website"},"primaryImageOfPage":{"@id":"https:\/\/www.csj-emballages.com\/pt-pt\/produit\/ph-plus-liquido-5-litros\/#primaryimage"},"image":{"@id":"https:\/\/www.csj-emballages.com\/pt-pt\/produit\/ph-plus-liquido-5-litros\/#primaryimage"},"thumbnailUrl":"https:\/\/www.csj-emballages.com\/wp-content\/uploads\/2024\/03\/10835.webp","datePublished":"2024-03-01T15:59:30+00:00","dateModified":"2026-03-12T15:03:28+00:00","description":"Corrija facilmente um pH baixo com o nosso l\u00edquido PH Plus em latas de 5L. Pr\u00e1tico, eficaz e ideal para uma \u00e1gua saud\u00e1vel e equilibrada.","breadcrumb":{"@id":"https:\/\/www.csj-emballages.com\/pt-pt\/produit\/ph-plus-liquido-5-litros\/#breadcrumb"},"inLanguage":"pt-PT","potentialAction":[{"@type":"ReadAction","target":["https:\/\/www.csj-emballages.com\/pt-pt\/produit\/ph-plus-liquido-5-litros\/"]}]},{"@type":"ImageObject","inLanguage":"pt-PT","@id":"https:\/\/www.csj-emballages.com\/pt-pt\/produit\/ph-plus-liquido-5-litros\/#primaryimage","url":"https:\/\/www.csj-emballages.com\/wp-content\/uploads\/2024\/03\/10835.webp","contentUrl":"https:\/\/www.csj-emballages.com\/wp-content\/uploads\/2024\/03\/10835.webp","width":800,"height":800,"caption":"PH Plus liquide"},{"@type":"BreadcrumbList","@id":"https:\/\/www.csj-emballages.com\/pt-pt\/produit\/ph-plus-liquido-5-litros\/#breadcrumb","itemListElement":[{"@type":"ListItem","position":1,"name":"Acolhimento","item":"https:\/\/www.csj-emballages.com\/pt-pt\/universo-das-embalagens-alimentares\/"},{"@type":"ListItem","position":2,"name":"Shop","item":"https:\/\/www.csj-emballages.com\/shop\/"},{"@type":"ListItem","position":3,"name":"PH Plus l\u00edquido 5 litros"}]},{"@type":"WebSite","@id":"https:\/\/www.csj-emballages.com\/pt-pt\/#website","url":"https:\/\/www.csj-emballages.com\/pt-pt\/","name":"CSJ Emballages","description":"","publisher":{"@id":"https:\/\/www.csj-emballages.com\/pt-pt\/#organization"},"potentialAction":[{"@type":"SearchAction","target":{"@type":"EntryPoint","urlTemplate":"https:\/\/www.csj-emballages.com\/pt-pt\/?s={search_term_string}"},"query-input":{"@type":"PropertyValueSpecification","valueRequired":true,"valueName":"search_term_string"}}],"inLanguage":"pt-PT"},{"@type":"Organization","@id":"https:\/\/www.csj-emballages.com\/pt-pt\/#Organization\/","name":"CSJ Emballages","url":"https:\/\/www.csj-emballages.com\/pt-pt\/","logo":{"@type":"ImageObject","inLanguage":"pt-PT","@id":"https:\/\/www.csj-emballages.com\/pt-pt\/#\/schema\/logo\/image\/","url":"https:\/\/www.csj-emballages.com\/wp-content\/uploads\/2023\/10\/logo_csj.webp","contentUrl":"https:\/\/www.csj-emballages.com\/wp-content\/uploads\/2023\/10\/logo_csj.webp","width":250,"height":95,"caption":"CSJ Emballages"},"image":{"@id":"https:\/\/www.csj-emballages.com\/pt-pt\/#\/schema\/logo\/image\/"},"sameAs":["https:\/\/www.facebook.com\/csjemballages"],"address":{"@type":"PostalAddress","streetAddress":"ZI La Lechere","addressLocality":"Patornay","postalCode":"39130","addressCountry":"FR"},"contactPoint":[{"@type":"ContactPoint","contactType":"Service client","telephone":"0384254272","email":"contact@csj-emballages.com"}]}]}},"df_price":16.04,"df_sale_price":16.04,"df_regular_price":20.05,"df_image_link":"https:\/\/www.csj-emballages.com\/wp-content\/uploads\/2024\/03\/10835-300x300.webp","tiered_pricing_type":"fixed","tiered_pricing_fixed_rules":[],"tiered_pricing_percentage_rules":[],"tiered_pricing_minimum":1,"tiered_pricing_roles_data":[],"_links":{"self":[{"href":"https:\/\/www.csj-emballages.com\/pt-pt\/wp-json\/wp\/v2\/product\/18525","targetHints":{"allow":["GET"]}}],"collection":[{"href":"https:\/\/www.csj-emballages.com\/pt-pt\/wp-json\/wp\/v2\/product"}],"about":[{"href":"https:\/\/www.csj-emballages.com\/pt-pt\/wp-json\/wp\/v2\/types\/product"}],"wp:featuredmedia":[{"embeddable":true,"href":"https:\/\/www.csj-emballages.com\/pt-pt\/wp-json\/wp\/v2\/media\/233299"}],"wp:attachment":[{"href":"https:\/\/www.csj-emballages.com\/pt-pt\/wp-json\/wp\/v2\/media?parent=18525"}],"wp:term":[{"taxonomy":"product_brand","embeddable":true,"href":"https:\/\/www.csj-emballages.com\/pt-pt\/wp-json\/wp\/v2\/product_brand?post=18525"},{"taxonomy":"product_cat","embeddable":true,"href":"https:\/\/www.csj-emballages.com\/pt-pt\/wp-json\/wp\/v2\/product_cat?post=18525"},{"taxonomy":"product_tag","embeddable":true,"href":"https:\/\/www.csj-emballages.com\/pt-pt\/wp-json\/wp\/v2\/product_tag?post=18525"}],"curies":[{"name":"wp","href":"https:\/\/api.w.org\/{rel}","templated":true}]}}