{"id":18446,"date":"2024-03-01T16:59:34","date_gmt":"2024-03-01T15:59:34","guid":{"rendered":"https:\/\/u15jnbdpoq.preview.infomaniak.website\/produit\/base-castanha-800-gr\/"},"modified":"2026-04-22T02:10:22","modified_gmt":"2026-04-22T00:10:22","slug":"base-castanha-800-gr","status":"publish","type":"product","link":"https:\/\/www.csj-emballages.com\/pt-pt\/produit\/base-castanha-800-gr\/","title":{"rendered":"Base castanha 800 gr"},"content":{"rendered":"<h2>Fundo castanho<\/h2>\n<hr>\n<h3>Descri\u00e7\u00e3o do nosso stock castanho de 800 gr<!--more--><\/h3>\n<p class=\"\" data-start=\"220\" data-end=\"682\"><strong>O fond brun<\/strong> \u00e9 uma <strong>base de<\/strong> cozinha indispens\u00e1vel, sobretudo se o objetivo for uma cozinha rica em sabor e autenticidade. Este frasco de <strong data-start=\"351\" data-end=\"373\">800 g<\/strong> de <strong data-start=\"351\" data-end=\"373\">fond brun<\/strong> \u00e9 ideal para profissionais da restaura\u00e7\u00e3o<strong data-start=\"399\" data-end=\"436\">, <\/strong>chefes de cozinha e cozinheiros de institui\u00e7\u00f5es, bem como para cozinheiros particulares apaixonados pela cozinha. Pode utiliz\u00e1-lo para preparar rapidamente molhos castanhos encorpados, sucos de carne e redu\u00e7\u00f5es, ou para real\u00e7ar o sabor dos seus pratos cozinhados em lume brando.  <\/p>\n<p class=\"\" data-start=\"684\" data-end=\"1024\">Concentrado e de qualidade profissional, este <strong>caldo castanho<\/strong> \u00e9 preparado a partir de carnes assadas, legumes e ervas cuidadosamente selecionados, sendo depois lentamente reduzido para libertar todos os seus aromas. Oferece um sabor intenso e equilibrado, sem ser demasiado salgado, dando-lhe a liberdade de ajustar o tempero a seu gosto. <\/p>\n<p class=\"\" data-start=\"1026\" data-end=\"1460\">Um <strong>frasco de 800 g<\/strong> permite-lhe preparar uma grande quantidade de molho, garantindo ao mesmo tempo <strong data-start=\"1120\" data-end=\"1151\">propriedades de cozedura perfeitas<\/strong>: sem mudan\u00e7a de fase, sem textura artificial. Ideal para utilizar em restaurantes tradicionais, para pratos de takeaway com molho, ou mesmo em casa para condimentar um simples prato de legumes assados ou fritos. Al\u00e9m disso, apresenta-se numa embalagem pr\u00e1tica: pode ser fechada de novo, pode ser guardada na prateleira e \u00e9 adequada para uma utiliza\u00e7\u00e3o regular.  <\/p>\n<p data-start=\"1026\" data-end=\"1460\">\n<p><!--more--><\/p>\n<div class=\"flex flex-grow flex-col max-w-full\">\n<div class=\"min-h-[20px] text-message flex flex-col items-start whitespace-pre-wrap break-words [.text-message+&amp;]:mt-5 juice:w-full juice:items-end overflow-x-auto gap-2\" dir=\"auto\" data-message-author-role=\"assistant\" data-message-id=\"579bfb50-fb6c-479d-a152-27ab4b509f37\">\n<div class=\"flex w-full flex-col gap-1 juice:empty:hidden juice:first:pt-[3px]\">\n<div class=\"markdown prose w-full break-words dark:prose-invert light\">\n<div class=\"flex-1 overflow-hidden\">\n<div class=\"react-scroll-to-bottom--css-ygaxm-79elbk h-full\">\n<div class=\"react-scroll-to-bottom--css-ygaxm-1n7m0yu\">\n<div class=\"flex flex-col text-sm md:pb-9\">\n<div class=\"w-full text-token-text-primary\" dir=\"auto\" data-testid=\"conversation-turn-3\" data-scroll-anchor=\"true\">\n<div class=\"py-2 juice:py-[18px] px-3 text-base md:px-4 m-auto md:px-5 lg:px-1 xl:px-5\">\n<div class=\"mx-auto flex flex-1 gap-3 text-base juice:gap-4 juice:md:gap-5 juice:lg:gap-6 md:max-w-3xl lg:max-w-[40rem] xl:max-w-[48rem]\">\n<div class=\"group\/conversation-turn relative flex w-full min-w-0 flex-col agent-turn\">\n<div class=\"flex-col gap-1 md:gap-3\">\n<div class=\"flex flex-grow flex-col max-w-full\">\n<div class=\"min-h-[20px] text-message flex flex-col items-start whitespace-pre-wrap break-words [.text-message+&amp;]:mt-5 juice:w-full juice:items-end overflow-x-auto gap-2\" dir=\"auto\" data-message-author-role=\"assistant\" data-message-id=\"2fe0f070-0589-4d8f-991f-f185baabe147\">\n<div class=\"flex w-full flex-col gap-1 juice:empty:hidden juice:first:pt-[3px]\">\n<div class=\"markdown prose w-full break-words dark:prose-invert light\">\n<h4>Vantagens:<\/h4>\n<ul>\n<li>Sabor aut\u00eantico de carne assada e ervas arom\u00e1ticas.<\/li>\n<li>Grande capacidade de 800 g: utiliza\u00e7\u00e3o econ\u00f3mica.<\/li>\n<li>Conserva-se durante muito tempo sem se deteriorar.<\/li>\n<li>Dosagem f\u00e1cil, base concentrada para ser dilu\u00edda.<\/li>\n<li>Vers\u00e1til: molhos, pratos cozinhados em lume brando, sumos encorpados.<\/li>\n<\/ul>\n<\/div>\n<div class=\"markdown prose w-full break-words dark:prose-invert light\">\n<p>&nbsp;<\/p>\n<\/div>\n<\/div>\n<\/div>\n<\/div>\n<\/div>\n<\/div>\n<\/div>\n<\/div>\n<\/div>\n<\/div>\n<\/div>\n<\/div>\n<\/div>\n<\/div>\n<\/div>\n<\/div>\n<\/div>\n<p><!--more--><\/p>\n<p><strong>Dosagem<\/strong>:<\/p>\n<ul>\n<li>Base do molho: 40 g por litro de \u00e1gua<\/li>\n<li>Base para caldo: 20 g por litro de \u00e1gua<\/li>\n<\/ul>\n<p>&nbsp;<\/p>\n<p><!--more--><\/p>\n<p><span style=\"color: #e3ab00; font-weight: bold;\">Composi\u00e7\u00e3o<\/span>: Aromatizante \/ amido \/ farinha de trigo \/ maltodextrina \/ sal \/ especiarias \/ extrato de levedura \/ \u00f3leo de girassol parcialmente endurecido \/ corante E-150c (2%) <span style=\"color: #1882ed; font-weight: bold;\">Utiliza\u00e7\u00e3o<\/span>: 1. diluir a quantidade indicada em \u00e1gua fria ou quente 2. bater at\u00e9 obter uma mistura perfeita 3. ferver durante 5 minutos at\u00e9 estar completamente dissolvido 4. retirar do lume e utilizar conforme necess\u00e1rio<\/p>\n<p>&nbsp;<\/p>\n<p><!--more--><\/p>\n<p><span style=\"color: #1882ed; font-weight: bold;\">Emprego<\/span>:<\/p>\n<ol>\n<li>Dilui a quantidade indicada em \u00e1gua fria<\/li>\n<li>Bata at\u00e9 ficar bem misturado.<\/li>\n<li>Deixar ferver durante 5 minutos at\u00e9 estar completamente dissolvido.<\/li>\n<li>Retirar do lume e utilizar conforme necess\u00e1rio<\/li>\n<\/ol>\n<p>&nbsp;<\/p>\n<p><!--more--><\/p>\n<div class=\"flex flex-grow flex-col max-w-full\">\n<div class=\"min-h-[20px] text-message flex flex-col items-start whitespace-pre-wrap break-words [.text-message+&amp;]:mt-5 juice:w-full juice:items-end overflow-x-auto gap-2\" dir=\"auto\" data-message-author-role=\"assistant\" data-message-id=\"579bfb50-fb6c-479d-a152-27ab4b509f37\">\n<div class=\"flex w-full flex-col gap-1 juice:empty:hidden juice:first:pt-[3px]\">\n<div class=\"markdown prose w-full break-words dark:prose-invert light\">\n<div class=\"flex-1 overflow-hidden\">\n<div class=\"react-scroll-to-bottom--css-ygaxm-79elbk h-full\">\n<div class=\"react-scroll-to-bottom--css-ygaxm-1n7m0yu\">\n<div class=\"flex flex-col text-sm md:pb-9\">\n<div class=\"w-full text-token-text-primary\" dir=\"auto\" data-testid=\"conversation-turn-3\" data-scroll-anchor=\"true\">\n<div class=\"py-2 juice:py-[18px] px-3 text-base md:px-4 m-auto md:px-5 lg:px-1 xl:px-5\">\n<div class=\"mx-auto flex flex-1 gap-3 text-base juice:gap-4 juice:md:gap-5 juice:lg:gap-6 md:max-w-3xl lg:max-w-[40rem] xl:max-w-[48rem]\">\n<div class=\"group\/conversation-turn relative flex w-full min-w-0 flex-col agent-turn\">\n<div class=\"flex-col gap-1 md:gap-3\">\n<div class=\"flex flex-grow flex-col max-w-full\">\n<div class=\"min-h-[20px] text-message flex flex-col items-start whitespace-pre-wrap break-words [.text-message+&amp;]:mt-5 juice:w-full juice:items-end overflow-x-auto gap-2\" dir=\"auto\" data-message-author-role=\"assistant\" data-message-id=\"2fe0f070-0589-4d8f-991f-f185baabe147\">\n<div class=\"flex w-full flex-col gap-1 juice:empty:hidden juice:first:pt-[3px]\">\n<div class=\"markdown prose w-full break-words dark:prose-invert light\">\n<h4>Outras informa\u00e7\u00f5es :<\/h4>\n<ul>\n<li><strong>Embalagem<\/strong>: Balde de 800 gr<\/li>\n<li><strong>Tipo<\/strong>: Fundo castanho<\/li>\n<\/ul>\n<\/div>\n<\/div>\n<\/div>\n<\/div>\n<\/div>\n<\/div>\n<\/div>\n<\/div>\n<\/div>\n<\/div>\n<\/div>\n<\/div>\n<\/div>\n<p>&nbsp;<\/p>\n<\/div>\n<\/div>\n<\/div>\n<\/div>\n<p><!--more--><\/p>\n<p>Descubra o nosso molho de vitela: <span style=\"color: #d12727;\"><a style=\"color: #d12727;\" href=\"https:\/\/www.csj-emballages.com\/pt-pt\/produit\/caldo-de-vitela-atado-900-gr\/\">10550<\/a><\/span><\/p>\n<p>&nbsp;<\/p>\n<p><!--more--><\/p>\n<p><a href=\"https:\/\/www.csj-emballages.com\/pt-pt\/categorie-produit\/alimentacao-pt-pt\/bases-culinarias-pt-pt\/\">Ver o resto da nossa gama de bases\/estoques<\/a><\/p>\n","protected":false},"excerpt":{"rendered":"<p>Fundo castanho Descri\u00e7\u00e3o do nosso stock castanho de 800 gr<\/p>\n","protected":false},"featured_media":231110,"template":"","meta":{"_acf_changed":false},"product_brand":[],"product_cat":[1151,1866],"product_tag":[],"class_list":{"0":"post-18446","1":"product","2":"type-product","3":"status-publish","4":"has-post-thumbnail","6":"product_cat-alimentacao-pt-pt","7":"product_cat-bases-culinarias-pt-pt","9":"first","10":"instock","11":"taxable","12":"shipping-taxable","13":"purchasable","14":"product-type-simple"},"acf":[],"yoast_head":"<!-- This site is optimized with the Yoast SEO Premium plugin v26.6 (Yoast SEO v26.6) - https:\/\/yoast.com\/wordpress\/plugins\/seo\/ -->\n<title>Fundo castanho 800 gr<\/title>\n<meta name=\"description\" content=\"800g de caldo castanho para profissionais e entusiastas. A base ideal para molhos castanhos, pratos cozinhados em lume brando e sumos encorpados. Sabor intenso e textura perfeita.\" \/>\n<meta name=\"robots\" content=\"index, follow, max-snippet:-1, max-image-preview:large, max-video-preview:-1\" \/>\n<link rel=\"canonical\" href=\"https:\/\/www.csj-emballages.com\/pt-pt\/produit\/base-castanha-800-gr\/\" \/>\n<meta property=\"og:locale\" content=\"pt_PT\" \/>\n<meta property=\"og:type\" content=\"article\" \/>\n<meta property=\"og:title\" content=\"Base castanha 800 gr\" \/>\n<meta property=\"og:description\" content=\"800g de caldo castanho para profissionais e entusiastas. A base ideal para molhos castanhos, pratos cozinhados em lume brando e sumos encorpados. Sabor intenso e textura perfeita.\" \/>\n<meta property=\"og:url\" content=\"https:\/\/www.csj-emballages.com\/pt-pt\/produit\/base-castanha-800-gr\/\" \/>\n<meta property=\"og:site_name\" content=\"CSJ Emballages\" \/>\n<meta property=\"article:publisher\" content=\"https:\/\/www.facebook.com\/csjemballages\" \/>\n<meta property=\"article:modified_time\" content=\"2026-04-22T00:10:22+00:00\" \/>\n<meta property=\"og:image\" content=\"https:\/\/www.csj-emballages.com\/wp-content\/uploads\/2024\/03\/Fonds-brun.webp\" \/>\n\t<meta property=\"og:image:width\" content=\"800\" \/>\n\t<meta property=\"og:image:height\" content=\"800\" \/>\n\t<meta property=\"og:image:type\" content=\"image\/webp\" \/>\n<meta name=\"twitter:card\" content=\"summary_large_image\" \/>\n<meta name=\"twitter:label1\" content=\"Tempo estimado de leitura\" \/>\n\t<meta name=\"twitter:data1\" content=\"2 minutos\" \/>\n<script type=\"application\/ld+json\" class=\"yoast-schema-graph\">{\"@context\":\"https:\/\/schema.org\",\"@graph\":[{\"@type\":\"WebPage\",\"@id\":\"https:\/\/www.csj-emballages.com\/pt-pt\/produit\/base-castanha-800-gr\/\",\"url\":\"https:\/\/www.csj-emballages.com\/pt-pt\/produit\/base-castanha-800-gr\/\",\"name\":\"Fundo castanho 800 gr\",\"isPartOf\":{\"@id\":\"https:\/\/www.csj-emballages.com\/pt-pt\/#website\"},\"primaryImageOfPage\":{\"@id\":\"https:\/\/www.csj-emballages.com\/pt-pt\/produit\/base-castanha-800-gr\/#primaryimage\"},\"image\":{\"@id\":\"https:\/\/www.csj-emballages.com\/pt-pt\/produit\/base-castanha-800-gr\/#primaryimage\"},\"thumbnailUrl\":\"https:\/\/www.csj-emballages.com\/wp-content\/uploads\/2024\/03\/Fonds-brun.webp\",\"datePublished\":\"2024-03-01T15:59:34+00:00\",\"dateModified\":\"2026-04-22T00:10:22+00:00\",\"description\":\"800g de caldo castanho para profissionais e entusiastas. A base ideal para molhos castanhos, pratos cozinhados em lume brando e sumos encorpados. Sabor intenso e textura perfeita.\",\"breadcrumb\":{\"@id\":\"https:\/\/www.csj-emballages.com\/pt-pt\/produit\/base-castanha-800-gr\/#breadcrumb\"},\"inLanguage\":\"pt-PT\",\"potentialAction\":[{\"@type\":\"ReadAction\",\"target\":[\"https:\/\/www.csj-emballages.com\/pt-pt\/produit\/base-castanha-800-gr\/\"]}]},{\"@type\":\"ImageObject\",\"inLanguage\":\"pt-PT\",\"@id\":\"https:\/\/www.csj-emballages.com\/pt-pt\/produit\/base-castanha-800-gr\/#primaryimage\",\"url\":\"https:\/\/www.csj-emballages.com\/wp-content\/uploads\/2024\/03\/Fonds-brun.webp\",\"contentUrl\":\"https:\/\/www.csj-emballages.com\/wp-content\/uploads\/2024\/03\/Fonds-brun.webp\",\"width\":800,\"height\":800,\"caption\":\"fond brun\"},{\"@type\":\"BreadcrumbList\",\"@id\":\"https:\/\/www.csj-emballages.com\/pt-pt\/produit\/base-castanha-800-gr\/#breadcrumb\",\"itemListElement\":[{\"@type\":\"ListItem\",\"position\":1,\"name\":\"Acolhimento\",\"item\":\"https:\/\/www.csj-emballages.com\/pt-pt\/universo-das-embalagens-alimentares\/\"},{\"@type\":\"ListItem\",\"position\":2,\"name\":\"Shop\",\"item\":\"https:\/\/www.csj-emballages.com\/shop\/\"},{\"@type\":\"ListItem\",\"position\":3,\"name\":\"Base castanha 800 gr\"}]},{\"@type\":\"WebSite\",\"@id\":\"https:\/\/www.csj-emballages.com\/pt-pt\/#website\",\"url\":\"https:\/\/www.csj-emballages.com\/pt-pt\/\",\"name\":\"CSJ Emballages\",\"description\":\"\",\"publisher\":{\"@id\":\"https:\/\/www.csj-emballages.com\/pt-pt\/#organization\"},\"potentialAction\":[{\"@type\":\"SearchAction\",\"target\":{\"@type\":\"EntryPoint\",\"urlTemplate\":\"https:\/\/www.csj-emballages.com\/pt-pt\/?s={search_term_string}\"},\"query-input\":{\"@type\":\"PropertyValueSpecification\",\"valueRequired\":true,\"valueName\":\"search_term_string\"}}],\"inLanguage\":\"pt-PT\"},{\"@type\":\"Organization\",\"@id\":\"https:\/\/www.csj-emballages.com\/pt-pt\/#Organization\/\",\"name\":\"CSJ Emballages\",\"url\":\"https:\/\/www.csj-emballages.com\/pt-pt\/\",\"logo\":{\"@type\":\"ImageObject\",\"inLanguage\":\"pt-PT\",\"@id\":\"https:\/\/www.csj-emballages.com\/pt-pt\/#\/schema\/logo\/image\/\",\"url\":\"https:\/\/www.csj-emballages.com\/wp-content\/uploads\/2023\/10\/logo_csj.webp\",\"contentUrl\":\"https:\/\/www.csj-emballages.com\/wp-content\/uploads\/2023\/10\/logo_csj.webp\",\"width\":250,\"height\":95,\"caption\":\"CSJ Emballages\"},\"image\":{\"@id\":\"https:\/\/www.csj-emballages.com\/pt-pt\/#\/schema\/logo\/image\/\"},\"sameAs\":[\"https:\/\/www.facebook.com\/csjemballages\"],\"address\":{\"@type\":\"PostalAddress\",\"streetAddress\":\"ZI La Lechere\",\"addressLocality\":\"Patornay\",\"postalCode\":\"39130\",\"addressCountry\":\"FR\"},\"contactPoint\":[{\"@type\":\"ContactPoint\",\"contactType\":\"Service client\",\"telephone\":\"0384254272\",\"email\":\"contact@csj-emballages.com\"}]}]}<\/script>\n<!-- \/ Yoast SEO Premium plugin. -->","yoast_head_json":{"title":"Fundo castanho 800 gr","description":"800g de caldo castanho para profissionais e entusiastas. A base ideal para molhos castanhos, pratos cozinhados em lume brando e sumos encorpados. Sabor intenso e textura perfeita.","robots":{"index":"index","follow":"follow","max-snippet":"max-snippet:-1","max-image-preview":"max-image-preview:large","max-video-preview":"max-video-preview:-1"},"canonical":"https:\/\/www.csj-emballages.com\/pt-pt\/produit\/base-castanha-800-gr\/","og_locale":"pt_PT","og_type":"article","og_title":"Base castanha 800 gr","og_description":"800g de caldo castanho para profissionais e entusiastas. A base ideal para molhos castanhos, pratos cozinhados em lume brando e sumos encorpados. Sabor intenso e textura perfeita.","og_url":"https:\/\/www.csj-emballages.com\/pt-pt\/produit\/base-castanha-800-gr\/","og_site_name":"CSJ Emballages","article_publisher":"https:\/\/www.facebook.com\/csjemballages","article_modified_time":"2026-04-22T00:10:22+00:00","og_image":[{"width":800,"height":800,"url":"https:\/\/www.csj-emballages.com\/wp-content\/uploads\/2024\/03\/Fonds-brun.webp","type":"image\/webp"}],"twitter_card":"summary_large_image","twitter_misc":{"Tempo estimado de leitura":"2 minutos"},"schema":{"@context":"https:\/\/schema.org","@graph":[{"@type":"WebPage","@id":"https:\/\/www.csj-emballages.com\/pt-pt\/produit\/base-castanha-800-gr\/","url":"https:\/\/www.csj-emballages.com\/pt-pt\/produit\/base-castanha-800-gr\/","name":"Fundo castanho 800 gr","isPartOf":{"@id":"https:\/\/www.csj-emballages.com\/pt-pt\/#website"},"primaryImageOfPage":{"@id":"https:\/\/www.csj-emballages.com\/pt-pt\/produit\/base-castanha-800-gr\/#primaryimage"},"image":{"@id":"https:\/\/www.csj-emballages.com\/pt-pt\/produit\/base-castanha-800-gr\/#primaryimage"},"thumbnailUrl":"https:\/\/www.csj-emballages.com\/wp-content\/uploads\/2024\/03\/Fonds-brun.webp","datePublished":"2024-03-01T15:59:34+00:00","dateModified":"2026-04-22T00:10:22+00:00","description":"800g de caldo castanho para profissionais e entusiastas. A base ideal para molhos castanhos, pratos cozinhados em lume brando e sumos encorpados. Sabor intenso e textura perfeita.","breadcrumb":{"@id":"https:\/\/www.csj-emballages.com\/pt-pt\/produit\/base-castanha-800-gr\/#breadcrumb"},"inLanguage":"pt-PT","potentialAction":[{"@type":"ReadAction","target":["https:\/\/www.csj-emballages.com\/pt-pt\/produit\/base-castanha-800-gr\/"]}]},{"@type":"ImageObject","inLanguage":"pt-PT","@id":"https:\/\/www.csj-emballages.com\/pt-pt\/produit\/base-castanha-800-gr\/#primaryimage","url":"https:\/\/www.csj-emballages.com\/wp-content\/uploads\/2024\/03\/Fonds-brun.webp","contentUrl":"https:\/\/www.csj-emballages.com\/wp-content\/uploads\/2024\/03\/Fonds-brun.webp","width":800,"height":800,"caption":"fond brun"},{"@type":"BreadcrumbList","@id":"https:\/\/www.csj-emballages.com\/pt-pt\/produit\/base-castanha-800-gr\/#breadcrumb","itemListElement":[{"@type":"ListItem","position":1,"name":"Acolhimento","item":"https:\/\/www.csj-emballages.com\/pt-pt\/universo-das-embalagens-alimentares\/"},{"@type":"ListItem","position":2,"name":"Shop","item":"https:\/\/www.csj-emballages.com\/shop\/"},{"@type":"ListItem","position":3,"name":"Base castanha 800 gr"}]},{"@type":"WebSite","@id":"https:\/\/www.csj-emballages.com\/pt-pt\/#website","url":"https:\/\/www.csj-emballages.com\/pt-pt\/","name":"CSJ Emballages","description":"","publisher":{"@id":"https:\/\/www.csj-emballages.com\/pt-pt\/#organization"},"potentialAction":[{"@type":"SearchAction","target":{"@type":"EntryPoint","urlTemplate":"https:\/\/www.csj-emballages.com\/pt-pt\/?s={search_term_string}"},"query-input":{"@type":"PropertyValueSpecification","valueRequired":true,"valueName":"search_term_string"}}],"inLanguage":"pt-PT"},{"@type":"Organization","@id":"https:\/\/www.csj-emballages.com\/pt-pt\/#Organization\/","name":"CSJ Emballages","url":"https:\/\/www.csj-emballages.com\/pt-pt\/","logo":{"@type":"ImageObject","inLanguage":"pt-PT","@id":"https:\/\/www.csj-emballages.com\/pt-pt\/#\/schema\/logo\/image\/","url":"https:\/\/www.csj-emballages.com\/wp-content\/uploads\/2023\/10\/logo_csj.webp","contentUrl":"https:\/\/www.csj-emballages.com\/wp-content\/uploads\/2023\/10\/logo_csj.webp","width":250,"height":95,"caption":"CSJ Emballages"},"image":{"@id":"https:\/\/www.csj-emballages.com\/pt-pt\/#\/schema\/logo\/image\/"},"sameAs":["https:\/\/www.facebook.com\/csjemballages"],"address":{"@type":"PostalAddress","streetAddress":"ZI La Lechere","addressLocality":"Patornay","postalCode":"39130","addressCountry":"FR"},"contactPoint":[{"@type":"ContactPoint","contactType":"Service client","telephone":"0384254272","email":"contact@csj-emballages.com"}]}]}},"df_price":10.03,"df_sale_price":"","df_regular_price":10.03,"df_image_link":"https:\/\/www.csj-emballages.com\/wp-content\/uploads\/2024\/03\/Fonds-brun-300x300.webp","tiered_pricing_type":"fixed","tiered_pricing_fixed_rules":[],"tiered_pricing_percentage_rules":[],"tiered_pricing_minimum":1,"tiered_pricing_roles_data":[],"_links":{"self":[{"href":"https:\/\/www.csj-emballages.com\/pt-pt\/wp-json\/wp\/v2\/product\/18446","targetHints":{"allow":["GET"]}}],"collection":[{"href":"https:\/\/www.csj-emballages.com\/pt-pt\/wp-json\/wp\/v2\/product"}],"about":[{"href":"https:\/\/www.csj-emballages.com\/pt-pt\/wp-json\/wp\/v2\/types\/product"}],"wp:featuredmedia":[{"embeddable":true,"href":"https:\/\/www.csj-emballages.com\/pt-pt\/wp-json\/wp\/v2\/media\/231110"}],"wp:attachment":[{"href":"https:\/\/www.csj-emballages.com\/pt-pt\/wp-json\/wp\/v2\/media?parent=18446"}],"wp:term":[{"taxonomy":"product_brand","embeddable":true,"href":"https:\/\/www.csj-emballages.com\/pt-pt\/wp-json\/wp\/v2\/product_brand?post=18446"},{"taxonomy":"product_cat","embeddable":true,"href":"https:\/\/www.csj-emballages.com\/pt-pt\/wp-json\/wp\/v2\/product_cat?post=18446"},{"taxonomy":"product_tag","embeddable":true,"href":"https:\/\/www.csj-emballages.com\/pt-pt\/wp-json\/wp\/v2\/product_tag?post=18446"}],"curies":[{"name":"wp","href":"https:\/\/api.w.org\/{rel}","templated":true}]}}