{"id":18415,"date":"2024-03-01T16:59:34","date_gmt":"2024-03-01T15:59:34","guid":{"rendered":"https:\/\/u15jnbdpoq.preview.infomaniak.website\/produit\/base-culinaria-com-molho-de-tomate-800-gr\/"},"modified":"2026-03-12T16:03:06","modified_gmt":"2026-03-12T15:03:06","slug":"base-culinaria-com-molho-de-tomate-800-gr","status":"publish","type":"product","link":"https:\/\/www.csj-emballages.com\/pt-pt\/produit\/base-culinaria-com-molho-de-tomate-800-gr\/","title":{"rendered":"Base culin\u00e1ria com molho de tomate 800 gr"},"content":{"rendered":"<h2 class=\"p1\">Molho de tomate<\/h2>\n<hr>\n<h3>Descri\u00e7\u00e3o do nosso molho de tomate 800 gr<\/h3>\n<h3><!--more--><\/h3>\n<p class=\"\" data-start=\"303\" data-end=\"670\">Eis o must-have de todas as cozinhas: o nosso <strong>molho de tomate cozido de 800 g,<\/strong> generosamente preparado para os amantes do sabor aut\u00eantico. Destinado aos profissionais da restaura\u00e7\u00e3o, \u00e0s colectividades e mesmo aos particulares que gostam de cozinhar com produtos de qualidade, este molho \u00e9 o ponto de partida perfeito para enriquecer qualquer prato. Elaborado a partir de <strong>tomates<\/strong> amadurecidos ao sol, lentamente cozinhados em lume brando com ervas arom\u00e1ticas, cebola e um fio de azeite, este <strong>molho de tomate<\/strong> est\u00e1 pronto a ser utilizado. Tem uma textura cremosa e um sabor equilibrado, nem demasiado \u00e1cido nem demasiado doce, que combina igualmente bem com massas, arroz, pizzas caseiras, legumes recheados ou mesmo ca\u00e7arolas.   <\/p>\n<p class=\"\" data-start=\"1056\" data-end=\"1348\">Gra\u00e7as ao seu generoso formato <strong>de 800 gramas<\/strong>, \u00e9 ideal para utiliza\u00e7\u00e3o em cozinhas profissionais, mas tamb\u00e9m perfeitamente adequado para fam\u00edlias ou refei\u00e7\u00f5es com amigos. Embalado numa pr\u00e1tica caixa, este <strong>molho de tomate<\/strong> \u00e9 f\u00e1cil de ter sempre \u00e0 m\u00e3o. <\/p>\n<p class=\"\" data-start=\"1350\" data-end=\"1529\">Escolha um molho vers\u00e1til, saboroso e fi\u00e1vel para poupar tempo sem sacrificar o sabor. A base perfeita para a sua criatividade culin\u00e1ria. <\/p>\n<p data-start=\"1350\" data-end=\"1529\">\n<p><!--more--><\/p>\n<div class=\"flex flex-grow flex-col max-w-full\">\n<div class=\"min-h-[20px] text-message flex flex-col items-start whitespace-pre-wrap break-words [.text-message+&amp;]:mt-5 juice:w-full juice:items-end overflow-x-auto gap-2\" dir=\"auto\" data-message-author-role=\"assistant\" data-message-id=\"579bfb50-fb6c-479d-a152-27ab4b509f37\">\n<div class=\"flex w-full flex-col gap-1 juice:empty:hidden juice:first:pt-[3px]\">\n<div class=\"markdown prose w-full break-words dark:prose-invert light\">\n<div class=\"flex-1 overflow-hidden\">\n<div class=\"react-scroll-to-bottom--css-ygaxm-79elbk h-full\">\n<div class=\"react-scroll-to-bottom--css-ygaxm-1n7m0yu\">\n<div class=\"flex flex-col text-sm md:pb-9\">\n<div class=\"w-full text-token-text-primary\" dir=\"auto\" data-testid=\"conversation-turn-3\" data-scroll-anchor=\"true\">\n<div class=\"py-2 juice:py-[18px] px-3 text-base md:px-4 m-auto md:px-5 lg:px-1 xl:px-5\">\n<div class=\"mx-auto flex flex-1 gap-3 text-base juice:gap-4 juice:md:gap-5 juice:lg:gap-6 md:max-w-3xl lg:max-w-[40rem] xl:max-w-[48rem]\">\n<div class=\"group\/conversation-turn relative flex w-full min-w-0 flex-col agent-turn\">\n<div class=\"flex-col gap-1 md:gap-3\">\n<div class=\"flex flex-grow flex-col max-w-full\">\n<div class=\"min-h-[20px] text-message flex flex-col items-start whitespace-pre-wrap break-words [.text-message+&amp;]:mt-5 juice:w-full juice:items-end overflow-x-auto gap-2\" dir=\"auto\" data-message-author-role=\"assistant\" data-message-id=\"2fe0f070-0589-4d8f-991f-f185baabe147\">\n<div class=\"flex w-full flex-col gap-1 juice:empty:hidden juice:first:pt-[3px]\">\n<div class=\"markdown prose w-full break-words dark:prose-invert light\">\n<h4>Vantagens:<\/h4>\n<ul>\n<li>Pronto a utilizar: poupa tempo sem comprometer o sabor.<\/li>\n<li>Formato de 800g ideal para refei\u00e7\u00f5es de grupo ou para uso profissional.<\/li>\n<li>Formato grande e econ\u00f3mico de 800 g.<\/li>\n<li>Dosagem f\u00e1cil, base concentrada para ser dilu\u00edda.<\/li>\n<li>Prepara\u00e7\u00e3o com economia de tempo.<\/li>\n<\/ul>\n<\/div>\n<div class=\"markdown prose w-full break-words dark:prose-invert light\">\n<p>&nbsp;<\/p>\n<\/div>\n<\/div>\n<\/div>\n<\/div>\n<\/div>\n<\/div>\n<\/div>\n<\/div>\n<\/div>\n<\/div>\n<\/div>\n<\/div>\n<\/div>\n<\/div>\n<\/div>\n<\/div>\n<\/div>\n<p><!--more--><\/p>\n<p><span style=\"font-weight: bold;\">Dosagem<\/span>:<\/p>\n<ul>\n<li>125 g por litro de \u00e1gua<\/li>\n<li>50 g de<span style=\"font-size: 16px;\">\u00f3leo <\/span>por litro de \u00e1gua<\/li>\n<\/ul>\n<p>&nbsp;<\/p>\n<p><!--more--><\/p>\n<p><span style=\"color: #e3ab00; font-weight: bold;\">Composi\u00e7\u00e3o<\/span>: Prote\u00edna de leite, gordura vegetal de coco, lactose, amido modificado (milho), cogumelos, sal, aromas, intensificador de sabor (E621), corante (E-150c).<\/p>\n<p>Cont\u00e9m leite e produtos \u00e0 base de leite (incluindo lactose)<\/p>\n<p>&nbsp;<\/p>\n<p><!--more--><\/p>\n<p><span style=\"color: #1882ed; font-weight: bold;\">Emprego<\/span>:<\/p>\n<ol>\n<li>Diluir a quantidade indicada na \u00e1gua, mexer simultaneamente e deixar ferver.<\/li>\n<li>Bata at\u00e9 ficar bem misturado.<\/li>\n<li>Deixe ferver durante cerca de 5 minutos <span style=\"font-size: 16px;\">at\u00e9<\/span> estar completamente dissolvido.<\/li>\n<li>Retirar do lume e juntar o azeite.<\/li>\n<\/ol>\n<p>&nbsp;<\/p>\n<p><!--more--><\/p>\n<div class=\"flex flex-grow flex-col max-w-full\">\n<div class=\"min-h-[20px] text-message flex flex-col items-start whitespace-pre-wrap break-words [.text-message+&amp;]:mt-5 juice:w-full juice:items-end overflow-x-auto gap-2\" dir=\"auto\" data-message-author-role=\"assistant\" data-message-id=\"579bfb50-fb6c-479d-a152-27ab4b509f37\">\n<div class=\"flex w-full flex-col gap-1 juice:empty:hidden juice:first:pt-[3px]\">\n<div class=\"markdown prose w-full break-words dark:prose-invert light\">\n<div class=\"flex-1 overflow-hidden\">\n<div class=\"react-scroll-to-bottom--css-ygaxm-79elbk h-full\">\n<div class=\"react-scroll-to-bottom--css-ygaxm-1n7m0yu\">\n<div class=\"flex flex-col text-sm md:pb-9\">\n<div class=\"w-full text-token-text-primary\" dir=\"auto\" data-testid=\"conversation-turn-3\" data-scroll-anchor=\"true\">\n<div class=\"py-2 juice:py-[18px] px-3 text-base md:px-4 m-auto md:px-5 lg:px-1 xl:px-5\">\n<div class=\"mx-auto flex flex-1 gap-3 text-base juice:gap-4 juice:md:gap-5 juice:lg:gap-6 md:max-w-3xl lg:max-w-[40rem] xl:max-w-[48rem]\">\n<div class=\"group\/conversation-turn relative flex w-full min-w-0 flex-col agent-turn\">\n<div class=\"flex-col gap-1 md:gap-3\">\n<div class=\"flex flex-grow flex-col max-w-full\">\n<div class=\"min-h-[20px] text-message flex flex-col items-start whitespace-pre-wrap break-words [.text-message+&amp;]:mt-5 juice:w-full juice:items-end overflow-x-auto gap-2\" dir=\"auto\" data-message-author-role=\"assistant\" data-message-id=\"2fe0f070-0589-4d8f-991f-f185baabe147\">\n<div class=\"flex w-full flex-col gap-1 juice:empty:hidden juice:first:pt-[3px]\">\n<div class=\"markdown prose w-full break-words dark:prose-invert light\">\n<h4>Outras informa\u00e7\u00f5es :<\/h4>\n<ul>\n<li><strong>Embalagem<\/strong>: Balde de 800 gr<\/li>\n<li><strong>Tipo<\/strong>: Molho de tomate<\/li>\n<\/ul>\n<\/div>\n<\/div>\n<\/div>\n<\/div>\n<\/div>\n<\/div>\n<\/div>\n<\/div>\n<\/div>\n<\/div>\n<\/div>\n<\/div>\n<\/div>\n<p>&nbsp;<\/p>\n<\/div>\n<\/div>\n<\/div>\n<\/div>\n<p><!--more--><\/p>\n<p>Descubra aqui o nosso stock de aves de capoeira : <span style=\"color: #d12727;\"><a style=\"color: #d12727;\" href=\"https:\/\/www.csj-emballages.com\/es\/produit\/caldo-de-ave-800-gr\/\">10570<\/a><\/span><\/p>\n<p>&nbsp;<\/p>\n<p><!--more--><\/p>\n<p><a href=\"https:\/\/www.csj-emballages.com\/pt-pt\/categorie-produit\/alimentacao-pt-pt\/bases-culinarias-pt-pt\/\">Ver o resto da nossa gama de bases\/estoques<\/a><\/p>\n","protected":false},"excerpt":{"rendered":"<p>Molho de tomate Descri\u00e7\u00e3o do nosso molho de tomate 800 gr<\/p>\n","protected":false},"featured_media":231149,"template":"","meta":{"_acf_changed":false},"product_brand":[],"product_cat":[1151,1866],"product_tag":[],"class_list":{"0":"post-18415","1":"product","2":"type-product","3":"status-publish","4":"has-post-thumbnail","6":"product_cat-alimentacao-pt-pt","7":"product_cat-bases-culinarias-pt-pt","9":"first","10":"instock","11":"taxable","12":"shipping-taxable","13":"purchasable","14":"product-type-simple"},"acf":[],"yoast_head":"<!-- This site is optimized with the Yoast SEO Premium plugin v26.6 (Yoast SEO v26.6) - https:\/\/yoast.com\/wordpress\/plugins\/seo\/ -->\n<title>Molho de tomate 800 gr<\/title>\n<meta name=\"description\" content=\"Molho de tomate pronto a usar 800 g - pronto a usar, saboroso e ideal para todos os tipos de pratos. Formato generoso, adequado para profissionais e fam\u00edlias.\" \/>\n<meta name=\"robots\" content=\"index, follow, max-snippet:-1, max-image-preview:large, max-video-preview:-1\" \/>\n<link rel=\"canonical\" href=\"https:\/\/www.csj-emballages.com\/pt-pt\/produit\/base-culinaria-com-molho-de-tomate-800-gr\/\" \/>\n<meta property=\"og:locale\" content=\"pt_PT\" \/>\n<meta property=\"og:type\" content=\"article\" \/>\n<meta property=\"og:title\" content=\"Base culin\u00e1ria com molho de tomate 800 gr\" \/>\n<meta property=\"og:description\" content=\"Molho de tomate pronto a usar 800 g - pronto a usar, saboroso e ideal para todos os tipos de pratos. Formato generoso, adequado para profissionais e fam\u00edlias.\" \/>\n<meta property=\"og:url\" content=\"https:\/\/www.csj-emballages.com\/pt-pt\/produit\/base-culinaria-com-molho-de-tomate-800-gr\/\" \/>\n<meta property=\"og:site_name\" content=\"CSJ Emballages\" \/>\n<meta property=\"article:publisher\" content=\"https:\/\/www.facebook.com\/csjemballages\" \/>\n<meta property=\"article:modified_time\" content=\"2026-03-12T15:03:06+00:00\" \/>\n<meta property=\"og:image\" content=\"https:\/\/www.csj-emballages.com\/wp-content\/uploads\/2024\/03\/Sauce-tomate.webp\" \/>\n\t<meta property=\"og:image:width\" content=\"800\" \/>\n\t<meta property=\"og:image:height\" content=\"800\" \/>\n\t<meta property=\"og:image:type\" content=\"image\/webp\" \/>\n<meta name=\"twitter:card\" content=\"summary_large_image\" \/>\n<meta name=\"twitter:label1\" content=\"Tempo estimado de leitura\" \/>\n\t<meta name=\"twitter:data1\" content=\"2 minutos\" \/>\n<script type=\"application\/ld+json\" class=\"yoast-schema-graph\">{\"@context\":\"https:\/\/schema.org\",\"@graph\":[{\"@type\":\"WebPage\",\"@id\":\"https:\/\/www.csj-emballages.com\/pt-pt\/produit\/base-culinaria-com-molho-de-tomate-800-gr\/\",\"url\":\"https:\/\/www.csj-emballages.com\/pt-pt\/produit\/base-culinaria-com-molho-de-tomate-800-gr\/\",\"name\":\"Molho de tomate 800 gr\",\"isPartOf\":{\"@id\":\"https:\/\/www.csj-emballages.com\/pt-pt\/#website\"},\"primaryImageOfPage\":{\"@id\":\"https:\/\/www.csj-emballages.com\/pt-pt\/produit\/base-culinaria-com-molho-de-tomate-800-gr\/#primaryimage\"},\"image\":{\"@id\":\"https:\/\/www.csj-emballages.com\/pt-pt\/produit\/base-culinaria-com-molho-de-tomate-800-gr\/#primaryimage\"},\"thumbnailUrl\":\"https:\/\/www.csj-emballages.com\/wp-content\/uploads\/2024\/03\/Sauce-tomate.webp\",\"datePublished\":\"2024-03-01T15:59:34+00:00\",\"dateModified\":\"2026-03-12T15:03:06+00:00\",\"description\":\"Molho de tomate pronto a usar 800 g - pronto a usar, saboroso e ideal para todos os tipos de pratos. Formato generoso, adequado para profissionais e fam\u00edlias.\",\"breadcrumb\":{\"@id\":\"https:\/\/www.csj-emballages.com\/pt-pt\/produit\/base-culinaria-com-molho-de-tomate-800-gr\/#breadcrumb\"},\"inLanguage\":\"pt-PT\",\"potentialAction\":[{\"@type\":\"ReadAction\",\"target\":[\"https:\/\/www.csj-emballages.com\/pt-pt\/produit\/base-culinaria-com-molho-de-tomate-800-gr\/\"]}]},{\"@type\":\"ImageObject\",\"inLanguage\":\"pt-PT\",\"@id\":\"https:\/\/www.csj-emballages.com\/pt-pt\/produit\/base-culinaria-com-molho-de-tomate-800-gr\/#primaryimage\",\"url\":\"https:\/\/www.csj-emballages.com\/wp-content\/uploads\/2024\/03\/Sauce-tomate.webp\",\"contentUrl\":\"https:\/\/www.csj-emballages.com\/wp-content\/uploads\/2024\/03\/Sauce-tomate.webp\",\"width\":800,\"height\":800,\"caption\":\"sauce tomate\"},{\"@type\":\"BreadcrumbList\",\"@id\":\"https:\/\/www.csj-emballages.com\/pt-pt\/produit\/base-culinaria-com-molho-de-tomate-800-gr\/#breadcrumb\",\"itemListElement\":[{\"@type\":\"ListItem\",\"position\":1,\"name\":\"Acolhimento\",\"item\":\"https:\/\/www.csj-emballages.com\/pt-pt\/universo-das-embalagens-alimentares\/\"},{\"@type\":\"ListItem\",\"position\":2,\"name\":\"Shop\",\"item\":\"https:\/\/www.csj-emballages.com\/shop\/\"},{\"@type\":\"ListItem\",\"position\":3,\"name\":\"Base culin\u00e1ria com molho de tomate 800 gr\"}]},{\"@type\":\"WebSite\",\"@id\":\"https:\/\/www.csj-emballages.com\/pt-pt\/#website\",\"url\":\"https:\/\/www.csj-emballages.com\/pt-pt\/\",\"name\":\"CSJ Emballages\",\"description\":\"\",\"publisher\":{\"@id\":\"https:\/\/www.csj-emballages.com\/pt-pt\/#organization\"},\"potentialAction\":[{\"@type\":\"SearchAction\",\"target\":{\"@type\":\"EntryPoint\",\"urlTemplate\":\"https:\/\/www.csj-emballages.com\/pt-pt\/?s={search_term_string}\"},\"query-input\":{\"@type\":\"PropertyValueSpecification\",\"valueRequired\":true,\"valueName\":\"search_term_string\"}}],\"inLanguage\":\"pt-PT\"},{\"@type\":\"Organization\",\"@id\":\"https:\/\/www.csj-emballages.com\/pt-pt\/#Organization\/\",\"name\":\"CSJ Emballages\",\"url\":\"https:\/\/www.csj-emballages.com\/pt-pt\/\",\"logo\":{\"@type\":\"ImageObject\",\"inLanguage\":\"pt-PT\",\"@id\":\"https:\/\/www.csj-emballages.com\/pt-pt\/#\/schema\/logo\/image\/\",\"url\":\"https:\/\/www.csj-emballages.com\/wp-content\/uploads\/2023\/10\/logo_csj.webp\",\"contentUrl\":\"https:\/\/www.csj-emballages.com\/wp-content\/uploads\/2023\/10\/logo_csj.webp\",\"width\":250,\"height\":95,\"caption\":\"CSJ Emballages\"},\"image\":{\"@id\":\"https:\/\/www.csj-emballages.com\/pt-pt\/#\/schema\/logo\/image\/\"},\"sameAs\":[\"https:\/\/www.facebook.com\/csjemballages\"],\"address\":{\"@type\":\"PostalAddress\",\"streetAddress\":\"ZI La Lechere\",\"addressLocality\":\"Patornay\",\"postalCode\":\"39130\",\"addressCountry\":\"FR\"},\"contactPoint\":[{\"@type\":\"ContactPoint\",\"contactType\":\"Service client\",\"telephone\":\"0384254272\",\"email\":\"contact@csj-emballages.com\"}]}]}<\/script>\n<!-- \/ Yoast SEO Premium plugin. -->","yoast_head_json":{"title":"Molho de tomate 800 gr","description":"Molho de tomate pronto a usar 800 g - pronto a usar, saboroso e ideal para todos os tipos de pratos. Formato generoso, adequado para profissionais e fam\u00edlias.","robots":{"index":"index","follow":"follow","max-snippet":"max-snippet:-1","max-image-preview":"max-image-preview:large","max-video-preview":"max-video-preview:-1"},"canonical":"https:\/\/www.csj-emballages.com\/pt-pt\/produit\/base-culinaria-com-molho-de-tomate-800-gr\/","og_locale":"pt_PT","og_type":"article","og_title":"Base culin\u00e1ria com molho de tomate 800 gr","og_description":"Molho de tomate pronto a usar 800 g - pronto a usar, saboroso e ideal para todos os tipos de pratos. Formato generoso, adequado para profissionais e fam\u00edlias.","og_url":"https:\/\/www.csj-emballages.com\/pt-pt\/produit\/base-culinaria-com-molho-de-tomate-800-gr\/","og_site_name":"CSJ Emballages","article_publisher":"https:\/\/www.facebook.com\/csjemballages","article_modified_time":"2026-03-12T15:03:06+00:00","og_image":[{"width":800,"height":800,"url":"https:\/\/www.csj-emballages.com\/wp-content\/uploads\/2024\/03\/Sauce-tomate.webp","type":"image\/webp"}],"twitter_card":"summary_large_image","twitter_misc":{"Tempo estimado de leitura":"2 minutos"},"schema":{"@context":"https:\/\/schema.org","@graph":[{"@type":"WebPage","@id":"https:\/\/www.csj-emballages.com\/pt-pt\/produit\/base-culinaria-com-molho-de-tomate-800-gr\/","url":"https:\/\/www.csj-emballages.com\/pt-pt\/produit\/base-culinaria-com-molho-de-tomate-800-gr\/","name":"Molho de tomate 800 gr","isPartOf":{"@id":"https:\/\/www.csj-emballages.com\/pt-pt\/#website"},"primaryImageOfPage":{"@id":"https:\/\/www.csj-emballages.com\/pt-pt\/produit\/base-culinaria-com-molho-de-tomate-800-gr\/#primaryimage"},"image":{"@id":"https:\/\/www.csj-emballages.com\/pt-pt\/produit\/base-culinaria-com-molho-de-tomate-800-gr\/#primaryimage"},"thumbnailUrl":"https:\/\/www.csj-emballages.com\/wp-content\/uploads\/2024\/03\/Sauce-tomate.webp","datePublished":"2024-03-01T15:59:34+00:00","dateModified":"2026-03-12T15:03:06+00:00","description":"Molho de tomate pronto a usar 800 g - pronto a usar, saboroso e ideal para todos os tipos de pratos. Formato generoso, adequado para profissionais e fam\u00edlias.","breadcrumb":{"@id":"https:\/\/www.csj-emballages.com\/pt-pt\/produit\/base-culinaria-com-molho-de-tomate-800-gr\/#breadcrumb"},"inLanguage":"pt-PT","potentialAction":[{"@type":"ReadAction","target":["https:\/\/www.csj-emballages.com\/pt-pt\/produit\/base-culinaria-com-molho-de-tomate-800-gr\/"]}]},{"@type":"ImageObject","inLanguage":"pt-PT","@id":"https:\/\/www.csj-emballages.com\/pt-pt\/produit\/base-culinaria-com-molho-de-tomate-800-gr\/#primaryimage","url":"https:\/\/www.csj-emballages.com\/wp-content\/uploads\/2024\/03\/Sauce-tomate.webp","contentUrl":"https:\/\/www.csj-emballages.com\/wp-content\/uploads\/2024\/03\/Sauce-tomate.webp","width":800,"height":800,"caption":"sauce tomate"},{"@type":"BreadcrumbList","@id":"https:\/\/www.csj-emballages.com\/pt-pt\/produit\/base-culinaria-com-molho-de-tomate-800-gr\/#breadcrumb","itemListElement":[{"@type":"ListItem","position":1,"name":"Acolhimento","item":"https:\/\/www.csj-emballages.com\/pt-pt\/universo-das-embalagens-alimentares\/"},{"@type":"ListItem","position":2,"name":"Shop","item":"https:\/\/www.csj-emballages.com\/shop\/"},{"@type":"ListItem","position":3,"name":"Base culin\u00e1ria com molho de tomate 800 gr"}]},{"@type":"WebSite","@id":"https:\/\/www.csj-emballages.com\/pt-pt\/#website","url":"https:\/\/www.csj-emballages.com\/pt-pt\/","name":"CSJ Emballages","description":"","publisher":{"@id":"https:\/\/www.csj-emballages.com\/pt-pt\/#organization"},"potentialAction":[{"@type":"SearchAction","target":{"@type":"EntryPoint","urlTemplate":"https:\/\/www.csj-emballages.com\/pt-pt\/?s={search_term_string}"},"query-input":{"@type":"PropertyValueSpecification","valueRequired":true,"valueName":"search_term_string"}}],"inLanguage":"pt-PT"},{"@type":"Organization","@id":"https:\/\/www.csj-emballages.com\/pt-pt\/#Organization\/","name":"CSJ Emballages","url":"https:\/\/www.csj-emballages.com\/pt-pt\/","logo":{"@type":"ImageObject","inLanguage":"pt-PT","@id":"https:\/\/www.csj-emballages.com\/pt-pt\/#\/schema\/logo\/image\/","url":"https:\/\/www.csj-emballages.com\/wp-content\/uploads\/2023\/10\/logo_csj.webp","contentUrl":"https:\/\/www.csj-emballages.com\/wp-content\/uploads\/2023\/10\/logo_csj.webp","width":250,"height":95,"caption":"CSJ Emballages"},"image":{"@id":"https:\/\/www.csj-emballages.com\/pt-pt\/#\/schema\/logo\/image\/"},"sameAs":["https:\/\/www.facebook.com\/csjemballages"],"address":{"@type":"PostalAddress","streetAddress":"ZI La Lechere","addressLocality":"Patornay","postalCode":"39130","addressCountry":"FR"},"contactPoint":[{"@type":"ContactPoint","contactType":"Service client","telephone":"0384254272","email":"contact@csj-emballages.com"}]}]}},"df_price":9.53,"df_sale_price":"","df_regular_price":9.53,"df_image_link":"https:\/\/www.csj-emballages.com\/wp-content\/uploads\/2024\/03\/Sauce-tomate-300x300.webp","tiered_pricing_type":"fixed","tiered_pricing_fixed_rules":[],"tiered_pricing_percentage_rules":[],"tiered_pricing_minimum":1,"tiered_pricing_roles_data":[],"_links":{"self":[{"href":"https:\/\/www.csj-emballages.com\/pt-pt\/wp-json\/wp\/v2\/product\/18415","targetHints":{"allow":["GET"]}}],"collection":[{"href":"https:\/\/www.csj-emballages.com\/pt-pt\/wp-json\/wp\/v2\/product"}],"about":[{"href":"https:\/\/www.csj-emballages.com\/pt-pt\/wp-json\/wp\/v2\/types\/product"}],"wp:featuredmedia":[{"embeddable":true,"href":"https:\/\/www.csj-emballages.com\/pt-pt\/wp-json\/wp\/v2\/media\/231149"}],"wp:attachment":[{"href":"https:\/\/www.csj-emballages.com\/pt-pt\/wp-json\/wp\/v2\/media?parent=18415"}],"wp:term":[{"taxonomy":"product_brand","embeddable":true,"href":"https:\/\/www.csj-emballages.com\/pt-pt\/wp-json\/wp\/v2\/product_brand?post=18415"},{"taxonomy":"product_cat","embeddable":true,"href":"https:\/\/www.csj-emballages.com\/pt-pt\/wp-json\/wp\/v2\/product_cat?post=18415"},{"taxonomy":"product_tag","embeddable":true,"href":"https:\/\/www.csj-emballages.com\/pt-pt\/wp-json\/wp\/v2\/product_tag?post=18415"}],"curies":[{"name":"wp","href":"https:\/\/api.w.org\/{rel}","templated":true}]}}