{"id":18393,"date":"2024-03-01T16:59:37","date_gmt":"2024-03-01T15:59:37","guid":{"rendered":"https:\/\/u15jnbdpoq.preview.infomaniak.website\/produit\/especiarias-recheio-de-legumes-3-kg\/"},"modified":"2026-03-27T02:10:31","modified_gmt":"2026-03-27T01:10:31","slug":"especiarias-recheio-de-legumes-3-kg","status":"publish","type":"product","link":"https:\/\/www.csj-emballages.com\/pt-pt\/produit\/especiarias-recheio-de-legumes-3-kg\/","title":{"rendered":"Especiarias recheio de legumes 3 kg"},"content":{"rendered":"<h2>Especiarias para recheio de legumes<\/h2>\n<hr>\n<h3>Descubra as nossas especiarias para recheio de legumes 3 kg<\/h3>\n<p><!--more--><\/p>\n<p data-start=\"203\" data-end=\"599\">Quando se fala de <strong>recheio de legumes bem-sucedido<\/strong>, tudo se resume ao <strong>tempero<\/strong>. Esta mistura de <strong data-start=\"295\" data-end=\"326\">especiarias para recheio de legumes<\/strong> foi concebida precisamente para dar sabor, equil\u00edbrio e car\u00e1cter, sem mascarar os ingredientes principais. Acompanha perfeitamente os legumes recheados tradicionais, como <strong>courgettes, tomates, pimentos ou beringelas<\/strong>, permitindo que a receita se expresse.  <\/p>\n<p data-start=\"601\" data-end=\"955\">Gra\u00e7as a uma sele\u00e7\u00e3o de ervas arom\u00e1ticas bem doseada, esta <strong>mistura para recheio de legumes<\/strong> real\u00e7a o recheio sem nunca o tornar pesado. Confere uma nota quente, ligeiramente herb\u00e1cea, que funciona t\u00e3o bem com prepara\u00e7\u00f5es \u00e0 base de carne como com <strong>receitas vegetarianas<\/strong>. Assim, poupa tempo na cozinha, garantindo ao mesmo tempo uma regularidade perfeita de um servi\u00e7o para o outro.  <\/p>\n<p data-start=\"957\" data-end=\"1391\">O seu formato de <strong data-start=\"968\" data-end=\"976\">3 kg<\/strong> \u00e9 ideal para profissionais da restaura\u00e7\u00e3o, catering, institui\u00e7\u00f5es ou oficinas de transforma\u00e7\u00e3o alimentar. Permite trabalhar em volume, sem ruturas, e garantir um tempero constante, mesmo durante grandes produ\u00e7\u00f5es. Al\u00e9m disso, a sua utiliza\u00e7\u00e3o continua a ser simples: basta incorporar a quantidade desejada diretamente no recheio para obter um resultado saboroso e homog\u00e9neo.  <\/p>\n<p data-start=\"1393\" data-end=\"1695\">Al\u00e9m disso, esta mistura adapta-se facilmente a outras utiliza\u00e7\u00f5es. Tamb\u00e9m pode real\u00e7ar <strong>alm\u00f4ndegas, gratinados, legumes assados ou prepara\u00e7\u00f5es \u00e0 base de arroz ou cereais<\/strong>. Em resumo, \u00e9 um aliado vers\u00e1til, concebido para simplificar o trabalho na cozinha, garantindo ao mesmo tempo um sabor controlado.  <\/p>\n<p data-start=\"1393\" data-end=\"1695\">\n<p data-start=\"1608\" data-end=\"1758\"><!--more--><\/p>\n<h4 data-start=\"1608\" data-end=\"1758\">Vantagens :<\/h4>\n<ul>\n<li data-start=\"1723\" data-end=\"1763\"><strong>Mistura equilibrada<\/strong> e f\u00e1cil de utilizar.<\/li>\n<li data-start=\"1766\" data-end=\"1820\">Adequado para receitas tradicionais e vegetarianas.<\/li>\n<li data-start=\"1823\" data-end=\"1849\">Poupan\u00e7a de tempo na cozinha.<\/li>\n<li data-start=\"1852\" data-end=\"1879\">Formato econ\u00f3mico de <strong>3 kg<\/strong>.<\/li>\n<li data-start=\"1882\" data-end=\"1917\">Ideal para uso profissional.<\/li>\n<\/ul>\n<p>&nbsp;<\/p>\n<p><!--more--><\/p>\n<h4><span style=\"font-weight: bold;\">Dosagem:<\/span><\/h4>\n<p>80 g a diluir em 200 g de \u00e1gua por kg de recheio de carne<\/p>\n<p>&nbsp;<\/p>\n<p><!--more--><\/p>\n<h4><span style=\"color: #c79600; font-weight: bold;\">Composi\u00e7\u00e3o:<\/span><\/h4>\n<p>Sal \/ p\u00e3o ralado (gl\u00faten) \/ a\u00e7\u00facares (dextrose, sacarose) \/ legumes desidratados (cebola, alho, sumo de beterraba) \/ especiarias e ervas arom\u00e1ticas \/ ervas desidratadas \/ acetato de s\u00f3dio E-262 (4,8%) expresso em \u00e1cido l\u00e1ctico \/ aroma \/ citrato de s\u00f3dio E-331 (1%) \/ ascorbato de s\u00f3dio E-301 (0,85%)<\/p>\n<p>&nbsp;<\/p>\n<p><!--more--><\/p>\n<h4>Outras informa\u00e7\u00f5es :<\/h4>\n<ul>\n<li><strong>Embalagem<\/strong>: balde de 3kg<\/li>\n<\/ul>\n<p>&nbsp;<\/p>\n<p><!--more--><\/p>\n<p><a href=\"https:\/\/www.csj-emballages.com\/pt-pt\/categorie-produit\/alimentacao-pt-pt\/especiarias\/mistura-de-especiarias\/pratos-preparados\/\">Consulte o resto da nossa gama de condimentos para pratos<\/a><\/p>\n","protected":false},"excerpt":{"rendered":"<p>Especiarias para recheio de legumes Descubra as nossas especiarias para recheio de legumes 3 kg<\/p>\n","protected":false},"featured_media":261537,"template":"","meta":{"_acf_changed":false},"product_brand":[],"product_cat":[1151,1447,1784,1849],"product_tag":[],"class_list":{"0":"post-18393","1":"product","2":"type-product","3":"status-publish","4":"has-post-thumbnail","6":"product_cat-alimentacao-pt-pt","7":"product_cat-especiarias","8":"product_cat-mistura-de-especiarias","9":"product_cat-pratos-preparados","11":"first","12":"outofstock","13":"taxable","14":"shipping-taxable","15":"purchasable","16":"product-type-simple"},"acf":[],"yoast_head":"<!-- This site is optimized with the Yoast SEO Premium plugin v26.6 (Yoast SEO v26.6) - https:\/\/yoast.com\/wordpress\/plugins\/seo\/ -->\n<title>Especiarias para Recheio de Legumes 3 kg<\/title>\n<meta name=\"description\" content=\"Especiarias para recheio de legumes 3 kg: mistura saborosa e equilibrada para temperar legumes recheados, recheios caseiros e prepara\u00e7\u00f5es profissionais.\" \/>\n<meta name=\"robots\" content=\"index, follow, max-snippet:-1, max-image-preview:large, max-video-preview:-1\" \/>\n<link rel=\"canonical\" href=\"https:\/\/www.csj-emballages.com\/pt-pt\/produit\/especiarias-recheio-de-legumes-3-kg\/\" \/>\n<meta property=\"og:locale\" content=\"pt_PT\" \/>\n<meta property=\"og:type\" content=\"article\" \/>\n<meta property=\"og:title\" content=\"Especiarias recheio de legumes 3 kg\" \/>\n<meta property=\"og:description\" content=\"Especiarias para recheio de legumes 3 kg: mistura saborosa e equilibrada para temperar legumes recheados, recheios caseiros e prepara\u00e7\u00f5es profissionais.\" \/>\n<meta property=\"og:url\" content=\"https:\/\/www.csj-emballages.com\/pt-pt\/produit\/especiarias-recheio-de-legumes-3-kg\/\" \/>\n<meta property=\"og:site_name\" content=\"CSJ Emballages\" \/>\n<meta property=\"article:publisher\" content=\"https:\/\/www.facebook.com\/csjemballages\" \/>\n<meta property=\"article:modified_time\" content=\"2026-03-27T01:10:31+00:00\" \/>\n<meta property=\"og:image\" content=\"https:\/\/www.csj-emballages.com\/wp-content\/uploads\/2024\/03\/Epices-farce-a-legume.webp\" \/>\n\t<meta property=\"og:image:width\" content=\"800\" \/>\n\t<meta property=\"og:image:height\" content=\"800\" \/>\n\t<meta property=\"og:image:type\" content=\"image\/webp\" \/>\n<meta name=\"twitter:card\" content=\"summary_large_image\" \/>\n<meta name=\"twitter:label1\" content=\"Tempo estimado de leitura\" \/>\n\t<meta name=\"twitter:data1\" content=\"2 minutos\" \/>\n<script type=\"application\/ld+json\" class=\"yoast-schema-graph\">{\"@context\":\"https:\/\/schema.org\",\"@graph\":[{\"@type\":\"WebPage\",\"@id\":\"https:\/\/www.csj-emballages.com\/pt-pt\/produit\/especiarias-recheio-de-legumes-3-kg\/\",\"url\":\"https:\/\/www.csj-emballages.com\/pt-pt\/produit\/especiarias-recheio-de-legumes-3-kg\/\",\"name\":\"Especiarias para Recheio de Legumes 3 kg\",\"isPartOf\":{\"@id\":\"https:\/\/www.csj-emballages.com\/pt-pt\/#website\"},\"primaryImageOfPage\":{\"@id\":\"https:\/\/www.csj-emballages.com\/pt-pt\/produit\/especiarias-recheio-de-legumes-3-kg\/#primaryimage\"},\"image\":{\"@id\":\"https:\/\/www.csj-emballages.com\/pt-pt\/produit\/especiarias-recheio-de-legumes-3-kg\/#primaryimage\"},\"thumbnailUrl\":\"https:\/\/www.csj-emballages.com\/wp-content\/uploads\/2024\/03\/Epices-farce-a-legume.webp\",\"datePublished\":\"2024-03-01T15:59:37+00:00\",\"dateModified\":\"2026-03-27T01:10:31+00:00\",\"description\":\"Especiarias para recheio de legumes 3 kg: mistura saborosa e equilibrada para temperar legumes recheados, recheios caseiros e prepara\u00e7\u00f5es profissionais.\",\"breadcrumb\":{\"@id\":\"https:\/\/www.csj-emballages.com\/pt-pt\/produit\/especiarias-recheio-de-legumes-3-kg\/#breadcrumb\"},\"inLanguage\":\"pt-PT\",\"potentialAction\":[{\"@type\":\"ReadAction\",\"target\":[\"https:\/\/www.csj-emballages.com\/pt-pt\/produit\/especiarias-recheio-de-legumes-3-kg\/\"]}]},{\"@type\":\"ImageObject\",\"inLanguage\":\"pt-PT\",\"@id\":\"https:\/\/www.csj-emballages.com\/pt-pt\/produit\/especiarias-recheio-de-legumes-3-kg\/#primaryimage\",\"url\":\"https:\/\/www.csj-emballages.com\/wp-content\/uploads\/2024\/03\/Epices-farce-a-legume.webp\",\"contentUrl\":\"https:\/\/www.csj-emballages.com\/wp-content\/uploads\/2024\/03\/Epices-farce-a-legume.webp\",\"width\":800,\"height\":800,\"caption\":\"\u00c9pices farce \u00e0 l\u00e9gumes\"},{\"@type\":\"BreadcrumbList\",\"@id\":\"https:\/\/www.csj-emballages.com\/pt-pt\/produit\/especiarias-recheio-de-legumes-3-kg\/#breadcrumb\",\"itemListElement\":[{\"@type\":\"ListItem\",\"position\":1,\"name\":\"Acolhimento\",\"item\":\"https:\/\/www.csj-emballages.com\/pt-pt\/universo-das-embalagens-alimentares\/\"},{\"@type\":\"ListItem\",\"position\":2,\"name\":\"Shop\",\"item\":\"https:\/\/www.csj-emballages.com\/shop\/\"},{\"@type\":\"ListItem\",\"position\":3,\"name\":\"Especiarias recheio de legumes 3 kg\"}]},{\"@type\":\"WebSite\",\"@id\":\"https:\/\/www.csj-emballages.com\/pt-pt\/#website\",\"url\":\"https:\/\/www.csj-emballages.com\/pt-pt\/\",\"name\":\"CSJ Emballages\",\"description\":\"\",\"publisher\":{\"@id\":\"https:\/\/www.csj-emballages.com\/pt-pt\/#organization\"},\"potentialAction\":[{\"@type\":\"SearchAction\",\"target\":{\"@type\":\"EntryPoint\",\"urlTemplate\":\"https:\/\/www.csj-emballages.com\/pt-pt\/?s={search_term_string}\"},\"query-input\":{\"@type\":\"PropertyValueSpecification\",\"valueRequired\":true,\"valueName\":\"search_term_string\"}}],\"inLanguage\":\"pt-PT\"},{\"@type\":\"Organization\",\"@id\":\"https:\/\/www.csj-emballages.com\/pt-pt\/#Organization\/\",\"name\":\"CSJ Emballages\",\"url\":\"https:\/\/www.csj-emballages.com\/pt-pt\/\",\"logo\":{\"@type\":\"ImageObject\",\"inLanguage\":\"pt-PT\",\"@id\":\"https:\/\/www.csj-emballages.com\/pt-pt\/#\/schema\/logo\/image\/\",\"url\":\"https:\/\/www.csj-emballages.com\/wp-content\/uploads\/2023\/10\/logo_csj.webp\",\"contentUrl\":\"https:\/\/www.csj-emballages.com\/wp-content\/uploads\/2023\/10\/logo_csj.webp\",\"width\":250,\"height\":95,\"caption\":\"CSJ Emballages\"},\"image\":{\"@id\":\"https:\/\/www.csj-emballages.com\/pt-pt\/#\/schema\/logo\/image\/\"},\"sameAs\":[\"https:\/\/www.facebook.com\/csjemballages\"],\"address\":{\"@type\":\"PostalAddress\",\"streetAddress\":\"ZI La Lechere\",\"addressLocality\":\"Patornay\",\"postalCode\":\"39130\",\"addressCountry\":\"FR\"},\"contactPoint\":[{\"@type\":\"ContactPoint\",\"contactType\":\"Service client\",\"telephone\":\"0384254272\",\"email\":\"contact@csj-emballages.com\"}]}]}<\/script>\n<!-- \/ Yoast SEO Premium plugin. -->","yoast_head_json":{"title":"Especiarias para Recheio de Legumes 3 kg","description":"Especiarias para recheio de legumes 3 kg: mistura saborosa e equilibrada para temperar legumes recheados, recheios caseiros e prepara\u00e7\u00f5es profissionais.","robots":{"index":"index","follow":"follow","max-snippet":"max-snippet:-1","max-image-preview":"max-image-preview:large","max-video-preview":"max-video-preview:-1"},"canonical":"https:\/\/www.csj-emballages.com\/pt-pt\/produit\/especiarias-recheio-de-legumes-3-kg\/","og_locale":"pt_PT","og_type":"article","og_title":"Especiarias recheio de legumes 3 kg","og_description":"Especiarias para recheio de legumes 3 kg: mistura saborosa e equilibrada para temperar legumes recheados, recheios caseiros e prepara\u00e7\u00f5es profissionais.","og_url":"https:\/\/www.csj-emballages.com\/pt-pt\/produit\/especiarias-recheio-de-legumes-3-kg\/","og_site_name":"CSJ Emballages","article_publisher":"https:\/\/www.facebook.com\/csjemballages","article_modified_time":"2026-03-27T01:10:31+00:00","og_image":[{"width":800,"height":800,"url":"https:\/\/www.csj-emballages.com\/wp-content\/uploads\/2024\/03\/Epices-farce-a-legume.webp","type":"image\/webp"}],"twitter_card":"summary_large_image","twitter_misc":{"Tempo estimado de leitura":"2 minutos"},"schema":{"@context":"https:\/\/schema.org","@graph":[{"@type":"WebPage","@id":"https:\/\/www.csj-emballages.com\/pt-pt\/produit\/especiarias-recheio-de-legumes-3-kg\/","url":"https:\/\/www.csj-emballages.com\/pt-pt\/produit\/especiarias-recheio-de-legumes-3-kg\/","name":"Especiarias para Recheio de Legumes 3 kg","isPartOf":{"@id":"https:\/\/www.csj-emballages.com\/pt-pt\/#website"},"primaryImageOfPage":{"@id":"https:\/\/www.csj-emballages.com\/pt-pt\/produit\/especiarias-recheio-de-legumes-3-kg\/#primaryimage"},"image":{"@id":"https:\/\/www.csj-emballages.com\/pt-pt\/produit\/especiarias-recheio-de-legumes-3-kg\/#primaryimage"},"thumbnailUrl":"https:\/\/www.csj-emballages.com\/wp-content\/uploads\/2024\/03\/Epices-farce-a-legume.webp","datePublished":"2024-03-01T15:59:37+00:00","dateModified":"2026-03-27T01:10:31+00:00","description":"Especiarias para recheio de legumes 3 kg: mistura saborosa e equilibrada para temperar legumes recheados, recheios caseiros e prepara\u00e7\u00f5es profissionais.","breadcrumb":{"@id":"https:\/\/www.csj-emballages.com\/pt-pt\/produit\/especiarias-recheio-de-legumes-3-kg\/#breadcrumb"},"inLanguage":"pt-PT","potentialAction":[{"@type":"ReadAction","target":["https:\/\/www.csj-emballages.com\/pt-pt\/produit\/especiarias-recheio-de-legumes-3-kg\/"]}]},{"@type":"ImageObject","inLanguage":"pt-PT","@id":"https:\/\/www.csj-emballages.com\/pt-pt\/produit\/especiarias-recheio-de-legumes-3-kg\/#primaryimage","url":"https:\/\/www.csj-emballages.com\/wp-content\/uploads\/2024\/03\/Epices-farce-a-legume.webp","contentUrl":"https:\/\/www.csj-emballages.com\/wp-content\/uploads\/2024\/03\/Epices-farce-a-legume.webp","width":800,"height":800,"caption":"\u00c9pices farce \u00e0 l\u00e9gumes"},{"@type":"BreadcrumbList","@id":"https:\/\/www.csj-emballages.com\/pt-pt\/produit\/especiarias-recheio-de-legumes-3-kg\/#breadcrumb","itemListElement":[{"@type":"ListItem","position":1,"name":"Acolhimento","item":"https:\/\/www.csj-emballages.com\/pt-pt\/universo-das-embalagens-alimentares\/"},{"@type":"ListItem","position":2,"name":"Shop","item":"https:\/\/www.csj-emballages.com\/shop\/"},{"@type":"ListItem","position":3,"name":"Especiarias recheio de legumes 3 kg"}]},{"@type":"WebSite","@id":"https:\/\/www.csj-emballages.com\/pt-pt\/#website","url":"https:\/\/www.csj-emballages.com\/pt-pt\/","name":"CSJ Emballages","description":"","publisher":{"@id":"https:\/\/www.csj-emballages.com\/pt-pt\/#organization"},"potentialAction":[{"@type":"SearchAction","target":{"@type":"EntryPoint","urlTemplate":"https:\/\/www.csj-emballages.com\/pt-pt\/?s={search_term_string}"},"query-input":{"@type":"PropertyValueSpecification","valueRequired":true,"valueName":"search_term_string"}}],"inLanguage":"pt-PT"},{"@type":"Organization","@id":"https:\/\/www.csj-emballages.com\/pt-pt\/#Organization\/","name":"CSJ Emballages","url":"https:\/\/www.csj-emballages.com\/pt-pt\/","logo":{"@type":"ImageObject","inLanguage":"pt-PT","@id":"https:\/\/www.csj-emballages.com\/pt-pt\/#\/schema\/logo\/image\/","url":"https:\/\/www.csj-emballages.com\/wp-content\/uploads\/2023\/10\/logo_csj.webp","contentUrl":"https:\/\/www.csj-emballages.com\/wp-content\/uploads\/2023\/10\/logo_csj.webp","width":250,"height":95,"caption":"CSJ Emballages"},"image":{"@id":"https:\/\/www.csj-emballages.com\/pt-pt\/#\/schema\/logo\/image\/"},"sameAs":["https:\/\/www.facebook.com\/csjemballages"],"address":{"@type":"PostalAddress","streetAddress":"ZI La Lechere","addressLocality":"Patornay","postalCode":"39130","addressCountry":"FR"},"contactPoint":[{"@type":"ContactPoint","contactType":"Service client","telephone":"0384254272","email":"contact@csj-emballages.com"}]}]}},"df_price":20.32,"df_sale_price":"","df_regular_price":20.32,"df_image_link":"https:\/\/www.csj-emballages.com\/wp-content\/uploads\/2024\/03\/Epices-farce-a-legume-300x300.webp","tiered_pricing_type":"fixed","tiered_pricing_fixed_rules":[],"tiered_pricing_percentage_rules":[],"tiered_pricing_minimum":1,"tiered_pricing_roles_data":[],"_links":{"self":[{"href":"https:\/\/www.csj-emballages.com\/pt-pt\/wp-json\/wp\/v2\/product\/18393","targetHints":{"allow":["GET"]}}],"collection":[{"href":"https:\/\/www.csj-emballages.com\/pt-pt\/wp-json\/wp\/v2\/product"}],"about":[{"href":"https:\/\/www.csj-emballages.com\/pt-pt\/wp-json\/wp\/v2\/types\/product"}],"wp:featuredmedia":[{"embeddable":true,"href":"https:\/\/www.csj-emballages.com\/pt-pt\/wp-json\/wp\/v2\/media\/261537"}],"wp:attachment":[{"href":"https:\/\/www.csj-emballages.com\/pt-pt\/wp-json\/wp\/v2\/media?parent=18393"}],"wp:term":[{"taxonomy":"product_brand","embeddable":true,"href":"https:\/\/www.csj-emballages.com\/pt-pt\/wp-json\/wp\/v2\/product_brand?post=18393"},{"taxonomy":"product_cat","embeddable":true,"href":"https:\/\/www.csj-emballages.com\/pt-pt\/wp-json\/wp\/v2\/product_cat?post=18393"},{"taxonomy":"product_tag","embeddable":true,"href":"https:\/\/www.csj-emballages.com\/pt-pt\/wp-json\/wp\/v2\/product_tag?post=18393"}],"curies":[{"name":"wp","href":"https:\/\/api.w.org\/{rel}","templated":true}]}}