{"id":18387,"date":"2024-03-01T16:59:35","date_gmt":"2024-03-01T15:59:35","guid":{"rendered":"https:\/\/u15jnbdpoq.preview.infomaniak.website\/produit\/caldo-de-legumes-de-base-culinaria-900-gr\/"},"modified":"2026-04-29T02:10:48","modified_gmt":"2026-04-29T00:10:48","slug":"caldo-de-legumes-de-base-culinaria-900-gr","status":"publish","type":"product","link":"https:\/\/www.csj-emballages.com\/pt-pt\/produit\/caldo-de-legumes-de-base-culinaria-900-gr\/","title":{"rendered":"Caldo de legumes de base culin\u00e1ria 900 gr"},"content":{"rendered":"<h2>Caldo de legumes<\/h2>\n<hr>\n<h3>Descri\u00e7\u00e3o do nosso caldo de legumes 900 gr  <!--more--><\/h3>\n<p class=\"\" data-start=\"226\" data-end=\"564\">Aqui est\u00e1 um must-have para cozinhas profissionais e dom\u00e9sticas: a <strong>base culin\u00e1ria<\/strong> <strong>de 900 gramas de<\/strong> <strong>caldo de legumes<\/strong>. Concebida para responder \u00e0s exig\u00eancias dos cozinheiros e dos entusiastas da cozinha, esta <strong>base<\/strong> concentrada de legumes \u00e9 ideal para dar sabor \u00e0s suas prepara\u00e7\u00f5es num piscar de olhos, sem comprometer a qualidade. Pr\u00e1tica e saborosa, permite-lhe preparar rapidamente um <strong>caldo<\/strong> equilibrado, rico em sabores naturais de legumes cuidadosamente selecionados. Quer seja para sopas, molhos, risottos ou para real\u00e7ar o sabor dos seus pratos cozinhados a vapor, este <strong>caldo<\/strong> \u00e9 uma solu\u00e7\u00e3o fi\u00e1vel e eficaz para poupar tempo na cozinha, mantendo um resultado profissional.   <\/p>\n<p class=\"\" data-start=\"944\" data-end=\"1302\">A sua textura pastosa facilita a dosagem: basta diluir uma pequena quantidade em \u00e1gua quente para obter um <strong>caldo<\/strong> perfumado. Gra\u00e7as ao seu longo per\u00edodo de conserva\u00e7\u00e3o e \u00e0 sua generosa embalagem <strong>de 900 g<\/strong>, este produto \u00e9 perfeitamente adequado para restaurantes, catering, colectividades locais ou mesmo para particulares que gostam de cozinhar em grandes quantidades. <\/p>\n<p class=\"\" data-start=\"1304\" data-end=\"1475\">Elaborado com ingredientes de qualidade e sem intensificadores de sabor artificiais, respeita os sabores naturais, proporcionando-lhe uma base culin\u00e1ria est\u00e1vel e control\u00e1vel.<\/p>\n<p><!--more--><\/p>\n<div class=\"flex flex-grow flex-col max-w-full\">\n<div class=\"min-h-[20px] text-message flex flex-col items-start whitespace-pre-wrap break-words [.text-message+&amp;]:mt-5 juice:w-full juice:items-end overflow-x-auto gap-2\" dir=\"auto\" data-message-author-role=\"assistant\" data-message-id=\"579bfb50-fb6c-479d-a152-27ab4b509f37\">\n<div class=\"flex w-full flex-col gap-1 juice:empty:hidden juice:first:pt-[3px]\">\n<div class=\"markdown prose w-full break-words dark:prose-invert light\">\n<div class=\"flex-1 overflow-hidden\">\n<div class=\"react-scroll-to-bottom--css-ygaxm-79elbk h-full\">\n<div class=\"react-scroll-to-bottom--css-ygaxm-1n7m0yu\">\n<div class=\"flex flex-col text-sm md:pb-9\">\n<div class=\"w-full text-token-text-primary\" dir=\"auto\" data-testid=\"conversation-turn-3\" data-scroll-anchor=\"true\">\n<div class=\"py-2 juice:py-[18px] px-3 text-base md:px-4 m-auto md:px-5 lg:px-1 xl:px-5\">\n<div class=\"mx-auto flex flex-1 gap-3 text-base juice:gap-4 juice:md:gap-5 juice:lg:gap-6 md:max-w-3xl lg:max-w-[40rem] xl:max-w-[48rem]\">\n<div class=\"group\/conversation-turn relative flex w-full min-w-0 flex-col agent-turn\">\n<div class=\"flex-col gap-1 md:gap-3\">\n<div class=\"flex flex-grow flex-col max-w-full\">\n<div class=\"min-h-[20px] text-message flex flex-col items-start whitespace-pre-wrap break-words [.text-message+&amp;]:mt-5 juice:w-full juice:items-end overflow-x-auto gap-2\" dir=\"auto\" data-message-author-role=\"assistant\" data-message-id=\"2fe0f070-0589-4d8f-991f-f185baabe147\">\n<div class=\"flex w-full flex-col gap-1 juice:empty:hidden juice:first:pt-[3px]\">\n<div class=\"markdown prose w-full break-words dark:prose-invert light\">\n<h4>Vantagens:<\/h4>\n<ul>\n<li>Aromas vegetais naturais, sem aditivos sup\u00e9rfluos.<\/li>\n<li><strong>Pr\u00e1tico<\/strong>: f\u00e1cil de dosear e diluir.<\/li>\n<li>Poupe tempo na cozinha, sem sacrificar o sabor.<\/li>\n<li>Qualidade consistente e profissional.<\/li>\n<li>Esta base de caldo de legumes \u00e9 f\u00e1cil de medir e guardar.<\/li>\n<li>Ideal para molhos, sopas, guisados e ca\u00e7arolas.<\/li>\n<\/ul>\n<\/div>\n<div class=\"markdown prose w-full break-words dark:prose-invert light\">\n<p>&nbsp;<\/p>\n<\/div>\n<\/div>\n<\/div>\n<\/div>\n<\/div>\n<\/div>\n<\/div>\n<\/div>\n<\/div>\n<\/div>\n<\/div>\n<\/div>\n<\/div>\n<\/div>\n<\/div>\n<\/div>\n<\/div>\n<p><!--more--><\/p>\n<p><strong>Dosagem<\/strong>: 30 g por litro de \u00e1gua<\/p>\n<p>&nbsp;<\/p>\n<p><!--more--><\/p>\n<p><span style=\"color: #e3ab00; font-weight: bold;\">Composi\u00e7\u00e3o<\/span>: Xarope de glicose, sal, intensificador de sabor E-621 (24%), legumes desidratados (10%) (cebola, tomate, alho franc\u00eas, alho), amido modificado (<span style=\"font-size: 16px;\">milho), aromatizante, especiarias, extrato de levedura, estabilizador E-415. N\u00e3o cont\u00e9m alerg\u00e9nios como ingredientes<\/span><\/p>\n<p>&nbsp;<\/p>\n<p><!--more--><\/p>\n<p><span style=\"color: #1882ed; font-weight: bold;\">Emprego<\/span>:<\/p>\n<ol>\n<li>Dilui a quantidade indicada em \u00e1gua fria<\/li>\n<li>Bata at\u00e9 ficar bem misturado.<\/li>\n<li>Deixar ferver durante 5 minutos at\u00e9 estar completamente dissolvido.<\/li>\n<li>Retirar do lume e utilizar conforme necess\u00e1rio<\/li>\n<\/ol>\n<p>&nbsp;<\/p>\n<p><!--more--><\/p>\n<div class=\"flex flex-grow flex-col max-w-full\">\n<div class=\"min-h-[20px] text-message flex flex-col items-start whitespace-pre-wrap break-words [.text-message+&amp;]:mt-5 juice:w-full juice:items-end overflow-x-auto gap-2\" dir=\"auto\" data-message-author-role=\"assistant\" data-message-id=\"579bfb50-fb6c-479d-a152-27ab4b509f37\">\n<div class=\"flex w-full flex-col gap-1 juice:empty:hidden juice:first:pt-[3px]\">\n<div class=\"markdown prose w-full break-words dark:prose-invert light\">\n<div class=\"flex-1 overflow-hidden\">\n<div class=\"react-scroll-to-bottom--css-ygaxm-79elbk h-full\">\n<div class=\"react-scroll-to-bottom--css-ygaxm-1n7m0yu\">\n<div class=\"flex flex-col text-sm md:pb-9\">\n<div class=\"w-full text-token-text-primary\" dir=\"auto\" data-testid=\"conversation-turn-3\" data-scroll-anchor=\"true\">\n<div class=\"py-2 juice:py-[18px] px-3 text-base md:px-4 m-auto md:px-5 lg:px-1 xl:px-5\">\n<div class=\"mx-auto flex flex-1 gap-3 text-base juice:gap-4 juice:md:gap-5 juice:lg:gap-6 md:max-w-3xl lg:max-w-[40rem] xl:max-w-[48rem]\">\n<div class=\"group\/conversation-turn relative flex w-full min-w-0 flex-col agent-turn\">\n<div class=\"flex-col gap-1 md:gap-3\">\n<div class=\"flex flex-grow flex-col max-w-full\">\n<div class=\"min-h-[20px] text-message flex flex-col items-start whitespace-pre-wrap break-words [.text-message+&amp;]:mt-5 juice:w-full juice:items-end overflow-x-auto gap-2\" dir=\"auto\" data-message-author-role=\"assistant\" data-message-id=\"2fe0f070-0589-4d8f-991f-f185baabe147\">\n<div class=\"flex w-full flex-col gap-1 juice:empty:hidden juice:first:pt-[3px]\">\n<div class=\"markdown prose w-full break-words dark:prose-invert light\">\n<h4>Outras informa\u00e7\u00f5es :<\/h4>\n<ul>\n<li><strong>Embalagem<\/strong>: Balde de 800 gr<\/li>\n<li><strong>Tipo<\/strong>: Caldo de legumes de base culin\u00e1ria<\/li>\n<\/ul>\n<\/div>\n<\/div>\n<\/div>\n<\/div>\n<\/div>\n<\/div>\n<\/div>\n<\/div>\n<\/div>\n<\/div>\n<\/div>\n<\/div>\n<\/div>\n<p>&nbsp;<\/p>\n<\/div>\n<\/div>\n<\/div>\n<\/div>\n<p><!--more--><\/p>\n<p>Descubra aqui a nossa base de efectivos av\u00edcolas: <span style=\"color: #d12727;\"><a style=\"color: #d12727;\" href=\"https:\/\/www.csj-emballages.com\/es\/produit\/base-culinaria-caldo-de-pollo-900-gr\/\">10565<\/a><\/span><\/p>\n<p>&nbsp;<\/p>\n<p><!--more--><\/p>\n<p><a href=\"https:\/\/www.csj-emballages.com\/pt-pt\/categorie-produit\/alimentacao-pt-pt\/bases-culinarias-pt-pt\/\">Ver o resto da nossa gama de bases\/estoques<\/a><\/p>\n","protected":false},"excerpt":{"rendered":"<p>Caldo de legumes Descri\u00e7\u00e3o do nosso caldo de legumes 900 gr<\/p>\n","protected":false},"featured_media":231090,"template":"","meta":{"_acf_changed":false},"product_brand":[],"product_cat":[1151,1866],"product_tag":[],"class_list":{"0":"post-18387","1":"product","2":"type-product","3":"status-publish","4":"has-post-thumbnail","6":"product_cat-alimentacao-pt-pt","7":"product_cat-bases-culinarias-pt-pt","9":"first","10":"instock","11":"taxable","12":"shipping-taxable","13":"purchasable","14":"product-type-simple"},"acf":[],"yoast_head":"<!-- This site is optimized with the Yoast SEO Premium plugin v26.6 (Yoast SEO v26.6) - https:\/\/yoast.com\/wordpress\/plugins\/seo\/ -->\n<title>Caldo de legumes Base 900 gr<\/title>\n<meta name=\"description\" content=\"Pasta de caldo de legumes 900 g: uma base culin\u00e1ria saborosa e pr\u00e1tica, ideal para restaurantes e cozinheiros do dia a dia.\" \/>\n<meta name=\"robots\" content=\"index, follow, max-snippet:-1, max-image-preview:large, max-video-preview:-1\" \/>\n<link rel=\"canonical\" href=\"https:\/\/www.csj-emballages.com\/pt-pt\/produit\/caldo-de-legumes-de-base-culinaria-900-gr\/\" \/>\n<meta property=\"og:locale\" content=\"pt_PT\" \/>\n<meta property=\"og:type\" content=\"article\" \/>\n<meta property=\"og:title\" content=\"Caldo de legumes de base culin\u00e1ria 900 gr\" \/>\n<meta property=\"og:description\" content=\"Pasta de caldo de legumes 900 g: uma base culin\u00e1ria saborosa e pr\u00e1tica, ideal para restaurantes e cozinheiros do dia a dia.\" \/>\n<meta property=\"og:url\" content=\"https:\/\/www.csj-emballages.com\/pt-pt\/produit\/caldo-de-legumes-de-base-culinaria-900-gr\/\" \/>\n<meta property=\"og:site_name\" content=\"CSJ Emballages\" \/>\n<meta property=\"article:publisher\" content=\"https:\/\/www.facebook.com\/csjemballages\" \/>\n<meta property=\"article:modified_time\" content=\"2026-04-29T00:10:48+00:00\" \/>\n<meta property=\"og:image\" content=\"https:\/\/www.csj-emballages.com\/wp-content\/uploads\/2024\/03\/Base-bouillon-de-legumes.webp\" \/>\n\t<meta property=\"og:image:width\" content=\"800\" \/>\n\t<meta property=\"og:image:height\" content=\"800\" \/>\n\t<meta property=\"og:image:type\" content=\"image\/webp\" \/>\n<meta name=\"twitter:card\" content=\"summary_large_image\" \/>\n<meta name=\"twitter:label1\" content=\"Tempo estimado de leitura\" \/>\n\t<meta name=\"twitter:data1\" content=\"2 minutos\" \/>\n<script type=\"application\/ld+json\" class=\"yoast-schema-graph\">{\"@context\":\"https:\/\/schema.org\",\"@graph\":[{\"@type\":\"WebPage\",\"@id\":\"https:\/\/www.csj-emballages.com\/pt-pt\/produit\/caldo-de-legumes-de-base-culinaria-900-gr\/\",\"url\":\"https:\/\/www.csj-emballages.com\/pt-pt\/produit\/caldo-de-legumes-de-base-culinaria-900-gr\/\",\"name\":\"Caldo de legumes Base 900 gr\",\"isPartOf\":{\"@id\":\"https:\/\/www.csj-emballages.com\/pt-pt\/#website\"},\"primaryImageOfPage\":{\"@id\":\"https:\/\/www.csj-emballages.com\/pt-pt\/produit\/caldo-de-legumes-de-base-culinaria-900-gr\/#primaryimage\"},\"image\":{\"@id\":\"https:\/\/www.csj-emballages.com\/pt-pt\/produit\/caldo-de-legumes-de-base-culinaria-900-gr\/#primaryimage\"},\"thumbnailUrl\":\"https:\/\/www.csj-emballages.com\/wp-content\/uploads\/2024\/03\/Base-bouillon-de-legumes.webp\",\"datePublished\":\"2024-03-01T15:59:35+00:00\",\"dateModified\":\"2026-04-29T00:10:48+00:00\",\"description\":\"Pasta de caldo de legumes 900 g: uma base culin\u00e1ria saborosa e pr\u00e1tica, ideal para restaurantes e cozinheiros do dia a dia.\",\"breadcrumb\":{\"@id\":\"https:\/\/www.csj-emballages.com\/pt-pt\/produit\/caldo-de-legumes-de-base-culinaria-900-gr\/#breadcrumb\"},\"inLanguage\":\"pt-PT\",\"potentialAction\":[{\"@type\":\"ReadAction\",\"target\":[\"https:\/\/www.csj-emballages.com\/pt-pt\/produit\/caldo-de-legumes-de-base-culinaria-900-gr\/\"]}]},{\"@type\":\"ImageObject\",\"inLanguage\":\"pt-PT\",\"@id\":\"https:\/\/www.csj-emballages.com\/pt-pt\/produit\/caldo-de-legumes-de-base-culinaria-900-gr\/#primaryimage\",\"url\":\"https:\/\/www.csj-emballages.com\/wp-content\/uploads\/2024\/03\/Base-bouillon-de-legumes.webp\",\"contentUrl\":\"https:\/\/www.csj-emballages.com\/wp-content\/uploads\/2024\/03\/Base-bouillon-de-legumes.webp\",\"width\":800,\"height\":800,\"caption\":\"bouillon de l\u00e9gumes\"},{\"@type\":\"BreadcrumbList\",\"@id\":\"https:\/\/www.csj-emballages.com\/pt-pt\/produit\/caldo-de-legumes-de-base-culinaria-900-gr\/#breadcrumb\",\"itemListElement\":[{\"@type\":\"ListItem\",\"position\":1,\"name\":\"Acolhimento\",\"item\":\"https:\/\/www.csj-emballages.com\/pt-pt\/universo-das-embalagens-alimentares\/\"},{\"@type\":\"ListItem\",\"position\":2,\"name\":\"Shop\",\"item\":\"https:\/\/www.csj-emballages.com\/shop\/\"},{\"@type\":\"ListItem\",\"position\":3,\"name\":\"Caldo de legumes de base culin\u00e1ria 900 gr\"}]},{\"@type\":\"WebSite\",\"@id\":\"https:\/\/www.csj-emballages.com\/pt-pt\/#website\",\"url\":\"https:\/\/www.csj-emballages.com\/pt-pt\/\",\"name\":\"CSJ Emballages\",\"description\":\"\",\"publisher\":{\"@id\":\"https:\/\/www.csj-emballages.com\/pt-pt\/#organization\"},\"potentialAction\":[{\"@type\":\"SearchAction\",\"target\":{\"@type\":\"EntryPoint\",\"urlTemplate\":\"https:\/\/www.csj-emballages.com\/pt-pt\/?s={search_term_string}\"},\"query-input\":{\"@type\":\"PropertyValueSpecification\",\"valueRequired\":true,\"valueName\":\"search_term_string\"}}],\"inLanguage\":\"pt-PT\"},{\"@type\":\"Organization\",\"@id\":\"https:\/\/www.csj-emballages.com\/pt-pt\/#Organization\/\",\"name\":\"CSJ Emballages\",\"url\":\"https:\/\/www.csj-emballages.com\/pt-pt\/\",\"logo\":{\"@type\":\"ImageObject\",\"inLanguage\":\"pt-PT\",\"@id\":\"https:\/\/www.csj-emballages.com\/pt-pt\/#\/schema\/logo\/image\/\",\"url\":\"https:\/\/www.csj-emballages.com\/wp-content\/uploads\/2023\/10\/logo_csj.webp\",\"contentUrl\":\"https:\/\/www.csj-emballages.com\/wp-content\/uploads\/2023\/10\/logo_csj.webp\",\"width\":250,\"height\":95,\"caption\":\"CSJ Emballages\"},\"image\":{\"@id\":\"https:\/\/www.csj-emballages.com\/pt-pt\/#\/schema\/logo\/image\/\"},\"sameAs\":[\"https:\/\/www.facebook.com\/csjemballages\"],\"address\":{\"@type\":\"PostalAddress\",\"streetAddress\":\"ZI La Lechere\",\"addressLocality\":\"Patornay\",\"postalCode\":\"39130\",\"addressCountry\":\"FR\"},\"contactPoint\":[{\"@type\":\"ContactPoint\",\"contactType\":\"Service client\",\"telephone\":\"0384254272\",\"email\":\"contact@csj-emballages.com\"}]}]}<\/script>\n<!-- \/ Yoast SEO Premium plugin. -->","yoast_head_json":{"title":"Caldo de legumes Base 900 gr","description":"Pasta de caldo de legumes 900 g: uma base culin\u00e1ria saborosa e pr\u00e1tica, ideal para restaurantes e cozinheiros do dia a dia.","robots":{"index":"index","follow":"follow","max-snippet":"max-snippet:-1","max-image-preview":"max-image-preview:large","max-video-preview":"max-video-preview:-1"},"canonical":"https:\/\/www.csj-emballages.com\/pt-pt\/produit\/caldo-de-legumes-de-base-culinaria-900-gr\/","og_locale":"pt_PT","og_type":"article","og_title":"Caldo de legumes de base culin\u00e1ria 900 gr","og_description":"Pasta de caldo de legumes 900 g: uma base culin\u00e1ria saborosa e pr\u00e1tica, ideal para restaurantes e cozinheiros do dia a dia.","og_url":"https:\/\/www.csj-emballages.com\/pt-pt\/produit\/caldo-de-legumes-de-base-culinaria-900-gr\/","og_site_name":"CSJ Emballages","article_publisher":"https:\/\/www.facebook.com\/csjemballages","article_modified_time":"2026-04-29T00:10:48+00:00","og_image":[{"width":800,"height":800,"url":"https:\/\/www.csj-emballages.com\/wp-content\/uploads\/2024\/03\/Base-bouillon-de-legumes.webp","type":"image\/webp"}],"twitter_card":"summary_large_image","twitter_misc":{"Tempo estimado de leitura":"2 minutos"},"schema":{"@context":"https:\/\/schema.org","@graph":[{"@type":"WebPage","@id":"https:\/\/www.csj-emballages.com\/pt-pt\/produit\/caldo-de-legumes-de-base-culinaria-900-gr\/","url":"https:\/\/www.csj-emballages.com\/pt-pt\/produit\/caldo-de-legumes-de-base-culinaria-900-gr\/","name":"Caldo de legumes Base 900 gr","isPartOf":{"@id":"https:\/\/www.csj-emballages.com\/pt-pt\/#website"},"primaryImageOfPage":{"@id":"https:\/\/www.csj-emballages.com\/pt-pt\/produit\/caldo-de-legumes-de-base-culinaria-900-gr\/#primaryimage"},"image":{"@id":"https:\/\/www.csj-emballages.com\/pt-pt\/produit\/caldo-de-legumes-de-base-culinaria-900-gr\/#primaryimage"},"thumbnailUrl":"https:\/\/www.csj-emballages.com\/wp-content\/uploads\/2024\/03\/Base-bouillon-de-legumes.webp","datePublished":"2024-03-01T15:59:35+00:00","dateModified":"2026-04-29T00:10:48+00:00","description":"Pasta de caldo de legumes 900 g: uma base culin\u00e1ria saborosa e pr\u00e1tica, ideal para restaurantes e cozinheiros do dia a dia.","breadcrumb":{"@id":"https:\/\/www.csj-emballages.com\/pt-pt\/produit\/caldo-de-legumes-de-base-culinaria-900-gr\/#breadcrumb"},"inLanguage":"pt-PT","potentialAction":[{"@type":"ReadAction","target":["https:\/\/www.csj-emballages.com\/pt-pt\/produit\/caldo-de-legumes-de-base-culinaria-900-gr\/"]}]},{"@type":"ImageObject","inLanguage":"pt-PT","@id":"https:\/\/www.csj-emballages.com\/pt-pt\/produit\/caldo-de-legumes-de-base-culinaria-900-gr\/#primaryimage","url":"https:\/\/www.csj-emballages.com\/wp-content\/uploads\/2024\/03\/Base-bouillon-de-legumes.webp","contentUrl":"https:\/\/www.csj-emballages.com\/wp-content\/uploads\/2024\/03\/Base-bouillon-de-legumes.webp","width":800,"height":800,"caption":"bouillon de l\u00e9gumes"},{"@type":"BreadcrumbList","@id":"https:\/\/www.csj-emballages.com\/pt-pt\/produit\/caldo-de-legumes-de-base-culinaria-900-gr\/#breadcrumb","itemListElement":[{"@type":"ListItem","position":1,"name":"Acolhimento","item":"https:\/\/www.csj-emballages.com\/pt-pt\/universo-das-embalagens-alimentares\/"},{"@type":"ListItem","position":2,"name":"Shop","item":"https:\/\/www.csj-emballages.com\/shop\/"},{"@type":"ListItem","position":3,"name":"Caldo de legumes de base culin\u00e1ria 900 gr"}]},{"@type":"WebSite","@id":"https:\/\/www.csj-emballages.com\/pt-pt\/#website","url":"https:\/\/www.csj-emballages.com\/pt-pt\/","name":"CSJ Emballages","description":"","publisher":{"@id":"https:\/\/www.csj-emballages.com\/pt-pt\/#organization"},"potentialAction":[{"@type":"SearchAction","target":{"@type":"EntryPoint","urlTemplate":"https:\/\/www.csj-emballages.com\/pt-pt\/?s={search_term_string}"},"query-input":{"@type":"PropertyValueSpecification","valueRequired":true,"valueName":"search_term_string"}}],"inLanguage":"pt-PT"},{"@type":"Organization","@id":"https:\/\/www.csj-emballages.com\/pt-pt\/#Organization\/","name":"CSJ Emballages","url":"https:\/\/www.csj-emballages.com\/pt-pt\/","logo":{"@type":"ImageObject","inLanguage":"pt-PT","@id":"https:\/\/www.csj-emballages.com\/pt-pt\/#\/schema\/logo\/image\/","url":"https:\/\/www.csj-emballages.com\/wp-content\/uploads\/2023\/10\/logo_csj.webp","contentUrl":"https:\/\/www.csj-emballages.com\/wp-content\/uploads\/2023\/10\/logo_csj.webp","width":250,"height":95,"caption":"CSJ Emballages"},"image":{"@id":"https:\/\/www.csj-emballages.com\/pt-pt\/#\/schema\/logo\/image\/"},"sameAs":["https:\/\/www.facebook.com\/csjemballages"],"address":{"@type":"PostalAddress","streetAddress":"ZI La Lechere","addressLocality":"Patornay","postalCode":"39130","addressCountry":"FR"},"contactPoint":[{"@type":"ContactPoint","contactType":"Service client","telephone":"0384254272","email":"contact@csj-emballages.com"}]}]}},"df_price":8.26,"df_sale_price":"","df_regular_price":8.26,"df_image_link":"https:\/\/www.csj-emballages.com\/wp-content\/uploads\/2024\/03\/Base-bouillon-de-legumes-300x300.webp","tiered_pricing_type":"fixed","tiered_pricing_fixed_rules":[],"tiered_pricing_percentage_rules":[],"tiered_pricing_minimum":1,"tiered_pricing_roles_data":[],"_links":{"self":[{"href":"https:\/\/www.csj-emballages.com\/pt-pt\/wp-json\/wp\/v2\/product\/18387","targetHints":{"allow":["GET"]}}],"collection":[{"href":"https:\/\/www.csj-emballages.com\/pt-pt\/wp-json\/wp\/v2\/product"}],"about":[{"href":"https:\/\/www.csj-emballages.com\/pt-pt\/wp-json\/wp\/v2\/types\/product"}],"wp:featuredmedia":[{"embeddable":true,"href":"https:\/\/www.csj-emballages.com\/pt-pt\/wp-json\/wp\/v2\/media\/231090"}],"wp:attachment":[{"href":"https:\/\/www.csj-emballages.com\/pt-pt\/wp-json\/wp\/v2\/media?parent=18387"}],"wp:term":[{"taxonomy":"product_brand","embeddable":true,"href":"https:\/\/www.csj-emballages.com\/pt-pt\/wp-json\/wp\/v2\/product_brand?post=18387"},{"taxonomy":"product_cat","embeddable":true,"href":"https:\/\/www.csj-emballages.com\/pt-pt\/wp-json\/wp\/v2\/product_cat?post=18387"},{"taxonomy":"product_tag","embeddable":true,"href":"https:\/\/www.csj-emballages.com\/pt-pt\/wp-json\/wp\/v2\/product_tag?post=18387"}],"curies":[{"name":"wp","href":"https:\/\/api.w.org\/{rel}","templated":true}]}}