{"id":18365,"date":"2024-03-01T16:59:37","date_gmt":"2024-03-01T15:59:37","guid":{"rendered":"https:\/\/u15jnbdpoq.preview.infomaniak.website\/produit\/especiarias-para-salsichas-de-estrasburgo-2-kg\/"},"modified":"2026-04-28T11:00:39","modified_gmt":"2026-04-28T09:00:39","slug":"especiarias-para-salsichas-de-estrasburgo-2-kg","status":"publish","type":"product","link":"https:\/\/www.csj-emballages.com\/pt-pt\/produit\/especiarias-para-salsichas-de-estrasburgo-2-kg\/","title":{"rendered":"Especiarias para salsichas de Estrasburgo 1kg"},"content":{"rendered":"<h2 class=\"p1\">Especiarias salsicha strasbourg<\/h2>\n<hr>\n<h3>Descri\u00e7\u00e3o das nossas especiarias para salsichas Strasbourg em 1kg<\/h3>\n<p><!--more--><\/p>\n<p class=\"\" data-start=\"246\" data-end=\"536\">Esta <strong>mistura de especiarias para salsichas de Estrasburgo<\/strong> foi especialmente concebida para satisfazer as necessidades das charcutarias, dos fornecedores de refei\u00e7\u00f5es e dos profissionais da ind\u00fastria alimentar. Num formato econ\u00f3mico<strong> de 1 kg<\/strong>, permite-lhe produzir em grandes quantidades, mantendo uma qualidade constante e controlada. A receita, inspirada na tradi\u00e7\u00e3o <strong>alsaciana<\/strong>, combina <strong>especiarias<\/strong> suaves e arom\u00e1ticas para real\u00e7ar a carne sem a mascarar. O resultado \u00e9 um sabor t\u00edpico, ao mesmo tempo delicado e reconfortante, carater\u00edstico dos verdadeiros <strong>enchidos de Estrasburgo<\/strong>.   <\/p>\n<p class=\"\" data-start=\"880\" data-end=\"1173\">Esta mistura \u00e9 f\u00e1cil de utilizar: \u00e9 incorporada diretamente na sua pasta de carne durante a picagem ou a mistura. Quer esteja a trabalhar numa charcutaria de pequena escala ou numa cozinha profissional, este produto garante sempre uma reprodutibilidade perfeita. <\/p>\n<p class=\"\" data-start=\"1175\" data-end=\"1379\">Embalado em <strong>baldes de 1 kg<\/strong>, \u00e9 ideal tanto para pequenas como para grandes produ\u00e7\u00f5es. Tamb\u00e9m pode ser utilizado para revisitar as suas receitas de enchidos, dando-lhes um toque tradicional. <\/p>\n<p data-start=\"1175\" data-end=\"1379\">\n<p data-start=\"1249\" data-end=\"1546\"><!--more--><\/p>\n<p data-start=\"1249\" data-end=\"1546\"><span style=\"font-weight: bold\">Dosagem:<\/span> 35 g por kg de pasta de carne. Adicionar entre 8 e 12 gramas de sal de nitrito. <\/p>\n<p data-start=\"1249\" data-end=\"1546\">\n<p><!--more--><\/p>\n<div style=\"font-family: Roboto, sans-serif\">\n<p><span style=\"color: #c79600;font-weight: bold\">Composi\u00e7\u00e3o: <\/span>A\u00e7\u00facares (lactose, dextrose), prote\u00ednas do leite e da soja, especiarias, estabilizadores (E-450, E-452), aromatizante (cont\u00e9m mostarda), antioxidantes (E-316), aroma de fumado, corante (E-120).<\/p>\n<p>&nbsp;<\/p>\n<\/div>\n<p>&nbsp;<\/p>\n<p><!--more--><\/p>\n<div style=\"font-family: Roboto, sans-serif\">\n<h4>As suas vantagens:<\/h4>\n<ul>\n<li><strong>Mistura pronta a usar<\/strong>: dosagem profissional.<\/li>\n<li>Tem o mesmo sabor que as salsichas tradicionais de Estrasburgo.<\/li>\n<li><strong>Econ\u00f3mico<\/strong>: balde de 1 kg para uma utiliza\u00e7\u00e3o prolongada.<\/li>\n<li>F\u00e1cil de utilizar e de dosear.<\/li>\n<\/ul>\n<p>&nbsp;<\/p>\n<\/div>\n<p><!--more--><\/p>\n<div style=\"font-family: Roboto, sans-serif\">\n<h4>Outras informa\u00e7\u00f5es :<\/h4>\n<ul>\n<li><strong>Embalagem<\/strong>: balde de 1kg<\/li>\n<li><strong>Tipo<\/strong>: Salsicha de Estrasburgo<\/li>\n<\/ul>\n<p>&nbsp;<\/p>\n<\/div>\n<p><!--more--><\/p>\n<h4>Encontre todas as nossas especiarias para salsichas aqui:<\/h4>\n<ul>\n<li><span style=\"color: #d12727\"><a style=\"color: #d12727\" href=\"https:\/\/www.csj-emballages.com\/es\/produit\/carne-de-salchicha-con-especias-y-hierbas-5-kg\/\">Tempera a carne de salsicha com ervas arom\u00e1ticas<\/a><\/span><\/li>\n<li><span style=\"color: #d12727\"><a style=\"color: #d12727\" href=\"https:\/\/www.csj-emballages.com\/es\/produit\/salchichas-frescas-sin-gluten-5-kg\/\">Especiarias para salsichas do campo (sem gl\u00faten)<\/a><\/span><\/li>\n<li><span style=\"color: #d12727\"><a style=\"color: #d12727\" href=\"https:\/\/www.csj-emballages.com\/es\/produit\/especias-salchicha-fresca-sin-gluten-sin-lactosa-5-kg\/\">Especiarias para salsichas sem gl\u00faten \/ sem lactose<\/a><\/span><\/li>\n<li><span style=\"color: #d12727\"><a style=\"color: #d12727\" href=\"https:\/\/www.csj-emballages.com\/es\/produit\/guindilla-de-espelette-especias-para-salchichas-2-kg\/\">Especiarias para salsichas com malagueta Espelette<\/a><\/span><\/li>\n<li><span style=\"color: #d12727\"><a style=\"color: #d12727\" href=\"https:\/\/www.csj-emballages.com\/es\/produit\/salchicha-azul-especias-5-kg\/\">Especiarias para salsichas azuis<\/a><\/span><\/li>\n<\/ul>\n<div style=\"font-family: Roboto, sans-serif\">\n<p>&nbsp;<\/p>\n<\/div>\n<p><!--more--><\/p>\n<div style=\"font-family: Roboto, sans-serif\">\n<p><a href=\"https:\/\/www.csj-emballages.com\/pt-pt\/categorie-produit\/alimentacao-pt-pt\/especiarias\/mistura-de-especiarias\/merguez-salsichas-chouricos\/\">Ver o resto da nossa gama de especiarias para salsichas \/ merguez \/ chouri\u00e7os<\/a><\/p>\n<\/div>\n","protected":false},"excerpt":{"rendered":"<p>Especiarias salsicha strasbourg Descri\u00e7\u00e3o das nossas especiarias para salsichas Strasbourg em 1kg<\/p>\n","protected":false},"featured_media":231465,"template":"","meta":{"_acf_changed":false},"product_brand":[],"product_cat":[1151,1447,1784,1848],"product_tag":[],"class_list":{"0":"post-18365","1":"product","2":"type-product","3":"status-publish","4":"has-post-thumbnail","6":"product_cat-alimentacao-pt-pt","7":"product_cat-especiarias","8":"product_cat-mistura-de-especiarias","9":"product_cat-merguez-salsichas-chouricos","11":"first","12":"instock","13":"taxable","14":"shipping-taxable","15":"purchasable","16":"product-type-simple"},"acf":[],"yoast_head":"<!-- This site is optimized with the Yoast SEO Premium plugin v26.6 (Yoast SEO v26.6) - https:\/\/yoast.com\/wordpress\/plugins\/seo\/ -->\n<title>Especiarias Salsicha Strasbourg 1kg<\/title>\n<meta name=\"description\" content=\"Mistura de especiarias para enchidos Strasbourg em sacos de 1 kg. Ideal para talhantes, restaura\u00e7\u00e3o e profissionais. Sabor tradicional, dosagem perfeita, f\u00e1cil de utilizar.\" \/>\n<meta name=\"robots\" content=\"index, follow, max-snippet:-1, max-image-preview:large, max-video-preview:-1\" \/>\n<link rel=\"canonical\" href=\"https:\/\/www.csj-emballages.com\/pt-pt\/produit\/especiarias-para-salsichas-de-estrasburgo-2-kg\/\" \/>\n<meta property=\"og:locale\" content=\"pt_PT\" \/>\n<meta property=\"og:type\" content=\"article\" \/>\n<meta property=\"og:title\" content=\"Especiarias para salsichas de Estrasburgo 1kg\" \/>\n<meta property=\"og:description\" content=\"Mistura de especiarias para enchidos Strasbourg em sacos de 1 kg. Ideal para talhantes, restaura\u00e7\u00e3o e profissionais. Sabor tradicional, dosagem perfeita, f\u00e1cil de utilizar.\" \/>\n<meta property=\"og:url\" content=\"https:\/\/www.csj-emballages.com\/pt-pt\/produit\/especiarias-para-salsichas-de-estrasburgo-2-kg\/\" \/>\n<meta property=\"og:site_name\" content=\"CSJ Emballages\" \/>\n<meta property=\"article:publisher\" content=\"https:\/\/www.facebook.com\/csjemballages\" \/>\n<meta property=\"article:modified_time\" content=\"2026-04-28T09:00:39+00:00\" \/>\n<meta property=\"og:image\" content=\"https:\/\/www.csj-emballages.com\/wp-content\/uploads\/2024\/03\/Epices-saucisse-strasbourg.webp\" \/>\n\t<meta property=\"og:image:width\" content=\"800\" \/>\n\t<meta property=\"og:image:height\" content=\"800\" \/>\n\t<meta property=\"og:image:type\" content=\"image\/webp\" \/>\n<meta name=\"twitter:card\" content=\"summary_large_image\" \/>\n<meta name=\"twitter:label1\" content=\"Tempo estimado de leitura\" \/>\n\t<meta name=\"twitter:data1\" content=\"2 minutos\" \/>\n<script type=\"application\/ld+json\" class=\"yoast-schema-graph\">{\"@context\":\"https:\/\/schema.org\",\"@graph\":[{\"@type\":\"WebPage\",\"@id\":\"https:\/\/www.csj-emballages.com\/pt-pt\/produit\/especiarias-para-salsichas-de-estrasburgo-2-kg\/\",\"url\":\"https:\/\/www.csj-emballages.com\/pt-pt\/produit\/especiarias-para-salsichas-de-estrasburgo-2-kg\/\",\"name\":\"Especiarias Salsicha Strasbourg 1kg\",\"isPartOf\":{\"@id\":\"https:\/\/www.csj-emballages.com\/pt-pt\/#website\"},\"primaryImageOfPage\":{\"@id\":\"https:\/\/www.csj-emballages.com\/pt-pt\/produit\/especiarias-para-salsichas-de-estrasburgo-2-kg\/#primaryimage\"},\"image\":{\"@id\":\"https:\/\/www.csj-emballages.com\/pt-pt\/produit\/especiarias-para-salsichas-de-estrasburgo-2-kg\/#primaryimage\"},\"thumbnailUrl\":\"https:\/\/www.csj-emballages.com\/wp-content\/uploads\/2024\/03\/Epices-saucisse-strasbourg.webp\",\"datePublished\":\"2024-03-01T15:59:37+00:00\",\"dateModified\":\"2026-04-28T09:00:39+00:00\",\"description\":\"Mistura de especiarias para enchidos Strasbourg em sacos de 1 kg. Ideal para talhantes, restaura\u00e7\u00e3o e profissionais. Sabor tradicional, dosagem perfeita, f\u00e1cil de utilizar.\",\"breadcrumb\":{\"@id\":\"https:\/\/www.csj-emballages.com\/pt-pt\/produit\/especiarias-para-salsichas-de-estrasburgo-2-kg\/#breadcrumb\"},\"inLanguage\":\"pt-PT\",\"potentialAction\":[{\"@type\":\"ReadAction\",\"target\":[\"https:\/\/www.csj-emballages.com\/pt-pt\/produit\/especiarias-para-salsichas-de-estrasburgo-2-kg\/\"]}]},{\"@type\":\"ImageObject\",\"inLanguage\":\"pt-PT\",\"@id\":\"https:\/\/www.csj-emballages.com\/pt-pt\/produit\/especiarias-para-salsichas-de-estrasburgo-2-kg\/#primaryimage\",\"url\":\"https:\/\/www.csj-emballages.com\/wp-content\/uploads\/2024\/03\/Epices-saucisse-strasbourg.webp\",\"contentUrl\":\"https:\/\/www.csj-emballages.com\/wp-content\/uploads\/2024\/03\/Epices-saucisse-strasbourg.webp\",\"width\":800,\"height\":800,\"caption\":\"\u00e9pices saucisse Strasbourg\"},{\"@type\":\"BreadcrumbList\",\"@id\":\"https:\/\/www.csj-emballages.com\/pt-pt\/produit\/especiarias-para-salsichas-de-estrasburgo-2-kg\/#breadcrumb\",\"itemListElement\":[{\"@type\":\"ListItem\",\"position\":1,\"name\":\"Acolhimento\",\"item\":\"https:\/\/www.csj-emballages.com\/pt-pt\/universo-das-embalagens-alimentares\/\"},{\"@type\":\"ListItem\",\"position\":2,\"name\":\"Shop\",\"item\":\"https:\/\/www.csj-emballages.com\/shop\/\"},{\"@type\":\"ListItem\",\"position\":3,\"name\":\"Especiarias para salsichas de Estrasburgo 1kg\"}]},{\"@type\":\"WebSite\",\"@id\":\"https:\/\/www.csj-emballages.com\/pt-pt\/#website\",\"url\":\"https:\/\/www.csj-emballages.com\/pt-pt\/\",\"name\":\"CSJ Emballages\",\"description\":\"\",\"publisher\":{\"@id\":\"https:\/\/www.csj-emballages.com\/pt-pt\/#organization\"},\"potentialAction\":[{\"@type\":\"SearchAction\",\"target\":{\"@type\":\"EntryPoint\",\"urlTemplate\":\"https:\/\/www.csj-emballages.com\/pt-pt\/?s={search_term_string}\"},\"query-input\":{\"@type\":\"PropertyValueSpecification\",\"valueRequired\":true,\"valueName\":\"search_term_string\"}}],\"inLanguage\":\"pt-PT\"},{\"@type\":\"Organization\",\"@id\":\"https:\/\/www.csj-emballages.com\/pt-pt\/#Organization\/\",\"name\":\"CSJ Emballages\",\"url\":\"https:\/\/www.csj-emballages.com\/pt-pt\/\",\"logo\":{\"@type\":\"ImageObject\",\"inLanguage\":\"pt-PT\",\"@id\":\"https:\/\/www.csj-emballages.com\/pt-pt\/#\/schema\/logo\/image\/\",\"url\":\"https:\/\/www.csj-emballages.com\/wp-content\/uploads\/2023\/10\/logo_csj.webp\",\"contentUrl\":\"https:\/\/www.csj-emballages.com\/wp-content\/uploads\/2023\/10\/logo_csj.webp\",\"width\":250,\"height\":95,\"caption\":\"CSJ Emballages\"},\"image\":{\"@id\":\"https:\/\/www.csj-emballages.com\/pt-pt\/#\/schema\/logo\/image\/\"},\"sameAs\":[\"https:\/\/www.facebook.com\/csjemballages\"],\"address\":{\"@type\":\"PostalAddress\",\"streetAddress\":\"ZI La Lechere\",\"addressLocality\":\"Patornay\",\"postalCode\":\"39130\",\"addressCountry\":\"FR\"},\"contactPoint\":[{\"@type\":\"ContactPoint\",\"contactType\":\"Service client\",\"telephone\":\"0384254272\",\"email\":\"contact@csj-emballages.com\"}]}]}<\/script>\n<!-- \/ Yoast SEO Premium plugin. -->","yoast_head_json":{"title":"Especiarias Salsicha Strasbourg 1kg","description":"Mistura de especiarias para enchidos Strasbourg em sacos de 1 kg. Ideal para talhantes, restaura\u00e7\u00e3o e profissionais. Sabor tradicional, dosagem perfeita, f\u00e1cil de utilizar.","robots":{"index":"index","follow":"follow","max-snippet":"max-snippet:-1","max-image-preview":"max-image-preview:large","max-video-preview":"max-video-preview:-1"},"canonical":"https:\/\/www.csj-emballages.com\/pt-pt\/produit\/especiarias-para-salsichas-de-estrasburgo-2-kg\/","og_locale":"pt_PT","og_type":"article","og_title":"Especiarias para salsichas de Estrasburgo 1kg","og_description":"Mistura de especiarias para enchidos Strasbourg em sacos de 1 kg. Ideal para talhantes, restaura\u00e7\u00e3o e profissionais. Sabor tradicional, dosagem perfeita, f\u00e1cil de utilizar.","og_url":"https:\/\/www.csj-emballages.com\/pt-pt\/produit\/especiarias-para-salsichas-de-estrasburgo-2-kg\/","og_site_name":"CSJ Emballages","article_publisher":"https:\/\/www.facebook.com\/csjemballages","article_modified_time":"2026-04-28T09:00:39+00:00","og_image":[{"width":800,"height":800,"url":"https:\/\/www.csj-emballages.com\/wp-content\/uploads\/2024\/03\/Epices-saucisse-strasbourg.webp","type":"image\/webp"}],"twitter_card":"summary_large_image","twitter_misc":{"Tempo estimado de leitura":"2 minutos"},"schema":{"@context":"https:\/\/schema.org","@graph":[{"@type":"WebPage","@id":"https:\/\/www.csj-emballages.com\/pt-pt\/produit\/especiarias-para-salsichas-de-estrasburgo-2-kg\/","url":"https:\/\/www.csj-emballages.com\/pt-pt\/produit\/especiarias-para-salsichas-de-estrasburgo-2-kg\/","name":"Especiarias Salsicha Strasbourg 1kg","isPartOf":{"@id":"https:\/\/www.csj-emballages.com\/pt-pt\/#website"},"primaryImageOfPage":{"@id":"https:\/\/www.csj-emballages.com\/pt-pt\/produit\/especiarias-para-salsichas-de-estrasburgo-2-kg\/#primaryimage"},"image":{"@id":"https:\/\/www.csj-emballages.com\/pt-pt\/produit\/especiarias-para-salsichas-de-estrasburgo-2-kg\/#primaryimage"},"thumbnailUrl":"https:\/\/www.csj-emballages.com\/wp-content\/uploads\/2024\/03\/Epices-saucisse-strasbourg.webp","datePublished":"2024-03-01T15:59:37+00:00","dateModified":"2026-04-28T09:00:39+00:00","description":"Mistura de especiarias para enchidos Strasbourg em sacos de 1 kg. Ideal para talhantes, restaura\u00e7\u00e3o e profissionais. Sabor tradicional, dosagem perfeita, f\u00e1cil de utilizar.","breadcrumb":{"@id":"https:\/\/www.csj-emballages.com\/pt-pt\/produit\/especiarias-para-salsichas-de-estrasburgo-2-kg\/#breadcrumb"},"inLanguage":"pt-PT","potentialAction":[{"@type":"ReadAction","target":["https:\/\/www.csj-emballages.com\/pt-pt\/produit\/especiarias-para-salsichas-de-estrasburgo-2-kg\/"]}]},{"@type":"ImageObject","inLanguage":"pt-PT","@id":"https:\/\/www.csj-emballages.com\/pt-pt\/produit\/especiarias-para-salsichas-de-estrasburgo-2-kg\/#primaryimage","url":"https:\/\/www.csj-emballages.com\/wp-content\/uploads\/2024\/03\/Epices-saucisse-strasbourg.webp","contentUrl":"https:\/\/www.csj-emballages.com\/wp-content\/uploads\/2024\/03\/Epices-saucisse-strasbourg.webp","width":800,"height":800,"caption":"\u00e9pices saucisse Strasbourg"},{"@type":"BreadcrumbList","@id":"https:\/\/www.csj-emballages.com\/pt-pt\/produit\/especiarias-para-salsichas-de-estrasburgo-2-kg\/#breadcrumb","itemListElement":[{"@type":"ListItem","position":1,"name":"Acolhimento","item":"https:\/\/www.csj-emballages.com\/pt-pt\/universo-das-embalagens-alimentares\/"},{"@type":"ListItem","position":2,"name":"Shop","item":"https:\/\/www.csj-emballages.com\/shop\/"},{"@type":"ListItem","position":3,"name":"Especiarias para salsichas de Estrasburgo 1kg"}]},{"@type":"WebSite","@id":"https:\/\/www.csj-emballages.com\/pt-pt\/#website","url":"https:\/\/www.csj-emballages.com\/pt-pt\/","name":"CSJ Emballages","description":"","publisher":{"@id":"https:\/\/www.csj-emballages.com\/pt-pt\/#organization"},"potentialAction":[{"@type":"SearchAction","target":{"@type":"EntryPoint","urlTemplate":"https:\/\/www.csj-emballages.com\/pt-pt\/?s={search_term_string}"},"query-input":{"@type":"PropertyValueSpecification","valueRequired":true,"valueName":"search_term_string"}}],"inLanguage":"pt-PT"},{"@type":"Organization","@id":"https:\/\/www.csj-emballages.com\/pt-pt\/#Organization\/","name":"CSJ Emballages","url":"https:\/\/www.csj-emballages.com\/pt-pt\/","logo":{"@type":"ImageObject","inLanguage":"pt-PT","@id":"https:\/\/www.csj-emballages.com\/pt-pt\/#\/schema\/logo\/image\/","url":"https:\/\/www.csj-emballages.com\/wp-content\/uploads\/2023\/10\/logo_csj.webp","contentUrl":"https:\/\/www.csj-emballages.com\/wp-content\/uploads\/2023\/10\/logo_csj.webp","width":250,"height":95,"caption":"CSJ Emballages"},"image":{"@id":"https:\/\/www.csj-emballages.com\/pt-pt\/#\/schema\/logo\/image\/"},"sameAs":["https:\/\/www.facebook.com\/csjemballages"],"address":{"@type":"PostalAddress","streetAddress":"ZI La Lechere","addressLocality":"Patornay","postalCode":"39130","addressCountry":"FR"},"contactPoint":[{"@type":"ContactPoint","contactType":"Service client","telephone":"0384254272","email":"contact@csj-emballages.com"}]}]}},"df_price":17.26,"df_sale_price":"","df_regular_price":17.26,"df_image_link":"https:\/\/www.csj-emballages.com\/wp-content\/uploads\/2024\/03\/Epices-saucisse-strasbourg-300x300.webp","tiered_pricing_type":"fixed","tiered_pricing_fixed_rules":[],"tiered_pricing_percentage_rules":[],"tiered_pricing_minimum":1,"tiered_pricing_roles_data":[],"_links":{"self":[{"href":"https:\/\/www.csj-emballages.com\/pt-pt\/wp-json\/wp\/v2\/product\/18365","targetHints":{"allow":["GET"]}}],"collection":[{"href":"https:\/\/www.csj-emballages.com\/pt-pt\/wp-json\/wp\/v2\/product"}],"about":[{"href":"https:\/\/www.csj-emballages.com\/pt-pt\/wp-json\/wp\/v2\/types\/product"}],"wp:featuredmedia":[{"embeddable":true,"href":"https:\/\/www.csj-emballages.com\/pt-pt\/wp-json\/wp\/v2\/media\/231465"}],"wp:attachment":[{"href":"https:\/\/www.csj-emballages.com\/pt-pt\/wp-json\/wp\/v2\/media?parent=18365"}],"wp:term":[{"taxonomy":"product_brand","embeddable":true,"href":"https:\/\/www.csj-emballages.com\/pt-pt\/wp-json\/wp\/v2\/product_brand?post=18365"},{"taxonomy":"product_cat","embeddable":true,"href":"https:\/\/www.csj-emballages.com\/pt-pt\/wp-json\/wp\/v2\/product_cat?post=18365"},{"taxonomy":"product_tag","embeddable":true,"href":"https:\/\/www.csj-emballages.com\/pt-pt\/wp-json\/wp\/v2\/product_tag?post=18365"}],"curies":[{"name":"wp","href":"https:\/\/api.w.org\/{rel}","templated":true}]}}