{"id":18354,"date":"2024-03-01T16:59:35","date_gmt":"2024-03-01T15:59:35","guid":{"rendered":"https:\/\/u15jnbdpoq.preview.infomaniak.website\/produit\/temperos-para-frango-grelhado-3033-5-kg\/"},"modified":"2026-04-29T02:10:46","modified_gmt":"2026-04-29T00:10:46","slug":"temperos-para-frango-grelhado-3033-5-kg","status":"publish","type":"product","link":"https:\/\/www.csj-emballages.com\/pt-pt\/produit\/temperos-para-frango-grelhado-3033-5-kg\/","title":{"rendered":"Temperos para frango grelhado 3033 5 kg"},"content":{"rendered":"<h2>Especiarias para frango grelhado<\/h2>\n<hr>\n<h3>Descri\u00e7\u00e3o das nossas especiarias para grelhar frango em 5kg<\/h3>\n<p><!--more--><\/p>\n<p class=\"\" data-start=\"253\" data-end=\"613\">Quer seja um profissional de restaura\u00e7\u00e3o, um fornecedor de refei\u00e7\u00f5es ou um entusiasta da cozinha, esta <strong>mistura<\/strong> especial <strong data-start=\"379\" data-end=\"387\">de<\/strong> <strong>especiarias<\/strong> <strong data-start=\"379\" data-end=\"387\">de 5 kg<\/strong> para <strong data-start=\"352\" data-end=\"368\">frango grelhado<\/strong> foi concebida a pensar em si. Combina subtilmente especiarias suaves, ervas arom\u00e1ticas e notas ligeiramente fumadas para real\u00e7ar o sabor do frango, dando-lhe uma cor dourada apetitosa ap\u00f3s a cozedura. Este produto \u00e9 ideal para grandes quantidades e produ\u00e7\u00e3o em massa. O seu sabor equilibrado torna-o ideal para assar, grelhar, fazer churrascos ou at\u00e9 plancha. Pode ser utilizado como marinada ou como tempero seco antes da cozedura. Apenas alguns gramas por quilo de carne s\u00e3o suficientes para transformar um simples frango assado num prato generoso e ricamente aromatizado.     <\/p>\n<p class=\"\" data-start=\"1013\" data-end=\"1309\">Embalado em <strong data-start=\"1028\" data-end=\"1044\">baldes de 5 kg<\/strong>, \u00e9 f\u00e1cil de armazenar e garante uma utiliza\u00e7\u00e3o econ\u00f3mica. \u00c9 isso que faz a diferen\u00e7a numa cozinha profissional: poupan\u00e7a de tempo, sabor consistente e satisfa\u00e7\u00e3o do cliente. <\/p>\n<p><!--more--><\/p>\n<div style=\"box-sizing: inherit; font-family: Roboto, sans-serif;\">\n<p><span style=\"color: #c79600; font-weight: bold;\">Composi\u00e7\u00e3o:<\/span> Sal \/ especiarias e ervas arom\u00e1ticas (pimentos doces, alho, curcuma, coentros, manjeric\u00e3o, feno-grego, alecrim, pimentos vermelhos, pimenta, pimenta picante, manjerona, aipo) \/ p\u00e3o ralado (farinha de trigo, sal, fermento), dextrose, glutamato monoss\u00f3dico (E-621).<\/p>\n<\/div>\n<p>&nbsp;<\/p>\n<p><!--more--><\/p>\n<div style=\"box-sizing: inherit; font-family: Roboto, sans-serif;\">\n<h4>As suas vantagens:<\/h4>\n<ul>\n<li>Sabor aut\u00eantico e gourmet, especialmente concebido para frango grelhado.<\/li>\n<li>Formato pr\u00e1tico de 5 kg para utiliza\u00e7\u00e3o intensiva em cozinhas profissionais.<\/li>\n<li>Uma mistura equilibrada de malagueta suave, alho, curcuma e especiarias suaves.<\/li>\n<li>Ideal para assar, cozer, grelhar ou marinar.<\/li>\n<\/ul>\n<p>&nbsp;<\/p>\n<\/div>\n<p><!--more--><\/p>\n<div style=\"box-sizing: inherit; font-family: Roboto, sans-serif;\">\n<h4>Outras informa\u00e7\u00f5es :<\/h4>\n<ul>\n<li><strong>Embalagem<\/strong>: balde de 5kg<\/li>\n<li><strong>Tipo<\/strong>: Frango grelhado<\/li>\n<\/ul>\n<p>&nbsp;<\/p>\n<\/div>\n<p><!--more--><\/p>\n<p>Encontre aqui as nossas especiarias para frango assado: <span style=\"color: #d12727;\"><a style=\"color: #d12727;\" href=\"https:\/\/www.csj-emballages.com\/es\/produit\/especias-pollo-asado-1051-5-kg\/\">10430<\/a><\/span><\/p>\n<div style=\"box-sizing: inherit; font-family: Roboto, sans-serif;\">\n<p>&nbsp;<\/p>\n<\/div>\n<p><!--more--><\/p>\n<div style=\"box-sizing: inherit; font-family: Roboto, sans-serif;\">\n<p><a href=\"https:\/\/www.csj-emballages.com\/pt-pt\/categorie-produit\/alimentacao-pt-pt\/especiarias\/mistura-de-especiarias\/galinhas\/\">Ver o resto da nossa gama de especiarias para frango<\/a><\/p>\n<\/div>\n","protected":false},"excerpt":{"rendered":"<p>Especiarias para frango grelhado Descri\u00e7\u00e3o das nossas especiarias para grelhar frango em 5kg<\/p>\n","protected":false},"featured_media":231355,"template":"","meta":{"_acf_changed":false},"product_brand":[],"product_cat":[1151,1447,1784,1786],"product_tag":[],"class_list":{"0":"post-18354","1":"product","2":"type-product","3":"status-publish","4":"has-post-thumbnail","6":"product_cat-alimentacao-pt-pt","7":"product_cat-especiarias","8":"product_cat-mistura-de-especiarias","9":"product_cat-galinhas","11":"first","12":"instock","13":"taxable","14":"shipping-taxable","15":"purchasable","16":"product-type-simple"},"acf":[],"yoast_head":"<!-- This site is optimized with the Yoast SEO Premium plugin v26.6 (Yoast SEO v26.6) - https:\/\/yoast.com\/wordpress\/plugins\/seo\/ -->\n<title>Especiarias Frango Grill 5kg<\/title>\n<meta name=\"description\" content=\"Mistura de especiarias para grelhador de frango 5kg. Ideal para profissionais. Sabor rico e cor dourada garantida. Formato econ\u00f3mico e pr\u00e1tico.\" \/>\n<meta name=\"robots\" content=\"index, follow, max-snippet:-1, max-image-preview:large, max-video-preview:-1\" \/>\n<link rel=\"canonical\" href=\"https:\/\/www.csj-emballages.com\/pt-pt\/produit\/temperos-para-frango-grelhado-3033-5-kg\/\" \/>\n<meta property=\"og:locale\" content=\"pt_PT\" \/>\n<meta property=\"og:type\" content=\"article\" \/>\n<meta property=\"og:title\" content=\"Temperos para frango grelhado 3033 5 kg\" \/>\n<meta property=\"og:description\" content=\"Mistura de especiarias para grelhador de frango 5kg. Ideal para profissionais. Sabor rico e cor dourada garantida. Formato econ\u00f3mico e pr\u00e1tico.\" \/>\n<meta property=\"og:url\" content=\"https:\/\/www.csj-emballages.com\/pt-pt\/produit\/temperos-para-frango-grelhado-3033-5-kg\/\" \/>\n<meta property=\"og:site_name\" content=\"CSJ Emballages\" \/>\n<meta property=\"article:publisher\" content=\"https:\/\/www.facebook.com\/csjemballages\" \/>\n<meta property=\"article:modified_time\" content=\"2026-04-29T00:10:46+00:00\" \/>\n<meta property=\"og:image\" content=\"https:\/\/www.csj-emballages.com\/wp-content\/uploads\/2024\/03\/Epices-poulet-grill.webp\" \/>\n\t<meta property=\"og:image:width\" content=\"800\" \/>\n\t<meta property=\"og:image:height\" content=\"800\" \/>\n\t<meta property=\"og:image:type\" content=\"image\/webp\" \/>\n<meta name=\"twitter:card\" content=\"summary_large_image\" \/>\n<meta name=\"twitter:label1\" content=\"Tempo estimado de leitura\" \/>\n\t<meta name=\"twitter:data1\" content=\"1 minuto\" \/>\n<script type=\"application\/ld+json\" class=\"yoast-schema-graph\">{\"@context\":\"https:\/\/schema.org\",\"@graph\":[{\"@type\":\"WebPage\",\"@id\":\"https:\/\/www.csj-emballages.com\/pt-pt\/produit\/temperos-para-frango-grelhado-3033-5-kg\/\",\"url\":\"https:\/\/www.csj-emballages.com\/pt-pt\/produit\/temperos-para-frango-grelhado-3033-5-kg\/\",\"name\":\"Especiarias Frango Grill 5kg\",\"isPartOf\":{\"@id\":\"https:\/\/www.csj-emballages.com\/pt-pt\/#website\"},\"primaryImageOfPage\":{\"@id\":\"https:\/\/www.csj-emballages.com\/pt-pt\/produit\/temperos-para-frango-grelhado-3033-5-kg\/#primaryimage\"},\"image\":{\"@id\":\"https:\/\/www.csj-emballages.com\/pt-pt\/produit\/temperos-para-frango-grelhado-3033-5-kg\/#primaryimage\"},\"thumbnailUrl\":\"https:\/\/www.csj-emballages.com\/wp-content\/uploads\/2024\/03\/Epices-poulet-grill.webp\",\"datePublished\":\"2024-03-01T15:59:35+00:00\",\"dateModified\":\"2026-04-29T00:10:46+00:00\",\"description\":\"Mistura de especiarias para grelhador de frango 5kg. Ideal para profissionais. Sabor rico e cor dourada garantida. Formato econ\u00f3mico e pr\u00e1tico.\",\"breadcrumb\":{\"@id\":\"https:\/\/www.csj-emballages.com\/pt-pt\/produit\/temperos-para-frango-grelhado-3033-5-kg\/#breadcrumb\"},\"inLanguage\":\"pt-PT\",\"potentialAction\":[{\"@type\":\"ReadAction\",\"target\":[\"https:\/\/www.csj-emballages.com\/pt-pt\/produit\/temperos-para-frango-grelhado-3033-5-kg\/\"]}]},{\"@type\":\"ImageObject\",\"inLanguage\":\"pt-PT\",\"@id\":\"https:\/\/www.csj-emballages.com\/pt-pt\/produit\/temperos-para-frango-grelhado-3033-5-kg\/#primaryimage\",\"url\":\"https:\/\/www.csj-emballages.com\/wp-content\/uploads\/2024\/03\/Epices-poulet-grill.webp\",\"contentUrl\":\"https:\/\/www.csj-emballages.com\/wp-content\/uploads\/2024\/03\/Epices-poulet-grill.webp\",\"width\":800,\"height\":800,\"caption\":\"\u00c9pices poulet grill\"},{\"@type\":\"BreadcrumbList\",\"@id\":\"https:\/\/www.csj-emballages.com\/pt-pt\/produit\/temperos-para-frango-grelhado-3033-5-kg\/#breadcrumb\",\"itemListElement\":[{\"@type\":\"ListItem\",\"position\":1,\"name\":\"Acolhimento\",\"item\":\"https:\/\/www.csj-emballages.com\/pt-pt\/universo-das-embalagens-alimentares\/\"},{\"@type\":\"ListItem\",\"position\":2,\"name\":\"Shop\",\"item\":\"https:\/\/www.csj-emballages.com\/shop\/\"},{\"@type\":\"ListItem\",\"position\":3,\"name\":\"Temperos para frango grelhado 3033 5 kg\"}]},{\"@type\":\"WebSite\",\"@id\":\"https:\/\/www.csj-emballages.com\/pt-pt\/#website\",\"url\":\"https:\/\/www.csj-emballages.com\/pt-pt\/\",\"name\":\"CSJ Emballages\",\"description\":\"\",\"publisher\":{\"@id\":\"https:\/\/www.csj-emballages.com\/pt-pt\/#organization\"},\"potentialAction\":[{\"@type\":\"SearchAction\",\"target\":{\"@type\":\"EntryPoint\",\"urlTemplate\":\"https:\/\/www.csj-emballages.com\/pt-pt\/?s={search_term_string}\"},\"query-input\":{\"@type\":\"PropertyValueSpecification\",\"valueRequired\":true,\"valueName\":\"search_term_string\"}}],\"inLanguage\":\"pt-PT\"},{\"@type\":\"Organization\",\"@id\":\"https:\/\/www.csj-emballages.com\/pt-pt\/#Organization\/\",\"name\":\"CSJ Emballages\",\"url\":\"https:\/\/www.csj-emballages.com\/pt-pt\/\",\"logo\":{\"@type\":\"ImageObject\",\"inLanguage\":\"pt-PT\",\"@id\":\"https:\/\/www.csj-emballages.com\/pt-pt\/#\/schema\/logo\/image\/\",\"url\":\"https:\/\/www.csj-emballages.com\/wp-content\/uploads\/2023\/10\/logo_csj.webp\",\"contentUrl\":\"https:\/\/www.csj-emballages.com\/wp-content\/uploads\/2023\/10\/logo_csj.webp\",\"width\":250,\"height\":95,\"caption\":\"CSJ Emballages\"},\"image\":{\"@id\":\"https:\/\/www.csj-emballages.com\/pt-pt\/#\/schema\/logo\/image\/\"},\"sameAs\":[\"https:\/\/www.facebook.com\/csjemballages\"],\"address\":{\"@type\":\"PostalAddress\",\"streetAddress\":\"ZI La Lechere\",\"addressLocality\":\"Patornay\",\"postalCode\":\"39130\",\"addressCountry\":\"FR\"},\"contactPoint\":[{\"@type\":\"ContactPoint\",\"contactType\":\"Service client\",\"telephone\":\"0384254272\",\"email\":\"contact@csj-emballages.com\"}]}]}<\/script>\n<!-- \/ Yoast SEO Premium plugin. -->","yoast_head_json":{"title":"Especiarias Frango Grill 5kg","description":"Mistura de especiarias para grelhador de frango 5kg. Ideal para profissionais. Sabor rico e cor dourada garantida. Formato econ\u00f3mico e pr\u00e1tico.","robots":{"index":"index","follow":"follow","max-snippet":"max-snippet:-1","max-image-preview":"max-image-preview:large","max-video-preview":"max-video-preview:-1"},"canonical":"https:\/\/www.csj-emballages.com\/pt-pt\/produit\/temperos-para-frango-grelhado-3033-5-kg\/","og_locale":"pt_PT","og_type":"article","og_title":"Temperos para frango grelhado 3033 5 kg","og_description":"Mistura de especiarias para grelhador de frango 5kg. Ideal para profissionais. Sabor rico e cor dourada garantida. Formato econ\u00f3mico e pr\u00e1tico.","og_url":"https:\/\/www.csj-emballages.com\/pt-pt\/produit\/temperos-para-frango-grelhado-3033-5-kg\/","og_site_name":"CSJ Emballages","article_publisher":"https:\/\/www.facebook.com\/csjemballages","article_modified_time":"2026-04-29T00:10:46+00:00","og_image":[{"width":800,"height":800,"url":"https:\/\/www.csj-emballages.com\/wp-content\/uploads\/2024\/03\/Epices-poulet-grill.webp","type":"image\/webp"}],"twitter_card":"summary_large_image","twitter_misc":{"Tempo estimado de leitura":"1 minuto"},"schema":{"@context":"https:\/\/schema.org","@graph":[{"@type":"WebPage","@id":"https:\/\/www.csj-emballages.com\/pt-pt\/produit\/temperos-para-frango-grelhado-3033-5-kg\/","url":"https:\/\/www.csj-emballages.com\/pt-pt\/produit\/temperos-para-frango-grelhado-3033-5-kg\/","name":"Especiarias Frango Grill 5kg","isPartOf":{"@id":"https:\/\/www.csj-emballages.com\/pt-pt\/#website"},"primaryImageOfPage":{"@id":"https:\/\/www.csj-emballages.com\/pt-pt\/produit\/temperos-para-frango-grelhado-3033-5-kg\/#primaryimage"},"image":{"@id":"https:\/\/www.csj-emballages.com\/pt-pt\/produit\/temperos-para-frango-grelhado-3033-5-kg\/#primaryimage"},"thumbnailUrl":"https:\/\/www.csj-emballages.com\/wp-content\/uploads\/2024\/03\/Epices-poulet-grill.webp","datePublished":"2024-03-01T15:59:35+00:00","dateModified":"2026-04-29T00:10:46+00:00","description":"Mistura de especiarias para grelhador de frango 5kg. Ideal para profissionais. Sabor rico e cor dourada garantida. Formato econ\u00f3mico e pr\u00e1tico.","breadcrumb":{"@id":"https:\/\/www.csj-emballages.com\/pt-pt\/produit\/temperos-para-frango-grelhado-3033-5-kg\/#breadcrumb"},"inLanguage":"pt-PT","potentialAction":[{"@type":"ReadAction","target":["https:\/\/www.csj-emballages.com\/pt-pt\/produit\/temperos-para-frango-grelhado-3033-5-kg\/"]}]},{"@type":"ImageObject","inLanguage":"pt-PT","@id":"https:\/\/www.csj-emballages.com\/pt-pt\/produit\/temperos-para-frango-grelhado-3033-5-kg\/#primaryimage","url":"https:\/\/www.csj-emballages.com\/wp-content\/uploads\/2024\/03\/Epices-poulet-grill.webp","contentUrl":"https:\/\/www.csj-emballages.com\/wp-content\/uploads\/2024\/03\/Epices-poulet-grill.webp","width":800,"height":800,"caption":"\u00c9pices poulet grill"},{"@type":"BreadcrumbList","@id":"https:\/\/www.csj-emballages.com\/pt-pt\/produit\/temperos-para-frango-grelhado-3033-5-kg\/#breadcrumb","itemListElement":[{"@type":"ListItem","position":1,"name":"Acolhimento","item":"https:\/\/www.csj-emballages.com\/pt-pt\/universo-das-embalagens-alimentares\/"},{"@type":"ListItem","position":2,"name":"Shop","item":"https:\/\/www.csj-emballages.com\/shop\/"},{"@type":"ListItem","position":3,"name":"Temperos para frango grelhado 3033 5 kg"}]},{"@type":"WebSite","@id":"https:\/\/www.csj-emballages.com\/pt-pt\/#website","url":"https:\/\/www.csj-emballages.com\/pt-pt\/","name":"CSJ Emballages","description":"","publisher":{"@id":"https:\/\/www.csj-emballages.com\/pt-pt\/#organization"},"potentialAction":[{"@type":"SearchAction","target":{"@type":"EntryPoint","urlTemplate":"https:\/\/www.csj-emballages.com\/pt-pt\/?s={search_term_string}"},"query-input":{"@type":"PropertyValueSpecification","valueRequired":true,"valueName":"search_term_string"}}],"inLanguage":"pt-PT"},{"@type":"Organization","@id":"https:\/\/www.csj-emballages.com\/pt-pt\/#Organization\/","name":"CSJ Emballages","url":"https:\/\/www.csj-emballages.com\/pt-pt\/","logo":{"@type":"ImageObject","inLanguage":"pt-PT","@id":"https:\/\/www.csj-emballages.com\/pt-pt\/#\/schema\/logo\/image\/","url":"https:\/\/www.csj-emballages.com\/wp-content\/uploads\/2023\/10\/logo_csj.webp","contentUrl":"https:\/\/www.csj-emballages.com\/wp-content\/uploads\/2023\/10\/logo_csj.webp","width":250,"height":95,"caption":"CSJ Emballages"},"image":{"@id":"https:\/\/www.csj-emballages.com\/pt-pt\/#\/schema\/logo\/image\/"},"sameAs":["https:\/\/www.facebook.com\/csjemballages"],"address":{"@type":"PostalAddress","streetAddress":"ZI La Lechere","addressLocality":"Patornay","postalCode":"39130","addressCountry":"FR"},"contactPoint":[{"@type":"ContactPoint","contactType":"Service client","telephone":"0384254272","email":"contact@csj-emballages.com"}]}]}},"df_price":37.34,"df_sale_price":"","df_regular_price":37.34,"df_image_link":"https:\/\/www.csj-emballages.com\/wp-content\/uploads\/2024\/03\/Epices-poulet-grill-300x300.webp","tiered_pricing_type":"fixed","tiered_pricing_fixed_rules":[],"tiered_pricing_percentage_rules":[],"tiered_pricing_minimum":1,"tiered_pricing_roles_data":[],"_links":{"self":[{"href":"https:\/\/www.csj-emballages.com\/pt-pt\/wp-json\/wp\/v2\/product\/18354","targetHints":{"allow":["GET"]}}],"collection":[{"href":"https:\/\/www.csj-emballages.com\/pt-pt\/wp-json\/wp\/v2\/product"}],"about":[{"href":"https:\/\/www.csj-emballages.com\/pt-pt\/wp-json\/wp\/v2\/types\/product"}],"wp:featuredmedia":[{"embeddable":true,"href":"https:\/\/www.csj-emballages.com\/pt-pt\/wp-json\/wp\/v2\/media\/231355"}],"wp:attachment":[{"href":"https:\/\/www.csj-emballages.com\/pt-pt\/wp-json\/wp\/v2\/media?parent=18354"}],"wp:term":[{"taxonomy":"product_brand","embeddable":true,"href":"https:\/\/www.csj-emballages.com\/pt-pt\/wp-json\/wp\/v2\/product_brand?post=18354"},{"taxonomy":"product_cat","embeddable":true,"href":"https:\/\/www.csj-emballages.com\/pt-pt\/wp-json\/wp\/v2\/product_cat?post=18354"},{"taxonomy":"product_tag","embeddable":true,"href":"https:\/\/www.csj-emballages.com\/pt-pt\/wp-json\/wp\/v2\/product_tag?post=18354"}],"curies":[{"name":"wp","href":"https:\/\/api.w.org\/{rel}","templated":true}]}}