{"id":18345,"date":"2024-03-01T16:59:39","date_gmt":"2024-03-01T15:59:39","guid":{"rendered":"https:\/\/u15jnbdpoq.preview.infomaniak.website\/produit\/especiarias-sem-gluten-sem-lactose-salsicha-fresca-5-kg\/"},"modified":"2026-04-29T02:10:45","modified_gmt":"2026-04-29T00:10:45","slug":"especiarias-sem-gluten-sem-lactose-salsicha-fresca-5-kg","status":"publish","type":"product","link":"https:\/\/www.csj-emballages.com\/pt-pt\/produit\/especiarias-sem-gluten-sem-lactose-salsicha-fresca-5-kg\/","title":{"rendered":"Especiarias para salsicha fresca sem gl\u00faten \/ sem lactose em 5kg"},"content":{"rendered":"<h2 class=\"p1\">Especiarias para salsicha sem gl\u00faten \/ sem lactose<\/h2>\n<hr>\n<h3>Descri\u00e7\u00e3o das nossas especiarias para salsicha fresca sem gl\u00faten \/ sem lactose<span class=\"Apple-converted-space\"> <\/span>em 5kg<\/h3>\n<p><!--more--><\/p>\n<p data-start=\"307\" data-end=\"657\">Quer seja um talhante artesanal, charcuteiro-catering ou simplesmente um entusiasta da produ\u00e7\u00e3o de <strong>salsichas<\/strong> caseiras, esta <strong>mistura de especiarias<\/strong> <strong>para salsicha fresca sem gl\u00faten \/ sem lactose em 5kg<\/strong> foi pensada para si. Pronta a usar, foi cuidadosamente formulada para real\u00e7ar as suas <strong>salsichas frescas<\/strong>, respeitando as exig\u00eancias modernas: <strong data-start=\"599\" data-end=\"628\">sem gl\u00faten, sem lactose<\/strong>, sem comprometer o sabor. <\/p>\n<p data-start=\"659\" data-end=\"997\">Neste <strong>balde<\/strong> <strong>de 5 kg<\/strong>, encontrar\u00e1 uma <strong data-start=\"699\" data-end=\"732\">mistura equilibrada e potente<\/strong>, que associa os sabores cl\u00e1ssicos da charcutaria tradicional a um toque de autenticidade. A dosagem \u00e9 simples, constante, e garante-lhe uma produ\u00e7\u00e3o regular com uma bela colora\u00e7\u00e3o natural, um sabor bem marcado e uma textura agrad\u00e1vel na boca. <\/p>\n<p data-start=\"999\" data-end=\"1254\">Esta mistura adapta-se tanto a receitas cl\u00e1ssicas como a cria\u00e7\u00f5es mais originais. O seu formato generoso \u00e9 ideal para produ\u00e7\u00f5es em s\u00e9rie ou prepara\u00e7\u00f5es para eventos. \u00c9 perfeitamente sol\u00favel na carne e n\u00e3o deixa res\u00edduos.  <\/p>\n<p data-start=\"1256\" data-end=\"1418\">Uma poupan\u00e7a de tempo, seguran\u00e7a alimentar refor\u00e7ada e, acima de tudo, um verdadeiro prazer gustativo para os seus clientes, incluindo os mais sens\u00edveis a <strong>alerg\u00e9nios<\/strong>!<\/p>\n<p data-start=\"1249\" data-end=\"1546\"><!--more--><\/p>\n<p data-start=\"1249\" data-end=\"1546\"><span style=\"font-weight: bold;\">Dosagem:<\/span> 33 g por kg de carne picada<\/p>\n<p><!--more--><\/p>\n<div style=\"font-family: Roboto, sans-serif;\">\n<p><span style=\"color: #c79600; font-weight: bold;\">Composi\u00e7\u00e3o:<\/span> Sal \/ a\u00e7\u00facares (xarope de glicose, dextrose, sacarose) \/ acetato de s\u00f3dio E-262 (8,45% expresso em \u00e1cido l\u00e1ctico) \/ especiarias \/ \u00e1cido c\u00edtrico E-330 (6%) \/ Aroma \/ ascorbato de s\u00f3dio<\/p>\n<\/div>\n<p>&nbsp;<\/p>\n<p><!--more--><\/p>\n<p><strong><span style=\"color: #ff0000;\">Data de validade (DLUO) 04\/2025<\/span><\/strong><\/p>\n<p>&nbsp;<\/p>\n<p><!--more--><\/p>\n<div style=\"font-family: Roboto, sans-serif;\">\n<h4>As suas vantagens:<\/h4>\n<ul>\n<li><strong>Sem gl\u00faten, sem lactose<\/strong>: ideal para uma clientela com regimes alimentares espec\u00edficos.<\/li>\n<li><strong>Pronto a usar<\/strong>: poupan\u00e7a de tempo no dia a dia.<\/li>\n<li><strong>Sabores equilibrados<\/strong>: sabor aut\u00eantico garantido.<\/li>\n<li>F\u00e1cil de usar e dosear.<\/li>\n<li><strong>Formato econ\u00f3mico<\/strong>: balde de 5 kg para produ\u00e7\u00e3o intensiva.<\/li>\n<\/ul>\n<p>&nbsp;<\/p>\n<\/div>\n<p><!--more--><\/p>\n<div style=\"font-family: Roboto, sans-serif;\">\n<h4>Outras informa\u00e7\u00f5es :<\/h4>\n<ul>\n<li><strong>Embalagem<\/strong>: balde de 5kg<\/li>\n<li><strong>Tipo<\/strong>: Salsichas frescas sem gl\u00faten \/ sem lactose<\/li>\n<\/ul>\n<p>&nbsp;<\/p>\n<\/div>\n<p><!--more--><\/p>\n<h4>Encontre aqui todas as nossas especiarias para salsicha:<\/h4>\n<ul>\n<li><span style=\"color: #d12727;\"><a style=\"color: #d12727;\" href=\"https:\/\/www.csj-emballages.com\/pt-pt\/produit\/especiarias-salsicha-de-carne-com-ervas-5-kg\/\">Especiarias para salsicha de carne com ervas<\/a><\/span><\/li>\n<li><span style=\"color: #d12727;\"><a style=\"color: #d12727;\" href=\"https:\/\/www.csj-emballages.com\/produit\/epices-saucisse-fraiche-campagnarde-sans-gluten-5-kg\/\">Especiarias para salsicha campestre (sem gl\u00faten)<\/a><\/span><\/li>\n<li><span style=\"color: #d12727;\"><a style=\"color: #d12727;\" href=\"https:\/\/www.csj-emballages.com\/pt-pt\/produit\/especiarias-para-salsichas-com-malagueta-espelette-2-kg\/\">Especiarias para salsicha piment\u00e3o d&#8217;Espelette<\/a><\/span><\/li>\n<li><span style=\"color: #d12727;\"><a style=\"color: #d12727;\" href=\"https:\/\/www.csj-emballages.com\/produit\/epices-saucisse-francfort-2-kg\/\">Especiarias para salsicha de Estrasburgo<\/a><\/span><\/li>\n<li><span style=\"color: #d12727;\"><a style=\"color: #d12727;\" href=\"https:\/\/www.csj-emballages.com\/pt-pt\/produit\/especiarias-para-salsichas-azuis-5-kg\/\">Especiarias para salsicha com queijo azul<\/a><\/span><\/li>\n<\/ul>\n<div style=\"font-family: Roboto, sans-serif;\">\n<p>&nbsp;<\/p>\n<\/div>\n<p><!--more--><\/p>\n<div style=\"font-family: Roboto, sans-serif;\">\n<p><a href=\"https:\/\/www.csj-emballages.com\/pt-pt\/categorie-produit\/alimentacao-pt-pt\/especiarias\/mistura-de-especiarias\/merguez-salsichas-chouricos\/\">Consulte o resto da nossa gama de especiarias para salsichas \/ merguez \/ chouri\u00e7os<\/a><\/p>\n<\/div>\n","protected":false},"excerpt":{"rendered":"<p>Especiarias para salsicha sem gl\u00faten \/ sem lactose Descri\u00e7\u00e3o das nossas especiarias para salsicha fresca sem gl\u00faten \/ sem lactose em 5kg<\/p>\n","protected":false},"featured_media":231442,"template":"","meta":{"_acf_changed":false},"product_brand":[],"product_cat":[1141,10242,1151,1447,1784,1848],"product_tag":[],"class_list":{"0":"post-18345","1":"product","2":"type-product","3":"status-publish","4":"has-post-thumbnail","6":"product_cat-embalagem-de-alimentos","7":"product_cat-anti-desperdicio","8":"product_cat-alimentacao-pt-pt","9":"product_cat-especiarias","10":"product_cat-mistura-de-especiarias","11":"product_cat-merguez-salsichas-chouricos","13":"first","14":"instock","15":"sale","16":"taxable","17":"shipping-taxable","18":"purchasable","19":"product-type-simple"},"acf":[],"yoast_head":"<!-- This site is optimized with the Yoast SEO Premium plugin v26.6 (Yoast SEO v26.6) - https:\/\/yoast.com\/wordpress\/plugins\/seo\/ -->\n<title>Especiarias Salsicha sem Gl\u00faten \/ sem Lactose Fresca em 5kg<\/title>\n<meta name=\"description\" content=\"Especiarias para salsicha fresca sem gl\u00faten \/ sem lactose \u2013 balde de 5 kg. Mistura pronta a usar com sabor aut\u00eantico, ideal para profissionais e entusiastas de charcutaria.\" \/>\n<meta name=\"robots\" content=\"index, follow, max-snippet:-1, max-image-preview:large, max-video-preview:-1\" \/>\n<link rel=\"canonical\" href=\"https:\/\/www.csj-emballages.com\/pt-pt\/produit\/especiarias-sem-gluten-sem-lactose-salsicha-fresca-5-kg\/\" \/>\n<meta property=\"og:locale\" content=\"pt_PT\" \/>\n<meta property=\"og:type\" content=\"article\" \/>\n<meta property=\"og:title\" content=\"Especiarias para salsicha fresca sem gl\u00faten \/ sem lactose em 5kg\" \/>\n<meta property=\"og:description\" content=\"Especiarias para salsicha fresca sem gl\u00faten \/ sem lactose \u2013 balde de 5 kg. Mistura pronta a usar com sabor aut\u00eantico, ideal para profissionais e entusiastas de charcutaria.\" \/>\n<meta property=\"og:url\" content=\"https:\/\/www.csj-emballages.com\/pt-pt\/produit\/especiarias-sem-gluten-sem-lactose-salsicha-fresca-5-kg\/\" \/>\n<meta property=\"og:site_name\" content=\"CSJ Emballages\" \/>\n<meta property=\"article:publisher\" content=\"https:\/\/www.facebook.com\/csjemballages\" \/>\n<meta property=\"article:modified_time\" content=\"2026-04-29T00:10:45+00:00\" \/>\n<meta property=\"og:image\" content=\"https:\/\/www.csj-emballages.com\/wp-content\/uploads\/2024\/03\/Epices-saucisse-sans-gluten-sans-lactose.webp\" \/>\n\t<meta property=\"og:image:width\" content=\"800\" \/>\n\t<meta property=\"og:image:height\" content=\"800\" \/>\n\t<meta property=\"og:image:type\" content=\"image\/webp\" \/>\n<meta name=\"twitter:card\" content=\"summary_large_image\" \/>\n<meta name=\"twitter:label1\" content=\"Tempo estimado de leitura\" \/>\n\t<meta name=\"twitter:data1\" content=\"2 minutos\" \/>\n<script type=\"application\/ld+json\" class=\"yoast-schema-graph\">{\"@context\":\"https:\/\/schema.org\",\"@graph\":[{\"@type\":\"WebPage\",\"@id\":\"https:\/\/www.csj-emballages.com\/pt-pt\/produit\/especiarias-sem-gluten-sem-lactose-salsicha-fresca-5-kg\/\",\"url\":\"https:\/\/www.csj-emballages.com\/pt-pt\/produit\/especiarias-sem-gluten-sem-lactose-salsicha-fresca-5-kg\/\",\"name\":\"Especiarias Salsicha sem Gl\u00faten \/ sem Lactose Fresca em 5kg\",\"isPartOf\":{\"@id\":\"https:\/\/www.csj-emballages.com\/pt-pt\/#website\"},\"primaryImageOfPage\":{\"@id\":\"https:\/\/www.csj-emballages.com\/pt-pt\/produit\/especiarias-sem-gluten-sem-lactose-salsicha-fresca-5-kg\/#primaryimage\"},\"image\":{\"@id\":\"https:\/\/www.csj-emballages.com\/pt-pt\/produit\/especiarias-sem-gluten-sem-lactose-salsicha-fresca-5-kg\/#primaryimage\"},\"thumbnailUrl\":\"https:\/\/www.csj-emballages.com\/wp-content\/uploads\/2024\/03\/Epices-saucisse-sans-gluten-sans-lactose.webp\",\"datePublished\":\"2024-03-01T15:59:39+00:00\",\"dateModified\":\"2026-04-29T00:10:45+00:00\",\"description\":\"Especiarias para salsicha fresca sem gl\u00faten \/ sem lactose \u2013 balde de 5 kg. Mistura pronta a usar com sabor aut\u00eantico, ideal para profissionais e entusiastas de charcutaria.\",\"breadcrumb\":{\"@id\":\"https:\/\/www.csj-emballages.com\/pt-pt\/produit\/especiarias-sem-gluten-sem-lactose-salsicha-fresca-5-kg\/#breadcrumb\"},\"inLanguage\":\"pt-PT\",\"potentialAction\":[{\"@type\":\"ReadAction\",\"target\":[\"https:\/\/www.csj-emballages.com\/pt-pt\/produit\/especiarias-sem-gluten-sem-lactose-salsicha-fresca-5-kg\/\"]}]},{\"@type\":\"ImageObject\",\"inLanguage\":\"pt-PT\",\"@id\":\"https:\/\/www.csj-emballages.com\/pt-pt\/produit\/especiarias-sem-gluten-sem-lactose-salsicha-fresca-5-kg\/#primaryimage\",\"url\":\"https:\/\/www.csj-emballages.com\/wp-content\/uploads\/2024\/03\/Epices-saucisse-sans-gluten-sans-lactose.webp\",\"contentUrl\":\"https:\/\/www.csj-emballages.com\/wp-content\/uploads\/2024\/03\/Epices-saucisse-sans-gluten-sans-lactose.webp\",\"width\":800,\"height\":800,\"caption\":\"\u00c9pices saucisse sans gluten \/ sans lactose\u00a0\"},{\"@type\":\"BreadcrumbList\",\"@id\":\"https:\/\/www.csj-emballages.com\/pt-pt\/produit\/especiarias-sem-gluten-sem-lactose-salsicha-fresca-5-kg\/#breadcrumb\",\"itemListElement\":[{\"@type\":\"ListItem\",\"position\":1,\"name\":\"Acolhimento\",\"item\":\"https:\/\/www.csj-emballages.com\/pt-pt\/universo-das-embalagens-alimentares\/\"},{\"@type\":\"ListItem\",\"position\":2,\"name\":\"Shop\",\"item\":\"https:\/\/www.csj-emballages.com\/shop\/\"},{\"@type\":\"ListItem\",\"position\":3,\"name\":\"Especiarias para salsicha fresca sem gl\u00faten \/ sem lactose em 5kg\"}]},{\"@type\":\"WebSite\",\"@id\":\"https:\/\/www.csj-emballages.com\/pt-pt\/#website\",\"url\":\"https:\/\/www.csj-emballages.com\/pt-pt\/\",\"name\":\"CSJ Emballages\",\"description\":\"\",\"publisher\":{\"@id\":\"https:\/\/www.csj-emballages.com\/pt-pt\/#organization\"},\"potentialAction\":[{\"@type\":\"SearchAction\",\"target\":{\"@type\":\"EntryPoint\",\"urlTemplate\":\"https:\/\/www.csj-emballages.com\/pt-pt\/?s={search_term_string}\"},\"query-input\":{\"@type\":\"PropertyValueSpecification\",\"valueRequired\":true,\"valueName\":\"search_term_string\"}}],\"inLanguage\":\"pt-PT\"},{\"@type\":\"Organization\",\"@id\":\"https:\/\/www.csj-emballages.com\/pt-pt\/#Organization\/\",\"name\":\"CSJ Emballages\",\"url\":\"https:\/\/www.csj-emballages.com\/pt-pt\/\",\"logo\":{\"@type\":\"ImageObject\",\"inLanguage\":\"pt-PT\",\"@id\":\"https:\/\/www.csj-emballages.com\/pt-pt\/#\/schema\/logo\/image\/\",\"url\":\"https:\/\/www.csj-emballages.com\/wp-content\/uploads\/2023\/10\/logo_csj.webp\",\"contentUrl\":\"https:\/\/www.csj-emballages.com\/wp-content\/uploads\/2023\/10\/logo_csj.webp\",\"width\":250,\"height\":95,\"caption\":\"CSJ Emballages\"},\"image\":{\"@id\":\"https:\/\/www.csj-emballages.com\/pt-pt\/#\/schema\/logo\/image\/\"},\"sameAs\":[\"https:\/\/www.facebook.com\/csjemballages\"],\"address\":{\"@type\":\"PostalAddress\",\"streetAddress\":\"ZI La Lechere\",\"addressLocality\":\"Patornay\",\"postalCode\":\"39130\",\"addressCountry\":\"FR\"},\"contactPoint\":[{\"@type\":\"ContactPoint\",\"contactType\":\"Service client\",\"telephone\":\"0384254272\",\"email\":\"contact@csj-emballages.com\"}]}]}<\/script>\n<!-- \/ Yoast SEO Premium plugin. -->","yoast_head_json":{"title":"Especiarias Salsicha sem Gl\u00faten \/ sem Lactose Fresca em 5kg","description":"Especiarias para salsicha fresca sem gl\u00faten \/ sem lactose \u2013 balde de 5 kg. Mistura pronta a usar com sabor aut\u00eantico, ideal para profissionais e entusiastas de charcutaria.","robots":{"index":"index","follow":"follow","max-snippet":"max-snippet:-1","max-image-preview":"max-image-preview:large","max-video-preview":"max-video-preview:-1"},"canonical":"https:\/\/www.csj-emballages.com\/pt-pt\/produit\/especiarias-sem-gluten-sem-lactose-salsicha-fresca-5-kg\/","og_locale":"pt_PT","og_type":"article","og_title":"Especiarias para salsicha fresca sem gl\u00faten \/ sem lactose em 5kg","og_description":"Especiarias para salsicha fresca sem gl\u00faten \/ sem lactose \u2013 balde de 5 kg. Mistura pronta a usar com sabor aut\u00eantico, ideal para profissionais e entusiastas de charcutaria.","og_url":"https:\/\/www.csj-emballages.com\/pt-pt\/produit\/especiarias-sem-gluten-sem-lactose-salsicha-fresca-5-kg\/","og_site_name":"CSJ Emballages","article_publisher":"https:\/\/www.facebook.com\/csjemballages","article_modified_time":"2026-04-29T00:10:45+00:00","og_image":[{"width":800,"height":800,"url":"https:\/\/www.csj-emballages.com\/wp-content\/uploads\/2024\/03\/Epices-saucisse-sans-gluten-sans-lactose.webp","type":"image\/webp"}],"twitter_card":"summary_large_image","twitter_misc":{"Tempo estimado de leitura":"2 minutos"},"schema":{"@context":"https:\/\/schema.org","@graph":[{"@type":"WebPage","@id":"https:\/\/www.csj-emballages.com\/pt-pt\/produit\/especiarias-sem-gluten-sem-lactose-salsicha-fresca-5-kg\/","url":"https:\/\/www.csj-emballages.com\/pt-pt\/produit\/especiarias-sem-gluten-sem-lactose-salsicha-fresca-5-kg\/","name":"Especiarias Salsicha sem Gl\u00faten \/ sem Lactose Fresca em 5kg","isPartOf":{"@id":"https:\/\/www.csj-emballages.com\/pt-pt\/#website"},"primaryImageOfPage":{"@id":"https:\/\/www.csj-emballages.com\/pt-pt\/produit\/especiarias-sem-gluten-sem-lactose-salsicha-fresca-5-kg\/#primaryimage"},"image":{"@id":"https:\/\/www.csj-emballages.com\/pt-pt\/produit\/especiarias-sem-gluten-sem-lactose-salsicha-fresca-5-kg\/#primaryimage"},"thumbnailUrl":"https:\/\/www.csj-emballages.com\/wp-content\/uploads\/2024\/03\/Epices-saucisse-sans-gluten-sans-lactose.webp","datePublished":"2024-03-01T15:59:39+00:00","dateModified":"2026-04-29T00:10:45+00:00","description":"Especiarias para salsicha fresca sem gl\u00faten \/ sem lactose \u2013 balde de 5 kg. Mistura pronta a usar com sabor aut\u00eantico, ideal para profissionais e entusiastas de charcutaria.","breadcrumb":{"@id":"https:\/\/www.csj-emballages.com\/pt-pt\/produit\/especiarias-sem-gluten-sem-lactose-salsicha-fresca-5-kg\/#breadcrumb"},"inLanguage":"pt-PT","potentialAction":[{"@type":"ReadAction","target":["https:\/\/www.csj-emballages.com\/pt-pt\/produit\/especiarias-sem-gluten-sem-lactose-salsicha-fresca-5-kg\/"]}]},{"@type":"ImageObject","inLanguage":"pt-PT","@id":"https:\/\/www.csj-emballages.com\/pt-pt\/produit\/especiarias-sem-gluten-sem-lactose-salsicha-fresca-5-kg\/#primaryimage","url":"https:\/\/www.csj-emballages.com\/wp-content\/uploads\/2024\/03\/Epices-saucisse-sans-gluten-sans-lactose.webp","contentUrl":"https:\/\/www.csj-emballages.com\/wp-content\/uploads\/2024\/03\/Epices-saucisse-sans-gluten-sans-lactose.webp","width":800,"height":800,"caption":"\u00c9pices saucisse sans gluten \/ sans lactose\u00a0"},{"@type":"BreadcrumbList","@id":"https:\/\/www.csj-emballages.com\/pt-pt\/produit\/especiarias-sem-gluten-sem-lactose-salsicha-fresca-5-kg\/#breadcrumb","itemListElement":[{"@type":"ListItem","position":1,"name":"Acolhimento","item":"https:\/\/www.csj-emballages.com\/pt-pt\/universo-das-embalagens-alimentares\/"},{"@type":"ListItem","position":2,"name":"Shop","item":"https:\/\/www.csj-emballages.com\/shop\/"},{"@type":"ListItem","position":3,"name":"Especiarias para salsicha fresca sem gl\u00faten \/ sem lactose em 5kg"}]},{"@type":"WebSite","@id":"https:\/\/www.csj-emballages.com\/pt-pt\/#website","url":"https:\/\/www.csj-emballages.com\/pt-pt\/","name":"CSJ Emballages","description":"","publisher":{"@id":"https:\/\/www.csj-emballages.com\/pt-pt\/#organization"},"potentialAction":[{"@type":"SearchAction","target":{"@type":"EntryPoint","urlTemplate":"https:\/\/www.csj-emballages.com\/pt-pt\/?s={search_term_string}"},"query-input":{"@type":"PropertyValueSpecification","valueRequired":true,"valueName":"search_term_string"}}],"inLanguage":"pt-PT"},{"@type":"Organization","@id":"https:\/\/www.csj-emballages.com\/pt-pt\/#Organization\/","name":"CSJ Emballages","url":"https:\/\/www.csj-emballages.com\/pt-pt\/","logo":{"@type":"ImageObject","inLanguage":"pt-PT","@id":"https:\/\/www.csj-emballages.com\/pt-pt\/#\/schema\/logo\/image\/","url":"https:\/\/www.csj-emballages.com\/wp-content\/uploads\/2023\/10\/logo_csj.webp","contentUrl":"https:\/\/www.csj-emballages.com\/wp-content\/uploads\/2023\/10\/logo_csj.webp","width":250,"height":95,"caption":"CSJ Emballages"},"image":{"@id":"https:\/\/www.csj-emballages.com\/pt-pt\/#\/schema\/logo\/image\/"},"sameAs":["https:\/\/www.facebook.com\/csjemballages"],"address":{"@type":"PostalAddress","streetAddress":"ZI La Lechere","addressLocality":"Patornay","postalCode":"39130","addressCountry":"FR"},"contactPoint":[{"@type":"ContactPoint","contactType":"Service client","telephone":"0384254272","email":"contact@csj-emballages.com"}]}]}},"df_price":26.43,"df_sale_price":26.43,"df_regular_price":37.76,"df_image_link":"https:\/\/www.csj-emballages.com\/wp-content\/uploads\/2024\/03\/Epices-saucisse-sans-gluten-sans-lactose-300x300.webp","tiered_pricing_type":"fixed","tiered_pricing_fixed_rules":[],"tiered_pricing_percentage_rules":[],"tiered_pricing_minimum":1,"tiered_pricing_roles_data":[],"_links":{"self":[{"href":"https:\/\/www.csj-emballages.com\/pt-pt\/wp-json\/wp\/v2\/product\/18345","targetHints":{"allow":["GET"]}}],"collection":[{"href":"https:\/\/www.csj-emballages.com\/pt-pt\/wp-json\/wp\/v2\/product"}],"about":[{"href":"https:\/\/www.csj-emballages.com\/pt-pt\/wp-json\/wp\/v2\/types\/product"}],"wp:featuredmedia":[{"embeddable":true,"href":"https:\/\/www.csj-emballages.com\/pt-pt\/wp-json\/wp\/v2\/media\/231442"}],"wp:attachment":[{"href":"https:\/\/www.csj-emballages.com\/pt-pt\/wp-json\/wp\/v2\/media?parent=18345"}],"wp:term":[{"taxonomy":"product_brand","embeddable":true,"href":"https:\/\/www.csj-emballages.com\/pt-pt\/wp-json\/wp\/v2\/product_brand?post=18345"},{"taxonomy":"product_cat","embeddable":true,"href":"https:\/\/www.csj-emballages.com\/pt-pt\/wp-json\/wp\/v2\/product_cat?post=18345"},{"taxonomy":"product_tag","embeddable":true,"href":"https:\/\/www.csj-emballages.com\/pt-pt\/wp-json\/wp\/v2\/product_tag?post=18345"}],"curies":[{"name":"wp","href":"https:\/\/api.w.org\/{rel}","templated":true}]}}