{"id":18343,"date":"2024-03-01T16:59:38","date_gmt":"2024-03-01T15:59:38","guid":{"rendered":"https:\/\/u15jnbdpoq.preview.infomaniak.website\/produit\/chourico-com-especiarias-5-kg\/"},"modified":"2026-03-20T02:10:19","modified_gmt":"2026-03-20T01:10:19","slug":"chourico-com-especiarias-5-kg","status":"publish","type":"product","link":"https:\/\/www.csj-emballages.com\/pt-pt\/produit\/chourico-com-especiarias-5-kg\/","title":{"rendered":"Especiarias para chouri\u00e7o 5kg"},"content":{"rendered":"<h2>Especiarias para chouri\u00e7o<\/h2>\n<hr>\n<h3>Descri\u00e7\u00e3o das nossas especiarias para chouri\u00e7o em 5kg<\/h3>\n<p><!--more--><\/p>\n<p class=\"\" data-start=\"141\" data-end=\"576\">D\u00ea car\u00e1cter \u00e0s suas prepara\u00e7\u00f5es com a nossa <strong data-start=\"191\" data-end=\"219\">mistura de especiarias para chouri\u00e7o<\/strong>, embalada em <strong data-start=\"236\" data-end=\"251\">baldes de 5 kg<\/strong>, especialmente concebida para profissionais de charcutaria, talhantes artesanais, fornecedores de refei\u00e7\u00f5es e oficinas de transforma\u00e7\u00e3o. Esta <strong>mistura de especiarias<\/strong> est\u00e1 perfeitamente equilibrada para reproduzir o aroma t\u00edpico e a cor quente do <strong>chouri\u00e7o espanhol<\/strong>: um sabor ligeiramente picante e fumado que \u00e9 terrivelmente delicioso. Este formato generoso \u00e9 ideal para a utiliza\u00e7\u00e3o em produ\u00e7\u00f5es artesanais ou semi-industriais. Foi concebido para poupar tempo e garantir a consist\u00eancia do sabor e da qualidade das suas receitas.   <\/p>\n<p class=\"\" data-start=\"959\" data-end=\"1172\">Pode ser utilizado tanto para prepara\u00e7\u00f5es cruas como cozinhadas e \u00e9 perfeito para utilizar nas suas receitas de <strong>chouri\u00e7o<\/strong> fresco, chouri\u00e7o cozido, chouri\u00e7o seco ou mesmo em refei\u00e7\u00f5es prontas para dar um saboroso toque ib\u00e9rico.<\/p>\n<p class=\"\" data-start=\"1174\" data-end=\"1421\">Este <strong data-start=\"236\" data-end=\"251\">balde<\/strong><strong> de 5 kg<\/strong> \u00e9 essencial para todas as suas cria\u00e7\u00f5es de carne de porco ou de aves, quer queira fazer um chouri\u00e7o tradicional ou revisitar os seus cl\u00e1ssicos.<\/p>\n<p data-start=\"1249\" data-end=\"1546\"><!--more--><\/p>\n<p data-start=\"1249\" data-end=\"1546\"><span style=\"font-weight: bold\">Dosagem:<\/span> 80 g por kg<\/p>\n<p><!--more--><\/p>\n<div style=\"font-family: Roboto, sans-serif\">\n<p><span style=\"color: #c79600;font-weight: bold\">Composi\u00e7\u00e3o :<\/span> especiarias \/ sal \/ a\u00e7\u00facares (lactose, sacarose) \/ E-450 (1,8%) \/ E-301 (0,35%) \/ E-252 (0,175%) \/ E-120<\/p>\n<\/div>\n<p>&nbsp;<\/p>\n<p><!--more--><\/p>\n<div style=\"font-family: Roboto, sans-serif\">\n<h4>As suas vantagens:<\/h4>\n<ul>\n<li>Mistura completa pronta a usar.<\/li>\n<li>Sabor t\u00edpico do chouri\u00e7o espanhol: fumado, picante e saboroso.<\/li>\n<li>Ideal para profissionais da produ\u00e7\u00e3o artesanal ou semi-industrial.<\/li>\n<li>Formato econ\u00f3mico de 5 kg.<\/li>\n<li>F\u00e1cil de medir para uma regularidade nas suas receitas.<\/li>\n<\/ul>\n<p>&nbsp;<\/p>\n<\/div>\n<p><!--more--><\/p>\n<div style=\"font-family: Roboto, sans-serif\">\n<h4>Outras informa\u00e7\u00f5es :<\/h4>\n<ul>\n<li><strong>Embalagem<\/strong>: balde de 5kg<\/li>\n<li><strong>Tipo<\/strong>: Chouri\u00e7o<\/li>\n<\/ul>\n<p>&nbsp;<\/p>\n<\/div>\n<p><!--more--><\/p>\n<p>Encontre aqui as nossas especiarias flamejantes para merguez: <span style=\"color: #d12727\"><a style=\"color: #d12727\" href=\"https:\/\/www.csj-emballages.com\/es\/produit\/especias-de-merguez-flambeadas-8-kg\/\">10480<\/a><\/span><\/p>\n<div style=\"font-family: Roboto, sans-serif\">\n<p>&nbsp;<\/p>\n<\/div>\n<p><!--more--><\/p>\n<div style=\"font-family: Roboto, sans-serif\">\n<p><a href=\"https:\/\/www.csj-emballages.com\/pt-pt\/categorie-produit\/alimentacao-pt-pt\/especiarias\/mistura-de-especiarias\/merguez-salsichas-chouricos\/\">Ver o resto da nossa gama de especiarias para salsichas \/ merguez \/ chouri\u00e7os<\/a><\/p>\n<\/div>\n","protected":false},"excerpt":{"rendered":"<p>Especiarias para chouri\u00e7o Descri\u00e7\u00e3o das nossas especiarias para chouri\u00e7o em 5kg<\/p>\n","protected":false},"featured_media":231383,"template":"","meta":{"_acf_changed":false},"product_brand":[],"product_cat":[1151,1447,1784,1848],"product_tag":[],"class_list":{"0":"post-18343","1":"product","2":"type-product","3":"status-publish","4":"has-post-thumbnail","6":"product_cat-alimentacao-pt-pt","7":"product_cat-especiarias","8":"product_cat-mistura-de-especiarias","9":"product_cat-merguez-salsichas-chouricos","11":"first","12":"instock","13":"taxable","14":"shipping-taxable","15":"purchasable","16":"product-type-simple"},"acf":[],"yoast_head":"<!-- This site is optimized with the Yoast SEO Premium plugin v26.6 (Yoast SEO v26.6) - https:\/\/yoast.com\/wordpress\/plugins\/seo\/ -->\n<title>Especiarias para Chouri\u00e7o 5kg<\/title>\n<meta name=\"description\" content=\"Mistura de especiarias para chouri\u00e7o de 5 kg - ideal para talhantes, catering e artes\u00e3os. Sabor picante e fumado t\u00edpico. Formato econ\u00f3mico e qualidade profissional.\" \/>\n<meta name=\"robots\" content=\"index, follow, max-snippet:-1, max-image-preview:large, max-video-preview:-1\" \/>\n<link rel=\"canonical\" href=\"https:\/\/www.csj-emballages.com\/pt-pt\/produit\/chourico-com-especiarias-5-kg\/\" \/>\n<meta property=\"og:locale\" content=\"pt_PT\" \/>\n<meta property=\"og:type\" content=\"article\" \/>\n<meta property=\"og:title\" content=\"Especiarias para chouri\u00e7o 5kg\" \/>\n<meta property=\"og:description\" content=\"Mistura de especiarias para chouri\u00e7o de 5 kg - ideal para talhantes, catering e artes\u00e3os. Sabor picante e fumado t\u00edpico. Formato econ\u00f3mico e qualidade profissional.\" \/>\n<meta property=\"og:url\" content=\"https:\/\/www.csj-emballages.com\/pt-pt\/produit\/chourico-com-especiarias-5-kg\/\" \/>\n<meta property=\"og:site_name\" content=\"CSJ Emballages\" \/>\n<meta property=\"article:publisher\" content=\"https:\/\/www.facebook.com\/csjemballages\" \/>\n<meta property=\"article:modified_time\" content=\"2026-03-20T01:10:19+00:00\" \/>\n<meta property=\"og:image\" content=\"https:\/\/www.csj-emballages.com\/wp-content\/uploads\/2024\/03\/Epices-chorizo.webp\" \/>\n\t<meta property=\"og:image:width\" content=\"800\" \/>\n\t<meta property=\"og:image:height\" content=\"800\" \/>\n\t<meta property=\"og:image:type\" content=\"image\/webp\" \/>\n<meta name=\"twitter:card\" content=\"summary_large_image\" \/>\n<meta name=\"twitter:label1\" content=\"Tempo estimado de leitura\" \/>\n\t<meta name=\"twitter:data1\" content=\"1 minuto\" \/>\n<script type=\"application\/ld+json\" class=\"yoast-schema-graph\">{\"@context\":\"https:\/\/schema.org\",\"@graph\":[{\"@type\":\"WebPage\",\"@id\":\"https:\/\/www.csj-emballages.com\/pt-pt\/produit\/chourico-com-especiarias-5-kg\/\",\"url\":\"https:\/\/www.csj-emballages.com\/pt-pt\/produit\/chourico-com-especiarias-5-kg\/\",\"name\":\"Especiarias para Chouri\u00e7o 5kg\",\"isPartOf\":{\"@id\":\"https:\/\/www.csj-emballages.com\/pt-pt\/#website\"},\"primaryImageOfPage\":{\"@id\":\"https:\/\/www.csj-emballages.com\/pt-pt\/produit\/chourico-com-especiarias-5-kg\/#primaryimage\"},\"image\":{\"@id\":\"https:\/\/www.csj-emballages.com\/pt-pt\/produit\/chourico-com-especiarias-5-kg\/#primaryimage\"},\"thumbnailUrl\":\"https:\/\/www.csj-emballages.com\/wp-content\/uploads\/2024\/03\/Epices-chorizo.webp\",\"datePublished\":\"2024-03-01T15:59:38+00:00\",\"dateModified\":\"2026-03-20T01:10:19+00:00\",\"description\":\"Mistura de especiarias para chouri\u00e7o de 5 kg - ideal para talhantes, catering e artes\u00e3os. Sabor picante e fumado t\u00edpico. Formato econ\u00f3mico e qualidade profissional.\",\"breadcrumb\":{\"@id\":\"https:\/\/www.csj-emballages.com\/pt-pt\/produit\/chourico-com-especiarias-5-kg\/#breadcrumb\"},\"inLanguage\":\"pt-PT\",\"potentialAction\":[{\"@type\":\"ReadAction\",\"target\":[\"https:\/\/www.csj-emballages.com\/pt-pt\/produit\/chourico-com-especiarias-5-kg\/\"]}]},{\"@type\":\"ImageObject\",\"inLanguage\":\"pt-PT\",\"@id\":\"https:\/\/www.csj-emballages.com\/pt-pt\/produit\/chourico-com-especiarias-5-kg\/#primaryimage\",\"url\":\"https:\/\/www.csj-emballages.com\/wp-content\/uploads\/2024\/03\/Epices-chorizo.webp\",\"contentUrl\":\"https:\/\/www.csj-emballages.com\/wp-content\/uploads\/2024\/03\/Epices-chorizo.webp\",\"width\":800,\"height\":800,\"caption\":\"\u00e9pices chorizo en 5kg\"},{\"@type\":\"BreadcrumbList\",\"@id\":\"https:\/\/www.csj-emballages.com\/pt-pt\/produit\/chourico-com-especiarias-5-kg\/#breadcrumb\",\"itemListElement\":[{\"@type\":\"ListItem\",\"position\":1,\"name\":\"Acolhimento\",\"item\":\"https:\/\/www.csj-emballages.com\/pt-pt\/universo-das-embalagens-alimentares\/\"},{\"@type\":\"ListItem\",\"position\":2,\"name\":\"Shop\",\"item\":\"https:\/\/www.csj-emballages.com\/shop\/\"},{\"@type\":\"ListItem\",\"position\":3,\"name\":\"Especiarias para chouri\u00e7o 5kg\"}]},{\"@type\":\"WebSite\",\"@id\":\"https:\/\/www.csj-emballages.com\/pt-pt\/#website\",\"url\":\"https:\/\/www.csj-emballages.com\/pt-pt\/\",\"name\":\"CSJ Emballages\",\"description\":\"\",\"publisher\":{\"@id\":\"https:\/\/www.csj-emballages.com\/pt-pt\/#organization\"},\"potentialAction\":[{\"@type\":\"SearchAction\",\"target\":{\"@type\":\"EntryPoint\",\"urlTemplate\":\"https:\/\/www.csj-emballages.com\/pt-pt\/?s={search_term_string}\"},\"query-input\":{\"@type\":\"PropertyValueSpecification\",\"valueRequired\":true,\"valueName\":\"search_term_string\"}}],\"inLanguage\":\"pt-PT\"},{\"@type\":\"Organization\",\"@id\":\"https:\/\/www.csj-emballages.com\/pt-pt\/#Organization\/\",\"name\":\"CSJ Emballages\",\"url\":\"https:\/\/www.csj-emballages.com\/pt-pt\/\",\"logo\":{\"@type\":\"ImageObject\",\"inLanguage\":\"pt-PT\",\"@id\":\"https:\/\/www.csj-emballages.com\/pt-pt\/#\/schema\/logo\/image\/\",\"url\":\"https:\/\/www.csj-emballages.com\/wp-content\/uploads\/2023\/10\/logo_csj.webp\",\"contentUrl\":\"https:\/\/www.csj-emballages.com\/wp-content\/uploads\/2023\/10\/logo_csj.webp\",\"width\":250,\"height\":95,\"caption\":\"CSJ Emballages\"},\"image\":{\"@id\":\"https:\/\/www.csj-emballages.com\/pt-pt\/#\/schema\/logo\/image\/\"},\"sameAs\":[\"https:\/\/www.facebook.com\/csjemballages\"],\"address\":{\"@type\":\"PostalAddress\",\"streetAddress\":\"ZI La Lechere\",\"addressLocality\":\"Patornay\",\"postalCode\":\"39130\",\"addressCountry\":\"FR\"},\"contactPoint\":[{\"@type\":\"ContactPoint\",\"contactType\":\"Service client\",\"telephone\":\"0384254272\",\"email\":\"contact@csj-emballages.com\"}]}]}<\/script>\n<!-- \/ Yoast SEO Premium plugin. -->","yoast_head_json":{"title":"Especiarias para Chouri\u00e7o 5kg","description":"Mistura de especiarias para chouri\u00e7o de 5 kg - ideal para talhantes, catering e artes\u00e3os. Sabor picante e fumado t\u00edpico. Formato econ\u00f3mico e qualidade profissional.","robots":{"index":"index","follow":"follow","max-snippet":"max-snippet:-1","max-image-preview":"max-image-preview:large","max-video-preview":"max-video-preview:-1"},"canonical":"https:\/\/www.csj-emballages.com\/pt-pt\/produit\/chourico-com-especiarias-5-kg\/","og_locale":"pt_PT","og_type":"article","og_title":"Especiarias para chouri\u00e7o 5kg","og_description":"Mistura de especiarias para chouri\u00e7o de 5 kg - ideal para talhantes, catering e artes\u00e3os. Sabor picante e fumado t\u00edpico. Formato econ\u00f3mico e qualidade profissional.","og_url":"https:\/\/www.csj-emballages.com\/pt-pt\/produit\/chourico-com-especiarias-5-kg\/","og_site_name":"CSJ Emballages","article_publisher":"https:\/\/www.facebook.com\/csjemballages","article_modified_time":"2026-03-20T01:10:19+00:00","og_image":[{"width":800,"height":800,"url":"https:\/\/www.csj-emballages.com\/wp-content\/uploads\/2024\/03\/Epices-chorizo.webp","type":"image\/webp"}],"twitter_card":"summary_large_image","twitter_misc":{"Tempo estimado de leitura":"1 minuto"},"schema":{"@context":"https:\/\/schema.org","@graph":[{"@type":"WebPage","@id":"https:\/\/www.csj-emballages.com\/pt-pt\/produit\/chourico-com-especiarias-5-kg\/","url":"https:\/\/www.csj-emballages.com\/pt-pt\/produit\/chourico-com-especiarias-5-kg\/","name":"Especiarias para Chouri\u00e7o 5kg","isPartOf":{"@id":"https:\/\/www.csj-emballages.com\/pt-pt\/#website"},"primaryImageOfPage":{"@id":"https:\/\/www.csj-emballages.com\/pt-pt\/produit\/chourico-com-especiarias-5-kg\/#primaryimage"},"image":{"@id":"https:\/\/www.csj-emballages.com\/pt-pt\/produit\/chourico-com-especiarias-5-kg\/#primaryimage"},"thumbnailUrl":"https:\/\/www.csj-emballages.com\/wp-content\/uploads\/2024\/03\/Epices-chorizo.webp","datePublished":"2024-03-01T15:59:38+00:00","dateModified":"2026-03-20T01:10:19+00:00","description":"Mistura de especiarias para chouri\u00e7o de 5 kg - ideal para talhantes, catering e artes\u00e3os. Sabor picante e fumado t\u00edpico. Formato econ\u00f3mico e qualidade profissional.","breadcrumb":{"@id":"https:\/\/www.csj-emballages.com\/pt-pt\/produit\/chourico-com-especiarias-5-kg\/#breadcrumb"},"inLanguage":"pt-PT","potentialAction":[{"@type":"ReadAction","target":["https:\/\/www.csj-emballages.com\/pt-pt\/produit\/chourico-com-especiarias-5-kg\/"]}]},{"@type":"ImageObject","inLanguage":"pt-PT","@id":"https:\/\/www.csj-emballages.com\/pt-pt\/produit\/chourico-com-especiarias-5-kg\/#primaryimage","url":"https:\/\/www.csj-emballages.com\/wp-content\/uploads\/2024\/03\/Epices-chorizo.webp","contentUrl":"https:\/\/www.csj-emballages.com\/wp-content\/uploads\/2024\/03\/Epices-chorizo.webp","width":800,"height":800,"caption":"\u00e9pices chorizo en 5kg"},{"@type":"BreadcrumbList","@id":"https:\/\/www.csj-emballages.com\/pt-pt\/produit\/chourico-com-especiarias-5-kg\/#breadcrumb","itemListElement":[{"@type":"ListItem","position":1,"name":"Acolhimento","item":"https:\/\/www.csj-emballages.com\/pt-pt\/universo-das-embalagens-alimentares\/"},{"@type":"ListItem","position":2,"name":"Shop","item":"https:\/\/www.csj-emballages.com\/shop\/"},{"@type":"ListItem","position":3,"name":"Especiarias para chouri\u00e7o 5kg"}]},{"@type":"WebSite","@id":"https:\/\/www.csj-emballages.com\/pt-pt\/#website","url":"https:\/\/www.csj-emballages.com\/pt-pt\/","name":"CSJ Emballages","description":"","publisher":{"@id":"https:\/\/www.csj-emballages.com\/pt-pt\/#organization"},"potentialAction":[{"@type":"SearchAction","target":{"@type":"EntryPoint","urlTemplate":"https:\/\/www.csj-emballages.com\/pt-pt\/?s={search_term_string}"},"query-input":{"@type":"PropertyValueSpecification","valueRequired":true,"valueName":"search_term_string"}}],"inLanguage":"pt-PT"},{"@type":"Organization","@id":"https:\/\/www.csj-emballages.com\/pt-pt\/#Organization\/","name":"CSJ Emballages","url":"https:\/\/www.csj-emballages.com\/pt-pt\/","logo":{"@type":"ImageObject","inLanguage":"pt-PT","@id":"https:\/\/www.csj-emballages.com\/pt-pt\/#\/schema\/logo\/image\/","url":"https:\/\/www.csj-emballages.com\/wp-content\/uploads\/2023\/10\/logo_csj.webp","contentUrl":"https:\/\/www.csj-emballages.com\/wp-content\/uploads\/2023\/10\/logo_csj.webp","width":250,"height":95,"caption":"CSJ Emballages"},"image":{"@id":"https:\/\/www.csj-emballages.com\/pt-pt\/#\/schema\/logo\/image\/"},"sameAs":["https:\/\/www.facebook.com\/csjemballages"],"address":{"@type":"PostalAddress","streetAddress":"ZI La Lechere","addressLocality":"Patornay","postalCode":"39130","addressCountry":"FR"},"contactPoint":[{"@type":"ContactPoint","contactType":"Service client","telephone":"0384254272","email":"contact@csj-emballages.com"}]}]}},"df_price":44.8,"df_sale_price":"","df_regular_price":44.8,"df_image_link":"https:\/\/www.csj-emballages.com\/wp-content\/uploads\/2024\/03\/Epices-chorizo-300x300.webp","tiered_pricing_type":"fixed","tiered_pricing_fixed_rules":[],"tiered_pricing_percentage_rules":[],"tiered_pricing_minimum":1,"tiered_pricing_roles_data":[],"_links":{"self":[{"href":"https:\/\/www.csj-emballages.com\/pt-pt\/wp-json\/wp\/v2\/product\/18343","targetHints":{"allow":["GET"]}}],"collection":[{"href":"https:\/\/www.csj-emballages.com\/pt-pt\/wp-json\/wp\/v2\/product"}],"about":[{"href":"https:\/\/www.csj-emballages.com\/pt-pt\/wp-json\/wp\/v2\/types\/product"}],"wp:featuredmedia":[{"embeddable":true,"href":"https:\/\/www.csj-emballages.com\/pt-pt\/wp-json\/wp\/v2\/media\/231383"}],"wp:attachment":[{"href":"https:\/\/www.csj-emballages.com\/pt-pt\/wp-json\/wp\/v2\/media?parent=18343"}],"wp:term":[{"taxonomy":"product_brand","embeddable":true,"href":"https:\/\/www.csj-emballages.com\/pt-pt\/wp-json\/wp\/v2\/product_brand?post=18343"},{"taxonomy":"product_cat","embeddable":true,"href":"https:\/\/www.csj-emballages.com\/pt-pt\/wp-json\/wp\/v2\/product_cat?post=18343"},{"taxonomy":"product_tag","embeddable":true,"href":"https:\/\/www.csj-emballages.com\/pt-pt\/wp-json\/wp\/v2\/product_tag?post=18343"}],"curies":[{"name":"wp","href":"https:\/\/api.w.org\/{rel}","templated":true}]}}