{"id":18340,"date":"2024-03-01T16:59:38","date_gmt":"2024-03-01T15:59:38","guid":{"rendered":"https:\/\/u15jnbdpoq.preview.infomaniak.website\/produit\/especiarias-flamejantes-para-merguez-8-kg\/"},"modified":"2026-05-12T02:10:35","modified_gmt":"2026-05-12T00:10:35","slug":"especiarias-flamejantes-para-merguez-8-kg","status":"publish","type":"product","link":"https:\/\/www.csj-emballages.com\/pt-pt\/produit\/especiarias-flamejantes-para-merguez-8-kg\/","title":{"rendered":"Especiarias Merguez flamboyant 8kg"},"content":{"rendered":"<h2>Especiarias de merguez em chamas<\/h2>\n<hr>\n<h3>Descri\u00e7\u00e3o das nossas especiarias merguez flamboyant em 8kg<\/h3>\n<p><!--more--><\/p>\n<p class=\"\" data-start=\"316\" data-end=\"559\">Quer seja um talhante profissional, um dono de restaurante ou um amante de carnes grelhadas aut\u00eanticas, esta mistura <strong>de especiarias flamejantes de merguez<\/strong> \u00e9 o seu melhor aliado para <strong>salsichas merguez<\/strong> caseiras que fazem uma declara\u00e7\u00e3o tanto em termos de sabor como de <strong>cor<\/strong>! Esta <strong>mistura de especiarias<\/strong> foi cuidadosamente elaborada para respeitar a tradi\u00e7\u00e3o e dar um toque \u00fanico.<\/p>\n<p class=\"\" data-start=\"866\" data-end=\"1255\">Concebido para uma utiliza\u00e7\u00e3o intensiva, o <strong data-start=\"926\" data-end=\"942\">balde de 8 kg<\/strong> \u00e9 ideal para profissionais ou para uma produ\u00e7\u00e3o artesanal de grande volume. O <strong>p\u00f3<\/strong> mistura-se perfeitamente com as suas carnes, assegurando uma distribui\u00e7\u00e3o homog\u00e9nea dos sabores. O resultado \u00e9 um <strong>merguez<\/strong> vermelho, saboroso, que n\u00e3o liberta \u00e1gua durante a cozedura e que agrada ao paladar desde a primeira dentada.  <\/p>\n<p class=\"\" data-start=\"1257\" data-end=\"1435\">Al\u00e9m disso, esta mistura \u00e9 adequada para diferentes tipos de carne e pode ser utilizada em receitas mais originais, como alm\u00f4ndegas picantes.<\/p>\n<p class=\"\" data-start=\"1437\" data-end=\"1535\">Em suma, \u00e9 um produto fi\u00e1vel, consistente e saboroso, para um merguez digno dos melhores grelhados de ver\u00e3o.<\/p>\n<p data-start=\"1249\" data-end=\"1546\"><!--more--><\/p>\n<p data-start=\"1249\" data-end=\"1546\"><span style=\"font-weight: bold\">Dosagem:<\/span> 75 g por kg de pasta de carne<\/p>\n<p><!--more--><\/p>\n<div style=\"font-family: Roboto, sans-serif\">\n<p><span style=\"color: #c79600;font-weight: bold\">Composi\u00e7\u00e3o: <\/span>Sal \/ especiarias e ervas arom\u00e1ticas \/ xarope de glucose \/ dextrose \/ beterraba em p\u00f3 E-162 \/ aromas naturais \/ \u00f3leo de girassol \/ acetato de s\u00f3dio E-262 (2,5%) \/ \u00e1cido asc\u00f3rbico E-300 (0,83%).<\/p>\n<\/div>\n<p>&nbsp;<\/p>\n<p><!--more--><\/p>\n<div style=\"font-family: Roboto, sans-serif\">\n<h4>As suas vantagens:<\/h4>\n<ul>\n<li>Uma mistura bem equilibrada com um sabor poderoso.<\/li>\n<li>Cor natural flamejante.<\/li>\n<li>A sua embalagem de 8 kg torna-a ideal para os profissionais.<\/li>\n<li>Perfeito para talhantes, fornecedores de refei\u00e7\u00f5es e restauradores.<\/li>\n<li>Compat\u00edvel com v\u00e1rios tipos de carne.<\/li>\n<\/ul>\n<p>&nbsp;<\/p>\n<\/div>\n<p><!--more--><\/p>\n<div style=\"font-family: Roboto, sans-serif\">\n<h4>Outras informa\u00e7\u00f5es :<\/h4>\n<ul>\n<li><strong>Embalagem<\/strong>: balde de 8kg<\/li>\n<li><strong>Tipo<\/strong>: Merguez flamejante<\/li>\n<\/ul>\n<p>&nbsp;<\/p>\n<\/div>\n<p><!--more--><\/p>\n<p>Encontre aqui as nossas especiarias completas para o tempero merguez : <span style=\"color: #d12727\"><a style=\"color: #d12727\" href=\"https:\/\/www.csj-emballages.com\/es\/produit\/especias-halal-merguez-18-kg\/\">10485<\/a><\/span><\/p>\n<div style=\"font-family: Roboto, sans-serif\">\n<p>&nbsp;<\/p>\n<\/div>\n<p><!--more--><\/p>\n<div style=\"font-family: Roboto, sans-serif\">\n<p><a href=\"https:\/\/www.csj-emballages.com\/pt-pt\/categorie-produit\/alimentacao-pt-pt\/especiarias\/mistura-de-especiarias\/merguez-salsichas-chouricos\/\">Ver o resto da nossa gama de especiarias para salsichas \/ merguez \/ chouri\u00e7os<\/a><\/p>\n<\/div>\n","protected":false},"excerpt":{"rendered":"<p>Especiarias de merguez em chamas Descri\u00e7\u00e3o das nossas especiarias merguez flamboyant em 8kg<\/p>\n","protected":false},"featured_media":231394,"template":"","meta":{"_acf_changed":false},"product_brand":[],"product_cat":[1151,1447,1784,1848],"product_tag":[],"class_list":{"0":"post-18340","1":"product","2":"type-product","3":"status-publish","4":"has-post-thumbnail","6":"product_cat-alimentacao-pt-pt","7":"product_cat-especiarias","8":"product_cat-mistura-de-especiarias","9":"product_cat-merguez-salsichas-chouricos","11":"first","12":"instock","13":"taxable","14":"shipping-taxable","15":"purchasable","16":"product-type-simple"},"acf":[],"yoast_head":"<!-- This site is optimized with the Yoast SEO Premium plugin v26.6 (Yoast SEO v26.6) - https:\/\/yoast.com\/wordpress\/plugins\/seo\/ -->\n<title>Especiarias Merguez Flamboyante 8kg<\/title>\n<meta name=\"description\" content=\"Mistura de especiarias Merguez flamboyant 8 kg: sabor aut\u00eantico, cor intensa, ideal para talhantes profissionais e fornecedores de refei\u00e7\u00f5es.\" \/>\n<meta name=\"robots\" content=\"index, follow, max-snippet:-1, max-image-preview:large, max-video-preview:-1\" \/>\n<link rel=\"canonical\" href=\"https:\/\/www.csj-emballages.com\/pt-pt\/produit\/especiarias-flamejantes-para-merguez-8-kg\/\" \/>\n<meta property=\"og:locale\" content=\"pt_PT\" \/>\n<meta property=\"og:type\" content=\"article\" \/>\n<meta property=\"og:title\" content=\"Especiarias Merguez flamboyant 8kg\" \/>\n<meta property=\"og:description\" content=\"Mistura de especiarias Merguez flamboyant 8 kg: sabor aut\u00eantico, cor intensa, ideal para talhantes profissionais e fornecedores de refei\u00e7\u00f5es.\" \/>\n<meta property=\"og:url\" content=\"https:\/\/www.csj-emballages.com\/pt-pt\/produit\/especiarias-flamejantes-para-merguez-8-kg\/\" \/>\n<meta property=\"og:site_name\" content=\"CSJ Emballages\" \/>\n<meta property=\"article:publisher\" content=\"https:\/\/www.facebook.com\/csjemballages\" \/>\n<meta property=\"article:modified_time\" content=\"2026-05-12T00:10:35+00:00\" \/>\n<meta property=\"og:image\" content=\"https:\/\/www.csj-emballages.com\/wp-content\/uploads\/2024\/03\/Merguez-flamnboyante-1.webp\" \/>\n\t<meta property=\"og:image:width\" content=\"800\" \/>\n\t<meta property=\"og:image:height\" content=\"800\" \/>\n\t<meta property=\"og:image:type\" content=\"image\/webp\" \/>\n<meta name=\"twitter:card\" content=\"summary_large_image\" \/>\n<meta name=\"twitter:label1\" content=\"Tempo estimado de leitura\" \/>\n\t<meta name=\"twitter:data1\" content=\"1 minuto\" \/>\n<script type=\"application\/ld+json\" class=\"yoast-schema-graph\">{\"@context\":\"https:\/\/schema.org\",\"@graph\":[{\"@type\":\"WebPage\",\"@id\":\"https:\/\/www.csj-emballages.com\/pt-pt\/produit\/especiarias-flamejantes-para-merguez-8-kg\/\",\"url\":\"https:\/\/www.csj-emballages.com\/pt-pt\/produit\/especiarias-flamejantes-para-merguez-8-kg\/\",\"name\":\"Especiarias Merguez Flamboyante 8kg\",\"isPartOf\":{\"@id\":\"https:\/\/www.csj-emballages.com\/pt-pt\/#website\"},\"primaryImageOfPage\":{\"@id\":\"https:\/\/www.csj-emballages.com\/pt-pt\/produit\/especiarias-flamejantes-para-merguez-8-kg\/#primaryimage\"},\"image\":{\"@id\":\"https:\/\/www.csj-emballages.com\/pt-pt\/produit\/especiarias-flamejantes-para-merguez-8-kg\/#primaryimage\"},\"thumbnailUrl\":\"https:\/\/www.csj-emballages.com\/wp-content\/uploads\/2024\/03\/Merguez-flamnboyante-1.webp\",\"datePublished\":\"2024-03-01T15:59:38+00:00\",\"dateModified\":\"2026-05-12T00:10:35+00:00\",\"description\":\"Mistura de especiarias Merguez flamboyant 8 kg: sabor aut\u00eantico, cor intensa, ideal para talhantes profissionais e fornecedores de refei\u00e7\u00f5es.\",\"breadcrumb\":{\"@id\":\"https:\/\/www.csj-emballages.com\/pt-pt\/produit\/especiarias-flamejantes-para-merguez-8-kg\/#breadcrumb\"},\"inLanguage\":\"pt-PT\",\"potentialAction\":[{\"@type\":\"ReadAction\",\"target\":[\"https:\/\/www.csj-emballages.com\/pt-pt\/produit\/especiarias-flamejantes-para-merguez-8-kg\/\"]}]},{\"@type\":\"ImageObject\",\"inLanguage\":\"pt-PT\",\"@id\":\"https:\/\/www.csj-emballages.com\/pt-pt\/produit\/especiarias-flamejantes-para-merguez-8-kg\/#primaryimage\",\"url\":\"https:\/\/www.csj-emballages.com\/wp-content\/uploads\/2024\/03\/Merguez-flamnboyante-1.webp\",\"contentUrl\":\"https:\/\/www.csj-emballages.com\/wp-content\/uploads\/2024\/03\/Merguez-flamnboyante-1.webp\",\"width\":800,\"height\":800,\"caption\":\"\u00c9pices merguez flamboyante\"},{\"@type\":\"BreadcrumbList\",\"@id\":\"https:\/\/www.csj-emballages.com\/pt-pt\/produit\/especiarias-flamejantes-para-merguez-8-kg\/#breadcrumb\",\"itemListElement\":[{\"@type\":\"ListItem\",\"position\":1,\"name\":\"Acolhimento\",\"item\":\"https:\/\/www.csj-emballages.com\/pt-pt\/universo-das-embalagens-alimentares\/\"},{\"@type\":\"ListItem\",\"position\":2,\"name\":\"Shop\",\"item\":\"https:\/\/www.csj-emballages.com\/shop\/\"},{\"@type\":\"ListItem\",\"position\":3,\"name\":\"Especiarias Merguez flamboyant 8kg\"}]},{\"@type\":\"WebSite\",\"@id\":\"https:\/\/www.csj-emballages.com\/pt-pt\/#website\",\"url\":\"https:\/\/www.csj-emballages.com\/pt-pt\/\",\"name\":\"CSJ Emballages\",\"description\":\"\",\"publisher\":{\"@id\":\"https:\/\/www.csj-emballages.com\/pt-pt\/#organization\"},\"potentialAction\":[{\"@type\":\"SearchAction\",\"target\":{\"@type\":\"EntryPoint\",\"urlTemplate\":\"https:\/\/www.csj-emballages.com\/pt-pt\/?s={search_term_string}\"},\"query-input\":{\"@type\":\"PropertyValueSpecification\",\"valueRequired\":true,\"valueName\":\"search_term_string\"}}],\"inLanguage\":\"pt-PT\"},{\"@type\":\"Organization\",\"@id\":\"https:\/\/www.csj-emballages.com\/pt-pt\/#Organization\/\",\"name\":\"CSJ Emballages\",\"url\":\"https:\/\/www.csj-emballages.com\/pt-pt\/\",\"logo\":{\"@type\":\"ImageObject\",\"inLanguage\":\"pt-PT\",\"@id\":\"https:\/\/www.csj-emballages.com\/pt-pt\/#\/schema\/logo\/image\/\",\"url\":\"https:\/\/www.csj-emballages.com\/wp-content\/uploads\/2023\/10\/logo_csj.webp\",\"contentUrl\":\"https:\/\/www.csj-emballages.com\/wp-content\/uploads\/2023\/10\/logo_csj.webp\",\"width\":250,\"height\":95,\"caption\":\"CSJ Emballages\"},\"image\":{\"@id\":\"https:\/\/www.csj-emballages.com\/pt-pt\/#\/schema\/logo\/image\/\"},\"sameAs\":[\"https:\/\/www.facebook.com\/csjemballages\"],\"address\":{\"@type\":\"PostalAddress\",\"streetAddress\":\"ZI La Lechere\",\"addressLocality\":\"Patornay\",\"postalCode\":\"39130\",\"addressCountry\":\"FR\"},\"contactPoint\":[{\"@type\":\"ContactPoint\",\"contactType\":\"Service client\",\"telephone\":\"0384254272\",\"email\":\"contact@csj-emballages.com\"}]}]}<\/script>\n<!-- \/ Yoast SEO Premium plugin. -->","yoast_head_json":{"title":"Especiarias Merguez Flamboyante 8kg","description":"Mistura de especiarias Merguez flamboyant 8 kg: sabor aut\u00eantico, cor intensa, ideal para talhantes profissionais e fornecedores de refei\u00e7\u00f5es.","robots":{"index":"index","follow":"follow","max-snippet":"max-snippet:-1","max-image-preview":"max-image-preview:large","max-video-preview":"max-video-preview:-1"},"canonical":"https:\/\/www.csj-emballages.com\/pt-pt\/produit\/especiarias-flamejantes-para-merguez-8-kg\/","og_locale":"pt_PT","og_type":"article","og_title":"Especiarias Merguez flamboyant 8kg","og_description":"Mistura de especiarias Merguez flamboyant 8 kg: sabor aut\u00eantico, cor intensa, ideal para talhantes profissionais e fornecedores de refei\u00e7\u00f5es.","og_url":"https:\/\/www.csj-emballages.com\/pt-pt\/produit\/especiarias-flamejantes-para-merguez-8-kg\/","og_site_name":"CSJ Emballages","article_publisher":"https:\/\/www.facebook.com\/csjemballages","article_modified_time":"2026-05-12T00:10:35+00:00","og_image":[{"width":800,"height":800,"url":"https:\/\/www.csj-emballages.com\/wp-content\/uploads\/2024\/03\/Merguez-flamnboyante-1.webp","type":"image\/webp"}],"twitter_card":"summary_large_image","twitter_misc":{"Tempo estimado de leitura":"1 minuto"},"schema":{"@context":"https:\/\/schema.org","@graph":[{"@type":"WebPage","@id":"https:\/\/www.csj-emballages.com\/pt-pt\/produit\/especiarias-flamejantes-para-merguez-8-kg\/","url":"https:\/\/www.csj-emballages.com\/pt-pt\/produit\/especiarias-flamejantes-para-merguez-8-kg\/","name":"Especiarias Merguez Flamboyante 8kg","isPartOf":{"@id":"https:\/\/www.csj-emballages.com\/pt-pt\/#website"},"primaryImageOfPage":{"@id":"https:\/\/www.csj-emballages.com\/pt-pt\/produit\/especiarias-flamejantes-para-merguez-8-kg\/#primaryimage"},"image":{"@id":"https:\/\/www.csj-emballages.com\/pt-pt\/produit\/especiarias-flamejantes-para-merguez-8-kg\/#primaryimage"},"thumbnailUrl":"https:\/\/www.csj-emballages.com\/wp-content\/uploads\/2024\/03\/Merguez-flamnboyante-1.webp","datePublished":"2024-03-01T15:59:38+00:00","dateModified":"2026-05-12T00:10:35+00:00","description":"Mistura de especiarias Merguez flamboyant 8 kg: sabor aut\u00eantico, cor intensa, ideal para talhantes profissionais e fornecedores de refei\u00e7\u00f5es.","breadcrumb":{"@id":"https:\/\/www.csj-emballages.com\/pt-pt\/produit\/especiarias-flamejantes-para-merguez-8-kg\/#breadcrumb"},"inLanguage":"pt-PT","potentialAction":[{"@type":"ReadAction","target":["https:\/\/www.csj-emballages.com\/pt-pt\/produit\/especiarias-flamejantes-para-merguez-8-kg\/"]}]},{"@type":"ImageObject","inLanguage":"pt-PT","@id":"https:\/\/www.csj-emballages.com\/pt-pt\/produit\/especiarias-flamejantes-para-merguez-8-kg\/#primaryimage","url":"https:\/\/www.csj-emballages.com\/wp-content\/uploads\/2024\/03\/Merguez-flamnboyante-1.webp","contentUrl":"https:\/\/www.csj-emballages.com\/wp-content\/uploads\/2024\/03\/Merguez-flamnboyante-1.webp","width":800,"height":800,"caption":"\u00c9pices merguez flamboyante"},{"@type":"BreadcrumbList","@id":"https:\/\/www.csj-emballages.com\/pt-pt\/produit\/especiarias-flamejantes-para-merguez-8-kg\/#breadcrumb","itemListElement":[{"@type":"ListItem","position":1,"name":"Acolhimento","item":"https:\/\/www.csj-emballages.com\/pt-pt\/universo-das-embalagens-alimentares\/"},{"@type":"ListItem","position":2,"name":"Shop","item":"https:\/\/www.csj-emballages.com\/shop\/"},{"@type":"ListItem","position":3,"name":"Especiarias Merguez flamboyant 8kg"}]},{"@type":"WebSite","@id":"https:\/\/www.csj-emballages.com\/pt-pt\/#website","url":"https:\/\/www.csj-emballages.com\/pt-pt\/","name":"CSJ Emballages","description":"","publisher":{"@id":"https:\/\/www.csj-emballages.com\/pt-pt\/#organization"},"potentialAction":[{"@type":"SearchAction","target":{"@type":"EntryPoint","urlTemplate":"https:\/\/www.csj-emballages.com\/pt-pt\/?s={search_term_string}"},"query-input":{"@type":"PropertyValueSpecification","valueRequired":true,"valueName":"search_term_string"}}],"inLanguage":"pt-PT"},{"@type":"Organization","@id":"https:\/\/www.csj-emballages.com\/pt-pt\/#Organization\/","name":"CSJ Emballages","url":"https:\/\/www.csj-emballages.com\/pt-pt\/","logo":{"@type":"ImageObject","inLanguage":"pt-PT","@id":"https:\/\/www.csj-emballages.com\/pt-pt\/#\/schema\/logo\/image\/","url":"https:\/\/www.csj-emballages.com\/wp-content\/uploads\/2023\/10\/logo_csj.webp","contentUrl":"https:\/\/www.csj-emballages.com\/wp-content\/uploads\/2023\/10\/logo_csj.webp","width":250,"height":95,"caption":"CSJ Emballages"},"image":{"@id":"https:\/\/www.csj-emballages.com\/pt-pt\/#\/schema\/logo\/image\/"},"sameAs":["https:\/\/www.facebook.com\/csjemballages"],"address":{"@type":"PostalAddress","streetAddress":"ZI La Lechere","addressLocality":"Patornay","postalCode":"39130","addressCountry":"FR"},"contactPoint":[{"@type":"ContactPoint","contactType":"Service client","telephone":"0384254272","email":"contact@csj-emballages.com"}]}]}},"df_price":59.95,"df_sale_price":"","df_regular_price":59.95,"df_image_link":"https:\/\/www.csj-emballages.com\/wp-content\/uploads\/2024\/03\/Merguez-flamnboyante-1-300x300.webp","tiered_pricing_type":"fixed","tiered_pricing_fixed_rules":[],"tiered_pricing_percentage_rules":[],"tiered_pricing_minimum":1,"tiered_pricing_roles_data":[],"_links":{"self":[{"href":"https:\/\/www.csj-emballages.com\/pt-pt\/wp-json\/wp\/v2\/product\/18340","targetHints":{"allow":["GET"]}}],"collection":[{"href":"https:\/\/www.csj-emballages.com\/pt-pt\/wp-json\/wp\/v2\/product"}],"about":[{"href":"https:\/\/www.csj-emballages.com\/pt-pt\/wp-json\/wp\/v2\/types\/product"}],"wp:featuredmedia":[{"embeddable":true,"href":"https:\/\/www.csj-emballages.com\/pt-pt\/wp-json\/wp\/v2\/media\/231394"}],"wp:attachment":[{"href":"https:\/\/www.csj-emballages.com\/pt-pt\/wp-json\/wp\/v2\/media?parent=18340"}],"wp:term":[{"taxonomy":"product_brand","embeddable":true,"href":"https:\/\/www.csj-emballages.com\/pt-pt\/wp-json\/wp\/v2\/product_brand?post=18340"},{"taxonomy":"product_cat","embeddable":true,"href":"https:\/\/www.csj-emballages.com\/pt-pt\/wp-json\/wp\/v2\/product_cat?post=18340"},{"taxonomy":"product_tag","embeddable":true,"href":"https:\/\/www.csj-emballages.com\/pt-pt\/wp-json\/wp\/v2\/product_tag?post=18340"}],"curies":[{"name":"wp","href":"https:\/\/api.w.org\/{rel}","templated":true}]}}