{"id":18319,"date":"2024-03-01T16:59:38","date_gmt":"2024-03-01T15:59:38","guid":{"rendered":"https:\/\/u15jnbdpoq.preview.infomaniak.website\/produit\/especiarias-para-salsichas-com-malagueta-espelette-2-kg\/"},"modified":"2026-03-12T16:02:44","modified_gmt":"2026-03-12T15:02:44","slug":"especiarias-para-salsichas-com-malagueta-espelette-2-kg","status":"publish","type":"product","link":"https:\/\/www.csj-emballages.com\/pt-pt\/produit\/especiarias-para-salsichas-com-malagueta-espelette-2-kg\/","title":{"rendered":"Especiarias para salsichas com malagueta Espelette 2kg"},"content":{"rendered":"<h2 class=\"p1\">Especiarias para salsichas com malagueta Espelette<\/h2>\n<hr>\n<h3>Descri\u00e7\u00e3o da nossa salsicha Espelette chilli 2kg<\/h3>\n<p><!--more--><\/p>\n<p class=\"\" data-start=\"262\" data-end=\"542\">Procura dar car\u00e1cter \u00e0s suas <strong>salsichas<\/strong> caseiras ou receitas tradicionais? Esta <strong>mistura de especiarias<\/strong> <strong data-start=\"381\" data-end=\"415\">para salsichas com malagueta Espelette<\/strong>, embalada em <strong>baldes de 2 kg<\/strong>, foi concebida para talhantes, fornecedores de refei\u00e7\u00f5es e conhecedores que procuram autenticidade. Elaborada a partir de ingredientes de qualidade, esta mistura cont\u00e9m a intensidade delicadamente frutada da verdadeira malagueta<strong> Espelette<\/strong>, equilibrada com outras <strong>especiarias<\/strong> cuidadosamente medidas para real\u00e7ar as suas carnes sem mascarar o seu sabor. A moagem \u00e9 fina, uniforme e perfeita para distribuir uniformemente a mistura. O resultado \u00e9 um produto consistente, est\u00e1vel e, acima de tudo, saboroso.    <\/p>\n<p class=\"\" data-start=\"943\" data-end=\"1327\">Basta seguir a dosagem recomendada para obter uma <strong>salsicha<\/strong> bem condimentada, nem demasiado forte nem demasiado suave, e que certamente agradar\u00e1 ao maior n\u00famero poss\u00edvel de pessoas. Quer esteja a grelhar ou a cozinhar <strong>salsichas<\/strong>, o resultado \u00e9 um verdadeiro toque do Sudoeste em cada dentada. <\/p>\n<p class=\"\" data-start=\"1329\" data-end=\"1516\">N\u00e3o \u00e9 um produto picante no sentido estrito da palavra, mas tem um car\u00e1cter forte. <strong>O Piment d&#8217;Espelette<\/strong> d\u00e1 mais sabor do que calor. Experimente-o no seu merguez, pat\u00e9s ou marinadas caseiras!  <\/p>\n<p data-start=\"1329\" data-end=\"1516\">\n<p data-start=\"1249\" data-end=\"1546\"><!--more--><\/p>\n<p data-start=\"1249\" data-end=\"1546\"><span style=\"font-weight: bold\">Dosagem:<\/span> 60 gr por quilo de mistura de carne<\/p>\n<p data-start=\"1249\" data-end=\"1546\">\n<p><!--more--><\/p>\n<div style=\"font-family: Roboto, sans-serif\">\n<p><span style=\"color: #c79600;font-weight: bold\">Composi\u00e7\u00e3o: <\/span>Sal, pimentos desidratados, a\u00e7\u00facares (dextrose, sacarose), plantas arom\u00e1ticas, especiarias, tomate desidratado, acidificantes (acetato de s\u00f3dio), aromas, pimenta de Espelette, antioxidante (ascorbato de s\u00f3dio).<\/p>\n<\/div>\n<p>&nbsp;<\/p>\n<p><!--more--><\/p>\n<div style=\"font-family: Roboto, sans-serif\">\n<h4>As suas vantagens:<\/h4>\n<ul>\n<li>Mistura pronta a utilizar e equilibrada.<\/li>\n<li>Pimenta de Espelette para uma nota t\u00edpica e arom\u00e1tica.<\/li>\n<li>Balde econ\u00f3mico de 2 kg, ideal para profissionais.<\/li>\n<li>F\u00e1cil de utilizar e de dosear.<\/li>\n<li>Perfeito para salsichas frescas, grelhadas ou cozinhadas.<\/li>\n<\/ul>\n<p>&nbsp;<\/p>\n<\/div>\n<p><!--more--><\/p>\n<div style=\"font-family: Roboto, sans-serif\">\n<h4>Outras informa\u00e7\u00f5es :<\/h4>\n<ul>\n<li><strong>Embalagem<\/strong>: balde de 2kg<\/li>\n<li><strong>Tipo<\/strong>: Salsicha com pimenta de Espelette<\/li>\n<\/ul>\n<p>&nbsp;<\/p>\n<\/div>\n<p><!--more--><\/p>\n<p>Encontre a especiaria aqui <span style=\"color: #d12727\"><a style=\"color: #d12727\" href=\"https:\/\/www.csj-emballages.com\/es\/produit\/pimienta-de-espelette-1-kg\/\">Pimenta de Espelette<\/a><\/span><\/p>\n<p>Tamb\u00e9m pode ser encontrado em marinadas: <span style=\"color: #d12727\"><a style=\"color: #d12727\" href=\"https:\/\/www.csj-emballages.com\/produit\/marinade-piment-despelette-5-kg\/\">Espelette chilli marinade 5 kg<\/a><\/span><\/p>\n<div style=\"font-family: Roboto, sans-serif\">\n<p>&nbsp;<\/p>\n<\/div>\n<p><!--more--><\/p>\n<h4>Encontre todas as nossas especiarias para salsichas aqui:<\/h4>\n<ul>\n<li><span style=\"color: #d12727\"><a style=\"color: #d12727\" href=\"https:\/\/www.csj-emballages.com\/es\/produit\/carne-de-salchicha-con-especias-y-hierbas-5-kg\/\">Tempera a carne de salsicha com ervas arom\u00e1ticas<\/a><\/span><\/li>\n<li><span style=\"color: #d12727\"><a style=\"color: #d12727\" href=\"https:\/\/www.csj-emballages.com\/es\/produit\/salchichas-frescas-sin-gluten-5-kg\/\">Especiarias para salsichas do campo (sem gl\u00faten)<\/a><\/span><\/li>\n<li><span style=\"color: #d12727\"><a style=\"color: #d12727\" href=\"https:\/\/www.csj-emballages.com\/es\/produit\/especias-salchicha-fresca-sin-gluten-sin-lactosa-5-kg\/\">Especiarias para salsichas sem gl\u00faten \/ sem lactose<\/a><\/span><\/li>\n<li><span style=\"color: #d12727\"><a style=\"color: #d12727\" href=\"https:\/\/www.csj-emballages.com\/produit\/epices-saucisse-francfort-2-kg\/\">Especiarias salsicha strasbourg<\/a><\/span><\/li>\n<li><span style=\"color: #d12727\"><a style=\"color: #d12727\" href=\"https:\/\/www.csj-emballages.com\/es\/produit\/salchicha-azul-especias-5-kg\/\">Especiarias para salsichas azuis<\/a><\/span><\/li>\n<\/ul>\n<div style=\"font-family: Roboto, sans-serif\">\n<p>&nbsp;<\/p>\n<\/div>\n<p><!--more--><\/p>\n<div style=\"font-family: Roboto, sans-serif\">\n<p><a href=\"https:\/\/www.csj-emballages.com\/pt-pt\/categorie-produit\/alimentacao-pt-pt\/especiarias\/mistura-de-especiarias\/merguez-salsichas-chouricos\/\">Ver o resto da nossa gama de especiarias para salsichas \/ merguez \/ chouri\u00e7os<\/a><\/p>\n<\/div>\n","protected":false},"excerpt":{"rendered":"<p>Especiarias para salsichas com malagueta Espelette Descri\u00e7\u00e3o da nossa salsicha Espelette chilli 2kg<\/p>\n","protected":false},"featured_media":231455,"template":"","meta":{"_acf_changed":false},"product_brand":[],"product_cat":[1151,1447,1784,1848],"product_tag":[],"class_list":{"0":"post-18319","1":"product","2":"type-product","3":"status-publish","4":"has-post-thumbnail","6":"product_cat-alimentacao-pt-pt","7":"product_cat-especiarias","8":"product_cat-mistura-de-especiarias","9":"product_cat-merguez-salsichas-chouricos","11":"first","12":"instock","13":"taxable","14":"shipping-taxable","15":"purchasable","16":"product-type-simple"},"acf":[],"yoast_head":"<!-- This site is optimized with the Yoast SEO Premium plugin v26.6 (Yoast SEO v26.6) - https:\/\/yoast.com\/wordpress\/plugins\/seo\/ -->\n<title>Tempero para salsichas com pimenta Espelette 2kg<\/title>\n<meta name=\"description\" content=\"Espelette Pepper Sausage Spice - Descobre o Espelette Pepper Sausage Spice, ideal para real\u00e7ar o sabor das tuas salsichas!\" \/>\n<meta name=\"robots\" content=\"index, follow, max-snippet:-1, max-image-preview:large, max-video-preview:-1\" \/>\n<link rel=\"canonical\" href=\"https:\/\/www.csj-emballages.com\/pt-pt\/produit\/especiarias-para-salsichas-com-malagueta-espelette-2-kg\/\" \/>\n<meta property=\"og:locale\" content=\"pt_PT\" \/>\n<meta property=\"og:type\" content=\"article\" \/>\n<meta property=\"og:title\" content=\"Especiarias para salsichas com malagueta Espelette 2kg\" \/>\n<meta property=\"og:description\" content=\"Espelette Pepper Sausage Spice - Descobre o Espelette Pepper Sausage Spice, ideal para real\u00e7ar o sabor das tuas salsichas!\" \/>\n<meta property=\"og:url\" content=\"https:\/\/www.csj-emballages.com\/pt-pt\/produit\/especiarias-para-salsichas-com-malagueta-espelette-2-kg\/\" \/>\n<meta property=\"og:site_name\" content=\"CSJ Emballages\" \/>\n<meta property=\"article:publisher\" content=\"https:\/\/www.facebook.com\/csjemballages\" \/>\n<meta property=\"article:modified_time\" content=\"2026-03-12T15:02:44+00:00\" \/>\n<meta property=\"og:image\" content=\"https:\/\/www.csj-emballages.com\/wp-content\/uploads\/2024\/03\/Epices-saucisse-piment-dEspelette.webp\" \/>\n\t<meta property=\"og:image:width\" content=\"800\" \/>\n\t<meta property=\"og:image:height\" content=\"800\" \/>\n\t<meta property=\"og:image:type\" content=\"image\/webp\" \/>\n<meta name=\"twitter:card\" content=\"summary_large_image\" \/>\n<meta name=\"twitter:label1\" content=\"Tempo estimado de leitura\" \/>\n\t<meta name=\"twitter:data1\" content=\"2 minutos\" \/>\n<script type=\"application\/ld+json\" class=\"yoast-schema-graph\">{\"@context\":\"https:\/\/schema.org\",\"@graph\":[{\"@type\":\"WebPage\",\"@id\":\"https:\/\/www.csj-emballages.com\/pt-pt\/produit\/especiarias-para-salsichas-com-malagueta-espelette-2-kg\/\",\"url\":\"https:\/\/www.csj-emballages.com\/pt-pt\/produit\/especiarias-para-salsichas-com-malagueta-espelette-2-kg\/\",\"name\":\"Tempero para salsichas com pimenta Espelette 2kg\",\"isPartOf\":{\"@id\":\"https:\/\/www.csj-emballages.com\/pt-pt\/#website\"},\"primaryImageOfPage\":{\"@id\":\"https:\/\/www.csj-emballages.com\/pt-pt\/produit\/especiarias-para-salsichas-com-malagueta-espelette-2-kg\/#primaryimage\"},\"image\":{\"@id\":\"https:\/\/www.csj-emballages.com\/pt-pt\/produit\/especiarias-para-salsichas-com-malagueta-espelette-2-kg\/#primaryimage\"},\"thumbnailUrl\":\"https:\/\/www.csj-emballages.com\/wp-content\/uploads\/2024\/03\/Epices-saucisse-piment-dEspelette.webp\",\"datePublished\":\"2024-03-01T15:59:38+00:00\",\"dateModified\":\"2026-03-12T15:02:44+00:00\",\"description\":\"Espelette Pepper Sausage Spice - Descobre o Espelette Pepper Sausage Spice, ideal para real\u00e7ar o sabor das tuas salsichas!\",\"breadcrumb\":{\"@id\":\"https:\/\/www.csj-emballages.com\/pt-pt\/produit\/especiarias-para-salsichas-com-malagueta-espelette-2-kg\/#breadcrumb\"},\"inLanguage\":\"pt-PT\",\"potentialAction\":[{\"@type\":\"ReadAction\",\"target\":[\"https:\/\/www.csj-emballages.com\/pt-pt\/produit\/especiarias-para-salsichas-com-malagueta-espelette-2-kg\/\"]}]},{\"@type\":\"ImageObject\",\"inLanguage\":\"pt-PT\",\"@id\":\"https:\/\/www.csj-emballages.com\/pt-pt\/produit\/especiarias-para-salsichas-com-malagueta-espelette-2-kg\/#primaryimage\",\"url\":\"https:\/\/www.csj-emballages.com\/wp-content\/uploads\/2024\/03\/Epices-saucisse-piment-dEspelette.webp\",\"contentUrl\":\"https:\/\/www.csj-emballages.com\/wp-content\/uploads\/2024\/03\/Epices-saucisse-piment-dEspelette.webp\",\"width\":800,\"height\":800,\"caption\":\"\u00c9pices saucisse piment d'Espelette\"},{\"@type\":\"BreadcrumbList\",\"@id\":\"https:\/\/www.csj-emballages.com\/pt-pt\/produit\/especiarias-para-salsichas-com-malagueta-espelette-2-kg\/#breadcrumb\",\"itemListElement\":[{\"@type\":\"ListItem\",\"position\":1,\"name\":\"Acolhimento\",\"item\":\"https:\/\/www.csj-emballages.com\/pt-pt\/universo-das-embalagens-alimentares\/\"},{\"@type\":\"ListItem\",\"position\":2,\"name\":\"Shop\",\"item\":\"https:\/\/www.csj-emballages.com\/shop\/\"},{\"@type\":\"ListItem\",\"position\":3,\"name\":\"Especiarias para salsichas com malagueta Espelette 2kg\"}]},{\"@type\":\"WebSite\",\"@id\":\"https:\/\/www.csj-emballages.com\/pt-pt\/#website\",\"url\":\"https:\/\/www.csj-emballages.com\/pt-pt\/\",\"name\":\"CSJ Emballages\",\"description\":\"\",\"publisher\":{\"@id\":\"https:\/\/www.csj-emballages.com\/pt-pt\/#organization\"},\"potentialAction\":[{\"@type\":\"SearchAction\",\"target\":{\"@type\":\"EntryPoint\",\"urlTemplate\":\"https:\/\/www.csj-emballages.com\/pt-pt\/?s={search_term_string}\"},\"query-input\":{\"@type\":\"PropertyValueSpecification\",\"valueRequired\":true,\"valueName\":\"search_term_string\"}}],\"inLanguage\":\"pt-PT\"},{\"@type\":\"Organization\",\"@id\":\"https:\/\/www.csj-emballages.com\/pt-pt\/#Organization\/\",\"name\":\"CSJ Emballages\",\"url\":\"https:\/\/www.csj-emballages.com\/pt-pt\/\",\"logo\":{\"@type\":\"ImageObject\",\"inLanguage\":\"pt-PT\",\"@id\":\"https:\/\/www.csj-emballages.com\/pt-pt\/#\/schema\/logo\/image\/\",\"url\":\"https:\/\/www.csj-emballages.com\/wp-content\/uploads\/2023\/10\/logo_csj.webp\",\"contentUrl\":\"https:\/\/www.csj-emballages.com\/wp-content\/uploads\/2023\/10\/logo_csj.webp\",\"width\":250,\"height\":95,\"caption\":\"CSJ Emballages\"},\"image\":{\"@id\":\"https:\/\/www.csj-emballages.com\/pt-pt\/#\/schema\/logo\/image\/\"},\"sameAs\":[\"https:\/\/www.facebook.com\/csjemballages\"],\"address\":{\"@type\":\"PostalAddress\",\"streetAddress\":\"ZI La Lechere\",\"addressLocality\":\"Patornay\",\"postalCode\":\"39130\",\"addressCountry\":\"FR\"},\"contactPoint\":[{\"@type\":\"ContactPoint\",\"contactType\":\"Service client\",\"telephone\":\"0384254272\",\"email\":\"contact@csj-emballages.com\"}]}]}<\/script>\n<!-- \/ Yoast SEO Premium plugin. -->","yoast_head_json":{"title":"Tempero para salsichas com pimenta Espelette 2kg","description":"Espelette Pepper Sausage Spice - Descobre o Espelette Pepper Sausage Spice, ideal para real\u00e7ar o sabor das tuas salsichas!","robots":{"index":"index","follow":"follow","max-snippet":"max-snippet:-1","max-image-preview":"max-image-preview:large","max-video-preview":"max-video-preview:-1"},"canonical":"https:\/\/www.csj-emballages.com\/pt-pt\/produit\/especiarias-para-salsichas-com-malagueta-espelette-2-kg\/","og_locale":"pt_PT","og_type":"article","og_title":"Especiarias para salsichas com malagueta Espelette 2kg","og_description":"Espelette Pepper Sausage Spice - Descobre o Espelette Pepper Sausage Spice, ideal para real\u00e7ar o sabor das tuas salsichas!","og_url":"https:\/\/www.csj-emballages.com\/pt-pt\/produit\/especiarias-para-salsichas-com-malagueta-espelette-2-kg\/","og_site_name":"CSJ Emballages","article_publisher":"https:\/\/www.facebook.com\/csjemballages","article_modified_time":"2026-03-12T15:02:44+00:00","og_image":[{"width":800,"height":800,"url":"https:\/\/www.csj-emballages.com\/wp-content\/uploads\/2024\/03\/Epices-saucisse-piment-dEspelette.webp","type":"image\/webp"}],"twitter_card":"summary_large_image","twitter_misc":{"Tempo estimado de leitura":"2 minutos"},"schema":{"@context":"https:\/\/schema.org","@graph":[{"@type":"WebPage","@id":"https:\/\/www.csj-emballages.com\/pt-pt\/produit\/especiarias-para-salsichas-com-malagueta-espelette-2-kg\/","url":"https:\/\/www.csj-emballages.com\/pt-pt\/produit\/especiarias-para-salsichas-com-malagueta-espelette-2-kg\/","name":"Tempero para salsichas com pimenta Espelette 2kg","isPartOf":{"@id":"https:\/\/www.csj-emballages.com\/pt-pt\/#website"},"primaryImageOfPage":{"@id":"https:\/\/www.csj-emballages.com\/pt-pt\/produit\/especiarias-para-salsichas-com-malagueta-espelette-2-kg\/#primaryimage"},"image":{"@id":"https:\/\/www.csj-emballages.com\/pt-pt\/produit\/especiarias-para-salsichas-com-malagueta-espelette-2-kg\/#primaryimage"},"thumbnailUrl":"https:\/\/www.csj-emballages.com\/wp-content\/uploads\/2024\/03\/Epices-saucisse-piment-dEspelette.webp","datePublished":"2024-03-01T15:59:38+00:00","dateModified":"2026-03-12T15:02:44+00:00","description":"Espelette Pepper Sausage Spice - Descobre o Espelette Pepper Sausage Spice, ideal para real\u00e7ar o sabor das tuas salsichas!","breadcrumb":{"@id":"https:\/\/www.csj-emballages.com\/pt-pt\/produit\/especiarias-para-salsichas-com-malagueta-espelette-2-kg\/#breadcrumb"},"inLanguage":"pt-PT","potentialAction":[{"@type":"ReadAction","target":["https:\/\/www.csj-emballages.com\/pt-pt\/produit\/especiarias-para-salsichas-com-malagueta-espelette-2-kg\/"]}]},{"@type":"ImageObject","inLanguage":"pt-PT","@id":"https:\/\/www.csj-emballages.com\/pt-pt\/produit\/especiarias-para-salsichas-com-malagueta-espelette-2-kg\/#primaryimage","url":"https:\/\/www.csj-emballages.com\/wp-content\/uploads\/2024\/03\/Epices-saucisse-piment-dEspelette.webp","contentUrl":"https:\/\/www.csj-emballages.com\/wp-content\/uploads\/2024\/03\/Epices-saucisse-piment-dEspelette.webp","width":800,"height":800,"caption":"\u00c9pices saucisse piment d'Espelette"},{"@type":"BreadcrumbList","@id":"https:\/\/www.csj-emballages.com\/pt-pt\/produit\/especiarias-para-salsichas-com-malagueta-espelette-2-kg\/#breadcrumb","itemListElement":[{"@type":"ListItem","position":1,"name":"Acolhimento","item":"https:\/\/www.csj-emballages.com\/pt-pt\/universo-das-embalagens-alimentares\/"},{"@type":"ListItem","position":2,"name":"Shop","item":"https:\/\/www.csj-emballages.com\/shop\/"},{"@type":"ListItem","position":3,"name":"Especiarias para salsichas com malagueta Espelette 2kg"}]},{"@type":"WebSite","@id":"https:\/\/www.csj-emballages.com\/pt-pt\/#website","url":"https:\/\/www.csj-emballages.com\/pt-pt\/","name":"CSJ Emballages","description":"","publisher":{"@id":"https:\/\/www.csj-emballages.com\/pt-pt\/#organization"},"potentialAction":[{"@type":"SearchAction","target":{"@type":"EntryPoint","urlTemplate":"https:\/\/www.csj-emballages.com\/pt-pt\/?s={search_term_string}"},"query-input":{"@type":"PropertyValueSpecification","valueRequired":true,"valueName":"search_term_string"}}],"inLanguage":"pt-PT"},{"@type":"Organization","@id":"https:\/\/www.csj-emballages.com\/pt-pt\/#Organization\/","name":"CSJ Emballages","url":"https:\/\/www.csj-emballages.com\/pt-pt\/","logo":{"@type":"ImageObject","inLanguage":"pt-PT","@id":"https:\/\/www.csj-emballages.com\/pt-pt\/#\/schema\/logo\/image\/","url":"https:\/\/www.csj-emballages.com\/wp-content\/uploads\/2023\/10\/logo_csj.webp","contentUrl":"https:\/\/www.csj-emballages.com\/wp-content\/uploads\/2023\/10\/logo_csj.webp","width":250,"height":95,"caption":"CSJ Emballages"},"image":{"@id":"https:\/\/www.csj-emballages.com\/pt-pt\/#\/schema\/logo\/image\/"},"sameAs":["https:\/\/www.facebook.com\/csjemballages"],"address":{"@type":"PostalAddress","streetAddress":"ZI La Lechere","addressLocality":"Patornay","postalCode":"39130","addressCountry":"FR"},"contactPoint":[{"@type":"ContactPoint","contactType":"Service client","telephone":"0384254272","email":"contact@csj-emballages.com"}]}]}},"df_price":31.79,"df_sale_price":"","df_regular_price":31.79,"df_image_link":"https:\/\/www.csj-emballages.com\/wp-content\/uploads\/2024\/03\/Epices-saucisse-piment-dEspelette-300x300.webp","tiered_pricing_type":"fixed","tiered_pricing_fixed_rules":[],"tiered_pricing_percentage_rules":[],"tiered_pricing_minimum":1,"tiered_pricing_roles_data":[],"_links":{"self":[{"href":"https:\/\/www.csj-emballages.com\/pt-pt\/wp-json\/wp\/v2\/product\/18319","targetHints":{"allow":["GET"]}}],"collection":[{"href":"https:\/\/www.csj-emballages.com\/pt-pt\/wp-json\/wp\/v2\/product"}],"about":[{"href":"https:\/\/www.csj-emballages.com\/pt-pt\/wp-json\/wp\/v2\/types\/product"}],"wp:featuredmedia":[{"embeddable":true,"href":"https:\/\/www.csj-emballages.com\/pt-pt\/wp-json\/wp\/v2\/media\/231455"}],"wp:attachment":[{"href":"https:\/\/www.csj-emballages.com\/pt-pt\/wp-json\/wp\/v2\/media?parent=18319"}],"wp:term":[{"taxonomy":"product_brand","embeddable":true,"href":"https:\/\/www.csj-emballages.com\/pt-pt\/wp-json\/wp\/v2\/product_brand?post=18319"},{"taxonomy":"product_cat","embeddable":true,"href":"https:\/\/www.csj-emballages.com\/pt-pt\/wp-json\/wp\/v2\/product_cat?post=18319"},{"taxonomy":"product_tag","embeddable":true,"href":"https:\/\/www.csj-emballages.com\/pt-pt\/wp-json\/wp\/v2\/product_tag?post=18319"}],"curies":[{"name":"wp","href":"https:\/\/api.w.org\/{rel}","templated":true}]}}