{"id":18298,"date":"2024-03-01T16:59:24","date_gmt":"2024-03-01T15:59:24","guid":{"rendered":"https:\/\/u15jnbdpoq.preview.infomaniak.website\/produit\/100-palitos-de-carne-bem-cozinhados\/"},"modified":"2026-04-29T16:00:29","modified_gmt":"2026-04-29T14:00:29","slug":"100-palitos-de-carne-bem-cozinhados","status":"publish","type":"product","link":"https:\/\/www.csj-emballages.com\/pt-pt\/produit\/100-palitos-de-carne-bem-cozinhados\/","title":{"rendered":"Pica de cozedura para carne &#8220;bem passada&#8221;, por 100 unidades"},"content":{"rendered":"<h2 class=\"p1\">Espeto de identifica\u00e7\u00e3o de carne<\/h2>\n<hr>\n<h3>Descri\u00e7\u00e3o da nossa pica de cozedura para carne &#8220;bem passada&#8221;, por 100 unidades<\/h3>\n<p><!--more--><\/p>\n<p data-start=\"251\" data-end=\"653\">A <strong>pica de cozedura para carne &#8220;Bem Passada&#8221;<\/strong> \u00e9 um acess\u00f3rio indispens\u00e1vel para os profissionais da <strong>restaura\u00e7\u00e3o, dos neg\u00f3cios de restaura\u00e7\u00e3o e dos servi\u00e7os de catering<\/strong> que desejam garantir uma cozedura controlada e <strong>perfeitamente identific\u00e1vel das carnes<\/strong>. Simples, eficaz e higi\u00e9nica, esta pica permite indicar claramente o n\u00edvel de cozedura &#8220;bem passada&#8221; ao longo de todo o processo de prepara\u00e7\u00e3o e at\u00e9 ao servi\u00e7o. <\/p>\n<p data-start=\"655\" data-end=\"1084\">Concebida para ser inserida diretamente na carne ap\u00f3s a cozedura, a pica resiste ao calor da carne ap\u00f3s a cozedura desta. Gra\u00e7as \u00e0 sua marca\u00e7\u00e3o expl\u00edcita &#8220;<strong>bem passada<\/strong>&#8220;, facilita o trabalho na cozinha e melhora a comunica\u00e7\u00e3o entre as equipas. <\/p>\n<p data-start=\"1086\" data-end=\"1410\">Esta <strong>pica de cozedura<\/strong> \u00e9 particularmente apreciada em <strong>restaurantes, cervejarias, churrascarias, talhos e servi\u00e7os de catering<\/strong>, onde a precis\u00e3o e a regularidade s\u00e3o essenciais. Contribui para reduzir os <strong>erros de cozedura<\/strong>, as devolu\u00e7\u00f5es na cozinha e as perdas de tempo, garantindo, ao mesmo tempo, a satisfa\u00e7\u00e3o do cliente final. <\/p>\n<p data-start=\"1412\" data-end=\"1788\">Acondicionado em <strong>lotes de 100<\/strong>, este produto oferece uma solu\u00e7\u00e3o pr\u00e1tica e econ\u00f3mica para uma utiliza\u00e7\u00e3o di\u00e1ria. Leve, f\u00e1cil de manusear e de armazenar, integra-se perfeitamente na organiza\u00e7\u00e3o das <strong>cozinhas profissionais<\/strong>. A sua utiliza\u00e7\u00e3o permite tamb\u00e9m profissionalizar a apresenta\u00e7\u00e3o e o acompanhamento das encomendas, nomeadamente durante servi\u00e7os intensivos ou eventos.  <\/p>\n<p data-start=\"1790\" data-end=\"1944\">A <strong>pica de cozedura para carne &#8220;Bem Passada&#8221;<\/strong> \u00e9, portanto, uma ferramenta simples, mas essencial, para garantir um servi\u00e7o fluido, preciso e conforme \u00e0s expectativas dos clientes.<\/p>\n<p data-start=\"1790\" data-end=\"1944\">\n<p data-start=\"1665\" data-end=\"1870\"><!--more--><\/p>\n<p data-start=\"1665\" data-end=\"1870\"><strong><span style=\"color: #ff0000;\">*Aten\u00e7\u00e3o: este espeto n\u00e3o deve ser utilizado durante a cozedura da carne<\/span><\/strong><\/p>\n<p>&nbsp;<\/p>\n<p><!--more--><\/p>\n<p><strong>Vantagens :<\/strong><\/p>\n<ul>\n<li data-start=\"585\" data-end=\"672\">Permite identificar imediatamente o ponto de cozedura das carnes.<\/li>\n<li data-start=\"673\" data-end=\"766\">Em madeira adequada ao contacto alimentar e ao calor.<\/li>\n<li data-start=\"767\" data-end=\"870\">Ideal para cozinhas, grelhadores e servi\u00e7os de restaura\u00e7\u00e3o.<\/li>\n<li data-start=\"871\" data-end=\"948\" data-is-last-node=\"\"><strong>Lote de 100<\/strong> para uma utiliza\u00e7\u00e3o em volume.<\/li>\n<\/ul>\n<p>&nbsp;<\/p>\n<p><!--more--><\/p>\n<h4>Outras informa\u00e7\u00f5es :<\/h4>\n<ul>\n<li><strong>Embalagem<\/strong>: Pacote de 100<\/li>\n<li><strong>Dimens\u00f5es<\/strong>: 80 mm<\/li>\n<li><strong>Material<\/strong>: Madeira<\/li>\n<li><strong>Cor<\/strong>: castanho<\/li>\n<\/ul>\n<p>&nbsp;<\/p>\n<p><!--more--><\/p>\n<p>Este produto tamb\u00e9m est\u00e1 dispon\u00edvel em : <span style=\"color: #d12727;\"><a style=\"color: #d12727;\" href=\"https:\/\/www.csj-emballages.com\/pt-pt\/produit\/100-picaretas-de-carne-mal-passada\/\">Raro<\/a><\/span> \/ <span style=\"color: #d12727;\"><a style=\"color: #d12727;\" href=\"https:\/\/www.csj-emballages.com\/pt-pt\/produit\/100-palitos-de-carne-mal-passada\/\">M\u00e9dio<\/a><\/span> \/ <span style=\"color: #d12727;\"><a style=\"color: #d12727;\" href=\"https:\/\/www.csj-emballages.com\/pt-pt\/produit\/100-picaretas-de-carne-azul\/\">Azul<\/a><\/span><\/p>\n<p>&nbsp;<\/p>\n<p><!--more--><\/p>\n<p><a href=\"https:\/\/www.csj-emballages.com\/pt-pt\/categorie-produit\/embalagem-de-alimentos\/talho-e-charcutaria\/escolhas-de-alimentos\/escolhe-o-aperitivo\/palhetas-de-madeira-para-cocktails\/\">V\u00ea o resto da nossa gama de palitos de madeira<\/a><\/p>\n","protected":false},"excerpt":{"rendered":"<p>Espeto de identifica\u00e7\u00e3o de carne Descri\u00e7\u00e3o da nossa pica de cozedura para carne &#8220;bem passada&#8221;, por 100 unidades<\/p>\n","protected":false},"featured_media":225262,"template":"","meta":{"_acf_changed":false},"product_brand":[],"product_cat":[1176,1306,1834,1836],"product_tag":[],"class_list":{"0":"post-18298","1":"product","2":"type-product","3":"status-publish","4":"has-post-thumbnail","6":"product_cat-talho-e-charcutaria","7":"product_cat-copos-jarras-copos","8":"product_cat-escolhe-o-aperitivo","9":"product_cat-palhetas-de-madeira-para-cocktails","11":"first","12":"instock","13":"taxable","14":"shipping-taxable","15":"purchasable","16":"product-type-simple"},"acf":[],"yoast_head":"<!-- This site is optimized with the Yoast SEO Premium plugin v26.6 (Yoast SEO v26.6) - https:\/\/yoast.com\/wordpress\/plugins\/seo\/ -->\n<title>Pica de Cozedura para Carne - &quot;bem passada&quot;, por 100 unidades<\/title>\n<meta name=\"description\" content=\"Facilite o servi\u00e7o com as picas de cozedura para carne &quot;bem passada&quot; (lote de 100). Marque as suas carnes para uma identifica\u00e7\u00e3o r\u00e1pida e um servi\u00e7o preciso.\" \/>\n<meta name=\"robots\" content=\"index, follow, max-snippet:-1, max-image-preview:large, max-video-preview:-1\" \/>\n<link rel=\"canonical\" href=\"https:\/\/www.csj-emballages.com\/pt-pt\/produit\/100-palitos-de-carne-bem-cozinhados\/\" \/>\n<meta property=\"og:locale\" content=\"pt_PT\" \/>\n<meta property=\"og:type\" content=\"article\" \/>\n<meta property=\"og:title\" content=\"Pica de cozedura para carne &quot;bem passada&quot;, por 100 unidades\" \/>\n<meta property=\"og:description\" content=\"Facilite o servi\u00e7o com as picas de cozedura para carne &quot;bem passada&quot; (lote de 100). Marque as suas carnes para uma identifica\u00e7\u00e3o r\u00e1pida e um servi\u00e7o preciso.\" \/>\n<meta property=\"og:url\" content=\"https:\/\/www.csj-emballages.com\/pt-pt\/produit\/100-palitos-de-carne-bem-cozinhados\/\" \/>\n<meta property=\"og:site_name\" content=\"CSJ Emballages\" \/>\n<meta property=\"article:publisher\" content=\"https:\/\/www.facebook.com\/csjemballages\" \/>\n<meta property=\"article:modified_time\" content=\"2026-04-29T14:00:29+00:00\" \/>\n<meta property=\"og:image\" content=\"https:\/\/www.csj-emballages.com\/wp-content\/uploads\/2024\/03\/Piques-cuisson-viande-bien-cuit-png.webp\" \/>\n\t<meta property=\"og:image:width\" content=\"800\" \/>\n\t<meta property=\"og:image:height\" content=\"800\" \/>\n\t<meta property=\"og:image:type\" content=\"image\/png\" \/>\n<meta name=\"twitter:card\" content=\"summary_large_image\" \/>\n<meta name=\"twitter:label1\" content=\"Tempo estimado de leitura\" \/>\n\t<meta name=\"twitter:data1\" content=\"2 minutos\" \/>\n<script type=\"application\/ld+json\" class=\"yoast-schema-graph\">{\"@context\":\"https:\/\/schema.org\",\"@graph\":[{\"@type\":\"WebPage\",\"@id\":\"https:\/\/www.csj-emballages.com\/pt-pt\/produit\/100-palitos-de-carne-bem-cozinhados\/\",\"url\":\"https:\/\/www.csj-emballages.com\/pt-pt\/produit\/100-palitos-de-carne-bem-cozinhados\/\",\"name\":\"Pica de Cozedura para Carne - \\\"bem passada\\\", por 100 unidades\",\"isPartOf\":{\"@id\":\"https:\/\/www.csj-emballages.com\/pt-pt\/#website\"},\"primaryImageOfPage\":{\"@id\":\"https:\/\/www.csj-emballages.com\/pt-pt\/produit\/100-palitos-de-carne-bem-cozinhados\/#primaryimage\"},\"image\":{\"@id\":\"https:\/\/www.csj-emballages.com\/pt-pt\/produit\/100-palitos-de-carne-bem-cozinhados\/#primaryimage\"},\"thumbnailUrl\":\"https:\/\/www.csj-emballages.com\/wp-content\/uploads\/2024\/03\/Piques-cuisson-viande-bien-cuit-png.webp\",\"datePublished\":\"2024-03-01T15:59:24+00:00\",\"dateModified\":\"2026-04-29T14:00:29+00:00\",\"description\":\"Facilite o servi\u00e7o com as picas de cozedura para carne \\\"bem passada\\\" (lote de 100). Marque as suas carnes para uma identifica\u00e7\u00e3o r\u00e1pida e um servi\u00e7o preciso.\",\"breadcrumb\":{\"@id\":\"https:\/\/www.csj-emballages.com\/pt-pt\/produit\/100-palitos-de-carne-bem-cozinhados\/#breadcrumb\"},\"inLanguage\":\"pt-PT\",\"potentialAction\":[{\"@type\":\"ReadAction\",\"target\":[\"https:\/\/www.csj-emballages.com\/pt-pt\/produit\/100-palitos-de-carne-bem-cozinhados\/\"]}]},{\"@type\":\"ImageObject\",\"inLanguage\":\"pt-PT\",\"@id\":\"https:\/\/www.csj-emballages.com\/pt-pt\/produit\/100-palitos-de-carne-bem-cozinhados\/#primaryimage\",\"url\":\"https:\/\/www.csj-emballages.com\/wp-content\/uploads\/2024\/03\/Piques-cuisson-viande-bien-cuit-png.webp\",\"contentUrl\":\"https:\/\/www.csj-emballages.com\/wp-content\/uploads\/2024\/03\/Piques-cuisson-viande-bien-cuit-png.webp\",\"width\":800,\"height\":800,\"caption\":\"piques cuisson viande\"},{\"@type\":\"BreadcrumbList\",\"@id\":\"https:\/\/www.csj-emballages.com\/pt-pt\/produit\/100-palitos-de-carne-bem-cozinhados\/#breadcrumb\",\"itemListElement\":[{\"@type\":\"ListItem\",\"position\":1,\"name\":\"Acolhimento\",\"item\":\"https:\/\/www.csj-emballages.com\/pt-pt\/universo-das-embalagens-alimentares\/\"},{\"@type\":\"ListItem\",\"position\":2,\"name\":\"Shop\",\"item\":\"https:\/\/www.csj-emballages.com\/shop\/\"},{\"@type\":\"ListItem\",\"position\":3,\"name\":\"Pica de cozedura para carne \u00ab\u00a0bem passada\u00a0\u00bb, por 100 unidades\"}]},{\"@type\":\"WebSite\",\"@id\":\"https:\/\/www.csj-emballages.com\/pt-pt\/#website\",\"url\":\"https:\/\/www.csj-emballages.com\/pt-pt\/\",\"name\":\"CSJ Emballages\",\"description\":\"\",\"publisher\":{\"@id\":\"https:\/\/www.csj-emballages.com\/pt-pt\/#organization\"},\"potentialAction\":[{\"@type\":\"SearchAction\",\"target\":{\"@type\":\"EntryPoint\",\"urlTemplate\":\"https:\/\/www.csj-emballages.com\/pt-pt\/?s={search_term_string}\"},\"query-input\":{\"@type\":\"PropertyValueSpecification\",\"valueRequired\":true,\"valueName\":\"search_term_string\"}}],\"inLanguage\":\"pt-PT\"},{\"@type\":\"Organization\",\"@id\":\"https:\/\/www.csj-emballages.com\/pt-pt\/#Organization\/\",\"name\":\"CSJ Emballages\",\"url\":\"https:\/\/www.csj-emballages.com\/pt-pt\/\",\"logo\":{\"@type\":\"ImageObject\",\"inLanguage\":\"pt-PT\",\"@id\":\"https:\/\/www.csj-emballages.com\/pt-pt\/#\/schema\/logo\/image\/\",\"url\":\"https:\/\/www.csj-emballages.com\/wp-content\/uploads\/2023\/10\/logo_csj.webp\",\"contentUrl\":\"https:\/\/www.csj-emballages.com\/wp-content\/uploads\/2023\/10\/logo_csj.webp\",\"width\":250,\"height\":95,\"caption\":\"CSJ Emballages\"},\"image\":{\"@id\":\"https:\/\/www.csj-emballages.com\/pt-pt\/#\/schema\/logo\/image\/\"},\"sameAs\":[\"https:\/\/www.facebook.com\/csjemballages\"],\"address\":{\"@type\":\"PostalAddress\",\"streetAddress\":\"ZI La Lechere\",\"addressLocality\":\"Patornay\",\"postalCode\":\"39130\",\"addressCountry\":\"FR\"},\"contactPoint\":[{\"@type\":\"ContactPoint\",\"contactType\":\"Service client\",\"telephone\":\"0384254272\",\"email\":\"contact@csj-emballages.com\"}]}]}<\/script>\n<!-- \/ Yoast SEO Premium plugin. -->","yoast_head_json":{"title":"Pica de Cozedura para Carne - \"bem passada\", por 100 unidades","description":"Facilite o servi\u00e7o com as picas de cozedura para carne \"bem passada\" (lote de 100). Marque as suas carnes para uma identifica\u00e7\u00e3o r\u00e1pida e um servi\u00e7o preciso.","robots":{"index":"index","follow":"follow","max-snippet":"max-snippet:-1","max-image-preview":"max-image-preview:large","max-video-preview":"max-video-preview:-1"},"canonical":"https:\/\/www.csj-emballages.com\/pt-pt\/produit\/100-palitos-de-carne-bem-cozinhados\/","og_locale":"pt_PT","og_type":"article","og_title":"Pica de cozedura para carne \"bem passada\", por 100 unidades","og_description":"Facilite o servi\u00e7o com as picas de cozedura para carne \"bem passada\" (lote de 100). Marque as suas carnes para uma identifica\u00e7\u00e3o r\u00e1pida e um servi\u00e7o preciso.","og_url":"https:\/\/www.csj-emballages.com\/pt-pt\/produit\/100-palitos-de-carne-bem-cozinhados\/","og_site_name":"CSJ Emballages","article_publisher":"https:\/\/www.facebook.com\/csjemballages","article_modified_time":"2026-04-29T14:00:29+00:00","og_image":[{"width":800,"height":800,"url":"https:\/\/www.csj-emballages.com\/wp-content\/uploads\/2024\/03\/Piques-cuisson-viande-bien-cuit-png.webp","type":"image\/png"}],"twitter_card":"summary_large_image","twitter_misc":{"Tempo estimado de leitura":"2 minutos"},"schema":{"@context":"https:\/\/schema.org","@graph":[{"@type":"WebPage","@id":"https:\/\/www.csj-emballages.com\/pt-pt\/produit\/100-palitos-de-carne-bem-cozinhados\/","url":"https:\/\/www.csj-emballages.com\/pt-pt\/produit\/100-palitos-de-carne-bem-cozinhados\/","name":"Pica de Cozedura para Carne - \"bem passada\", por 100 unidades","isPartOf":{"@id":"https:\/\/www.csj-emballages.com\/pt-pt\/#website"},"primaryImageOfPage":{"@id":"https:\/\/www.csj-emballages.com\/pt-pt\/produit\/100-palitos-de-carne-bem-cozinhados\/#primaryimage"},"image":{"@id":"https:\/\/www.csj-emballages.com\/pt-pt\/produit\/100-palitos-de-carne-bem-cozinhados\/#primaryimage"},"thumbnailUrl":"https:\/\/www.csj-emballages.com\/wp-content\/uploads\/2024\/03\/Piques-cuisson-viande-bien-cuit-png.webp","datePublished":"2024-03-01T15:59:24+00:00","dateModified":"2026-04-29T14:00:29+00:00","description":"Facilite o servi\u00e7o com as picas de cozedura para carne \"bem passada\" (lote de 100). Marque as suas carnes para uma identifica\u00e7\u00e3o r\u00e1pida e um servi\u00e7o preciso.","breadcrumb":{"@id":"https:\/\/www.csj-emballages.com\/pt-pt\/produit\/100-palitos-de-carne-bem-cozinhados\/#breadcrumb"},"inLanguage":"pt-PT","potentialAction":[{"@type":"ReadAction","target":["https:\/\/www.csj-emballages.com\/pt-pt\/produit\/100-palitos-de-carne-bem-cozinhados\/"]}]},{"@type":"ImageObject","inLanguage":"pt-PT","@id":"https:\/\/www.csj-emballages.com\/pt-pt\/produit\/100-palitos-de-carne-bem-cozinhados\/#primaryimage","url":"https:\/\/www.csj-emballages.com\/wp-content\/uploads\/2024\/03\/Piques-cuisson-viande-bien-cuit-png.webp","contentUrl":"https:\/\/www.csj-emballages.com\/wp-content\/uploads\/2024\/03\/Piques-cuisson-viande-bien-cuit-png.webp","width":800,"height":800,"caption":"piques cuisson viande"},{"@type":"BreadcrumbList","@id":"https:\/\/www.csj-emballages.com\/pt-pt\/produit\/100-palitos-de-carne-bem-cozinhados\/#breadcrumb","itemListElement":[{"@type":"ListItem","position":1,"name":"Acolhimento","item":"https:\/\/www.csj-emballages.com\/pt-pt\/universo-das-embalagens-alimentares\/"},{"@type":"ListItem","position":2,"name":"Shop","item":"https:\/\/www.csj-emballages.com\/shop\/"},{"@type":"ListItem","position":3,"name":"Pica de cozedura para carne \u00ab\u00a0bem passada\u00a0\u00bb, por 100 unidades"}]},{"@type":"WebSite","@id":"https:\/\/www.csj-emballages.com\/pt-pt\/#website","url":"https:\/\/www.csj-emballages.com\/pt-pt\/","name":"CSJ Emballages","description":"","publisher":{"@id":"https:\/\/www.csj-emballages.com\/pt-pt\/#organization"},"potentialAction":[{"@type":"SearchAction","target":{"@type":"EntryPoint","urlTemplate":"https:\/\/www.csj-emballages.com\/pt-pt\/?s={search_term_string}"},"query-input":{"@type":"PropertyValueSpecification","valueRequired":true,"valueName":"search_term_string"}}],"inLanguage":"pt-PT"},{"@type":"Organization","@id":"https:\/\/www.csj-emballages.com\/pt-pt\/#Organization\/","name":"CSJ Emballages","url":"https:\/\/www.csj-emballages.com\/pt-pt\/","logo":{"@type":"ImageObject","inLanguage":"pt-PT","@id":"https:\/\/www.csj-emballages.com\/pt-pt\/#\/schema\/logo\/image\/","url":"https:\/\/www.csj-emballages.com\/wp-content\/uploads\/2023\/10\/logo_csj.webp","contentUrl":"https:\/\/www.csj-emballages.com\/wp-content\/uploads\/2023\/10\/logo_csj.webp","width":250,"height":95,"caption":"CSJ Emballages"},"image":{"@id":"https:\/\/www.csj-emballages.com\/pt-pt\/#\/schema\/logo\/image\/"},"sameAs":["https:\/\/www.facebook.com\/csjemballages"],"address":{"@type":"PostalAddress","streetAddress":"ZI La Lechere","addressLocality":"Patornay","postalCode":"39130","addressCountry":"FR"},"contactPoint":[{"@type":"ContactPoint","contactType":"Service client","telephone":"0384254272","email":"contact@csj-emballages.com"}]}]}},"df_price":1.68,"df_sale_price":"","df_regular_price":1.68,"df_image_link":"https:\/\/www.csj-emballages.com\/wp-content\/uploads\/2024\/03\/Piques-cuisson-viande-bien-cuit-300x300.webp","tiered_pricing_type":"fixed","tiered_pricing_fixed_rules":[],"tiered_pricing_percentage_rules":[],"tiered_pricing_minimum":1,"tiered_pricing_roles_data":[],"_links":{"self":[{"href":"https:\/\/www.csj-emballages.com\/pt-pt\/wp-json\/wp\/v2\/product\/18298","targetHints":{"allow":["GET"]}}],"collection":[{"href":"https:\/\/www.csj-emballages.com\/pt-pt\/wp-json\/wp\/v2\/product"}],"about":[{"href":"https:\/\/www.csj-emballages.com\/pt-pt\/wp-json\/wp\/v2\/types\/product"}],"wp:featuredmedia":[{"embeddable":true,"href":"https:\/\/www.csj-emballages.com\/pt-pt\/wp-json\/wp\/v2\/media\/225262"}],"wp:attachment":[{"href":"https:\/\/www.csj-emballages.com\/pt-pt\/wp-json\/wp\/v2\/media?parent=18298"}],"wp:term":[{"taxonomy":"product_brand","embeddable":true,"href":"https:\/\/www.csj-emballages.com\/pt-pt\/wp-json\/wp\/v2\/product_brand?post=18298"},{"taxonomy":"product_cat","embeddable":true,"href":"https:\/\/www.csj-emballages.com\/pt-pt\/wp-json\/wp\/v2\/product_cat?post=18298"},{"taxonomy":"product_tag","embeddable":true,"href":"https:\/\/www.csj-emballages.com\/pt-pt\/wp-json\/wp\/v2\/product_tag?post=18298"}],"curies":[{"name":"wp","href":"https:\/\/api.w.org\/{rel}","templated":true}]}}