{"id":18289,"date":"2024-03-01T16:59:25","date_gmt":"2024-03-01T15:59:25","guid":{"rendered":"https:\/\/u15jnbdpoq.preview.infomaniak.website\/produit\/100-picaretas-de-carne-azul\/"},"modified":"2026-04-29T16:00:23","modified_gmt":"2026-04-29T14:00:23","slug":"100-picaretas-de-carne-azul","status":"publish","type":"product","link":"https:\/\/www.csj-emballages.com\/pt-pt\/produit\/100-picaretas-de-carne-azul\/","title":{"rendered":"Pico para cozedura de carne &#8216;mal passada&#8217; por 100"},"content":{"rendered":"<h2 class=\"p1\">Espeto de identifica\u00e7\u00e3o de carne<\/h2>\n<hr>\n<h3>Descri\u00e7\u00e3o do nosso espeto de identifica\u00e7\u00e3o de carne &#8216;mal passada&#8217; por 100<\/h3>\n<p><!--more--><\/p>\n<p data-start=\"208\" data-end=\"631\">O <strong>espeto de identifica\u00e7\u00e3o de carne \u00abmal passada\u00bb<\/strong> \u00e9 um acess\u00f3rio indispens\u00e1vel para o <strong>cozinhar<\/strong>, <strong>identifica\u00e7\u00e3o e apresenta\u00e7\u00e3o de carnes<\/strong>, tanto na restaura\u00e7\u00e3o profissional como em talhos, servi\u00e7os de catering ou cozinhas coletivas. Concebido para resistir a temperaturas elevadas, este <strong>espeto<\/strong> permite identificar facilmente o ponto de cozedura das carnes, nomeadamente no \u00e2mbito de cozeduras diferenciadas ou de servi\u00e7os de ritmo acelerado. <\/p>\n<p data-start=\"633\" data-end=\"990\">A sua <strong>cor azul<\/strong> \u00e9 geralmente utilizada para indicar uma <strong>carne pouco cozinhada ou sangrenta<\/strong>, facilitando assim a organiza\u00e7\u00e3o na cozinha e limitando os riscos de erros durante a prepara\u00e7\u00e3o ou o servi\u00e7o. Esta <strong>identifica\u00e7\u00e3o visual<\/strong> r\u00e1pida melhora a <strong>comunica\u00e7\u00e3o entre as equipas<\/strong> e permite uma poupan\u00e7a de tempo preciosa, nomeadamente durante os servi\u00e7os intensivos. <\/p>\n<p data-start=\"992\" data-end=\"1352\">Fabricado num material resistente ao calor, o <strong>espeto de identifica\u00e7\u00e3o<\/strong> suporta o calor da carne. Insere-se facilmente na carne e permanece bem no lugar. A sua forma \u00e9 estudada para uma manipula\u00e7\u00e3o simples e segura.  <\/p>\n<p data-start=\"1354\" data-end=\"1663\">Da mesma forma, acondicionado em embalagens de <strong>100 unidades<\/strong>, este <strong>espeto de identifica\u00e7\u00e3o<\/strong> \u00e9 perfeitamente adequado \u00e0s necessidades dos profissionais, oferecendo uma solu\u00e7\u00e3o pr\u00e1tica, econ\u00f3mica e higi\u00e9nica. Permite uma gest\u00e3o eficaz dos fluxos na cozinha, assegurando simultaneamente uma const\u00e2ncia na qualidade do servi\u00e7o e o respeito pelos pedidos dos clientes. <\/p>\n<p data-start=\"1665\" data-end=\"1870\">Em resumo, o <strong>espeto de identifica\u00e7\u00e3o de carne \u00abmal passada\u00bb<\/strong> \u00e9 uma ferramenta de identifica\u00e7\u00e3o indispens\u00e1vel e uma organiza\u00e7\u00e3o otimizada na cozinha profissional.<\/p>\n<p data-start=\"1665\" data-end=\"1870\">\n<p data-start=\"1665\" data-end=\"1870\"><!--more--><\/p>\n<p data-start=\"1665\" data-end=\"1870\"><strong><span style=\"color: #ff0000\">*Aten\u00e7\u00e3o: este espeto n\u00e3o deve ser utilizado durante a cozedura da carne<\/span><\/strong><\/p>\n<p>&nbsp;<\/p>\n<p><!--more--><\/p>\n<p><strong>Vantagens :<\/strong><\/p>\n<ul>\n<li data-start=\"585\" data-end=\"672\">Permite identificar imediatamente o ponto de cozedura das carnes.<\/li>\n<li data-start=\"673\" data-end=\"766\">Em madeira adequada ao contacto alimentar e ao calor.<\/li>\n<li data-start=\"767\" data-end=\"870\">Ideal para cozinhas, grelhadores e servi\u00e7os de restaura\u00e7\u00e3o.<\/li>\n<li data-start=\"871\" data-end=\"948\" data-is-last-node=\"\">Embalagem de 100 para uma utiliza\u00e7\u00e3o em volume.<\/li>\n<\/ul>\n<p>&nbsp;<\/p>\n<p><!--more--><\/p>\n<h4>Outras informa\u00e7\u00f5es :<\/h4>\n<ul>\n<li><strong>Embalagem<\/strong>: Pacote de 100<\/li>\n<li><strong>Dimens\u00f5es<\/strong>: 80 mm<\/li>\n<li><strong>Material<\/strong>: Madeira<\/li>\n<li><strong>Cor<\/strong>: azul<\/li>\n<\/ul>\n<p>&nbsp;<\/p>\n<p><!--more--><\/p>\n<p>Este produto tamb\u00e9m est\u00e1 dispon\u00edvel em : <span style=\"color: #d12727\"><a style=\"color: #d12727\" href=\"https:\/\/www.csj-emballages.com\/produit\/100-piques-cuisson-viande-saignant\/\">Raro<\/a><\/span> \/ <span style=\"color: #d12727\"><a style=\"color: #d12727\" href=\"https:\/\/www.csj-emballages.com\/produit\/100-piques-cuisson-viande-a-point\/\">M\u00e9dio<\/a><\/span> \/ <span style=\"color: #d12727\"><a style=\"color: #d12727\" href=\"https:\/\/www.csj-emballages.com\/produit\/100-piques-cuisson-viande-bien-cuite\/\">Bem passado<\/a><\/span><\/p>\n<p>&nbsp;<\/p>\n<p><!--more--><\/p>\n<p><a href=\"https:\/\/www.csj-emballages.com\/pt-pt\/categorie-produit\/embalagem-de-alimentos\/talho-e-charcutaria\/escolhas-de-alimentos\/escolhe-o-aperitivo\/palhetas-de-madeira-para-cocktails\/\">V\u00ea o resto da nossa gama de palitos de madeira<\/a><\/p>\n","protected":false},"excerpt":{"rendered":"<p>Espeto de identifica\u00e7\u00e3o de carne Descri\u00e7\u00e3o do nosso espeto de identifica\u00e7\u00e3o de carne &#8216;mal passada&#8217; por 100<\/p>\n","protected":false},"featured_media":225256,"template":"","meta":{"_acf_changed":false},"product_brand":[],"product_cat":[1176,1306,1834,1836],"product_tag":[],"class_list":{"0":"post-18289","1":"product","2":"type-product","3":"status-publish","4":"has-post-thumbnail","6":"product_cat-talho-e-charcutaria","7":"product_cat-copos-jarras-copos","8":"product_cat-escolhe-o-aperitivo","9":"product_cat-palhetas-de-madeira-para-cocktails","11":"first","12":"instock","13":"taxable","14":"shipping-taxable","15":"purchasable","16":"product-type-simple"},"acf":[],"yoast_head":"<!-- This site is optimized with the Yoast SEO Premium plugin v26.6 (Yoast SEO v26.6) - https:\/\/yoast.com\/wordpress\/plugins\/seo\/ -->\n<title>Picaretas de carne - &quot;azul&quot; por 100<\/title>\n<meta name=\"description\" content=\"Marque a sua carne para uma identifica\u00e7\u00e3o r\u00e1pida e para servir com precis\u00e3o.\" \/>\n<meta name=\"robots\" content=\"index, follow, max-snippet:-1, max-image-preview:large, max-video-preview:-1\" \/>\n<link rel=\"canonical\" href=\"https:\/\/www.csj-emballages.com\/pt-pt\/produit\/100-picaretas-de-carne-azul\/\" \/>\n<meta property=\"og:locale\" content=\"pt_PT\" \/>\n<meta property=\"og:type\" content=\"article\" \/>\n<meta property=\"og:title\" content=\"Pico para cozedura de carne &#039;mal passada&#039; por 100\" \/>\n<meta property=\"og:description\" content=\"Marque a sua carne para uma identifica\u00e7\u00e3o r\u00e1pida e para servir com precis\u00e3o.\" \/>\n<meta property=\"og:url\" content=\"https:\/\/www.csj-emballages.com\/pt-pt\/produit\/100-picaretas-de-carne-azul\/\" \/>\n<meta property=\"og:site_name\" content=\"CSJ Emballages\" \/>\n<meta property=\"article:publisher\" content=\"https:\/\/www.facebook.com\/csjemballages\" \/>\n<meta property=\"article:modified_time\" content=\"2026-04-29T14:00:23+00:00\" \/>\n<meta property=\"og:image\" content=\"https:\/\/www.csj-emballages.com\/wp-content\/uploads\/2024\/03\/Piques-cuisson-viande-bleu.webp\" \/>\n\t<meta property=\"og:image:width\" content=\"800\" \/>\n\t<meta property=\"og:image:height\" content=\"800\" \/>\n\t<meta property=\"og:image:type\" content=\"image\/webp\" \/>\n<meta name=\"twitter:card\" content=\"summary_large_image\" \/>\n<meta name=\"twitter:label1\" content=\"Tempo estimado de leitura\" \/>\n\t<meta name=\"twitter:data1\" content=\"2 minutos\" \/>\n<script type=\"application\/ld+json\" class=\"yoast-schema-graph\">{\"@context\":\"https:\/\/schema.org\",\"@graph\":[{\"@type\":\"WebPage\",\"@id\":\"https:\/\/www.csj-emballages.com\/pt-pt\/produit\/100-picaretas-de-carne-azul\/\",\"url\":\"https:\/\/www.csj-emballages.com\/pt-pt\/produit\/100-picaretas-de-carne-azul\/\",\"name\":\"Picaretas de carne - \\\"azul\\\" por 100\",\"isPartOf\":{\"@id\":\"https:\/\/www.csj-emballages.com\/pt-pt\/#website\"},\"primaryImageOfPage\":{\"@id\":\"https:\/\/www.csj-emballages.com\/pt-pt\/produit\/100-picaretas-de-carne-azul\/#primaryimage\"},\"image\":{\"@id\":\"https:\/\/www.csj-emballages.com\/pt-pt\/produit\/100-picaretas-de-carne-azul\/#primaryimage\"},\"thumbnailUrl\":\"https:\/\/www.csj-emballages.com\/wp-content\/uploads\/2024\/03\/Piques-cuisson-viande-bleu.webp\",\"datePublished\":\"2024-03-01T15:59:25+00:00\",\"dateModified\":\"2026-04-29T14:00:23+00:00\",\"description\":\"Marque a sua carne para uma identifica\u00e7\u00e3o r\u00e1pida e para servir com precis\u00e3o.\",\"breadcrumb\":{\"@id\":\"https:\/\/www.csj-emballages.com\/pt-pt\/produit\/100-picaretas-de-carne-azul\/#breadcrumb\"},\"inLanguage\":\"pt-PT\",\"potentialAction\":[{\"@type\":\"ReadAction\",\"target\":[\"https:\/\/www.csj-emballages.com\/pt-pt\/produit\/100-picaretas-de-carne-azul\/\"]}]},{\"@type\":\"ImageObject\",\"inLanguage\":\"pt-PT\",\"@id\":\"https:\/\/www.csj-emballages.com\/pt-pt\/produit\/100-picaretas-de-carne-azul\/#primaryimage\",\"url\":\"https:\/\/www.csj-emballages.com\/wp-content\/uploads\/2024\/03\/Piques-cuisson-viande-bleu.webp\",\"contentUrl\":\"https:\/\/www.csj-emballages.com\/wp-content\/uploads\/2024\/03\/Piques-cuisson-viande-bleu.webp\",\"width\":800,\"height\":800,\"caption\":\"piques cuisson viande\"},{\"@type\":\"BreadcrumbList\",\"@id\":\"https:\/\/www.csj-emballages.com\/pt-pt\/produit\/100-picaretas-de-carne-azul\/#breadcrumb\",\"itemListElement\":[{\"@type\":\"ListItem\",\"position\":1,\"name\":\"Acolhimento\",\"item\":\"https:\/\/www.csj-emballages.com\/pt-pt\/universo-das-embalagens-alimentares\/\"},{\"@type\":\"ListItem\",\"position\":2,\"name\":\"Shop\",\"item\":\"https:\/\/www.csj-emballages.com\/shop\/\"},{\"@type\":\"ListItem\",\"position\":3,\"name\":\"Pico para cozedura de carne &lsquo;mal passada&rsquo; por 100\"}]},{\"@type\":\"WebSite\",\"@id\":\"https:\/\/www.csj-emballages.com\/pt-pt\/#website\",\"url\":\"https:\/\/www.csj-emballages.com\/pt-pt\/\",\"name\":\"CSJ Emballages\",\"description\":\"\",\"publisher\":{\"@id\":\"https:\/\/www.csj-emballages.com\/pt-pt\/#organization\"},\"potentialAction\":[{\"@type\":\"SearchAction\",\"target\":{\"@type\":\"EntryPoint\",\"urlTemplate\":\"https:\/\/www.csj-emballages.com\/pt-pt\/?s={search_term_string}\"},\"query-input\":{\"@type\":\"PropertyValueSpecification\",\"valueRequired\":true,\"valueName\":\"search_term_string\"}}],\"inLanguage\":\"pt-PT\"},{\"@type\":\"Organization\",\"@id\":\"https:\/\/www.csj-emballages.com\/pt-pt\/#Organization\/\",\"name\":\"CSJ Emballages\",\"url\":\"https:\/\/www.csj-emballages.com\/pt-pt\/\",\"logo\":{\"@type\":\"ImageObject\",\"inLanguage\":\"pt-PT\",\"@id\":\"https:\/\/www.csj-emballages.com\/pt-pt\/#\/schema\/logo\/image\/\",\"url\":\"https:\/\/www.csj-emballages.com\/wp-content\/uploads\/2023\/10\/logo_csj.webp\",\"contentUrl\":\"https:\/\/www.csj-emballages.com\/wp-content\/uploads\/2023\/10\/logo_csj.webp\",\"width\":250,\"height\":95,\"caption\":\"CSJ Emballages\"},\"image\":{\"@id\":\"https:\/\/www.csj-emballages.com\/pt-pt\/#\/schema\/logo\/image\/\"},\"sameAs\":[\"https:\/\/www.facebook.com\/csjemballages\"],\"address\":{\"@type\":\"PostalAddress\",\"streetAddress\":\"ZI La Lechere\",\"addressLocality\":\"Patornay\",\"postalCode\":\"39130\",\"addressCountry\":\"FR\"},\"contactPoint\":[{\"@type\":\"ContactPoint\",\"contactType\":\"Service client\",\"telephone\":\"0384254272\",\"email\":\"contact@csj-emballages.com\"}]}]}<\/script>\n<!-- \/ Yoast SEO Premium plugin. -->","yoast_head_json":{"title":"Picaretas de carne - \"azul\" por 100","description":"Marque a sua carne para uma identifica\u00e7\u00e3o r\u00e1pida e para servir com precis\u00e3o.","robots":{"index":"index","follow":"follow","max-snippet":"max-snippet:-1","max-image-preview":"max-image-preview:large","max-video-preview":"max-video-preview:-1"},"canonical":"https:\/\/www.csj-emballages.com\/pt-pt\/produit\/100-picaretas-de-carne-azul\/","og_locale":"pt_PT","og_type":"article","og_title":"Pico para cozedura de carne 'mal passada' por 100","og_description":"Marque a sua carne para uma identifica\u00e7\u00e3o r\u00e1pida e para servir com precis\u00e3o.","og_url":"https:\/\/www.csj-emballages.com\/pt-pt\/produit\/100-picaretas-de-carne-azul\/","og_site_name":"CSJ Emballages","article_publisher":"https:\/\/www.facebook.com\/csjemballages","article_modified_time":"2026-04-29T14:00:23+00:00","og_image":[{"width":800,"height":800,"url":"https:\/\/www.csj-emballages.com\/wp-content\/uploads\/2024\/03\/Piques-cuisson-viande-bleu.webp","type":"image\/webp"}],"twitter_card":"summary_large_image","twitter_misc":{"Tempo estimado de leitura":"2 minutos"},"schema":{"@context":"https:\/\/schema.org","@graph":[{"@type":"WebPage","@id":"https:\/\/www.csj-emballages.com\/pt-pt\/produit\/100-picaretas-de-carne-azul\/","url":"https:\/\/www.csj-emballages.com\/pt-pt\/produit\/100-picaretas-de-carne-azul\/","name":"Picaretas de carne - \"azul\" por 100","isPartOf":{"@id":"https:\/\/www.csj-emballages.com\/pt-pt\/#website"},"primaryImageOfPage":{"@id":"https:\/\/www.csj-emballages.com\/pt-pt\/produit\/100-picaretas-de-carne-azul\/#primaryimage"},"image":{"@id":"https:\/\/www.csj-emballages.com\/pt-pt\/produit\/100-picaretas-de-carne-azul\/#primaryimage"},"thumbnailUrl":"https:\/\/www.csj-emballages.com\/wp-content\/uploads\/2024\/03\/Piques-cuisson-viande-bleu.webp","datePublished":"2024-03-01T15:59:25+00:00","dateModified":"2026-04-29T14:00:23+00:00","description":"Marque a sua carne para uma identifica\u00e7\u00e3o r\u00e1pida e para servir com precis\u00e3o.","breadcrumb":{"@id":"https:\/\/www.csj-emballages.com\/pt-pt\/produit\/100-picaretas-de-carne-azul\/#breadcrumb"},"inLanguage":"pt-PT","potentialAction":[{"@type":"ReadAction","target":["https:\/\/www.csj-emballages.com\/pt-pt\/produit\/100-picaretas-de-carne-azul\/"]}]},{"@type":"ImageObject","inLanguage":"pt-PT","@id":"https:\/\/www.csj-emballages.com\/pt-pt\/produit\/100-picaretas-de-carne-azul\/#primaryimage","url":"https:\/\/www.csj-emballages.com\/wp-content\/uploads\/2024\/03\/Piques-cuisson-viande-bleu.webp","contentUrl":"https:\/\/www.csj-emballages.com\/wp-content\/uploads\/2024\/03\/Piques-cuisson-viande-bleu.webp","width":800,"height":800,"caption":"piques cuisson viande"},{"@type":"BreadcrumbList","@id":"https:\/\/www.csj-emballages.com\/pt-pt\/produit\/100-picaretas-de-carne-azul\/#breadcrumb","itemListElement":[{"@type":"ListItem","position":1,"name":"Acolhimento","item":"https:\/\/www.csj-emballages.com\/pt-pt\/universo-das-embalagens-alimentares\/"},{"@type":"ListItem","position":2,"name":"Shop","item":"https:\/\/www.csj-emballages.com\/shop\/"},{"@type":"ListItem","position":3,"name":"Pico para cozedura de carne &lsquo;mal passada&rsquo; por 100"}]},{"@type":"WebSite","@id":"https:\/\/www.csj-emballages.com\/pt-pt\/#website","url":"https:\/\/www.csj-emballages.com\/pt-pt\/","name":"CSJ Emballages","description":"","publisher":{"@id":"https:\/\/www.csj-emballages.com\/pt-pt\/#organization"},"potentialAction":[{"@type":"SearchAction","target":{"@type":"EntryPoint","urlTemplate":"https:\/\/www.csj-emballages.com\/pt-pt\/?s={search_term_string}"},"query-input":{"@type":"PropertyValueSpecification","valueRequired":true,"valueName":"search_term_string"}}],"inLanguage":"pt-PT"},{"@type":"Organization","@id":"https:\/\/www.csj-emballages.com\/pt-pt\/#Organization\/","name":"CSJ Emballages","url":"https:\/\/www.csj-emballages.com\/pt-pt\/","logo":{"@type":"ImageObject","inLanguage":"pt-PT","@id":"https:\/\/www.csj-emballages.com\/pt-pt\/#\/schema\/logo\/image\/","url":"https:\/\/www.csj-emballages.com\/wp-content\/uploads\/2023\/10\/logo_csj.webp","contentUrl":"https:\/\/www.csj-emballages.com\/wp-content\/uploads\/2023\/10\/logo_csj.webp","width":250,"height":95,"caption":"CSJ Emballages"},"image":{"@id":"https:\/\/www.csj-emballages.com\/pt-pt\/#\/schema\/logo\/image\/"},"sameAs":["https:\/\/www.facebook.com\/csjemballages"],"address":{"@type":"PostalAddress","streetAddress":"ZI La Lechere","addressLocality":"Patornay","postalCode":"39130","addressCountry":"FR"},"contactPoint":[{"@type":"ContactPoint","contactType":"Service client","telephone":"0384254272","email":"contact@csj-emballages.com"}]}]}},"df_price":1.68,"df_sale_price":"","df_regular_price":1.68,"df_image_link":"https:\/\/www.csj-emballages.com\/wp-content\/uploads\/2024\/03\/Piques-cuisson-viande-bleu-300x300.webp","tiered_pricing_type":"fixed","tiered_pricing_fixed_rules":[],"tiered_pricing_percentage_rules":[],"tiered_pricing_minimum":1,"tiered_pricing_roles_data":[],"_links":{"self":[{"href":"https:\/\/www.csj-emballages.com\/pt-pt\/wp-json\/wp\/v2\/product\/18289","targetHints":{"allow":["GET"]}}],"collection":[{"href":"https:\/\/www.csj-emballages.com\/pt-pt\/wp-json\/wp\/v2\/product"}],"about":[{"href":"https:\/\/www.csj-emballages.com\/pt-pt\/wp-json\/wp\/v2\/types\/product"}],"wp:featuredmedia":[{"embeddable":true,"href":"https:\/\/www.csj-emballages.com\/pt-pt\/wp-json\/wp\/v2\/media\/225256"}],"wp:attachment":[{"href":"https:\/\/www.csj-emballages.com\/pt-pt\/wp-json\/wp\/v2\/media?parent=18289"}],"wp:term":[{"taxonomy":"product_brand","embeddable":true,"href":"https:\/\/www.csj-emballages.com\/pt-pt\/wp-json\/wp\/v2\/product_brand?post=18289"},{"taxonomy":"product_cat","embeddable":true,"href":"https:\/\/www.csj-emballages.com\/pt-pt\/wp-json\/wp\/v2\/product_cat?post=18289"},{"taxonomy":"product_tag","embeddable":true,"href":"https:\/\/www.csj-emballages.com\/pt-pt\/wp-json\/wp\/v2\/product_tag?post=18289"}],"curies":[{"name":"wp","href":"https:\/\/api.w.org\/{rel}","templated":true}]}}