{"id":18282,"date":"2024-03-01T16:59:23","date_gmt":"2024-03-01T15:59:23","guid":{"rendered":"https:\/\/u15jnbdpoq.preview.infomaniak.website\/produit\/raspador-de-espuma-branca-para-o-chao-45-cm\/"},"modified":"2026-04-28T02:11:10","modified_gmt":"2026-04-28T00:11:10","slug":"raspador-de-espuma-branca-para-o-chao-45-cm","status":"publish","type":"product","link":"https:\/\/www.csj-emballages.com\/pt-pt\/produit\/raspador-de-espuma-branca-para-o-chao-45-cm\/","title":{"rendered":"Raspador de espuma branca para alimentos 45 cm"},"content":{"rendered":"<h2>Raspador de alimentos<\/h2>\n<hr>\n<h3>Descri\u00e7\u00e3o do nosso raspador de ch\u00e3o de espuma branca de 45 cm<!--more--><\/h3>\n<div class=\"flex max-w-full flex-col flex-grow\">\n<div class=\"min-h-8 text-message flex w-full flex-col items-end gap-2 whitespace-normal break-words text-start [.text-message+&amp;]:mt-5\" dir=\"auto\" data-message-author-role=\"assistant\" data-message-id=\"266ca6f3-5e07-4948-bd20-80ac5e6da4a5\" data-message-model-slug=\"gpt-4o\">\n<div class=\"flex w-full flex-col gap-1 empty:hidden first:pt-[3px]\">\n<div class=\"markdown prose w-full break-words dark:prose-invert dark\">\n<p data-start=\"245\" data-end=\"652\">Esta <strong>rasqueta alimentar<\/strong> <strong data-start=\"272\" data-end=\"281\">de 45 cm<\/strong> \u00e9 claramente o tipo de ferramenta que se adota rapidamente\u2026 e que nunca mais se larga. Foi concebida para tornar a limpeza de pavimentos mais simples, mais r\u00e1pida e, sobretudo, mais eficaz em ambientes profissionais. Gra\u00e7as \u00e0 sua <strong>l\u00e2mina de espuma branca<\/strong>, desliza facilmente no pavimento e recolhe a \u00e1gua, os l\u00edquidos ou os res\u00edduos sem deixar rasto.  <\/p>\n<p data-start=\"654\" data-end=\"1014\">O que faz a diferen\u00e7a \u00e9 precisamente esta <strong>espuma flex\u00edvel, mas resistente<\/strong>. Adapta-se \u00e0s irregularidades do pavimento, o que permite limpar numa s\u00f3 passagem, mesmo em zonas complicadas. Quer seja numa cozinha profissional, num laborat\u00f3rio, na ind\u00fastria agroalimentar ou numa zona de prepara\u00e7\u00e3o, garante um resultado limpo, sem esfor\u00e7o desnecess\u00e1rio.  <\/p>\n<p data-start=\"1016\" data-end=\"1414\">O seu formato <strong data-start=\"1027\" data-end=\"1036\">de 45 cm<\/strong> oferece um bom compromisso: suficientemente largo para cobrir uma grande superf\u00edcie rapidamente, mas suficientemente manobr\u00e1vel para permanecer preciso em espa\u00e7os mais estreitos. Al\u00e9m disso, o seu suporte s\u00f3lido garante uma boa durabilidade, mesmo em caso de utiliza\u00e7\u00e3o intensiva. Fixa-se facilmente num <strong>cabo compat\u00edvel<\/strong>, o que permite uma pega confort\u00e1vel e um gesto natural.  <\/p>\n<p data-start=\"1416\" data-end=\"1677\">No dia a dia, esta <strong>rasqueta<\/strong> permite-lhe poupar tempo, limitar a fadiga e melhorar claramente a higiene dos pavimentos. \u00c9 uma ferramenta simples, eficaz e fi\u00e1vel, perfeitamente adaptada \u00e0s exig\u00eancias dos profissionais que procuram material pr\u00e1tico e duradouro. <\/p>\n<h3><\/h3>\n<\/div>\n<\/div>\n<\/div>\n<\/div>\n<p><!--more--><\/p>\n<h4>Vantagens :<\/h4>\n<ul>\n<li data-start=\"1705\" data-end=\"1748\"><strong>L\u00e2mina de espuma<\/strong> <strong>branca<\/strong> flex\u00edvel e eficaz.<\/li>\n<li data-start=\"1751\" data-end=\"1798\"><strong>Largura de 45 cm<\/strong> ideal para uma limpeza r\u00e1pida.<\/li>\n<li data-start=\"1801\" data-end=\"1834\">Adaptada \u00e0s normas alimentares.<\/li>\n<li data-start=\"1837\" data-end=\"1875\">Excelente recolha de l\u00edquidos.<\/li>\n<li data-start=\"1878\" data-end=\"1914\">Utiliza\u00e7\u00e3o confort\u00e1vel e precisa.<\/li>\n<li data-start=\"1917\" data-end=\"1961\">Adequada para ambientes profissionais.<\/li>\n<\/ul>\n<p>&nbsp;<\/p>\n<p><!--more--><\/p>\n<h4>Outras informa\u00e7\u00f5es :<\/h4>\n<ul>\n<li><strong>Embalagem<\/strong>: Vendido individualmente<\/li>\n<li><strong>Comprimento<\/strong>: 45 cm<\/li>\n<li><b>Cor: <\/b>Branco<\/li>\n<li><strong>Utiliza\u00e7\u00e3o<\/strong>: Alimenta\u00e7\u00e3o<\/li>\n<\/ul>\n<p>&nbsp;<\/p>\n<p><!--more--><\/p>\n<p><a href=\"https:\/\/www.csj-emballages.com\/pt-pt\/categorie-produit\/higiene-e-manutencao\/escovas-e-vassouras\/raclette-pt-pt\/\">V\u00ea o resto da nossa gama de raclette<\/a><\/p>\n","protected":false},"excerpt":{"rendered":"<p>Raspador de alimentos Descri\u00e7\u00e3o do nosso raspador de ch\u00e3o de espuma branca de 45 cm<\/p>\n","protected":false},"featured_media":221461,"template":"","meta":{"_acf_changed":false},"product_brand":[],"product_cat":[1222,1456,1839],"product_tag":[],"class_list":{"0":"post-18282","1":"product","2":"type-product","3":"status-publish","4":"has-post-thumbnail","6":"product_cat-higiene-e-manutencao","7":"product_cat-escovas-e-vassouras","8":"product_cat-raclette-pt-pt","10":"first","11":"instock","12":"taxable","13":"shipping-taxable","14":"purchasable","15":"product-type-simple"},"acf":[],"yoast_head":"<!-- This site is optimized with the Yoast SEO Premium plugin v26.6 (Yoast SEO v26.6) - https:\/\/yoast.com\/wordpress\/plugins\/seo\/ -->\n<title>Rodo para ch\u00e3o de espuma branca 45 cm<\/title>\n<meta name=\"description\" content=\"O raspador de espuma branca para alimentos de 45 cm garante uma limpeza higi\u00e9nica e eficaz do ch\u00e3o em ambientes alimentares.\" \/>\n<meta name=\"robots\" content=\"index, follow, max-snippet:-1, max-image-preview:large, max-video-preview:-1\" \/>\n<link rel=\"canonical\" href=\"https:\/\/www.csj-emballages.com\/pt-pt\/produit\/raspador-de-espuma-branca-para-o-chao-45-cm\/\" \/>\n<meta property=\"og:locale\" content=\"pt_PT\" \/>\n<meta property=\"og:type\" content=\"article\" \/>\n<meta property=\"og:title\" content=\"Raspador de espuma branca para alimentos 45 cm\" \/>\n<meta property=\"og:description\" content=\"O raspador de espuma branca para alimentos de 45 cm garante uma limpeza higi\u00e9nica e eficaz do ch\u00e3o em ambientes alimentares.\" \/>\n<meta property=\"og:url\" content=\"https:\/\/www.csj-emballages.com\/pt-pt\/produit\/raspador-de-espuma-branca-para-o-chao-45-cm\/\" \/>\n<meta property=\"og:site_name\" content=\"CSJ Emballages\" \/>\n<meta property=\"article:publisher\" content=\"https:\/\/www.facebook.com\/csjemballages\" \/>\n<meta property=\"article:modified_time\" content=\"2026-04-28T00:11:10+00:00\" \/>\n<meta property=\"og:image\" content=\"https:\/\/www.csj-emballages.com\/wp-content\/uploads\/2024\/03\/127C.webp\" \/>\n\t<meta property=\"og:image:width\" content=\"800\" \/>\n\t<meta property=\"og:image:height\" content=\"800\" \/>\n\t<meta property=\"og:image:type\" content=\"image\/webp\" \/>\n<meta name=\"twitter:card\" content=\"summary_large_image\" \/>\n<meta name=\"twitter:label1\" content=\"Tempo estimado de leitura\" \/>\n\t<meta name=\"twitter:data1\" content=\"2 minutos\" \/>\n<script type=\"application\/ld+json\" class=\"yoast-schema-graph\">{\"@context\":\"https:\/\/schema.org\",\"@graph\":[{\"@type\":\"WebPage\",\"@id\":\"https:\/\/www.csj-emballages.com\/pt-pt\/produit\/raspador-de-espuma-branca-para-o-chao-45-cm\/\",\"url\":\"https:\/\/www.csj-emballages.com\/pt-pt\/produit\/raspador-de-espuma-branca-para-o-chao-45-cm\/\",\"name\":\"Rodo para ch\u00e3o de espuma branca 45 cm\",\"isPartOf\":{\"@id\":\"https:\/\/www.csj-emballages.com\/pt-pt\/#website\"},\"primaryImageOfPage\":{\"@id\":\"https:\/\/www.csj-emballages.com\/pt-pt\/produit\/raspador-de-espuma-branca-para-o-chao-45-cm\/#primaryimage\"},\"image\":{\"@id\":\"https:\/\/www.csj-emballages.com\/pt-pt\/produit\/raspador-de-espuma-branca-para-o-chao-45-cm\/#primaryimage\"},\"thumbnailUrl\":\"https:\/\/www.csj-emballages.com\/wp-content\/uploads\/2024\/03\/127C.webp\",\"datePublished\":\"2024-03-01T15:59:23+00:00\",\"dateModified\":\"2026-04-28T00:11:10+00:00\",\"description\":\"O raspador de espuma branca para alimentos de 45 cm garante uma limpeza higi\u00e9nica e eficaz do ch\u00e3o em ambientes alimentares.\",\"breadcrumb\":{\"@id\":\"https:\/\/www.csj-emballages.com\/pt-pt\/produit\/raspador-de-espuma-branca-para-o-chao-45-cm\/#breadcrumb\"},\"inLanguage\":\"pt-PT\",\"potentialAction\":[{\"@type\":\"ReadAction\",\"target\":[\"https:\/\/www.csj-emballages.com\/pt-pt\/produit\/raspador-de-espuma-branca-para-o-chao-45-cm\/\"]}]},{\"@type\":\"ImageObject\",\"inLanguage\":\"pt-PT\",\"@id\":\"https:\/\/www.csj-emballages.com\/pt-pt\/produit\/raspador-de-espuma-branca-para-o-chao-45-cm\/#primaryimage\",\"url\":\"https:\/\/www.csj-emballages.com\/wp-content\/uploads\/2024\/03\/127C.webp\",\"contentUrl\":\"https:\/\/www.csj-emballages.com\/wp-content\/uploads\/2024\/03\/127C.webp\",\"width\":800,\"height\":800,\"caption\":\"Raclette alimentaire\"},{\"@type\":\"BreadcrumbList\",\"@id\":\"https:\/\/www.csj-emballages.com\/pt-pt\/produit\/raspador-de-espuma-branca-para-o-chao-45-cm\/#breadcrumb\",\"itemListElement\":[{\"@type\":\"ListItem\",\"position\":1,\"name\":\"Acolhimento\",\"item\":\"https:\/\/www.csj-emballages.com\/pt-pt\/universo-das-embalagens-alimentares\/\"},{\"@type\":\"ListItem\",\"position\":2,\"name\":\"Shop\",\"item\":\"https:\/\/www.csj-emballages.com\/shop\/\"},{\"@type\":\"ListItem\",\"position\":3,\"name\":\"Raspador de espuma branca para alimentos 45 cm\"}]},{\"@type\":\"WebSite\",\"@id\":\"https:\/\/www.csj-emballages.com\/pt-pt\/#website\",\"url\":\"https:\/\/www.csj-emballages.com\/pt-pt\/\",\"name\":\"CSJ Emballages\",\"description\":\"\",\"publisher\":{\"@id\":\"https:\/\/www.csj-emballages.com\/pt-pt\/#organization\"},\"potentialAction\":[{\"@type\":\"SearchAction\",\"target\":{\"@type\":\"EntryPoint\",\"urlTemplate\":\"https:\/\/www.csj-emballages.com\/pt-pt\/?s={search_term_string}\"},\"query-input\":{\"@type\":\"PropertyValueSpecification\",\"valueRequired\":true,\"valueName\":\"search_term_string\"}}],\"inLanguage\":\"pt-PT\"},{\"@type\":\"Organization\",\"@id\":\"https:\/\/www.csj-emballages.com\/pt-pt\/#Organization\/\",\"name\":\"CSJ Emballages\",\"url\":\"https:\/\/www.csj-emballages.com\/pt-pt\/\",\"logo\":{\"@type\":\"ImageObject\",\"inLanguage\":\"pt-PT\",\"@id\":\"https:\/\/www.csj-emballages.com\/pt-pt\/#\/schema\/logo\/image\/\",\"url\":\"https:\/\/www.csj-emballages.com\/wp-content\/uploads\/2023\/10\/logo_csj.webp\",\"contentUrl\":\"https:\/\/www.csj-emballages.com\/wp-content\/uploads\/2023\/10\/logo_csj.webp\",\"width\":250,\"height\":95,\"caption\":\"CSJ Emballages\"},\"image\":{\"@id\":\"https:\/\/www.csj-emballages.com\/pt-pt\/#\/schema\/logo\/image\/\"},\"sameAs\":[\"https:\/\/www.facebook.com\/csjemballages\"],\"address\":{\"@type\":\"PostalAddress\",\"streetAddress\":\"ZI La Lechere\",\"addressLocality\":\"Patornay\",\"postalCode\":\"39130\",\"addressCountry\":\"FR\"},\"contactPoint\":[{\"@type\":\"ContactPoint\",\"contactType\":\"Service client\",\"telephone\":\"0384254272\",\"email\":\"contact@csj-emballages.com\"}]}]}<\/script>\n<!-- \/ Yoast SEO Premium plugin. -->","yoast_head_json":{"title":"Rodo para ch\u00e3o de espuma branca 45 cm","description":"O raspador de espuma branca para alimentos de 45 cm garante uma limpeza higi\u00e9nica e eficaz do ch\u00e3o em ambientes alimentares.","robots":{"index":"index","follow":"follow","max-snippet":"max-snippet:-1","max-image-preview":"max-image-preview:large","max-video-preview":"max-video-preview:-1"},"canonical":"https:\/\/www.csj-emballages.com\/pt-pt\/produit\/raspador-de-espuma-branca-para-o-chao-45-cm\/","og_locale":"pt_PT","og_type":"article","og_title":"Raspador de espuma branca para alimentos 45 cm","og_description":"O raspador de espuma branca para alimentos de 45 cm garante uma limpeza higi\u00e9nica e eficaz do ch\u00e3o em ambientes alimentares.","og_url":"https:\/\/www.csj-emballages.com\/pt-pt\/produit\/raspador-de-espuma-branca-para-o-chao-45-cm\/","og_site_name":"CSJ Emballages","article_publisher":"https:\/\/www.facebook.com\/csjemballages","article_modified_time":"2026-04-28T00:11:10+00:00","og_image":[{"width":800,"height":800,"url":"https:\/\/www.csj-emballages.com\/wp-content\/uploads\/2024\/03\/127C.webp","type":"image\/webp"}],"twitter_card":"summary_large_image","twitter_misc":{"Tempo estimado de leitura":"2 minutos"},"schema":{"@context":"https:\/\/schema.org","@graph":[{"@type":"WebPage","@id":"https:\/\/www.csj-emballages.com\/pt-pt\/produit\/raspador-de-espuma-branca-para-o-chao-45-cm\/","url":"https:\/\/www.csj-emballages.com\/pt-pt\/produit\/raspador-de-espuma-branca-para-o-chao-45-cm\/","name":"Rodo para ch\u00e3o de espuma branca 45 cm","isPartOf":{"@id":"https:\/\/www.csj-emballages.com\/pt-pt\/#website"},"primaryImageOfPage":{"@id":"https:\/\/www.csj-emballages.com\/pt-pt\/produit\/raspador-de-espuma-branca-para-o-chao-45-cm\/#primaryimage"},"image":{"@id":"https:\/\/www.csj-emballages.com\/pt-pt\/produit\/raspador-de-espuma-branca-para-o-chao-45-cm\/#primaryimage"},"thumbnailUrl":"https:\/\/www.csj-emballages.com\/wp-content\/uploads\/2024\/03\/127C.webp","datePublished":"2024-03-01T15:59:23+00:00","dateModified":"2026-04-28T00:11:10+00:00","description":"O raspador de espuma branca para alimentos de 45 cm garante uma limpeza higi\u00e9nica e eficaz do ch\u00e3o em ambientes alimentares.","breadcrumb":{"@id":"https:\/\/www.csj-emballages.com\/pt-pt\/produit\/raspador-de-espuma-branca-para-o-chao-45-cm\/#breadcrumb"},"inLanguage":"pt-PT","potentialAction":[{"@type":"ReadAction","target":["https:\/\/www.csj-emballages.com\/pt-pt\/produit\/raspador-de-espuma-branca-para-o-chao-45-cm\/"]}]},{"@type":"ImageObject","inLanguage":"pt-PT","@id":"https:\/\/www.csj-emballages.com\/pt-pt\/produit\/raspador-de-espuma-branca-para-o-chao-45-cm\/#primaryimage","url":"https:\/\/www.csj-emballages.com\/wp-content\/uploads\/2024\/03\/127C.webp","contentUrl":"https:\/\/www.csj-emballages.com\/wp-content\/uploads\/2024\/03\/127C.webp","width":800,"height":800,"caption":"Raclette alimentaire"},{"@type":"BreadcrumbList","@id":"https:\/\/www.csj-emballages.com\/pt-pt\/produit\/raspador-de-espuma-branca-para-o-chao-45-cm\/#breadcrumb","itemListElement":[{"@type":"ListItem","position":1,"name":"Acolhimento","item":"https:\/\/www.csj-emballages.com\/pt-pt\/universo-das-embalagens-alimentares\/"},{"@type":"ListItem","position":2,"name":"Shop","item":"https:\/\/www.csj-emballages.com\/shop\/"},{"@type":"ListItem","position":3,"name":"Raspador de espuma branca para alimentos 45 cm"}]},{"@type":"WebSite","@id":"https:\/\/www.csj-emballages.com\/pt-pt\/#website","url":"https:\/\/www.csj-emballages.com\/pt-pt\/","name":"CSJ Emballages","description":"","publisher":{"@id":"https:\/\/www.csj-emballages.com\/pt-pt\/#organization"},"potentialAction":[{"@type":"SearchAction","target":{"@type":"EntryPoint","urlTemplate":"https:\/\/www.csj-emballages.com\/pt-pt\/?s={search_term_string}"},"query-input":{"@type":"PropertyValueSpecification","valueRequired":true,"valueName":"search_term_string"}}],"inLanguage":"pt-PT"},{"@type":"Organization","@id":"https:\/\/www.csj-emballages.com\/pt-pt\/#Organization\/","name":"CSJ Emballages","url":"https:\/\/www.csj-emballages.com\/pt-pt\/","logo":{"@type":"ImageObject","inLanguage":"pt-PT","@id":"https:\/\/www.csj-emballages.com\/pt-pt\/#\/schema\/logo\/image\/","url":"https:\/\/www.csj-emballages.com\/wp-content\/uploads\/2023\/10\/logo_csj.webp","contentUrl":"https:\/\/www.csj-emballages.com\/wp-content\/uploads\/2023\/10\/logo_csj.webp","width":250,"height":95,"caption":"CSJ Emballages"},"image":{"@id":"https:\/\/www.csj-emballages.com\/pt-pt\/#\/schema\/logo\/image\/"},"sameAs":["https:\/\/www.facebook.com\/csjemballages"],"address":{"@type":"PostalAddress","streetAddress":"ZI La Lechere","addressLocality":"Patornay","postalCode":"39130","addressCountry":"FR"},"contactPoint":[{"@type":"ContactPoint","contactType":"Service client","telephone":"0384254272","email":"contact@csj-emballages.com"}]}]}},"df_price":7.24,"df_sale_price":"","df_regular_price":7.24,"df_image_link":"https:\/\/www.csj-emballages.com\/wp-content\/uploads\/2024\/03\/127C-300x300.webp","tiered_pricing_type":"fixed","tiered_pricing_fixed_rules":[],"tiered_pricing_percentage_rules":[],"tiered_pricing_minimum":1,"tiered_pricing_roles_data":[],"_links":{"self":[{"href":"https:\/\/www.csj-emballages.com\/pt-pt\/wp-json\/wp\/v2\/product\/18282","targetHints":{"allow":["GET"]}}],"collection":[{"href":"https:\/\/www.csj-emballages.com\/pt-pt\/wp-json\/wp\/v2\/product"}],"about":[{"href":"https:\/\/www.csj-emballages.com\/pt-pt\/wp-json\/wp\/v2\/types\/product"}],"wp:featuredmedia":[{"embeddable":true,"href":"https:\/\/www.csj-emballages.com\/pt-pt\/wp-json\/wp\/v2\/media\/221461"}],"wp:attachment":[{"href":"https:\/\/www.csj-emballages.com\/pt-pt\/wp-json\/wp\/v2\/media?parent=18282"}],"wp:term":[{"taxonomy":"product_brand","embeddable":true,"href":"https:\/\/www.csj-emballages.com\/pt-pt\/wp-json\/wp\/v2\/product_brand?post=18282"},{"taxonomy":"product_cat","embeddable":true,"href":"https:\/\/www.csj-emballages.com\/pt-pt\/wp-json\/wp\/v2\/product_cat?post=18282"},{"taxonomy":"product_tag","embeddable":true,"href":"https:\/\/www.csj-emballages.com\/pt-pt\/wp-json\/wp\/v2\/product_tag?post=18282"}],"curies":[{"name":"wp","href":"https:\/\/api.w.org\/{rel}","templated":true}]}}