{"id":18280,"date":"2024-03-01T16:59:24","date_gmt":"2024-03-01T15:59:24","guid":{"rendered":"https:\/\/u15jnbdpoq.preview.infomaniak.website\/produit\/1000-etiquetas-prateadas-prazer-de-dar\/"},"modified":"2026-03-12T16:03:50","modified_gmt":"2026-03-12T15:03:50","slug":"1000-etiquetas-prateadas-prazer-de-dar","status":"publish","type":"product","link":"https:\/\/www.csj-emballages.com\/pt-pt\/produit\/1000-etiquetas-prateadas-prazer-de-dar\/","title":{"rendered":"Etiqueta adesiva prateada &#8220;Prazer de dar&#8221;, embalagem de 1000"},"content":{"rendered":"<div style=\"box-sizing: inherit; font-family: Roboto, sans-serif;\">\n<div style=\"box-sizing: inherit; font-family: Roboto, sans-serif;\">\n<div style=\"box-sizing: inherit; font-family: Roboto, sans-serif;\">\n<div style=\"box-sizing: inherit; font-family: Roboto, sans-serif;\">\n<div style=\"box-sizing: inherit; font-family: Roboto, sans-serif;\">\n<div style=\"box-sizing: inherit; font-family: Roboto, sans-serif;\">\n<div style=\"box-sizing: inherit; font-family: Roboto, sans-serif;\">\n<div style=\"box-sizing: inherit; font-family: Roboto, sans-serif;\">\n<div style=\"box-sizing: inherit; font-family: Roboto, sans-serif;\">\n<div style=\"box-sizing: inherit; font-family: Roboto, sans-serif;\">\n<div style=\"box-sizing: inherit; font-family: Roboto, sans-serif;\">\n<div style=\"box-sizing: inherit; font-family: Roboto, sans-serif;\">\n<div style=\"box-sizing: inherit; font-family: Roboto, sans-serif;\">\n<div class=\"flex flex-grow flex-col max-w-full\">\n<div class=\"min-h-[20px] text-message flex flex-col items-start whitespace-pre-wrap break-words [.text-message+&amp;]:mt-5 juice:w-full juice:items-end overflow-x-auto gap-2\" dir=\"auto\" data-message-author-role=\"assistant\" data-message-id=\"2034782e-88f9-44ef-b4dc-07dd7bf0115f\">\n<div class=\"flex w-full flex-col gap-1 juice:empty:hidden juice:first:pt-[3px]\">\n<div class=\"markdown prose w-full break-words dark:prose-invert light\">\n<div style=\"box-sizing: inherit; font-family: Roboto, sans-serif;\">\n<div style=\"box-sizing: inherit; font-family: Roboto, sans-serif;\">\n<div style=\"box-sizing: inherit; font-family: Roboto, sans-serif;\">\n<div style=\"box-sizing: inherit; font-family: Roboto, sans-serif;\">\n<div style=\"box-sizing: inherit; font-family: Roboto, sans-serif;\">\n<div style=\"box-sizing: inherit; font-family: Roboto, sans-serif;\">\n<h2 class=\"p1\">Etiqueta adesiva prateada<\/h2>\n<div style=\"box-sizing: inherit; font-family: Roboto, sans-serif;\">\n<div style=\"box-sizing: inherit; font-family: Roboto, sans-serif;\">\n<div style=\"box-sizing: inherit; font-family: Roboto, sans-serif;\">\n<div style=\"text-align: center;\">\n<div style=\"box-sizing: inherit; font-family: Roboto, sans-serif;\">\n<div style=\"box-sizing: inherit; font-family: Roboto, sans-serif;\">\n<div style=\"box-sizing: inherit; font-family: Roboto, sans-serif;\">\n<div style=\"box-sizing: inherit; font-family: Roboto, sans-serif;\">\n<div style=\"box-sizing: inherit; font-family: Roboto, sans-serif;\">\n<div style=\"box-sizing: inherit; font-family: Roboto, sans-serif; text-align: left;\">\n<hr>\n<h3 style=\"text-align: left;\">Descri\u00e7\u00e3o da nossa etiqueta adesiva prateada &#8220;plaisir d&#8217;offrir&#8221; por 1000<\/h3>\n<h3 style=\"text-align: left;\"><!--more--><\/h3>\n<\/div>\n<\/div>\n<\/div>\n<\/div>\n<\/div>\n<\/div>\n<\/div>\n<\/div>\n<\/div>\n<\/div>\n<\/div>\n<\/div>\n<\/div>\n<\/div>\n<\/div>\n<\/div>\n<\/div>\n<\/div>\n<\/div>\n<\/div>\n<\/div>\n<\/div>\n<\/div>\n<\/div>\n<\/div>\n<\/div>\n<\/div>\n<\/div>\n<\/div>\n<\/div>\n<\/div>\n<\/div>\n<\/div>\n<div style=\"box-sizing: inherit; font-family: Roboto, sans-serif;\">\n<div style=\"box-sizing: inherit; font-family: Roboto, sans-serif;\">\n<div style=\"box-sizing: inherit; font-family: Roboto, sans-serif;\">\n<div style=\"box-sizing: inherit; font-family: Roboto, sans-serif;\">\n<div style=\"box-sizing: inherit; font-family: Roboto, sans-serif;\">\n<div style=\"box-sizing: inherit; font-family: Roboto, sans-serif;\">\n<div style=\"box-sizing: inherit; font-family: Roboto, sans-serif;\">\n<div style=\"box-sizing: inherit; font-family: Roboto, sans-serif;\">\n<div style=\"box-sizing: inherit; font-family: Roboto, sans-serif;\">\n<div style=\"box-sizing: inherit; font-family: Roboto, sans-serif;\">\n<div style=\"box-sizing: inherit; font-family: Roboto, sans-serif;\">\n<div style=\"box-sizing: inherit; font-family: Roboto, sans-serif;\">\n<div style=\"box-sizing: inherit; font-family: Roboto, sans-serif;\">\n<div class=\"flex flex-grow flex-col max-w-full\">\n<div class=\"min-h-[20px] text-message flex flex-col items-start whitespace-pre-wrap break-words [.text-message+&amp;]:mt-5 juice:w-full juice:items-end overflow-x-auto gap-2\" dir=\"auto\" data-message-author-role=\"assistant\" data-message-id=\"2034782e-88f9-44ef-b4dc-07dd7bf0115f\">\n<div class=\"flex w-full flex-col gap-1 juice:empty:hidden juice:first:pt-[3px]\">\n<div class=\"markdown prose w-full break-words dark:prose-invert light\">\n<div style=\"box-sizing: inherit; font-family: Roboto, sans-serif;\">\n<div style=\"box-sizing: inherit; font-family: Roboto, sans-serif;\">\n<div style=\"box-sizing: inherit; font-family: Roboto, sans-serif;\">\n<div style=\"box-sizing: inherit; font-family: Roboto, sans-serif;\">\n<div style=\"box-sizing: inherit; font-family: Roboto, sans-serif;\">\n<div style=\"box-sizing: inherit; font-family: Roboto, sans-serif;\">\n<p data-start=\"0\" data-end=\"388\">D\u00ea um toque de eleg\u00e2ncia a cada presente com a nossa <strong data-start=\"86\" data-end=\"125\">etiqueta adesiva prateada &#8220;Pleasure of giving&#8221;.<\/strong> Fabricadas em <strong data-start=\"138\" data-end=\"167\">papel adesivo de alta qualidade<\/strong>, estas <strong>etiquetas prateadas<\/strong> medem <strong data-start=\"193\" data-end=\"207\">32 x 19 mm<\/strong> e s\u00e3o fornecidas em <strong data-start=\"228\" data-end=\"252\">caixas de 1000<\/strong>. Gra\u00e7as ao seu <strong data-start=\"267\" data-end=\"298\">acabamento prateado brilhante<\/strong>, conferem instantaneamente um toque festivo e profissional a todas as suas embalagens.  <\/p>\n<p data-start=\"390\" data-end=\"797\">Pr\u00e1ticas e requintadas, estas <strong>etiquetas<\/strong> adaptam-se perfeitamente \u00e0s suas <strong data-start=\"460\" data-end=\"487\">embalagens de alimentos<\/strong>, caixas de oferta ou saquetas gourmet. Quer seja um <strong data-start=\"541\" data-end=\"564\">chocolatier artesanal<\/strong>, um <strong data-start=\"566\" data-end=\"579\">padeiro<\/strong>, um <strong data-start=\"581\" data-end=\"593\">catering<\/strong> ou simplesmente um apaixonado pela apresenta\u00e7\u00e3o, estes r\u00f3tulos sublinham a sua aten\u00e7\u00e3o ao pormenor. Al\u00e9m disso, o seu <strong data-start=\"693\" data-end=\"711\">tamanho compacto<\/strong> torna-as ideais para decorar tanto pequenos recipientes como grandes caixas de oferta.  <\/p>\n<p data-start=\"799\" data-end=\"1121\">A <strong data-start=\"802\" data-end=\"825\">caixa dispensadora<\/strong> facilita o armazenamento e a recolha: basta retirar uma <strong>etiqueta autocolante<\/strong> e col\u00e1-la diretamente na sua embalagem. Acabaram-se as perdas de tempo! Al\u00e9m disso, o poderoso adesivo garante uma fixa\u00e7\u00e3o perfeita numa variedade de substratos, incluindo cart\u00e3o, papel kraft e pl\u00e1stico liso.  <\/p>\n<p data-start=\"1123\" data-end=\"1477\">Ao escolher estas <strong>etiquetas autocolantes &#8220;Plaisir d&#8217;offrir&#8221;,<\/strong> pode transmitir uma <strong data-start=\"1190\" data-end=\"1212\">mensagem calorosa<\/strong> aos seus clientes, ao mesmo tempo que valoriza os seus produtos. Um simples pormenor como uma etiqueta decorativa pode transformar uma embalagem vulgar num presente pronto a oferecer. Desta forma, refor\u00e7a a imagem da sua marca e cria uma <strong data-start=\"1445\" data-end=\"1476\">experi\u00eancia memor\u00e1vel para o cliente<\/strong>.  <\/p>\n<p data-start=\"1479\" data-end=\"1840\">Em suma, estas <strong>etiquetas prateadas<\/strong> s\u00e3o a escolha ideal para valorizar as suas cria\u00e7\u00f5es e transmitir a sua paix\u00e3o. Gra\u00e7as ao seu <strong data-start=\"1606\" data-end=\"1620\">estilo chique<\/strong>, \u00e0 sua <strong data-start=\"1627\" data-end=\"1647\">ader\u00eancia fi\u00e1vel<\/strong> e \u00e0 sua <strong data-start=\"1656\" data-end=\"1681\">distribui\u00e7\u00e3o pr\u00e1tica<\/strong>, rapidamente se tornar\u00e3o um must-have para a sua oficina ou loja. N\u00e3o se limite a oferecer um produto, ofere\u00e7a o <strong data-start=\"1819\" data-end=\"1839\">prazer de oferecer<\/strong>.  <\/p>\n<p><!--more--><\/p>\n<h4 style=\"text-align: left;\">Vantagens :<\/h4>\n<ul style=\"text-align: left;\">\n<li>Elegante <strong data-start=\"2069\" data-end=\"2090\">acabamento prateado<\/strong> para real\u00e7ar cada embalagem.<\/li>\n<li><strong data-start=\"2136\" data-end=\"2159\">Caixa dispensadora<\/strong> pr\u00e1tica para uma utiliza\u00e7\u00e3o r\u00e1pida e arrumada.<\/li>\n<li><strong data-start=\"2206\" data-end=\"2226\">Cola potente<\/strong> adequada para v\u00e1rios substratos (cart\u00e3o, pl\u00e1stico, kraft).<\/li>\n<li>Formato <strong data-start=\"2291\" data-end=\"2303\">32&#215;19 mm<\/strong> perfeito para todos os tipos de presentes ou produtos alimentares.<\/li>\n<\/ul>\n<\/div>\n<\/div>\n<\/div>\n<\/div>\n<\/div>\n<\/div>\n<\/div>\n<\/div>\n<\/div>\n<\/div>\n<\/div>\n<\/div>\n<p>&nbsp;<\/p>\n<\/div>\n<\/div>\n<\/div>\n<\/div>\n<\/div>\n<\/div>\n<\/div>\n<\/div>\n<\/div>\n<\/div>\n<\/div>\n<p><!--more--><\/p>\n<h4>Outras informa\u00e7\u00f5es :<\/h4>\n<ul style=\"box-sizing: inherit; font-family: Roboto, sans-serif;\">\n<li><strong>Embalagem<\/strong>: Pacote de 1000<\/li>\n<li><span style=\"font-weight: bold;\">Dimens\u00f5es<\/span>: 32 x 19 mm<\/li>\n<li><strong>Cor<\/strong>: Prateado \/ Preto<\/li>\n<\/ul>\n<p>&nbsp;<\/p>\n<p><!--more--><\/p>\n<p>Esta etiqueta tamb\u00e9m est\u00e1 dispon\u00edvel em dourado: <span style=\"color: #d12727;\"><a style=\"color: #d12727;\" href=\"https:\/\/www.csj-emballages.com\/pt-pt\/produit\/1000-etiquetas-douradas-prazer-de-dar\/\">11121<\/a><\/span><\/p>\n<div style=\"box-sizing: inherit; font-family: Roboto, sans-serif;\">\n<div style=\"box-sizing: inherit; font-family: Roboto, sans-serif;\">\n<div style=\"box-sizing: inherit; font-family: Roboto, sans-serif;\">\n<div style=\"box-sizing: inherit; font-family: Roboto, sans-serif;\">\n<div style=\"box-sizing: inherit; font-family: Roboto, sans-serif;\">\n<div style=\"box-sizing: inherit; font-family: Roboto, sans-serif;\">\n<p>&nbsp;<\/p>\n<p><!--more--><\/p>\n<p><a href=\"https:\/\/www.csj-emballages.com\/pt-pt\/categorie-produit\/embalagem-de-alimentos\/noel-pt-pt\/acessorios-embalagens-decorativas\/etiquetas-pt-pt-2\/\">Ver o resto da nossa gama de etiquetas adesivas decorativas<\/a><\/p>\n<\/div>\n<\/div>\n<\/div>\n<\/div>\n<\/div>\n<\/div>\n","protected":false},"excerpt":{"rendered":"<p>Etiqueta adesiva prateada Descri\u00e7\u00e3o da nossa etiqueta adesiva prateada &#8220;plaisir d&#8217;offrir&#8221; por 1000<\/p>\n","protected":false},"featured_media":243810,"template":"","meta":{"_acf_changed":false},"product_brand":[],"product_cat":[1141,1177,1819,1482,1827],"product_tag":[],"class_list":{"0":"post-18280","1":"product","2":"type-product","3":"status-publish","4":"has-post-thumbnail","6":"product_cat-embalagem-de-alimentos","7":"product_cat-padaria-e-pastelaria","8":"product_cat-etiquetas","9":"product_cat-loja-e-armazem","10":"product_cat-etiquetas-pt-pt","12":"first","13":"instock","14":"taxable","15":"shipping-taxable","16":"purchasable","17":"product-type-simple"},"acf":[],"yoast_head":"<!-- This site is optimized with the Yoast SEO Premium plugin v26.6 (Yoast SEO v26.6) - https:\/\/yoast.com\/wordpress\/plugins\/seo\/ -->\n<title>Etiqueta adesiva prateada &quot;Plaisir d&#039;Offrir&quot; - 1000 unidades<\/title>\n<meta name=\"description\" content=\"Etiqueta adesiva prateada &quot;Plaisir d&#039;offrir&quot; 32x19 mm em caixa de 1000: adesivo potente, design elegante, ideal para embalagens de presentes e alimentos.\" \/>\n<meta name=\"robots\" content=\"index, follow, max-snippet:-1, max-image-preview:large, max-video-preview:-1\" \/>\n<link rel=\"canonical\" href=\"https:\/\/www.csj-emballages.com\/pt-pt\/produit\/1000-etiquetas-prateadas-prazer-de-dar\/\" \/>\n<meta property=\"og:locale\" content=\"pt_PT\" \/>\n<meta property=\"og:type\" content=\"article\" \/>\n<meta property=\"og:title\" content=\"Etiqueta adesiva prateada &quot;Prazer de dar&quot;, embalagem de 1000\" \/>\n<meta property=\"og:description\" content=\"Etiqueta adesiva prateada &quot;Plaisir d&#039;offrir&quot; 32x19 mm em caixa de 1000: adesivo potente, design elegante, ideal para embalagens de presentes e alimentos.\" \/>\n<meta property=\"og:url\" content=\"https:\/\/www.csj-emballages.com\/pt-pt\/produit\/1000-etiquetas-prateadas-prazer-de-dar\/\" \/>\n<meta property=\"og:site_name\" content=\"CSJ Emballages\" \/>\n<meta property=\"article:publisher\" content=\"https:\/\/www.facebook.com\/csjemballages\" \/>\n<meta property=\"article:modified_time\" content=\"2026-03-12T15:03:50+00:00\" \/>\n<meta property=\"og:image\" content=\"https:\/\/www.csj-emballages.com\/wp-content\/uploads\/2024\/03\/11122.webp\" \/>\n\t<meta property=\"og:image:width\" content=\"800\" \/>\n\t<meta property=\"og:image:height\" content=\"800\" \/>\n\t<meta property=\"og:image:type\" content=\"image\/webp\" \/>\n<meta name=\"twitter:card\" content=\"summary_large_image\" \/>\n<meta name=\"twitter:label1\" content=\"Tempo estimado de leitura\" \/>\n\t<meta name=\"twitter:data1\" content=\"2 minutos\" \/>\n<script type=\"application\/ld+json\" class=\"yoast-schema-graph\">{\"@context\":\"https:\/\/schema.org\",\"@graph\":[{\"@type\":\"WebPage\",\"@id\":\"https:\/\/www.csj-emballages.com\/pt-pt\/produit\/1000-etiquetas-prateadas-prazer-de-dar\/\",\"url\":\"https:\/\/www.csj-emballages.com\/pt-pt\/produit\/1000-etiquetas-prateadas-prazer-de-dar\/\",\"name\":\"Etiqueta adesiva prateada \\\"Plaisir d'Offrir\\\" - 1000 unidades\",\"isPartOf\":{\"@id\":\"https:\/\/www.csj-emballages.com\/pt-pt\/#website\"},\"primaryImageOfPage\":{\"@id\":\"https:\/\/www.csj-emballages.com\/pt-pt\/produit\/1000-etiquetas-prateadas-prazer-de-dar\/#primaryimage\"},\"image\":{\"@id\":\"https:\/\/www.csj-emballages.com\/pt-pt\/produit\/1000-etiquetas-prateadas-prazer-de-dar\/#primaryimage\"},\"thumbnailUrl\":\"https:\/\/www.csj-emballages.com\/wp-content\/uploads\/2024\/03\/11122.webp\",\"datePublished\":\"2024-03-01T15:59:24+00:00\",\"dateModified\":\"2026-03-12T15:03:50+00:00\",\"description\":\"Etiqueta adesiva prateada \\\"Plaisir d'offrir\\\" 32x19 mm em caixa de 1000: adesivo potente, design elegante, ideal para embalagens de presentes e alimentos.\",\"breadcrumb\":{\"@id\":\"https:\/\/www.csj-emballages.com\/pt-pt\/produit\/1000-etiquetas-prateadas-prazer-de-dar\/#breadcrumb\"},\"inLanguage\":\"pt-PT\",\"potentialAction\":[{\"@type\":\"ReadAction\",\"target\":[\"https:\/\/www.csj-emballages.com\/pt-pt\/produit\/1000-etiquetas-prateadas-prazer-de-dar\/\"]}]},{\"@type\":\"ImageObject\",\"inLanguage\":\"pt-PT\",\"@id\":\"https:\/\/www.csj-emballages.com\/pt-pt\/produit\/1000-etiquetas-prateadas-prazer-de-dar\/#primaryimage\",\"url\":\"https:\/\/www.csj-emballages.com\/wp-content\/uploads\/2024\/03\/11122.webp\",\"contentUrl\":\"https:\/\/www.csj-emballages.com\/wp-content\/uploads\/2024\/03\/11122.webp\",\"width\":800,\"height\":800,\"caption\":\"\u00c9tiquette argent\"},{\"@type\":\"BreadcrumbList\",\"@id\":\"https:\/\/www.csj-emballages.com\/pt-pt\/produit\/1000-etiquetas-prateadas-prazer-de-dar\/#breadcrumb\",\"itemListElement\":[{\"@type\":\"ListItem\",\"position\":1,\"name\":\"Acolhimento\",\"item\":\"https:\/\/www.csj-emballages.com\/pt-pt\/universo-das-embalagens-alimentares\/\"},{\"@type\":\"ListItem\",\"position\":2,\"name\":\"Shop\",\"item\":\"https:\/\/www.csj-emballages.com\/shop\/\"},{\"@type\":\"ListItem\",\"position\":3,\"name\":\"Etiqueta adesiva prateada \u00ab\u00a0Prazer de dar\u00a0\u00bb, embalagem de 1000\"}]},{\"@type\":\"WebSite\",\"@id\":\"https:\/\/www.csj-emballages.com\/pt-pt\/#website\",\"url\":\"https:\/\/www.csj-emballages.com\/pt-pt\/\",\"name\":\"CSJ Emballages\",\"description\":\"\",\"publisher\":{\"@id\":\"https:\/\/www.csj-emballages.com\/pt-pt\/#organization\"},\"potentialAction\":[{\"@type\":\"SearchAction\",\"target\":{\"@type\":\"EntryPoint\",\"urlTemplate\":\"https:\/\/www.csj-emballages.com\/pt-pt\/?s={search_term_string}\"},\"query-input\":{\"@type\":\"PropertyValueSpecification\",\"valueRequired\":true,\"valueName\":\"search_term_string\"}}],\"inLanguage\":\"pt-PT\"},{\"@type\":\"Organization\",\"@id\":\"https:\/\/www.csj-emballages.com\/pt-pt\/#Organization\/\",\"name\":\"CSJ Emballages\",\"url\":\"https:\/\/www.csj-emballages.com\/pt-pt\/\",\"logo\":{\"@type\":\"ImageObject\",\"inLanguage\":\"pt-PT\",\"@id\":\"https:\/\/www.csj-emballages.com\/pt-pt\/#\/schema\/logo\/image\/\",\"url\":\"https:\/\/www.csj-emballages.com\/wp-content\/uploads\/2023\/10\/logo_csj.webp\",\"contentUrl\":\"https:\/\/www.csj-emballages.com\/wp-content\/uploads\/2023\/10\/logo_csj.webp\",\"width\":250,\"height\":95,\"caption\":\"CSJ Emballages\"},\"image\":{\"@id\":\"https:\/\/www.csj-emballages.com\/pt-pt\/#\/schema\/logo\/image\/\"},\"sameAs\":[\"https:\/\/www.facebook.com\/csjemballages\"],\"address\":{\"@type\":\"PostalAddress\",\"streetAddress\":\"ZI La Lechere\",\"addressLocality\":\"Patornay\",\"postalCode\":\"39130\",\"addressCountry\":\"FR\"},\"contactPoint\":[{\"@type\":\"ContactPoint\",\"contactType\":\"Service client\",\"telephone\":\"0384254272\",\"email\":\"contact@csj-emballages.com\"}]}]}<\/script>\n<!-- \/ Yoast SEO Premium plugin. -->","yoast_head_json":{"title":"Etiqueta adesiva prateada \"Plaisir d'Offrir\" - 1000 unidades","description":"Etiqueta adesiva prateada \"Plaisir d'offrir\" 32x19 mm em caixa de 1000: adesivo potente, design elegante, ideal para embalagens de presentes e alimentos.","robots":{"index":"index","follow":"follow","max-snippet":"max-snippet:-1","max-image-preview":"max-image-preview:large","max-video-preview":"max-video-preview:-1"},"canonical":"https:\/\/www.csj-emballages.com\/pt-pt\/produit\/1000-etiquetas-prateadas-prazer-de-dar\/","og_locale":"pt_PT","og_type":"article","og_title":"Etiqueta adesiva prateada \"Prazer de dar\", embalagem de 1000","og_description":"Etiqueta adesiva prateada \"Plaisir d'offrir\" 32x19 mm em caixa de 1000: adesivo potente, design elegante, ideal para embalagens de presentes e alimentos.","og_url":"https:\/\/www.csj-emballages.com\/pt-pt\/produit\/1000-etiquetas-prateadas-prazer-de-dar\/","og_site_name":"CSJ Emballages","article_publisher":"https:\/\/www.facebook.com\/csjemballages","article_modified_time":"2026-03-12T15:03:50+00:00","og_image":[{"width":800,"height":800,"url":"https:\/\/www.csj-emballages.com\/wp-content\/uploads\/2024\/03\/11122.webp","type":"image\/webp"}],"twitter_card":"summary_large_image","twitter_misc":{"Tempo estimado de leitura":"2 minutos"},"schema":{"@context":"https:\/\/schema.org","@graph":[{"@type":"WebPage","@id":"https:\/\/www.csj-emballages.com\/pt-pt\/produit\/1000-etiquetas-prateadas-prazer-de-dar\/","url":"https:\/\/www.csj-emballages.com\/pt-pt\/produit\/1000-etiquetas-prateadas-prazer-de-dar\/","name":"Etiqueta adesiva prateada \"Plaisir d'Offrir\" - 1000 unidades","isPartOf":{"@id":"https:\/\/www.csj-emballages.com\/pt-pt\/#website"},"primaryImageOfPage":{"@id":"https:\/\/www.csj-emballages.com\/pt-pt\/produit\/1000-etiquetas-prateadas-prazer-de-dar\/#primaryimage"},"image":{"@id":"https:\/\/www.csj-emballages.com\/pt-pt\/produit\/1000-etiquetas-prateadas-prazer-de-dar\/#primaryimage"},"thumbnailUrl":"https:\/\/www.csj-emballages.com\/wp-content\/uploads\/2024\/03\/11122.webp","datePublished":"2024-03-01T15:59:24+00:00","dateModified":"2026-03-12T15:03:50+00:00","description":"Etiqueta adesiva prateada \"Plaisir d'offrir\" 32x19 mm em caixa de 1000: adesivo potente, design elegante, ideal para embalagens de presentes e alimentos.","breadcrumb":{"@id":"https:\/\/www.csj-emballages.com\/pt-pt\/produit\/1000-etiquetas-prateadas-prazer-de-dar\/#breadcrumb"},"inLanguage":"pt-PT","potentialAction":[{"@type":"ReadAction","target":["https:\/\/www.csj-emballages.com\/pt-pt\/produit\/1000-etiquetas-prateadas-prazer-de-dar\/"]}]},{"@type":"ImageObject","inLanguage":"pt-PT","@id":"https:\/\/www.csj-emballages.com\/pt-pt\/produit\/1000-etiquetas-prateadas-prazer-de-dar\/#primaryimage","url":"https:\/\/www.csj-emballages.com\/wp-content\/uploads\/2024\/03\/11122.webp","contentUrl":"https:\/\/www.csj-emballages.com\/wp-content\/uploads\/2024\/03\/11122.webp","width":800,"height":800,"caption":"\u00c9tiquette argent"},{"@type":"BreadcrumbList","@id":"https:\/\/www.csj-emballages.com\/pt-pt\/produit\/1000-etiquetas-prateadas-prazer-de-dar\/#breadcrumb","itemListElement":[{"@type":"ListItem","position":1,"name":"Acolhimento","item":"https:\/\/www.csj-emballages.com\/pt-pt\/universo-das-embalagens-alimentares\/"},{"@type":"ListItem","position":2,"name":"Shop","item":"https:\/\/www.csj-emballages.com\/shop\/"},{"@type":"ListItem","position":3,"name":"Etiqueta adesiva prateada \u00ab\u00a0Prazer de dar\u00a0\u00bb, embalagem de 1000"}]},{"@type":"WebSite","@id":"https:\/\/www.csj-emballages.com\/pt-pt\/#website","url":"https:\/\/www.csj-emballages.com\/pt-pt\/","name":"CSJ Emballages","description":"","publisher":{"@id":"https:\/\/www.csj-emballages.com\/pt-pt\/#organization"},"potentialAction":[{"@type":"SearchAction","target":{"@type":"EntryPoint","urlTemplate":"https:\/\/www.csj-emballages.com\/pt-pt\/?s={search_term_string}"},"query-input":{"@type":"PropertyValueSpecification","valueRequired":true,"valueName":"search_term_string"}}],"inLanguage":"pt-PT"},{"@type":"Organization","@id":"https:\/\/www.csj-emballages.com\/pt-pt\/#Organization\/","name":"CSJ Emballages","url":"https:\/\/www.csj-emballages.com\/pt-pt\/","logo":{"@type":"ImageObject","inLanguage":"pt-PT","@id":"https:\/\/www.csj-emballages.com\/pt-pt\/#\/schema\/logo\/image\/","url":"https:\/\/www.csj-emballages.com\/wp-content\/uploads\/2023\/10\/logo_csj.webp","contentUrl":"https:\/\/www.csj-emballages.com\/wp-content\/uploads\/2023\/10\/logo_csj.webp","width":250,"height":95,"caption":"CSJ Emballages"},"image":{"@id":"https:\/\/www.csj-emballages.com\/pt-pt\/#\/schema\/logo\/image\/"},"sameAs":["https:\/\/www.facebook.com\/csjemballages"],"address":{"@type":"PostalAddress","streetAddress":"ZI La Lechere","addressLocality":"Patornay","postalCode":"39130","addressCountry":"FR"},"contactPoint":[{"@type":"ContactPoint","contactType":"Service client","telephone":"0384254272","email":"contact@csj-emballages.com"}]}]}},"df_price":8.04,"df_sale_price":"","df_regular_price":8.04,"df_image_link":"https:\/\/www.csj-emballages.com\/wp-content\/uploads\/2024\/03\/11122-300x300.webp","tiered_pricing_type":"fixed","tiered_pricing_fixed_rules":[],"tiered_pricing_percentage_rules":[],"tiered_pricing_minimum":1,"tiered_pricing_roles_data":[],"_links":{"self":[{"href":"https:\/\/www.csj-emballages.com\/pt-pt\/wp-json\/wp\/v2\/product\/18280","targetHints":{"allow":["GET"]}}],"collection":[{"href":"https:\/\/www.csj-emballages.com\/pt-pt\/wp-json\/wp\/v2\/product"}],"about":[{"href":"https:\/\/www.csj-emballages.com\/pt-pt\/wp-json\/wp\/v2\/types\/product"}],"wp:featuredmedia":[{"embeddable":true,"href":"https:\/\/www.csj-emballages.com\/pt-pt\/wp-json\/wp\/v2\/media\/243810"}],"wp:attachment":[{"href":"https:\/\/www.csj-emballages.com\/pt-pt\/wp-json\/wp\/v2\/media?parent=18280"}],"wp:term":[{"taxonomy":"product_brand","embeddable":true,"href":"https:\/\/www.csj-emballages.com\/pt-pt\/wp-json\/wp\/v2\/product_brand?post=18280"},{"taxonomy":"product_cat","embeddable":true,"href":"https:\/\/www.csj-emballages.com\/pt-pt\/wp-json\/wp\/v2\/product_cat?post=18280"},{"taxonomy":"product_tag","embeddable":true,"href":"https:\/\/www.csj-emballages.com\/pt-pt\/wp-json\/wp\/v2\/product_tag?post=18280"}],"curies":[{"name":"wp","href":"https:\/\/api.w.org\/{rel}","templated":true}]}}