{"id":18268,"date":"2024-03-01T16:59:24","date_gmt":"2024-03-01T15:59:24","guid":{"rendered":"https:\/\/u15jnbdpoq.preview.infomaniak.website\/produit\/500-etiquetas-transparentes-prazer-de-dar\/"},"modified":"2026-03-12T16:03:51","modified_gmt":"2026-03-12T15:03:51","slug":"500-etiquetas-transparentes-prazer-de-dar","status":"publish","type":"product","link":"https:\/\/www.csj-emballages.com\/pt-pt\/produit\/500-etiquetas-transparentes-prazer-de-dar\/","title":{"rendered":"Etiqueta adesiva transparente &#8220;Prazer de dar&#8221;, embalagem com 500 unidades"},"content":{"rendered":"<div style=\"box-sizing: inherit; font-family: Roboto, sans-serif;\">\n<div style=\"box-sizing: inherit; font-family: Roboto, sans-serif;\">\n<div style=\"box-sizing: inherit; font-family: Roboto, sans-serif;\">\n<div style=\"box-sizing: inherit; font-family: Roboto, sans-serif;\">\n<div style=\"box-sizing: inherit; font-family: Roboto, sans-serif;\">\n<div style=\"box-sizing: inherit; font-family: Roboto, sans-serif;\">\n<div style=\"box-sizing: inherit; font-family: Roboto, sans-serif;\">\n<div style=\"box-sizing: inherit; font-family: Roboto, sans-serif;\">\n<div style=\"box-sizing: inherit; font-family: Roboto, sans-serif;\">\n<div style=\"box-sizing: inherit; font-family: Roboto, sans-serif;\">\n<div style=\"box-sizing: inherit; font-family: Roboto, sans-serif;\">\n<div style=\"box-sizing: inherit; font-family: Roboto, sans-serif;\">\n<div style=\"box-sizing: inherit; font-family: Roboto, sans-serif;\">\n<div class=\"flex flex-grow flex-col max-w-full\">\n<div class=\"min-h-[20px] text-message flex flex-col items-start whitespace-pre-wrap break-words [.text-message+&amp;]:mt-5 juice:w-full juice:items-end overflow-x-auto gap-2\" dir=\"auto\" data-message-author-role=\"assistant\" data-message-id=\"2034782e-88f9-44ef-b4dc-07dd7bf0115f\">\n<div class=\"flex w-full flex-col gap-1 juice:empty:hidden juice:first:pt-[3px]\">\n<div class=\"markdown prose w-full break-words dark:prose-invert light\">\n<div style=\"box-sizing: inherit; font-family: Roboto, sans-serif;\">\n<div style=\"box-sizing: inherit; font-family: Roboto, sans-serif;\">\n<div style=\"box-sizing: inherit; font-family: Roboto, sans-serif;\">\n<div style=\"box-sizing: inherit; font-family: Roboto, sans-serif;\">\n<div style=\"box-sizing: inherit; font-family: Roboto, sans-serif;\">\n<div style=\"box-sizing: inherit; font-family: Roboto, sans-serif;\">\n<h2 class=\"p1\">Etiqueta adesiva transparente<\/h2>\n<div style=\"box-sizing: inherit; font-family: Roboto, sans-serif;\">\n<div style=\"box-sizing: inherit; font-family: Roboto, sans-serif;\">\n<div style=\"box-sizing: inherit; font-family: Roboto, sans-serif;\">\n<div style=\"text-align: center;\">\n<div style=\"box-sizing: inherit; font-family: Roboto, sans-serif;\">\n<div style=\"box-sizing: inherit; font-family: Roboto, sans-serif;\">\n<div style=\"box-sizing: inherit; font-family: Roboto, sans-serif;\">\n<div style=\"box-sizing: inherit; font-family: Roboto, sans-serif;\">\n<div style=\"box-sizing: inherit; font-family: Roboto, sans-serif;\">\n<div style=\"box-sizing: inherit; font-family: Roboto, sans-serif; text-align: left;\">\n<hr>\n<h3 style=\"text-align: left;\">Descri\u00e7\u00e3o da nossa etiqueta adesiva transparente &#8220;plaisir d&#8217;offrir&#8221; por 500<\/h3>\n<h3 style=\"text-align: left;\"><!--more--><\/h3>\n<\/div>\n<\/div>\n<\/div>\n<\/div>\n<\/div>\n<\/div>\n<\/div>\n<\/div>\n<\/div>\n<\/div>\n<\/div>\n<\/div>\n<\/div>\n<\/div>\n<\/div>\n<\/div>\n<\/div>\n<\/div>\n<\/div>\n<\/div>\n<\/div>\n<\/div>\n<\/div>\n<\/div>\n<\/div>\n<\/div>\n<\/div>\n<\/div>\n<\/div>\n<\/div>\n<\/div>\n<\/div>\n<\/div>\n<div style=\"box-sizing: inherit; font-family: Roboto, sans-serif;\">\n<div style=\"box-sizing: inherit; font-family: Roboto, sans-serif;\">\n<div style=\"box-sizing: inherit; font-family: Roboto, sans-serif;\">\n<div style=\"box-sizing: inherit; font-family: Roboto, sans-serif;\">\n<div style=\"box-sizing: inherit; font-family: Roboto, sans-serif;\">\n<div style=\"box-sizing: inherit; font-family: Roboto, sans-serif;\">\n<div style=\"box-sizing: inherit; font-family: Roboto, sans-serif;\">\n<div style=\"box-sizing: inherit; font-family: Roboto, sans-serif;\">\n<div style=\"box-sizing: inherit; font-family: Roboto, sans-serif;\">\n<div style=\"box-sizing: inherit; font-family: Roboto, sans-serif;\">\n<div style=\"box-sizing: inherit; font-family: Roboto, sans-serif;\">\n<div style=\"box-sizing: inherit; font-family: Roboto, sans-serif;\">\n<div style=\"box-sizing: inherit; font-family: Roboto, sans-serif;\">\n<div class=\"flex flex-grow flex-col max-w-full\">\n<div class=\"min-h-[20px] text-message flex flex-col items-start whitespace-pre-wrap break-words [.text-message+&amp;]:mt-5 juice:w-full juice:items-end overflow-x-auto gap-2\" dir=\"auto\" data-message-author-role=\"assistant\" data-message-id=\"2034782e-88f9-44ef-b4dc-07dd7bf0115f\">\n<div class=\"flex w-full flex-col gap-1 juice:empty:hidden juice:first:pt-[3px]\">\n<div class=\"markdown prose w-full break-words dark:prose-invert light\">\n<div style=\"box-sizing: inherit; font-family: Roboto, sans-serif;\">\n<div style=\"box-sizing: inherit; font-family: Roboto, sans-serif;\">\n<div style=\"box-sizing: inherit; font-family: Roboto, sans-serif;\">\n<div style=\"box-sizing: inherit; font-family: Roboto, sans-serif;\">\n<div style=\"box-sizing: inherit; font-family: Roboto, sans-serif;\">\n<div style=\"box-sizing: inherit; font-family: Roboto, sans-serif;\">\n<p data-start=\"0\" data-end=\"501\">D\u00ea um toque de eleg\u00e2ncia \u00e0s suas embalagens com a nossa <strong data-start=\"87\" data-end=\"141\">etiqueta adesiva &#8220;Plaisir d&#8217;offrir&#8221; transparente e dourada.<\/strong> Ideal para real\u00e7ar os seus <strong data-start=\"168\" data-end=\"187\">pacotes de oferta<\/strong>, <strong data-start=\"193\" data-end=\"215\">caixas de pastelaria<\/strong> ou <strong data-start=\"231\" data-end=\"252\">saquetas gourmet<\/strong>, esta <strong>etiqueta redonda<\/strong> <strong data-start=\"279\" data-end=\"289\">(\u00d836 mm)<\/strong> confere instantaneamente um toque de requinte a qualquer embalagem. Gra\u00e7as ao seu design discreto e requintado, real\u00e7a as suas cria\u00e7\u00f5es, revelando o conte\u00fado, para um aspeto chique e profissional.  <\/p>\n<p data-start=\"503\" data-end=\"886\">Apresentada numa <strong data-start=\"516\" data-end=\"548\">pr\u00e1tica caixa dispensadora<\/strong>, descola-se facilmente e \u00e9 aplicada num \u00fanico passo, poupando-lhe tempo precioso na prepara\u00e7\u00e3o das suas encomendas. Quer seja um <strong data-start=\"702\" data-end=\"725\">chocolatier<\/strong>, um <strong data-start=\"727\" data-end=\"750\">pasteleiro<\/strong>, uma <strong data-start=\"752\" data-end=\"775\">loja de presentes<\/strong> ou uma empresa de catering, esta <strong>etiqueta autocolante<\/strong> \u00e9 perfeita para personalizar as suas embalagens e proporcionar um acabamento elegante. <\/p>\n<p data-start=\"888\" data-end=\"1264\">Al\u00e9m disso, a sua <strong data-start=\"901\" data-end=\"921\">poderosa cola<\/strong> garante uma ades\u00e3o impec\u00e1vel a uma variedade de substratos: papel kraft, cart\u00e3o, pl\u00e1stico ou celofane. Deste modo, a sua embalagem mant\u00e9m-se impec\u00e1vel at\u00e9 \u00e0 entrega ao cliente. Ao escolher este produto, est\u00e1 a prestar uma aten\u00e7\u00e3o especial aos detalhes, o que contribui para refor\u00e7ar a sua imagem de marca e fidelizar os seus clientes.  <\/p>\n<p data-start=\"1266\" data-end=\"1569\">Por \u00faltimo, esta <strong>etiqueta autocolante<\/strong> \u00e9 apresentada em <strong data-start=\"1305\" data-end=\"1326\">embalagens de 500 unidades<\/strong>, para que possa satisfazer as suas necessidades mesmo em per\u00edodos de grande aflu\u00eancia, como o Natal, o Dia dos Namorados ou os casamentos. Com esta <strong data-start=\"1455\" data-end=\"1487\">etiqueta Plaisir d&#8217;offrir<\/strong>, pode mostrar aos seus clientes que cada embalagem \u00e9 preparada com cuidado e paix\u00e3o. <\/p>\n<p data-start=\"1571\" data-end=\"1850\">Em suma, gra\u00e7as \u00e0 sua <strong data-start=\"1593\" data-end=\"1618\">transpar\u00eancia elegante<\/strong>, ao seu <strong data-start=\"1624\" data-end=\"1643\">formato pr\u00e1tico<\/strong> e \u00e0 sua <strong data-start=\"1651\" data-end=\"1674\">caixa dispensadora<\/strong>, est\u00e1 a tornar-se rapidamente um must-have para todas as suas necessidades de embrulho. Ofere\u00e7a mais do que um simples produto: ofere\u00e7a aos seus clientes uma verdadeira experi\u00eancia, onde todos os pormenores contam. <\/p>\n<p data-start=\"1571\" data-end=\"1850\">\n<p><!--more--><\/p>\n<h4 style=\"text-align: left;\">Vantagens :<\/h4>\n<ul style=\"text-align: left;\">\n<li><strong data-start=\"2068\" data-end=\"2093\">Transpar\u00eancia elegante<\/strong> que valoriza o conte\u00fado.<\/li>\n<li><strong data-start=\"2123\" data-end=\"2146\">Caixa dispensadora<\/strong> para uma aplica\u00e7\u00e3o r\u00e1pida e f\u00e1cil.<\/li>\n<li><strong data-start=\"2190\" data-end=\"2210\">Cola potente<\/strong> adequada para uma variedade de substratos (kraft, pl\u00e1stico, cart\u00e3o).<\/li>\n<li><strong data-start=\"2268\" data-end=\"2293\">Embalagem econ\u00f3mica de 500<\/strong> etiquetas para utiliza\u00e7\u00e3o intensiva.<\/li>\n<li>Ideal para <strong data-start=\"2353\" data-end=\"2388\">artes\u00e3os, pasteleiros, fornecedores<\/strong> e lojas de presentes.<\/li>\n<\/ul>\n<\/div>\n<\/div>\n<\/div>\n<\/div>\n<\/div>\n<\/div>\n<\/div>\n<\/div>\n<\/div>\n<\/div>\n<\/div>\n<\/div>\n<p>&nbsp;<\/p>\n<\/div>\n<\/div>\n<\/div>\n<\/div>\n<\/div>\n<\/div>\n<\/div>\n<\/div>\n<\/div>\n<\/div>\n<\/div>\n<p><!--more--><\/p>\n<h4>Outras informa\u00e7\u00f5es :<\/h4>\n<ul style=\"box-sizing: inherit; font-family: Roboto, sans-serif;\">\n<li><strong>Embalagem<\/strong>: Pacote de 500<\/li>\n<li><span style=\"font-weight: bold;\">Di\u00e2metro <\/span>: 36 mm<\/li>\n<li><strong>Cor<\/strong>: Transparente \/ Dourado<\/li>\n<\/ul>\n<div style=\"box-sizing: inherit; font-family: Roboto, sans-serif;\">\n<div style=\"box-sizing: inherit; font-family: Roboto, sans-serif;\">\n<div style=\"box-sizing: inherit; font-family: Roboto, sans-serif;\">\n<div style=\"box-sizing: inherit; font-family: Roboto, sans-serif;\">\n<div style=\"box-sizing: inherit; font-family: Roboto, sans-serif;\">\n<div style=\"box-sizing: inherit; font-family: Roboto, sans-serif;\">\n<p>&nbsp;<\/p>\n<p><!--more--><\/p>\n<p><a href=\"https:\/\/www.csj-emballages.com\/pt-pt\/categorie-produit\/embalagem-de-alimentos\/noel-pt-pt\/acessorios-embalagens-decorativas\/etiquetas-pt-pt-2\/\">Ver o resto da nossa gama de etiquetas adesivas decorativas<\/a><\/p>\n<\/div>\n<\/div>\n<\/div>\n<\/div>\n<\/div>\n<\/div>\n","protected":false},"excerpt":{"rendered":"<p>Etiqueta adesiva transparente Descri\u00e7\u00e3o da nossa etiqueta adesiva transparente &#8220;plaisir d&#8217;offrir&#8221; por 500<\/p>\n","protected":false},"featured_media":9052,"template":"","meta":{"_acf_changed":false},"product_brand":[],"product_cat":[1141,1177,1819,1482,1827],"product_tag":[],"class_list":{"0":"post-18268","1":"product","2":"type-product","3":"status-publish","4":"has-post-thumbnail","6":"product_cat-embalagem-de-alimentos","7":"product_cat-padaria-e-pastelaria","8":"product_cat-etiquetas","9":"product_cat-loja-e-armazem","10":"product_cat-etiquetas-pt-pt","12":"first","13":"instock","14":"taxable","15":"shipping-taxable","16":"purchasable","17":"product-type-simple"},"acf":[],"yoast_head":"<!-- This site is optimized with the Yoast SEO Premium plugin v26.6 (Yoast SEO v26.6) - https:\/\/yoast.com\/wordpress\/plugins\/seo\/ -->\n<title>Etiqueta adesiva transparente &quot;Plaisir d&#039;Offrir&quot;, embalagem de 500<\/title>\n<meta name=\"description\" content=\"Etiqueta adesiva transparente \u00d836 mm &quot;Plaisir d&#039;offrir&quot;, caixa de 500, ideal para real\u00e7ar as suas embalagens de oferta com eleg\u00e2ncia.\" \/>\n<meta name=\"robots\" content=\"index, follow, max-snippet:-1, max-image-preview:large, max-video-preview:-1\" \/>\n<link rel=\"canonical\" href=\"https:\/\/www.csj-emballages.com\/pt-pt\/produit\/500-etiquetas-transparentes-prazer-de-dar\/\" \/>\n<meta property=\"og:locale\" content=\"pt_PT\" \/>\n<meta property=\"og:type\" content=\"article\" \/>\n<meta property=\"og:title\" content=\"Etiqueta adesiva transparente &quot;Prazer de dar&quot;, embalagem com 500 unidades\" \/>\n<meta property=\"og:description\" content=\"Etiqueta adesiva transparente \u00d836 mm &quot;Plaisir d&#039;offrir&quot;, caixa de 500, ideal para real\u00e7ar as suas embalagens de oferta com eleg\u00e2ncia.\" \/>\n<meta property=\"og:url\" content=\"https:\/\/www.csj-emballages.com\/pt-pt\/produit\/500-etiquetas-transparentes-prazer-de-dar\/\" \/>\n<meta property=\"og:site_name\" content=\"CSJ Emballages\" \/>\n<meta property=\"article:publisher\" content=\"https:\/\/www.facebook.com\/csjemballages\" \/>\n<meta property=\"article:modified_time\" content=\"2026-03-12T15:03:51+00:00\" \/>\n<meta property=\"og:image\" content=\"https:\/\/www.csj-emballages.com\/wp-content\/uploads\/2024\/03\/etiquettes-plasir-offrir-transparent-rectangle-csj-emballages-papier-autocol-jpg.webp\" \/>\n\t<meta property=\"og:image:width\" content=\"800\" \/>\n\t<meta property=\"og:image:height\" content=\"800\" \/>\n\t<meta property=\"og:image:type\" content=\"image\/jpeg\" \/>\n<meta name=\"twitter:card\" content=\"summary_large_image\" \/>\n<meta name=\"twitter:label1\" content=\"Tempo estimado de leitura\" \/>\n\t<meta name=\"twitter:data1\" content=\"2 minutos\" \/>\n<script type=\"application\/ld+json\" class=\"yoast-schema-graph\">{\"@context\":\"https:\/\/schema.org\",\"@graph\":[{\"@type\":\"WebPage\",\"@id\":\"https:\/\/www.csj-emballages.com\/pt-pt\/produit\/500-etiquetas-transparentes-prazer-de-dar\/\",\"url\":\"https:\/\/www.csj-emballages.com\/pt-pt\/produit\/500-etiquetas-transparentes-prazer-de-dar\/\",\"name\":\"Etiqueta adesiva transparente \\\"Plaisir d'Offrir\\\", embalagem de 500\",\"isPartOf\":{\"@id\":\"https:\/\/www.csj-emballages.com\/pt-pt\/#website\"},\"primaryImageOfPage\":{\"@id\":\"https:\/\/www.csj-emballages.com\/pt-pt\/produit\/500-etiquetas-transparentes-prazer-de-dar\/#primaryimage\"},\"image\":{\"@id\":\"https:\/\/www.csj-emballages.com\/pt-pt\/produit\/500-etiquetas-transparentes-prazer-de-dar\/#primaryimage\"},\"thumbnailUrl\":\"https:\/\/www.csj-emballages.com\/wp-content\/uploads\/2024\/03\/etiquettes-plasir-offrir-transparent-rectangle-csj-emballages-papier-autocol-jpg.webp\",\"datePublished\":\"2024-03-01T15:59:24+00:00\",\"dateModified\":\"2026-03-12T15:03:51+00:00\",\"description\":\"Etiqueta adesiva transparente \u00d836 mm \\\"Plaisir d'offrir\\\", caixa de 500, ideal para real\u00e7ar as suas embalagens de oferta com eleg\u00e2ncia.\",\"breadcrumb\":{\"@id\":\"https:\/\/www.csj-emballages.com\/pt-pt\/produit\/500-etiquetas-transparentes-prazer-de-dar\/#breadcrumb\"},\"inLanguage\":\"pt-PT\",\"potentialAction\":[{\"@type\":\"ReadAction\",\"target\":[\"https:\/\/www.csj-emballages.com\/pt-pt\/produit\/500-etiquetas-transparentes-prazer-de-dar\/\"]}]},{\"@type\":\"ImageObject\",\"inLanguage\":\"pt-PT\",\"@id\":\"https:\/\/www.csj-emballages.com\/pt-pt\/produit\/500-etiquetas-transparentes-prazer-de-dar\/#primaryimage\",\"url\":\"https:\/\/www.csj-emballages.com\/wp-content\/uploads\/2024\/03\/etiquettes-plasir-offrir-transparent-rectangle-csj-emballages-papier-autocol-jpg.webp\",\"contentUrl\":\"https:\/\/www.csj-emballages.com\/wp-content\/uploads\/2024\/03\/etiquettes-plasir-offrir-transparent-rectangle-csj-emballages-papier-autocol-jpg.webp\",\"width\":800,\"height\":800,\"caption\":\"\u00c9tiquettes Transparentes \\\"Plaisir d'Offrir\\\"\"},{\"@type\":\"BreadcrumbList\",\"@id\":\"https:\/\/www.csj-emballages.com\/pt-pt\/produit\/500-etiquetas-transparentes-prazer-de-dar\/#breadcrumb\",\"itemListElement\":[{\"@type\":\"ListItem\",\"position\":1,\"name\":\"Acolhimento\",\"item\":\"https:\/\/www.csj-emballages.com\/pt-pt\/universo-das-embalagens-alimentares\/\"},{\"@type\":\"ListItem\",\"position\":2,\"name\":\"Shop\",\"item\":\"https:\/\/www.csj-emballages.com\/shop\/\"},{\"@type\":\"ListItem\",\"position\":3,\"name\":\"Etiqueta adesiva transparente \u00ab\u00a0Prazer de dar\u00a0\u00bb, embalagem com 500 unidades\"}]},{\"@type\":\"WebSite\",\"@id\":\"https:\/\/www.csj-emballages.com\/pt-pt\/#website\",\"url\":\"https:\/\/www.csj-emballages.com\/pt-pt\/\",\"name\":\"CSJ Emballages\",\"description\":\"\",\"publisher\":{\"@id\":\"https:\/\/www.csj-emballages.com\/pt-pt\/#organization\"},\"potentialAction\":[{\"@type\":\"SearchAction\",\"target\":{\"@type\":\"EntryPoint\",\"urlTemplate\":\"https:\/\/www.csj-emballages.com\/pt-pt\/?s={search_term_string}\"},\"query-input\":{\"@type\":\"PropertyValueSpecification\",\"valueRequired\":true,\"valueName\":\"search_term_string\"}}],\"inLanguage\":\"pt-PT\"},{\"@type\":\"Organization\",\"@id\":\"https:\/\/www.csj-emballages.com\/pt-pt\/#Organization\/\",\"name\":\"CSJ Emballages\",\"url\":\"https:\/\/www.csj-emballages.com\/pt-pt\/\",\"logo\":{\"@type\":\"ImageObject\",\"inLanguage\":\"pt-PT\",\"@id\":\"https:\/\/www.csj-emballages.com\/pt-pt\/#\/schema\/logo\/image\/\",\"url\":\"https:\/\/www.csj-emballages.com\/wp-content\/uploads\/2023\/10\/logo_csj.webp\",\"contentUrl\":\"https:\/\/www.csj-emballages.com\/wp-content\/uploads\/2023\/10\/logo_csj.webp\",\"width\":250,\"height\":95,\"caption\":\"CSJ Emballages\"},\"image\":{\"@id\":\"https:\/\/www.csj-emballages.com\/pt-pt\/#\/schema\/logo\/image\/\"},\"sameAs\":[\"https:\/\/www.facebook.com\/csjemballages\"],\"address\":{\"@type\":\"PostalAddress\",\"streetAddress\":\"ZI La Lechere\",\"addressLocality\":\"Patornay\",\"postalCode\":\"39130\",\"addressCountry\":\"FR\"},\"contactPoint\":[{\"@type\":\"ContactPoint\",\"contactType\":\"Service client\",\"telephone\":\"0384254272\",\"email\":\"contact@csj-emballages.com\"}]}]}<\/script>\n<!-- \/ Yoast SEO Premium plugin. -->","yoast_head_json":{"title":"Etiqueta adesiva transparente \"Plaisir d'Offrir\", embalagem de 500","description":"Etiqueta adesiva transparente \u00d836 mm \"Plaisir d'offrir\", caixa de 500, ideal para real\u00e7ar as suas embalagens de oferta com eleg\u00e2ncia.","robots":{"index":"index","follow":"follow","max-snippet":"max-snippet:-1","max-image-preview":"max-image-preview:large","max-video-preview":"max-video-preview:-1"},"canonical":"https:\/\/www.csj-emballages.com\/pt-pt\/produit\/500-etiquetas-transparentes-prazer-de-dar\/","og_locale":"pt_PT","og_type":"article","og_title":"Etiqueta adesiva transparente \"Prazer de dar\", embalagem com 500 unidades","og_description":"Etiqueta adesiva transparente \u00d836 mm \"Plaisir d'offrir\", caixa de 500, ideal para real\u00e7ar as suas embalagens de oferta com eleg\u00e2ncia.","og_url":"https:\/\/www.csj-emballages.com\/pt-pt\/produit\/500-etiquetas-transparentes-prazer-de-dar\/","og_site_name":"CSJ Emballages","article_publisher":"https:\/\/www.facebook.com\/csjemballages","article_modified_time":"2026-03-12T15:03:51+00:00","og_image":[{"width":800,"height":800,"url":"https:\/\/www.csj-emballages.com\/wp-content\/uploads\/2024\/03\/etiquettes-plasir-offrir-transparent-rectangle-csj-emballages-papier-autocol-jpg.webp","type":"image\/jpeg"}],"twitter_card":"summary_large_image","twitter_misc":{"Tempo estimado de leitura":"2 minutos"},"schema":{"@context":"https:\/\/schema.org","@graph":[{"@type":"WebPage","@id":"https:\/\/www.csj-emballages.com\/pt-pt\/produit\/500-etiquetas-transparentes-prazer-de-dar\/","url":"https:\/\/www.csj-emballages.com\/pt-pt\/produit\/500-etiquetas-transparentes-prazer-de-dar\/","name":"Etiqueta adesiva transparente \"Plaisir d'Offrir\", embalagem de 500","isPartOf":{"@id":"https:\/\/www.csj-emballages.com\/pt-pt\/#website"},"primaryImageOfPage":{"@id":"https:\/\/www.csj-emballages.com\/pt-pt\/produit\/500-etiquetas-transparentes-prazer-de-dar\/#primaryimage"},"image":{"@id":"https:\/\/www.csj-emballages.com\/pt-pt\/produit\/500-etiquetas-transparentes-prazer-de-dar\/#primaryimage"},"thumbnailUrl":"https:\/\/www.csj-emballages.com\/wp-content\/uploads\/2024\/03\/etiquettes-plasir-offrir-transparent-rectangle-csj-emballages-papier-autocol-jpg.webp","datePublished":"2024-03-01T15:59:24+00:00","dateModified":"2026-03-12T15:03:51+00:00","description":"Etiqueta adesiva transparente \u00d836 mm \"Plaisir d'offrir\", caixa de 500, ideal para real\u00e7ar as suas embalagens de oferta com eleg\u00e2ncia.","breadcrumb":{"@id":"https:\/\/www.csj-emballages.com\/pt-pt\/produit\/500-etiquetas-transparentes-prazer-de-dar\/#breadcrumb"},"inLanguage":"pt-PT","potentialAction":[{"@type":"ReadAction","target":["https:\/\/www.csj-emballages.com\/pt-pt\/produit\/500-etiquetas-transparentes-prazer-de-dar\/"]}]},{"@type":"ImageObject","inLanguage":"pt-PT","@id":"https:\/\/www.csj-emballages.com\/pt-pt\/produit\/500-etiquetas-transparentes-prazer-de-dar\/#primaryimage","url":"https:\/\/www.csj-emballages.com\/wp-content\/uploads\/2024\/03\/etiquettes-plasir-offrir-transparent-rectangle-csj-emballages-papier-autocol-jpg.webp","contentUrl":"https:\/\/www.csj-emballages.com\/wp-content\/uploads\/2024\/03\/etiquettes-plasir-offrir-transparent-rectangle-csj-emballages-papier-autocol-jpg.webp","width":800,"height":800,"caption":"\u00c9tiquettes Transparentes \"Plaisir d'Offrir\""},{"@type":"BreadcrumbList","@id":"https:\/\/www.csj-emballages.com\/pt-pt\/produit\/500-etiquetas-transparentes-prazer-de-dar\/#breadcrumb","itemListElement":[{"@type":"ListItem","position":1,"name":"Acolhimento","item":"https:\/\/www.csj-emballages.com\/pt-pt\/universo-das-embalagens-alimentares\/"},{"@type":"ListItem","position":2,"name":"Shop","item":"https:\/\/www.csj-emballages.com\/shop\/"},{"@type":"ListItem","position":3,"name":"Etiqueta adesiva transparente \u00ab\u00a0Prazer de dar\u00a0\u00bb, embalagem com 500 unidades"}]},{"@type":"WebSite","@id":"https:\/\/www.csj-emballages.com\/pt-pt\/#website","url":"https:\/\/www.csj-emballages.com\/pt-pt\/","name":"CSJ Emballages","description":"","publisher":{"@id":"https:\/\/www.csj-emballages.com\/pt-pt\/#organization"},"potentialAction":[{"@type":"SearchAction","target":{"@type":"EntryPoint","urlTemplate":"https:\/\/www.csj-emballages.com\/pt-pt\/?s={search_term_string}"},"query-input":{"@type":"PropertyValueSpecification","valueRequired":true,"valueName":"search_term_string"}}],"inLanguage":"pt-PT"},{"@type":"Organization","@id":"https:\/\/www.csj-emballages.com\/pt-pt\/#Organization\/","name":"CSJ Emballages","url":"https:\/\/www.csj-emballages.com\/pt-pt\/","logo":{"@type":"ImageObject","inLanguage":"pt-PT","@id":"https:\/\/www.csj-emballages.com\/pt-pt\/#\/schema\/logo\/image\/","url":"https:\/\/www.csj-emballages.com\/wp-content\/uploads\/2023\/10\/logo_csj.webp","contentUrl":"https:\/\/www.csj-emballages.com\/wp-content\/uploads\/2023\/10\/logo_csj.webp","width":250,"height":95,"caption":"CSJ Emballages"},"image":{"@id":"https:\/\/www.csj-emballages.com\/pt-pt\/#\/schema\/logo\/image\/"},"sameAs":["https:\/\/www.facebook.com\/csjemballages"],"address":{"@type":"PostalAddress","streetAddress":"ZI La Lechere","addressLocality":"Patornay","postalCode":"39130","addressCountry":"FR"},"contactPoint":[{"@type":"ContactPoint","contactType":"Service client","telephone":"0384254272","email":"contact@csj-emballages.com"}]}]}},"df_price":20.54,"df_sale_price":"","df_regular_price":20.54,"df_image_link":"https:\/\/www.csj-emballages.com\/wp-content\/uploads\/2024\/03\/etiquettes-plasir-offrir-transparent-rectangle-csj-emballages-papier-autocol-300x300.webp","tiered_pricing_type":"fixed","tiered_pricing_fixed_rules":[],"tiered_pricing_percentage_rules":[],"tiered_pricing_minimum":1,"tiered_pricing_roles_data":[],"_links":{"self":[{"href":"https:\/\/www.csj-emballages.com\/pt-pt\/wp-json\/wp\/v2\/product\/18268","targetHints":{"allow":["GET"]}}],"collection":[{"href":"https:\/\/www.csj-emballages.com\/pt-pt\/wp-json\/wp\/v2\/product"}],"about":[{"href":"https:\/\/www.csj-emballages.com\/pt-pt\/wp-json\/wp\/v2\/types\/product"}],"wp:featuredmedia":[{"embeddable":true,"href":"https:\/\/www.csj-emballages.com\/pt-pt\/wp-json\/wp\/v2\/media\/9052"}],"wp:attachment":[{"href":"https:\/\/www.csj-emballages.com\/pt-pt\/wp-json\/wp\/v2\/media?parent=18268"}],"wp:term":[{"taxonomy":"product_brand","embeddable":true,"href":"https:\/\/www.csj-emballages.com\/pt-pt\/wp-json\/wp\/v2\/product_brand?post=18268"},{"taxonomy":"product_cat","embeddable":true,"href":"https:\/\/www.csj-emballages.com\/pt-pt\/wp-json\/wp\/v2\/product_cat?post=18268"},{"taxonomy":"product_tag","embeddable":true,"href":"https:\/\/www.csj-emballages.com\/pt-pt\/wp-json\/wp\/v2\/product_tag?post=18268"}],"curies":[{"name":"wp","href":"https:\/\/api.w.org\/{rel}","templated":true}]}}