{"id":18258,"date":"2024-03-01T16:59:24","date_gmt":"2024-03-01T15:59:24","guid":{"rendered":"https:\/\/u15jnbdpoq.preview.infomaniak.website\/produit\/500-etiquetas-douradas-boas-festas\/"},"modified":"2026-03-12T16:03:52","modified_gmt":"2026-03-12T15:03:52","slug":"500-etiquetas-douradas-boas-festas","status":"publish","type":"product","link":"https:\/\/www.csj-emballages.com\/pt-pt\/produit\/500-etiquetas-douradas-boas-festas\/","title":{"rendered":"Etiqueta adesiva dourada &#8220;Joyeux f\u00eates&#8221;, embalagem de 500"},"content":{"rendered":"<div style=\"box-sizing: inherit; font-family: Roboto, sans-serif;\">\n<div style=\"box-sizing: inherit; font-family: Roboto, sans-serif;\">\n<div style=\"box-sizing: inherit; font-family: Roboto, sans-serif;\">\n<div style=\"box-sizing: inherit; font-family: Roboto, sans-serif;\">\n<div style=\"box-sizing: inherit; font-family: Roboto, sans-serif;\">\n<div style=\"box-sizing: inherit; font-family: Roboto, sans-serif;\">\n<div style=\"box-sizing: inherit; font-family: Roboto, sans-serif;\">\n<div style=\"box-sizing: inherit; font-family: Roboto, sans-serif;\">\n<div style=\"box-sizing: inherit; font-family: Roboto, sans-serif;\">\n<div style=\"box-sizing: inherit; font-family: Roboto, sans-serif;\">\n<div style=\"box-sizing: inherit; font-family: Roboto, sans-serif;\">\n<div style=\"box-sizing: inherit; font-family: Roboto, sans-serif;\">\n<div style=\"box-sizing: inherit; font-family: Roboto, sans-serif;\">\n<div class=\"flex flex-grow flex-col max-w-full\">\n<div class=\"min-h-[20px] text-message flex flex-col items-start whitespace-pre-wrap break-words [.text-message+&amp;]:mt-5 juice:w-full juice:items-end overflow-x-auto gap-2\" dir=\"auto\" data-message-author-role=\"assistant\" data-message-id=\"2034782e-88f9-44ef-b4dc-07dd7bf0115f\">\n<div class=\"flex w-full flex-col gap-1 juice:empty:hidden juice:first:pt-[3px]\">\n<div class=\"markdown prose w-full break-words dark:prose-invert light\">\n<div style=\"box-sizing: inherit; font-family: Roboto, sans-serif;\">\n<div style=\"box-sizing: inherit; font-family: Roboto, sans-serif;\">\n<div style=\"box-sizing: inherit; font-family: Roboto, sans-serif;\">\n<div style=\"box-sizing: inherit; font-family: Roboto, sans-serif;\">\n<div style=\"box-sizing: inherit; font-family: Roboto, sans-serif;\">\n<div style=\"box-sizing: inherit; font-family: Roboto, sans-serif;\">\n<h2 class=\"p1\">Etiqueta adesiva dourada<\/h2>\n<div style=\"box-sizing: inherit; font-family: Roboto, sans-serif;\">\n<div style=\"box-sizing: inherit; font-family: Roboto, sans-serif;\">\n<div style=\"box-sizing: inherit; font-family: Roboto, sans-serif;\">\n<div style=\"text-align: center;\">\n<div style=\"box-sizing: inherit; font-family: Roboto, sans-serif;\">\n<div style=\"box-sizing: inherit; font-family: Roboto, sans-serif;\">\n<div style=\"box-sizing: inherit; font-family: Roboto, sans-serif;\">\n<div style=\"box-sizing: inherit; font-family: Roboto, sans-serif;\">\n<div style=\"box-sizing: inherit; font-family: Roboto, sans-serif;\">\n<div style=\"box-sizing: inherit; font-family: Roboto, sans-serif; text-align: left;\">\n<hr>\n<h3 style=\"text-align: left;\">Descri\u00e7\u00e3o da nossa etiqueta adesiva dourada &#8220;Boas Festas&#8221;, embalagem com 500 unidades<\/h3>\n<h3 style=\"text-align: left;\"><!--more--><\/h3>\n<\/div>\n<\/div>\n<\/div>\n<\/div>\n<\/div>\n<\/div>\n<\/div>\n<\/div>\n<\/div>\n<\/div>\n<\/div>\n<\/div>\n<\/div>\n<\/div>\n<\/div>\n<\/div>\n<\/div>\n<\/div>\n<\/div>\n<\/div>\n<\/div>\n<\/div>\n<\/div>\n<\/div>\n<\/div>\n<\/div>\n<\/div>\n<\/div>\n<\/div>\n<\/div>\n<\/div>\n<\/div>\n<\/div>\n<div style=\"box-sizing: inherit; font-family: Roboto, sans-serif;\">\n<div style=\"box-sizing: inherit; font-family: Roboto, sans-serif;\">\n<div style=\"box-sizing: inherit; font-family: Roboto, sans-serif;\">\n<div style=\"box-sizing: inherit; font-family: Roboto, sans-serif;\">\n<div style=\"box-sizing: inherit; font-family: Roboto, sans-serif;\">\n<div style=\"box-sizing: inherit; font-family: Roboto, sans-serif;\">\n<div style=\"box-sizing: inherit; font-family: Roboto, sans-serif;\">\n<div style=\"box-sizing: inherit; font-family: Roboto, sans-serif;\">\n<div style=\"box-sizing: inherit; font-family: Roboto, sans-serif;\">\n<div style=\"box-sizing: inherit; font-family: Roboto, sans-serif;\">\n<div style=\"box-sizing: inherit; font-family: Roboto, sans-serif;\">\n<div style=\"box-sizing: inherit; font-family: Roboto, sans-serif;\">\n<div style=\"box-sizing: inherit; font-family: Roboto, sans-serif;\">\n<div class=\"flex flex-grow flex-col max-w-full\">\n<div class=\"min-h-[20px] text-message flex flex-col items-start whitespace-pre-wrap break-words [.text-message+&amp;]:mt-5 juice:w-full juice:items-end overflow-x-auto gap-2\" dir=\"auto\" data-message-author-role=\"assistant\" data-message-id=\"2034782e-88f9-44ef-b4dc-07dd7bf0115f\">\n<div class=\"flex w-full flex-col gap-1 juice:empty:hidden juice:first:pt-[3px]\">\n<div class=\"markdown prose w-full break-words dark:prose-invert light\">\n<div style=\"box-sizing: inherit; font-family: Roboto, sans-serif;\">\n<div style=\"box-sizing: inherit; font-family: Roboto, sans-serif;\">\n<div style=\"box-sizing: inherit; font-family: Roboto, sans-serif;\">\n<div style=\"box-sizing: inherit; font-family: Roboto, sans-serif;\">\n<div style=\"box-sizing: inherit; font-family: Roboto, sans-serif;\">\n<div style=\"box-sizing: inherit; font-family: Roboto, sans-serif;\">\n<p data-start=\"0\" data-end=\"504\">D\u00ea um toque de eleg\u00e2ncia \u00e0s suas embalagens de fim-de-ano com a nossa <strong data-start=\"111\" data-end=\"153\">etiqueta adesiva dourada &#8220;Boas Festas&#8221;.<\/strong> Fabricada em <strong data-start=\"165\" data-end=\"186\">papel de qualidade<\/strong>, apresenta-se num formato pr\u00e1tico <strong data-start=\"223\" data-end=\"237\">de 35 x 18 mm<\/strong> que se adapta facilmente a todas as suas superf\u00edcies: caixas de pastelaria, sacos de oferta, sacos de confeitaria ou caixas gourmet. Gra\u00e7as ao seu <strong data-start=\"372\" data-end=\"390\">acabamento dourado<\/strong> luminoso, destaca instantaneamente os seus produtos, transmitindo uma mensagem calorosa e festiva.  <\/p>\n<p data-start=\"506\" data-end=\"980\">Apresentada numa <strong data-start=\"525\" data-end=\"548\">caixa dispensadora<\/strong> inteligente, esta <strong>etiqueta autocolante<\/strong> descola-se sem esfor\u00e7o, poupando-lhe tempo precioso quando se prepara para a \u00e9poca festiva. Quer seja um padeiro <strong data-start=\"692\" data-end=\"713\">artesanal<\/strong>, um chocolatier, um fornecedor de catering ou simplesmente um apaixonado por apresenta\u00e7\u00f5es bonitas, ir\u00e1 apreciar a sua <strong data-start=\"815\" data-end=\"835\">ader\u00eancia fi\u00e1vel<\/strong> ao cart\u00e3o, papel ou pl\u00e1stico. Al\u00e9m disso, o seu tamanho compacto e f\u00e1cil de ler facilita a cria\u00e7\u00e3o de um visual elegante sem sobrecarregar a sua embalagem.  <\/p>\n<p data-start=\"982\" data-end=\"1360\">Al\u00e9m disso, esta <strong>etiqueta adesiva dourada<\/strong> \u00e9 ideal para refor\u00e7ar a sua imagem profissional. Em apenas alguns segundos, transforma uma simples encomenda num <strong data-start=\"1123\" data-end=\"1140\">presente atencioso<\/strong>, perfeito para seduzir os seus clientes durante a \u00e9poca mais indulgente do ano. A sua mensagem universal<strong data-start=\"1241\" data-end=\"1259\">&#8220;Boas Festas<\/strong>&#8221; \u00e9 perfeita para qualquer celebra\u00e7\u00e3o: Natal, Ano Novo ou qualquer outra ocasi\u00e3o de inverno.  <\/p>\n<p data-start=\"1362\" data-end=\"1731\">Ao escolher a nossa <strong>etiqueta autocolante dourada<\/strong>, est\u00e1 a optar por um produto <strong data-start=\"1433\" data-end=\"1445\">pr\u00e1tico<\/strong>, <strong data-start=\"1447\" data-end=\"1458\">requintado<\/strong> e <strong data-start=\"1462\" data-end=\"1476\">vers\u00e1til<\/strong> que facilitar\u00e1 a organiza\u00e7\u00e3o dos seus produtos e valorizar\u00e1 as suas cria\u00e7\u00f5es. Ofere\u00e7a aos seus clientes uma experi\u00eancia visual \u00e0 altura das suas iguarias e fa\u00e7a brilhar as suas embalagens com estes pequenos toques dourados que fazem toda a diferen\u00e7a. <\/p>\n<p data-start=\"1362\" data-end=\"1731\">\n<p><!--more--><\/p>\n<h4 style=\"text-align: left;\">Vantagens :<\/h4>\n<ul style=\"text-align: left;\">\n<li><strong data-start=\"1956\" data-end=\"1980\">Acabamento elegante em dourado<\/strong> para um aspeto requintado e festivo.<\/li>\n<li><strong data-start=\"2018\" data-end=\"2039\">Formato 35 x 19 mm<\/strong> ideal para todos os tipos de embalagens&#8230;<\/li>\n<li><strong data-start=\"2078\" data-end=\"2101\">Caixa dispensadora<\/strong> pr\u00e1tica para uma utiliza\u00e7\u00e3o r\u00e1pida.<\/li>\n<li><strong data-start=\"2137\" data-end=\"2159\">Ades\u00e3o eficaz<\/strong> a cart\u00e3o, papel e pl\u00e1stico.<\/li>\n<li>Mensagem universal<strong data-start=\"2216\" data-end=\"2234\">&#8220;Happy Holidays<\/strong>&#8221; adequada para todas as celebra\u00e7\u00f5es.<\/li>\n<\/ul>\n<\/div>\n<\/div>\n<\/div>\n<\/div>\n<\/div>\n<\/div>\n<\/div>\n<\/div>\n<\/div>\n<\/div>\n<\/div>\n<\/div>\n<p>&nbsp;<\/p>\n<\/div>\n<\/div>\n<\/div>\n<\/div>\n<\/div>\n<\/div>\n<\/div>\n<\/div>\n<\/div>\n<\/div>\n<\/div>\n<p><!--more--><\/p>\n<h4>Outras informa\u00e7\u00f5es :<\/h4>\n<ul style=\"box-sizing: inherit; font-family: Roboto, sans-serif;\">\n<li><strong>Embalagem<\/strong>: Pacote de 500<\/li>\n<li><span style=\"font-weight: bold;\">Dimens\u00f5es<\/span>: 32 x 18 mm<\/li>\n<li><strong>Cor<\/strong>: dourado \/ preto<\/li>\n<\/ul>\n<div style=\"box-sizing: inherit; font-family: Roboto, sans-serif;\">\n<div style=\"box-sizing: inherit; font-family: Roboto, sans-serif;\">\n<div style=\"box-sizing: inherit; font-family: Roboto, sans-serif;\">\n<div style=\"box-sizing: inherit; font-family: Roboto, sans-serif;\">\n<div style=\"box-sizing: inherit; font-family: Roboto, sans-serif;\">\n<div style=\"box-sizing: inherit; font-family: Roboto, sans-serif;\">\n<p>&nbsp;<\/p>\n<p><!--more--><\/p>\n<p><a href=\"https:\/\/www.csj-emballages.com\/pt-pt\/categorie-produit\/embalagem-de-alimentos\/noel-pt-pt\/acessorios-embalagens-decorativas\/etiquetas-pt-pt-2\/\">Ver o resto da nossa gama de etiquetas adesivas decorativas<\/a><\/p>\n<\/div>\n<\/div>\n<\/div>\n<\/div>\n<\/div>\n<\/div>\n","protected":false},"excerpt":{"rendered":"<p>Etiqueta adesiva dourada Descri\u00e7\u00e3o da nossa etiqueta adesiva dourada &#8220;Boas Festas&#8221;, embalagem com 500 unidades<\/p>\n","protected":false},"featured_media":243833,"template":"","meta":{"_acf_changed":false},"product_brand":[],"product_cat":[1141,1177,1819,1482,1827],"product_tag":[],"class_list":{"0":"post-18258","1":"product","2":"type-product","3":"status-publish","4":"has-post-thumbnail","6":"product_cat-embalagem-de-alimentos","7":"product_cat-padaria-e-pastelaria","8":"product_cat-etiquetas","9":"product_cat-loja-e-armazem","10":"product_cat-etiquetas-pt-pt","12":"first","13":"outofstock","14":"taxable","15":"shipping-taxable","16":"purchasable","17":"product-type-simple"},"acf":[],"yoast_head":"<!-- This site is optimized with the Yoast SEO Premium plugin v26.6 (Yoast SEO v26.6) - https:\/\/yoast.com\/wordpress\/plugins\/seo\/ -->\n<title>Etiqueta adesiva dourada &quot;Boas Festas&quot;, embalagem de 500<\/title>\n<meta name=\"description\" content=\"Etiqueta adesiva dourada &quot;Joyeuses f\u00eates&quot; 35x18 mm - caixa de 500. Perfeito para real\u00e7ar as suas embalagens festivas de forma r\u00e1pida e elegante.\" \/>\n<meta name=\"robots\" content=\"index, follow, max-snippet:-1, max-image-preview:large, max-video-preview:-1\" \/>\n<link rel=\"canonical\" href=\"https:\/\/www.csj-emballages.com\/pt-pt\/produit\/500-etiquetas-douradas-boas-festas\/\" \/>\n<meta property=\"og:locale\" content=\"pt_PT\" \/>\n<meta property=\"og:type\" content=\"article\" \/>\n<meta property=\"og:title\" content=\"Etiqueta adesiva dourada &quot;Joyeux f\u00eates&quot;, embalagem de 500\" \/>\n<meta property=\"og:description\" content=\"Etiqueta adesiva dourada &quot;Joyeuses f\u00eates&quot; 35x18 mm - caixa de 500. Perfeito para real\u00e7ar as suas embalagens festivas de forma r\u00e1pida e elegante.\" \/>\n<meta property=\"og:url\" content=\"https:\/\/www.csj-emballages.com\/pt-pt\/produit\/500-etiquetas-douradas-boas-festas\/\" \/>\n<meta property=\"og:site_name\" content=\"CSJ Emballages\" \/>\n<meta property=\"article:publisher\" content=\"https:\/\/www.facebook.com\/csjemballages\" \/>\n<meta property=\"article:modified_time\" content=\"2026-03-12T15:03:52+00:00\" \/>\n<meta property=\"og:image\" content=\"https:\/\/www.csj-emballages.com\/wp-content\/uploads\/2024\/03\/11124-1.webp\" \/>\n\t<meta property=\"og:image:width\" content=\"800\" \/>\n\t<meta property=\"og:image:height\" content=\"800\" \/>\n\t<meta property=\"og:image:type\" content=\"image\/webp\" \/>\n<meta name=\"twitter:card\" content=\"summary_large_image\" \/>\n<meta name=\"twitter:label1\" content=\"Tempo estimado de leitura\" \/>\n\t<meta name=\"twitter:data1\" content=\"2 minutos\" \/>\n<script type=\"application\/ld+json\" class=\"yoast-schema-graph\">{\"@context\":\"https:\/\/schema.org\",\"@graph\":[{\"@type\":\"WebPage\",\"@id\":\"https:\/\/www.csj-emballages.com\/pt-pt\/produit\/500-etiquetas-douradas-boas-festas\/\",\"url\":\"https:\/\/www.csj-emballages.com\/pt-pt\/produit\/500-etiquetas-douradas-boas-festas\/\",\"name\":\"Etiqueta adesiva dourada \\\"Boas Festas\\\", embalagem de 500\",\"isPartOf\":{\"@id\":\"https:\/\/www.csj-emballages.com\/pt-pt\/#website\"},\"primaryImageOfPage\":{\"@id\":\"https:\/\/www.csj-emballages.com\/pt-pt\/produit\/500-etiquetas-douradas-boas-festas\/#primaryimage\"},\"image\":{\"@id\":\"https:\/\/www.csj-emballages.com\/pt-pt\/produit\/500-etiquetas-douradas-boas-festas\/#primaryimage\"},\"thumbnailUrl\":\"https:\/\/www.csj-emballages.com\/wp-content\/uploads\/2024\/03\/11124-1.webp\",\"datePublished\":\"2024-03-01T15:59:24+00:00\",\"dateModified\":\"2026-03-12T15:03:52+00:00\",\"description\":\"Etiqueta adesiva dourada \\\"Joyeuses f\u00eates\\\" 35x18 mm - caixa de 500. Perfeito para real\u00e7ar as suas embalagens festivas de forma r\u00e1pida e elegante.\",\"breadcrumb\":{\"@id\":\"https:\/\/www.csj-emballages.com\/pt-pt\/produit\/500-etiquetas-douradas-boas-festas\/#breadcrumb\"},\"inLanguage\":\"pt-PT\",\"potentialAction\":[{\"@type\":\"ReadAction\",\"target\":[\"https:\/\/www.csj-emballages.com\/pt-pt\/produit\/500-etiquetas-douradas-boas-festas\/\"]}]},{\"@type\":\"ImageObject\",\"inLanguage\":\"pt-PT\",\"@id\":\"https:\/\/www.csj-emballages.com\/pt-pt\/produit\/500-etiquetas-douradas-boas-festas\/#primaryimage\",\"url\":\"https:\/\/www.csj-emballages.com\/wp-content\/uploads\/2024\/03\/11124-1.webp\",\"contentUrl\":\"https:\/\/www.csj-emballages.com\/wp-content\/uploads\/2024\/03\/11124-1.webp\",\"width\":800,\"height\":800,\"caption\":\"\u00c9tiquette adh\u00e9sive or\"},{\"@type\":\"BreadcrumbList\",\"@id\":\"https:\/\/www.csj-emballages.com\/pt-pt\/produit\/500-etiquetas-douradas-boas-festas\/#breadcrumb\",\"itemListElement\":[{\"@type\":\"ListItem\",\"position\":1,\"name\":\"Acolhimento\",\"item\":\"https:\/\/www.csj-emballages.com\/pt-pt\/universo-das-embalagens-alimentares\/\"},{\"@type\":\"ListItem\",\"position\":2,\"name\":\"Shop\",\"item\":\"https:\/\/www.csj-emballages.com\/shop\/\"},{\"@type\":\"ListItem\",\"position\":3,\"name\":\"Etiqueta adesiva dourada \u00ab\u00a0Joyeux f\u00eates\u00a0\u00bb, embalagem de 500\"}]},{\"@type\":\"WebSite\",\"@id\":\"https:\/\/www.csj-emballages.com\/pt-pt\/#website\",\"url\":\"https:\/\/www.csj-emballages.com\/pt-pt\/\",\"name\":\"CSJ Emballages\",\"description\":\"\",\"publisher\":{\"@id\":\"https:\/\/www.csj-emballages.com\/pt-pt\/#organization\"},\"potentialAction\":[{\"@type\":\"SearchAction\",\"target\":{\"@type\":\"EntryPoint\",\"urlTemplate\":\"https:\/\/www.csj-emballages.com\/pt-pt\/?s={search_term_string}\"},\"query-input\":{\"@type\":\"PropertyValueSpecification\",\"valueRequired\":true,\"valueName\":\"search_term_string\"}}],\"inLanguage\":\"pt-PT\"},{\"@type\":\"Organization\",\"@id\":\"https:\/\/www.csj-emballages.com\/pt-pt\/#Organization\/\",\"name\":\"CSJ Emballages\",\"url\":\"https:\/\/www.csj-emballages.com\/pt-pt\/\",\"logo\":{\"@type\":\"ImageObject\",\"inLanguage\":\"pt-PT\",\"@id\":\"https:\/\/www.csj-emballages.com\/pt-pt\/#\/schema\/logo\/image\/\",\"url\":\"https:\/\/www.csj-emballages.com\/wp-content\/uploads\/2023\/10\/logo_csj.webp\",\"contentUrl\":\"https:\/\/www.csj-emballages.com\/wp-content\/uploads\/2023\/10\/logo_csj.webp\",\"width\":250,\"height\":95,\"caption\":\"CSJ Emballages\"},\"image\":{\"@id\":\"https:\/\/www.csj-emballages.com\/pt-pt\/#\/schema\/logo\/image\/\"},\"sameAs\":[\"https:\/\/www.facebook.com\/csjemballages\"],\"address\":{\"@type\":\"PostalAddress\",\"streetAddress\":\"ZI La Lechere\",\"addressLocality\":\"Patornay\",\"postalCode\":\"39130\",\"addressCountry\":\"FR\"},\"contactPoint\":[{\"@type\":\"ContactPoint\",\"contactType\":\"Service client\",\"telephone\":\"0384254272\",\"email\":\"contact@csj-emballages.com\"}]}]}<\/script>\n<!-- \/ Yoast SEO Premium plugin. -->","yoast_head_json":{"title":"Etiqueta adesiva dourada \"Boas Festas\", embalagem de 500","description":"Etiqueta adesiva dourada \"Joyeuses f\u00eates\" 35x18 mm - caixa de 500. Perfeito para real\u00e7ar as suas embalagens festivas de forma r\u00e1pida e elegante.","robots":{"index":"index","follow":"follow","max-snippet":"max-snippet:-1","max-image-preview":"max-image-preview:large","max-video-preview":"max-video-preview:-1"},"canonical":"https:\/\/www.csj-emballages.com\/pt-pt\/produit\/500-etiquetas-douradas-boas-festas\/","og_locale":"pt_PT","og_type":"article","og_title":"Etiqueta adesiva dourada \"Joyeux f\u00eates\", embalagem de 500","og_description":"Etiqueta adesiva dourada \"Joyeuses f\u00eates\" 35x18 mm - caixa de 500. Perfeito para real\u00e7ar as suas embalagens festivas de forma r\u00e1pida e elegante.","og_url":"https:\/\/www.csj-emballages.com\/pt-pt\/produit\/500-etiquetas-douradas-boas-festas\/","og_site_name":"CSJ Emballages","article_publisher":"https:\/\/www.facebook.com\/csjemballages","article_modified_time":"2026-03-12T15:03:52+00:00","og_image":[{"width":800,"height":800,"url":"https:\/\/www.csj-emballages.com\/wp-content\/uploads\/2024\/03\/11124-1.webp","type":"image\/webp"}],"twitter_card":"summary_large_image","twitter_misc":{"Tempo estimado de leitura":"2 minutos"},"schema":{"@context":"https:\/\/schema.org","@graph":[{"@type":"WebPage","@id":"https:\/\/www.csj-emballages.com\/pt-pt\/produit\/500-etiquetas-douradas-boas-festas\/","url":"https:\/\/www.csj-emballages.com\/pt-pt\/produit\/500-etiquetas-douradas-boas-festas\/","name":"Etiqueta adesiva dourada \"Boas Festas\", embalagem de 500","isPartOf":{"@id":"https:\/\/www.csj-emballages.com\/pt-pt\/#website"},"primaryImageOfPage":{"@id":"https:\/\/www.csj-emballages.com\/pt-pt\/produit\/500-etiquetas-douradas-boas-festas\/#primaryimage"},"image":{"@id":"https:\/\/www.csj-emballages.com\/pt-pt\/produit\/500-etiquetas-douradas-boas-festas\/#primaryimage"},"thumbnailUrl":"https:\/\/www.csj-emballages.com\/wp-content\/uploads\/2024\/03\/11124-1.webp","datePublished":"2024-03-01T15:59:24+00:00","dateModified":"2026-03-12T15:03:52+00:00","description":"Etiqueta adesiva dourada \"Joyeuses f\u00eates\" 35x18 mm - caixa de 500. Perfeito para real\u00e7ar as suas embalagens festivas de forma r\u00e1pida e elegante.","breadcrumb":{"@id":"https:\/\/www.csj-emballages.com\/pt-pt\/produit\/500-etiquetas-douradas-boas-festas\/#breadcrumb"},"inLanguage":"pt-PT","potentialAction":[{"@type":"ReadAction","target":["https:\/\/www.csj-emballages.com\/pt-pt\/produit\/500-etiquetas-douradas-boas-festas\/"]}]},{"@type":"ImageObject","inLanguage":"pt-PT","@id":"https:\/\/www.csj-emballages.com\/pt-pt\/produit\/500-etiquetas-douradas-boas-festas\/#primaryimage","url":"https:\/\/www.csj-emballages.com\/wp-content\/uploads\/2024\/03\/11124-1.webp","contentUrl":"https:\/\/www.csj-emballages.com\/wp-content\/uploads\/2024\/03\/11124-1.webp","width":800,"height":800,"caption":"\u00c9tiquette adh\u00e9sive or"},{"@type":"BreadcrumbList","@id":"https:\/\/www.csj-emballages.com\/pt-pt\/produit\/500-etiquetas-douradas-boas-festas\/#breadcrumb","itemListElement":[{"@type":"ListItem","position":1,"name":"Acolhimento","item":"https:\/\/www.csj-emballages.com\/pt-pt\/universo-das-embalagens-alimentares\/"},{"@type":"ListItem","position":2,"name":"Shop","item":"https:\/\/www.csj-emballages.com\/shop\/"},{"@type":"ListItem","position":3,"name":"Etiqueta adesiva dourada \u00ab\u00a0Joyeux f\u00eates\u00a0\u00bb, embalagem de 500"}]},{"@type":"WebSite","@id":"https:\/\/www.csj-emballages.com\/pt-pt\/#website","url":"https:\/\/www.csj-emballages.com\/pt-pt\/","name":"CSJ Emballages","description":"","publisher":{"@id":"https:\/\/www.csj-emballages.com\/pt-pt\/#organization"},"potentialAction":[{"@type":"SearchAction","target":{"@type":"EntryPoint","urlTemplate":"https:\/\/www.csj-emballages.com\/pt-pt\/?s={search_term_string}"},"query-input":{"@type":"PropertyValueSpecification","valueRequired":true,"valueName":"search_term_string"}}],"inLanguage":"pt-PT"},{"@type":"Organization","@id":"https:\/\/www.csj-emballages.com\/pt-pt\/#Organization\/","name":"CSJ Emballages","url":"https:\/\/www.csj-emballages.com\/pt-pt\/","logo":{"@type":"ImageObject","inLanguage":"pt-PT","@id":"https:\/\/www.csj-emballages.com\/pt-pt\/#\/schema\/logo\/image\/","url":"https:\/\/www.csj-emballages.com\/wp-content\/uploads\/2023\/10\/logo_csj.webp","contentUrl":"https:\/\/www.csj-emballages.com\/wp-content\/uploads\/2023\/10\/logo_csj.webp","width":250,"height":95,"caption":"CSJ Emballages"},"image":{"@id":"https:\/\/www.csj-emballages.com\/pt-pt\/#\/schema\/logo\/image\/"},"sameAs":["https:\/\/www.facebook.com\/csjemballages"],"address":{"@type":"PostalAddress","streetAddress":"ZI La Lechere","addressLocality":"Patornay","postalCode":"39130","addressCountry":"FR"},"contactPoint":[{"@type":"ContactPoint","contactType":"Service client","telephone":"0384254272","email":"contact@csj-emballages.com"}]}]}},"df_price":9.24,"df_sale_price":"","df_regular_price":9.24,"df_image_link":"https:\/\/www.csj-emballages.com\/wp-content\/uploads\/2024\/03\/11124-1-300x300.webp","tiered_pricing_type":"fixed","tiered_pricing_fixed_rules":[],"tiered_pricing_percentage_rules":[],"tiered_pricing_minimum":1,"tiered_pricing_roles_data":[],"_links":{"self":[{"href":"https:\/\/www.csj-emballages.com\/pt-pt\/wp-json\/wp\/v2\/product\/18258","targetHints":{"allow":["GET"]}}],"collection":[{"href":"https:\/\/www.csj-emballages.com\/pt-pt\/wp-json\/wp\/v2\/product"}],"about":[{"href":"https:\/\/www.csj-emballages.com\/pt-pt\/wp-json\/wp\/v2\/types\/product"}],"wp:featuredmedia":[{"embeddable":true,"href":"https:\/\/www.csj-emballages.com\/pt-pt\/wp-json\/wp\/v2\/media\/243833"}],"wp:attachment":[{"href":"https:\/\/www.csj-emballages.com\/pt-pt\/wp-json\/wp\/v2\/media?parent=18258"}],"wp:term":[{"taxonomy":"product_brand","embeddable":true,"href":"https:\/\/www.csj-emballages.com\/pt-pt\/wp-json\/wp\/v2\/product_brand?post=18258"},{"taxonomy":"product_cat","embeddable":true,"href":"https:\/\/www.csj-emballages.com\/pt-pt\/wp-json\/wp\/v2\/product_cat?post=18258"},{"taxonomy":"product_tag","embeddable":true,"href":"https:\/\/www.csj-emballages.com\/pt-pt\/wp-json\/wp\/v2\/product_tag?post=18258"}],"curies":[{"name":"wp","href":"https:\/\/api.w.org\/{rel}","templated":true}]}}