{"id":18215,"date":"2024-03-01T16:59:27","date_gmt":"2024-03-01T15:59:27","guid":{"rendered":"https:\/\/u15jnbdpoq.preview.infomaniak.website\/produit\/flauta-de-cristal-de-luxo-reutilizavel-e-inquebravel-15-cl\/"},"modified":"2026-03-12T16:03:42","modified_gmt":"2026-03-12T15:03:42","slug":"flauta-de-cristal-de-luxo-reutilizavel-e-inquebravel-15-cl","status":"publish","type":"product","link":"https:\/\/www.csj-emballages.com\/pt-pt\/produit\/flauta-de-cristal-de-luxo-reutilizavel-e-inquebravel-15-cl\/","title":{"rendered":"Ta\u00e7a de champanhe de cristal reutiliz\u00e1vel e inquebr\u00e1vel 15 cl"},"content":{"rendered":"<h2>Ta\u00e7a de champanhe<\/h2>\n<hr>\n<h3>Descri\u00e7\u00e3o da nossa ta\u00e7a de champanhe reutiliz\u00e1vel de cristal inquebr\u00e1vel 15 cl<\/h3>\n<p><!--more--><\/p>\n<p>O nosso<strong> flute de champanhe reutiliz\u00e1vel <\/strong><strong> de 15cl<\/strong><strong> em cristal inquebr\u00e1vel <\/strong>\u00e9 perfeito para eventos sofisticados. Fabricado com materiais resistentes, combina eleg\u00e2ncia e car\u00e1cter pr\u00e1tico. A sua cor <strong>cristalina<\/strong> d\u00e1 um toque chique e contempor\u00e2neo \u00e0s suas recep\u00e7\u00f5es. Gra\u00e7as \u00e0 sua conce\u00e7\u00e3o inquebr\u00e1vel, garantem seguran\u00e7a e durabilidade, mesmo em caso de utiliza\u00e7\u00e3o repetida. S\u00e3o ideais para celebra\u00e7\u00f5es ao ar livre ou noites sofisticadas. Para al\u00e9m de serem esteticamente agrad\u00e1veis, s\u00e3o tamb\u00e9m amigos do ambiente, reduzindo os res\u00edduos de pl\u00e1stico de utiliza\u00e7\u00e3o \u00fanica. Esta <strong>flauta<\/strong> pode ser lavada e reutilizada v\u00e1rias vezes, o que a torna uma op\u00e7\u00e3o econ\u00f3mica a longo prazo. F\u00e1cil de limpar, n\u00e3o ret\u00e9m odores nem manchas. O seu design ergon\u00f3mico garante uma ader\u00eancia confort\u00e1vel, mantendo-se leve. Quer seja para um casamento, um anivers\u00e1rio ou um cocktail, esta <strong>flauta<\/strong> d\u00e1 um toque de requinte.<\/p>\n<p><!--more--><\/p>\n<p>Em suma, esta ta\u00e7a <strong>de champanhe de cristal reutiliz\u00e1vel<\/strong> <strong>de 15cl<\/strong> encarna o luxo pr\u00e1tico, combinando estilo, durabilidade e respeito pelo ambiente.<\/p>\n<p>&nbsp;<\/p>\n<p><!--more--><\/p>\n<p><strong>Vantagens:<\/strong><\/p>\n<ul>\n<li><strong>Inquebr\u00e1vel<\/strong>: Feito de material robusto, resiste a choques e evita a quebra.<\/li>\n<li><strong>Reutiliz\u00e1vel<\/strong>: lav\u00e1vel e dur\u00e1vel, reduz os res\u00edduos de pl\u00e1stico de utiliza\u00e7\u00e3o \u00fanica.<\/li>\n<li><strong>Elegante<\/strong>: O seu acabamento <strong>em cristal<\/strong> confere um toque de sofistica\u00e7\u00e3o e modernidade.<\/li>\n<li><strong>Adequado para todos os tipos de eventos<\/strong>: Quer seja para casamentos, anivers\u00e1rios ou festas, adapta-se a qualquer ambiente.<\/li>\n<\/ul>\n<p>&nbsp;<\/p>\n<p><!--more--><\/p>\n<p>Este produto est\u00e1 dispon\u00edvel em v\u00e1rias cores: <span style=\"color: #d12727;\"><a style=\"color: #d12727;\" href=\"https:\/\/www.csj-emballages.com\/produit\/flutes-reutilisables-noires-luxe-incassables-15-cl\/\">preto<\/a><\/span> \/ <span style=\"color: #d12727;\"><a style=\"color: #d12727;\" href=\"https:\/\/www.csj-emballages.com\/produit\/flutes-reutilisables-blanches-luxe-15cl\/\">Branco<\/a><\/span><\/p>\n<p>&nbsp;<\/p>\n<p><!--more--><\/p>\n<p><a href=\"\/?product_cat=vaisselles-reutilisables\">V\u00ea o resto da nossa gama de pratos reutiliz\u00e1veis<\/a><\/p>\n","protected":false},"excerpt":{"rendered":"<p>Ta\u00e7a de champanhe Descri\u00e7\u00e3o da nossa ta\u00e7a de champanhe reutiliz\u00e1vel de cristal inquebr\u00e1vel 15 cl<\/p>\n","protected":false},"featured_media":197723,"template":"","meta":{"_acf_changed":false},"product_brand":[],"product_cat":[1141,1471,1472,6722],"product_tag":[],"class_list":{"0":"post-18215","1":"product","2":"type-product","3":"status-publish","4":"has-post-thumbnail","6":"product_cat-embalagem-de-alimentos","7":"product_cat-chavenas-copos-baldes-garrafas","8":"product_cat-copos-e-chavenas-inquebraveis-e-reutilizaveis","9":"product_cat-pratos-reutilizaveis","11":"first","12":"instock","13":"taxable","14":"shipping-taxable","15":"purchasable","16":"product-type-simple"},"acf":[],"yoast_head":"<!-- This site is optimized with the Yoast SEO Premium plugin v26.6 (Yoast SEO v26.6) - https:\/\/yoast.com\/wordpress\/plugins\/seo\/ -->\n<title>Ta\u00e7a de champanhe de cristal reutiliz\u00e1vel - 15cl<\/title>\n<meta name=\"description\" content=\"Descubra a ta\u00e7a de champanhe reutiliz\u00e1vel de cristal de 15cl: elegante, ecol\u00f3gica e sustent\u00e1vel. Perfeito para qualquer evento, combina estilo e praticidade!\" \/>\n<meta name=\"robots\" content=\"index, follow, max-snippet:-1, max-image-preview:large, max-video-preview:-1\" \/>\n<link rel=\"canonical\" href=\"https:\/\/www.csj-emballages.com\/pt-pt\/produit\/flauta-de-cristal-de-luxo-reutilizavel-e-inquebravel-15-cl\/\" \/>\n<meta property=\"og:locale\" content=\"pt_PT\" \/>\n<meta property=\"og:type\" content=\"article\" \/>\n<meta property=\"og:title\" content=\"Ta\u00e7a de champanhe de cristal reutiliz\u00e1vel e inquebr\u00e1vel 15 cl\" \/>\n<meta property=\"og:description\" content=\"Descubra a ta\u00e7a de champanhe reutiliz\u00e1vel de cristal de 15cl: elegante, ecol\u00f3gica e sustent\u00e1vel. Perfeito para qualquer evento, combina estilo e praticidade!\" \/>\n<meta property=\"og:url\" content=\"https:\/\/www.csj-emballages.com\/pt-pt\/produit\/flauta-de-cristal-de-luxo-reutilizavel-e-inquebravel-15-cl\/\" \/>\n<meta property=\"og:site_name\" content=\"CSJ Emballages\" \/>\n<meta property=\"article:publisher\" content=\"https:\/\/www.facebook.com\/csjemballages\" \/>\n<meta property=\"article:modified_time\" content=\"2026-03-12T15:03:42+00:00\" \/>\n<meta property=\"og:image\" content=\"https:\/\/www.csj-emballages.com\/wp-content\/uploads\/2024\/03\/Flute-champagne-cristal.webp\" \/>\n\t<meta property=\"og:image:width\" content=\"800\" \/>\n\t<meta property=\"og:image:height\" content=\"800\" \/>\n\t<meta property=\"og:image:type\" content=\"image\/webp\" \/>\n<meta name=\"twitter:card\" content=\"summary_large_image\" \/>\n<meta name=\"twitter:label1\" content=\"Tempo estimado de leitura\" \/>\n\t<meta name=\"twitter:data1\" content=\"1 minuto\" \/>\n<script type=\"application\/ld+json\" class=\"yoast-schema-graph\">{\"@context\":\"https:\/\/schema.org\",\"@graph\":[{\"@type\":\"WebPage\",\"@id\":\"https:\/\/www.csj-emballages.com\/pt-pt\/produit\/flauta-de-cristal-de-luxo-reutilizavel-e-inquebravel-15-cl\/\",\"url\":\"https:\/\/www.csj-emballages.com\/pt-pt\/produit\/flauta-de-cristal-de-luxo-reutilizavel-e-inquebravel-15-cl\/\",\"name\":\"Ta\u00e7a de champanhe de cristal reutiliz\u00e1vel - 15cl\",\"isPartOf\":{\"@id\":\"https:\/\/www.csj-emballages.com\/pt-pt\/#website\"},\"primaryImageOfPage\":{\"@id\":\"https:\/\/www.csj-emballages.com\/pt-pt\/produit\/flauta-de-cristal-de-luxo-reutilizavel-e-inquebravel-15-cl\/#primaryimage\"},\"image\":{\"@id\":\"https:\/\/www.csj-emballages.com\/pt-pt\/produit\/flauta-de-cristal-de-luxo-reutilizavel-e-inquebravel-15-cl\/#primaryimage\"},\"thumbnailUrl\":\"https:\/\/www.csj-emballages.com\/wp-content\/uploads\/2024\/03\/Flute-champagne-cristal.webp\",\"datePublished\":\"2024-03-01T15:59:27+00:00\",\"dateModified\":\"2026-03-12T15:03:42+00:00\",\"description\":\"Descubra a ta\u00e7a de champanhe reutiliz\u00e1vel de cristal de 15cl: elegante, ecol\u00f3gica e sustent\u00e1vel. Perfeito para qualquer evento, combina estilo e praticidade!\",\"breadcrumb\":{\"@id\":\"https:\/\/www.csj-emballages.com\/pt-pt\/produit\/flauta-de-cristal-de-luxo-reutilizavel-e-inquebravel-15-cl\/#breadcrumb\"},\"inLanguage\":\"pt-PT\",\"potentialAction\":[{\"@type\":\"ReadAction\",\"target\":[\"https:\/\/www.csj-emballages.com\/pt-pt\/produit\/flauta-de-cristal-de-luxo-reutilizavel-e-inquebravel-15-cl\/\"]}]},{\"@type\":\"ImageObject\",\"inLanguage\":\"pt-PT\",\"@id\":\"https:\/\/www.csj-emballages.com\/pt-pt\/produit\/flauta-de-cristal-de-luxo-reutilizavel-e-inquebravel-15-cl\/#primaryimage\",\"url\":\"https:\/\/www.csj-emballages.com\/wp-content\/uploads\/2024\/03\/Flute-champagne-cristal.webp\",\"contentUrl\":\"https:\/\/www.csj-emballages.com\/wp-content\/uploads\/2024\/03\/Flute-champagne-cristal.webp\",\"width\":800,\"height\":800,\"caption\":\"fl\u00fbte champagne\"},{\"@type\":\"BreadcrumbList\",\"@id\":\"https:\/\/www.csj-emballages.com\/pt-pt\/produit\/flauta-de-cristal-de-luxo-reutilizavel-e-inquebravel-15-cl\/#breadcrumb\",\"itemListElement\":[{\"@type\":\"ListItem\",\"position\":1,\"name\":\"Acolhimento\",\"item\":\"https:\/\/www.csj-emballages.com\/pt-pt\/universo-das-embalagens-alimentares\/\"},{\"@type\":\"ListItem\",\"position\":2,\"name\":\"Shop\",\"item\":\"https:\/\/www.csj-emballages.com\/shop\/\"},{\"@type\":\"ListItem\",\"position\":3,\"name\":\"Ta\u00e7a de champanhe de cristal reutiliz\u00e1vel e inquebr\u00e1vel 15 cl\"}]},{\"@type\":\"WebSite\",\"@id\":\"https:\/\/www.csj-emballages.com\/pt-pt\/#website\",\"url\":\"https:\/\/www.csj-emballages.com\/pt-pt\/\",\"name\":\"CSJ Emballages\",\"description\":\"\",\"publisher\":{\"@id\":\"https:\/\/www.csj-emballages.com\/pt-pt\/#organization\"},\"potentialAction\":[{\"@type\":\"SearchAction\",\"target\":{\"@type\":\"EntryPoint\",\"urlTemplate\":\"https:\/\/www.csj-emballages.com\/pt-pt\/?s={search_term_string}\"},\"query-input\":{\"@type\":\"PropertyValueSpecification\",\"valueRequired\":true,\"valueName\":\"search_term_string\"}}],\"inLanguage\":\"pt-PT\"},{\"@type\":\"Organization\",\"@id\":\"https:\/\/www.csj-emballages.com\/pt-pt\/#Organization\/\",\"name\":\"CSJ Emballages\",\"url\":\"https:\/\/www.csj-emballages.com\/pt-pt\/\",\"logo\":{\"@type\":\"ImageObject\",\"inLanguage\":\"pt-PT\",\"@id\":\"https:\/\/www.csj-emballages.com\/pt-pt\/#\/schema\/logo\/image\/\",\"url\":\"https:\/\/www.csj-emballages.com\/wp-content\/uploads\/2023\/10\/logo_csj.webp\",\"contentUrl\":\"https:\/\/www.csj-emballages.com\/wp-content\/uploads\/2023\/10\/logo_csj.webp\",\"width\":250,\"height\":95,\"caption\":\"CSJ Emballages\"},\"image\":{\"@id\":\"https:\/\/www.csj-emballages.com\/pt-pt\/#\/schema\/logo\/image\/\"},\"sameAs\":[\"https:\/\/www.facebook.com\/csjemballages\"],\"address\":{\"@type\":\"PostalAddress\",\"streetAddress\":\"ZI La Lechere\",\"addressLocality\":\"Patornay\",\"postalCode\":\"39130\",\"addressCountry\":\"FR\"},\"contactPoint\":[{\"@type\":\"ContactPoint\",\"contactType\":\"Service client\",\"telephone\":\"0384254272\",\"email\":\"contact@csj-emballages.com\"}]}]}<\/script>\n<!-- \/ Yoast SEO Premium plugin. -->","yoast_head_json":{"title":"Ta\u00e7a de champanhe de cristal reutiliz\u00e1vel - 15cl","description":"Descubra a ta\u00e7a de champanhe reutiliz\u00e1vel de cristal de 15cl: elegante, ecol\u00f3gica e sustent\u00e1vel. Perfeito para qualquer evento, combina estilo e praticidade!","robots":{"index":"index","follow":"follow","max-snippet":"max-snippet:-1","max-image-preview":"max-image-preview:large","max-video-preview":"max-video-preview:-1"},"canonical":"https:\/\/www.csj-emballages.com\/pt-pt\/produit\/flauta-de-cristal-de-luxo-reutilizavel-e-inquebravel-15-cl\/","og_locale":"pt_PT","og_type":"article","og_title":"Ta\u00e7a de champanhe de cristal reutiliz\u00e1vel e inquebr\u00e1vel 15 cl","og_description":"Descubra a ta\u00e7a de champanhe reutiliz\u00e1vel de cristal de 15cl: elegante, ecol\u00f3gica e sustent\u00e1vel. Perfeito para qualquer evento, combina estilo e praticidade!","og_url":"https:\/\/www.csj-emballages.com\/pt-pt\/produit\/flauta-de-cristal-de-luxo-reutilizavel-e-inquebravel-15-cl\/","og_site_name":"CSJ Emballages","article_publisher":"https:\/\/www.facebook.com\/csjemballages","article_modified_time":"2026-03-12T15:03:42+00:00","og_image":[{"width":800,"height":800,"url":"https:\/\/www.csj-emballages.com\/wp-content\/uploads\/2024\/03\/Flute-champagne-cristal.webp","type":"image\/webp"}],"twitter_card":"summary_large_image","twitter_misc":{"Tempo estimado de leitura":"1 minuto"},"schema":{"@context":"https:\/\/schema.org","@graph":[{"@type":"WebPage","@id":"https:\/\/www.csj-emballages.com\/pt-pt\/produit\/flauta-de-cristal-de-luxo-reutilizavel-e-inquebravel-15-cl\/","url":"https:\/\/www.csj-emballages.com\/pt-pt\/produit\/flauta-de-cristal-de-luxo-reutilizavel-e-inquebravel-15-cl\/","name":"Ta\u00e7a de champanhe de cristal reutiliz\u00e1vel - 15cl","isPartOf":{"@id":"https:\/\/www.csj-emballages.com\/pt-pt\/#website"},"primaryImageOfPage":{"@id":"https:\/\/www.csj-emballages.com\/pt-pt\/produit\/flauta-de-cristal-de-luxo-reutilizavel-e-inquebravel-15-cl\/#primaryimage"},"image":{"@id":"https:\/\/www.csj-emballages.com\/pt-pt\/produit\/flauta-de-cristal-de-luxo-reutilizavel-e-inquebravel-15-cl\/#primaryimage"},"thumbnailUrl":"https:\/\/www.csj-emballages.com\/wp-content\/uploads\/2024\/03\/Flute-champagne-cristal.webp","datePublished":"2024-03-01T15:59:27+00:00","dateModified":"2026-03-12T15:03:42+00:00","description":"Descubra a ta\u00e7a de champanhe reutiliz\u00e1vel de cristal de 15cl: elegante, ecol\u00f3gica e sustent\u00e1vel. Perfeito para qualquer evento, combina estilo e praticidade!","breadcrumb":{"@id":"https:\/\/www.csj-emballages.com\/pt-pt\/produit\/flauta-de-cristal-de-luxo-reutilizavel-e-inquebravel-15-cl\/#breadcrumb"},"inLanguage":"pt-PT","potentialAction":[{"@type":"ReadAction","target":["https:\/\/www.csj-emballages.com\/pt-pt\/produit\/flauta-de-cristal-de-luxo-reutilizavel-e-inquebravel-15-cl\/"]}]},{"@type":"ImageObject","inLanguage":"pt-PT","@id":"https:\/\/www.csj-emballages.com\/pt-pt\/produit\/flauta-de-cristal-de-luxo-reutilizavel-e-inquebravel-15-cl\/#primaryimage","url":"https:\/\/www.csj-emballages.com\/wp-content\/uploads\/2024\/03\/Flute-champagne-cristal.webp","contentUrl":"https:\/\/www.csj-emballages.com\/wp-content\/uploads\/2024\/03\/Flute-champagne-cristal.webp","width":800,"height":800,"caption":"fl\u00fbte champagne"},{"@type":"BreadcrumbList","@id":"https:\/\/www.csj-emballages.com\/pt-pt\/produit\/flauta-de-cristal-de-luxo-reutilizavel-e-inquebravel-15-cl\/#breadcrumb","itemListElement":[{"@type":"ListItem","position":1,"name":"Acolhimento","item":"https:\/\/www.csj-emballages.com\/pt-pt\/universo-das-embalagens-alimentares\/"},{"@type":"ListItem","position":2,"name":"Shop","item":"https:\/\/www.csj-emballages.com\/shop\/"},{"@type":"ListItem","position":3,"name":"Ta\u00e7a de champanhe de cristal reutiliz\u00e1vel e inquebr\u00e1vel 15 cl"}]},{"@type":"WebSite","@id":"https:\/\/www.csj-emballages.com\/pt-pt\/#website","url":"https:\/\/www.csj-emballages.com\/pt-pt\/","name":"CSJ Emballages","description":"","publisher":{"@id":"https:\/\/www.csj-emballages.com\/pt-pt\/#organization"},"potentialAction":[{"@type":"SearchAction","target":{"@type":"EntryPoint","urlTemplate":"https:\/\/www.csj-emballages.com\/pt-pt\/?s={search_term_string}"},"query-input":{"@type":"PropertyValueSpecification","valueRequired":true,"valueName":"search_term_string"}}],"inLanguage":"pt-PT"},{"@type":"Organization","@id":"https:\/\/www.csj-emballages.com\/pt-pt\/#Organization\/","name":"CSJ Emballages","url":"https:\/\/www.csj-emballages.com\/pt-pt\/","logo":{"@type":"ImageObject","inLanguage":"pt-PT","@id":"https:\/\/www.csj-emballages.com\/pt-pt\/#\/schema\/logo\/image\/","url":"https:\/\/www.csj-emballages.com\/wp-content\/uploads\/2023\/10\/logo_csj.webp","contentUrl":"https:\/\/www.csj-emballages.com\/wp-content\/uploads\/2023\/10\/logo_csj.webp","width":250,"height":95,"caption":"CSJ Emballages"},"image":{"@id":"https:\/\/www.csj-emballages.com\/pt-pt\/#\/schema\/logo\/image\/"},"sameAs":["https:\/\/www.facebook.com\/csjemballages"],"address":{"@type":"PostalAddress","streetAddress":"ZI La Lechere","addressLocality":"Patornay","postalCode":"39130","addressCountry":"FR"},"contactPoint":[{"@type":"ContactPoint","contactType":"Service client","telephone":"0384254272","email":"contact@csj-emballages.com"}]}]}},"df_price":2.81,"df_sale_price":"","df_regular_price":2.81,"df_image_link":"https:\/\/www.csj-emballages.com\/wp-content\/uploads\/2024\/03\/Flute-champagne-cristal-300x300.webp","tiered_pricing_type":"fixed","tiered_pricing_fixed_rules":[],"tiered_pricing_percentage_rules":[],"tiered_pricing_minimum":1,"tiered_pricing_roles_data":[],"_links":{"self":[{"href":"https:\/\/www.csj-emballages.com\/pt-pt\/wp-json\/wp\/v2\/product\/18215","targetHints":{"allow":["GET"]}}],"collection":[{"href":"https:\/\/www.csj-emballages.com\/pt-pt\/wp-json\/wp\/v2\/product"}],"about":[{"href":"https:\/\/www.csj-emballages.com\/pt-pt\/wp-json\/wp\/v2\/types\/product"}],"wp:featuredmedia":[{"embeddable":true,"href":"https:\/\/www.csj-emballages.com\/pt-pt\/wp-json\/wp\/v2\/media\/197723"}],"wp:attachment":[{"href":"https:\/\/www.csj-emballages.com\/pt-pt\/wp-json\/wp\/v2\/media?parent=18215"}],"wp:term":[{"taxonomy":"product_brand","embeddable":true,"href":"https:\/\/www.csj-emballages.com\/pt-pt\/wp-json\/wp\/v2\/product_brand?post=18215"},{"taxonomy":"product_cat","embeddable":true,"href":"https:\/\/www.csj-emballages.com\/pt-pt\/wp-json\/wp\/v2\/product_cat?post=18215"},{"taxonomy":"product_tag","embeddable":true,"href":"https:\/\/www.csj-emballages.com\/pt-pt\/wp-json\/wp\/v2\/product_tag?post=18215"}],"curies":[{"name":"wp","href":"https:\/\/api.w.org\/{rel}","templated":true}]}}