{"id":18197,"date":"2024-03-01T16:59:40","date_gmt":"2024-03-01T15:59:40","guid":{"rendered":"https:\/\/u15jnbdpoq.preview.infomaniak.website\/produit\/caril-indiano-em-po-de-madras-1-kg\/"},"modified":"2026-04-28T02:10:45","modified_gmt":"2026-04-28T00:10:45","slug":"caril-indiano-em-po-de-madras-1-kg","status":"publish","type":"product","link":"https:\/\/www.csj-emballages.com\/pt-pt\/produit\/caril-indiano-em-po-de-madras-1-kg\/","title":{"rendered":"Caril indiano em p\u00f3 de madras 1 kg"},"content":{"rendered":"<h2 class=\"p1\">Caril em p\u00f3<\/h2>\n<hr>\n<h3>Descri\u00e7\u00e3o do nosso p\u00f3 para caril madras indiano 1 kg<\/h3>\n<p><!--more--><\/p>\n<p data-start=\"171\" data-end=\"551\">Quer dar car\u00e1cter aos seus pratos sem complicar as suas receitas? O <strong data-start=\"247\" data-end=\"280\">caril em p\u00f3 Indian Madras<\/strong> \u00e9 um produto essencial para dar instantaneamente profundidade e calor \u00e0 sua cozinha. Com a sua mistura equilibrada de especiarias cuidadosamente selecionadas, oferece um sabor intenso, ligeiramente picante, que desperta as papilas gustativas sem mascarar os ingredientes.  <\/p>\n<p data-start=\"553\" data-end=\"979\">Este <strong>caril em p\u00f3<\/strong> distingue-se pelo seu perfil arom\u00e1tico rico: notas quentes, picantes e subtilmente perfumadas que se integram tanto em pratos tradicionais indianos como em receitas do dia a dia. Real\u00e7a as <strong>carnes, aviva os legumes, perfuma os molhos e transforma um simples prato de arroz<\/strong> num prato cheio de car\u00e1cter. Basta polvilhar uma pequena quantidade para obter um resultado saboroso e generoso.  <\/p>\n<p data-start=\"981\" data-end=\"1316\">Acondicionado em <strong data-start=\"996\" data-end=\"1011\">formato de 1 kg<\/strong>, este <strong>caril<\/strong> \u00e9 perfeitamente adequado para uso profissional. Restaurantes, empresas de catering, snack-bares ou cozinhas coletivas encontrar\u00e3o nele um aliado fi\u00e1vel para garantir uma consist\u00eancia de sabor servi\u00e7o ap\u00f3s servi\u00e7o. Da mesma forma, este grande formato permite trabalhar com tranquilidade, sem interrup\u00e7\u00f5es, mantendo ao mesmo tempo os custos sob controlo.  <\/p>\n<p data-start=\"1318\" data-end=\"1599\">F\u00e1cil de dosear e simples de utilizar, integra-se naturalmente na sua organiza\u00e7\u00e3o na cozinha. Quer seja para revisitar um cl\u00e1ssico, propor um prato do dia picante ou enriquecer um molho caseiro, o <strong>caril em p\u00f3 Indian Madras<\/strong> traz aquele toque ex\u00f3tico que faz toda a diferen\u00e7a. <\/p>\n<p data-start=\"1601\" data-end=\"1731\">Em resumo, \u00e9 uma especiaria vers\u00e1til, expressiva e eficaz, pensada para quem quer cozinhar com sabor, sem superfluidades.<\/p>\n<p>&nbsp;<\/p>\n<p><!--more--><\/p>\n<h4>Vantagens :<\/h4>\n<ul>\n<li data-start=\"476\" data-end=\"554\">Mistura tradicional de especiarias para um sabor aut\u00eantico.<\/li>\n<li data-start=\"555\" data-end=\"640\">Ideal para carnes, peixes, legumes, molhos e pratos estufados.<\/li>\n<li data-start=\"641\" data-end=\"727\">Formato de 1 kg perfeito para restaurantes e empresas de catering.<\/li>\n<li data-start=\"728\" data-end=\"818\" data-is-only-node=\"\">Embalagem adaptada para preservar aromas e frescura<\/li>\n<\/ul>\n<p>&nbsp;<\/p>\n<p><!--more--><\/p>\n<h4>Outras informa\u00e7\u00f5es :<\/h4>\n<ul>\n<li><strong>Embalagem<\/strong>: Pacote de 1kg<\/li>\n<li><strong>Formato<\/strong>: Mo\u00eddo<\/li>\n<\/ul>\n<p>&nbsp;<\/p>\n<p><!--more--><\/p>\n<p><a href=\"https:\/\/www.csj-emballages.com\/pt-pt\/categorie-produit\/alimentacao-pt-pt\/especiarias\/especiarias-simples\/\">Ver o resto da nossa gama de especiarias simples  <\/a><\/p>\n","protected":false},"excerpt":{"rendered":"<p>Caril em p\u00f3 Descri\u00e7\u00e3o do nosso p\u00f3 para caril madras indiano 1 kg<\/p>\n","protected":false},"featured_media":225878,"template":"","meta":{"_acf_changed":false},"product_brand":[],"product_cat":[1151,1447,1448],"product_tag":[],"class_list":{"0":"post-18197","1":"product","2":"type-product","3":"status-publish","4":"has-post-thumbnail","6":"product_cat-alimentacao-pt-pt","7":"product_cat-especiarias","8":"product_cat-especiarias-simples","10":"first","11":"outofstock","12":"taxable","13":"shipping-taxable","14":"purchasable","15":"product-type-simple"},"acf":[],"yoast_head":"<!-- This site is optimized with the Yoast SEO Premium plugin v26.6 (Yoast SEO v26.6) - https:\/\/yoast.com\/wordpress\/plugins\/seo\/ -->\n<title>Caril indiano em p\u00f3 de Madras 1 kg<\/title>\n<meta name=\"description\" content=\"Saboreie a autenticidade do Caril em p\u00f3 Indian Madras 1 kg! Uma mistura picante ideal para real\u00e7ar carnes, peixes e legumes.\" \/>\n<meta name=\"robots\" content=\"index, follow, max-snippet:-1, max-image-preview:large, max-video-preview:-1\" \/>\n<link rel=\"canonical\" href=\"https:\/\/www.csj-emballages.com\/pt-pt\/produit\/caril-indiano-em-po-de-madras-1-kg\/\" \/>\n<meta property=\"og:locale\" content=\"pt_PT\" \/>\n<meta property=\"og:type\" content=\"article\" \/>\n<meta property=\"og:title\" content=\"Caril indiano em p\u00f3 de madras 1 kg\" \/>\n<meta property=\"og:description\" content=\"Saboreie a autenticidade do Caril em p\u00f3 Indian Madras 1 kg! Uma mistura picante ideal para real\u00e7ar carnes, peixes e legumes.\" \/>\n<meta property=\"og:url\" content=\"https:\/\/www.csj-emballages.com\/pt-pt\/produit\/caril-indiano-em-po-de-madras-1-kg\/\" \/>\n<meta property=\"og:site_name\" content=\"CSJ Emballages\" \/>\n<meta property=\"article:publisher\" content=\"https:\/\/www.facebook.com\/csjemballages\" \/>\n<meta property=\"article:modified_time\" content=\"2026-04-28T00:10:45+00:00\" \/>\n<meta property=\"og:image\" content=\"https:\/\/www.csj-emballages.com\/wp-content\/uploads\/2024\/03\/curry.webp\" \/>\n\t<meta property=\"og:image:width\" content=\"800\" \/>\n\t<meta property=\"og:image:height\" content=\"800\" \/>\n\t<meta property=\"og:image:type\" content=\"image\/webp\" \/>\n<meta name=\"twitter:card\" content=\"summary_large_image\" \/>\n<meta name=\"twitter:label1\" content=\"Tempo estimado de leitura\" \/>\n\t<meta name=\"twitter:data1\" content=\"2 minutos\" \/>\n<script type=\"application\/ld+json\" class=\"yoast-schema-graph\">{\"@context\":\"https:\/\/schema.org\",\"@graph\":[{\"@type\":\"WebPage\",\"@id\":\"https:\/\/www.csj-emballages.com\/pt-pt\/produit\/caril-indiano-em-po-de-madras-1-kg\/\",\"url\":\"https:\/\/www.csj-emballages.com\/pt-pt\/produit\/caril-indiano-em-po-de-madras-1-kg\/\",\"name\":\"Caril indiano em p\u00f3 de Madras 1 kg\",\"isPartOf\":{\"@id\":\"https:\/\/www.csj-emballages.com\/pt-pt\/#website\"},\"primaryImageOfPage\":{\"@id\":\"https:\/\/www.csj-emballages.com\/pt-pt\/produit\/caril-indiano-em-po-de-madras-1-kg\/#primaryimage\"},\"image\":{\"@id\":\"https:\/\/www.csj-emballages.com\/pt-pt\/produit\/caril-indiano-em-po-de-madras-1-kg\/#primaryimage\"},\"thumbnailUrl\":\"https:\/\/www.csj-emballages.com\/wp-content\/uploads\/2024\/03\/curry.webp\",\"datePublished\":\"2024-03-01T15:59:40+00:00\",\"dateModified\":\"2026-04-28T00:10:45+00:00\",\"description\":\"Saboreie a autenticidade do Caril em p\u00f3 Indian Madras 1 kg! Uma mistura picante ideal para real\u00e7ar carnes, peixes e legumes.\",\"breadcrumb\":{\"@id\":\"https:\/\/www.csj-emballages.com\/pt-pt\/produit\/caril-indiano-em-po-de-madras-1-kg\/#breadcrumb\"},\"inLanguage\":\"pt-PT\",\"potentialAction\":[{\"@type\":\"ReadAction\",\"target\":[\"https:\/\/www.csj-emballages.com\/pt-pt\/produit\/caril-indiano-em-po-de-madras-1-kg\/\"]}]},{\"@type\":\"ImageObject\",\"inLanguage\":\"pt-PT\",\"@id\":\"https:\/\/www.csj-emballages.com\/pt-pt\/produit\/caril-indiano-em-po-de-madras-1-kg\/#primaryimage\",\"url\":\"https:\/\/www.csj-emballages.com\/wp-content\/uploads\/2024\/03\/curry.webp\",\"contentUrl\":\"https:\/\/www.csj-emballages.com\/wp-content\/uploads\/2024\/03\/curry.webp\",\"width\":800,\"height\":800,\"caption\":\"Curry\"},{\"@type\":\"BreadcrumbList\",\"@id\":\"https:\/\/www.csj-emballages.com\/pt-pt\/produit\/caril-indiano-em-po-de-madras-1-kg\/#breadcrumb\",\"itemListElement\":[{\"@type\":\"ListItem\",\"position\":1,\"name\":\"Acolhimento\",\"item\":\"https:\/\/www.csj-emballages.com\/pt-pt\/universo-das-embalagens-alimentares\/\"},{\"@type\":\"ListItem\",\"position\":2,\"name\":\"Shop\",\"item\":\"https:\/\/www.csj-emballages.com\/shop\/\"},{\"@type\":\"ListItem\",\"position\":3,\"name\":\"Caril indiano em p\u00f3 de madras 1 kg\"}]},{\"@type\":\"WebSite\",\"@id\":\"https:\/\/www.csj-emballages.com\/pt-pt\/#website\",\"url\":\"https:\/\/www.csj-emballages.com\/pt-pt\/\",\"name\":\"CSJ Emballages\",\"description\":\"\",\"publisher\":{\"@id\":\"https:\/\/www.csj-emballages.com\/pt-pt\/#organization\"},\"potentialAction\":[{\"@type\":\"SearchAction\",\"target\":{\"@type\":\"EntryPoint\",\"urlTemplate\":\"https:\/\/www.csj-emballages.com\/pt-pt\/?s={search_term_string}\"},\"query-input\":{\"@type\":\"PropertyValueSpecification\",\"valueRequired\":true,\"valueName\":\"search_term_string\"}}],\"inLanguage\":\"pt-PT\"},{\"@type\":\"Organization\",\"@id\":\"https:\/\/www.csj-emballages.com\/pt-pt\/#Organization\/\",\"name\":\"CSJ Emballages\",\"url\":\"https:\/\/www.csj-emballages.com\/pt-pt\/\",\"logo\":{\"@type\":\"ImageObject\",\"inLanguage\":\"pt-PT\",\"@id\":\"https:\/\/www.csj-emballages.com\/pt-pt\/#\/schema\/logo\/image\/\",\"url\":\"https:\/\/www.csj-emballages.com\/wp-content\/uploads\/2023\/10\/logo_csj.webp\",\"contentUrl\":\"https:\/\/www.csj-emballages.com\/wp-content\/uploads\/2023\/10\/logo_csj.webp\",\"width\":250,\"height\":95,\"caption\":\"CSJ Emballages\"},\"image\":{\"@id\":\"https:\/\/www.csj-emballages.com\/pt-pt\/#\/schema\/logo\/image\/\"},\"sameAs\":[\"https:\/\/www.facebook.com\/csjemballages\"],\"address\":{\"@type\":\"PostalAddress\",\"streetAddress\":\"ZI La Lechere\",\"addressLocality\":\"Patornay\",\"postalCode\":\"39130\",\"addressCountry\":\"FR\"},\"contactPoint\":[{\"@type\":\"ContactPoint\",\"contactType\":\"Service client\",\"telephone\":\"0384254272\",\"email\":\"contact@csj-emballages.com\"}]}]}<\/script>\n<!-- \/ Yoast SEO Premium plugin. -->","yoast_head_json":{"title":"Caril indiano em p\u00f3 de Madras 1 kg","description":"Saboreie a autenticidade do Caril em p\u00f3 Indian Madras 1 kg! Uma mistura picante ideal para real\u00e7ar carnes, peixes e legumes.","robots":{"index":"index","follow":"follow","max-snippet":"max-snippet:-1","max-image-preview":"max-image-preview:large","max-video-preview":"max-video-preview:-1"},"canonical":"https:\/\/www.csj-emballages.com\/pt-pt\/produit\/caril-indiano-em-po-de-madras-1-kg\/","og_locale":"pt_PT","og_type":"article","og_title":"Caril indiano em p\u00f3 de madras 1 kg","og_description":"Saboreie a autenticidade do Caril em p\u00f3 Indian Madras 1 kg! Uma mistura picante ideal para real\u00e7ar carnes, peixes e legumes.","og_url":"https:\/\/www.csj-emballages.com\/pt-pt\/produit\/caril-indiano-em-po-de-madras-1-kg\/","og_site_name":"CSJ Emballages","article_publisher":"https:\/\/www.facebook.com\/csjemballages","article_modified_time":"2026-04-28T00:10:45+00:00","og_image":[{"width":800,"height":800,"url":"https:\/\/www.csj-emballages.com\/wp-content\/uploads\/2024\/03\/curry.webp","type":"image\/webp"}],"twitter_card":"summary_large_image","twitter_misc":{"Tempo estimado de leitura":"2 minutos"},"schema":{"@context":"https:\/\/schema.org","@graph":[{"@type":"WebPage","@id":"https:\/\/www.csj-emballages.com\/pt-pt\/produit\/caril-indiano-em-po-de-madras-1-kg\/","url":"https:\/\/www.csj-emballages.com\/pt-pt\/produit\/caril-indiano-em-po-de-madras-1-kg\/","name":"Caril indiano em p\u00f3 de Madras 1 kg","isPartOf":{"@id":"https:\/\/www.csj-emballages.com\/pt-pt\/#website"},"primaryImageOfPage":{"@id":"https:\/\/www.csj-emballages.com\/pt-pt\/produit\/caril-indiano-em-po-de-madras-1-kg\/#primaryimage"},"image":{"@id":"https:\/\/www.csj-emballages.com\/pt-pt\/produit\/caril-indiano-em-po-de-madras-1-kg\/#primaryimage"},"thumbnailUrl":"https:\/\/www.csj-emballages.com\/wp-content\/uploads\/2024\/03\/curry.webp","datePublished":"2024-03-01T15:59:40+00:00","dateModified":"2026-04-28T00:10:45+00:00","description":"Saboreie a autenticidade do Caril em p\u00f3 Indian Madras 1 kg! Uma mistura picante ideal para real\u00e7ar carnes, peixes e legumes.","breadcrumb":{"@id":"https:\/\/www.csj-emballages.com\/pt-pt\/produit\/caril-indiano-em-po-de-madras-1-kg\/#breadcrumb"},"inLanguage":"pt-PT","potentialAction":[{"@type":"ReadAction","target":["https:\/\/www.csj-emballages.com\/pt-pt\/produit\/caril-indiano-em-po-de-madras-1-kg\/"]}]},{"@type":"ImageObject","inLanguage":"pt-PT","@id":"https:\/\/www.csj-emballages.com\/pt-pt\/produit\/caril-indiano-em-po-de-madras-1-kg\/#primaryimage","url":"https:\/\/www.csj-emballages.com\/wp-content\/uploads\/2024\/03\/curry.webp","contentUrl":"https:\/\/www.csj-emballages.com\/wp-content\/uploads\/2024\/03\/curry.webp","width":800,"height":800,"caption":"Curry"},{"@type":"BreadcrumbList","@id":"https:\/\/www.csj-emballages.com\/pt-pt\/produit\/caril-indiano-em-po-de-madras-1-kg\/#breadcrumb","itemListElement":[{"@type":"ListItem","position":1,"name":"Acolhimento","item":"https:\/\/www.csj-emballages.com\/pt-pt\/universo-das-embalagens-alimentares\/"},{"@type":"ListItem","position":2,"name":"Shop","item":"https:\/\/www.csj-emballages.com\/shop\/"},{"@type":"ListItem","position":3,"name":"Caril indiano em p\u00f3 de madras 1 kg"}]},{"@type":"WebSite","@id":"https:\/\/www.csj-emballages.com\/pt-pt\/#website","url":"https:\/\/www.csj-emballages.com\/pt-pt\/","name":"CSJ Emballages","description":"","publisher":{"@id":"https:\/\/www.csj-emballages.com\/pt-pt\/#organization"},"potentialAction":[{"@type":"SearchAction","target":{"@type":"EntryPoint","urlTemplate":"https:\/\/www.csj-emballages.com\/pt-pt\/?s={search_term_string}"},"query-input":{"@type":"PropertyValueSpecification","valueRequired":true,"valueName":"search_term_string"}}],"inLanguage":"pt-PT"},{"@type":"Organization","@id":"https:\/\/www.csj-emballages.com\/pt-pt\/#Organization\/","name":"CSJ Emballages","url":"https:\/\/www.csj-emballages.com\/pt-pt\/","logo":{"@type":"ImageObject","inLanguage":"pt-PT","@id":"https:\/\/www.csj-emballages.com\/pt-pt\/#\/schema\/logo\/image\/","url":"https:\/\/www.csj-emballages.com\/wp-content\/uploads\/2023\/10\/logo_csj.webp","contentUrl":"https:\/\/www.csj-emballages.com\/wp-content\/uploads\/2023\/10\/logo_csj.webp","width":250,"height":95,"caption":"CSJ Emballages"},"image":{"@id":"https:\/\/www.csj-emballages.com\/pt-pt\/#\/schema\/logo\/image\/"},"sameAs":["https:\/\/www.facebook.com\/csjemballages"],"address":{"@type":"PostalAddress","streetAddress":"ZI La Lechere","addressLocality":"Patornay","postalCode":"39130","addressCountry":"FR"},"contactPoint":[{"@type":"ContactPoint","contactType":"Service client","telephone":"0384254272","email":"contact@csj-emballages.com"}]}]}},"df_price":10.28,"df_sale_price":"","df_regular_price":10.28,"df_image_link":"https:\/\/www.csj-emballages.com\/wp-content\/uploads\/2024\/03\/curry-300x300.webp","tiered_pricing_type":"fixed","tiered_pricing_fixed_rules":[],"tiered_pricing_percentage_rules":[],"tiered_pricing_minimum":1,"tiered_pricing_roles_data":[],"_links":{"self":[{"href":"https:\/\/www.csj-emballages.com\/pt-pt\/wp-json\/wp\/v2\/product\/18197","targetHints":{"allow":["GET"]}}],"collection":[{"href":"https:\/\/www.csj-emballages.com\/pt-pt\/wp-json\/wp\/v2\/product"}],"about":[{"href":"https:\/\/www.csj-emballages.com\/pt-pt\/wp-json\/wp\/v2\/types\/product"}],"wp:featuredmedia":[{"embeddable":true,"href":"https:\/\/www.csj-emballages.com\/pt-pt\/wp-json\/wp\/v2\/media\/225878"}],"wp:attachment":[{"href":"https:\/\/www.csj-emballages.com\/pt-pt\/wp-json\/wp\/v2\/media?parent=18197"}],"wp:term":[{"taxonomy":"product_brand","embeddable":true,"href":"https:\/\/www.csj-emballages.com\/pt-pt\/wp-json\/wp\/v2\/product_brand?post=18197"},{"taxonomy":"product_cat","embeddable":true,"href":"https:\/\/www.csj-emballages.com\/pt-pt\/wp-json\/wp\/v2\/product_cat?post=18197"},{"taxonomy":"product_tag","embeddable":true,"href":"https:\/\/www.csj-emballages.com\/pt-pt\/wp-json\/wp\/v2\/product_tag?post=18197"}],"curies":[{"name":"wp","href":"https:\/\/api.w.org\/{rel}","templated":true}]}}