{"id":18193,"date":"2024-03-01T16:59:40","date_gmt":"2024-03-01T15:59:40","guid":{"rendered":"https:\/\/u15jnbdpoq.preview.infomaniak.website\/produit\/funcho-moido-1-kg\/"},"modified":"2026-03-26T02:10:32","modified_gmt":"2026-03-26T01:10:32","slug":"funcho-moido-1-kg","status":"publish","type":"product","link":"https:\/\/www.csj-emballages.com\/pt-pt\/produit\/funcho-moido-1-kg\/","title":{"rendered":"Funcho mo\u00eddo 1 kg"},"content":{"rendered":"<div style=\"box-sizing: inherit; font-family: Roboto, sans-serif;\">\n<div style=\"box-sizing: inherit; font-family: Roboto, sans-serif;\">\n<div style=\"box-sizing: inherit;\">\n<h2 class=\"p1\">  Funcho mo\u00eddo<\/h2>\n<hr>\n<h3>Descri\u00e7\u00e3o do nosso funcho mo\u00eddo 1 kg<\/h3>\n<p><!--more--><\/p>\n<p data-start=\"150\" data-end=\"464\">O <strong>funcho mo\u00eddo<\/strong> \u00e9 a especiaria perfeita para quem gosta de dar um toque doce e ligeiramente anisado \u00e0s suas receitas. Com este formato de <strong data-start=\"289\" data-end=\"297\">1 kg<\/strong>, tem o suficiente para cozinhar \u00e0 vontade, seja para uso profissional ou para os amantes da cozinha caseira que gostam de trabalhar com produtos genu\u00ednos. <\/p>\n<p data-start=\"466\" data-end=\"891\">Assim que abre, o seu aroma \u00e9 reconhec\u00edvel: fresco, arom\u00e1tico e subtilmente doce. Integra-se facilmente em in\u00fameras prepara\u00e7\u00f5es. Por exemplo, real\u00e7a pratos \u00e0 base de peixe, perfuma delicadamente carnes brancas e confere uma verdadeira profundidade a molhos e marinadas. Al\u00e9m disso, funciona muito bem em misturas de especiarias, nomeadamente para as cozinhas mediterr\u00e2nica, indiana ou oriental.   <\/p>\n<p data-start=\"893\" data-end=\"1167\">Gra\u00e7as \u00e0 sua textura fina, o <strong>funcho mo\u00eddo<\/strong> mistura-se perfeitamente nas prepara\u00e7\u00f5es, sem deixar peda\u00e7os. Isto permite uma distribui\u00e7\u00e3o homog\u00e9nea dos sabores e um resultado sempre equilibrado. Assim, mant\u00e9m o controlo sobre o sabor, sem mascarar os outros ingredientes.  <\/p>\n<p data-start=\"1169\" data-end=\"1534\">Este <strong>formato econ\u00f3mico de 1 kg<\/strong> \u00e9 ideal para restaurantes, empresas de catering, artes\u00e3os ou oficinas de transforma\u00e7\u00e3o alimentar. Limita as ruturas de stock e poupa-lhe tempo no dia a dia. Al\u00e9m disso, o funcho tamb\u00e9m \u00e9 apreciado pelos seus usos tradicionais em infus\u00f5es ou na cozinha de bem-estar, o que o torna uma especiaria polivalente e sempre \u00fatil.  <\/p>\n<p data-start=\"1536\" data-end=\"1750\">Em resumo, este <strong>funcho mo\u00eddo<\/strong> \u00e9 um aliado simples e eficaz para enriquecer as suas receitas com requinte. Confere car\u00e1cter sem agressividade e adapta-se tanto a pratos salgados como a cria\u00e7\u00f5es mais originais. <\/p>\n<p data-start=\"1536\" data-end=\"1750\">\n<\/div>\n<p data-start=\"1536\" data-end=\"1750\"><!--more--><\/p>\n<div style=\"box-sizing: inherit;\">\n<p><strong><span style=\"color: #ff0000;\">Data de consumo preferencial (DLUO): 09\/2025<\/span><\/strong><\/p>\n<p>&nbsp;<\/p>\n<p><!--more--><\/p>\n<h4>Vantagens :<\/h4>\n<ul>\n<li data-start=\"486\" data-end=\"568\">Notas anisadas e ligeiramente doces para real\u00e7ar os seus pratos.<\/li>\n<li data-start=\"569\" data-end=\"664\">Utiliza-se na cozinha para pratos salgados e doces, bem como em infus\u00f5es.<\/li>\n<li data-start=\"665\" data-end=\"760\">Embalagem de 1 kg ideal para utiliza\u00e7\u00e3o profissional.<\/li>\n<li data-start=\"761\" data-end=\"825\" data-is-only-node=\"\">100% funcho, sem aditivos nem conservantes.<\/li>\n<\/ul>\n<p>&nbsp;<\/p>\n<p><!--more--><\/p>\n<h4>Outras informa\u00e7\u00f5es :<\/h4>\n<ul>\n<li><strong>Embalagem<\/strong>: Pacote de 1kg<\/li>\n<li><strong>Formato<\/strong>: Mo\u00eddo<\/li>\n<\/ul>\n<p>&nbsp;<\/p>\n<p><!--more--><\/p>\n<p><a href=\"https:\/\/www.csj-emballages.com\/pt-pt\/categorie-produit\/alimentacao-pt-pt\/especiarias\/especiarias-simples\/\">Ver o resto da nossa gama de especiarias simples  <\/a><\/p>\n<\/div>\n<\/div>\n<\/div>\n<p>&nbsp;<\/p>\n","protected":false},"excerpt":{"rendered":"<p>Funcho mo\u00eddo Descri\u00e7\u00e3o do nosso funcho mo\u00eddo 1 kg<\/p>\n","protected":false},"featured_media":261452,"template":"","meta":{"_acf_changed":false},"product_brand":[],"product_cat":[1141,10242,1151,1447,1448],"product_tag":[],"class_list":{"0":"post-18193","1":"product","2":"type-product","3":"status-publish","4":"has-post-thumbnail","6":"product_cat-embalagem-de-alimentos","7":"product_cat-anti-desperdicio","8":"product_cat-alimentacao-pt-pt","9":"product_cat-especiarias","10":"product_cat-especiarias-simples","12":"first","13":"instock","14":"sale","15":"taxable","16":"shipping-taxable","17":"purchasable","18":"product-type-simple"},"acf":[],"yoast_head":"<!-- This site is optimized with the Yoast SEO Premium plugin v26.6 (Yoast SEO v26.6) - https:\/\/yoast.com\/wordpress\/plugins\/seo\/ -->\n<title>Funcho mo\u00eddo 1 kg<\/title>\n<meta name=\"description\" content=\"Descubra o nosso funcho mo\u00eddo 1 kg, uma especiaria ideal para os seus pratos e infus\u00f5es. Formato econ\u00f3mico, perfeito para profissionais e particulares\" \/>\n<meta name=\"robots\" content=\"index, follow, max-snippet:-1, max-image-preview:large, max-video-preview:-1\" \/>\n<link rel=\"canonical\" href=\"https:\/\/www.csj-emballages.com\/pt-pt\/produit\/funcho-moido-1-kg\/\" \/>\n<meta property=\"og:locale\" content=\"pt_PT\" \/>\n<meta property=\"og:type\" content=\"article\" \/>\n<meta property=\"og:title\" content=\"Funcho mo\u00eddo 1 kg\" \/>\n<meta property=\"og:description\" content=\"Descubra o nosso funcho mo\u00eddo 1 kg, uma especiaria ideal para os seus pratos e infus\u00f5es. Formato econ\u00f3mico, perfeito para profissionais e particulares\" \/>\n<meta property=\"og:url\" content=\"https:\/\/www.csj-emballages.com\/pt-pt\/produit\/funcho-moido-1-kg\/\" \/>\n<meta property=\"og:site_name\" content=\"CSJ Emballages\" \/>\n<meta property=\"article:publisher\" content=\"https:\/\/www.facebook.com\/csjemballages\" \/>\n<meta property=\"article:modified_time\" content=\"2026-03-26T01:10:32+00:00\" \/>\n<meta property=\"og:image\" content=\"https:\/\/www.csj-emballages.com\/wp-content\/uploads\/2024\/03\/Fenouil-moulu.webp\" \/>\n\t<meta property=\"og:image:width\" content=\"800\" \/>\n\t<meta property=\"og:image:height\" content=\"800\" \/>\n\t<meta property=\"og:image:type\" content=\"image\/webp\" \/>\n<meta name=\"twitter:card\" content=\"summary_large_image\" \/>\n<meta name=\"twitter:label1\" content=\"Tempo estimado de leitura\" \/>\n\t<meta name=\"twitter:data1\" content=\"2 minutos\" \/>\n<script type=\"application\/ld+json\" class=\"yoast-schema-graph\">{\"@context\":\"https:\/\/schema.org\",\"@graph\":[{\"@type\":\"WebPage\",\"@id\":\"https:\/\/www.csj-emballages.com\/pt-pt\/produit\/funcho-moido-1-kg\/\",\"url\":\"https:\/\/www.csj-emballages.com\/pt-pt\/produit\/funcho-moido-1-kg\/\",\"name\":\"Funcho mo\u00eddo 1 kg\",\"isPartOf\":{\"@id\":\"https:\/\/www.csj-emballages.com\/pt-pt\/#website\"},\"primaryImageOfPage\":{\"@id\":\"https:\/\/www.csj-emballages.com\/pt-pt\/produit\/funcho-moido-1-kg\/#primaryimage\"},\"image\":{\"@id\":\"https:\/\/www.csj-emballages.com\/pt-pt\/produit\/funcho-moido-1-kg\/#primaryimage\"},\"thumbnailUrl\":\"https:\/\/www.csj-emballages.com\/wp-content\/uploads\/2024\/03\/Fenouil-moulu.webp\",\"datePublished\":\"2024-03-01T15:59:40+00:00\",\"dateModified\":\"2026-03-26T01:10:32+00:00\",\"description\":\"Descubra o nosso funcho mo\u00eddo 1 kg, uma especiaria ideal para os seus pratos e infus\u00f5es. Formato econ\u00f3mico, perfeito para profissionais e particulares\",\"breadcrumb\":{\"@id\":\"https:\/\/www.csj-emballages.com\/pt-pt\/produit\/funcho-moido-1-kg\/#breadcrumb\"},\"inLanguage\":\"pt-PT\",\"potentialAction\":[{\"@type\":\"ReadAction\",\"target\":[\"https:\/\/www.csj-emballages.com\/pt-pt\/produit\/funcho-moido-1-kg\/\"]}]},{\"@type\":\"ImageObject\",\"inLanguage\":\"pt-PT\",\"@id\":\"https:\/\/www.csj-emballages.com\/pt-pt\/produit\/funcho-moido-1-kg\/#primaryimage\",\"url\":\"https:\/\/www.csj-emballages.com\/wp-content\/uploads\/2024\/03\/Fenouil-moulu.webp\",\"contentUrl\":\"https:\/\/www.csj-emballages.com\/wp-content\/uploads\/2024\/03\/Fenouil-moulu.webp\",\"width\":800,\"height\":800,\"caption\":\"Fenouil moulu\"},{\"@type\":\"BreadcrumbList\",\"@id\":\"https:\/\/www.csj-emballages.com\/pt-pt\/produit\/funcho-moido-1-kg\/#breadcrumb\",\"itemListElement\":[{\"@type\":\"ListItem\",\"position\":1,\"name\":\"Acolhimento\",\"item\":\"https:\/\/www.csj-emballages.com\/pt-pt\/universo-das-embalagens-alimentares\/\"},{\"@type\":\"ListItem\",\"position\":2,\"name\":\"Shop\",\"item\":\"https:\/\/www.csj-emballages.com\/shop\/\"},{\"@type\":\"ListItem\",\"position\":3,\"name\":\"Funcho mo\u00eddo 1 kg\"}]},{\"@type\":\"WebSite\",\"@id\":\"https:\/\/www.csj-emballages.com\/pt-pt\/#website\",\"url\":\"https:\/\/www.csj-emballages.com\/pt-pt\/\",\"name\":\"CSJ Emballages\",\"description\":\"\",\"publisher\":{\"@id\":\"https:\/\/www.csj-emballages.com\/pt-pt\/#organization\"},\"potentialAction\":[{\"@type\":\"SearchAction\",\"target\":{\"@type\":\"EntryPoint\",\"urlTemplate\":\"https:\/\/www.csj-emballages.com\/pt-pt\/?s={search_term_string}\"},\"query-input\":{\"@type\":\"PropertyValueSpecification\",\"valueRequired\":true,\"valueName\":\"search_term_string\"}}],\"inLanguage\":\"pt-PT\"},{\"@type\":\"Organization\",\"@id\":\"https:\/\/www.csj-emballages.com\/pt-pt\/#Organization\/\",\"name\":\"CSJ Emballages\",\"url\":\"https:\/\/www.csj-emballages.com\/pt-pt\/\",\"logo\":{\"@type\":\"ImageObject\",\"inLanguage\":\"pt-PT\",\"@id\":\"https:\/\/www.csj-emballages.com\/pt-pt\/#\/schema\/logo\/image\/\",\"url\":\"https:\/\/www.csj-emballages.com\/wp-content\/uploads\/2023\/10\/logo_csj.webp\",\"contentUrl\":\"https:\/\/www.csj-emballages.com\/wp-content\/uploads\/2023\/10\/logo_csj.webp\",\"width\":250,\"height\":95,\"caption\":\"CSJ Emballages\"},\"image\":{\"@id\":\"https:\/\/www.csj-emballages.com\/pt-pt\/#\/schema\/logo\/image\/\"},\"sameAs\":[\"https:\/\/www.facebook.com\/csjemballages\"],\"address\":{\"@type\":\"PostalAddress\",\"streetAddress\":\"ZI La Lechere\",\"addressLocality\":\"Patornay\",\"postalCode\":\"39130\",\"addressCountry\":\"FR\"},\"contactPoint\":[{\"@type\":\"ContactPoint\",\"contactType\":\"Service client\",\"telephone\":\"0384254272\",\"email\":\"contact@csj-emballages.com\"}]}]}<\/script>\n<!-- \/ Yoast SEO Premium plugin. -->","yoast_head_json":{"title":"Funcho mo\u00eddo 1 kg","description":"Descubra o nosso funcho mo\u00eddo 1 kg, uma especiaria ideal para os seus pratos e infus\u00f5es. Formato econ\u00f3mico, perfeito para profissionais e particulares","robots":{"index":"index","follow":"follow","max-snippet":"max-snippet:-1","max-image-preview":"max-image-preview:large","max-video-preview":"max-video-preview:-1"},"canonical":"https:\/\/www.csj-emballages.com\/pt-pt\/produit\/funcho-moido-1-kg\/","og_locale":"pt_PT","og_type":"article","og_title":"Funcho mo\u00eddo 1 kg","og_description":"Descubra o nosso funcho mo\u00eddo 1 kg, uma especiaria ideal para os seus pratos e infus\u00f5es. Formato econ\u00f3mico, perfeito para profissionais e particulares","og_url":"https:\/\/www.csj-emballages.com\/pt-pt\/produit\/funcho-moido-1-kg\/","og_site_name":"CSJ Emballages","article_publisher":"https:\/\/www.facebook.com\/csjemballages","article_modified_time":"2026-03-26T01:10:32+00:00","og_image":[{"width":800,"height":800,"url":"https:\/\/www.csj-emballages.com\/wp-content\/uploads\/2024\/03\/Fenouil-moulu.webp","type":"image\/webp"}],"twitter_card":"summary_large_image","twitter_misc":{"Tempo estimado de leitura":"2 minutos"},"schema":{"@context":"https:\/\/schema.org","@graph":[{"@type":"WebPage","@id":"https:\/\/www.csj-emballages.com\/pt-pt\/produit\/funcho-moido-1-kg\/","url":"https:\/\/www.csj-emballages.com\/pt-pt\/produit\/funcho-moido-1-kg\/","name":"Funcho mo\u00eddo 1 kg","isPartOf":{"@id":"https:\/\/www.csj-emballages.com\/pt-pt\/#website"},"primaryImageOfPage":{"@id":"https:\/\/www.csj-emballages.com\/pt-pt\/produit\/funcho-moido-1-kg\/#primaryimage"},"image":{"@id":"https:\/\/www.csj-emballages.com\/pt-pt\/produit\/funcho-moido-1-kg\/#primaryimage"},"thumbnailUrl":"https:\/\/www.csj-emballages.com\/wp-content\/uploads\/2024\/03\/Fenouil-moulu.webp","datePublished":"2024-03-01T15:59:40+00:00","dateModified":"2026-03-26T01:10:32+00:00","description":"Descubra o nosso funcho mo\u00eddo 1 kg, uma especiaria ideal para os seus pratos e infus\u00f5es. Formato econ\u00f3mico, perfeito para profissionais e particulares","breadcrumb":{"@id":"https:\/\/www.csj-emballages.com\/pt-pt\/produit\/funcho-moido-1-kg\/#breadcrumb"},"inLanguage":"pt-PT","potentialAction":[{"@type":"ReadAction","target":["https:\/\/www.csj-emballages.com\/pt-pt\/produit\/funcho-moido-1-kg\/"]}]},{"@type":"ImageObject","inLanguage":"pt-PT","@id":"https:\/\/www.csj-emballages.com\/pt-pt\/produit\/funcho-moido-1-kg\/#primaryimage","url":"https:\/\/www.csj-emballages.com\/wp-content\/uploads\/2024\/03\/Fenouil-moulu.webp","contentUrl":"https:\/\/www.csj-emballages.com\/wp-content\/uploads\/2024\/03\/Fenouil-moulu.webp","width":800,"height":800,"caption":"Fenouil moulu"},{"@type":"BreadcrumbList","@id":"https:\/\/www.csj-emballages.com\/pt-pt\/produit\/funcho-moido-1-kg\/#breadcrumb","itemListElement":[{"@type":"ListItem","position":1,"name":"Acolhimento","item":"https:\/\/www.csj-emballages.com\/pt-pt\/universo-das-embalagens-alimentares\/"},{"@type":"ListItem","position":2,"name":"Shop","item":"https:\/\/www.csj-emballages.com\/shop\/"},{"@type":"ListItem","position":3,"name":"Funcho mo\u00eddo 1 kg"}]},{"@type":"WebSite","@id":"https:\/\/www.csj-emballages.com\/pt-pt\/#website","url":"https:\/\/www.csj-emballages.com\/pt-pt\/","name":"CSJ Emballages","description":"","publisher":{"@id":"https:\/\/www.csj-emballages.com\/pt-pt\/#organization"},"potentialAction":[{"@type":"SearchAction","target":{"@type":"EntryPoint","urlTemplate":"https:\/\/www.csj-emballages.com\/pt-pt\/?s={search_term_string}"},"query-input":{"@type":"PropertyValueSpecification","valueRequired":true,"valueName":"search_term_string"}}],"inLanguage":"pt-PT"},{"@type":"Organization","@id":"https:\/\/www.csj-emballages.com\/pt-pt\/#Organization\/","name":"CSJ Emballages","url":"https:\/\/www.csj-emballages.com\/pt-pt\/","logo":{"@type":"ImageObject","inLanguage":"pt-PT","@id":"https:\/\/www.csj-emballages.com\/pt-pt\/#\/schema\/logo\/image\/","url":"https:\/\/www.csj-emballages.com\/wp-content\/uploads\/2023\/10\/logo_csj.webp","contentUrl":"https:\/\/www.csj-emballages.com\/wp-content\/uploads\/2023\/10\/logo_csj.webp","width":250,"height":95,"caption":"CSJ Emballages"},"image":{"@id":"https:\/\/www.csj-emballages.com\/pt-pt\/#\/schema\/logo\/image\/"},"sameAs":["https:\/\/www.facebook.com\/csjemballages"],"address":{"@type":"PostalAddress","streetAddress":"ZI La Lechere","addressLocality":"Patornay","postalCode":"39130","addressCountry":"FR"},"contactPoint":[{"@type":"ContactPoint","contactType":"Service client","telephone":"0384254272","email":"contact@csj-emballages.com"}]}]}},"df_price":8.82,"df_sale_price":8.82,"df_regular_price":12.6,"df_image_link":"https:\/\/www.csj-emballages.com\/wp-content\/uploads\/2024\/03\/Fenouil-moulu-300x300.webp","tiered_pricing_type":"fixed","tiered_pricing_fixed_rules":[],"tiered_pricing_percentage_rules":[],"tiered_pricing_minimum":1,"tiered_pricing_roles_data":[],"_links":{"self":[{"href":"https:\/\/www.csj-emballages.com\/pt-pt\/wp-json\/wp\/v2\/product\/18193","targetHints":{"allow":["GET"]}}],"collection":[{"href":"https:\/\/www.csj-emballages.com\/pt-pt\/wp-json\/wp\/v2\/product"}],"about":[{"href":"https:\/\/www.csj-emballages.com\/pt-pt\/wp-json\/wp\/v2\/types\/product"}],"wp:featuredmedia":[{"embeddable":true,"href":"https:\/\/www.csj-emballages.com\/pt-pt\/wp-json\/wp\/v2\/media\/261452"}],"wp:attachment":[{"href":"https:\/\/www.csj-emballages.com\/pt-pt\/wp-json\/wp\/v2\/media?parent=18193"}],"wp:term":[{"taxonomy":"product_brand","embeddable":true,"href":"https:\/\/www.csj-emballages.com\/pt-pt\/wp-json\/wp\/v2\/product_brand?post=18193"},{"taxonomy":"product_cat","embeddable":true,"href":"https:\/\/www.csj-emballages.com\/pt-pt\/wp-json\/wp\/v2\/product_cat?post=18193"},{"taxonomy":"product_tag","embeddable":true,"href":"https:\/\/www.csj-emballages.com\/pt-pt\/wp-json\/wp\/v2\/product_tag?post=18193"}],"curies":[{"name":"wp","href":"https:\/\/api.w.org\/{rel}","templated":true}]}}