{"id":18191,"date":"2024-03-01T16:59:40","date_gmt":"2024-03-01T15:59:40","guid":{"rendered":"https:\/\/u15jnbdpoq.preview.infomaniak.website\/produit\/pimento-cascara-doce-1-kg\/"},"modified":"2026-04-14T02:10:56","modified_gmt":"2026-04-14T00:10:56","slug":"pimento-cascara-doce-1-kg","status":"publish","type":"product","link":"https:\/\/www.csj-emballages.com\/pt-pt\/produit\/pimento-cascara-doce-1-kg\/","title":{"rendered":"Pimento cascara doce 1 kg"},"content":{"rendered":"<h2 class=\"p1\">Pimento doce<\/h2>\n<hr>\n<h3>Descri\u00e7\u00e3o da nossa pimenta cascara doce 1 kg<\/h3>\n<p><!--more--><\/p>\n<p data-start=\"165\" data-end=\"516\">A <strong>pimenta doce Cascara<\/strong> \u00e9 o ingrediente perfeito para real\u00e7ar os pratos sem nunca mascarar os sabores. Ao contr\u00e1rio das pimentas picantes, proporciona um <strong data-start=\"317\" data-end=\"335\">calor leve<\/strong>, quase subtil, que aquece o paladar sem picar. \u00c9 precisamente isso que a torna t\u00e3o apreciada na cozinha: confere car\u00e1cter \u00e0s receitas, mantendo-se acess\u00edvel a todos.  <\/p>\n<p data-start=\"518\" data-end=\"965\">Com a sua <strong>bela cor vermelha<\/strong> e o seu aroma ligeiramente frutado, esta pimenta integra-se facilmente em in\u00fameras prepara\u00e7\u00f5es. Acompanha tanto os <strong>molhos como as marinadas, os guisados, as carnes, os legumes ou at\u00e9 as receitas mediterr\u00e2nicas<\/strong>. Uma pitada \u00e9, muitas vezes, suficiente para transformar um prato simples num prato cheio de personalidade. Assim, pode dosear ao seu gosto e criar sabores equilibrados, sem excessos.   <\/p>\n<p data-start=\"967\" data-end=\"1375\">Apresentada em <strong data-start=\"982\" data-end=\"997\">saco de 1 kg<\/strong>, a <strong>pimenta doce Cascara<\/strong> \u00e9 ideal para uso profissional, mas tamb\u00e9m para os amantes da cozinha que gostam de ter um bom stock \u00e0 m\u00e3o. Este formato generoso permite trabalhar confortavelmente, garantindo, ao mesmo tempo, uma regularidade de sabor ao longo das prepara\u00e7\u00f5es. Da mesma forma, a sua boa conserva\u00e7\u00e3o ao longo do tempo permite utiliz\u00e1-la progressivamente, sem perder qualidade.  <\/p>\n<p data-start=\"1377\" data-end=\"1600\">Seja um restaurador, um fornecedor de catering ou um apaixonado pela cozinha caseira, esta <strong>pimenta<\/strong> torna-se rapidamente um aliado do dia a dia. Confere um toque acolhedor, colore os pratos e enriquece as receitas sem nunca as dominar. <\/p>\n<p data-start=\"1602\" data-end=\"1751\">Em resumo, a <strong>pimenta doce Cascara<\/strong> \u00e9 um produto indispens\u00e1vel para quem procura sabor, equil\u00edbrio e uma verdadeira assinatura culin\u00e1ria.<\/p>\n<p>&nbsp;<\/p>\n<p><!--more--><\/p>\n<h4>Vantagens :<\/h4>\n<ul>\n<li data-start=\"1779\" data-end=\"1830\">Sabor doce e equilibrado, sem picante excessivo.<\/li>\n<li data-start=\"1833\" data-end=\"1859\">Aroma ligeiramente frutado.<\/li>\n<li data-start=\"1862\" data-end=\"1902\">Vers\u00e1til para in\u00fameras receitas.<\/li>\n<li data-start=\"1905\" data-end=\"1932\">Formato econ\u00f3mico de <strong>1 kg<\/strong>.<\/li>\n<li data-start=\"1935\" data-end=\"1980\">Adequado para uso profissional ou intensivo.<\/li>\n<\/ul>\n<p>&nbsp;<\/p>\n<p><!--more--><\/p>\n<h4>Outras informa\u00e7\u00f5es :<\/h4>\n<ul>\n<li><strong>Embalagem<\/strong>: Pacote de 1kg<\/li>\n<li><strong>Formato<\/strong>: Mo\u00eddo<\/li>\n<\/ul>\n<p>&nbsp;<\/p>\n<p><!--more--><\/p>\n<p><a href=\"https:\/\/www.csj-emballages.com\/pt-pt\/categorie-produit\/alimentacao-pt-pt\/especiarias\/especiarias-simples\/\">Ver o resto da nossa gama de especiarias simples  <\/a><\/p>\n","protected":false},"excerpt":{"rendered":"<p>Pimento doce Descri\u00e7\u00e3o da nossa pimenta cascara doce 1 kg<\/p>\n","protected":false},"featured_media":225889,"template":"","meta":{"_acf_changed":false},"product_brand":[],"product_cat":[1151,1447,1448],"product_tag":[],"class_list":{"0":"post-18191","1":"product","2":"type-product","3":"status-publish","4":"has-post-thumbnail","6":"product_cat-alimentacao-pt-pt","7":"product_cat-especiarias","8":"product_cat-especiarias-simples","10":"first","11":"instock","12":"taxable","13":"shipping-taxable","14":"purchasable","15":"product-type-simple"},"acf":[],"yoast_head":"<!-- This site is optimized with the Yoast SEO Premium plugin v26.6 (Yoast SEO v26.6) - https:\/\/yoast.com\/wordpress\/plugins\/seo\/ -->\n<title>Pimenta Cascara Doce 1 kg<\/title>\n<meta name=\"description\" content=\"Descubra o pimento doce Cascara 1 kg, uma especiaria subtilmente perfumada e ligeiramente doce, perfeita para temperar os seus pratos.\" \/>\n<meta name=\"robots\" content=\"index, follow, max-snippet:-1, max-image-preview:large, max-video-preview:-1\" \/>\n<link rel=\"canonical\" href=\"https:\/\/www.csj-emballages.com\/pt-pt\/produit\/pimento-cascara-doce-1-kg\/\" \/>\n<meta property=\"og:locale\" content=\"pt_PT\" \/>\n<meta property=\"og:type\" content=\"article\" \/>\n<meta property=\"og:title\" content=\"Pimento cascara doce 1 kg\" \/>\n<meta property=\"og:description\" content=\"Descubra o pimento doce Cascara 1 kg, uma especiaria subtilmente perfumada e ligeiramente doce, perfeita para temperar os seus pratos.\" \/>\n<meta property=\"og:url\" content=\"https:\/\/www.csj-emballages.com\/pt-pt\/produit\/pimento-cascara-doce-1-kg\/\" \/>\n<meta property=\"og:site_name\" content=\"CSJ Emballages\" \/>\n<meta property=\"article:publisher\" content=\"https:\/\/www.facebook.com\/csjemballages\" \/>\n<meta property=\"article:modified_time\" content=\"2026-04-14T00:10:56+00:00\" \/>\n<meta property=\"og:image\" content=\"https:\/\/www.csj-emballages.com\/wp-content\/uploads\/2024\/03\/piment-doux-1.webp\" \/>\n\t<meta property=\"og:image:width\" content=\"800\" \/>\n\t<meta property=\"og:image:height\" content=\"800\" \/>\n\t<meta property=\"og:image:type\" content=\"image\/webp\" \/>\n<meta name=\"twitter:card\" content=\"summary_large_image\" \/>\n<meta name=\"twitter:label1\" content=\"Tempo estimado de leitura\" \/>\n\t<meta name=\"twitter:data1\" content=\"2 minutos\" \/>\n<script type=\"application\/ld+json\" class=\"yoast-schema-graph\">{\"@context\":\"https:\/\/schema.org\",\"@graph\":[{\"@type\":\"WebPage\",\"@id\":\"https:\/\/www.csj-emballages.com\/pt-pt\/produit\/pimento-cascara-doce-1-kg\/\",\"url\":\"https:\/\/www.csj-emballages.com\/pt-pt\/produit\/pimento-cascara-doce-1-kg\/\",\"name\":\"Pimenta Cascara Doce 1 kg\",\"isPartOf\":{\"@id\":\"https:\/\/www.csj-emballages.com\/pt-pt\/#website\"},\"primaryImageOfPage\":{\"@id\":\"https:\/\/www.csj-emballages.com\/pt-pt\/produit\/pimento-cascara-doce-1-kg\/#primaryimage\"},\"image\":{\"@id\":\"https:\/\/www.csj-emballages.com\/pt-pt\/produit\/pimento-cascara-doce-1-kg\/#primaryimage\"},\"thumbnailUrl\":\"https:\/\/www.csj-emballages.com\/wp-content\/uploads\/2024\/03\/piment-doux-1.webp\",\"datePublished\":\"2024-03-01T15:59:40+00:00\",\"dateModified\":\"2026-04-14T00:10:56+00:00\",\"description\":\"Descubra o pimento doce Cascara 1 kg, uma especiaria subtilmente perfumada e ligeiramente doce, perfeita para temperar os seus pratos.\",\"breadcrumb\":{\"@id\":\"https:\/\/www.csj-emballages.com\/pt-pt\/produit\/pimento-cascara-doce-1-kg\/#breadcrumb\"},\"inLanguage\":\"pt-PT\",\"potentialAction\":[{\"@type\":\"ReadAction\",\"target\":[\"https:\/\/www.csj-emballages.com\/pt-pt\/produit\/pimento-cascara-doce-1-kg\/\"]}]},{\"@type\":\"ImageObject\",\"inLanguage\":\"pt-PT\",\"@id\":\"https:\/\/www.csj-emballages.com\/pt-pt\/produit\/pimento-cascara-doce-1-kg\/#primaryimage\",\"url\":\"https:\/\/www.csj-emballages.com\/wp-content\/uploads\/2024\/03\/piment-doux-1.webp\",\"contentUrl\":\"https:\/\/www.csj-emballages.com\/wp-content\/uploads\/2024\/03\/piment-doux-1.webp\",\"width\":800,\"height\":800,\"caption\":\"Piment doux\"},{\"@type\":\"BreadcrumbList\",\"@id\":\"https:\/\/www.csj-emballages.com\/pt-pt\/produit\/pimento-cascara-doce-1-kg\/#breadcrumb\",\"itemListElement\":[{\"@type\":\"ListItem\",\"position\":1,\"name\":\"Acolhimento\",\"item\":\"https:\/\/www.csj-emballages.com\/pt-pt\/universo-das-embalagens-alimentares\/\"},{\"@type\":\"ListItem\",\"position\":2,\"name\":\"Shop\",\"item\":\"https:\/\/www.csj-emballages.com\/shop\/\"},{\"@type\":\"ListItem\",\"position\":3,\"name\":\"Pimento cascara doce 1 kg\"}]},{\"@type\":\"WebSite\",\"@id\":\"https:\/\/www.csj-emballages.com\/pt-pt\/#website\",\"url\":\"https:\/\/www.csj-emballages.com\/pt-pt\/\",\"name\":\"CSJ Emballages\",\"description\":\"\",\"publisher\":{\"@id\":\"https:\/\/www.csj-emballages.com\/pt-pt\/#organization\"},\"potentialAction\":[{\"@type\":\"SearchAction\",\"target\":{\"@type\":\"EntryPoint\",\"urlTemplate\":\"https:\/\/www.csj-emballages.com\/pt-pt\/?s={search_term_string}\"},\"query-input\":{\"@type\":\"PropertyValueSpecification\",\"valueRequired\":true,\"valueName\":\"search_term_string\"}}],\"inLanguage\":\"pt-PT\"},{\"@type\":\"Organization\",\"@id\":\"https:\/\/www.csj-emballages.com\/pt-pt\/#Organization\/\",\"name\":\"CSJ Emballages\",\"url\":\"https:\/\/www.csj-emballages.com\/pt-pt\/\",\"logo\":{\"@type\":\"ImageObject\",\"inLanguage\":\"pt-PT\",\"@id\":\"https:\/\/www.csj-emballages.com\/pt-pt\/#\/schema\/logo\/image\/\",\"url\":\"https:\/\/www.csj-emballages.com\/wp-content\/uploads\/2023\/10\/logo_csj.webp\",\"contentUrl\":\"https:\/\/www.csj-emballages.com\/wp-content\/uploads\/2023\/10\/logo_csj.webp\",\"width\":250,\"height\":95,\"caption\":\"CSJ Emballages\"},\"image\":{\"@id\":\"https:\/\/www.csj-emballages.com\/pt-pt\/#\/schema\/logo\/image\/\"},\"sameAs\":[\"https:\/\/www.facebook.com\/csjemballages\"],\"address\":{\"@type\":\"PostalAddress\",\"streetAddress\":\"ZI La Lechere\",\"addressLocality\":\"Patornay\",\"postalCode\":\"39130\",\"addressCountry\":\"FR\"},\"contactPoint\":[{\"@type\":\"ContactPoint\",\"contactType\":\"Service client\",\"telephone\":\"0384254272\",\"email\":\"contact@csj-emballages.com\"}]}]}<\/script>\n<!-- \/ Yoast SEO Premium plugin. -->","yoast_head_json":{"title":"Pimenta Cascara Doce 1 kg","description":"Descubra o pimento doce Cascara 1 kg, uma especiaria subtilmente perfumada e ligeiramente doce, perfeita para temperar os seus pratos.","robots":{"index":"index","follow":"follow","max-snippet":"max-snippet:-1","max-image-preview":"max-image-preview:large","max-video-preview":"max-video-preview:-1"},"canonical":"https:\/\/www.csj-emballages.com\/pt-pt\/produit\/pimento-cascara-doce-1-kg\/","og_locale":"pt_PT","og_type":"article","og_title":"Pimento cascara doce 1 kg","og_description":"Descubra o pimento doce Cascara 1 kg, uma especiaria subtilmente perfumada e ligeiramente doce, perfeita para temperar os seus pratos.","og_url":"https:\/\/www.csj-emballages.com\/pt-pt\/produit\/pimento-cascara-doce-1-kg\/","og_site_name":"CSJ Emballages","article_publisher":"https:\/\/www.facebook.com\/csjemballages","article_modified_time":"2026-04-14T00:10:56+00:00","og_image":[{"width":800,"height":800,"url":"https:\/\/www.csj-emballages.com\/wp-content\/uploads\/2024\/03\/piment-doux-1.webp","type":"image\/webp"}],"twitter_card":"summary_large_image","twitter_misc":{"Tempo estimado de leitura":"2 minutos"},"schema":{"@context":"https:\/\/schema.org","@graph":[{"@type":"WebPage","@id":"https:\/\/www.csj-emballages.com\/pt-pt\/produit\/pimento-cascara-doce-1-kg\/","url":"https:\/\/www.csj-emballages.com\/pt-pt\/produit\/pimento-cascara-doce-1-kg\/","name":"Pimenta Cascara Doce 1 kg","isPartOf":{"@id":"https:\/\/www.csj-emballages.com\/pt-pt\/#website"},"primaryImageOfPage":{"@id":"https:\/\/www.csj-emballages.com\/pt-pt\/produit\/pimento-cascara-doce-1-kg\/#primaryimage"},"image":{"@id":"https:\/\/www.csj-emballages.com\/pt-pt\/produit\/pimento-cascara-doce-1-kg\/#primaryimage"},"thumbnailUrl":"https:\/\/www.csj-emballages.com\/wp-content\/uploads\/2024\/03\/piment-doux-1.webp","datePublished":"2024-03-01T15:59:40+00:00","dateModified":"2026-04-14T00:10:56+00:00","description":"Descubra o pimento doce Cascara 1 kg, uma especiaria subtilmente perfumada e ligeiramente doce, perfeita para temperar os seus pratos.","breadcrumb":{"@id":"https:\/\/www.csj-emballages.com\/pt-pt\/produit\/pimento-cascara-doce-1-kg\/#breadcrumb"},"inLanguage":"pt-PT","potentialAction":[{"@type":"ReadAction","target":["https:\/\/www.csj-emballages.com\/pt-pt\/produit\/pimento-cascara-doce-1-kg\/"]}]},{"@type":"ImageObject","inLanguage":"pt-PT","@id":"https:\/\/www.csj-emballages.com\/pt-pt\/produit\/pimento-cascara-doce-1-kg\/#primaryimage","url":"https:\/\/www.csj-emballages.com\/wp-content\/uploads\/2024\/03\/piment-doux-1.webp","contentUrl":"https:\/\/www.csj-emballages.com\/wp-content\/uploads\/2024\/03\/piment-doux-1.webp","width":800,"height":800,"caption":"Piment doux"},{"@type":"BreadcrumbList","@id":"https:\/\/www.csj-emballages.com\/pt-pt\/produit\/pimento-cascara-doce-1-kg\/#breadcrumb","itemListElement":[{"@type":"ListItem","position":1,"name":"Acolhimento","item":"https:\/\/www.csj-emballages.com\/pt-pt\/universo-das-embalagens-alimentares\/"},{"@type":"ListItem","position":2,"name":"Shop","item":"https:\/\/www.csj-emballages.com\/shop\/"},{"@type":"ListItem","position":3,"name":"Pimento cascara doce 1 kg"}]},{"@type":"WebSite","@id":"https:\/\/www.csj-emballages.com\/pt-pt\/#website","url":"https:\/\/www.csj-emballages.com\/pt-pt\/","name":"CSJ Emballages","description":"","publisher":{"@id":"https:\/\/www.csj-emballages.com\/pt-pt\/#organization"},"potentialAction":[{"@type":"SearchAction","target":{"@type":"EntryPoint","urlTemplate":"https:\/\/www.csj-emballages.com\/pt-pt\/?s={search_term_string}"},"query-input":{"@type":"PropertyValueSpecification","valueRequired":true,"valueName":"search_term_string"}}],"inLanguage":"pt-PT"},{"@type":"Organization","@id":"https:\/\/www.csj-emballages.com\/pt-pt\/#Organization\/","name":"CSJ Emballages","url":"https:\/\/www.csj-emballages.com\/pt-pt\/","logo":{"@type":"ImageObject","inLanguage":"pt-PT","@id":"https:\/\/www.csj-emballages.com\/pt-pt\/#\/schema\/logo\/image\/","url":"https:\/\/www.csj-emballages.com\/wp-content\/uploads\/2023\/10\/logo_csj.webp","contentUrl":"https:\/\/www.csj-emballages.com\/wp-content\/uploads\/2023\/10\/logo_csj.webp","width":250,"height":95,"caption":"CSJ Emballages"},"image":{"@id":"https:\/\/www.csj-emballages.com\/pt-pt\/#\/schema\/logo\/image\/"},"sameAs":["https:\/\/www.facebook.com\/csjemballages"],"address":{"@type":"PostalAddress","streetAddress":"ZI La Lechere","addressLocality":"Patornay","postalCode":"39130","addressCountry":"FR"},"contactPoint":[{"@type":"ContactPoint","contactType":"Service client","telephone":"0384254272","email":"contact@csj-emballages.com"}]}]}},"df_price":14.38,"df_sale_price":"","df_regular_price":14.38,"df_image_link":"https:\/\/www.csj-emballages.com\/wp-content\/uploads\/2024\/03\/piment-doux-1-300x300.webp","tiered_pricing_type":"fixed","tiered_pricing_fixed_rules":[],"tiered_pricing_percentage_rules":[],"tiered_pricing_minimum":1,"tiered_pricing_roles_data":[],"_links":{"self":[{"href":"https:\/\/www.csj-emballages.com\/pt-pt\/wp-json\/wp\/v2\/product\/18191","targetHints":{"allow":["GET"]}}],"collection":[{"href":"https:\/\/www.csj-emballages.com\/pt-pt\/wp-json\/wp\/v2\/product"}],"about":[{"href":"https:\/\/www.csj-emballages.com\/pt-pt\/wp-json\/wp\/v2\/types\/product"}],"wp:featuredmedia":[{"embeddable":true,"href":"https:\/\/www.csj-emballages.com\/pt-pt\/wp-json\/wp\/v2\/media\/225889"}],"wp:attachment":[{"href":"https:\/\/www.csj-emballages.com\/pt-pt\/wp-json\/wp\/v2\/media?parent=18191"}],"wp:term":[{"taxonomy":"product_brand","embeddable":true,"href":"https:\/\/www.csj-emballages.com\/pt-pt\/wp-json\/wp\/v2\/product_brand?post=18191"},{"taxonomy":"product_cat","embeddable":true,"href":"https:\/\/www.csj-emballages.com\/pt-pt\/wp-json\/wp\/v2\/product_cat?post=18191"},{"taxonomy":"product_tag","embeddable":true,"href":"https:\/\/www.csj-emballages.com\/pt-pt\/wp-json\/wp\/v2\/product_tag?post=18191"}],"curies":[{"name":"wp","href":"https:\/\/api.w.org\/{rel}","templated":true}]}}