{"id":18180,"date":"2024-03-01T16:59:40","date_gmt":"2024-03-01T15:59:40","guid":{"rendered":"https:\/\/u15jnbdpoq.preview.infomaniak.website\/produit\/semola-de-chalota-2-3-mm-1-kg\/"},"modified":"2026-03-12T16:02:28","modified_gmt":"2026-03-12T15:02:28","slug":"semola-de-chalota-2-3-mm-1-kg","status":"publish","type":"product","link":"https:\/\/www.csj-emballages.com\/pt-pt\/produit\/semola-de-chalota-2-3-mm-1-kg\/","title":{"rendered":"S\u00eamola de chalota 2-3 mm 1 kg"},"content":{"rendered":"<h2 class=\"p1\">S\u00eamola de chalota<\/h2>\n<hr>\n<h3>Descri\u00e7\u00e3o da nossa s\u00eamola de chalota 2-3 mm 1 kg<\/h3>\n<p><!--more--><\/p>\n<p data-start=\"209\" data-end=\"556\">A chalota granulada <strong data-start=\"228\" data-end=\"238\">2\u20133 mm<\/strong> \u00e9 o tipo de ingrediente que se adota rapidamente e que se guarda sempre \u00e0 m\u00e3o. Pr\u00e1tica, regular e cheia de sabor, permite dar um verdadeiro toque arom\u00e1tico aos pratos, sem as limita\u00e7\u00f5es da <strong>chalota fresca<\/strong>. N\u00e3o precisa de descascar, sem desperd\u00edcio, sem l\u00e1grimas: doseia, adiciona, e est\u00e1 pronto.  <\/p>\n<p data-start=\"558\" data-end=\"966\">Gra\u00e7as \u00e0 sua <strong>granulometria<\/strong> <strong data-start=\"583\" data-end=\"595\">2 a 3 mm<\/strong>, esta chalota seca distribui-se facilmente em todas as prepara\u00e7\u00f5es. Liberta progressivamente os seus aromas durante a cozedura, o que confere um sabor equilibrado e bem integrado. Tamb\u00e9m funciona muito bem em marinadas, molhos, vinagretes ou misturas de especiarias. Assim, ganha tempo, mantendo um sabor constante, servi\u00e7o ap\u00f3s servi\u00e7o.   <\/p>\n<p data-start=\"968\" data-end=\"1269\">O formato de <strong data-start=\"978\" data-end=\"986\">1 kg<\/strong> \u00e9 particularmente adequado para profissionais da restaura\u00e7\u00e3o, catering ou cozinhas coletivas. No entanto, tamb\u00e9m \u00e9 adequado para amadores exigentes que gostam de cozinhar de forma inteligente. A sua longa conserva\u00e7\u00e3o permite trabalhar com tranquilidade, sem desperd\u00edcio nem rutura de stock.  <\/p>\n<p data-start=\"1271\" data-end=\"1603\">Al\u00e9m disso, <strong>a chalota granulada<\/strong> integra-se facilmente tanto numa cozinha do dia a dia como em receitas mais elaboradas. Real\u00e7a as carnes, acompanha os legumes, enriquece os pratos de estufar e confere car\u00e1cter \u00e0s prepara\u00e7\u00f5es frias. Em suma, \u00e9 um aliado fi\u00e1vel para uma cozinha eficiente, regular e saborosa.  <\/p>\n<p>&nbsp;<\/p>\n<p><!--more--><\/p>\n<h4>Vantagens :<\/h4>\n<ul>\n<li data-start=\"488\" data-end=\"561\">Poupan\u00e7a de tempo na cozinha, sem prepara\u00e7\u00e3o pr\u00e9via.<\/li>\n<li data-start=\"562\" data-end=\"646\">Conserva todos os sabores naturais da chalota fresca.<\/li>\n<li data-start=\"647\" data-end=\"747\">Perfeito para pratos quentes e frios, molhos, marinadas e temperos.<\/li>\n<li data-start=\"819\" data-end=\"887\">Formato granulado ideal para uma utiliza\u00e7\u00e3o controlada.<\/li>\n<\/ul>\n<p>&nbsp;<\/p>\n<p><!--more--><\/p>\n<h4>Outras informa\u00e7\u00f5es :<\/h4>\n<ul>\n<li><strong>Embalagem<\/strong>: Pacote de 1kg<\/li>\n<li><b>Formato<\/b>: Granulado<\/li>\n<\/ul>\n<p>&nbsp;<\/p>\n<p><!--more--><\/p>\n<p><a href=\"https:\/\/www.csj-emballages.com\/pt-pt\/categorie-produit\/alimentacao-pt-pt\/especiarias\/especiarias-simples\/\">Ver o resto da nossa gama de especiarias simples  <\/a><\/p>\n","protected":false},"excerpt":{"rendered":"<p>S\u00eamola de chalota Descri\u00e7\u00e3o da nossa s\u00eamola de chalota 2-3 mm 1 kg<\/p>\n","protected":false},"featured_media":261442,"template":"","meta":{"_acf_changed":false},"product_brand":[],"product_cat":[1151,1447,1448],"product_tag":[],"class_list":{"0":"post-18180","1":"product","2":"type-product","3":"status-publish","4":"has-post-thumbnail","6":"product_cat-alimentacao-pt-pt","7":"product_cat-especiarias","8":"product_cat-especiarias-simples","10":"first","11":"instock","12":"taxable","13":"shipping-taxable","14":"purchasable","15":"product-type-simple"},"acf":[],"yoast_head":"<!-- This site is optimized with the Yoast SEO Premium plugin v26.6 (Yoast SEO v26.6) - https:\/\/yoast.com\/wordpress\/plugins\/seo\/ -->\n<title>S\u00eamola de chalota 2-3 mm 1 kg<\/title>\n<meta name=\"description\" content=\"Chalota granulada 2-3 mm em embalagem de 1 kg. Pronta a usar, pr\u00e1tica e saborosa, \u00e9 perfeita para profissionais e particulares\" \/>\n<meta name=\"robots\" content=\"index, follow, max-snippet:-1, max-image-preview:large, max-video-preview:-1\" \/>\n<link rel=\"canonical\" href=\"https:\/\/www.csj-emballages.com\/pt-pt\/produit\/semola-de-chalota-2-3-mm-1-kg\/\" \/>\n<meta property=\"og:locale\" content=\"pt_PT\" \/>\n<meta property=\"og:type\" content=\"article\" \/>\n<meta property=\"og:title\" content=\"S\u00eamola de chalota 2-3 mm 1 kg\" \/>\n<meta property=\"og:description\" content=\"Chalota granulada 2-3 mm em embalagem de 1 kg. Pronta a usar, pr\u00e1tica e saborosa, \u00e9 perfeita para profissionais e particulares\" \/>\n<meta property=\"og:url\" content=\"https:\/\/www.csj-emballages.com\/pt-pt\/produit\/semola-de-chalota-2-3-mm-1-kg\/\" \/>\n<meta property=\"og:site_name\" content=\"CSJ Emballages\" \/>\n<meta property=\"article:publisher\" content=\"https:\/\/www.facebook.com\/csjemballages\" \/>\n<meta property=\"article:modified_time\" content=\"2026-03-12T15:02:28+00:00\" \/>\n<meta property=\"og:image\" content=\"https:\/\/www.csj-emballages.com\/wp-content\/uploads\/2024\/03\/Echalote-semoule.webp\" \/>\n\t<meta property=\"og:image:width\" content=\"800\" \/>\n\t<meta property=\"og:image:height\" content=\"800\" \/>\n\t<meta property=\"og:image:type\" content=\"image\/webp\" \/>\n<meta name=\"twitter:card\" content=\"summary_large_image\" \/>\n<meta name=\"twitter:label1\" content=\"Tempo estimado de leitura\" \/>\n\t<meta name=\"twitter:data1\" content=\"1 minuto\" \/>\n<script type=\"application\/ld+json\" class=\"yoast-schema-graph\">{\"@context\":\"https:\/\/schema.org\",\"@graph\":[{\"@type\":\"WebPage\",\"@id\":\"https:\/\/www.csj-emballages.com\/pt-pt\/produit\/semola-de-chalota-2-3-mm-1-kg\/\",\"url\":\"https:\/\/www.csj-emballages.com\/pt-pt\/produit\/semola-de-chalota-2-3-mm-1-kg\/\",\"name\":\"S\u00eamola de chalota 2-3 mm 1 kg\",\"isPartOf\":{\"@id\":\"https:\/\/www.csj-emballages.com\/pt-pt\/#website\"},\"primaryImageOfPage\":{\"@id\":\"https:\/\/www.csj-emballages.com\/pt-pt\/produit\/semola-de-chalota-2-3-mm-1-kg\/#primaryimage\"},\"image\":{\"@id\":\"https:\/\/www.csj-emballages.com\/pt-pt\/produit\/semola-de-chalota-2-3-mm-1-kg\/#primaryimage\"},\"thumbnailUrl\":\"https:\/\/www.csj-emballages.com\/wp-content\/uploads\/2024\/03\/Echalote-semoule.webp\",\"datePublished\":\"2024-03-01T15:59:40+00:00\",\"dateModified\":\"2026-03-12T15:02:28+00:00\",\"description\":\"Chalota granulada 2-3 mm em embalagem de 1 kg. Pronta a usar, pr\u00e1tica e saborosa, \u00e9 perfeita para profissionais e particulares\",\"breadcrumb\":{\"@id\":\"https:\/\/www.csj-emballages.com\/pt-pt\/produit\/semola-de-chalota-2-3-mm-1-kg\/#breadcrumb\"},\"inLanguage\":\"pt-PT\",\"potentialAction\":[{\"@type\":\"ReadAction\",\"target\":[\"https:\/\/www.csj-emballages.com\/pt-pt\/produit\/semola-de-chalota-2-3-mm-1-kg\/\"]}]},{\"@type\":\"ImageObject\",\"inLanguage\":\"pt-PT\",\"@id\":\"https:\/\/www.csj-emballages.com\/pt-pt\/produit\/semola-de-chalota-2-3-mm-1-kg\/#primaryimage\",\"url\":\"https:\/\/www.csj-emballages.com\/wp-content\/uploads\/2024\/03\/Echalote-semoule.webp\",\"contentUrl\":\"https:\/\/www.csj-emballages.com\/wp-content\/uploads\/2024\/03\/Echalote-semoule.webp\",\"width\":800,\"height\":800,\"caption\":\"\u00c9chalote semoule\"},{\"@type\":\"BreadcrumbList\",\"@id\":\"https:\/\/www.csj-emballages.com\/pt-pt\/produit\/semola-de-chalota-2-3-mm-1-kg\/#breadcrumb\",\"itemListElement\":[{\"@type\":\"ListItem\",\"position\":1,\"name\":\"Acolhimento\",\"item\":\"https:\/\/www.csj-emballages.com\/pt-pt\/universo-das-embalagens-alimentares\/\"},{\"@type\":\"ListItem\",\"position\":2,\"name\":\"Shop\",\"item\":\"https:\/\/www.csj-emballages.com\/shop\/\"},{\"@type\":\"ListItem\",\"position\":3,\"name\":\"S\u00eamola de chalota 2-3 mm 1 kg\"}]},{\"@type\":\"WebSite\",\"@id\":\"https:\/\/www.csj-emballages.com\/pt-pt\/#website\",\"url\":\"https:\/\/www.csj-emballages.com\/pt-pt\/\",\"name\":\"CSJ Emballages\",\"description\":\"\",\"publisher\":{\"@id\":\"https:\/\/www.csj-emballages.com\/pt-pt\/#organization\"},\"potentialAction\":[{\"@type\":\"SearchAction\",\"target\":{\"@type\":\"EntryPoint\",\"urlTemplate\":\"https:\/\/www.csj-emballages.com\/pt-pt\/?s={search_term_string}\"},\"query-input\":{\"@type\":\"PropertyValueSpecification\",\"valueRequired\":true,\"valueName\":\"search_term_string\"}}],\"inLanguage\":\"pt-PT\"},{\"@type\":\"Organization\",\"@id\":\"https:\/\/www.csj-emballages.com\/pt-pt\/#Organization\/\",\"name\":\"CSJ Emballages\",\"url\":\"https:\/\/www.csj-emballages.com\/pt-pt\/\",\"logo\":{\"@type\":\"ImageObject\",\"inLanguage\":\"pt-PT\",\"@id\":\"https:\/\/www.csj-emballages.com\/pt-pt\/#\/schema\/logo\/image\/\",\"url\":\"https:\/\/www.csj-emballages.com\/wp-content\/uploads\/2023\/10\/logo_csj.webp\",\"contentUrl\":\"https:\/\/www.csj-emballages.com\/wp-content\/uploads\/2023\/10\/logo_csj.webp\",\"width\":250,\"height\":95,\"caption\":\"CSJ Emballages\"},\"image\":{\"@id\":\"https:\/\/www.csj-emballages.com\/pt-pt\/#\/schema\/logo\/image\/\"},\"sameAs\":[\"https:\/\/www.facebook.com\/csjemballages\"],\"address\":{\"@type\":\"PostalAddress\",\"streetAddress\":\"ZI La Lechere\",\"addressLocality\":\"Patornay\",\"postalCode\":\"39130\",\"addressCountry\":\"FR\"},\"contactPoint\":[{\"@type\":\"ContactPoint\",\"contactType\":\"Service client\",\"telephone\":\"0384254272\",\"email\":\"contact@csj-emballages.com\"}]}]}<\/script>\n<!-- \/ Yoast SEO Premium plugin. -->","yoast_head_json":{"title":"S\u00eamola de chalota 2-3 mm 1 kg","description":"Chalota granulada 2-3 mm em embalagem de 1 kg. Pronta a usar, pr\u00e1tica e saborosa, \u00e9 perfeita para profissionais e particulares","robots":{"index":"index","follow":"follow","max-snippet":"max-snippet:-1","max-image-preview":"max-image-preview:large","max-video-preview":"max-video-preview:-1"},"canonical":"https:\/\/www.csj-emballages.com\/pt-pt\/produit\/semola-de-chalota-2-3-mm-1-kg\/","og_locale":"pt_PT","og_type":"article","og_title":"S\u00eamola de chalota 2-3 mm 1 kg","og_description":"Chalota granulada 2-3 mm em embalagem de 1 kg. Pronta a usar, pr\u00e1tica e saborosa, \u00e9 perfeita para profissionais e particulares","og_url":"https:\/\/www.csj-emballages.com\/pt-pt\/produit\/semola-de-chalota-2-3-mm-1-kg\/","og_site_name":"CSJ Emballages","article_publisher":"https:\/\/www.facebook.com\/csjemballages","article_modified_time":"2026-03-12T15:02:28+00:00","og_image":[{"width":800,"height":800,"url":"https:\/\/www.csj-emballages.com\/wp-content\/uploads\/2024\/03\/Echalote-semoule.webp","type":"image\/webp"}],"twitter_card":"summary_large_image","twitter_misc":{"Tempo estimado de leitura":"1 minuto"},"schema":{"@context":"https:\/\/schema.org","@graph":[{"@type":"WebPage","@id":"https:\/\/www.csj-emballages.com\/pt-pt\/produit\/semola-de-chalota-2-3-mm-1-kg\/","url":"https:\/\/www.csj-emballages.com\/pt-pt\/produit\/semola-de-chalota-2-3-mm-1-kg\/","name":"S\u00eamola de chalota 2-3 mm 1 kg","isPartOf":{"@id":"https:\/\/www.csj-emballages.com\/pt-pt\/#website"},"primaryImageOfPage":{"@id":"https:\/\/www.csj-emballages.com\/pt-pt\/produit\/semola-de-chalota-2-3-mm-1-kg\/#primaryimage"},"image":{"@id":"https:\/\/www.csj-emballages.com\/pt-pt\/produit\/semola-de-chalota-2-3-mm-1-kg\/#primaryimage"},"thumbnailUrl":"https:\/\/www.csj-emballages.com\/wp-content\/uploads\/2024\/03\/Echalote-semoule.webp","datePublished":"2024-03-01T15:59:40+00:00","dateModified":"2026-03-12T15:02:28+00:00","description":"Chalota granulada 2-3 mm em embalagem de 1 kg. Pronta a usar, pr\u00e1tica e saborosa, \u00e9 perfeita para profissionais e particulares","breadcrumb":{"@id":"https:\/\/www.csj-emballages.com\/pt-pt\/produit\/semola-de-chalota-2-3-mm-1-kg\/#breadcrumb"},"inLanguage":"pt-PT","potentialAction":[{"@type":"ReadAction","target":["https:\/\/www.csj-emballages.com\/pt-pt\/produit\/semola-de-chalota-2-3-mm-1-kg\/"]}]},{"@type":"ImageObject","inLanguage":"pt-PT","@id":"https:\/\/www.csj-emballages.com\/pt-pt\/produit\/semola-de-chalota-2-3-mm-1-kg\/#primaryimage","url":"https:\/\/www.csj-emballages.com\/wp-content\/uploads\/2024\/03\/Echalote-semoule.webp","contentUrl":"https:\/\/www.csj-emballages.com\/wp-content\/uploads\/2024\/03\/Echalote-semoule.webp","width":800,"height":800,"caption":"\u00c9chalote semoule"},{"@type":"BreadcrumbList","@id":"https:\/\/www.csj-emballages.com\/pt-pt\/produit\/semola-de-chalota-2-3-mm-1-kg\/#breadcrumb","itemListElement":[{"@type":"ListItem","position":1,"name":"Acolhimento","item":"https:\/\/www.csj-emballages.com\/pt-pt\/universo-das-embalagens-alimentares\/"},{"@type":"ListItem","position":2,"name":"Shop","item":"https:\/\/www.csj-emballages.com\/shop\/"},{"@type":"ListItem","position":3,"name":"S\u00eamola de chalota 2-3 mm 1 kg"}]},{"@type":"WebSite","@id":"https:\/\/www.csj-emballages.com\/pt-pt\/#website","url":"https:\/\/www.csj-emballages.com\/pt-pt\/","name":"CSJ Emballages","description":"","publisher":{"@id":"https:\/\/www.csj-emballages.com\/pt-pt\/#organization"},"potentialAction":[{"@type":"SearchAction","target":{"@type":"EntryPoint","urlTemplate":"https:\/\/www.csj-emballages.com\/pt-pt\/?s={search_term_string}"},"query-input":{"@type":"PropertyValueSpecification","valueRequired":true,"valueName":"search_term_string"}}],"inLanguage":"pt-PT"},{"@type":"Organization","@id":"https:\/\/www.csj-emballages.com\/pt-pt\/#Organization\/","name":"CSJ Emballages","url":"https:\/\/www.csj-emballages.com\/pt-pt\/","logo":{"@type":"ImageObject","inLanguage":"pt-PT","@id":"https:\/\/www.csj-emballages.com\/pt-pt\/#\/schema\/logo\/image\/","url":"https:\/\/www.csj-emballages.com\/wp-content\/uploads\/2023\/10\/logo_csj.webp","contentUrl":"https:\/\/www.csj-emballages.com\/wp-content\/uploads\/2023\/10\/logo_csj.webp","width":250,"height":95,"caption":"CSJ Emballages"},"image":{"@id":"https:\/\/www.csj-emballages.com\/pt-pt\/#\/schema\/logo\/image\/"},"sameAs":["https:\/\/www.facebook.com\/csjemballages"],"address":{"@type":"PostalAddress","streetAddress":"ZI La Lechere","addressLocality":"Patornay","postalCode":"39130","addressCountry":"FR"},"contactPoint":[{"@type":"ContactPoint","contactType":"Service client","telephone":"0384254272","email":"contact@csj-emballages.com"}]}]}},"df_price":15.42,"df_sale_price":"","df_regular_price":15.42,"df_image_link":"https:\/\/www.csj-emballages.com\/wp-content\/uploads\/2024\/03\/Echalote-semoule-300x300.webp","tiered_pricing_type":"fixed","tiered_pricing_fixed_rules":[],"tiered_pricing_percentage_rules":[],"tiered_pricing_minimum":1,"tiered_pricing_roles_data":[],"_links":{"self":[{"href":"https:\/\/www.csj-emballages.com\/pt-pt\/wp-json\/wp\/v2\/product\/18180","targetHints":{"allow":["GET"]}}],"collection":[{"href":"https:\/\/www.csj-emballages.com\/pt-pt\/wp-json\/wp\/v2\/product"}],"about":[{"href":"https:\/\/www.csj-emballages.com\/pt-pt\/wp-json\/wp\/v2\/types\/product"}],"wp:featuredmedia":[{"embeddable":true,"href":"https:\/\/www.csj-emballages.com\/pt-pt\/wp-json\/wp\/v2\/media\/261442"}],"wp:attachment":[{"href":"https:\/\/www.csj-emballages.com\/pt-pt\/wp-json\/wp\/v2\/media?parent=18180"}],"wp:term":[{"taxonomy":"product_brand","embeddable":true,"href":"https:\/\/www.csj-emballages.com\/pt-pt\/wp-json\/wp\/v2\/product_brand?post=18180"},{"taxonomy":"product_cat","embeddable":true,"href":"https:\/\/www.csj-emballages.com\/pt-pt\/wp-json\/wp\/v2\/product_cat?post=18180"},{"taxonomy":"product_tag","embeddable":true,"href":"https:\/\/www.csj-emballages.com\/pt-pt\/wp-json\/wp\/v2\/product_tag?post=18180"}],"curies":[{"name":"wp","href":"https:\/\/api.w.org\/{rel}","templated":true}]}}