{"id":18156,"date":"2024-03-01T16:59:42","date_gmt":"2024-03-01T15:59:42","guid":{"rendered":"https:\/\/u15jnbdpoq.preview.infomaniak.website\/produit\/folhas-de-louro-1-kg\/"},"modified":"2026-04-03T02:10:36","modified_gmt":"2026-04-03T00:10:36","slug":"folhas-de-louro-1-kg","status":"publish","type":"product","link":"https:\/\/www.csj-emballages.com\/pt-pt\/produit\/folhas-de-louro-1-kg\/","title":{"rendered":"Folhas de louro 1 kg"},"content":{"rendered":"<h2 class=\"p1\">Folha de louro<\/h2>\n<div style=\"font-family: Roboto, sans-serif;\">\n<div style=\"font-family: Roboto, sans-serif;\">\n<div style=\"font-family: Roboto, sans-serif;\">\n<div style=\"font-family: Roboto, sans-serif;\">\n<div style=\"font-family: Roboto, sans-serif;\">\n<div style=\"font-family: Roboto, sans-serif;\">\n<hr>\n<h3>Descri\u00e7\u00e3o da nossa folha de louro 1kg<\/h3>\n<p><!--more--><\/p>\n<p data-start=\"191\" data-end=\"563\">Indispens\u00e1vel na cozinha, a <strong data-start=\"220\" data-end=\"242\">folha de louro<\/strong> faz parte desses ingredientes simples que mudam tudo. Com este formato de <strong data-start=\"316\" data-end=\"324\">1 kg<\/strong>, tem o suficiente para perfumar os seus pratos durante muito tempo, quer cozinhe diariamente ou em grande quantidade. Utilizada inteira, liberta lentamente os seus aromas e proporciona essa nota subtil e ligeiramente amadeirada que faz toda a diferen\u00e7a.  <\/p>\n<p data-start=\"565\" data-end=\"925\">O <strong>louro<\/strong> integra-se facilmente em muitas receitas. Acompanha perfeitamente <strong>pratos estufados, molhos, caldos, marinadas ou conservas caseiras<\/strong>. Basta adicionar uma ou duas folhas no in\u00edcio da cozedura para real\u00e7ar os sabores sem os mascarar. Assim, as suas prepara\u00e7\u00f5es ganham car\u00e1ter, mantendo-se equilibradas.   <\/p>\n<p data-start=\"927\" data-end=\"1243\">Gra\u00e7as a esta embalagem de <strong data-start=\"957\" data-end=\"965\">1 kg<\/strong>, ganha conforto e regularidade. J\u00e1 n\u00e3o precisa de comprar constantemente pequenos sacos. Este formato \u00e9 ideal para restaurantes, empresas de catering, institui\u00e7\u00f5es ou apaixonados por cozinha que gostam de trabalhar com ingredientes fi\u00e1veis e sempre dispon\u00edveis.  <\/p>\n<p data-start=\"1245\" data-end=\"1580\">Al\u00e9m disso, as <strong>folhas de louro<\/strong> conservam-se facilmente ao abrigo da luz e da humidade. Desta forma, mant\u00eam os seus aromas por mais tempo, o que permite uma utiliza\u00e7\u00e3o progressiva sem perda de qualidade. Pr\u00e1tico, econ\u00f3mico e vers\u00e1til, este louro adapta-se tanto \u00e0 cozinha tradicional como a receitas mais modernas.  <\/p>\n<p data-start=\"1582\" data-end=\"1740\">Em resumo, esta <strong>folha de louro<\/strong> n\u00e3o \u00e9 apenas um simples aromatizante: \u00e9 um aliado discreto, mas essencial para dar relevo aos seus pratos, dia ap\u00f3s dia.<\/p>\n<p data-start=\"1582\" data-end=\"1740\">\n<\/div>\n<\/div>\n<\/div>\n<\/div>\n<\/div>\n<\/div>\n<p><!--more--><\/p>\n<p><strong>Vantagens :<\/strong><\/p>\n<ul>\n<li data-start=\"1768\" data-end=\"1795\">Formato econ\u00f3mico de <strong>1 kg<\/strong>.<\/li>\n<li data-start=\"1798\" data-end=\"1825\">Aroma subtil e equilibrado.<\/li>\n<li data-start=\"1828\" data-end=\"1876\">Utiliza\u00e7\u00e3o f\u00e1cil em muitas receitas.<\/li>\n<li data-start=\"1879\" data-end=\"1928\">Ideal para cozinha profissional ou intensiva.<\/li>\n<li data-start=\"1931\" data-end=\"1965\">Boa conserva\u00e7\u00e3o ao longo do tempo.<\/li>\n<\/ul>\n<p>&nbsp;<\/p>\n<p><!--more--><\/p>\n<h4>Outras informa\u00e7\u00f5es :<\/h4>\n<ul>\n<li><strong>Embalagem<\/strong>: Pacote de 1kg<\/li>\n<li><strong>Formato<\/strong>: Folhas inteiras<\/li>\n<\/ul>\n<p>&nbsp;<\/p>\n<p><!--more--><\/p>\n<p>Tamb\u00e9m dispon\u00edvel em <span style=\"color: #d12727;\"><a style=\"color: #d12727;\" href=\"https:\/\/www.csj-emballages.com\/produit\/laurier-moulu-en-1-kg\/\">folha de louro mo\u00edda<\/a><\/span><\/p>\n<p>&nbsp;<\/p>\n<p><!--more--><\/p>\n<p><a href=\"https:\/\/www.csj-emballages.com\/pt-pt\/categorie-produit\/alimentacao-pt-pt\/especiarias\/especiarias-simples\/\">V\u00ea o resto da nossa gama de especiarias simples aqui<\/a><\/p>\n","protected":false},"excerpt":{"rendered":"<p>Folha de louro Descri\u00e7\u00e3o da nossa folha de louro 1kg<\/p>\n","protected":false},"featured_media":225754,"template":"","meta":{"_acf_changed":false},"product_brand":[],"product_cat":[1151,1447,1448],"product_tag":[],"class_list":{"0":"post-18156","1":"product","2":"type-product","3":"status-publish","4":"has-post-thumbnail","6":"product_cat-alimentacao-pt-pt","7":"product_cat-especiarias","8":"product_cat-especiarias-simples","10":"first","11":"instock","12":"taxable","13":"shipping-taxable","14":"purchasable","15":"product-type-simple"},"acf":[],"yoast_head":"<!-- This site is optimized with the Yoast SEO Premium plugin v26.6 (Yoast SEO v26.6) - https:\/\/yoast.com\/wordpress\/plugins\/seo\/ -->\n<title>Folhas de Louro 1kg<\/title>\n<meta name=\"description\" content=\"Folhas de Louro em 1kg - Eleg\u00e2ncia visual, perfume subtil, indispens\u00e1vel na cozinha para decorar e aromatizar os seus pratos com sofistica\u00e7\u00e3o.\" \/>\n<meta name=\"robots\" content=\"index, follow, max-snippet:-1, max-image-preview:large, max-video-preview:-1\" \/>\n<link rel=\"canonical\" href=\"https:\/\/www.csj-emballages.com\/pt-pt\/produit\/folhas-de-louro-1-kg\/\" \/>\n<meta property=\"og:locale\" content=\"pt_PT\" \/>\n<meta property=\"og:type\" content=\"article\" \/>\n<meta property=\"og:title\" content=\"Folhas de louro 1 kg\" \/>\n<meta property=\"og:description\" content=\"Folhas de Louro em 1kg - Eleg\u00e2ncia visual, perfume subtil, indispens\u00e1vel na cozinha para decorar e aromatizar os seus pratos com sofistica\u00e7\u00e3o.\" \/>\n<meta property=\"og:url\" content=\"https:\/\/www.csj-emballages.com\/pt-pt\/produit\/folhas-de-louro-1-kg\/\" \/>\n<meta property=\"og:site_name\" content=\"CSJ Emballages\" \/>\n<meta property=\"article:publisher\" content=\"https:\/\/www.facebook.com\/csjemballages\" \/>\n<meta property=\"article:modified_time\" content=\"2026-04-03T00:10:36+00:00\" \/>\n<meta property=\"og:image\" content=\"https:\/\/www.csj-emballages.com\/wp-content\/uploads\/2024\/03\/feuille-laurier.webp\" \/>\n\t<meta property=\"og:image:width\" content=\"800\" \/>\n\t<meta property=\"og:image:height\" content=\"800\" \/>\n\t<meta property=\"og:image:type\" content=\"image\/webp\" \/>\n<meta name=\"twitter:card\" content=\"summary_large_image\" \/>\n<meta name=\"twitter:label1\" content=\"Tempo estimado de leitura\" \/>\n\t<meta name=\"twitter:data1\" content=\"2 minutos\" \/>\n<script type=\"application\/ld+json\" class=\"yoast-schema-graph\">{\"@context\":\"https:\/\/schema.org\",\"@graph\":[{\"@type\":\"WebPage\",\"@id\":\"https:\/\/www.csj-emballages.com\/pt-pt\/produit\/folhas-de-louro-1-kg\/\",\"url\":\"https:\/\/www.csj-emballages.com\/pt-pt\/produit\/folhas-de-louro-1-kg\/\",\"name\":\"Folhas de Louro 1kg\",\"isPartOf\":{\"@id\":\"https:\/\/www.csj-emballages.com\/pt-pt\/#website\"},\"primaryImageOfPage\":{\"@id\":\"https:\/\/www.csj-emballages.com\/pt-pt\/produit\/folhas-de-louro-1-kg\/#primaryimage\"},\"image\":{\"@id\":\"https:\/\/www.csj-emballages.com\/pt-pt\/produit\/folhas-de-louro-1-kg\/#primaryimage\"},\"thumbnailUrl\":\"https:\/\/www.csj-emballages.com\/wp-content\/uploads\/2024\/03\/feuille-laurier.webp\",\"datePublished\":\"2024-03-01T15:59:42+00:00\",\"dateModified\":\"2026-04-03T00:10:36+00:00\",\"description\":\"Folhas de Louro em 1kg - Eleg\u00e2ncia visual, perfume subtil, indispens\u00e1vel na cozinha para decorar e aromatizar os seus pratos com sofistica\u00e7\u00e3o.\",\"breadcrumb\":{\"@id\":\"https:\/\/www.csj-emballages.com\/pt-pt\/produit\/folhas-de-louro-1-kg\/#breadcrumb\"},\"inLanguage\":\"pt-PT\",\"potentialAction\":[{\"@type\":\"ReadAction\",\"target\":[\"https:\/\/www.csj-emballages.com\/pt-pt\/produit\/folhas-de-louro-1-kg\/\"]}]},{\"@type\":\"ImageObject\",\"inLanguage\":\"pt-PT\",\"@id\":\"https:\/\/www.csj-emballages.com\/pt-pt\/produit\/folhas-de-louro-1-kg\/#primaryimage\",\"url\":\"https:\/\/www.csj-emballages.com\/wp-content\/uploads\/2024\/03\/feuille-laurier.webp\",\"contentUrl\":\"https:\/\/www.csj-emballages.com\/wp-content\/uploads\/2024\/03\/feuille-laurier.webp\",\"width\":800,\"height\":800,\"caption\":\"Feuille de laurier\"},{\"@type\":\"BreadcrumbList\",\"@id\":\"https:\/\/www.csj-emballages.com\/pt-pt\/produit\/folhas-de-louro-1-kg\/#breadcrumb\",\"itemListElement\":[{\"@type\":\"ListItem\",\"position\":1,\"name\":\"Acolhimento\",\"item\":\"https:\/\/www.csj-emballages.com\/pt-pt\/universo-das-embalagens-alimentares\/\"},{\"@type\":\"ListItem\",\"position\":2,\"name\":\"Shop\",\"item\":\"https:\/\/www.csj-emballages.com\/shop\/\"},{\"@type\":\"ListItem\",\"position\":3,\"name\":\"Folhas de louro 1 kg\"}]},{\"@type\":\"WebSite\",\"@id\":\"https:\/\/www.csj-emballages.com\/pt-pt\/#website\",\"url\":\"https:\/\/www.csj-emballages.com\/pt-pt\/\",\"name\":\"CSJ Emballages\",\"description\":\"\",\"publisher\":{\"@id\":\"https:\/\/www.csj-emballages.com\/pt-pt\/#organization\"},\"potentialAction\":[{\"@type\":\"SearchAction\",\"target\":{\"@type\":\"EntryPoint\",\"urlTemplate\":\"https:\/\/www.csj-emballages.com\/pt-pt\/?s={search_term_string}\"},\"query-input\":{\"@type\":\"PropertyValueSpecification\",\"valueRequired\":true,\"valueName\":\"search_term_string\"}}],\"inLanguage\":\"pt-PT\"},{\"@type\":\"Organization\",\"@id\":\"https:\/\/www.csj-emballages.com\/pt-pt\/#Organization\/\",\"name\":\"CSJ Emballages\",\"url\":\"https:\/\/www.csj-emballages.com\/pt-pt\/\",\"logo\":{\"@type\":\"ImageObject\",\"inLanguage\":\"pt-PT\",\"@id\":\"https:\/\/www.csj-emballages.com\/pt-pt\/#\/schema\/logo\/image\/\",\"url\":\"https:\/\/www.csj-emballages.com\/wp-content\/uploads\/2023\/10\/logo_csj.webp\",\"contentUrl\":\"https:\/\/www.csj-emballages.com\/wp-content\/uploads\/2023\/10\/logo_csj.webp\",\"width\":250,\"height\":95,\"caption\":\"CSJ Emballages\"},\"image\":{\"@id\":\"https:\/\/www.csj-emballages.com\/pt-pt\/#\/schema\/logo\/image\/\"},\"sameAs\":[\"https:\/\/www.facebook.com\/csjemballages\"],\"address\":{\"@type\":\"PostalAddress\",\"streetAddress\":\"ZI La Lechere\",\"addressLocality\":\"Patornay\",\"postalCode\":\"39130\",\"addressCountry\":\"FR\"},\"contactPoint\":[{\"@type\":\"ContactPoint\",\"contactType\":\"Service client\",\"telephone\":\"0384254272\",\"email\":\"contact@csj-emballages.com\"}]}]}<\/script>\n<!-- \/ Yoast SEO Premium plugin. -->","yoast_head_json":{"title":"Folhas de Louro 1kg","description":"Folhas de Louro em 1kg - Eleg\u00e2ncia visual, perfume subtil, indispens\u00e1vel na cozinha para decorar e aromatizar os seus pratos com sofistica\u00e7\u00e3o.","robots":{"index":"index","follow":"follow","max-snippet":"max-snippet:-1","max-image-preview":"max-image-preview:large","max-video-preview":"max-video-preview:-1"},"canonical":"https:\/\/www.csj-emballages.com\/pt-pt\/produit\/folhas-de-louro-1-kg\/","og_locale":"pt_PT","og_type":"article","og_title":"Folhas de louro 1 kg","og_description":"Folhas de Louro em 1kg - Eleg\u00e2ncia visual, perfume subtil, indispens\u00e1vel na cozinha para decorar e aromatizar os seus pratos com sofistica\u00e7\u00e3o.","og_url":"https:\/\/www.csj-emballages.com\/pt-pt\/produit\/folhas-de-louro-1-kg\/","og_site_name":"CSJ Emballages","article_publisher":"https:\/\/www.facebook.com\/csjemballages","article_modified_time":"2026-04-03T00:10:36+00:00","og_image":[{"width":800,"height":800,"url":"https:\/\/www.csj-emballages.com\/wp-content\/uploads\/2024\/03\/feuille-laurier.webp","type":"image\/webp"}],"twitter_card":"summary_large_image","twitter_misc":{"Tempo estimado de leitura":"2 minutos"},"schema":{"@context":"https:\/\/schema.org","@graph":[{"@type":"WebPage","@id":"https:\/\/www.csj-emballages.com\/pt-pt\/produit\/folhas-de-louro-1-kg\/","url":"https:\/\/www.csj-emballages.com\/pt-pt\/produit\/folhas-de-louro-1-kg\/","name":"Folhas de Louro 1kg","isPartOf":{"@id":"https:\/\/www.csj-emballages.com\/pt-pt\/#website"},"primaryImageOfPage":{"@id":"https:\/\/www.csj-emballages.com\/pt-pt\/produit\/folhas-de-louro-1-kg\/#primaryimage"},"image":{"@id":"https:\/\/www.csj-emballages.com\/pt-pt\/produit\/folhas-de-louro-1-kg\/#primaryimage"},"thumbnailUrl":"https:\/\/www.csj-emballages.com\/wp-content\/uploads\/2024\/03\/feuille-laurier.webp","datePublished":"2024-03-01T15:59:42+00:00","dateModified":"2026-04-03T00:10:36+00:00","description":"Folhas de Louro em 1kg - Eleg\u00e2ncia visual, perfume subtil, indispens\u00e1vel na cozinha para decorar e aromatizar os seus pratos com sofistica\u00e7\u00e3o.","breadcrumb":{"@id":"https:\/\/www.csj-emballages.com\/pt-pt\/produit\/folhas-de-louro-1-kg\/#breadcrumb"},"inLanguage":"pt-PT","potentialAction":[{"@type":"ReadAction","target":["https:\/\/www.csj-emballages.com\/pt-pt\/produit\/folhas-de-louro-1-kg\/"]}]},{"@type":"ImageObject","inLanguage":"pt-PT","@id":"https:\/\/www.csj-emballages.com\/pt-pt\/produit\/folhas-de-louro-1-kg\/#primaryimage","url":"https:\/\/www.csj-emballages.com\/wp-content\/uploads\/2024\/03\/feuille-laurier.webp","contentUrl":"https:\/\/www.csj-emballages.com\/wp-content\/uploads\/2024\/03\/feuille-laurier.webp","width":800,"height":800,"caption":"Feuille de laurier"},{"@type":"BreadcrumbList","@id":"https:\/\/www.csj-emballages.com\/pt-pt\/produit\/folhas-de-louro-1-kg\/#breadcrumb","itemListElement":[{"@type":"ListItem","position":1,"name":"Acolhimento","item":"https:\/\/www.csj-emballages.com\/pt-pt\/universo-das-embalagens-alimentares\/"},{"@type":"ListItem","position":2,"name":"Shop","item":"https:\/\/www.csj-emballages.com\/shop\/"},{"@type":"ListItem","position":3,"name":"Folhas de louro 1 kg"}]},{"@type":"WebSite","@id":"https:\/\/www.csj-emballages.com\/pt-pt\/#website","url":"https:\/\/www.csj-emballages.com\/pt-pt\/","name":"CSJ Emballages","description":"","publisher":{"@id":"https:\/\/www.csj-emballages.com\/pt-pt\/#organization"},"potentialAction":[{"@type":"SearchAction","target":{"@type":"EntryPoint","urlTemplate":"https:\/\/www.csj-emballages.com\/pt-pt\/?s={search_term_string}"},"query-input":{"@type":"PropertyValueSpecification","valueRequired":true,"valueName":"search_term_string"}}],"inLanguage":"pt-PT"},{"@type":"Organization","@id":"https:\/\/www.csj-emballages.com\/pt-pt\/#Organization\/","name":"CSJ Emballages","url":"https:\/\/www.csj-emballages.com\/pt-pt\/","logo":{"@type":"ImageObject","inLanguage":"pt-PT","@id":"https:\/\/www.csj-emballages.com\/pt-pt\/#\/schema\/logo\/image\/","url":"https:\/\/www.csj-emballages.com\/wp-content\/uploads\/2023\/10\/logo_csj.webp","contentUrl":"https:\/\/www.csj-emballages.com\/wp-content\/uploads\/2023\/10\/logo_csj.webp","width":250,"height":95,"caption":"CSJ Emballages"},"image":{"@id":"https:\/\/www.csj-emballages.com\/pt-pt\/#\/schema\/logo\/image\/"},"sameAs":["https:\/\/www.facebook.com\/csjemballages"],"address":{"@type":"PostalAddress","streetAddress":"ZI La Lechere","addressLocality":"Patornay","postalCode":"39130","addressCountry":"FR"},"contactPoint":[{"@type":"ContactPoint","contactType":"Service client","telephone":"0384254272","email":"contact@csj-emballages.com"}]}]}},"df_price":23.78,"df_sale_price":"","df_regular_price":23.78,"df_image_link":"https:\/\/www.csj-emballages.com\/wp-content\/uploads\/2024\/03\/feuille-laurier-300x300.webp","tiered_pricing_type":"fixed","tiered_pricing_fixed_rules":[],"tiered_pricing_percentage_rules":[],"tiered_pricing_minimum":1,"tiered_pricing_roles_data":[],"_links":{"self":[{"href":"https:\/\/www.csj-emballages.com\/pt-pt\/wp-json\/wp\/v2\/product\/18156","targetHints":{"allow":["GET"]}}],"collection":[{"href":"https:\/\/www.csj-emballages.com\/pt-pt\/wp-json\/wp\/v2\/product"}],"about":[{"href":"https:\/\/www.csj-emballages.com\/pt-pt\/wp-json\/wp\/v2\/types\/product"}],"wp:featuredmedia":[{"embeddable":true,"href":"https:\/\/www.csj-emballages.com\/pt-pt\/wp-json\/wp\/v2\/media\/225754"}],"wp:attachment":[{"href":"https:\/\/www.csj-emballages.com\/pt-pt\/wp-json\/wp\/v2\/media?parent=18156"}],"wp:term":[{"taxonomy":"product_brand","embeddable":true,"href":"https:\/\/www.csj-emballages.com\/pt-pt\/wp-json\/wp\/v2\/product_brand?post=18156"},{"taxonomy":"product_cat","embeddable":true,"href":"https:\/\/www.csj-emballages.com\/pt-pt\/wp-json\/wp\/v2\/product_cat?post=18156"},{"taxonomy":"product_tag","embeddable":true,"href":"https:\/\/www.csj-emballages.com\/pt-pt\/wp-json\/wp\/v2\/product_tag?post=18156"}],"curies":[{"name":"wp","href":"https:\/\/api.w.org\/{rel}","templated":true}]}}