{"id":18121,"date":"2024-03-01T16:59:41","date_gmt":"2024-03-01T15:59:41","guid":{"rendered":"https:\/\/u15jnbdpoq.preview.infomaniak.website\/produit\/alecrim-moido-1-kg\/"},"modified":"2026-04-17T02:10:25","modified_gmt":"2026-04-17T00:10:25","slug":"alecrim-moido-1-kg","status":"publish","type":"product","link":"https:\/\/www.csj-emballages.com\/pt-pt\/produit\/alecrim-moido-1-kg\/","title":{"rendered":"Alecrim mo\u00eddo 1 kg"},"content":{"rendered":"<h2>Alecrim mo\u00eddo<\/h2>\n<hr>\n<h3>Descri\u00e7\u00e3o do nosso alecrim mo\u00eddo 1 kg<\/h3>\n<p><!--more--><\/p>\n<p data-start=\"189\" data-end=\"612\">O <strong>alecrim mo\u00eddo<\/strong> \u00e9 indispens\u00e1vel para quem gosta de dar car\u00e1cter aos seus pratos sem exagerar. Com o seu aroma intenso e ligeiramente amadeirado, confere imediatamente um toque mediterr\u00e2nico \u00e0s suas receitas. Este formato de <strong data-start=\"425\" data-end=\"433\">1 kg<\/strong> \u00e9 ideal para uma utiliza\u00e7\u00e3o regular, seja na restaura\u00e7\u00e3o, em laborat\u00f3rio culin\u00e1rio ou simplesmente para os amantes da cozinha que gostam de ter stock \u00e0 m\u00e3o.  <\/p>\n<p data-start=\"614\" data-end=\"1029\">Gra\u00e7as \u00e0 sua <strong>moagem fina<\/strong>, este <strong>alecrim<\/strong> mistura-se facilmente nas prepara\u00e7\u00f5es. Integra-se tanto em marinadas como em molhos, carnes grelhadas, batatas assadas ou legumes no forno. Ao contr\u00e1rio dos ramos inteiros, liberta os seus aromas de forma homog\u00e9nea, o que permite um tempero controlado e constante. Assim, cada prato ganha sabor sem mascarar os outros ingredientes.   <\/p>\n<p data-start=\"1031\" data-end=\"1342\">Al\u00e9m disso, o <strong>alecrim mo\u00eddo<\/strong> \u00e9 muito pr\u00e1tico no dia a dia. N\u00e3o precisa de o picar ou de o filtrar ap\u00f3s a cozedura: utiliza-o diretamente, com toda a simplicidade. A sua embalagem em grande formato tamb\u00e9m lhe permite poupar tempo e limita as ruturas, especialmente durante os per\u00edodos de maior atividade.  <\/p>\n<p data-start=\"1344\" data-end=\"1627\">Para al\u00e9m do seu interesse gustativo, o <strong>alecrim<\/strong> \u00e9 apreciado pelo seu lado aut\u00eantico e natural. Evoca uma cozinha generosa, caseira, que tranquiliza e seduz. Quer trabalhe uma cozinha tradicional, moderna ou r\u00fastica, ele encontra facilmente o seu lugar nas suas receitas.  <\/p>\n<p data-start=\"1629\" data-end=\"1803\">Em resumo, este <strong>alecrim mo\u00eddo 1 kg<\/strong> \u00e9 um valor seguro: simples de utilizar, rico em sabor e perfeitamente adaptado \u00e0s necessidades dos profissionais e dos apaixonados pela cozinha.<\/p>\n<p>&nbsp;<\/p>\n<p><!--more--><\/p>\n<h4>Vantagens :<\/h4>\n<ul>\n<li data-start=\"488\" data-end=\"561\">Confere um sabor intenso e perfumado.<\/li>\n<li data-start=\"562\" data-end=\"644\">Perfeito para carnes, peixes, legumes, molhos e <span style=\"color: #d12727;\"><a style=\"color: #d12727;\" href=\"https:\/\/www.csj-emballages.com\/pt-pt\/categorie-produit\/alimentacao-pt-pt\/marinadas\/\">marinades<\/a><\/span>.<\/li>\n<li data-start=\"645\" data-end=\"719\">Ideal para uso profissional ou intensivo.<\/li>\n<li data-start=\"720\" data-end=\"808\" data-is-only-node=\"\">J\u00e1 mo\u00eddo, incorpora-se instantaneamente nas suas receitas.<\/li>\n<\/ul>\n<p>&nbsp;<\/p>\n<p><!--more--><\/p>\n<h4>Outras informa\u00e7\u00f5es :<\/h4>\n<ul>\n<li><strong>Embalagem<\/strong>: Pacote de 1kg<\/li>\n<li><strong>Formato<\/strong>: Mo\u00eddo<\/li>\n<\/ul>\n<p>&nbsp;<\/p>\n<p><!--more--><\/p>\n<p><a href=\"https:\/\/www.csj-emballages.com\/pt-pt\/categorie-produit\/alimentacao-pt-pt\/especiarias\/especiarias-simples\/\">Ver o resto da nossa gama de especiarias simples  <\/a><\/p>\n","protected":false},"excerpt":{"rendered":"<p>Alecrim mo\u00eddo Descri\u00e7\u00e3o do nosso alecrim mo\u00eddo 1 kg<\/p>\n","protected":false},"featured_media":261323,"template":"","meta":{"_acf_changed":false},"product_brand":[],"product_cat":[1151,1447,1448],"product_tag":[],"class_list":{"0":"post-18121","1":"product","2":"type-product","3":"status-publish","4":"has-post-thumbnail","6":"product_cat-alimentacao-pt-pt","7":"product_cat-especiarias","8":"product_cat-especiarias-simples","10":"first","11":"instock","12":"taxable","13":"shipping-taxable","14":"purchasable","15":"product-type-simple"},"acf":[],"yoast_head":"<!-- This site is optimized with the Yoast SEO Premium plugin v26.6 (Yoast SEO v26.6) - https:\/\/yoast.com\/wordpress\/plugins\/seo\/ -->\n<title>Alecrim Mo\u00eddo 1 kg<\/title>\n<meta name=\"description\" content=\"Descubra o nosso Alecrim mo\u00eddo 1 kg, ideal para temperar carnes, peixes e legumes. Um formato econ\u00f3mico para profissionais.\" \/>\n<meta name=\"robots\" content=\"index, follow, max-snippet:-1, max-image-preview:large, max-video-preview:-1\" \/>\n<link rel=\"canonical\" href=\"https:\/\/www.csj-emballages.com\/pt-pt\/produit\/alecrim-moido-1-kg\/\" \/>\n<meta property=\"og:locale\" content=\"pt_PT\" \/>\n<meta property=\"og:type\" content=\"article\" \/>\n<meta property=\"og:title\" content=\"Alecrim mo\u00eddo 1 kg\" \/>\n<meta property=\"og:description\" content=\"Descubra o nosso Alecrim mo\u00eddo 1 kg, ideal para temperar carnes, peixes e legumes. Um formato econ\u00f3mico para profissionais.\" \/>\n<meta property=\"og:url\" content=\"https:\/\/www.csj-emballages.com\/pt-pt\/produit\/alecrim-moido-1-kg\/\" \/>\n<meta property=\"og:site_name\" content=\"CSJ Emballages\" \/>\n<meta property=\"article:publisher\" content=\"https:\/\/www.facebook.com\/csjemballages\" \/>\n<meta property=\"article:modified_time\" content=\"2026-04-17T00:10:25+00:00\" \/>\n<meta property=\"og:image\" content=\"https:\/\/www.csj-emballages.com\/wp-content\/uploads\/2024\/03\/Romarin-moulu.webp\" \/>\n\t<meta property=\"og:image:width\" content=\"800\" \/>\n\t<meta property=\"og:image:height\" content=\"800\" \/>\n\t<meta property=\"og:image:type\" content=\"image\/webp\" \/>\n<meta name=\"twitter:card\" content=\"summary_large_image\" \/>\n<meta name=\"twitter:label1\" content=\"Tempo estimado de leitura\" \/>\n\t<meta name=\"twitter:data1\" content=\"2 minutos\" \/>\n<script type=\"application\/ld+json\" class=\"yoast-schema-graph\">{\"@context\":\"https:\/\/schema.org\",\"@graph\":[{\"@type\":\"WebPage\",\"@id\":\"https:\/\/www.csj-emballages.com\/pt-pt\/produit\/alecrim-moido-1-kg\/\",\"url\":\"https:\/\/www.csj-emballages.com\/pt-pt\/produit\/alecrim-moido-1-kg\/\",\"name\":\"Alecrim Mo\u00eddo 1 kg\",\"isPartOf\":{\"@id\":\"https:\/\/www.csj-emballages.com\/pt-pt\/#website\"},\"primaryImageOfPage\":{\"@id\":\"https:\/\/www.csj-emballages.com\/pt-pt\/produit\/alecrim-moido-1-kg\/#primaryimage\"},\"image\":{\"@id\":\"https:\/\/www.csj-emballages.com\/pt-pt\/produit\/alecrim-moido-1-kg\/#primaryimage\"},\"thumbnailUrl\":\"https:\/\/www.csj-emballages.com\/wp-content\/uploads\/2024\/03\/Romarin-moulu.webp\",\"datePublished\":\"2024-03-01T15:59:41+00:00\",\"dateModified\":\"2026-04-17T00:10:25+00:00\",\"description\":\"Descubra o nosso Alecrim mo\u00eddo 1 kg, ideal para temperar carnes, peixes e legumes. Um formato econ\u00f3mico para profissionais.\",\"breadcrumb\":{\"@id\":\"https:\/\/www.csj-emballages.com\/pt-pt\/produit\/alecrim-moido-1-kg\/#breadcrumb\"},\"inLanguage\":\"pt-PT\",\"potentialAction\":[{\"@type\":\"ReadAction\",\"target\":[\"https:\/\/www.csj-emballages.com\/pt-pt\/produit\/alecrim-moido-1-kg\/\"]}]},{\"@type\":\"ImageObject\",\"inLanguage\":\"pt-PT\",\"@id\":\"https:\/\/www.csj-emballages.com\/pt-pt\/produit\/alecrim-moido-1-kg\/#primaryimage\",\"url\":\"https:\/\/www.csj-emballages.com\/wp-content\/uploads\/2024\/03\/Romarin-moulu.webp\",\"contentUrl\":\"https:\/\/www.csj-emballages.com\/wp-content\/uploads\/2024\/03\/Romarin-moulu.webp\",\"width\":800,\"height\":800,\"caption\":\"Romarin moulu\"},{\"@type\":\"BreadcrumbList\",\"@id\":\"https:\/\/www.csj-emballages.com\/pt-pt\/produit\/alecrim-moido-1-kg\/#breadcrumb\",\"itemListElement\":[{\"@type\":\"ListItem\",\"position\":1,\"name\":\"Acolhimento\",\"item\":\"https:\/\/www.csj-emballages.com\/pt-pt\/universo-das-embalagens-alimentares\/\"},{\"@type\":\"ListItem\",\"position\":2,\"name\":\"Shop\",\"item\":\"https:\/\/www.csj-emballages.com\/shop\/\"},{\"@type\":\"ListItem\",\"position\":3,\"name\":\"Alecrim mo\u00eddo 1 kg\"}]},{\"@type\":\"WebSite\",\"@id\":\"https:\/\/www.csj-emballages.com\/pt-pt\/#website\",\"url\":\"https:\/\/www.csj-emballages.com\/pt-pt\/\",\"name\":\"CSJ Emballages\",\"description\":\"\",\"publisher\":{\"@id\":\"https:\/\/www.csj-emballages.com\/pt-pt\/#organization\"},\"potentialAction\":[{\"@type\":\"SearchAction\",\"target\":{\"@type\":\"EntryPoint\",\"urlTemplate\":\"https:\/\/www.csj-emballages.com\/pt-pt\/?s={search_term_string}\"},\"query-input\":{\"@type\":\"PropertyValueSpecification\",\"valueRequired\":true,\"valueName\":\"search_term_string\"}}],\"inLanguage\":\"pt-PT\"},{\"@type\":\"Organization\",\"@id\":\"https:\/\/www.csj-emballages.com\/pt-pt\/#Organization\/\",\"name\":\"CSJ Emballages\",\"url\":\"https:\/\/www.csj-emballages.com\/pt-pt\/\",\"logo\":{\"@type\":\"ImageObject\",\"inLanguage\":\"pt-PT\",\"@id\":\"https:\/\/www.csj-emballages.com\/pt-pt\/#\/schema\/logo\/image\/\",\"url\":\"https:\/\/www.csj-emballages.com\/wp-content\/uploads\/2023\/10\/logo_csj.webp\",\"contentUrl\":\"https:\/\/www.csj-emballages.com\/wp-content\/uploads\/2023\/10\/logo_csj.webp\",\"width\":250,\"height\":95,\"caption\":\"CSJ Emballages\"},\"image\":{\"@id\":\"https:\/\/www.csj-emballages.com\/pt-pt\/#\/schema\/logo\/image\/\"},\"sameAs\":[\"https:\/\/www.facebook.com\/csjemballages\"],\"address\":{\"@type\":\"PostalAddress\",\"streetAddress\":\"ZI La Lechere\",\"addressLocality\":\"Patornay\",\"postalCode\":\"39130\",\"addressCountry\":\"FR\"},\"contactPoint\":[{\"@type\":\"ContactPoint\",\"contactType\":\"Service client\",\"telephone\":\"0384254272\",\"email\":\"contact@csj-emballages.com\"}]}]}<\/script>\n<!-- \/ Yoast SEO Premium plugin. -->","yoast_head_json":{"title":"Alecrim Mo\u00eddo 1 kg","description":"Descubra o nosso Alecrim mo\u00eddo 1 kg, ideal para temperar carnes, peixes e legumes. Um formato econ\u00f3mico para profissionais.","robots":{"index":"index","follow":"follow","max-snippet":"max-snippet:-1","max-image-preview":"max-image-preview:large","max-video-preview":"max-video-preview:-1"},"canonical":"https:\/\/www.csj-emballages.com\/pt-pt\/produit\/alecrim-moido-1-kg\/","og_locale":"pt_PT","og_type":"article","og_title":"Alecrim mo\u00eddo 1 kg","og_description":"Descubra o nosso Alecrim mo\u00eddo 1 kg, ideal para temperar carnes, peixes e legumes. Um formato econ\u00f3mico para profissionais.","og_url":"https:\/\/www.csj-emballages.com\/pt-pt\/produit\/alecrim-moido-1-kg\/","og_site_name":"CSJ Emballages","article_publisher":"https:\/\/www.facebook.com\/csjemballages","article_modified_time":"2026-04-17T00:10:25+00:00","og_image":[{"width":800,"height":800,"url":"https:\/\/www.csj-emballages.com\/wp-content\/uploads\/2024\/03\/Romarin-moulu.webp","type":"image\/webp"}],"twitter_card":"summary_large_image","twitter_misc":{"Tempo estimado de leitura":"2 minutos"},"schema":{"@context":"https:\/\/schema.org","@graph":[{"@type":"WebPage","@id":"https:\/\/www.csj-emballages.com\/pt-pt\/produit\/alecrim-moido-1-kg\/","url":"https:\/\/www.csj-emballages.com\/pt-pt\/produit\/alecrim-moido-1-kg\/","name":"Alecrim Mo\u00eddo 1 kg","isPartOf":{"@id":"https:\/\/www.csj-emballages.com\/pt-pt\/#website"},"primaryImageOfPage":{"@id":"https:\/\/www.csj-emballages.com\/pt-pt\/produit\/alecrim-moido-1-kg\/#primaryimage"},"image":{"@id":"https:\/\/www.csj-emballages.com\/pt-pt\/produit\/alecrim-moido-1-kg\/#primaryimage"},"thumbnailUrl":"https:\/\/www.csj-emballages.com\/wp-content\/uploads\/2024\/03\/Romarin-moulu.webp","datePublished":"2024-03-01T15:59:41+00:00","dateModified":"2026-04-17T00:10:25+00:00","description":"Descubra o nosso Alecrim mo\u00eddo 1 kg, ideal para temperar carnes, peixes e legumes. Um formato econ\u00f3mico para profissionais.","breadcrumb":{"@id":"https:\/\/www.csj-emballages.com\/pt-pt\/produit\/alecrim-moido-1-kg\/#breadcrumb"},"inLanguage":"pt-PT","potentialAction":[{"@type":"ReadAction","target":["https:\/\/www.csj-emballages.com\/pt-pt\/produit\/alecrim-moido-1-kg\/"]}]},{"@type":"ImageObject","inLanguage":"pt-PT","@id":"https:\/\/www.csj-emballages.com\/pt-pt\/produit\/alecrim-moido-1-kg\/#primaryimage","url":"https:\/\/www.csj-emballages.com\/wp-content\/uploads\/2024\/03\/Romarin-moulu.webp","contentUrl":"https:\/\/www.csj-emballages.com\/wp-content\/uploads\/2024\/03\/Romarin-moulu.webp","width":800,"height":800,"caption":"Romarin moulu"},{"@type":"BreadcrumbList","@id":"https:\/\/www.csj-emballages.com\/pt-pt\/produit\/alecrim-moido-1-kg\/#breadcrumb","itemListElement":[{"@type":"ListItem","position":1,"name":"Acolhimento","item":"https:\/\/www.csj-emballages.com\/pt-pt\/universo-das-embalagens-alimentares\/"},{"@type":"ListItem","position":2,"name":"Shop","item":"https:\/\/www.csj-emballages.com\/shop\/"},{"@type":"ListItem","position":3,"name":"Alecrim mo\u00eddo 1 kg"}]},{"@type":"WebSite","@id":"https:\/\/www.csj-emballages.com\/pt-pt\/#website","url":"https:\/\/www.csj-emballages.com\/pt-pt\/","name":"CSJ Emballages","description":"","publisher":{"@id":"https:\/\/www.csj-emballages.com\/pt-pt\/#organization"},"potentialAction":[{"@type":"SearchAction","target":{"@type":"EntryPoint","urlTemplate":"https:\/\/www.csj-emballages.com\/pt-pt\/?s={search_term_string}"},"query-input":{"@type":"PropertyValueSpecification","valueRequired":true,"valueName":"search_term_string"}}],"inLanguage":"pt-PT"},{"@type":"Organization","@id":"https:\/\/www.csj-emballages.com\/pt-pt\/#Organization\/","name":"CSJ Emballages","url":"https:\/\/www.csj-emballages.com\/pt-pt\/","logo":{"@type":"ImageObject","inLanguage":"pt-PT","@id":"https:\/\/www.csj-emballages.com\/pt-pt\/#\/schema\/logo\/image\/","url":"https:\/\/www.csj-emballages.com\/wp-content\/uploads\/2023\/10\/logo_csj.webp","contentUrl":"https:\/\/www.csj-emballages.com\/wp-content\/uploads\/2023\/10\/logo_csj.webp","width":250,"height":95,"caption":"CSJ Emballages"},"image":{"@id":"https:\/\/www.csj-emballages.com\/pt-pt\/#\/schema\/logo\/image\/"},"sameAs":["https:\/\/www.facebook.com\/csjemballages"],"address":{"@type":"PostalAddress","streetAddress":"ZI La Lechere","addressLocality":"Patornay","postalCode":"39130","addressCountry":"FR"},"contactPoint":[{"@type":"ContactPoint","contactType":"Service client","telephone":"0384254272","email":"contact@csj-emballages.com"}]}]}},"df_price":11.3,"df_sale_price":"","df_regular_price":11.3,"df_image_link":"https:\/\/www.csj-emballages.com\/wp-content\/uploads\/2024\/03\/Romarin-moulu-300x300.webp","tiered_pricing_type":"fixed","tiered_pricing_fixed_rules":[],"tiered_pricing_percentage_rules":[],"tiered_pricing_minimum":1,"tiered_pricing_roles_data":[],"_links":{"self":[{"href":"https:\/\/www.csj-emballages.com\/pt-pt\/wp-json\/wp\/v2\/product\/18121","targetHints":{"allow":["GET"]}}],"collection":[{"href":"https:\/\/www.csj-emballages.com\/pt-pt\/wp-json\/wp\/v2\/product"}],"about":[{"href":"https:\/\/www.csj-emballages.com\/pt-pt\/wp-json\/wp\/v2\/types\/product"}],"wp:featuredmedia":[{"embeddable":true,"href":"https:\/\/www.csj-emballages.com\/pt-pt\/wp-json\/wp\/v2\/media\/261323"}],"wp:attachment":[{"href":"https:\/\/www.csj-emballages.com\/pt-pt\/wp-json\/wp\/v2\/media?parent=18121"}],"wp:term":[{"taxonomy":"product_brand","embeddable":true,"href":"https:\/\/www.csj-emballages.com\/pt-pt\/wp-json\/wp\/v2\/product_brand?post=18121"},{"taxonomy":"product_cat","embeddable":true,"href":"https:\/\/www.csj-emballages.com\/pt-pt\/wp-json\/wp\/v2\/product_cat?post=18121"},{"taxonomy":"product_tag","embeddable":true,"href":"https:\/\/www.csj-emballages.com\/pt-pt\/wp-json\/wp\/v2\/product_tag?post=18121"}],"curies":[{"name":"wp","href":"https:\/\/api.w.org\/{rel}","templated":true}]}}