{"id":18004,"date":"2024-03-01T16:47:47","date_gmt":"2024-03-01T15:47:47","guid":{"rendered":"https:\/\/u15jnbdpoq.preview.infomaniak.website\/produit\/100-sacos-de-vacuo-de-conservacao-em-relevo-30-x-40-cm-100-%c2%b5\/"},"modified":"2026-04-16T17:01:20","modified_gmt":"2026-04-16T15:01:20","slug":"100-sacos-de-vacuo-de-conservacao-em-relevo-30-x-40-cm-100-%c2%b5","status":"publish","type":"product","link":"https:\/\/www.csj-emballages.com\/pt-pt\/produit\/100-sacos-de-vacuo-de-conservacao-em-relevo-30-x-40-cm-100-%c2%b5\/","title":{"rendered":"Conserva\u00e7\u00e3o do saco de v\u00e1cuo com relevo 30 x 40 cm 100 \u00b5 por 100"},"content":{"rendered":"<div style=\"font-family: Roboto, sans-serif\">\n<div style=\"font-family: Roboto, sans-serif\">\n<div style=\"font-family: Roboto, sans-serif\">\n<div style=\"font-family: Roboto, sans-serif\">\n<div style=\"font-family: Roboto, sans-serif\">\n<div style=\"font-family: Roboto, sans-serif\">\n<div style=\"font-family: Roboto, sans-serif\">\n<div style=\"font-family: Roboto, sans-serif\">\n<div style=\"font-family: Roboto, sans-serif\">\n<div style=\"font-family: Roboto, sans-serif\">\n<div style=\"font-family: Roboto, sans-serif\">\n<div style=\"font-family: Roboto, sans-serif\">\n<div style=\"font-family: Roboto, sans-serif\">\n<div style=\"font-family: Roboto, sans-serif\">\n<div style=\"font-family: Roboto, sans-serif\">\n<div style=\"font-family: Roboto, sans-serif\">\n<div style=\"font-family: Roboto, sans-serif\">\n<div style=\"font-family: Roboto, sans-serif\">\n<div style=\"font-family: Roboto, sans-serif\">\n<div style=\"font-family: Roboto, sans-serif\">\n<div style=\"font-family: Roboto, sans-serif\">\n<div style=\"font-family: Roboto, sans-serif\">\n<div style=\"font-family: Roboto, sans-serif\">\n<div style=\"font-family: Roboto, sans-serif\">\n<div style=\"font-family: Roboto, sans-serif\">\n<div style=\"font-family: Roboto, sans-serif\">\n<h2 class=\"p1\">Saco de v\u00e1cuo<\/h2>\n<div style=\"font-family: Roboto, sans-serif\">\n<div style=\"font-family: Roboto, sans-serif\">\n<div style=\"font-family: Roboto, sans-serif\">\n<div style=\"text-align: center\">\n<div style=\"font-family: Roboto, sans-serif\">\n<div style=\"font-family: Roboto, sans-serif\">\n<div style=\"font-family: Roboto, sans-serif\">\n<div style=\"font-family: Roboto, sans-serif\">\n<div style=\"font-family: Roboto, sans-serif\">\n<div style=\"font-family: Roboto, sans-serif;text-align: left\">\n<hr>\n<h3 style=\"text-align: left\">Descri\u00e7\u00e3o do nosso saco de v\u00e1cuo conserva\u00e7\u00e3o em relevo 30 x 40 cm 100 \u00b5 por 100<\/h3>\n<p><!--more--><\/p>\n<p data-start=\"117\" data-end=\"725\">O nosso <strong>saco de v\u00e1cuo com relevo 30 x 40 cm<\/strong>, <strong>100 microns<\/strong> de espessura, \u00e9 perfeito para conservar alimentos. Gra\u00e7as \u00e0 sua textura em relevo, assegura uma selagem perfeita, facilitando a evacua\u00e7\u00e3o do ar e prolongando a frescura dos produtos. Conserva carnes, legumes e at\u00e9 refei\u00e7\u00f5es prontas, preservando o sabor e os nutrientes. O seu formato \u00e9 ideal para grandes por\u00e7\u00f5es e adapta-se facilmente \u00e0 maioria das m\u00e1quinas de embalamento a v\u00e1cuo. Pode ser utilizada em casa ou no local de trabalho e garante uma conserva\u00e7\u00e3o at\u00e9 cinco vezes mais longa.   <\/p>\n<p data-start=\"727\" data-end=\"1340\">Este <strong>saco de v\u00e1cuo<\/strong> \u00e9 resistente e pode suportar temperaturas extremas, como a congela\u00e7\u00e3o. A sua espessura <strong>de 100 m\u00edcrones<\/strong> proporciona uma barreira eficaz contra a humidade e o oxig\u00e9nio, evitando a forma\u00e7\u00e3o de cristais de gelo ou queimaduras de congela\u00e7\u00e3o. F\u00e1cil de armazenar, ocupa muito pouco espa\u00e7o na sua cozinha. Tire partido de uma gest\u00e3o optimizada das exist\u00eancias e reduza o desperd\u00edcio alimentar.  A sua qualidade profissional garante-lhe uma utiliza\u00e7\u00e3o duradoura. Em suma, este saco de v\u00e1cuo com relevo \u00e9 imprescind\u00edvel para quem quer combinar praticidade e efic\u00e1cia na conserva\u00e7\u00e3o dos alimentos. <\/p>\n<p data-start=\"727\" data-end=\"1340\">\n<\/div>\n<\/div>\n<\/div>\n<\/div>\n<\/div>\n<\/div>\n<\/div>\n<\/div>\n<\/div>\n<\/div>\n<p><!--more--><\/p>\n<p style=\"text-align: left\"><strong>As suas vantagens:<\/strong><\/p>\n<ul style=\"text-align: left\">\n<li><strong>Prolonga o prazo de validade<\/strong>: Prolonga o prazo de validade dos alimentos.<\/li>\n<li><strong>Textura em relevo<\/strong>: Facilita a evacua\u00e7\u00e3o do ar, garantindo uma \u00f3ptima estanquidade.<\/li>\n<li><strong>Versatilidade<\/strong>: Compat\u00edvel com a maioria das <span style=\"color: #d12727\"><a style=\"color: #d12727\" href=\"https:\/\/www.csj-emballages.com\/produit\/machine-sous-vide-semi-pro\/\">m\u00e1quinas de aspirar<\/a><\/span> e aspiradores profissionais.<\/li>\n<li><strong>Formato pr\u00e1tico<\/strong>: Ideal para grandes por\u00e7\u00f5es.<\/li>\n<li><strong>Seguro para alimentos<\/strong>: Materiais sem BPA que cumprem as normas alimentares.<\/li>\n<\/ul>\n<\/div>\n<div style=\"font-family: Roboto, sans-serif\"><\/div>\n<\/div>\n<\/div>\n<\/div>\n<\/div>\n<\/div>\n<p><!--more--><\/p>\n<h4>Outras informa\u00e7\u00f5es :<\/h4>\n<ul>\n<li><strong>Embalagem<\/strong>: Pacote de 100<\/li>\n<li><strong>Dimens\u00f5es<\/strong>: 30 x 40 cm<\/li>\n<li><strong>Sel\u00e1vel a quente<\/strong>: Sim<\/li>\n<li><strong>Tipo<\/strong>: Waffle<\/li>\n<li><strong>Retr\u00e1ctil<\/strong>: N\u00e3o<\/li>\n<li><strong>Resist\u00eancia<\/strong>: 100 microns<\/li>\n<li><strong>Soldadura<\/strong>: 3 lados \/ abertura a toda a largura<\/li>\n<li><strong>Temperatura de funcionamento<\/strong>: -20\u00b0C a + 70\u00b0C<\/li>\n<\/ul>\n<div class=\"elementor elementor-175 elementor-location-footer\" data-elementor-type=\"footer\" data-elementor-id=\"175\" data-elementor-post-type=\"elementor_library\">\n<div class=\"elementor-element elementor-element-d413b54 e-flex e-con-boxed e-con e-parent e-lazyloaded\" data-id=\"d413b54\" data-element_type=\"container\">\n<div class=\"e-con-inner\">\n<div class=\"elementor-element elementor-element-9493a3c elementor-widget elementor-widget-shortcode\" data-id=\"9493a3c\" data-element_type=\"widget\" data-widget_type=\"shortcode.default\">\n<div class=\"elementor-widget-container\"><\/div>\n<\/div>\n<\/div>\n<\/div>\n<\/div>\n<p><!--more--><\/p>\n<h4>Artigos relacionados:<\/h4>\n<p>La  <span style=\"color: #d12727\"><a style=\"color: #d12727\" href=\"https:\/\/www.csj-emballages.com\/produit\/machine-sous-vide-semi-pro\/\">m\u00e1quina de v\u00e1cuo semi-profissional (MSV)<\/a><\/span><\/p>\n<\/div>\n<\/div>\n<\/div>\n<\/div>\n<\/div>\n<\/div>\n<\/div>\n<\/div>\n<\/div>\n<\/div>\n<\/div>\n<\/div>\n<\/div>\n<\/div>\n<div style=\"font-family: Roboto, sans-serif\">\n<div style=\"font-family: Roboto, sans-serif\">\n<p>&nbsp;<\/p>\n<p style=\"text-align: left\"><!--more--><\/p>\n<p><a href=\"https:\/\/www.csj-emballages.com\/pt-pt\/categorie-produit\/embalagem-de-alimentos\/talho-e-charcutaria\/sacos-e-bolsas\/sacos-de-vacuo\/sacos-de-gofrados-de-vacuo\/\">V\u00ea o resto da nossa gama de sacos de v\u00e1cuo com relevo<\/a><\/p>\n<\/div>\n<\/div>\n<\/div>\n<\/div>\n<\/div>\n<\/div>\n<\/div>\n<\/div>\n","protected":false},"excerpt":{"rendered":"<p>Saco de v\u00e1cuo Descri\u00e7\u00e3o do nosso saco de v\u00e1cuo conserva\u00e7\u00e3o em relevo 30 x 40 cm 100 \u00b5 por 100<\/p>\n","protected":false},"featured_media":227296,"template":"","meta":{"_acf_changed":false},"product_brand":[],"product_cat":[1141,1176,1240,1632],"product_tag":[],"class_list":{"0":"post-18004","1":"product","2":"type-product","3":"status-publish","4":"has-post-thumbnail","6":"product_cat-embalagem-de-alimentos","7":"product_cat-talho-e-charcutaria","8":"product_cat-sacos-de-vacuo","9":"product_cat-sacos-de-gofrados-de-vacuo","11":"first","12":"instock","13":"taxable","14":"shipping-taxable","15":"purchasable","16":"product-type-simple"},"acf":[],"yoast_head":"<!-- This site is optimized with the Yoast SEO Premium plugin v26.6 (Yoast SEO v26.6) - https:\/\/yoast.com\/wordpress\/plugins\/seo\/ -->\n<title>Saco de v\u00e1cuo Conserva\u00e7\u00e3o em relevo 30 x 40 cm 100 \u00b5 por 100<\/title>\n<meta name=\"description\" content=\"Saco de v\u00e1cuo de conserva\u00e7\u00e3o em relevo 30 x 40 cm, 100 microns, para uma conserva\u00e7\u00e3o prolongada dos alimentos. Estanque e resistente ao congelamento.\" \/>\n<meta name=\"robots\" content=\"index, follow, max-snippet:-1, max-image-preview:large, max-video-preview:-1\" \/>\n<link rel=\"canonical\" href=\"https:\/\/www.csj-emballages.com\/pt-pt\/produit\/100-sacos-de-vacuo-de-conservacao-em-relevo-30-x-40-cm-100-%c2%b5\/\" \/>\n<meta property=\"og:locale\" content=\"pt_PT\" \/>\n<meta property=\"og:type\" content=\"article\" \/>\n<meta property=\"og:title\" content=\"Conserva\u00e7\u00e3o do saco de v\u00e1cuo com relevo 30 x 40 cm 100 \u00b5 por 100\" \/>\n<meta property=\"og:description\" content=\"Saco de v\u00e1cuo de conserva\u00e7\u00e3o em relevo 30 x 40 cm, 100 microns, para uma conserva\u00e7\u00e3o prolongada dos alimentos. Estanque e resistente ao congelamento.\" \/>\n<meta property=\"og:url\" content=\"https:\/\/www.csj-emballages.com\/pt-pt\/produit\/100-sacos-de-vacuo-de-conservacao-em-relevo-30-x-40-cm-100-%c2%b5\/\" \/>\n<meta property=\"og:site_name\" content=\"CSJ Emballages\" \/>\n<meta property=\"article:publisher\" content=\"https:\/\/www.facebook.com\/csjemballages\" \/>\n<meta property=\"article:modified_time\" content=\"2026-04-16T15:01:20+00:00\" \/>\n<meta property=\"og:image\" content=\"https:\/\/www.csj-emballages.com\/wp-content\/uploads\/2024\/03\/sac-sous-vide-gaufre.webp\" \/>\n\t<meta property=\"og:image:width\" content=\"800\" \/>\n\t<meta property=\"og:image:height\" content=\"800\" \/>\n\t<meta property=\"og:image:type\" content=\"image\/webp\" \/>\n<meta name=\"twitter:card\" content=\"summary_large_image\" \/>\n<meta name=\"twitter:label1\" content=\"Tempo estimado de leitura\" \/>\n\t<meta name=\"twitter:data1\" content=\"2 minutos\" \/>\n<script type=\"application\/ld+json\" class=\"yoast-schema-graph\">{\"@context\":\"https:\/\/schema.org\",\"@graph\":[{\"@type\":\"WebPage\",\"@id\":\"https:\/\/www.csj-emballages.com\/pt-pt\/produit\/100-sacos-de-vacuo-de-conservacao-em-relevo-30-x-40-cm-100-%c2%b5\/\",\"url\":\"https:\/\/www.csj-emballages.com\/pt-pt\/produit\/100-sacos-de-vacuo-de-conservacao-em-relevo-30-x-40-cm-100-%c2%b5\/\",\"name\":\"Saco de v\u00e1cuo Conserva\u00e7\u00e3o em relevo 30 x 40 cm 100 \u00b5 por 100\",\"isPartOf\":{\"@id\":\"https:\/\/www.csj-emballages.com\/pt-pt\/#website\"},\"primaryImageOfPage\":{\"@id\":\"https:\/\/www.csj-emballages.com\/pt-pt\/produit\/100-sacos-de-vacuo-de-conservacao-em-relevo-30-x-40-cm-100-%c2%b5\/#primaryimage\"},\"image\":{\"@id\":\"https:\/\/www.csj-emballages.com\/pt-pt\/produit\/100-sacos-de-vacuo-de-conservacao-em-relevo-30-x-40-cm-100-%c2%b5\/#primaryimage\"},\"thumbnailUrl\":\"https:\/\/www.csj-emballages.com\/wp-content\/uploads\/2024\/03\/sac-sous-vide-gaufre.webp\",\"datePublished\":\"2024-03-01T15:47:47+00:00\",\"dateModified\":\"2026-04-16T15:01:20+00:00\",\"description\":\"Saco de v\u00e1cuo de conserva\u00e7\u00e3o em relevo 30 x 40 cm, 100 microns, para uma conserva\u00e7\u00e3o prolongada dos alimentos. Estanque e resistente ao congelamento.\",\"breadcrumb\":{\"@id\":\"https:\/\/www.csj-emballages.com\/pt-pt\/produit\/100-sacos-de-vacuo-de-conservacao-em-relevo-30-x-40-cm-100-%c2%b5\/#breadcrumb\"},\"inLanguage\":\"pt-PT\",\"potentialAction\":[{\"@type\":\"ReadAction\",\"target\":[\"https:\/\/www.csj-emballages.com\/pt-pt\/produit\/100-sacos-de-vacuo-de-conservacao-em-relevo-30-x-40-cm-100-%c2%b5\/\"]}]},{\"@type\":\"ImageObject\",\"inLanguage\":\"pt-PT\",\"@id\":\"https:\/\/www.csj-emballages.com\/pt-pt\/produit\/100-sacos-de-vacuo-de-conservacao-em-relevo-30-x-40-cm-100-%c2%b5\/#primaryimage\",\"url\":\"https:\/\/www.csj-emballages.com\/wp-content\/uploads\/2024\/03\/sac-sous-vide-gaufre.webp\",\"contentUrl\":\"https:\/\/www.csj-emballages.com\/wp-content\/uploads\/2024\/03\/sac-sous-vide-gaufre.webp\",\"width\":800,\"height\":800,\"caption\":\"Sac sous vide\"},{\"@type\":\"BreadcrumbList\",\"@id\":\"https:\/\/www.csj-emballages.com\/pt-pt\/produit\/100-sacos-de-vacuo-de-conservacao-em-relevo-30-x-40-cm-100-%c2%b5\/#breadcrumb\",\"itemListElement\":[{\"@type\":\"ListItem\",\"position\":1,\"name\":\"Acolhimento\",\"item\":\"https:\/\/www.csj-emballages.com\/pt-pt\/universo-das-embalagens-alimentares\/\"},{\"@type\":\"ListItem\",\"position\":2,\"name\":\"Shop\",\"item\":\"https:\/\/www.csj-emballages.com\/shop\/\"},{\"@type\":\"ListItem\",\"position\":3,\"name\":\"Conserva\u00e7\u00e3o do saco de v\u00e1cuo com relevo 30 x 40 cm 100 \u00b5 por 100\"}]},{\"@type\":\"WebSite\",\"@id\":\"https:\/\/www.csj-emballages.com\/pt-pt\/#website\",\"url\":\"https:\/\/www.csj-emballages.com\/pt-pt\/\",\"name\":\"CSJ Emballages\",\"description\":\"\",\"publisher\":{\"@id\":\"https:\/\/www.csj-emballages.com\/pt-pt\/#organization\"},\"potentialAction\":[{\"@type\":\"SearchAction\",\"target\":{\"@type\":\"EntryPoint\",\"urlTemplate\":\"https:\/\/www.csj-emballages.com\/pt-pt\/?s={search_term_string}\"},\"query-input\":{\"@type\":\"PropertyValueSpecification\",\"valueRequired\":true,\"valueName\":\"search_term_string\"}}],\"inLanguage\":\"pt-PT\"},{\"@type\":\"Organization\",\"@id\":\"https:\/\/www.csj-emballages.com\/pt-pt\/#Organization\/\",\"name\":\"CSJ Emballages\",\"url\":\"https:\/\/www.csj-emballages.com\/pt-pt\/\",\"logo\":{\"@type\":\"ImageObject\",\"inLanguage\":\"pt-PT\",\"@id\":\"https:\/\/www.csj-emballages.com\/pt-pt\/#\/schema\/logo\/image\/\",\"url\":\"https:\/\/www.csj-emballages.com\/wp-content\/uploads\/2023\/10\/logo_csj.webp\",\"contentUrl\":\"https:\/\/www.csj-emballages.com\/wp-content\/uploads\/2023\/10\/logo_csj.webp\",\"width\":250,\"height\":95,\"caption\":\"CSJ Emballages\"},\"image\":{\"@id\":\"https:\/\/www.csj-emballages.com\/pt-pt\/#\/schema\/logo\/image\/\"},\"sameAs\":[\"https:\/\/www.facebook.com\/csjemballages\"],\"address\":{\"@type\":\"PostalAddress\",\"streetAddress\":\"ZI La Lechere\",\"addressLocality\":\"Patornay\",\"postalCode\":\"39130\",\"addressCountry\":\"FR\"},\"contactPoint\":[{\"@type\":\"ContactPoint\",\"contactType\":\"Service client\",\"telephone\":\"0384254272\",\"email\":\"contact@csj-emballages.com\"}]}]}<\/script>\n<!-- \/ Yoast SEO Premium plugin. -->","yoast_head_json":{"title":"Saco de v\u00e1cuo Conserva\u00e7\u00e3o em relevo 30 x 40 cm 100 \u00b5 por 100","description":"Saco de v\u00e1cuo de conserva\u00e7\u00e3o em relevo 30 x 40 cm, 100 microns, para uma conserva\u00e7\u00e3o prolongada dos alimentos. Estanque e resistente ao congelamento.","robots":{"index":"index","follow":"follow","max-snippet":"max-snippet:-1","max-image-preview":"max-image-preview:large","max-video-preview":"max-video-preview:-1"},"canonical":"https:\/\/www.csj-emballages.com\/pt-pt\/produit\/100-sacos-de-vacuo-de-conservacao-em-relevo-30-x-40-cm-100-%c2%b5\/","og_locale":"pt_PT","og_type":"article","og_title":"Conserva\u00e7\u00e3o do saco de v\u00e1cuo com relevo 30 x 40 cm 100 \u00b5 por 100","og_description":"Saco de v\u00e1cuo de conserva\u00e7\u00e3o em relevo 30 x 40 cm, 100 microns, para uma conserva\u00e7\u00e3o prolongada dos alimentos. Estanque e resistente ao congelamento.","og_url":"https:\/\/www.csj-emballages.com\/pt-pt\/produit\/100-sacos-de-vacuo-de-conservacao-em-relevo-30-x-40-cm-100-%c2%b5\/","og_site_name":"CSJ Emballages","article_publisher":"https:\/\/www.facebook.com\/csjemballages","article_modified_time":"2026-04-16T15:01:20+00:00","og_image":[{"width":800,"height":800,"url":"https:\/\/www.csj-emballages.com\/wp-content\/uploads\/2024\/03\/sac-sous-vide-gaufre.webp","type":"image\/webp"}],"twitter_card":"summary_large_image","twitter_misc":{"Tempo estimado de leitura":"2 minutos"},"schema":{"@context":"https:\/\/schema.org","@graph":[{"@type":"WebPage","@id":"https:\/\/www.csj-emballages.com\/pt-pt\/produit\/100-sacos-de-vacuo-de-conservacao-em-relevo-30-x-40-cm-100-%c2%b5\/","url":"https:\/\/www.csj-emballages.com\/pt-pt\/produit\/100-sacos-de-vacuo-de-conservacao-em-relevo-30-x-40-cm-100-%c2%b5\/","name":"Saco de v\u00e1cuo Conserva\u00e7\u00e3o em relevo 30 x 40 cm 100 \u00b5 por 100","isPartOf":{"@id":"https:\/\/www.csj-emballages.com\/pt-pt\/#website"},"primaryImageOfPage":{"@id":"https:\/\/www.csj-emballages.com\/pt-pt\/produit\/100-sacos-de-vacuo-de-conservacao-em-relevo-30-x-40-cm-100-%c2%b5\/#primaryimage"},"image":{"@id":"https:\/\/www.csj-emballages.com\/pt-pt\/produit\/100-sacos-de-vacuo-de-conservacao-em-relevo-30-x-40-cm-100-%c2%b5\/#primaryimage"},"thumbnailUrl":"https:\/\/www.csj-emballages.com\/wp-content\/uploads\/2024\/03\/sac-sous-vide-gaufre.webp","datePublished":"2024-03-01T15:47:47+00:00","dateModified":"2026-04-16T15:01:20+00:00","description":"Saco de v\u00e1cuo de conserva\u00e7\u00e3o em relevo 30 x 40 cm, 100 microns, para uma conserva\u00e7\u00e3o prolongada dos alimentos. Estanque e resistente ao congelamento.","breadcrumb":{"@id":"https:\/\/www.csj-emballages.com\/pt-pt\/produit\/100-sacos-de-vacuo-de-conservacao-em-relevo-30-x-40-cm-100-%c2%b5\/#breadcrumb"},"inLanguage":"pt-PT","potentialAction":[{"@type":"ReadAction","target":["https:\/\/www.csj-emballages.com\/pt-pt\/produit\/100-sacos-de-vacuo-de-conservacao-em-relevo-30-x-40-cm-100-%c2%b5\/"]}]},{"@type":"ImageObject","inLanguage":"pt-PT","@id":"https:\/\/www.csj-emballages.com\/pt-pt\/produit\/100-sacos-de-vacuo-de-conservacao-em-relevo-30-x-40-cm-100-%c2%b5\/#primaryimage","url":"https:\/\/www.csj-emballages.com\/wp-content\/uploads\/2024\/03\/sac-sous-vide-gaufre.webp","contentUrl":"https:\/\/www.csj-emballages.com\/wp-content\/uploads\/2024\/03\/sac-sous-vide-gaufre.webp","width":800,"height":800,"caption":"Sac sous vide"},{"@type":"BreadcrumbList","@id":"https:\/\/www.csj-emballages.com\/pt-pt\/produit\/100-sacos-de-vacuo-de-conservacao-em-relevo-30-x-40-cm-100-%c2%b5\/#breadcrumb","itemListElement":[{"@type":"ListItem","position":1,"name":"Acolhimento","item":"https:\/\/www.csj-emballages.com\/pt-pt\/universo-das-embalagens-alimentares\/"},{"@type":"ListItem","position":2,"name":"Shop","item":"https:\/\/www.csj-emballages.com\/shop\/"},{"@type":"ListItem","position":3,"name":"Conserva\u00e7\u00e3o do saco de v\u00e1cuo com relevo 30 x 40 cm 100 \u00b5 por 100"}]},{"@type":"WebSite","@id":"https:\/\/www.csj-emballages.com\/pt-pt\/#website","url":"https:\/\/www.csj-emballages.com\/pt-pt\/","name":"CSJ Emballages","description":"","publisher":{"@id":"https:\/\/www.csj-emballages.com\/pt-pt\/#organization"},"potentialAction":[{"@type":"SearchAction","target":{"@type":"EntryPoint","urlTemplate":"https:\/\/www.csj-emballages.com\/pt-pt\/?s={search_term_string}"},"query-input":{"@type":"PropertyValueSpecification","valueRequired":true,"valueName":"search_term_string"}}],"inLanguage":"pt-PT"},{"@type":"Organization","@id":"https:\/\/www.csj-emballages.com\/pt-pt\/#Organization\/","name":"CSJ Emballages","url":"https:\/\/www.csj-emballages.com\/pt-pt\/","logo":{"@type":"ImageObject","inLanguage":"pt-PT","@id":"https:\/\/www.csj-emballages.com\/pt-pt\/#\/schema\/logo\/image\/","url":"https:\/\/www.csj-emballages.com\/wp-content\/uploads\/2023\/10\/logo_csj.webp","contentUrl":"https:\/\/www.csj-emballages.com\/wp-content\/uploads\/2023\/10\/logo_csj.webp","width":250,"height":95,"caption":"CSJ Emballages"},"image":{"@id":"https:\/\/www.csj-emballages.com\/pt-pt\/#\/schema\/logo\/image\/"},"sameAs":["https:\/\/www.facebook.com\/csjemballages"],"address":{"@type":"PostalAddress","streetAddress":"ZI La Lechere","addressLocality":"Patornay","postalCode":"39130","addressCountry":"FR"},"contactPoint":[{"@type":"ContactPoint","contactType":"Service client","telephone":"0384254272","email":"contact@csj-emballages.com"}]}]}},"df_price":23.2,"df_sale_price":"","df_regular_price":23.2,"df_image_link":"https:\/\/www.csj-emballages.com\/wp-content\/uploads\/2024\/03\/sac-sous-vide-gaufre-300x300.webp","tiered_pricing_type":"fixed","tiered_pricing_fixed_rules":[],"tiered_pricing_percentage_rules":[],"tiered_pricing_minimum":1,"tiered_pricing_roles_data":[],"_links":{"self":[{"href":"https:\/\/www.csj-emballages.com\/pt-pt\/wp-json\/wp\/v2\/product\/18004","targetHints":{"allow":["GET"]}}],"collection":[{"href":"https:\/\/www.csj-emballages.com\/pt-pt\/wp-json\/wp\/v2\/product"}],"about":[{"href":"https:\/\/www.csj-emballages.com\/pt-pt\/wp-json\/wp\/v2\/types\/product"}],"wp:featuredmedia":[{"embeddable":true,"href":"https:\/\/www.csj-emballages.com\/pt-pt\/wp-json\/wp\/v2\/media\/227296"}],"wp:attachment":[{"href":"https:\/\/www.csj-emballages.com\/pt-pt\/wp-json\/wp\/v2\/media?parent=18004"}],"wp:term":[{"taxonomy":"product_brand","embeddable":true,"href":"https:\/\/www.csj-emballages.com\/pt-pt\/wp-json\/wp\/v2\/product_brand?post=18004"},{"taxonomy":"product_cat","embeddable":true,"href":"https:\/\/www.csj-emballages.com\/pt-pt\/wp-json\/wp\/v2\/product_cat?post=18004"},{"taxonomy":"product_tag","embeddable":true,"href":"https:\/\/www.csj-emballages.com\/pt-pt\/wp-json\/wp\/v2\/product_tag?post=18004"}],"curies":[{"name":"wp","href":"https:\/\/api.w.org\/{rel}","templated":true}]}}