{"id":17991,"date":"2024-03-01T16:47:47","date_gmt":"2024-03-01T15:47:47","guid":{"rendered":"https:\/\/u15jnbdpoq.preview.infomaniak.website\/produit\/2-rolos-de-sacos-de-vacuo-de-conservacao-em-relevo-022-x-6-m-90-%c2%b5\/"},"modified":"2026-04-03T02:21:48","modified_gmt":"2026-04-03T00:21:48","slug":"2-rolos-de-sacos-de-vacuo-de-conservacao-em-relevo-022-x-6-m-90-%c2%b5","status":"publish","type":"product","link":"https:\/\/www.csj-emballages.com\/pt-pt\/produit\/2-rolos-de-sacos-de-vacuo-de-conservacao-em-relevo-022-x-6-m-90-%c2%b5\/","title":{"rendered":"2 rolos de sacos de v\u00e1cuo de conserva\u00e7\u00e3o em relevo 0,22 x 6 m 90 \u00b5"},"content":{"rendered":"<div style=\"box-sizing: inherit; font-family: Roboto, sans-serif;\">\n<div style=\"box-sizing: inherit; font-family: Roboto, sans-serif;\">\n<div style=\"box-sizing: inherit; font-family: Roboto, sans-serif;\">\n<div style=\"box-sizing: inherit; font-family: Roboto, sans-serif;\">\n<div style=\"box-sizing: inherit; font-family: Roboto, sans-serif;\">\n<div style=\"box-sizing: inherit; font-family: Roboto, sans-serif;\">\n<div style=\"box-sizing: inherit; font-family: Roboto, sans-serif;\">\n<div style=\"box-sizing: inherit; font-family: Roboto, sans-serif;\">\n<div style=\"box-sizing: inherit; font-family: Roboto, sans-serif;\">\n<div style=\"box-sizing: inherit; font-family: Roboto, sans-serif;\">\n<div style=\"box-sizing: inherit; font-family: Roboto, sans-serif;\">\n<div style=\"box-sizing: inherit; font-family: Roboto, sans-serif;\">\n<h2><strong style=\"font-family: Roboto, sans-serif;\">Rolos de sacos de v\u00e1cuo<br \/>\n<\/strong><\/h2>\n<div style=\"box-sizing: inherit; font-family: Roboto, sans-serif;\">\n<div style=\"box-sizing: inherit; font-family: Roboto, sans-serif;\">\n<div style=\"box-sizing: inherit; font-family: Roboto, sans-serif;\">\n<div style=\"text-align: center;\">\n<div style=\"box-sizing: inherit; font-family: Roboto, sans-serif;\">\n<div style=\"box-sizing: inherit; font-family: Roboto, sans-serif;\">\n<div style=\"box-sizing: inherit; font-family: Roboto, sans-serif;\">\n<div style=\"box-sizing: inherit; font-family: Roboto, sans-serif;\">\n<div style=\"box-sizing: inherit; font-family: Roboto, sans-serif;\">\n<div style=\"box-sizing: inherit; font-family: Roboto, sans-serif; text-align: left;\">\n<hr>\n<h3 style=\"text-align: left;\">Descri\u00e7\u00e3o dos nossos rolos de sacos de v\u00e1cuo de conserva\u00e7\u00e3o em relevo 0,22 x 6 m 90 \u00b5 &#8211; por 2<\/h3>\n<p><!--more--><\/p>\n<p>Descubra os nossos <strong>rolos<\/strong> de <strong>sacos de v\u00e1cuo<\/strong> <strong>com relevo<\/strong>, especialmente concebidos para conservar os seus alimentos. Com uma dimens\u00e3o de <strong>0,22&#215;6 m<\/strong>, oferecem o comprimento ideal para as suas necessidades de conserva\u00e7\u00e3o. Fabricados com uma espessura de <strong>90\u00b5<\/strong>, estes <strong>sacos<\/strong> garantem uma prote\u00e7\u00e3o \u00f3ptima. Gra\u00e7as \u00e0 sua estrutura em relevo, permitem uma melhor circula\u00e7\u00e3o do ar. Assim, os seus alimentos mant\u00eam-se frescos e saborosos durante mais tempo. Al\u00e9m disso, estes <strong>sacos<\/strong> s\u00e3o adequados para utiliza\u00e7\u00e3o em todas as m\u00e1quinas de embalamento a v\u00e1cuo.     <\/p>\n<p>Utilize-os para carne, legumes, fruta e at\u00e9 para refei\u00e7\u00f5es prontas. Al\u00e9m disso, o seu formato pr\u00e1tico permite-lhe cort\u00e1-los facilmente de acordo com as suas necessidades. N\u00e3o se preocupe com as bact\u00e9rias, estes <strong>sacos<\/strong> bloqueiam a humidade e o oxig\u00e9nio. Al\u00e9m disso, o seu design resistente significa que se conservar\u00e3o durante mais tempo. Com os nossos rolos, pode maximizar o espa\u00e7o no seu congelador. Al\u00e9m disso, s\u00e3o f\u00e1ceis de manusear e selar. Assim, preparar as suas refei\u00e7\u00f5es \u00e9 uma brincadeira de crian\u00e7as. Em suma, estes <strong>rolos<\/strong> de <strong>sacos de v\u00e1cuo<\/strong> <strong>em relevo<\/strong> s\u00e3o o aliado perfeito para uma conserva\u00e7\u00e3o \u00f3ptima. Escolha qualidade para os seus alimentos. Desfrute de uma frescura inigual\u00e1vel em cada utiliza\u00e7\u00e3o. N\u00e3o perca esta oportunidade de melhorar a sua conserva\u00e7\u00e3o dos alimentos!          <\/p>\n<p>&nbsp;<\/p>\n<\/div>\n<\/div>\n<\/div>\n<\/div>\n<\/div>\n<\/div>\n<\/div>\n<\/div>\n<\/div>\n<\/div>\n<p><!--more--><\/p>\n<p style=\"text-align: left;\"><strong>As vantagens dos nossos rolos de sacos de v\u00e1cuo em relevo:<\/strong><\/p>\n<ul style=\"text-align: left;\">\n<li><strong>Comprimento personaliz\u00e1vel<\/strong>: Com 6 m, pode cortar os <strong>rolos<\/strong> no comprimento desejado para se adaptar \u00e0s suas necessidades de armazenamento.<\/li>\n<li><strong>Poupan\u00e7a de espa\u00e7o<\/strong>: Ao eliminar o ar, estes <strong>sacos<\/strong> poupam espa\u00e7o no congelador ou no frigor\u00edfico.<\/li>\n<li><strong>Reduzir o desperd\u00edcio alimentar<\/strong>: Ao manter os alimentos frescos durante mais tempo, ajudam a reduzir o desperd\u00edcio alimentar.<\/li>\n<li><strong>Versatilidade<\/strong>: Perfeito para uma variedade de alimentos, desde carne a vegetais e refei\u00e7\u00f5es prontas.<\/li>\n<\/ul>\n<\/div>\n<div style=\"box-sizing: inherit; font-family: Roboto, sans-serif;\"><\/div>\n<\/div>\n<\/div>\n<\/div>\n<\/div>\n<\/div>\n<p><!--more--><\/p>\n<h4>Mais informa\u00e7\u00f5es:<\/h4>\n<ul>\n<li>Sel\u00e1vel a quente: Sim<\/li>\n<li>Retr\u00e1ctil: N\u00e3o<\/li>\n<\/ul>\n<p>&nbsp;<\/p>\n<p style=\"text-align: left;\"><!--more--><\/p>\n<p><a href=\"https:\/\/www.csj-emballages.com\/pt-pt\/categorie-produit\/embalagem-de-alimentos\/talho-e-charcutaria\/sacos-e-bolsas\/sacos-de-vacuo\/sacos-de-vacuo-em-rolo-com-relevo\/\">Ver o resto da nossa gama de rolos de sacos de v\u00e1cuo em relevo<\/a><\/p>\n<\/div>\n<\/div>\n<\/div>\n<\/div>\n<\/div>\n<\/div>\n","protected":false},"excerpt":{"rendered":"<p>Rolos de sacos de v\u00e1cuo Descri\u00e7\u00e3o dos nossos rolos de sacos de v\u00e1cuo de conserva\u00e7\u00e3o em relevo 0,22 x 6 m 90 \u00b5 &#8211; por 2<\/p>\n","protected":false},"featured_media":12312,"template":"","meta":{"_acf_changed":false},"product_brand":[],"product_cat":[1141,1176,1240,1612],"product_tag":[],"class_list":{"0":"post-17991","1":"product","2":"type-product","3":"status-publish","4":"has-post-thumbnail","6":"product_cat-embalagem-de-alimentos","7":"product_cat-talho-e-charcutaria","8":"product_cat-sacos-de-vacuo","9":"product_cat-sacos-de-vacuo-em-rolo-com-relevo","11":"first","12":"outofstock","13":"taxable","14":"shipping-taxable","15":"purchasable","16":"product-type-simple"},"acf":[],"yoast_head":"<!-- This site is optimized with the Yoast SEO Premium plugin v26.6 (Yoast SEO v26.6) - https:\/\/yoast.com\/wordpress\/plugins\/seo\/ -->\n<title>Rolos de sacos de v\u00e1cuo com relevo 22x600 cm 90\u00b5<\/title>\n<meta name=\"description\" content=\"Descubra os nossos Rolos de sacos de v\u00e1cuo em relevo 0,22x6 m 90 \u00b5. Conserve os seus alimentos frescos durante mais tempo e reduza o desperd\u00edcio alimentar!\" \/>\n<meta name=\"robots\" content=\"index, follow, max-snippet:-1, max-image-preview:large, max-video-preview:-1\" \/>\n<link rel=\"canonical\" href=\"https:\/\/www.csj-emballages.com\/pt-pt\/produit\/2-rolos-de-sacos-de-vacuo-de-conservacao-em-relevo-022-x-6-m-90-%c2%b5\/\" \/>\n<meta property=\"og:locale\" content=\"pt_PT\" \/>\n<meta property=\"og:type\" content=\"article\" \/>\n<meta property=\"og:title\" content=\"2 rolos de sacos de v\u00e1cuo de conserva\u00e7\u00e3o em relevo 0,22 x 6 m 90 \u00b5\" \/>\n<meta property=\"og:description\" content=\"Descubra os nossos Rolos de sacos de v\u00e1cuo em relevo 0,22x6 m 90 \u00b5. Conserve os seus alimentos frescos durante mais tempo e reduza o desperd\u00edcio alimentar!\" \/>\n<meta property=\"og:url\" content=\"https:\/\/www.csj-emballages.com\/pt-pt\/produit\/2-rolos-de-sacos-de-vacuo-de-conservacao-em-relevo-022-x-6-m-90-%c2%b5\/\" \/>\n<meta property=\"og:site_name\" content=\"CSJ Emballages\" \/>\n<meta property=\"article:publisher\" content=\"https:\/\/www.facebook.com\/csjemballages\" \/>\n<meta property=\"article:modified_time\" content=\"2026-04-03T00:21:48+00:00\" \/>\n<meta property=\"og:image\" content=\"https:\/\/www.csj-emballages.com\/wp-content\/uploads\/2024\/03\/ItemSVIDEGAUF22600.png\" \/>\n\t<meta property=\"og:image:width\" content=\"300\" \/>\n\t<meta property=\"og:image:height\" content=\"300\" \/>\n\t<meta property=\"og:image:type\" content=\"image\/png\" \/>\n<meta name=\"twitter:card\" content=\"summary_large_image\" \/>\n<meta name=\"twitter:label1\" content=\"Tempo estimado de leitura\" \/>\n\t<meta name=\"twitter:data1\" content=\"2 minutos\" \/>\n<script type=\"application\/ld+json\" class=\"yoast-schema-graph\">{\"@context\":\"https:\/\/schema.org\",\"@graph\":[{\"@type\":\"WebPage\",\"@id\":\"https:\/\/www.csj-emballages.com\/pt-pt\/produit\/2-rolos-de-sacos-de-vacuo-de-conservacao-em-relevo-022-x-6-m-90-%c2%b5\/\",\"url\":\"https:\/\/www.csj-emballages.com\/pt-pt\/produit\/2-rolos-de-sacos-de-vacuo-de-conservacao-em-relevo-022-x-6-m-90-%c2%b5\/\",\"name\":\"Rolos de sacos de v\u00e1cuo com relevo 22x600 cm 90\u00b5\",\"isPartOf\":{\"@id\":\"https:\/\/www.csj-emballages.com\/pt-pt\/#website\"},\"primaryImageOfPage\":{\"@id\":\"https:\/\/www.csj-emballages.com\/pt-pt\/produit\/2-rolos-de-sacos-de-vacuo-de-conservacao-em-relevo-022-x-6-m-90-%c2%b5\/#primaryimage\"},\"image\":{\"@id\":\"https:\/\/www.csj-emballages.com\/pt-pt\/produit\/2-rolos-de-sacos-de-vacuo-de-conservacao-em-relevo-022-x-6-m-90-%c2%b5\/#primaryimage\"},\"thumbnailUrl\":\"https:\/\/www.csj-emballages.com\/wp-content\/uploads\/2024\/03\/ItemSVIDEGAUF22600.png\",\"datePublished\":\"2024-03-01T15:47:47+00:00\",\"dateModified\":\"2026-04-03T00:21:48+00:00\",\"description\":\"Descubra os nossos Rolos de sacos de v\u00e1cuo em relevo 0,22x6 m 90 \u00b5. Conserve os seus alimentos frescos durante mais tempo e reduza o desperd\u00edcio alimentar!\",\"breadcrumb\":{\"@id\":\"https:\/\/www.csj-emballages.com\/pt-pt\/produit\/2-rolos-de-sacos-de-vacuo-de-conservacao-em-relevo-022-x-6-m-90-%c2%b5\/#breadcrumb\"},\"inLanguage\":\"pt-PT\",\"potentialAction\":[{\"@type\":\"ReadAction\",\"target\":[\"https:\/\/www.csj-emballages.com\/pt-pt\/produit\/2-rolos-de-sacos-de-vacuo-de-conservacao-em-relevo-022-x-6-m-90-%c2%b5\/\"]}]},{\"@type\":\"ImageObject\",\"inLanguage\":\"pt-PT\",\"@id\":\"https:\/\/www.csj-emballages.com\/pt-pt\/produit\/2-rolos-de-sacos-de-vacuo-de-conservacao-em-relevo-022-x-6-m-90-%c2%b5\/#primaryimage\",\"url\":\"https:\/\/www.csj-emballages.com\/wp-content\/uploads\/2024\/03\/ItemSVIDEGAUF22600.png\",\"contentUrl\":\"https:\/\/www.csj-emballages.com\/wp-content\/uploads\/2024\/03\/ItemSVIDEGAUF22600.png\",\"width\":300,\"height\":300,\"caption\":\"Rouleaux sacs sous vide gaufr\u00e9s\"},{\"@type\":\"BreadcrumbList\",\"@id\":\"https:\/\/www.csj-emballages.com\/pt-pt\/produit\/2-rolos-de-sacos-de-vacuo-de-conservacao-em-relevo-022-x-6-m-90-%c2%b5\/#breadcrumb\",\"itemListElement\":[{\"@type\":\"ListItem\",\"position\":1,\"name\":\"Acolhimento\",\"item\":\"https:\/\/www.csj-emballages.com\/pt-pt\/universo-das-embalagens-alimentares\/\"},{\"@type\":\"ListItem\",\"position\":2,\"name\":\"Shop\",\"item\":\"https:\/\/www.csj-emballages.com\/shop\/\"},{\"@type\":\"ListItem\",\"position\":3,\"name\":\"2 rolos de sacos de v\u00e1cuo de conserva\u00e7\u00e3o em relevo 0,22 x 6 m 90 \u00b5\"}]},{\"@type\":\"WebSite\",\"@id\":\"https:\/\/www.csj-emballages.com\/pt-pt\/#website\",\"url\":\"https:\/\/www.csj-emballages.com\/pt-pt\/\",\"name\":\"CSJ Emballages\",\"description\":\"\",\"publisher\":{\"@id\":\"https:\/\/www.csj-emballages.com\/pt-pt\/#organization\"},\"potentialAction\":[{\"@type\":\"SearchAction\",\"target\":{\"@type\":\"EntryPoint\",\"urlTemplate\":\"https:\/\/www.csj-emballages.com\/pt-pt\/?s={search_term_string}\"},\"query-input\":{\"@type\":\"PropertyValueSpecification\",\"valueRequired\":true,\"valueName\":\"search_term_string\"}}],\"inLanguage\":\"pt-PT\"},{\"@type\":\"Organization\",\"@id\":\"https:\/\/www.csj-emballages.com\/pt-pt\/#Organization\/\",\"name\":\"CSJ Emballages\",\"url\":\"https:\/\/www.csj-emballages.com\/pt-pt\/\",\"logo\":{\"@type\":\"ImageObject\",\"inLanguage\":\"pt-PT\",\"@id\":\"https:\/\/www.csj-emballages.com\/pt-pt\/#\/schema\/logo\/image\/\",\"url\":\"https:\/\/www.csj-emballages.com\/wp-content\/uploads\/2023\/10\/logo_csj.webp\",\"contentUrl\":\"https:\/\/www.csj-emballages.com\/wp-content\/uploads\/2023\/10\/logo_csj.webp\",\"width\":250,\"height\":95,\"caption\":\"CSJ Emballages\"},\"image\":{\"@id\":\"https:\/\/www.csj-emballages.com\/pt-pt\/#\/schema\/logo\/image\/\"},\"sameAs\":[\"https:\/\/www.facebook.com\/csjemballages\"],\"address\":{\"@type\":\"PostalAddress\",\"streetAddress\":\"ZI La Lechere\",\"addressLocality\":\"Patornay\",\"postalCode\":\"39130\",\"addressCountry\":\"FR\"},\"contactPoint\":[{\"@type\":\"ContactPoint\",\"contactType\":\"Service client\",\"telephone\":\"0384254272\",\"email\":\"contact@csj-emballages.com\"}]}]}<\/script>\n<!-- \/ Yoast SEO Premium plugin. -->","yoast_head_json":{"title":"Rolos de sacos de v\u00e1cuo com relevo 22x600 cm 90\u00b5","description":"Descubra os nossos Rolos de sacos de v\u00e1cuo em relevo 0,22x6 m 90 \u00b5. Conserve os seus alimentos frescos durante mais tempo e reduza o desperd\u00edcio alimentar!","robots":{"index":"index","follow":"follow","max-snippet":"max-snippet:-1","max-image-preview":"max-image-preview:large","max-video-preview":"max-video-preview:-1"},"canonical":"https:\/\/www.csj-emballages.com\/pt-pt\/produit\/2-rolos-de-sacos-de-vacuo-de-conservacao-em-relevo-022-x-6-m-90-%c2%b5\/","og_locale":"pt_PT","og_type":"article","og_title":"2 rolos de sacos de v\u00e1cuo de conserva\u00e7\u00e3o em relevo 0,22 x 6 m 90 \u00b5","og_description":"Descubra os nossos Rolos de sacos de v\u00e1cuo em relevo 0,22x6 m 90 \u00b5. Conserve os seus alimentos frescos durante mais tempo e reduza o desperd\u00edcio alimentar!","og_url":"https:\/\/www.csj-emballages.com\/pt-pt\/produit\/2-rolos-de-sacos-de-vacuo-de-conservacao-em-relevo-022-x-6-m-90-%c2%b5\/","og_site_name":"CSJ Emballages","article_publisher":"https:\/\/www.facebook.com\/csjemballages","article_modified_time":"2026-04-03T00:21:48+00:00","og_image":[{"width":300,"height":300,"url":"https:\/\/www.csj-emballages.com\/wp-content\/uploads\/2024\/03\/ItemSVIDEGAUF22600.png","type":"image\/png"}],"twitter_card":"summary_large_image","twitter_misc":{"Tempo estimado de leitura":"2 minutos"},"schema":{"@context":"https:\/\/schema.org","@graph":[{"@type":"WebPage","@id":"https:\/\/www.csj-emballages.com\/pt-pt\/produit\/2-rolos-de-sacos-de-vacuo-de-conservacao-em-relevo-022-x-6-m-90-%c2%b5\/","url":"https:\/\/www.csj-emballages.com\/pt-pt\/produit\/2-rolos-de-sacos-de-vacuo-de-conservacao-em-relevo-022-x-6-m-90-%c2%b5\/","name":"Rolos de sacos de v\u00e1cuo com relevo 22x600 cm 90\u00b5","isPartOf":{"@id":"https:\/\/www.csj-emballages.com\/pt-pt\/#website"},"primaryImageOfPage":{"@id":"https:\/\/www.csj-emballages.com\/pt-pt\/produit\/2-rolos-de-sacos-de-vacuo-de-conservacao-em-relevo-022-x-6-m-90-%c2%b5\/#primaryimage"},"image":{"@id":"https:\/\/www.csj-emballages.com\/pt-pt\/produit\/2-rolos-de-sacos-de-vacuo-de-conservacao-em-relevo-022-x-6-m-90-%c2%b5\/#primaryimage"},"thumbnailUrl":"https:\/\/www.csj-emballages.com\/wp-content\/uploads\/2024\/03\/ItemSVIDEGAUF22600.png","datePublished":"2024-03-01T15:47:47+00:00","dateModified":"2026-04-03T00:21:48+00:00","description":"Descubra os nossos Rolos de sacos de v\u00e1cuo em relevo 0,22x6 m 90 \u00b5. Conserve os seus alimentos frescos durante mais tempo e reduza o desperd\u00edcio alimentar!","breadcrumb":{"@id":"https:\/\/www.csj-emballages.com\/pt-pt\/produit\/2-rolos-de-sacos-de-vacuo-de-conservacao-em-relevo-022-x-6-m-90-%c2%b5\/#breadcrumb"},"inLanguage":"pt-PT","potentialAction":[{"@type":"ReadAction","target":["https:\/\/www.csj-emballages.com\/pt-pt\/produit\/2-rolos-de-sacos-de-vacuo-de-conservacao-em-relevo-022-x-6-m-90-%c2%b5\/"]}]},{"@type":"ImageObject","inLanguage":"pt-PT","@id":"https:\/\/www.csj-emballages.com\/pt-pt\/produit\/2-rolos-de-sacos-de-vacuo-de-conservacao-em-relevo-022-x-6-m-90-%c2%b5\/#primaryimage","url":"https:\/\/www.csj-emballages.com\/wp-content\/uploads\/2024\/03\/ItemSVIDEGAUF22600.png","contentUrl":"https:\/\/www.csj-emballages.com\/wp-content\/uploads\/2024\/03\/ItemSVIDEGAUF22600.png","width":300,"height":300,"caption":"Rouleaux sacs sous vide gaufr\u00e9s"},{"@type":"BreadcrumbList","@id":"https:\/\/www.csj-emballages.com\/pt-pt\/produit\/2-rolos-de-sacos-de-vacuo-de-conservacao-em-relevo-022-x-6-m-90-%c2%b5\/#breadcrumb","itemListElement":[{"@type":"ListItem","position":1,"name":"Acolhimento","item":"https:\/\/www.csj-emballages.com\/pt-pt\/universo-das-embalagens-alimentares\/"},{"@type":"ListItem","position":2,"name":"Shop","item":"https:\/\/www.csj-emballages.com\/shop\/"},{"@type":"ListItem","position":3,"name":"2 rolos de sacos de v\u00e1cuo de conserva\u00e7\u00e3o em relevo 0,22 x 6 m 90 \u00b5"}]},{"@type":"WebSite","@id":"https:\/\/www.csj-emballages.com\/pt-pt\/#website","url":"https:\/\/www.csj-emballages.com\/pt-pt\/","name":"CSJ Emballages","description":"","publisher":{"@id":"https:\/\/www.csj-emballages.com\/pt-pt\/#organization"},"potentialAction":[{"@type":"SearchAction","target":{"@type":"EntryPoint","urlTemplate":"https:\/\/www.csj-emballages.com\/pt-pt\/?s={search_term_string}"},"query-input":{"@type":"PropertyValueSpecification","valueRequired":true,"valueName":"search_term_string"}}],"inLanguage":"pt-PT"},{"@type":"Organization","@id":"https:\/\/www.csj-emballages.com\/pt-pt\/#Organization\/","name":"CSJ Emballages","url":"https:\/\/www.csj-emballages.com\/pt-pt\/","logo":{"@type":"ImageObject","inLanguage":"pt-PT","@id":"https:\/\/www.csj-emballages.com\/pt-pt\/#\/schema\/logo\/image\/","url":"https:\/\/www.csj-emballages.com\/wp-content\/uploads\/2023\/10\/logo_csj.webp","contentUrl":"https:\/\/www.csj-emballages.com\/wp-content\/uploads\/2023\/10\/logo_csj.webp","width":250,"height":95,"caption":"CSJ Emballages"},"image":{"@id":"https:\/\/www.csj-emballages.com\/pt-pt\/#\/schema\/logo\/image\/"},"sameAs":["https:\/\/www.facebook.com\/csjemballages"],"address":{"@type":"PostalAddress","streetAddress":"ZI La Lechere","addressLocality":"Patornay","postalCode":"39130","addressCountry":"FR"},"contactPoint":[{"@type":"ContactPoint","contactType":"Service client","telephone":"0384254272","email":"contact@csj-emballages.com"}]}]}},"df_price":6.85,"df_sale_price":"","df_regular_price":6.85,"df_image_link":"https:\/\/www.csj-emballages.com\/wp-content\/uploads\/2024\/03\/ItemSVIDEGAUF22600.png","tiered_pricing_type":"fixed","tiered_pricing_fixed_rules":[],"tiered_pricing_percentage_rules":[],"tiered_pricing_minimum":1,"tiered_pricing_roles_data":[],"_links":{"self":[{"href":"https:\/\/www.csj-emballages.com\/pt-pt\/wp-json\/wp\/v2\/product\/17991","targetHints":{"allow":["GET"]}}],"collection":[{"href":"https:\/\/www.csj-emballages.com\/pt-pt\/wp-json\/wp\/v2\/product"}],"about":[{"href":"https:\/\/www.csj-emballages.com\/pt-pt\/wp-json\/wp\/v2\/types\/product"}],"wp:featuredmedia":[{"embeddable":true,"href":"https:\/\/www.csj-emballages.com\/pt-pt\/wp-json\/wp\/v2\/media\/12312"}],"wp:attachment":[{"href":"https:\/\/www.csj-emballages.com\/pt-pt\/wp-json\/wp\/v2\/media?parent=17991"}],"wp:term":[{"taxonomy":"product_brand","embeddable":true,"href":"https:\/\/www.csj-emballages.com\/pt-pt\/wp-json\/wp\/v2\/product_brand?post=17991"},{"taxonomy":"product_cat","embeddable":true,"href":"https:\/\/www.csj-emballages.com\/pt-pt\/wp-json\/wp\/v2\/product_cat?post=17991"},{"taxonomy":"product_tag","embeddable":true,"href":"https:\/\/www.csj-emballages.com\/pt-pt\/wp-json\/wp\/v2\/product_tag?post=17991"}],"curies":[{"name":"wp","href":"https:\/\/api.w.org\/{rel}","templated":true}]}}