{"id":17958,"date":"2024-03-01T16:47:49","date_gmt":"2024-03-01T15:47:49","guid":{"rendered":"https:\/\/u15jnbdpoq.preview.infomaniak.website\/produit\/suporte-em-piramide-para-24-macarons-cor-de-chocolate\/"},"modified":"2026-04-03T02:21:37","modified_gmt":"2026-04-03T00:21:37","slug":"suporte-em-piramide-para-24-macarons-cor-de-chocolate","status":"publish","type":"product","link":"https:\/\/www.csj-emballages.com\/pt-pt\/produit\/suporte-em-piramide-para-24-macarons-cor-de-chocolate\/","title":{"rendered":"Suporte em pir\u00e2mide para 24 macarons cor de chocolate"},"content":{"rendered":"<h2>Suporte para pir\u00e2mide de macarr\u00e3o<\/h2>\n<hr>\n<h3>Descri\u00e7\u00e3o do nosso suporte em pir\u00e2mide para 24 macarons cor de chocolate<\/h3>\n<p><!--more--><\/p>\n<p data-start=\"84\" data-end=\"484\">Exiba as suas cria\u00e7\u00f5es de pastelaria com este <strong data-start=\"135\" data-end=\"198\">suporte em pir\u00e2mide para 24 macarons cor de chocolate<\/strong>. Elegante e pr\u00e1tico, este expositor foi especialmente concebido para dar aos seus doces uma apresenta\u00e7\u00e3o refinada e profissional. A sua <strong data-start=\"334\" data-end=\"353\">cor chocolate<\/strong> confere-lhe um toque quente e gourmet, perfeito para valorizar os seus buffets, vitrinas ou mesas de rece\u00e7\u00e3o.  <\/p>\n<p data-start=\"486\" data-end=\"939\">Esta <strong data-start=\"492\" data-end=\"515\">pir\u00e2mide de macarr\u00e3o<\/strong> tem <strong data-start=\"530\" data-end=\"553\">4 lados que podem ser montados<\/strong> simplesmente deslizando-os uns nos outros. Este sistema engenhoso facilita <g id=\"gid_2\">a desmontagem e o transporte<\/g>, sendo ideal para os restauradores, pasteleiros ou particulares que pretendam aliar a est\u00e9tica \u00e0 praticidade. Fabricado em <strong data-start=\"792\" data-end=\"816\">polipropileno resistente<\/strong>, \u00e9 <strong data-start=\"837\" data-end=\"864\">lav\u00e1vel e reutiliz\u00e1vel<\/strong>, garantindo uma longa vida \u00fatil, mesmo ap\u00f3s utiliza\u00e7\u00f5es repetidas.  <\/p>\n<p data-start=\"941\" data-end=\"1279\">Com capacidade para <strong data-start=\"961\" data-end=\"976\">24 macarons<\/strong>, \u00e9 perfeito para pequenas recep\u00e7\u00f5es, presentes gourmet ou montras. Quer seja para um casamento, um anivers\u00e1rio, um banquete ou simplesmente para mostrar os seus produtos, este <strong data-start=\"1199\" data-end=\"1221\">suporte para macarons<\/strong> ir\u00e1 valorizar a sua apresenta\u00e7\u00e3o. <\/p>\n<p data-start=\"1281\" data-end=\"1544\">O seu tamanho compacto<strong>(19 x 19 x 19,5 cm<\/strong>) permite poupar espa\u00e7o, garantindo ao mesmo tempo um visual estruturado e impactante. Note-se que a<strong data-start=\"1418\" data-end=\"1440\">caixa de prote\u00e7\u00e3o<\/strong> \u00e9 vendida separadamente, dando-lhe a liberdade de completar o seu expositor de acordo com as suas necessidades. <\/p>\n<p data-start=\"1546\" data-end=\"1734\">Ao escolher este <strong data-start=\"1564\" data-end=\"1610\">suporte em pir\u00e2mide para macarons cor de chocolate<\/strong>, pode combinar eleg\u00e2ncia, praticidade e durabilidade para mostrar as suas cria\u00e7\u00f5es doces com gosto e profissionalismo.<\/p>\n<p data-start=\"1546\" data-end=\"1734\">\n<p data-start=\"1423\" data-end=\"1694\"><!--more--><\/p>\n<h4 data-start=\"1423\" data-end=\"1694\">Vantagens :<\/h4>\n<ul>\n<li data-start=\"1423\" data-end=\"1694\">Apresenta\u00e7\u00e3o elegante e gourmet em chocolate.<\/li>\n<li data-start=\"1423\" data-end=\"1694\">Montagem f\u00e1cil gra\u00e7as aos 4 lados deslizantes.<\/li>\n<li data-start=\"1423\" data-end=\"1694\">F\u00e1cil de <strong data-start=\"1880\" data-end=\"1911\">desmontar e transportar<\/strong>.<\/li>\n<li data-start=\"1423\" data-end=\"1694\"><strong data-start=\"1927\" data-end=\"1954\">Lav\u00e1vel e reutiliz\u00e1vel<\/strong>, econ\u00f3mico e duradouro.<\/li>\n<li data-start=\"1423\" data-end=\"1694\">Capacidade ideal para <strong data-start=\"2003\" data-end=\"2018\">24 macarons.<\/strong><\/li>\n<li data-start=\"1423\" data-end=\"1694\">Adequado para banquetes, vitrinas, ofertas e recep\u00e7\u00f5es.<\/li>\n<\/ul>\n<p>&nbsp;<\/p>\n<p><!--more--><\/p>\n<h4>Outras informa\u00e7\u00f5es :<\/h4>\n<ul style=\"box-sizing: inherit; font-family: Roboto, sans-serif;\">\n<li><strong>Embalagem<\/strong>: Por unidade<\/li>\n<li><strong>Dimens\u00f5es<\/strong>: 190 x 190 x 195 (C x L x A em mm)<\/li>\n<li><strong>Material<\/strong>: Polipropileno<\/li>\n<li><strong>Cor<\/strong>: Chocolate<\/li>\n<li><strong>Capacidade<\/strong>: 24 macarons<\/li>\n<\/ul>\n<p>&nbsp;<\/p>\n<p><!--more--><\/p>\n<p>Encontre aqui o estojo compat\u00edvel com este porta-pir\u00e2mide de macarons : <span style=\"color: #d12727;\"><a style=\"color: #d12727;\" href=\"https:\/\/www.csj-emballages.com\/produit\/etuis-pyramide-support-24-macarons-couleur-chocolat\/\">PYRAMIDEMACA<\/a><\/span><\/p>\n<p>&nbsp;<\/p>\n<p><!--more--><\/p>\n<p><a href=\"https:\/\/www.csj-emballages.com\/pt-pt\/categorie-produit\/embalagem-de-alimentos\/padaria-e-pastelaria\/caixas-e-estojos\/caixas-estojos-para-macarons\/piramide-de-macarons\/\">Ver o resto da nossa gama de pir\u00e2mides de macarons<\/a><\/p>\n<p>&nbsp;<\/p>\n","protected":false},"excerpt":{"rendered":"<p>Suporte para pir\u00e2mide de macarr\u00e3o Descri\u00e7\u00e3o do nosso suporte em pir\u00e2mide para 24 macarons cor de chocolate<\/p>\n","protected":false},"featured_media":242083,"template":"","meta":{"_acf_changed":false},"product_brand":[],"product_cat":[1141,1177,1732,1733],"product_tag":[],"class_list":{"0":"post-17958","1":"product","2":"type-product","3":"status-publish","4":"has-post-thumbnail","6":"product_cat-embalagem-de-alimentos","7":"product_cat-padaria-e-pastelaria","8":"product_cat-caixas-estojos-para-macarons","9":"product_cat-piramide-de-macarons","11":"first","12":"outofstock","13":"taxable","14":"shipping-taxable","15":"purchasable","16":"product-type-simple"},"acf":[],"yoast_head":"<!-- This site is optimized with the Yoast SEO Premium plugin v26.6 (Yoast SEO v26.6) - https:\/\/yoast.com\/wordpress\/plugins\/seo\/ -->\n<title>Pir\u00e2mide de Macaroon para 24 Macaroons de Chocolate<\/title>\n<meta name=\"description\" content=\"Suporte em pir\u00e2mide para macarons de chocolate com 24 pe\u00e7as, amov\u00edvel, lav\u00e1vel e reutiliz\u00e1vel. Ideal para buffets, recep\u00e7\u00f5es, vitrinas ou presentes.\" \/>\n<meta name=\"robots\" content=\"index, follow, max-snippet:-1, max-image-preview:large, max-video-preview:-1\" \/>\n<link rel=\"canonical\" href=\"https:\/\/www.csj-emballages.com\/pt-pt\/produit\/suporte-em-piramide-para-24-macarons-cor-de-chocolate\/\" \/>\n<meta property=\"og:locale\" content=\"pt_PT\" \/>\n<meta property=\"og:type\" content=\"article\" \/>\n<meta property=\"og:title\" content=\"Suporte em pir\u00e2mide para 24 macarons cor de chocolate\" \/>\n<meta property=\"og:description\" content=\"Suporte em pir\u00e2mide para macarons de chocolate com 24 pe\u00e7as, amov\u00edvel, lav\u00e1vel e reutiliz\u00e1vel. Ideal para buffets, recep\u00e7\u00f5es, vitrinas ou presentes.\" \/>\n<meta property=\"og:url\" content=\"https:\/\/www.csj-emballages.com\/pt-pt\/produit\/suporte-em-piramide-para-24-macarons-cor-de-chocolate\/\" \/>\n<meta property=\"og:site_name\" content=\"CSJ Emballages\" \/>\n<meta property=\"article:publisher\" content=\"https:\/\/www.facebook.com\/csjemballages\" \/>\n<meta property=\"article:modified_time\" content=\"2026-04-03T00:21:37+00:00\" \/>\n<meta property=\"og:image\" content=\"https:\/\/www.csj-emballages.com\/wp-content\/uploads\/2024\/03\/SUPYRA.webp\" \/>\n\t<meta property=\"og:image:width\" content=\"800\" \/>\n\t<meta property=\"og:image:height\" content=\"800\" \/>\n\t<meta property=\"og:image:type\" content=\"image\/webp\" \/>\n<meta name=\"twitter:card\" content=\"summary_large_image\" \/>\n<meta name=\"twitter:label1\" content=\"Tempo estimado de leitura\" \/>\n\t<meta name=\"twitter:data1\" content=\"2 minutos\" \/>\n<script type=\"application\/ld+json\" class=\"yoast-schema-graph\">{\"@context\":\"https:\/\/schema.org\",\"@graph\":[{\"@type\":\"WebPage\",\"@id\":\"https:\/\/www.csj-emballages.com\/pt-pt\/produit\/suporte-em-piramide-para-24-macarons-cor-de-chocolate\/\",\"url\":\"https:\/\/www.csj-emballages.com\/pt-pt\/produit\/suporte-em-piramide-para-24-macarons-cor-de-chocolate\/\",\"name\":\"Pir\u00e2mide de Macaroon para 24 Macaroons de Chocolate\",\"isPartOf\":{\"@id\":\"https:\/\/www.csj-emballages.com\/pt-pt\/#website\"},\"primaryImageOfPage\":{\"@id\":\"https:\/\/www.csj-emballages.com\/pt-pt\/produit\/suporte-em-piramide-para-24-macarons-cor-de-chocolate\/#primaryimage\"},\"image\":{\"@id\":\"https:\/\/www.csj-emballages.com\/pt-pt\/produit\/suporte-em-piramide-para-24-macarons-cor-de-chocolate\/#primaryimage\"},\"thumbnailUrl\":\"https:\/\/www.csj-emballages.com\/wp-content\/uploads\/2024\/03\/SUPYRA.webp\",\"datePublished\":\"2024-03-01T15:47:49+00:00\",\"dateModified\":\"2026-04-03T00:21:37+00:00\",\"description\":\"Suporte em pir\u00e2mide para macarons de chocolate com 24 pe\u00e7as, amov\u00edvel, lav\u00e1vel e reutiliz\u00e1vel. Ideal para buffets, recep\u00e7\u00f5es, vitrinas ou presentes.\",\"breadcrumb\":{\"@id\":\"https:\/\/www.csj-emballages.com\/pt-pt\/produit\/suporte-em-piramide-para-24-macarons-cor-de-chocolate\/#breadcrumb\"},\"inLanguage\":\"pt-PT\",\"potentialAction\":[{\"@type\":\"ReadAction\",\"target\":[\"https:\/\/www.csj-emballages.com\/pt-pt\/produit\/suporte-em-piramide-para-24-macarons-cor-de-chocolate\/\"]}]},{\"@type\":\"ImageObject\",\"inLanguage\":\"pt-PT\",\"@id\":\"https:\/\/www.csj-emballages.com\/pt-pt\/produit\/suporte-em-piramide-para-24-macarons-cor-de-chocolate\/#primaryimage\",\"url\":\"https:\/\/www.csj-emballages.com\/wp-content\/uploads\/2024\/03\/SUPYRA.webp\",\"contentUrl\":\"https:\/\/www.csj-emballages.com\/wp-content\/uploads\/2024\/03\/SUPYRA.webp\",\"width\":800,\"height\":800,\"caption\":\"Support pyramide macarons\"},{\"@type\":\"BreadcrumbList\",\"@id\":\"https:\/\/www.csj-emballages.com\/pt-pt\/produit\/suporte-em-piramide-para-24-macarons-cor-de-chocolate\/#breadcrumb\",\"itemListElement\":[{\"@type\":\"ListItem\",\"position\":1,\"name\":\"Acolhimento\",\"item\":\"https:\/\/www.csj-emballages.com\/pt-pt\/universo-das-embalagens-alimentares\/\"},{\"@type\":\"ListItem\",\"position\":2,\"name\":\"Shop\",\"item\":\"https:\/\/www.csj-emballages.com\/shop\/\"},{\"@type\":\"ListItem\",\"position\":3,\"name\":\"Suporte em pir\u00e2mide para 24 macarons cor de chocolate\"}]},{\"@type\":\"WebSite\",\"@id\":\"https:\/\/www.csj-emballages.com\/pt-pt\/#website\",\"url\":\"https:\/\/www.csj-emballages.com\/pt-pt\/\",\"name\":\"CSJ Emballages\",\"description\":\"\",\"publisher\":{\"@id\":\"https:\/\/www.csj-emballages.com\/pt-pt\/#organization\"},\"potentialAction\":[{\"@type\":\"SearchAction\",\"target\":{\"@type\":\"EntryPoint\",\"urlTemplate\":\"https:\/\/www.csj-emballages.com\/pt-pt\/?s={search_term_string}\"},\"query-input\":{\"@type\":\"PropertyValueSpecification\",\"valueRequired\":true,\"valueName\":\"search_term_string\"}}],\"inLanguage\":\"pt-PT\"},{\"@type\":\"Organization\",\"@id\":\"https:\/\/www.csj-emballages.com\/pt-pt\/#Organization\/\",\"name\":\"CSJ Emballages\",\"url\":\"https:\/\/www.csj-emballages.com\/pt-pt\/\",\"logo\":{\"@type\":\"ImageObject\",\"inLanguage\":\"pt-PT\",\"@id\":\"https:\/\/www.csj-emballages.com\/pt-pt\/#\/schema\/logo\/image\/\",\"url\":\"https:\/\/www.csj-emballages.com\/wp-content\/uploads\/2023\/10\/logo_csj.webp\",\"contentUrl\":\"https:\/\/www.csj-emballages.com\/wp-content\/uploads\/2023\/10\/logo_csj.webp\",\"width\":250,\"height\":95,\"caption\":\"CSJ Emballages\"},\"image\":{\"@id\":\"https:\/\/www.csj-emballages.com\/pt-pt\/#\/schema\/logo\/image\/\"},\"sameAs\":[\"https:\/\/www.facebook.com\/csjemballages\"],\"address\":{\"@type\":\"PostalAddress\",\"streetAddress\":\"ZI La Lechere\",\"addressLocality\":\"Patornay\",\"postalCode\":\"39130\",\"addressCountry\":\"FR\"},\"contactPoint\":[{\"@type\":\"ContactPoint\",\"contactType\":\"Service client\",\"telephone\":\"0384254272\",\"email\":\"contact@csj-emballages.com\"}]}]}<\/script>\n<!-- \/ Yoast SEO Premium plugin. -->","yoast_head_json":{"title":"Pir\u00e2mide de Macaroon para 24 Macaroons de Chocolate","description":"Suporte em pir\u00e2mide para macarons de chocolate com 24 pe\u00e7as, amov\u00edvel, lav\u00e1vel e reutiliz\u00e1vel. Ideal para buffets, recep\u00e7\u00f5es, vitrinas ou presentes.","robots":{"index":"index","follow":"follow","max-snippet":"max-snippet:-1","max-image-preview":"max-image-preview:large","max-video-preview":"max-video-preview:-1"},"canonical":"https:\/\/www.csj-emballages.com\/pt-pt\/produit\/suporte-em-piramide-para-24-macarons-cor-de-chocolate\/","og_locale":"pt_PT","og_type":"article","og_title":"Suporte em pir\u00e2mide para 24 macarons cor de chocolate","og_description":"Suporte em pir\u00e2mide para macarons de chocolate com 24 pe\u00e7as, amov\u00edvel, lav\u00e1vel e reutiliz\u00e1vel. Ideal para buffets, recep\u00e7\u00f5es, vitrinas ou presentes.","og_url":"https:\/\/www.csj-emballages.com\/pt-pt\/produit\/suporte-em-piramide-para-24-macarons-cor-de-chocolate\/","og_site_name":"CSJ Emballages","article_publisher":"https:\/\/www.facebook.com\/csjemballages","article_modified_time":"2026-04-03T00:21:37+00:00","og_image":[{"width":800,"height":800,"url":"https:\/\/www.csj-emballages.com\/wp-content\/uploads\/2024\/03\/SUPYRA.webp","type":"image\/webp"}],"twitter_card":"summary_large_image","twitter_misc":{"Tempo estimado de leitura":"2 minutos"},"schema":{"@context":"https:\/\/schema.org","@graph":[{"@type":"WebPage","@id":"https:\/\/www.csj-emballages.com\/pt-pt\/produit\/suporte-em-piramide-para-24-macarons-cor-de-chocolate\/","url":"https:\/\/www.csj-emballages.com\/pt-pt\/produit\/suporte-em-piramide-para-24-macarons-cor-de-chocolate\/","name":"Pir\u00e2mide de Macaroon para 24 Macaroons de Chocolate","isPartOf":{"@id":"https:\/\/www.csj-emballages.com\/pt-pt\/#website"},"primaryImageOfPage":{"@id":"https:\/\/www.csj-emballages.com\/pt-pt\/produit\/suporte-em-piramide-para-24-macarons-cor-de-chocolate\/#primaryimage"},"image":{"@id":"https:\/\/www.csj-emballages.com\/pt-pt\/produit\/suporte-em-piramide-para-24-macarons-cor-de-chocolate\/#primaryimage"},"thumbnailUrl":"https:\/\/www.csj-emballages.com\/wp-content\/uploads\/2024\/03\/SUPYRA.webp","datePublished":"2024-03-01T15:47:49+00:00","dateModified":"2026-04-03T00:21:37+00:00","description":"Suporte em pir\u00e2mide para macarons de chocolate com 24 pe\u00e7as, amov\u00edvel, lav\u00e1vel e reutiliz\u00e1vel. Ideal para buffets, recep\u00e7\u00f5es, vitrinas ou presentes.","breadcrumb":{"@id":"https:\/\/www.csj-emballages.com\/pt-pt\/produit\/suporte-em-piramide-para-24-macarons-cor-de-chocolate\/#breadcrumb"},"inLanguage":"pt-PT","potentialAction":[{"@type":"ReadAction","target":["https:\/\/www.csj-emballages.com\/pt-pt\/produit\/suporte-em-piramide-para-24-macarons-cor-de-chocolate\/"]}]},{"@type":"ImageObject","inLanguage":"pt-PT","@id":"https:\/\/www.csj-emballages.com\/pt-pt\/produit\/suporte-em-piramide-para-24-macarons-cor-de-chocolate\/#primaryimage","url":"https:\/\/www.csj-emballages.com\/wp-content\/uploads\/2024\/03\/SUPYRA.webp","contentUrl":"https:\/\/www.csj-emballages.com\/wp-content\/uploads\/2024\/03\/SUPYRA.webp","width":800,"height":800,"caption":"Support pyramide macarons"},{"@type":"BreadcrumbList","@id":"https:\/\/www.csj-emballages.com\/pt-pt\/produit\/suporte-em-piramide-para-24-macarons-cor-de-chocolate\/#breadcrumb","itemListElement":[{"@type":"ListItem","position":1,"name":"Acolhimento","item":"https:\/\/www.csj-emballages.com\/pt-pt\/universo-das-embalagens-alimentares\/"},{"@type":"ListItem","position":2,"name":"Shop","item":"https:\/\/www.csj-emballages.com\/shop\/"},{"@type":"ListItem","position":3,"name":"Suporte em pir\u00e2mide para 24 macarons cor de chocolate"}]},{"@type":"WebSite","@id":"https:\/\/www.csj-emballages.com\/pt-pt\/#website","url":"https:\/\/www.csj-emballages.com\/pt-pt\/","name":"CSJ Emballages","description":"","publisher":{"@id":"https:\/\/www.csj-emballages.com\/pt-pt\/#organization"},"potentialAction":[{"@type":"SearchAction","target":{"@type":"EntryPoint","urlTemplate":"https:\/\/www.csj-emballages.com\/pt-pt\/?s={search_term_string}"},"query-input":{"@type":"PropertyValueSpecification","valueRequired":true,"valueName":"search_term_string"}}],"inLanguage":"pt-PT"},{"@type":"Organization","@id":"https:\/\/www.csj-emballages.com\/pt-pt\/#Organization\/","name":"CSJ Emballages","url":"https:\/\/www.csj-emballages.com\/pt-pt\/","logo":{"@type":"ImageObject","inLanguage":"pt-PT","@id":"https:\/\/www.csj-emballages.com\/pt-pt\/#\/schema\/logo\/image\/","url":"https:\/\/www.csj-emballages.com\/wp-content\/uploads\/2023\/10\/logo_csj.webp","contentUrl":"https:\/\/www.csj-emballages.com\/wp-content\/uploads\/2023\/10\/logo_csj.webp","width":250,"height":95,"caption":"CSJ Emballages"},"image":{"@id":"https:\/\/www.csj-emballages.com\/pt-pt\/#\/schema\/logo\/image\/"},"sameAs":["https:\/\/www.facebook.com\/csjemballages"],"address":{"@type":"PostalAddress","streetAddress":"ZI La Lechere","addressLocality":"Patornay","postalCode":"39130","addressCountry":"FR"},"contactPoint":[{"@type":"ContactPoint","contactType":"Service client","telephone":"0384254272","email":"contact@csj-emballages.com"}]}]}},"df_price":6.84,"df_sale_price":"","df_regular_price":6.84,"df_image_link":"https:\/\/www.csj-emballages.com\/wp-content\/uploads\/2024\/03\/SUPYRA-300x300.webp","tiered_pricing_type":"fixed","tiered_pricing_fixed_rules":[],"tiered_pricing_percentage_rules":[],"tiered_pricing_minimum":1,"tiered_pricing_roles_data":[],"_links":{"self":[{"href":"https:\/\/www.csj-emballages.com\/pt-pt\/wp-json\/wp\/v2\/product\/17958","targetHints":{"allow":["GET"]}}],"collection":[{"href":"https:\/\/www.csj-emballages.com\/pt-pt\/wp-json\/wp\/v2\/product"}],"about":[{"href":"https:\/\/www.csj-emballages.com\/pt-pt\/wp-json\/wp\/v2\/types\/product"}],"wp:featuredmedia":[{"embeddable":true,"href":"https:\/\/www.csj-emballages.com\/pt-pt\/wp-json\/wp\/v2\/media\/242083"}],"wp:attachment":[{"href":"https:\/\/www.csj-emballages.com\/pt-pt\/wp-json\/wp\/v2\/media?parent=17958"}],"wp:term":[{"taxonomy":"product_brand","embeddable":true,"href":"https:\/\/www.csj-emballages.com\/pt-pt\/wp-json\/wp\/v2\/product_brand?post=17958"},{"taxonomy":"product_cat","embeddable":true,"href":"https:\/\/www.csj-emballages.com\/pt-pt\/wp-json\/wp\/v2\/product_cat?post=17958"},{"taxonomy":"product_tag","embeddable":true,"href":"https:\/\/www.csj-emballages.com\/pt-pt\/wp-json\/wp\/v2\/product_tag?post=17958"}],"curies":[{"name":"wp","href":"https:\/\/api.w.org\/{rel}","templated":true}]}}