{"id":17916,"date":"2024-03-01T16:47:49","date_gmt":"2024-03-01T15:47:49","guid":{"rendered":"https:\/\/u15jnbdpoq.preview.infomaniak.website\/produit\/suporte-de-parede-de-50-cm-com-3-aneis\/"},"modified":"2026-03-12T16:43:54","modified_gmt":"2026-03-12T15:43:54","slug":"suporte-de-parede-de-50-cm-com-3-aneis","status":"publish","type":"product","link":"https:\/\/www.csj-emballages.com\/pt-pt\/produit\/suporte-de-parede-de-50-cm-com-3-aneis\/","title":{"rendered":"Suporte de parede de 50 cm com 3 an\u00e9is"},"content":{"rendered":"<h2>Suporte de parede<\/h2>\n<hr>\n<h3>Descri\u00e7\u00e3o do nosso suporte de parede de 50 cm com 3 an\u00e9is<!--more--><\/h3>\n<div class=\"flex max-w-full flex-col flex-grow\">\n<div class=\"min-h-8 text-message flex w-full flex-col items-end gap-2 whitespace-normal break-words text-start [.text-message+&amp;]:mt-5\" dir=\"auto\" data-message-author-role=\"assistant\" data-message-id=\"266ca6f3-5e07-4948-bd20-80ac5e6da4a5\" data-message-model-slug=\"gpt-4o\">\n<div class=\"flex w-full flex-col gap-1 empty:hidden first:pt-[3px]\">\n<div class=\"markdown prose w-full break-words dark:prose-invert dark\">\n<p data-start=\"279\" data-end=\"639\">Quando o espa\u00e7o come\u00e7a a faltar, este <strong data-start=\"317\" data-end=\"358\">suporte de parede de 50 cm com 3 an\u00e9is<\/strong> torna-se rapidamente um aliado indispens\u00e1vel. Pensado para simplificar a arruma\u00e7\u00e3o, permite manter <strong>vassouras, cabos, rodos ou outros acess\u00f3rios<\/strong> bem alinhados e sempre \u00e0 m\u00e3o. Acabaram-se as ferramentas pousadas no ch\u00e3o ou presas num canto: aqui, tudo encontra naturalmente o seu lugar.  <\/p>\n<p data-start=\"641\" data-end=\"1073\">Gra\u00e7as aos seus <strong data-start=\"653\" data-end=\"679\">tr\u00eas an\u00e9is robustos<\/strong>, cada cabo \u00e9 mantido firmemente sem deslizar. Pendura, despendura e est\u00e1 feito. O sistema \u00e9 simples, eficaz e agrad\u00e1vel de usar no dia a dia. Al\u00e9m disso, a sua <strong>fixa\u00e7\u00e3o na parede<\/strong> garante uma boa estabilidade, mesmo com uma utiliza\u00e7\u00e3o frequente. Quer seja num espa\u00e7o t\u00e9cnico, numa garagem, numa arrecada\u00e7\u00e3o ou num espa\u00e7o de limpeza profissional, integra-se facilmente sem ocupar espa\u00e7o.    <\/p>\n<p data-start=\"1075\" data-end=\"1403\">O seu formato de <strong data-start=\"1089\" data-end=\"1098\">50 cm<\/strong> oferece um bom compromisso: suficientemente comprido para organizar v\u00e1rias ferramentas, mas suficientemente compacto para se adaptar a espa\u00e7os pequenos. O seu design s\u00f3brio e discreto adapta-se a qualquer lugar, mantendo-se funcional. E como foi concebido para durar, pode utiliz\u00e1-lo dia ap\u00f3s dia sem preocupa\u00e7\u00f5es.  <\/p>\n<p data-start=\"1405\" data-end=\"1678\">Em resumo, este <strong>suporte de parede<\/strong> permite ganhar tempo, espa\u00e7o e conforto. Ajuda a manter um ambiente mais limpo, mais organizado e mais agrad\u00e1vel de utilizar. Uma solu\u00e7\u00e3o simples, pr\u00e1tica e francamente eficaz para quem gosta de ter tudo no seu lugar.  <\/p>\n<h3><\/h3>\n<\/div>\n<\/div>\n<\/div>\n<\/div>\n<p><!--more--><\/p>\n<h4>Vantagens :<\/h4>\n<ul>\n<li data-start=\"104\" data-end=\"161\">Permite <strong>manter os cabos e acess\u00f3rios bem arrumados.<\/strong><\/li>\n<li data-start=\"164\" data-end=\"208\">Fixa\u00e7\u00e3o na parede para uma verdadeira poupan\u00e7a de espa\u00e7o.<\/li>\n<li data-start=\"211\" data-end=\"277\"><strong>3 an\u00e9is s\u00f3lidos<\/strong> para manter as ferramentas sem que deslizem.<\/li>\n<li data-start=\"280\" data-end=\"327\">Acesso r\u00e1pido a vassouras, rodos ou cabos.<\/li>\n<li data-start=\"330\" data-end=\"383\">Ideal para espa\u00e7os de limpeza, garagens ou arrecada\u00e7\u00f5es.<\/li>\n<\/ul>\n<p>&nbsp;<\/p>\n<p><!--more--><\/p>\n<h4>Outras informa\u00e7\u00f5es :<\/h4>\n<ul>\n<li><strong>Embalagem<\/strong>: Vendido individualmente<\/li>\n<li><b>Comprimento: <\/b>50 cm<\/li>\n<li><strong>Capacidade<\/strong>: 3 an\u00e9is<\/li>\n<li><b>Cor: <\/b>Branco<\/li>\n<\/ul>\n<p>&nbsp;<\/p>\n<p><!--more--><\/p>\n<p><a href=\"https:\/\/www.csj-emballages.com\/pt-pt\/categorie-produit\/higiene-e-manutencao\/acessorios\/\">V\u00ea o resto da nossa gama de acess\u00f3rios de higiene<\/a><\/p>\n","protected":false},"excerpt":{"rendered":"<p>Suporte de parede Descri\u00e7\u00e3o do nosso suporte de parede de 50 cm com 3 an\u00e9is<\/p>\n","protected":false},"featured_media":221423,"template":"","meta":{"_acf_changed":false},"product_brand":[],"product_cat":[1222,1709],"product_tag":[],"class_list":{"0":"post-17916","1":"product","2":"type-product","3":"status-publish","4":"has-post-thumbnail","6":"product_cat-higiene-e-manutencao","7":"product_cat-acessorios","9":"first","10":"instock","11":"taxable","12":"shipping-taxable","13":"purchasable","14":"product-type-simple"},"acf":[],"yoast_head":"<!-- This site is optimized with the Yoast SEO Premium plugin v26.6 (Yoast SEO v26.6) - https:\/\/yoast.com\/wordpress\/plugins\/seo\/ -->\n<title>Suporte de montagem na parede de 50 cm com 3 an\u00e9is<\/title>\n<meta name=\"description\" content=\"Suporte de parede de 50 cm com 3 an\u00e9is para uma organiza\u00e7\u00e3o \u00f3ptima. Robusto, f\u00e1cil de instalar e vers\u00e1til para uma variedade de utiliza\u00e7\u00f5es.\" \/>\n<meta name=\"robots\" content=\"index, follow, max-snippet:-1, max-image-preview:large, max-video-preview:-1\" \/>\n<link rel=\"canonical\" href=\"https:\/\/www.csj-emballages.com\/pt-pt\/produit\/suporte-de-parede-de-50-cm-com-3-aneis\/\" \/>\n<meta property=\"og:locale\" content=\"pt_PT\" \/>\n<meta property=\"og:type\" content=\"article\" \/>\n<meta property=\"og:title\" content=\"Suporte de parede de 50 cm com 3 an\u00e9is\" \/>\n<meta property=\"og:description\" content=\"Suporte de parede de 50 cm com 3 an\u00e9is para uma organiza\u00e7\u00e3o \u00f3ptima. Robusto, f\u00e1cil de instalar e vers\u00e1til para uma variedade de utiliza\u00e7\u00f5es.\" \/>\n<meta property=\"og:url\" content=\"https:\/\/www.csj-emballages.com\/pt-pt\/produit\/suporte-de-parede-de-50-cm-com-3-aneis\/\" \/>\n<meta property=\"og:site_name\" content=\"CSJ Emballages\" \/>\n<meta property=\"article:publisher\" content=\"https:\/\/www.facebook.com\/csjemballages\" \/>\n<meta property=\"article:modified_time\" content=\"2026-03-12T15:43:54+00:00\" \/>\n<meta property=\"og:image\" content=\"https:\/\/www.csj-emballages.com\/wp-content\/uploads\/2024\/03\/Support-mural.webp\" \/>\n\t<meta property=\"og:image:width\" content=\"800\" \/>\n\t<meta property=\"og:image:height\" content=\"800\" \/>\n\t<meta property=\"og:image:type\" content=\"image\/webp\" \/>\n<meta name=\"twitter:card\" content=\"summary_large_image\" \/>\n<meta name=\"twitter:label1\" content=\"Tempo estimado de leitura\" \/>\n\t<meta name=\"twitter:data1\" content=\"2 minutos\" \/>\n<script type=\"application\/ld+json\" class=\"yoast-schema-graph\">{\"@context\":\"https:\/\/schema.org\",\"@graph\":[{\"@type\":\"WebPage\",\"@id\":\"https:\/\/www.csj-emballages.com\/pt-pt\/produit\/suporte-de-parede-de-50-cm-com-3-aneis\/\",\"url\":\"https:\/\/www.csj-emballages.com\/pt-pt\/produit\/suporte-de-parede-de-50-cm-com-3-aneis\/\",\"name\":\"Suporte de montagem na parede de 50 cm com 3 an\u00e9is\",\"isPartOf\":{\"@id\":\"https:\/\/www.csj-emballages.com\/pt-pt\/#website\"},\"primaryImageOfPage\":{\"@id\":\"https:\/\/www.csj-emballages.com\/pt-pt\/produit\/suporte-de-parede-de-50-cm-com-3-aneis\/#primaryimage\"},\"image\":{\"@id\":\"https:\/\/www.csj-emballages.com\/pt-pt\/produit\/suporte-de-parede-de-50-cm-com-3-aneis\/#primaryimage\"},\"thumbnailUrl\":\"https:\/\/www.csj-emballages.com\/wp-content\/uploads\/2024\/03\/Support-mural.webp\",\"datePublished\":\"2024-03-01T15:47:49+00:00\",\"dateModified\":\"2026-03-12T15:43:54+00:00\",\"description\":\"Suporte de parede de 50 cm com 3 an\u00e9is para uma organiza\u00e7\u00e3o \u00f3ptima. Robusto, f\u00e1cil de instalar e vers\u00e1til para uma variedade de utiliza\u00e7\u00f5es.\",\"breadcrumb\":{\"@id\":\"https:\/\/www.csj-emballages.com\/pt-pt\/produit\/suporte-de-parede-de-50-cm-com-3-aneis\/#breadcrumb\"},\"inLanguage\":\"pt-PT\",\"potentialAction\":[{\"@type\":\"ReadAction\",\"target\":[\"https:\/\/www.csj-emballages.com\/pt-pt\/produit\/suporte-de-parede-de-50-cm-com-3-aneis\/\"]}]},{\"@type\":\"ImageObject\",\"inLanguage\":\"pt-PT\",\"@id\":\"https:\/\/www.csj-emballages.com\/pt-pt\/produit\/suporte-de-parede-de-50-cm-com-3-aneis\/#primaryimage\",\"url\":\"https:\/\/www.csj-emballages.com\/wp-content\/uploads\/2024\/03\/Support-mural.webp\",\"contentUrl\":\"https:\/\/www.csj-emballages.com\/wp-content\/uploads\/2024\/03\/Support-mural.webp\",\"width\":800,\"height\":800,\"caption\":\"Support mural\"},{\"@type\":\"BreadcrumbList\",\"@id\":\"https:\/\/www.csj-emballages.com\/pt-pt\/produit\/suporte-de-parede-de-50-cm-com-3-aneis\/#breadcrumb\",\"itemListElement\":[{\"@type\":\"ListItem\",\"position\":1,\"name\":\"Acolhimento\",\"item\":\"https:\/\/www.csj-emballages.com\/pt-pt\/universo-das-embalagens-alimentares\/\"},{\"@type\":\"ListItem\",\"position\":2,\"name\":\"Shop\",\"item\":\"https:\/\/www.csj-emballages.com\/shop\/\"},{\"@type\":\"ListItem\",\"position\":3,\"name\":\"Suporte de parede de 50 cm com 3 an\u00e9is\"}]},{\"@type\":\"WebSite\",\"@id\":\"https:\/\/www.csj-emballages.com\/pt-pt\/#website\",\"url\":\"https:\/\/www.csj-emballages.com\/pt-pt\/\",\"name\":\"CSJ Emballages\",\"description\":\"\",\"publisher\":{\"@id\":\"https:\/\/www.csj-emballages.com\/pt-pt\/#organization\"},\"potentialAction\":[{\"@type\":\"SearchAction\",\"target\":{\"@type\":\"EntryPoint\",\"urlTemplate\":\"https:\/\/www.csj-emballages.com\/pt-pt\/?s={search_term_string}\"},\"query-input\":{\"@type\":\"PropertyValueSpecification\",\"valueRequired\":true,\"valueName\":\"search_term_string\"}}],\"inLanguage\":\"pt-PT\"},{\"@type\":\"Organization\",\"@id\":\"https:\/\/www.csj-emballages.com\/pt-pt\/#Organization\/\",\"name\":\"CSJ Emballages\",\"url\":\"https:\/\/www.csj-emballages.com\/pt-pt\/\",\"logo\":{\"@type\":\"ImageObject\",\"inLanguage\":\"pt-PT\",\"@id\":\"https:\/\/www.csj-emballages.com\/pt-pt\/#\/schema\/logo\/image\/\",\"url\":\"https:\/\/www.csj-emballages.com\/wp-content\/uploads\/2023\/10\/logo_csj.webp\",\"contentUrl\":\"https:\/\/www.csj-emballages.com\/wp-content\/uploads\/2023\/10\/logo_csj.webp\",\"width\":250,\"height\":95,\"caption\":\"CSJ Emballages\"},\"image\":{\"@id\":\"https:\/\/www.csj-emballages.com\/pt-pt\/#\/schema\/logo\/image\/\"},\"sameAs\":[\"https:\/\/www.facebook.com\/csjemballages\"],\"address\":{\"@type\":\"PostalAddress\",\"streetAddress\":\"ZI La Lechere\",\"addressLocality\":\"Patornay\",\"postalCode\":\"39130\",\"addressCountry\":\"FR\"},\"contactPoint\":[{\"@type\":\"ContactPoint\",\"contactType\":\"Service client\",\"telephone\":\"0384254272\",\"email\":\"contact@csj-emballages.com\"}]}]}<\/script>\n<!-- \/ Yoast SEO Premium plugin. -->","yoast_head_json":{"title":"Suporte de montagem na parede de 50 cm com 3 an\u00e9is","description":"Suporte de parede de 50 cm com 3 an\u00e9is para uma organiza\u00e7\u00e3o \u00f3ptima. Robusto, f\u00e1cil de instalar e vers\u00e1til para uma variedade de utiliza\u00e7\u00f5es.","robots":{"index":"index","follow":"follow","max-snippet":"max-snippet:-1","max-image-preview":"max-image-preview:large","max-video-preview":"max-video-preview:-1"},"canonical":"https:\/\/www.csj-emballages.com\/pt-pt\/produit\/suporte-de-parede-de-50-cm-com-3-aneis\/","og_locale":"pt_PT","og_type":"article","og_title":"Suporte de parede de 50 cm com 3 an\u00e9is","og_description":"Suporte de parede de 50 cm com 3 an\u00e9is para uma organiza\u00e7\u00e3o \u00f3ptima. Robusto, f\u00e1cil de instalar e vers\u00e1til para uma variedade de utiliza\u00e7\u00f5es.","og_url":"https:\/\/www.csj-emballages.com\/pt-pt\/produit\/suporte-de-parede-de-50-cm-com-3-aneis\/","og_site_name":"CSJ Emballages","article_publisher":"https:\/\/www.facebook.com\/csjemballages","article_modified_time":"2026-03-12T15:43:54+00:00","og_image":[{"width":800,"height":800,"url":"https:\/\/www.csj-emballages.com\/wp-content\/uploads\/2024\/03\/Support-mural.webp","type":"image\/webp"}],"twitter_card":"summary_large_image","twitter_misc":{"Tempo estimado de leitura":"2 minutos"},"schema":{"@context":"https:\/\/schema.org","@graph":[{"@type":"WebPage","@id":"https:\/\/www.csj-emballages.com\/pt-pt\/produit\/suporte-de-parede-de-50-cm-com-3-aneis\/","url":"https:\/\/www.csj-emballages.com\/pt-pt\/produit\/suporte-de-parede-de-50-cm-com-3-aneis\/","name":"Suporte de montagem na parede de 50 cm com 3 an\u00e9is","isPartOf":{"@id":"https:\/\/www.csj-emballages.com\/pt-pt\/#website"},"primaryImageOfPage":{"@id":"https:\/\/www.csj-emballages.com\/pt-pt\/produit\/suporte-de-parede-de-50-cm-com-3-aneis\/#primaryimage"},"image":{"@id":"https:\/\/www.csj-emballages.com\/pt-pt\/produit\/suporte-de-parede-de-50-cm-com-3-aneis\/#primaryimage"},"thumbnailUrl":"https:\/\/www.csj-emballages.com\/wp-content\/uploads\/2024\/03\/Support-mural.webp","datePublished":"2024-03-01T15:47:49+00:00","dateModified":"2026-03-12T15:43:54+00:00","description":"Suporte de parede de 50 cm com 3 an\u00e9is para uma organiza\u00e7\u00e3o \u00f3ptima. Robusto, f\u00e1cil de instalar e vers\u00e1til para uma variedade de utiliza\u00e7\u00f5es.","breadcrumb":{"@id":"https:\/\/www.csj-emballages.com\/pt-pt\/produit\/suporte-de-parede-de-50-cm-com-3-aneis\/#breadcrumb"},"inLanguage":"pt-PT","potentialAction":[{"@type":"ReadAction","target":["https:\/\/www.csj-emballages.com\/pt-pt\/produit\/suporte-de-parede-de-50-cm-com-3-aneis\/"]}]},{"@type":"ImageObject","inLanguage":"pt-PT","@id":"https:\/\/www.csj-emballages.com\/pt-pt\/produit\/suporte-de-parede-de-50-cm-com-3-aneis\/#primaryimage","url":"https:\/\/www.csj-emballages.com\/wp-content\/uploads\/2024\/03\/Support-mural.webp","contentUrl":"https:\/\/www.csj-emballages.com\/wp-content\/uploads\/2024\/03\/Support-mural.webp","width":800,"height":800,"caption":"Support mural"},{"@type":"BreadcrumbList","@id":"https:\/\/www.csj-emballages.com\/pt-pt\/produit\/suporte-de-parede-de-50-cm-com-3-aneis\/#breadcrumb","itemListElement":[{"@type":"ListItem","position":1,"name":"Acolhimento","item":"https:\/\/www.csj-emballages.com\/pt-pt\/universo-das-embalagens-alimentares\/"},{"@type":"ListItem","position":2,"name":"Shop","item":"https:\/\/www.csj-emballages.com\/shop\/"},{"@type":"ListItem","position":3,"name":"Suporte de parede de 50 cm com 3 an\u00e9is"}]},{"@type":"WebSite","@id":"https:\/\/www.csj-emballages.com\/pt-pt\/#website","url":"https:\/\/www.csj-emballages.com\/pt-pt\/","name":"CSJ Emballages","description":"","publisher":{"@id":"https:\/\/www.csj-emballages.com\/pt-pt\/#organization"},"potentialAction":[{"@type":"SearchAction","target":{"@type":"EntryPoint","urlTemplate":"https:\/\/www.csj-emballages.com\/pt-pt\/?s={search_term_string}"},"query-input":{"@type":"PropertyValueSpecification","valueRequired":true,"valueName":"search_term_string"}}],"inLanguage":"pt-PT"},{"@type":"Organization","@id":"https:\/\/www.csj-emballages.com\/pt-pt\/#Organization\/","name":"CSJ Emballages","url":"https:\/\/www.csj-emballages.com\/pt-pt\/","logo":{"@type":"ImageObject","inLanguage":"pt-PT","@id":"https:\/\/www.csj-emballages.com\/pt-pt\/#\/schema\/logo\/image\/","url":"https:\/\/www.csj-emballages.com\/wp-content\/uploads\/2023\/10\/logo_csj.webp","contentUrl":"https:\/\/www.csj-emballages.com\/wp-content\/uploads\/2023\/10\/logo_csj.webp","width":250,"height":95,"caption":"CSJ Emballages"},"image":{"@id":"https:\/\/www.csj-emballages.com\/pt-pt\/#\/schema\/logo\/image\/"},"sameAs":["https:\/\/www.facebook.com\/csjemballages"],"address":{"@type":"PostalAddress","streetAddress":"ZI La Lechere","addressLocality":"Patornay","postalCode":"39130","addressCountry":"FR"},"contactPoint":[{"@type":"ContactPoint","contactType":"Service client","telephone":"0384254272","email":"contact@csj-emballages.com"}]}]}},"df_price":17.22,"df_sale_price":"","df_regular_price":17.22,"df_image_link":"https:\/\/www.csj-emballages.com\/wp-content\/uploads\/2024\/03\/Support-mural-300x300.webp","tiered_pricing_type":"fixed","tiered_pricing_fixed_rules":[],"tiered_pricing_percentage_rules":[],"tiered_pricing_minimum":1,"tiered_pricing_roles_data":[],"_links":{"self":[{"href":"https:\/\/www.csj-emballages.com\/pt-pt\/wp-json\/wp\/v2\/product\/17916","targetHints":{"allow":["GET"]}}],"collection":[{"href":"https:\/\/www.csj-emballages.com\/pt-pt\/wp-json\/wp\/v2\/product"}],"about":[{"href":"https:\/\/www.csj-emballages.com\/pt-pt\/wp-json\/wp\/v2\/types\/product"}],"wp:featuredmedia":[{"embeddable":true,"href":"https:\/\/www.csj-emballages.com\/pt-pt\/wp-json\/wp\/v2\/media\/221423"}],"wp:attachment":[{"href":"https:\/\/www.csj-emballages.com\/pt-pt\/wp-json\/wp\/v2\/media?parent=17916"}],"wp:term":[{"taxonomy":"product_brand","embeddable":true,"href":"https:\/\/www.csj-emballages.com\/pt-pt\/wp-json\/wp\/v2\/product_brand?post=17916"},{"taxonomy":"product_cat","embeddable":true,"href":"https:\/\/www.csj-emballages.com\/pt-pt\/wp-json\/wp\/v2\/product_cat?post=17916"},{"taxonomy":"product_tag","embeddable":true,"href":"https:\/\/www.csj-emballages.com\/pt-pt\/wp-json\/wp\/v2\/product_tag?post=17916"}],"curies":[{"name":"wp","href":"https:\/\/api.w.org\/{rel}","templated":true}]}}