{"id":17911,"date":"2024-03-01T16:48:56","date_gmt":"2024-03-01T15:48:56","guid":{"rendered":"https:\/\/u15jnbdpoq.preview.infomaniak.website\/produit\/50-guardanapos-de-feliz-natal-em-micro-relevo-40-x-40-cm\/"},"modified":"2026-04-03T02:21:26","modified_gmt":"2026-04-03T00:21:26","slug":"50-guardanapos-de-feliz-natal-em-micro-relevo-40-x-40-cm","status":"publish","type":"product","link":"https:\/\/www.csj-emballages.com\/pt-pt\/produit\/50-guardanapos-de-feliz-natal-em-micro-relevo-40-x-40-cm\/","title":{"rendered":"Guardanapo de Natal Merry Christmas em relevo micro 40 x 40 cm por 50"},"content":{"rendered":"<h2 style=\"font-family: Roboto, sans-serif;\">Toalha de Natal<\/h2>\n<hr>\n<h3 style=\"font-family: Roboto, sans-serif;\"><span style=\"font-weight: bold;\">Descubra o nosso guardanapo de Natal Merry Christmas micro-gravados 40 x 40 cm por 50<\/span><\/h3>\n<p><!--more--><\/p>\n<p data-start=\"234\" data-end=\"538\">Crie um ambiente acolhedor e festivo nas suas mesas com este <strong>guardanapo de Natal<\/strong> de tecido <strong>vermelho<\/strong> decorado com uma elegante mensagem \u201c<strong>Merry Christmas<\/strong>\u201d em acabamento dourado. O seu design cuidado, associado a delicados motivos estrelados, confere imediatamente um toque de magia e requinte \u00e0s suas refei\u00e7\u00f5es de fim de ano. <\/p>\n<p data-start=\"540\" data-end=\"919\">O contraste entre o <strong>vermelho<\/strong> intenso e as impress\u00f5es <strong>douradas<\/strong> confere a este guardanapo um aspeto visual de alta qualidade, ideal para real\u00e7ar as suas mesas de Natal, buffets ou eventos festivos. Seja para uso profissional em restaura\u00e7\u00e3o ou para um evento particular, ele contribui plenamente para a experi\u00eancia do cliente, cuidando dos m\u00ednimos detalhes da sua decora\u00e7\u00e3o. <\/p>\n<p data-start=\"921\" data-end=\"1272\">Concebido em <strong>tecido<\/strong> de qualidade, este <strong>guardanapo<\/strong> combina est\u00e9tica e praticidade. Suave ao toque, oferece boa resist\u00eancia durante toda a refei\u00e7\u00e3o e \u00e9 perfeito para uso di\u00e1rio na \u00e9poca festiva, bem como para ocasi\u00f5es especiais. Integra-se facilmente em todos os estilos de decora\u00e7\u00e3o: tradicional, moderno ou chique.  <\/p>\n<p data-start=\"921\" data-end=\"1272\">\n<p data-start=\"488\" data-end=\"737\"><!--more--><\/p>\n<h4 data-start=\"488\" data-end=\"737\">Vantagens :<\/h4>\n<ul>\n<li data-section-id=\"1xmu2zl\" data-start=\"1869\" data-end=\"1916\">Design festivo <strong>vermelho e dourado<\/strong>, muito atrativo<\/li>\n<li data-section-id=\"ml7hda\" data-start=\"1917\" data-end=\"1970\">Inscri\u00e7\u00e3o \u201c<strong>Merry Christmas<\/strong>\u201d elegante e moderna<\/li>\n<li data-section-id=\"15ofl6j\" data-start=\"1971\" data-end=\"2030\">Motivos de estrelas para um ambiente m\u00e1gico e acolhedor<\/li>\n<li data-section-id=\"odqflm\" data-start=\"2031\" data-end=\"2079\">Tecido resistente e agrad\u00e1vel de usar<\/li>\n<li data-section-id=\"cg11ot\" data-start=\"2080\" data-end=\"2121\">Perfeito para as festas de fim de ano<\/li>\n<li data-section-id=\"dl95ha\" data-start=\"2122\" data-end=\"2172\">Adequado para uso profissional ou particular<\/li>\n<\/ul>\n<p data-start=\"488\" data-end=\"737\">\n<p data-start=\"488\" data-end=\"737\"><!--more--><\/p>\n<h4>Outras informa\u00e7\u00f5es :<\/h4>\n<div style=\"font-family: Roboto, sans-serif;\">\n<ul>\n<li><strong>Embalagem<\/strong>: Pacote de 50<\/li>\n<li><strong>Dimens\u00f5es<\/strong>: 40 x 40 cm<\/li>\n<li><strong>Material<\/strong>: Tecido<\/li>\n<li><strong>Gramagem<\/strong>: 18 g\/m\u00b2<\/li>\n<li><strong>Cor<\/strong>: Vermelho \/ Dourado<\/li>\n<\/ul>\n<p>&nbsp;<\/p>\n<\/div>\n<p><!--more--><\/p>\n<p><a href=\"https:\/\/www.csj-emballages.com\/pt-pt\/categorie-produit\/embalagem-de-alimentos\/restauracao\/guardanapos-jogos-americanos-toalhas-de-mesa\/toalhas\/toalhas-de-2-camadas-microembossadas\/\">Consulte o resto da nossa gama de guardanapos micro-gravados de 2 folhas<\/a><\/p>\n","protected":false},"excerpt":{"rendered":"<p>Toalha de Natal Descubra o nosso guardanapo de Natal Merry Christmas micro-gravados 40 x 40 cm por 50<\/p>\n","protected":false},"featured_media":276011,"template":"","meta":{"_acf_changed":false},"product_brand":[],"product_cat":[1141,1138,1139,1278,1280],"product_tag":[],"class_list":{"0":"post-17911","1":"product","2":"type-product","3":"status-publish","4":"has-post-thumbnail","6":"product_cat-embalagem-de-alimentos","7":"product_cat-restauracao","8":"product_cat-guardanapos-jogos-americanos-toalhas-de-mesa","9":"product_cat-toalhas","10":"product_cat-toalhas-de-2-camadas-microembossadas","12":"first","13":"instock","14":"taxable","15":"shipping-taxable","16":"purchasable","17":"product-type-simple"},"acf":[],"yoast_head":"<!-- This site is optimized with the Yoast SEO Premium plugin v26.6 (Yoast SEO v26.6) - https:\/\/yoast.com\/wordpress\/plugins\/seo\/ -->\n<title>Guardanapo de Natal Merry Christmas Micro-gravados 40 x 40 cm por 50<\/title>\n<meta name=\"description\" content=\"Guardanapo de Natal de tecido vermelho \u201cMerry Christmas\u201d com motivos dourados. Ideal para mesas de festa, restaurantes e eventos. Elegante, resistente e festivo.\" \/>\n<meta name=\"robots\" content=\"index, follow, max-snippet:-1, max-image-preview:large, max-video-preview:-1\" \/>\n<link rel=\"canonical\" href=\"https:\/\/www.csj-emballages.com\/pt-pt\/produit\/50-guardanapos-de-feliz-natal-em-micro-relevo-40-x-40-cm\/\" \/>\n<meta property=\"og:locale\" content=\"pt_PT\" \/>\n<meta property=\"og:type\" content=\"article\" \/>\n<meta property=\"og:title\" content=\"Guardanapo de Natal Merry Christmas em relevo micro 40 x 40 cm por 50\" \/>\n<meta property=\"og:description\" content=\"Guardanapo de Natal de tecido vermelho \u201cMerry Christmas\u201d com motivos dourados. Ideal para mesas de festa, restaurantes e eventos. Elegante, resistente e festivo.\" \/>\n<meta property=\"og:url\" content=\"https:\/\/www.csj-emballages.com\/pt-pt\/produit\/50-guardanapos-de-feliz-natal-em-micro-relevo-40-x-40-cm\/\" \/>\n<meta property=\"og:site_name\" content=\"CSJ Emballages\" \/>\n<meta property=\"article:publisher\" content=\"https:\/\/www.facebook.com\/csjemballages\" \/>\n<meta property=\"article:modified_time\" content=\"2026-04-03T00:21:26+00:00\" \/>\n<meta property=\"og:image\" content=\"https:\/\/www.csj-emballages.com\/wp-content\/uploads\/2024\/03\/18988.webp\" \/>\n\t<meta property=\"og:image:width\" content=\"800\" \/>\n\t<meta property=\"og:image:height\" content=\"800\" \/>\n\t<meta property=\"og:image:type\" content=\"image\/webp\" \/>\n<meta name=\"twitter:card\" content=\"summary_large_image\" \/>\n<meta name=\"twitter:label1\" content=\"Tempo estimado de leitura\" \/>\n\t<meta name=\"twitter:data1\" content=\"1 minuto\" \/>\n<script type=\"application\/ld+json\" class=\"yoast-schema-graph\">{\"@context\":\"https:\/\/schema.org\",\"@graph\":[{\"@type\":\"WebPage\",\"@id\":\"https:\/\/www.csj-emballages.com\/pt-pt\/produit\/50-guardanapos-de-feliz-natal-em-micro-relevo-40-x-40-cm\/\",\"url\":\"https:\/\/www.csj-emballages.com\/pt-pt\/produit\/50-guardanapos-de-feliz-natal-em-micro-relevo-40-x-40-cm\/\",\"name\":\"Guardanapo de Natal Merry Christmas Micro-gravados 40 x 40 cm por 50\",\"isPartOf\":{\"@id\":\"https:\/\/www.csj-emballages.com\/pt-pt\/#website\"},\"primaryImageOfPage\":{\"@id\":\"https:\/\/www.csj-emballages.com\/pt-pt\/produit\/50-guardanapos-de-feliz-natal-em-micro-relevo-40-x-40-cm\/#primaryimage\"},\"image\":{\"@id\":\"https:\/\/www.csj-emballages.com\/pt-pt\/produit\/50-guardanapos-de-feliz-natal-em-micro-relevo-40-x-40-cm\/#primaryimage\"},\"thumbnailUrl\":\"https:\/\/www.csj-emballages.com\/wp-content\/uploads\/2024\/03\/18988.webp\",\"datePublished\":\"2024-03-01T15:48:56+00:00\",\"dateModified\":\"2026-04-03T00:21:26+00:00\",\"description\":\"Guardanapo de Natal de tecido vermelho \u201cMerry Christmas\u201d com motivos dourados. Ideal para mesas de festa, restaurantes e eventos. Elegante, resistente e festivo.\",\"breadcrumb\":{\"@id\":\"https:\/\/www.csj-emballages.com\/pt-pt\/produit\/50-guardanapos-de-feliz-natal-em-micro-relevo-40-x-40-cm\/#breadcrumb\"},\"inLanguage\":\"pt-PT\",\"potentialAction\":[{\"@type\":\"ReadAction\",\"target\":[\"https:\/\/www.csj-emballages.com\/pt-pt\/produit\/50-guardanapos-de-feliz-natal-em-micro-relevo-40-x-40-cm\/\"]}]},{\"@type\":\"ImageObject\",\"inLanguage\":\"pt-PT\",\"@id\":\"https:\/\/www.csj-emballages.com\/pt-pt\/produit\/50-guardanapos-de-feliz-natal-em-micro-relevo-40-x-40-cm\/#primaryimage\",\"url\":\"https:\/\/www.csj-emballages.com\/wp-content\/uploads\/2024\/03\/18988.webp\",\"contentUrl\":\"https:\/\/www.csj-emballages.com\/wp-content\/uploads\/2024\/03\/18988.webp\",\"width\":800,\"height\":800},{\"@type\":\"BreadcrumbList\",\"@id\":\"https:\/\/www.csj-emballages.com\/pt-pt\/produit\/50-guardanapos-de-feliz-natal-em-micro-relevo-40-x-40-cm\/#breadcrumb\",\"itemListElement\":[{\"@type\":\"ListItem\",\"position\":1,\"name\":\"Acolhimento\",\"item\":\"https:\/\/www.csj-emballages.com\/pt-pt\/universo-das-embalagens-alimentares\/\"},{\"@type\":\"ListItem\",\"position\":2,\"name\":\"Shop\",\"item\":\"https:\/\/www.csj-emballages.com\/shop\/\"},{\"@type\":\"ListItem\",\"position\":3,\"name\":\"Guardanapo de Natal Merry Christmas em relevo micro 40 x 40 cm por 50\"}]},{\"@type\":\"WebSite\",\"@id\":\"https:\/\/www.csj-emballages.com\/pt-pt\/#website\",\"url\":\"https:\/\/www.csj-emballages.com\/pt-pt\/\",\"name\":\"CSJ Emballages\",\"description\":\"\",\"publisher\":{\"@id\":\"https:\/\/www.csj-emballages.com\/pt-pt\/#organization\"},\"potentialAction\":[{\"@type\":\"SearchAction\",\"target\":{\"@type\":\"EntryPoint\",\"urlTemplate\":\"https:\/\/www.csj-emballages.com\/pt-pt\/?s={search_term_string}\"},\"query-input\":{\"@type\":\"PropertyValueSpecification\",\"valueRequired\":true,\"valueName\":\"search_term_string\"}}],\"inLanguage\":\"pt-PT\"},{\"@type\":\"Organization\",\"@id\":\"https:\/\/www.csj-emballages.com\/pt-pt\/#Organization\/\",\"name\":\"CSJ Emballages\",\"url\":\"https:\/\/www.csj-emballages.com\/pt-pt\/\",\"logo\":{\"@type\":\"ImageObject\",\"inLanguage\":\"pt-PT\",\"@id\":\"https:\/\/www.csj-emballages.com\/pt-pt\/#\/schema\/logo\/image\/\",\"url\":\"https:\/\/www.csj-emballages.com\/wp-content\/uploads\/2023\/10\/logo_csj.webp\",\"contentUrl\":\"https:\/\/www.csj-emballages.com\/wp-content\/uploads\/2023\/10\/logo_csj.webp\",\"width\":250,\"height\":95,\"caption\":\"CSJ Emballages\"},\"image\":{\"@id\":\"https:\/\/www.csj-emballages.com\/pt-pt\/#\/schema\/logo\/image\/\"},\"sameAs\":[\"https:\/\/www.facebook.com\/csjemballages\"],\"address\":{\"@type\":\"PostalAddress\",\"streetAddress\":\"ZI La Lechere\",\"addressLocality\":\"Patornay\",\"postalCode\":\"39130\",\"addressCountry\":\"FR\"},\"contactPoint\":[{\"@type\":\"ContactPoint\",\"contactType\":\"Service client\",\"telephone\":\"0384254272\",\"email\":\"contact@csj-emballages.com\"}]}]}<\/script>\n<!-- \/ Yoast SEO Premium plugin. -->","yoast_head_json":{"title":"Guardanapo de Natal Merry Christmas Micro-gravados 40 x 40 cm por 50","description":"Guardanapo de Natal de tecido vermelho \u201cMerry Christmas\u201d com motivos dourados. Ideal para mesas de festa, restaurantes e eventos. Elegante, resistente e festivo.","robots":{"index":"index","follow":"follow","max-snippet":"max-snippet:-1","max-image-preview":"max-image-preview:large","max-video-preview":"max-video-preview:-1"},"canonical":"https:\/\/www.csj-emballages.com\/pt-pt\/produit\/50-guardanapos-de-feliz-natal-em-micro-relevo-40-x-40-cm\/","og_locale":"pt_PT","og_type":"article","og_title":"Guardanapo de Natal Merry Christmas em relevo micro 40 x 40 cm por 50","og_description":"Guardanapo de Natal de tecido vermelho \u201cMerry Christmas\u201d com motivos dourados. Ideal para mesas de festa, restaurantes e eventos. Elegante, resistente e festivo.","og_url":"https:\/\/www.csj-emballages.com\/pt-pt\/produit\/50-guardanapos-de-feliz-natal-em-micro-relevo-40-x-40-cm\/","og_site_name":"CSJ Emballages","article_publisher":"https:\/\/www.facebook.com\/csjemballages","article_modified_time":"2026-04-03T00:21:26+00:00","og_image":[{"width":800,"height":800,"url":"https:\/\/www.csj-emballages.com\/wp-content\/uploads\/2024\/03\/18988.webp","type":"image\/webp"}],"twitter_card":"summary_large_image","twitter_misc":{"Tempo estimado de leitura":"1 minuto"},"schema":{"@context":"https:\/\/schema.org","@graph":[{"@type":"WebPage","@id":"https:\/\/www.csj-emballages.com\/pt-pt\/produit\/50-guardanapos-de-feliz-natal-em-micro-relevo-40-x-40-cm\/","url":"https:\/\/www.csj-emballages.com\/pt-pt\/produit\/50-guardanapos-de-feliz-natal-em-micro-relevo-40-x-40-cm\/","name":"Guardanapo de Natal Merry Christmas Micro-gravados 40 x 40 cm por 50","isPartOf":{"@id":"https:\/\/www.csj-emballages.com\/pt-pt\/#website"},"primaryImageOfPage":{"@id":"https:\/\/www.csj-emballages.com\/pt-pt\/produit\/50-guardanapos-de-feliz-natal-em-micro-relevo-40-x-40-cm\/#primaryimage"},"image":{"@id":"https:\/\/www.csj-emballages.com\/pt-pt\/produit\/50-guardanapos-de-feliz-natal-em-micro-relevo-40-x-40-cm\/#primaryimage"},"thumbnailUrl":"https:\/\/www.csj-emballages.com\/wp-content\/uploads\/2024\/03\/18988.webp","datePublished":"2024-03-01T15:48:56+00:00","dateModified":"2026-04-03T00:21:26+00:00","description":"Guardanapo de Natal de tecido vermelho \u201cMerry Christmas\u201d com motivos dourados. Ideal para mesas de festa, restaurantes e eventos. Elegante, resistente e festivo.","breadcrumb":{"@id":"https:\/\/www.csj-emballages.com\/pt-pt\/produit\/50-guardanapos-de-feliz-natal-em-micro-relevo-40-x-40-cm\/#breadcrumb"},"inLanguage":"pt-PT","potentialAction":[{"@type":"ReadAction","target":["https:\/\/www.csj-emballages.com\/pt-pt\/produit\/50-guardanapos-de-feliz-natal-em-micro-relevo-40-x-40-cm\/"]}]},{"@type":"ImageObject","inLanguage":"pt-PT","@id":"https:\/\/www.csj-emballages.com\/pt-pt\/produit\/50-guardanapos-de-feliz-natal-em-micro-relevo-40-x-40-cm\/#primaryimage","url":"https:\/\/www.csj-emballages.com\/wp-content\/uploads\/2024\/03\/18988.webp","contentUrl":"https:\/\/www.csj-emballages.com\/wp-content\/uploads\/2024\/03\/18988.webp","width":800,"height":800},{"@type":"BreadcrumbList","@id":"https:\/\/www.csj-emballages.com\/pt-pt\/produit\/50-guardanapos-de-feliz-natal-em-micro-relevo-40-x-40-cm\/#breadcrumb","itemListElement":[{"@type":"ListItem","position":1,"name":"Acolhimento","item":"https:\/\/www.csj-emballages.com\/pt-pt\/universo-das-embalagens-alimentares\/"},{"@type":"ListItem","position":2,"name":"Shop","item":"https:\/\/www.csj-emballages.com\/shop\/"},{"@type":"ListItem","position":3,"name":"Guardanapo de Natal Merry Christmas em relevo micro 40 x 40 cm por 50"}]},{"@type":"WebSite","@id":"https:\/\/www.csj-emballages.com\/pt-pt\/#website","url":"https:\/\/www.csj-emballages.com\/pt-pt\/","name":"CSJ Emballages","description":"","publisher":{"@id":"https:\/\/www.csj-emballages.com\/pt-pt\/#organization"},"potentialAction":[{"@type":"SearchAction","target":{"@type":"EntryPoint","urlTemplate":"https:\/\/www.csj-emballages.com\/pt-pt\/?s={search_term_string}"},"query-input":{"@type":"PropertyValueSpecification","valueRequired":true,"valueName":"search_term_string"}}],"inLanguage":"pt-PT"},{"@type":"Organization","@id":"https:\/\/www.csj-emballages.com\/pt-pt\/#Organization\/","name":"CSJ Emballages","url":"https:\/\/www.csj-emballages.com\/pt-pt\/","logo":{"@type":"ImageObject","inLanguage":"pt-PT","@id":"https:\/\/www.csj-emballages.com\/pt-pt\/#\/schema\/logo\/image\/","url":"https:\/\/www.csj-emballages.com\/wp-content\/uploads\/2023\/10\/logo_csj.webp","contentUrl":"https:\/\/www.csj-emballages.com\/wp-content\/uploads\/2023\/10\/logo_csj.webp","width":250,"height":95,"caption":"CSJ Emballages"},"image":{"@id":"https:\/\/www.csj-emballages.com\/pt-pt\/#\/schema\/logo\/image\/"},"sameAs":["https:\/\/www.facebook.com\/csjemballages"],"address":{"@type":"PostalAddress","streetAddress":"ZI La Lechere","addressLocality":"Patornay","postalCode":"39130","addressCountry":"FR"},"contactPoint":[{"@type":"ContactPoint","contactType":"Service client","telephone":"0384254272","email":"contact@csj-emballages.com"}]}]}},"df_price":2.93,"df_sale_price":"","df_regular_price":2.93,"df_image_link":"https:\/\/www.csj-emballages.com\/wp-content\/uploads\/2024\/03\/18988-300x300.webp","tiered_pricing_type":"fixed","tiered_pricing_fixed_rules":[],"tiered_pricing_percentage_rules":[],"tiered_pricing_minimum":1,"tiered_pricing_roles_data":[],"_links":{"self":[{"href":"https:\/\/www.csj-emballages.com\/pt-pt\/wp-json\/wp\/v2\/product\/17911","targetHints":{"allow":["GET"]}}],"collection":[{"href":"https:\/\/www.csj-emballages.com\/pt-pt\/wp-json\/wp\/v2\/product"}],"about":[{"href":"https:\/\/www.csj-emballages.com\/pt-pt\/wp-json\/wp\/v2\/types\/product"}],"wp:featuredmedia":[{"embeddable":true,"href":"https:\/\/www.csj-emballages.com\/pt-pt\/wp-json\/wp\/v2\/media\/276011"}],"wp:attachment":[{"href":"https:\/\/www.csj-emballages.com\/pt-pt\/wp-json\/wp\/v2\/media?parent=17911"}],"wp:term":[{"taxonomy":"product_brand","embeddable":true,"href":"https:\/\/www.csj-emballages.com\/pt-pt\/wp-json\/wp\/v2\/product_brand?post=17911"},{"taxonomy":"product_cat","embeddable":true,"href":"https:\/\/www.csj-emballages.com\/pt-pt\/wp-json\/wp\/v2\/product_cat?post=17911"},{"taxonomy":"product_tag","embeddable":true,"href":"https:\/\/www.csj-emballages.com\/pt-pt\/wp-json\/wp\/v2\/product_tag?post=17911"}],"curies":[{"name":"wp","href":"https:\/\/api.w.org\/{rel}","templated":true}]}}