{"id":17903,"date":"2024-03-01T16:48:55","date_gmt":"2024-03-01T15:48:55","guid":{"rendered":"https:\/\/u15jnbdpoq.preview.infomaniak.website\/produit\/50-guardanapos-de-natal-com-relevo-winter-micros-40-x-40-cm\/"},"modified":"2026-03-12T16:43:52","modified_gmt":"2026-03-12T15:43:52","slug":"50-guardanapos-de-natal-com-relevo-winter-micros-40-x-40-cm","status":"publish","type":"product","link":"https:\/\/www.csj-emballages.com\/pt-pt\/produit\/50-guardanapos-de-natal-com-relevo-winter-micros-40-x-40-cm\/","title":{"rendered":"Guardanapo de Natal com relevo Winter micros 40 x 40 cm por 50"},"content":{"rendered":"<h2>Toalha de Natal<\/h2>\n<hr>\n<h3><span style=\"font-weight: bold;\">Descubra os nossos guardanapos de Natal com relevo de 40 x 40 cm, pacote de 50<\/span><\/h3>\n<p><!--more--><\/p>\n<div class=\"flex max-w-full flex-col flex-grow\">\n<div class=\"min-h-8 text-message flex w-full flex-col items-end gap-2 whitespace-normal break-words text-start [.text-message+&amp;]:mt-5\" dir=\"auto\" data-message-author-role=\"assistant\" data-message-id=\"9b149096-222c-4804-b25c-623d8d364029\" data-message-model-slug=\"gpt-4o-mini\">\n<div class=\"flex w-full flex-col gap-1 empty:hidden first:pt-[3px]\">\n<div class=\"markdown prose w-full break-words dark:prose-invert dark\">\n<p data-start=\"109\" data-end=\"570\">Prepare as suas mesas festivas com eleg\u00e2ncia gra\u00e7as aos <strong data-start=\"162\" data-end=\"222\">guardanapos de Natal Winter micros com relevo de 40 x 40 cm, embalagem de 50<\/strong>. Concebidos para restauradores e fornecedores de refei\u00e7\u00f5es, bem como para os entusiastas de jantares privados, conferem imediatamente uma atmosfera calorosa e requintada \u00e0s suas refei\u00e7\u00f5es. O seu design invernal e os seus motivos delicados evocam a magia da \u00e9poca festiva, transformando uma simples mesa num ambiente acolhedor e de conv\u00edvio.  <\/p>\n<p data-start=\"572\" data-end=\"1072\">Estes <strong data-start=\"576\" data-end=\"598\">guardanapos de Natal<\/strong> t\u00eam um formato generoso de <strong>40 x 40 cm<\/strong> e apresentam uma textura <strong data-start=\"664\" data-end=\"682\">em micro-embossado<\/strong> para maior conforto e durabilidade. Al\u00e9m disso, s\u00e3o agrad\u00e1veis ao tato, absorventes e suficientemente resistentes para suportar uma refei\u00e7\u00e3o completa, quer se trate de um jantar gourmet, de um buffet festivo ou de uma refei\u00e7\u00e3o em fam\u00edlia. Gra\u00e7as ao seu acabamento elegante, dobram-se facilmente e adaptam-se a todas as configura\u00e7\u00f5es de mesa.  <\/p>\n<p data-start=\"1074\" data-end=\"1408\">Embalados em conjuntos de 50, estes <strong data-start=\"1100\" data-end=\"1121\">guardanapos Winter<\/strong> oferecem uma excelente rela\u00e7\u00e3o qualidade\/pre\u00e7o, permitindo-lhe cobrir v\u00e1rias mesas ou v\u00e1rios pratos sem comprometer a est\u00e9tica.<\/p>\n<p data-start=\"1410\" data-end=\"1663\">Ao escolher estes <strong data-start=\"1429\" data-end=\"1466\">guardanapos No\u00ebl Winter 40 x 40 cm<\/strong>, est\u00e1 a optar pela praticidade e pela eleg\u00e2ncia. S\u00e3o perfeitos para surpreender os seus convidados, real\u00e7ar os seus pratos e dar um toque extra de magia \u00e0s suas celebra\u00e7\u00f5es de fim de ano. <\/p>\n<\/div>\n<p data-start=\"1410\" data-end=\"1663\">\n<\/div>\n<\/div>\n<\/div>\n<p><!--more--><\/p>\n<h4>Vantagens :<\/h4>\n<ul>\n<li>Formato 40 x 40 cm ideal para todas as mesas de festa.<\/li>\n<li>Textura microembossada absorvente e resistente.<\/li>\n<li>Design de inverno requintado para um ambiente acolhedor.<\/li>\n<li>Convenientemente embalados em pacotes de 50 toalhas.<\/li>\n<li>Adequado para utilizadores profissionais e privados<\/li>\n<\/ul>\n<p>&nbsp;<\/p>\n<p><!--more--><\/p>\n<h4>Outras informa\u00e7\u00f5es :<\/h4>\n<ul>\n<li><strong>Embalagem<\/strong>: Pacote de 50<\/li>\n<li><strong>Cor<\/strong>: Areia \/ Decores<\/li>\n<li><strong>Dimens\u00f5es<\/strong>: 40 x 40 cm desdobrado<\/li>\n<li><strong>Material<\/strong>: Tecido<\/li>\n<\/ul>\n<p>&nbsp;<\/p>\n<p><!--more--><\/p>\n<p><a href=\"https:\/\/www.csj-emballages.com\/pt-pt\/categorie-produit\/embalagem-de-alimentos\/restauracao\/guardanapos-jogos-americanos-toalhas-de-mesa\/toalhas\/toalhas-de-2-camadas\/\">Ver o resto da nossa gama de toalhas de 2 camadas<\/a><\/p>\n","protected":false},"excerpt":{"rendered":"<p>Toalha de Natal Descubra os nossos guardanapos de Natal com relevo de 40 x 40 cm, pacote de 50<\/p>\n","protected":false},"featured_media":10620,"template":"","meta":{"_acf_changed":false},"product_brand":[],"product_cat":[1141,1138,1139,1278,1280],"product_tag":[],"class_list":{"0":"post-17903","1":"product","2":"type-product","3":"status-publish","4":"has-post-thumbnail","6":"product_cat-embalagem-de-alimentos","7":"product_cat-restauracao","8":"product_cat-guardanapos-jogos-americanos-toalhas-de-mesa","9":"product_cat-toalhas","10":"product_cat-toalhas-de-2-camadas-microembossadas","12":"first","13":"instock","14":"taxable","15":"shipping-taxable","16":"purchasable","17":"product-type-simple"},"acf":[],"yoast_head":"<!-- This site is optimized with the Yoast SEO Premium plugin v26.6 (Yoast SEO v26.6) - https:\/\/yoast.com\/wordpress\/plugins\/seo\/ -->\n<title>Natal inverno Micros Toalhas com relevo 40 x 40 cm por 50<\/title>\n<meta name=\"description\" content=\"D\u00ea um toque de eleg\u00e2ncia \u00e0s suas celebra\u00e7\u00f5es festivas com as toalhas de Natal Winter micros com relevo de 40 x 40 cm em embalagens de 50: resistentes, absorventes e com um design requintado.\" \/>\n<meta name=\"robots\" content=\"index, follow, max-snippet:-1, max-image-preview:large, max-video-preview:-1\" \/>\n<link rel=\"canonical\" href=\"https:\/\/www.csj-emballages.com\/pt-pt\/produit\/50-guardanapos-de-natal-com-relevo-winter-micros-40-x-40-cm\/\" \/>\n<meta property=\"og:locale\" content=\"pt_PT\" \/>\n<meta property=\"og:type\" content=\"article\" \/>\n<meta property=\"og:title\" content=\"Guardanapo de Natal com relevo Winter micros 40 x 40 cm por 50\" \/>\n<meta property=\"og:description\" content=\"D\u00ea um toque de eleg\u00e2ncia \u00e0s suas celebra\u00e7\u00f5es festivas com as toalhas de Natal Winter micros com relevo de 40 x 40 cm em embalagens de 50: resistentes, absorventes e com um design requintado.\" \/>\n<meta property=\"og:url\" content=\"https:\/\/www.csj-emballages.com\/pt-pt\/produit\/50-guardanapos-de-natal-com-relevo-winter-micros-40-x-40-cm\/\" \/>\n<meta property=\"og:site_name\" content=\"CSJ Emballages\" \/>\n<meta property=\"article:publisher\" content=\"https:\/\/www.facebook.com\/csjemballages\" \/>\n<meta property=\"article:modified_time\" content=\"2026-03-12T15:43:52+00:00\" \/>\n<meta property=\"og:image\" content=\"https:\/\/www.csj-emballages.com\/wp-content\/uploads\/2024\/03\/Capture-d-e-cran-2023-11-09-a-14-48-47-zoom.png\" \/>\n\t<meta property=\"og:image:width\" content=\"539\" \/>\n\t<meta property=\"og:image:height\" content=\"516\" \/>\n\t<meta property=\"og:image:type\" content=\"image\/png\" \/>\n<meta name=\"twitter:card\" content=\"summary_large_image\" \/>\n<meta name=\"twitter:label1\" content=\"Tempo estimado de leitura\" \/>\n\t<meta name=\"twitter:data1\" content=\"2 minutos\" \/>\n<script type=\"application\/ld+json\" class=\"yoast-schema-graph\">{\"@context\":\"https:\/\/schema.org\",\"@graph\":[{\"@type\":\"WebPage\",\"@id\":\"https:\/\/www.csj-emballages.com\/pt-pt\/produit\/50-guardanapos-de-natal-com-relevo-winter-micros-40-x-40-cm\/\",\"url\":\"https:\/\/www.csj-emballages.com\/pt-pt\/produit\/50-guardanapos-de-natal-com-relevo-winter-micros-40-x-40-cm\/\",\"name\":\"Natal inverno Micros Toalhas com relevo 40 x 40 cm por 50\",\"isPartOf\":{\"@id\":\"https:\/\/www.csj-emballages.com\/pt-pt\/#website\"},\"primaryImageOfPage\":{\"@id\":\"https:\/\/www.csj-emballages.com\/pt-pt\/produit\/50-guardanapos-de-natal-com-relevo-winter-micros-40-x-40-cm\/#primaryimage\"},\"image\":{\"@id\":\"https:\/\/www.csj-emballages.com\/pt-pt\/produit\/50-guardanapos-de-natal-com-relevo-winter-micros-40-x-40-cm\/#primaryimage\"},\"thumbnailUrl\":\"https:\/\/www.csj-emballages.com\/wp-content\/uploads\/2024\/03\/Capture-d-e-cran-2023-11-09-a-14-48-47-zoom.png\",\"datePublished\":\"2024-03-01T15:48:55+00:00\",\"dateModified\":\"2026-03-12T15:43:52+00:00\",\"description\":\"D\u00ea um toque de eleg\u00e2ncia \u00e0s suas celebra\u00e7\u00f5es festivas com as toalhas de Natal Winter micros com relevo de 40 x 40 cm em embalagens de 50: resistentes, absorventes e com um design requintado.\",\"breadcrumb\":{\"@id\":\"https:\/\/www.csj-emballages.com\/pt-pt\/produit\/50-guardanapos-de-natal-com-relevo-winter-micros-40-x-40-cm\/#breadcrumb\"},\"inLanguage\":\"pt-PT\",\"potentialAction\":[{\"@type\":\"ReadAction\",\"target\":[\"https:\/\/www.csj-emballages.com\/pt-pt\/produit\/50-guardanapos-de-natal-com-relevo-winter-micros-40-x-40-cm\/\"]}]},{\"@type\":\"ImageObject\",\"inLanguage\":\"pt-PT\",\"@id\":\"https:\/\/www.csj-emballages.com\/pt-pt\/produit\/50-guardanapos-de-natal-com-relevo-winter-micros-40-x-40-cm\/#primaryimage\",\"url\":\"https:\/\/www.csj-emballages.com\/wp-content\/uploads\/2024\/03\/Capture-d-e-cran-2023-11-09-a-14-48-47-zoom.png\",\"contentUrl\":\"https:\/\/www.csj-emballages.com\/wp-content\/uploads\/2024\/03\/Capture-d-e-cran-2023-11-09-a-14-48-47-zoom.png\",\"width\":539,\"height\":516},{\"@type\":\"BreadcrumbList\",\"@id\":\"https:\/\/www.csj-emballages.com\/pt-pt\/produit\/50-guardanapos-de-natal-com-relevo-winter-micros-40-x-40-cm\/#breadcrumb\",\"itemListElement\":[{\"@type\":\"ListItem\",\"position\":1,\"name\":\"Acolhimento\",\"item\":\"https:\/\/www.csj-emballages.com\/pt-pt\/universo-das-embalagens-alimentares\/\"},{\"@type\":\"ListItem\",\"position\":2,\"name\":\"Shop\",\"item\":\"https:\/\/www.csj-emballages.com\/shop\/\"},{\"@type\":\"ListItem\",\"position\":3,\"name\":\"Guardanapo de Natal com relevo Winter micros 40 x 40 cm por 50\"}]},{\"@type\":\"WebSite\",\"@id\":\"https:\/\/www.csj-emballages.com\/pt-pt\/#website\",\"url\":\"https:\/\/www.csj-emballages.com\/pt-pt\/\",\"name\":\"CSJ Emballages\",\"description\":\"\",\"publisher\":{\"@id\":\"https:\/\/www.csj-emballages.com\/pt-pt\/#organization\"},\"potentialAction\":[{\"@type\":\"SearchAction\",\"target\":{\"@type\":\"EntryPoint\",\"urlTemplate\":\"https:\/\/www.csj-emballages.com\/pt-pt\/?s={search_term_string}\"},\"query-input\":{\"@type\":\"PropertyValueSpecification\",\"valueRequired\":true,\"valueName\":\"search_term_string\"}}],\"inLanguage\":\"pt-PT\"},{\"@type\":\"Organization\",\"@id\":\"https:\/\/www.csj-emballages.com\/pt-pt\/#Organization\/\",\"name\":\"CSJ Emballages\",\"url\":\"https:\/\/www.csj-emballages.com\/pt-pt\/\",\"logo\":{\"@type\":\"ImageObject\",\"inLanguage\":\"pt-PT\",\"@id\":\"https:\/\/www.csj-emballages.com\/pt-pt\/#\/schema\/logo\/image\/\",\"url\":\"https:\/\/www.csj-emballages.com\/wp-content\/uploads\/2023\/10\/logo_csj.webp\",\"contentUrl\":\"https:\/\/www.csj-emballages.com\/wp-content\/uploads\/2023\/10\/logo_csj.webp\",\"width\":250,\"height\":95,\"caption\":\"CSJ Emballages\"},\"image\":{\"@id\":\"https:\/\/www.csj-emballages.com\/pt-pt\/#\/schema\/logo\/image\/\"},\"sameAs\":[\"https:\/\/www.facebook.com\/csjemballages\"],\"address\":{\"@type\":\"PostalAddress\",\"streetAddress\":\"ZI La Lechere\",\"addressLocality\":\"Patornay\",\"postalCode\":\"39130\",\"addressCountry\":\"FR\"},\"contactPoint\":[{\"@type\":\"ContactPoint\",\"contactType\":\"Service client\",\"telephone\":\"0384254272\",\"email\":\"contact@csj-emballages.com\"}]}]}<\/script>\n<!-- \/ Yoast SEO Premium plugin. -->","yoast_head_json":{"title":"Natal inverno Micros Toalhas com relevo 40 x 40 cm por 50","description":"D\u00ea um toque de eleg\u00e2ncia \u00e0s suas celebra\u00e7\u00f5es festivas com as toalhas de Natal Winter micros com relevo de 40 x 40 cm em embalagens de 50: resistentes, absorventes e com um design requintado.","robots":{"index":"index","follow":"follow","max-snippet":"max-snippet:-1","max-image-preview":"max-image-preview:large","max-video-preview":"max-video-preview:-1"},"canonical":"https:\/\/www.csj-emballages.com\/pt-pt\/produit\/50-guardanapos-de-natal-com-relevo-winter-micros-40-x-40-cm\/","og_locale":"pt_PT","og_type":"article","og_title":"Guardanapo de Natal com relevo Winter micros 40 x 40 cm por 50","og_description":"D\u00ea um toque de eleg\u00e2ncia \u00e0s suas celebra\u00e7\u00f5es festivas com as toalhas de Natal Winter micros com relevo de 40 x 40 cm em embalagens de 50: resistentes, absorventes e com um design requintado.","og_url":"https:\/\/www.csj-emballages.com\/pt-pt\/produit\/50-guardanapos-de-natal-com-relevo-winter-micros-40-x-40-cm\/","og_site_name":"CSJ Emballages","article_publisher":"https:\/\/www.facebook.com\/csjemballages","article_modified_time":"2026-03-12T15:43:52+00:00","og_image":[{"width":539,"height":516,"url":"https:\/\/www.csj-emballages.com\/wp-content\/uploads\/2024\/03\/Capture-d-e-cran-2023-11-09-a-14-48-47-zoom.png","type":"image\/png"}],"twitter_card":"summary_large_image","twitter_misc":{"Tempo estimado de leitura":"2 minutos"},"schema":{"@context":"https:\/\/schema.org","@graph":[{"@type":"WebPage","@id":"https:\/\/www.csj-emballages.com\/pt-pt\/produit\/50-guardanapos-de-natal-com-relevo-winter-micros-40-x-40-cm\/","url":"https:\/\/www.csj-emballages.com\/pt-pt\/produit\/50-guardanapos-de-natal-com-relevo-winter-micros-40-x-40-cm\/","name":"Natal inverno Micros Toalhas com relevo 40 x 40 cm por 50","isPartOf":{"@id":"https:\/\/www.csj-emballages.com\/pt-pt\/#website"},"primaryImageOfPage":{"@id":"https:\/\/www.csj-emballages.com\/pt-pt\/produit\/50-guardanapos-de-natal-com-relevo-winter-micros-40-x-40-cm\/#primaryimage"},"image":{"@id":"https:\/\/www.csj-emballages.com\/pt-pt\/produit\/50-guardanapos-de-natal-com-relevo-winter-micros-40-x-40-cm\/#primaryimage"},"thumbnailUrl":"https:\/\/www.csj-emballages.com\/wp-content\/uploads\/2024\/03\/Capture-d-e-cran-2023-11-09-a-14-48-47-zoom.png","datePublished":"2024-03-01T15:48:55+00:00","dateModified":"2026-03-12T15:43:52+00:00","description":"D\u00ea um toque de eleg\u00e2ncia \u00e0s suas celebra\u00e7\u00f5es festivas com as toalhas de Natal Winter micros com relevo de 40 x 40 cm em embalagens de 50: resistentes, absorventes e com um design requintado.","breadcrumb":{"@id":"https:\/\/www.csj-emballages.com\/pt-pt\/produit\/50-guardanapos-de-natal-com-relevo-winter-micros-40-x-40-cm\/#breadcrumb"},"inLanguage":"pt-PT","potentialAction":[{"@type":"ReadAction","target":["https:\/\/www.csj-emballages.com\/pt-pt\/produit\/50-guardanapos-de-natal-com-relevo-winter-micros-40-x-40-cm\/"]}]},{"@type":"ImageObject","inLanguage":"pt-PT","@id":"https:\/\/www.csj-emballages.com\/pt-pt\/produit\/50-guardanapos-de-natal-com-relevo-winter-micros-40-x-40-cm\/#primaryimage","url":"https:\/\/www.csj-emballages.com\/wp-content\/uploads\/2024\/03\/Capture-d-e-cran-2023-11-09-a-14-48-47-zoom.png","contentUrl":"https:\/\/www.csj-emballages.com\/wp-content\/uploads\/2024\/03\/Capture-d-e-cran-2023-11-09-a-14-48-47-zoom.png","width":539,"height":516},{"@type":"BreadcrumbList","@id":"https:\/\/www.csj-emballages.com\/pt-pt\/produit\/50-guardanapos-de-natal-com-relevo-winter-micros-40-x-40-cm\/#breadcrumb","itemListElement":[{"@type":"ListItem","position":1,"name":"Acolhimento","item":"https:\/\/www.csj-emballages.com\/pt-pt\/universo-das-embalagens-alimentares\/"},{"@type":"ListItem","position":2,"name":"Shop","item":"https:\/\/www.csj-emballages.com\/shop\/"},{"@type":"ListItem","position":3,"name":"Guardanapo de Natal com relevo Winter micros 40 x 40 cm por 50"}]},{"@type":"WebSite","@id":"https:\/\/www.csj-emballages.com\/pt-pt\/#website","url":"https:\/\/www.csj-emballages.com\/pt-pt\/","name":"CSJ Emballages","description":"","publisher":{"@id":"https:\/\/www.csj-emballages.com\/pt-pt\/#organization"},"potentialAction":[{"@type":"SearchAction","target":{"@type":"EntryPoint","urlTemplate":"https:\/\/www.csj-emballages.com\/pt-pt\/?s={search_term_string}"},"query-input":{"@type":"PropertyValueSpecification","valueRequired":true,"valueName":"search_term_string"}}],"inLanguage":"pt-PT"},{"@type":"Organization","@id":"https:\/\/www.csj-emballages.com\/pt-pt\/#Organization\/","name":"CSJ Emballages","url":"https:\/\/www.csj-emballages.com\/pt-pt\/","logo":{"@type":"ImageObject","inLanguage":"pt-PT","@id":"https:\/\/www.csj-emballages.com\/pt-pt\/#\/schema\/logo\/image\/","url":"https:\/\/www.csj-emballages.com\/wp-content\/uploads\/2023\/10\/logo_csj.webp","contentUrl":"https:\/\/www.csj-emballages.com\/wp-content\/uploads\/2023\/10\/logo_csj.webp","width":250,"height":95,"caption":"CSJ Emballages"},"image":{"@id":"https:\/\/www.csj-emballages.com\/pt-pt\/#\/schema\/logo\/image\/"},"sameAs":["https:\/\/www.facebook.com\/csjemballages"],"address":{"@type":"PostalAddress","streetAddress":"ZI La Lechere","addressLocality":"Patornay","postalCode":"39130","addressCountry":"FR"},"contactPoint":[{"@type":"ContactPoint","contactType":"Service client","telephone":"0384254272","email":"contact@csj-emballages.com"}]}]}},"df_price":2.3,"df_sale_price":"","df_regular_price":2.3,"df_image_link":"https:\/\/www.csj-emballages.com\/wp-content\/uploads\/2024\/03\/Capture-d-e-cran-2023-11-09-a-14-48-47-zoom-300x287.png","tiered_pricing_type":"fixed","tiered_pricing_fixed_rules":[],"tiered_pricing_percentage_rules":[],"tiered_pricing_minimum":1,"tiered_pricing_roles_data":[],"_links":{"self":[{"href":"https:\/\/www.csj-emballages.com\/pt-pt\/wp-json\/wp\/v2\/product\/17903","targetHints":{"allow":["GET"]}}],"collection":[{"href":"https:\/\/www.csj-emballages.com\/pt-pt\/wp-json\/wp\/v2\/product"}],"about":[{"href":"https:\/\/www.csj-emballages.com\/pt-pt\/wp-json\/wp\/v2\/types\/product"}],"wp:featuredmedia":[{"embeddable":true,"href":"https:\/\/www.csj-emballages.com\/pt-pt\/wp-json\/wp\/v2\/media\/10620"}],"wp:attachment":[{"href":"https:\/\/www.csj-emballages.com\/pt-pt\/wp-json\/wp\/v2\/media?parent=17903"}],"wp:term":[{"taxonomy":"product_brand","embeddable":true,"href":"https:\/\/www.csj-emballages.com\/pt-pt\/wp-json\/wp\/v2\/product_brand?post=17903"},{"taxonomy":"product_cat","embeddable":true,"href":"https:\/\/www.csj-emballages.com\/pt-pt\/wp-json\/wp\/v2\/product_cat?post=17903"},{"taxonomy":"product_tag","embeddable":true,"href":"https:\/\/www.csj-emballages.com\/pt-pt\/wp-json\/wp\/v2\/product_tag?post=17903"}],"curies":[{"name":"wp","href":"https:\/\/api.w.org\/{rel}","templated":true}]}}