{"id":17855,"date":"2024-03-01T16:48:59","date_gmt":"2024-03-01T15:48:59","guid":{"rendered":"https:\/\/u15jnbdpoq.preview.infomaniak.website\/produit\/30-toalhas-canguru-brancas-de-2-dobras-40-x-32-cm\/"},"modified":"2026-05-07T02:19:48","modified_gmt":"2026-05-07T00:19:48","slug":"30-toalhas-canguru-brancas-de-2-dobras-40-x-32-cm","status":"publish","type":"product","link":"https:\/\/www.csj-emballages.com\/pt-pt\/produit\/30-toalhas-canguru-brancas-de-2-dobras-40-x-32-cm\/","title":{"rendered":"30 toalhas canguru brancas de 2 dobras 40 x 32 cm"},"content":{"rendered":"<h2><span style=\"font-weight: bold; font-family: Georgia; text-decoration: underline;\">30 toalhas canguru brancas de 2 camadas 40 x 32 cm<\/span><\/h2>\n<p>&nbsp;<\/p>\n<p><span style=\"font-weight: bold;\"> Descri\u00e7\u00e3o :<\/span><\/p>\n<p>&nbsp;<\/p>\n<h3><span style=\"font-weight: bold;\">Descobre os nossos guardanapos de talheres descart\u00e1veis dobrados.<\/span><\/h3>\n<p>&nbsp;  Guardanapos de papel canguru de 2 camadas, brancos, destinados principalmente \u00e0 restaura\u00e7\u00e3o no local. Estes guardanapos s\u00e3o perfeitos para colocar os teus talheres no seu interior e melhorar a tua mesa. 100% adequado para contacto com alimentos  &nbsp;<\/p>\n<h3><span style=\"font-weight: bold; text-decoration: underline;\">Caracter\u00edsticas das toalhas de bolso brancas :<\/span><\/h3>\n<p>&nbsp;<\/p>\n<ul>\n<li>Vendido a particulares \/ profissionais<\/li>\n<li><span style=\"font-weight: bold; text-decoration: underline;\">Dimens\u00f5es<\/span>: 40 x 32 cm<\/li>\n<li><span style=\"font-weight: bold; text-decoration: underline;\">Embalagem<\/span>: pacote de 30 toalhas revestidas<\/li>\n<li>Embalado em pel\u00edcula protetora para facilitar o armazenamento.<\/li>\n<li><span style=\"font-weight: bold; text-decoration: underline;\">Material<\/span>: Papel<\/li>\n<\/ul>\n<p>&nbsp;<\/p>\n<h2><span style=\"font-weight: bold;\">Escolhe j\u00e1 toalhas canguru com capas!<\/span><\/h2>\n","protected":false},"excerpt":{"rendered":"<p>30 toalhas canguru brancas de 2 camadas 40 x 32 cm &nbsp; Descri\u00e7\u00e3o : &nbsp; Descobre os nossos guardanapos de talheres descart\u00e1veis dobrados. &nbsp; Guardanapos de papel canguru de 2 camadas, brancos, destinados principalmente \u00e0 restaura\u00e7\u00e3o no local. Estes guardanapos s\u00e3o perfeitos para colocar os teus talheres no seu interior e melhorar a tua mesa. [&hellip;]<\/p>\n","protected":false},"featured_media":202352,"template":"","meta":{"_acf_changed":false},"product_brand":[],"product_cat":[1141,1138,1139,1704],"product_tag":[],"class_list":{"0":"post-17855","1":"product","2":"type-product","3":"status-publish","4":"has-post-thumbnail","6":"product_cat-embalagem-de-alimentos","7":"product_cat-restauracao","8":"product_cat-guardanapos-jogos-americanos-toalhas-de-mesa","9":"product_cat-bolsas-para-canguru","11":"first","12":"instock","13":"taxable","14":"shipping-taxable","15":"purchasable","16":"product-type-simple"},"acf":[],"yoast_head":"<!-- This site is optimized with the Yoast SEO Premium plugin v26.6 (Yoast SEO v26.6) - https:\/\/yoast.com\/wordpress\/plugins\/seo\/ -->\n<title>50 Guardanapos Kangaroo Pouch brancos 40 x 32 cm \/ csj-emballages.com<\/title>\n<meta name=\"description\" content=\"Compra toalhas de bolso brancas de 2 camadas! Tamanho: 400 x 320 mm! Oferecemos-te um pacote de 50 toalhas Airlaid de alta qualidade e duradouras a pre\u00e7os de DESCONTO.\" \/>\n<meta name=\"robots\" content=\"index, follow, max-snippet:-1, max-image-preview:large, max-video-preview:-1\" \/>\n<link rel=\"canonical\" href=\"https:\/\/www.csj-emballages.com\/pt-pt\/produit\/30-toalhas-canguru-brancas-de-2-dobras-40-x-32-cm\/\" \/>\n<meta property=\"og:locale\" content=\"pt_PT\" \/>\n<meta property=\"og:type\" content=\"article\" \/>\n<meta property=\"og:title\" content=\"30 toalhas canguru brancas de 2 dobras 40 x 32 cm\" \/>\n<meta property=\"og:description\" content=\"Compra toalhas de bolso brancas de 2 camadas! Tamanho: 400 x 320 mm! Oferecemos-te um pacote de 50 toalhas Airlaid de alta qualidade e duradouras a pre\u00e7os de DESCONTO.\" \/>\n<meta property=\"og:url\" content=\"https:\/\/www.csj-emballages.com\/pt-pt\/produit\/30-toalhas-canguru-brancas-de-2-dobras-40-x-32-cm\/\" \/>\n<meta property=\"og:site_name\" content=\"CSJ Emballages\" \/>\n<meta property=\"article:publisher\" content=\"https:\/\/www.facebook.com\/csjemballages\" \/>\n<meta property=\"article:modified_time\" content=\"2026-05-07T00:19:48+00:00\" \/>\n<meta property=\"og:image\" content=\"https:\/\/www.csj-emballages.com\/wp-content\/uploads\/2024\/03\/Capture-d-e-cran-2023-10-18-a-08-31-41-zoom.png\" \/>\n\t<meta property=\"og:image:width\" content=\"514\" \/>\n\t<meta property=\"og:image:height\" content=\"546\" \/>\n\t<meta property=\"og:image:type\" content=\"image\/png\" \/>\n<meta name=\"twitter:card\" content=\"summary_large_image\" \/>\n<script type=\"application\/ld+json\" class=\"yoast-schema-graph\">{\"@context\":\"https:\/\/schema.org\",\"@graph\":[{\"@type\":\"WebPage\",\"@id\":\"https:\/\/www.csj-emballages.com\/pt-pt\/produit\/30-toalhas-canguru-brancas-de-2-dobras-40-x-32-cm\/\",\"url\":\"https:\/\/www.csj-emballages.com\/pt-pt\/produit\/30-toalhas-canguru-brancas-de-2-dobras-40-x-32-cm\/\",\"name\":\"50 Guardanapos Kangaroo Pouch brancos 40 x 32 cm \/ csj-emballages.com\",\"isPartOf\":{\"@id\":\"https:\/\/www.csj-emballages.com\/pt-pt\/#website\"},\"primaryImageOfPage\":{\"@id\":\"https:\/\/www.csj-emballages.com\/pt-pt\/produit\/30-toalhas-canguru-brancas-de-2-dobras-40-x-32-cm\/#primaryimage\"},\"image\":{\"@id\":\"https:\/\/www.csj-emballages.com\/pt-pt\/produit\/30-toalhas-canguru-brancas-de-2-dobras-40-x-32-cm\/#primaryimage\"},\"thumbnailUrl\":\"https:\/\/www.csj-emballages.com\/wp-content\/uploads\/2024\/03\/Pochettes-couverts-blanche.webp\",\"datePublished\":\"2024-03-01T15:48:59+00:00\",\"dateModified\":\"2026-05-07T00:19:48+00:00\",\"description\":\"Compra toalhas de bolso brancas de 2 camadas! Tamanho: 400 x 320 mm! Oferecemos-te um pacote de 50 toalhas Airlaid de alta qualidade e duradouras a pre\u00e7os de DESCONTO.\",\"breadcrumb\":{\"@id\":\"https:\/\/www.csj-emballages.com\/pt-pt\/produit\/30-toalhas-canguru-brancas-de-2-dobras-40-x-32-cm\/#breadcrumb\"},\"inLanguage\":\"pt-PT\",\"potentialAction\":[{\"@type\":\"ReadAction\",\"target\":[\"https:\/\/www.csj-emballages.com\/pt-pt\/produit\/30-toalhas-canguru-brancas-de-2-dobras-40-x-32-cm\/\"]}]},{\"@type\":\"ImageObject\",\"inLanguage\":\"pt-PT\",\"@id\":\"https:\/\/www.csj-emballages.com\/pt-pt\/produit\/30-toalhas-canguru-brancas-de-2-dobras-40-x-32-cm\/#primaryimage\",\"url\":\"https:\/\/www.csj-emballages.com\/wp-content\/uploads\/2024\/03\/Pochettes-couverts-blanche.webp\",\"contentUrl\":\"https:\/\/www.csj-emballages.com\/wp-content\/uploads\/2024\/03\/Pochettes-couverts-blanche.webp\",\"width\":801,\"height\":801,\"caption\":\"Pochette couvert\"},{\"@type\":\"BreadcrumbList\",\"@id\":\"https:\/\/www.csj-emballages.com\/pt-pt\/produit\/30-toalhas-canguru-brancas-de-2-dobras-40-x-32-cm\/#breadcrumb\",\"itemListElement\":[{\"@type\":\"ListItem\",\"position\":1,\"name\":\"Acolhimento\",\"item\":\"https:\/\/www.csj-emballages.com\/pt-pt\/universo-das-embalagens-alimentares\/\"},{\"@type\":\"ListItem\",\"position\":2,\"name\":\"Shop\",\"item\":\"https:\/\/www.csj-emballages.com\/shop\/\"},{\"@type\":\"ListItem\",\"position\":3,\"name\":\"30 toalhas canguru brancas de 2 dobras 40 x 32 cm\"}]},{\"@type\":\"WebSite\",\"@id\":\"https:\/\/www.csj-emballages.com\/pt-pt\/#website\",\"url\":\"https:\/\/www.csj-emballages.com\/pt-pt\/\",\"name\":\"CSJ Emballages\",\"description\":\"\",\"publisher\":{\"@id\":\"https:\/\/www.csj-emballages.com\/pt-pt\/#organization\"},\"potentialAction\":[{\"@type\":\"SearchAction\",\"target\":{\"@type\":\"EntryPoint\",\"urlTemplate\":\"https:\/\/www.csj-emballages.com\/pt-pt\/?s={search_term_string}\"},\"query-input\":{\"@type\":\"PropertyValueSpecification\",\"valueRequired\":true,\"valueName\":\"search_term_string\"}}],\"inLanguage\":\"pt-PT\"},{\"@type\":\"Organization\",\"@id\":\"https:\/\/www.csj-emballages.com\/pt-pt\/#Organization\/\",\"name\":\"CSJ Emballages\",\"url\":\"https:\/\/www.csj-emballages.com\/pt-pt\/\",\"logo\":{\"@type\":\"ImageObject\",\"inLanguage\":\"pt-PT\",\"@id\":\"https:\/\/www.csj-emballages.com\/pt-pt\/#\/schema\/logo\/image\/\",\"url\":\"https:\/\/www.csj-emballages.com\/wp-content\/uploads\/2023\/10\/logo_csj.webp\",\"contentUrl\":\"https:\/\/www.csj-emballages.com\/wp-content\/uploads\/2023\/10\/logo_csj.webp\",\"width\":250,\"height\":95,\"caption\":\"CSJ Emballages\"},\"image\":{\"@id\":\"https:\/\/www.csj-emballages.com\/pt-pt\/#\/schema\/logo\/image\/\"},\"sameAs\":[\"https:\/\/www.facebook.com\/csjemballages\"],\"address\":{\"@type\":\"PostalAddress\",\"streetAddress\":\"ZI La Lechere\",\"addressLocality\":\"Patornay\",\"postalCode\":\"39130\",\"addressCountry\":\"FR\"},\"contactPoint\":[{\"@type\":\"ContactPoint\",\"contactType\":\"Service client\",\"telephone\":\"0384254272\",\"email\":\"contact@csj-emballages.com\"}]}]}<\/script>\n<!-- \/ Yoast SEO Premium plugin. -->","yoast_head_json":{"title":"50 Guardanapos Kangaroo Pouch brancos 40 x 32 cm \/ csj-emballages.com","description":"Compra toalhas de bolso brancas de 2 camadas! Tamanho: 400 x 320 mm! Oferecemos-te um pacote de 50 toalhas Airlaid de alta qualidade e duradouras a pre\u00e7os de DESCONTO.","robots":{"index":"index","follow":"follow","max-snippet":"max-snippet:-1","max-image-preview":"max-image-preview:large","max-video-preview":"max-video-preview:-1"},"canonical":"https:\/\/www.csj-emballages.com\/pt-pt\/produit\/30-toalhas-canguru-brancas-de-2-dobras-40-x-32-cm\/","og_locale":"pt_PT","og_type":"article","og_title":"30 toalhas canguru brancas de 2 dobras 40 x 32 cm","og_description":"Compra toalhas de bolso brancas de 2 camadas! Tamanho: 400 x 320 mm! Oferecemos-te um pacote de 50 toalhas Airlaid de alta qualidade e duradouras a pre\u00e7os de DESCONTO.","og_url":"https:\/\/www.csj-emballages.com\/pt-pt\/produit\/30-toalhas-canguru-brancas-de-2-dobras-40-x-32-cm\/","og_site_name":"CSJ Emballages","article_publisher":"https:\/\/www.facebook.com\/csjemballages","article_modified_time":"2026-05-07T00:19:48+00:00","og_image":[{"width":514,"height":546,"url":"https:\/\/www.csj-emballages.com\/wp-content\/uploads\/2024\/03\/Capture-d-e-cran-2023-10-18-a-08-31-41-zoom.png","type":"image\/png"}],"twitter_card":"summary_large_image","schema":{"@context":"https:\/\/schema.org","@graph":[{"@type":"WebPage","@id":"https:\/\/www.csj-emballages.com\/pt-pt\/produit\/30-toalhas-canguru-brancas-de-2-dobras-40-x-32-cm\/","url":"https:\/\/www.csj-emballages.com\/pt-pt\/produit\/30-toalhas-canguru-brancas-de-2-dobras-40-x-32-cm\/","name":"50 Guardanapos Kangaroo Pouch brancos 40 x 32 cm \/ csj-emballages.com","isPartOf":{"@id":"https:\/\/www.csj-emballages.com\/pt-pt\/#website"},"primaryImageOfPage":{"@id":"https:\/\/www.csj-emballages.com\/pt-pt\/produit\/30-toalhas-canguru-brancas-de-2-dobras-40-x-32-cm\/#primaryimage"},"image":{"@id":"https:\/\/www.csj-emballages.com\/pt-pt\/produit\/30-toalhas-canguru-brancas-de-2-dobras-40-x-32-cm\/#primaryimage"},"thumbnailUrl":"https:\/\/www.csj-emballages.com\/wp-content\/uploads\/2024\/03\/Pochettes-couverts-blanche.webp","datePublished":"2024-03-01T15:48:59+00:00","dateModified":"2026-05-07T00:19:48+00:00","description":"Compra toalhas de bolso brancas de 2 camadas! Tamanho: 400 x 320 mm! Oferecemos-te um pacote de 50 toalhas Airlaid de alta qualidade e duradouras a pre\u00e7os de DESCONTO.","breadcrumb":{"@id":"https:\/\/www.csj-emballages.com\/pt-pt\/produit\/30-toalhas-canguru-brancas-de-2-dobras-40-x-32-cm\/#breadcrumb"},"inLanguage":"pt-PT","potentialAction":[{"@type":"ReadAction","target":["https:\/\/www.csj-emballages.com\/pt-pt\/produit\/30-toalhas-canguru-brancas-de-2-dobras-40-x-32-cm\/"]}]},{"@type":"ImageObject","inLanguage":"pt-PT","@id":"https:\/\/www.csj-emballages.com\/pt-pt\/produit\/30-toalhas-canguru-brancas-de-2-dobras-40-x-32-cm\/#primaryimage","url":"https:\/\/www.csj-emballages.com\/wp-content\/uploads\/2024\/03\/Pochettes-couverts-blanche.webp","contentUrl":"https:\/\/www.csj-emballages.com\/wp-content\/uploads\/2024\/03\/Pochettes-couverts-blanche.webp","width":801,"height":801,"caption":"Pochette couvert"},{"@type":"BreadcrumbList","@id":"https:\/\/www.csj-emballages.com\/pt-pt\/produit\/30-toalhas-canguru-brancas-de-2-dobras-40-x-32-cm\/#breadcrumb","itemListElement":[{"@type":"ListItem","position":1,"name":"Acolhimento","item":"https:\/\/www.csj-emballages.com\/pt-pt\/universo-das-embalagens-alimentares\/"},{"@type":"ListItem","position":2,"name":"Shop","item":"https:\/\/www.csj-emballages.com\/shop\/"},{"@type":"ListItem","position":3,"name":"30 toalhas canguru brancas de 2 dobras 40 x 32 cm"}]},{"@type":"WebSite","@id":"https:\/\/www.csj-emballages.com\/pt-pt\/#website","url":"https:\/\/www.csj-emballages.com\/pt-pt\/","name":"CSJ Emballages","description":"","publisher":{"@id":"https:\/\/www.csj-emballages.com\/pt-pt\/#organization"},"potentialAction":[{"@type":"SearchAction","target":{"@type":"EntryPoint","urlTemplate":"https:\/\/www.csj-emballages.com\/pt-pt\/?s={search_term_string}"},"query-input":{"@type":"PropertyValueSpecification","valueRequired":true,"valueName":"search_term_string"}}],"inLanguage":"pt-PT"},{"@type":"Organization","@id":"https:\/\/www.csj-emballages.com\/pt-pt\/#Organization\/","name":"CSJ Emballages","url":"https:\/\/www.csj-emballages.com\/pt-pt\/","logo":{"@type":"ImageObject","inLanguage":"pt-PT","@id":"https:\/\/www.csj-emballages.com\/pt-pt\/#\/schema\/logo\/image\/","url":"https:\/\/www.csj-emballages.com\/wp-content\/uploads\/2023\/10\/logo_csj.webp","contentUrl":"https:\/\/www.csj-emballages.com\/wp-content\/uploads\/2023\/10\/logo_csj.webp","width":250,"height":95,"caption":"CSJ Emballages"},"image":{"@id":"https:\/\/www.csj-emballages.com\/pt-pt\/#\/schema\/logo\/image\/"},"sameAs":["https:\/\/www.facebook.com\/csjemballages"],"address":{"@type":"PostalAddress","streetAddress":"ZI La Lechere","addressLocality":"Patornay","postalCode":"39130","addressCountry":"FR"},"contactPoint":[{"@type":"ContactPoint","contactType":"Service client","telephone":"0384254272","email":"contact@csj-emballages.com"}]}]}},"df_price":1.1,"df_sale_price":"","df_regular_price":1.1,"df_image_link":"https:\/\/www.csj-emballages.com\/wp-content\/uploads\/2024\/03\/Pochettes-couverts-blanche-300x300.webp","tiered_pricing_type":"fixed","tiered_pricing_fixed_rules":[],"tiered_pricing_percentage_rules":[],"tiered_pricing_minimum":1,"tiered_pricing_roles_data":[],"_links":{"self":[{"href":"https:\/\/www.csj-emballages.com\/pt-pt\/wp-json\/wp\/v2\/product\/17855","targetHints":{"allow":["GET"]}}],"collection":[{"href":"https:\/\/www.csj-emballages.com\/pt-pt\/wp-json\/wp\/v2\/product"}],"about":[{"href":"https:\/\/www.csj-emballages.com\/pt-pt\/wp-json\/wp\/v2\/types\/product"}],"wp:featuredmedia":[{"embeddable":true,"href":"https:\/\/www.csj-emballages.com\/pt-pt\/wp-json\/wp\/v2\/media\/202352"}],"wp:attachment":[{"href":"https:\/\/www.csj-emballages.com\/pt-pt\/wp-json\/wp\/v2\/media?parent=17855"}],"wp:term":[{"taxonomy":"product_brand","embeddable":true,"href":"https:\/\/www.csj-emballages.com\/pt-pt\/wp-json\/wp\/v2\/product_brand?post=17855"},{"taxonomy":"product_cat","embeddable":true,"href":"https:\/\/www.csj-emballages.com\/pt-pt\/wp-json\/wp\/v2\/product_cat?post=17855"},{"taxonomy":"product_tag","embeddable":true,"href":"https:\/\/www.csj-emballages.com\/pt-pt\/wp-json\/wp\/v2\/product_tag?post=17855"}],"curies":[{"name":"wp","href":"https:\/\/api.w.org\/{rel}","templated":true}]}}