{"id":17852,"date":"2024-03-01T16:48:58","date_gmt":"2024-03-01T15:48:58","guid":{"rendered":"https:\/\/u15jnbdpoq.preview.infomaniak.website\/produit\/1200-toalhas-brancas-de-nao-tecido-40-x-40-cm\/"},"modified":"2026-04-29T02:18:41","modified_gmt":"2026-04-29T00:18:41","slug":"1200-toalhas-brancas-de-nao-tecido-40-x-40-cm","status":"publish","type":"product","link":"https:\/\/www.csj-emballages.com\/pt-pt\/produit\/1200-toalhas-brancas-de-nao-tecido-40-x-40-cm\/","title":{"rendered":"Toalha n\u00e3o tecida branca 40 x 40 cm por 50"},"content":{"rendered":"<h2>Toalha n\u00e3o tecida branca<\/h2>\n<hr>\n<h3>Descri\u00e7\u00e3o da nossa toalha branca de n\u00e3o-tecido 40 x 40 cm por 50<span class=\"Apple-converted-space\"> <\/span><\/h3>\n<p><!--more--><\/p>\n<p class=\"\" data-start=\"149\" data-end=\"603\">D\u00ea um toque de eleg\u00e2ncia e praticidade \u00e0s suas mesas com este <strong data-start=\"223\" data-end=\"274\">guardanapo branco de n\u00e3o-tecido de 40 x 40 cm<\/strong>, vendido em embalagens de 50. Fabricado num material de alta qualidade, este guardanapo oferece o aspeto requintado do tecido, sendo descart\u00e1vel, o que o torna uma solu\u00e7\u00e3o ideal para <strong data-start=\"469\" data-end=\"482\">empresas de catering<\/strong>, <strong data-start=\"484\" data-end=\"499\">restaurantes<\/strong>, <strong data-start=\"501\" data-end=\"511\">hot\u00e9is<\/strong>, <strong data-start=\"513\" data-end=\"543\">organizadores de eventos<\/strong> ou mesmo para uso <strong data-start=\"566\" data-end=\"602\">dom\u00e9stico em refei\u00e7\u00f5es festivas<\/strong>. <\/p>\n<p class=\"\" data-start=\"605\" data-end=\"975\">A sua elevada gramagem garante uma excelente resist\u00eancia \u00e0 humidade e um toque suave e agrad\u00e1vel. F\u00e1cil de dobrar e de moldar, permite uma <strong data-start=\"755\" data-end=\"779\">apresenta\u00e7\u00e3o cuidada<\/strong> que impressionar\u00e1 os seus convidados. Perfeito para eventos elegantes como casamentos, recep\u00e7\u00f5es ou jantares de neg\u00f3cios, este guardanapo combina <strong data-start=\"938\" data-end=\"974\">est\u00e9tica, higiene e praticidade<\/strong>.  <\/p>\n<p data-start=\"605\" data-end=\"975\"><!--more--><\/p>\n<h4 data-start=\"605\" data-end=\"975\">As suas vantagens:<\/h4>\n<ul>\n<li>Tecido de alta qualidade para uma apresenta\u00e7\u00e3o elegante.<\/li>\n<li>Resistente e absorvente gra\u00e7as ao seu material n\u00e3o tecido de qualidade.<\/li>\n<li>Ideal para profissionais da restaura\u00e7\u00e3o ou eventos privados.<\/li>\n<li>Formato pr\u00e1tico de 40 x 40 cm para todos os tipos de refei\u00e7\u00f5es.<\/li>\n<\/ul>\n<h3 class=\"\" data-start=\"977\" data-end=\"998\"><\/h3>\n<p><!--more--><\/p>\n<h4><strong>Outras informa\u00e7\u00f5es :<\/strong><\/h4>\n<div>\n<ul style=\"font-family: Roboto, sans-serif\">\n<li><strong>Embalagem<\/strong>: Pacote de 50<\/li>\n<li><span><span style=\"font-weight: bold\">Dimens\u00f5es<\/span>: 40 x 40 cm<\/span><\/li>\n<li><span><span style=\"font-weight: bold\">Cor<\/span>: Branco<\/span><\/li>\n<li><span><span style=\"font-weight: bold\">Material<\/span>: n\u00e3o tecido<\/span><\/li>\n<\/ul>\n<p>&nbsp;<\/p>\n<\/div>\n<p><!--more--><\/p>\n<p>Este produto tamb\u00e9m est\u00e1 dispon\u00edvel em marfim: <span style=\"color: #d12727\"><a style=\"color: #d12727\" href=\"https:\/\/www.csj-emballages.com\/es\/produit\/1200-toallas-no-tejidas-marfil-40-x-40-cm\/\">SR40INTIV<\/a><\/span><\/p>\n<p>&nbsp;<\/p>\n<p><!--more--><\/p>\n<p><a href=\"https:\/\/www.csj-emballages.com\/pt-pt\/categorie-produit\/embalagem-de-alimentos\/restauracao\/guardanapos-jogos-americanos-toalhas-de-mesa\/toalhas\/toalhas-nao-tecidas\/\">Ver o resto da nossa gama de toalhas n\u00e3o tecidas<\/a><\/p>\n","protected":false},"excerpt":{"rendered":"<p>Toalha n\u00e3o tecida branca Descri\u00e7\u00e3o da nossa toalha branca de n\u00e3o-tecido 40 x 40 cm por 50<\/p>\n","protected":false},"featured_media":230856,"template":"","meta":{"_acf_changed":false},"product_brand":[],"product_cat":[1141,1138,1139,1278,1707],"product_tag":[],"class_list":{"0":"post-17852","1":"product","2":"type-product","3":"status-publish","4":"has-post-thumbnail","6":"product_cat-embalagem-de-alimentos","7":"product_cat-restauracao","8":"product_cat-guardanapos-jogos-americanos-toalhas-de-mesa","9":"product_cat-toalhas","10":"product_cat-toalhas-nao-tecidas","12":"first","13":"instock","14":"taxable","15":"shipping-taxable","16":"purchasable","17":"product-type-simple"},"acf":[],"yoast_head":"<!-- This site is optimized with the Yoast SEO Premium plugin v26.6 (Yoast SEO v26.6) - https:\/\/yoast.com\/wordpress\/plugins\/seo\/ -->\n<title>Toalha n\u00e3o tecida branca - 40 x 40 cm por 50<\/title>\n<meta name=\"description\" content=\"Toalha branca de n\u00e3o-tecido 40 x 40 cm - embalagem de 50. Elegante, resistente e descart\u00e1vel, perfeita para profissionais ou eventos privados.\" \/>\n<meta name=\"robots\" content=\"index, follow, max-snippet:-1, max-image-preview:large, max-video-preview:-1\" \/>\n<link rel=\"canonical\" href=\"https:\/\/www.csj-emballages.com\/pt-pt\/produit\/1200-toalhas-brancas-de-nao-tecido-40-x-40-cm\/\" \/>\n<meta property=\"og:locale\" content=\"pt_PT\" \/>\n<meta property=\"og:type\" content=\"article\" \/>\n<meta property=\"og:title\" content=\"Toalha n\u00e3o tecida branca 40 x 40 cm por 50\" \/>\n<meta property=\"og:description\" content=\"Toalha branca de n\u00e3o-tecido 40 x 40 cm - embalagem de 50. Elegante, resistente e descart\u00e1vel, perfeita para profissionais ou eventos privados.\" \/>\n<meta property=\"og:url\" content=\"https:\/\/www.csj-emballages.com\/pt-pt\/produit\/1200-toalhas-brancas-de-nao-tecido-40-x-40-cm\/\" \/>\n<meta property=\"og:site_name\" content=\"CSJ Emballages\" \/>\n<meta property=\"article:publisher\" content=\"https:\/\/www.facebook.com\/csjemballages\" \/>\n<meta property=\"article:modified_time\" content=\"2026-04-29T00:18:41+00:00\" \/>\n<meta property=\"og:image\" content=\"https:\/\/www.csj-emballages.com\/wp-content\/uploads\/2024\/03\/SR40INTBL.webp\" \/>\n\t<meta property=\"og:image:width\" content=\"800\" \/>\n\t<meta property=\"og:image:height\" content=\"800\" \/>\n\t<meta property=\"og:image:type\" content=\"image\/webp\" \/>\n<meta name=\"twitter:card\" content=\"summary_large_image\" \/>\n<meta name=\"twitter:label1\" content=\"Tempo estimado de leitura\" \/>\n\t<meta name=\"twitter:data1\" content=\"1 minuto\" \/>\n<script type=\"application\/ld+json\" class=\"yoast-schema-graph\">{\"@context\":\"https:\/\/schema.org\",\"@graph\":[{\"@type\":\"WebPage\",\"@id\":\"https:\/\/www.csj-emballages.com\/pt-pt\/produit\/1200-toalhas-brancas-de-nao-tecido-40-x-40-cm\/\",\"url\":\"https:\/\/www.csj-emballages.com\/pt-pt\/produit\/1200-toalhas-brancas-de-nao-tecido-40-x-40-cm\/\",\"name\":\"Toalha n\u00e3o tecida branca - 40 x 40 cm por 50\",\"isPartOf\":{\"@id\":\"https:\/\/www.csj-emballages.com\/pt-pt\/#website\"},\"primaryImageOfPage\":{\"@id\":\"https:\/\/www.csj-emballages.com\/pt-pt\/produit\/1200-toalhas-brancas-de-nao-tecido-40-x-40-cm\/#primaryimage\"},\"image\":{\"@id\":\"https:\/\/www.csj-emballages.com\/pt-pt\/produit\/1200-toalhas-brancas-de-nao-tecido-40-x-40-cm\/#primaryimage\"},\"thumbnailUrl\":\"https:\/\/www.csj-emballages.com\/wp-content\/uploads\/2024\/03\/SR40INTBL.webp\",\"datePublished\":\"2024-03-01T15:48:58+00:00\",\"dateModified\":\"2026-04-29T00:18:41+00:00\",\"description\":\"Toalha branca de n\u00e3o-tecido 40 x 40 cm - embalagem de 50. Elegante, resistente e descart\u00e1vel, perfeita para profissionais ou eventos privados.\",\"breadcrumb\":{\"@id\":\"https:\/\/www.csj-emballages.com\/pt-pt\/produit\/1200-toalhas-brancas-de-nao-tecido-40-x-40-cm\/#breadcrumb\"},\"inLanguage\":\"pt-PT\",\"potentialAction\":[{\"@type\":\"ReadAction\",\"target\":[\"https:\/\/www.csj-emballages.com\/pt-pt\/produit\/1200-toalhas-brancas-de-nao-tecido-40-x-40-cm\/\"]}]},{\"@type\":\"ImageObject\",\"inLanguage\":\"pt-PT\",\"@id\":\"https:\/\/www.csj-emballages.com\/pt-pt\/produit\/1200-toalhas-brancas-de-nao-tecido-40-x-40-cm\/#primaryimage\",\"url\":\"https:\/\/www.csj-emballages.com\/wp-content\/uploads\/2024\/03\/SR40INTBL.webp\",\"contentUrl\":\"https:\/\/www.csj-emballages.com\/wp-content\/uploads\/2024\/03\/SR40INTBL.webp\",\"width\":800,\"height\":800,\"caption\":\"Serviette intiss\u00e9 blanche\"},{\"@type\":\"BreadcrumbList\",\"@id\":\"https:\/\/www.csj-emballages.com\/pt-pt\/produit\/1200-toalhas-brancas-de-nao-tecido-40-x-40-cm\/#breadcrumb\",\"itemListElement\":[{\"@type\":\"ListItem\",\"position\":1,\"name\":\"Acolhimento\",\"item\":\"https:\/\/www.csj-emballages.com\/pt-pt\/universo-das-embalagens-alimentares\/\"},{\"@type\":\"ListItem\",\"position\":2,\"name\":\"Shop\",\"item\":\"https:\/\/www.csj-emballages.com\/shop\/\"},{\"@type\":\"ListItem\",\"position\":3,\"name\":\"Toalha n\u00e3o tecida branca 40 x 40 cm por 50\"}]},{\"@type\":\"WebSite\",\"@id\":\"https:\/\/www.csj-emballages.com\/pt-pt\/#website\",\"url\":\"https:\/\/www.csj-emballages.com\/pt-pt\/\",\"name\":\"CSJ Emballages\",\"description\":\"\",\"publisher\":{\"@id\":\"https:\/\/www.csj-emballages.com\/pt-pt\/#organization\"},\"potentialAction\":[{\"@type\":\"SearchAction\",\"target\":{\"@type\":\"EntryPoint\",\"urlTemplate\":\"https:\/\/www.csj-emballages.com\/pt-pt\/?s={search_term_string}\"},\"query-input\":{\"@type\":\"PropertyValueSpecification\",\"valueRequired\":true,\"valueName\":\"search_term_string\"}}],\"inLanguage\":\"pt-PT\"},{\"@type\":\"Organization\",\"@id\":\"https:\/\/www.csj-emballages.com\/pt-pt\/#Organization\/\",\"name\":\"CSJ Emballages\",\"url\":\"https:\/\/www.csj-emballages.com\/pt-pt\/\",\"logo\":{\"@type\":\"ImageObject\",\"inLanguage\":\"pt-PT\",\"@id\":\"https:\/\/www.csj-emballages.com\/pt-pt\/#\/schema\/logo\/image\/\",\"url\":\"https:\/\/www.csj-emballages.com\/wp-content\/uploads\/2023\/10\/logo_csj.webp\",\"contentUrl\":\"https:\/\/www.csj-emballages.com\/wp-content\/uploads\/2023\/10\/logo_csj.webp\",\"width\":250,\"height\":95,\"caption\":\"CSJ Emballages\"},\"image\":{\"@id\":\"https:\/\/www.csj-emballages.com\/pt-pt\/#\/schema\/logo\/image\/\"},\"sameAs\":[\"https:\/\/www.facebook.com\/csjemballages\"],\"address\":{\"@type\":\"PostalAddress\",\"streetAddress\":\"ZI La Lechere\",\"addressLocality\":\"Patornay\",\"postalCode\":\"39130\",\"addressCountry\":\"FR\"},\"contactPoint\":[{\"@type\":\"ContactPoint\",\"contactType\":\"Service client\",\"telephone\":\"0384254272\",\"email\":\"contact@csj-emballages.com\"}]}]}<\/script>\n<!-- \/ Yoast SEO Premium plugin. -->","yoast_head_json":{"title":"Toalha n\u00e3o tecida branca - 40 x 40 cm por 50","description":"Toalha branca de n\u00e3o-tecido 40 x 40 cm - embalagem de 50. Elegante, resistente e descart\u00e1vel, perfeita para profissionais ou eventos privados.","robots":{"index":"index","follow":"follow","max-snippet":"max-snippet:-1","max-image-preview":"max-image-preview:large","max-video-preview":"max-video-preview:-1"},"canonical":"https:\/\/www.csj-emballages.com\/pt-pt\/produit\/1200-toalhas-brancas-de-nao-tecido-40-x-40-cm\/","og_locale":"pt_PT","og_type":"article","og_title":"Toalha n\u00e3o tecida branca 40 x 40 cm por 50","og_description":"Toalha branca de n\u00e3o-tecido 40 x 40 cm - embalagem de 50. Elegante, resistente e descart\u00e1vel, perfeita para profissionais ou eventos privados.","og_url":"https:\/\/www.csj-emballages.com\/pt-pt\/produit\/1200-toalhas-brancas-de-nao-tecido-40-x-40-cm\/","og_site_name":"CSJ Emballages","article_publisher":"https:\/\/www.facebook.com\/csjemballages","article_modified_time":"2026-04-29T00:18:41+00:00","og_image":[{"width":800,"height":800,"url":"https:\/\/www.csj-emballages.com\/wp-content\/uploads\/2024\/03\/SR40INTBL.webp","type":"image\/webp"}],"twitter_card":"summary_large_image","twitter_misc":{"Tempo estimado de leitura":"1 minuto"},"schema":{"@context":"https:\/\/schema.org","@graph":[{"@type":"WebPage","@id":"https:\/\/www.csj-emballages.com\/pt-pt\/produit\/1200-toalhas-brancas-de-nao-tecido-40-x-40-cm\/","url":"https:\/\/www.csj-emballages.com\/pt-pt\/produit\/1200-toalhas-brancas-de-nao-tecido-40-x-40-cm\/","name":"Toalha n\u00e3o tecida branca - 40 x 40 cm por 50","isPartOf":{"@id":"https:\/\/www.csj-emballages.com\/pt-pt\/#website"},"primaryImageOfPage":{"@id":"https:\/\/www.csj-emballages.com\/pt-pt\/produit\/1200-toalhas-brancas-de-nao-tecido-40-x-40-cm\/#primaryimage"},"image":{"@id":"https:\/\/www.csj-emballages.com\/pt-pt\/produit\/1200-toalhas-brancas-de-nao-tecido-40-x-40-cm\/#primaryimage"},"thumbnailUrl":"https:\/\/www.csj-emballages.com\/wp-content\/uploads\/2024\/03\/SR40INTBL.webp","datePublished":"2024-03-01T15:48:58+00:00","dateModified":"2026-04-29T00:18:41+00:00","description":"Toalha branca de n\u00e3o-tecido 40 x 40 cm - embalagem de 50. Elegante, resistente e descart\u00e1vel, perfeita para profissionais ou eventos privados.","breadcrumb":{"@id":"https:\/\/www.csj-emballages.com\/pt-pt\/produit\/1200-toalhas-brancas-de-nao-tecido-40-x-40-cm\/#breadcrumb"},"inLanguage":"pt-PT","potentialAction":[{"@type":"ReadAction","target":["https:\/\/www.csj-emballages.com\/pt-pt\/produit\/1200-toalhas-brancas-de-nao-tecido-40-x-40-cm\/"]}]},{"@type":"ImageObject","inLanguage":"pt-PT","@id":"https:\/\/www.csj-emballages.com\/pt-pt\/produit\/1200-toalhas-brancas-de-nao-tecido-40-x-40-cm\/#primaryimage","url":"https:\/\/www.csj-emballages.com\/wp-content\/uploads\/2024\/03\/SR40INTBL.webp","contentUrl":"https:\/\/www.csj-emballages.com\/wp-content\/uploads\/2024\/03\/SR40INTBL.webp","width":800,"height":800,"caption":"Serviette intiss\u00e9 blanche"},{"@type":"BreadcrumbList","@id":"https:\/\/www.csj-emballages.com\/pt-pt\/produit\/1200-toalhas-brancas-de-nao-tecido-40-x-40-cm\/#breadcrumb","itemListElement":[{"@type":"ListItem","position":1,"name":"Acolhimento","item":"https:\/\/www.csj-emballages.com\/pt-pt\/universo-das-embalagens-alimentares\/"},{"@type":"ListItem","position":2,"name":"Shop","item":"https:\/\/www.csj-emballages.com\/shop\/"},{"@type":"ListItem","position":3,"name":"Toalha n\u00e3o tecida branca 40 x 40 cm por 50"}]},{"@type":"WebSite","@id":"https:\/\/www.csj-emballages.com\/pt-pt\/#website","url":"https:\/\/www.csj-emballages.com\/pt-pt\/","name":"CSJ Emballages","description":"","publisher":{"@id":"https:\/\/www.csj-emballages.com\/pt-pt\/#organization"},"potentialAction":[{"@type":"SearchAction","target":{"@type":"EntryPoint","urlTemplate":"https:\/\/www.csj-emballages.com\/pt-pt\/?s={search_term_string}"},"query-input":{"@type":"PropertyValueSpecification","valueRequired":true,"valueName":"search_term_string"}}],"inLanguage":"pt-PT"},{"@type":"Organization","@id":"https:\/\/www.csj-emballages.com\/pt-pt\/#Organization\/","name":"CSJ Emballages","url":"https:\/\/www.csj-emballages.com\/pt-pt\/","logo":{"@type":"ImageObject","inLanguage":"pt-PT","@id":"https:\/\/www.csj-emballages.com\/pt-pt\/#\/schema\/logo\/image\/","url":"https:\/\/www.csj-emballages.com\/wp-content\/uploads\/2023\/10\/logo_csj.webp","contentUrl":"https:\/\/www.csj-emballages.com\/wp-content\/uploads\/2023\/10\/logo_csj.webp","width":250,"height":95,"caption":"CSJ Emballages"},"image":{"@id":"https:\/\/www.csj-emballages.com\/pt-pt\/#\/schema\/logo\/image\/"},"sameAs":["https:\/\/www.facebook.com\/csjemballages"],"address":{"@type":"PostalAddress","streetAddress":"ZI La Lechere","addressLocality":"Patornay","postalCode":"39130","addressCountry":"FR"},"contactPoint":[{"@type":"ContactPoint","contactType":"Service client","telephone":"0384254272","email":"contact@csj-emballages.com"}]}]}},"df_price":8.21,"df_sale_price":"","df_regular_price":8.21,"df_image_link":"https:\/\/www.csj-emballages.com\/wp-content\/uploads\/2024\/03\/SR40INTBL-300x300.webp","tiered_pricing_type":"fixed","tiered_pricing_fixed_rules":[],"tiered_pricing_percentage_rules":[],"tiered_pricing_minimum":1,"tiered_pricing_roles_data":[],"_links":{"self":[{"href":"https:\/\/www.csj-emballages.com\/pt-pt\/wp-json\/wp\/v2\/product\/17852","targetHints":{"allow":["GET"]}}],"collection":[{"href":"https:\/\/www.csj-emballages.com\/pt-pt\/wp-json\/wp\/v2\/product"}],"about":[{"href":"https:\/\/www.csj-emballages.com\/pt-pt\/wp-json\/wp\/v2\/types\/product"}],"wp:featuredmedia":[{"embeddable":true,"href":"https:\/\/www.csj-emballages.com\/pt-pt\/wp-json\/wp\/v2\/media\/230856"}],"wp:attachment":[{"href":"https:\/\/www.csj-emballages.com\/pt-pt\/wp-json\/wp\/v2\/media?parent=17852"}],"wp:term":[{"taxonomy":"product_brand","embeddable":true,"href":"https:\/\/www.csj-emballages.com\/pt-pt\/wp-json\/wp\/v2\/product_brand?post=17852"},{"taxonomy":"product_cat","embeddable":true,"href":"https:\/\/www.csj-emballages.com\/pt-pt\/wp-json\/wp\/v2\/product_cat?post=17852"},{"taxonomy":"product_tag","embeddable":true,"href":"https:\/\/www.csj-emballages.com\/pt-pt\/wp-json\/wp\/v2\/product_tag?post=17852"}],"curies":[{"name":"wp","href":"https:\/\/api.w.org\/{rel}","templated":true}]}}