{"id":17829,"date":"2024-03-01T16:48:58","date_gmt":"2024-03-01T15:48:58","guid":{"rendered":"https:\/\/u15jnbdpoq.preview.infomaniak.website\/produit\/30-toalhas-canguru-pretas-de-2-dobras-40-x-32-cm\/"},"modified":"2026-05-01T02:15:10","modified_gmt":"2026-05-01T00:15:10","slug":"30-toalhas-canguru-pretas-de-2-dobras-40-x-32-cm","status":"publish","type":"product","link":"https:\/\/www.csj-emballages.com\/pt-pt\/produit\/30-toalhas-canguru-pretas-de-2-dobras-40-x-32-cm\/","title":{"rendered":"30 toalhas canguru pretas de 2 dobras 40 x 32 cm"},"content":{"rendered":"<h2><span style=\"font-weight: bold;font-family: Georgia;text-decoration: underline\">50 toalhas de saco canguru pretas de 2 camadas 40 x 33 cm<\/span><\/h2>\n<p><span style=\"font-weight: bold\">\t\t<\/span><\/p>\n<p><span style=\"font-weight: bold\"> Descri\u00e7\u00e3o :<\/span><\/p>\n<p><span>\t\t<\/span><\/p>\n<h3><span style=\"font-weight: bold\">Descobre os nossos guardanapos de talheres descart\u00e1veis dobrados<\/span><\/h3>\n<p><span>\t\t<\/span><\/p>\n<p><span>Guardanapos de papel canguru de 2 camadas, pretos, destinados principalmente \u00e0 restaura\u00e7\u00e3o no local.<\/span><\/p>\n<p><span>Estes guardanapos s\u00e3o perfeitos para colocar os teus talheres no seu interior e melhorar a tua mesa.<\/span><\/p>\n<p><span>100% adequado para contacto com alimentos<\/span><\/p>\n<p><span>\t\t<\/span><\/p>\n<h3><span style=\"font-weight: bold;text-decoration: underline\">Caracter\u00edsticas das toalhas de bolso pretas :<\/span><\/h3>\n<p><span>\t\t<\/span><\/p>\n<ul>\n<li><span>Vendido a particulares \/ profissionais<\/span><\/li>\n<li><span><span style=\"font-weight: bold;text-decoration: underline\">Dimens\u00f5es<\/span>: 40 x 33 cm<\/span><\/li>\n<li><span><span style=\"font-weight: bold;text-decoration: underline\">Embalagem<\/span>: pacote de 50 toalhas revestidas<\/span><\/li>\n<li><span>Embalado em pel\u00edcula protetora para facilitar o armazenamento.<\/span><\/li>\n<li><span><span style=\"font-weight: bold;text-decoration: underline\">Material<\/span>: Papel<\/span><\/li>\n<\/ul>\n<h2><span>\t\t<\/span><span style=\"font-weight: bold\">Escolhe j\u00e1 toalhas canguru pretas com capas!<\/span><\/h2>\n","protected":false},"excerpt":{"rendered":"<p>50 toalhas de saco canguru pretas de 2 camadas 40 x 33 cm Descri\u00e7\u00e3o : Descobre os nossos guardanapos de talheres descart\u00e1veis dobrados Guardanapos de papel canguru de 2 camadas, pretos, destinados principalmente \u00e0 restaura\u00e7\u00e3o no local. Estes guardanapos s\u00e3o perfeitos para colocar os teus talheres no seu interior e melhorar a tua mesa. 100% [&hellip;]<\/p>\n","protected":false},"featured_media":202358,"template":"","meta":{"_acf_changed":false},"product_brand":[],"product_cat":[1141,1138,1139,1704],"product_tag":[],"class_list":{"0":"post-17829","1":"product","2":"type-product","3":"status-publish","4":"has-post-thumbnail","6":"product_cat-embalagem-de-alimentos","7":"product_cat-restauracao","8":"product_cat-guardanapos-jogos-americanos-toalhas-de-mesa","9":"product_cat-bolsas-para-canguru","11":"first","12":"instock","13":"taxable","14":"shipping-taxable","15":"purchasable","16":"product-type-simple"},"acf":[],"yoast_head":"<!-- This site is optimized with the Yoast SEO Premium plugin v26.6 (Yoast SEO v26.6) - https:\/\/yoast.com\/wordpress\/plugins\/seo\/ -->\n<title>50 Guardanapos Kangaroo Pouch pretos 40 x 33 cm \/ csj-emballages.com<\/title>\n<meta name=\"description\" content=\"Compra toalhas de bolso pretas de 2 camadas! Tamanho: 400 x 330 mm! Oferecemos-te um pacote de 50 toalhas Airlaid de alta qualidade e duradouras a pre\u00e7os de DESCONTO.\" \/>\n<meta name=\"robots\" content=\"index, follow, max-snippet:-1, max-image-preview:large, max-video-preview:-1\" \/>\n<link rel=\"canonical\" href=\"https:\/\/www.csj-emballages.com\/pt-pt\/produit\/30-toalhas-canguru-pretas-de-2-dobras-40-x-32-cm\/\" \/>\n<meta property=\"og:locale\" content=\"pt_PT\" \/>\n<meta property=\"og:type\" content=\"article\" \/>\n<meta property=\"og:title\" content=\"30 toalhas canguru pretas de 2 dobras 40 x 32 cm\" \/>\n<meta property=\"og:description\" content=\"Compra toalhas de bolso pretas de 2 camadas! Tamanho: 400 x 330 mm! Oferecemos-te um pacote de 50 toalhas Airlaid de alta qualidade e duradouras a pre\u00e7os de DESCONTO.\" \/>\n<meta property=\"og:url\" content=\"https:\/\/www.csj-emballages.com\/pt-pt\/produit\/30-toalhas-canguru-pretas-de-2-dobras-40-x-32-cm\/\" \/>\n<meta property=\"og:site_name\" content=\"CSJ Emballages\" \/>\n<meta property=\"article:publisher\" content=\"https:\/\/www.facebook.com\/csjemballages\" \/>\n<meta property=\"article:modified_time\" content=\"2026-05-01T00:15:10+00:00\" \/>\n<meta property=\"og:image\" content=\"https:\/\/www.csj-emballages.com\/wp-content\/uploads\/2024\/03\/Pochettes-couverts-noires.webp\" \/>\n\t<meta property=\"og:image:width\" content=\"801\" \/>\n\t<meta property=\"og:image:height\" content=\"801\" \/>\n\t<meta property=\"og:image:type\" content=\"image\/webp\" \/>\n<meta name=\"twitter:card\" content=\"summary_large_image\" \/>\n<script type=\"application\/ld+json\" class=\"yoast-schema-graph\">{\"@context\":\"https:\/\/schema.org\",\"@graph\":[{\"@type\":\"WebPage\",\"@id\":\"https:\/\/www.csj-emballages.com\/pt-pt\/produit\/30-toalhas-canguru-pretas-de-2-dobras-40-x-32-cm\/\",\"url\":\"https:\/\/www.csj-emballages.com\/pt-pt\/produit\/30-toalhas-canguru-pretas-de-2-dobras-40-x-32-cm\/\",\"name\":\"50 Guardanapos Kangaroo Pouch pretos 40 x 33 cm \/ csj-emballages.com\",\"isPartOf\":{\"@id\":\"https:\/\/www.csj-emballages.com\/pt-pt\/#website\"},\"primaryImageOfPage\":{\"@id\":\"https:\/\/www.csj-emballages.com\/pt-pt\/produit\/30-toalhas-canguru-pretas-de-2-dobras-40-x-32-cm\/#primaryimage\"},\"image\":{\"@id\":\"https:\/\/www.csj-emballages.com\/pt-pt\/produit\/30-toalhas-canguru-pretas-de-2-dobras-40-x-32-cm\/#primaryimage\"},\"thumbnailUrl\":\"https:\/\/www.csj-emballages.com\/wp-content\/uploads\/2024\/03\/Pochettes-couverts-noires.webp\",\"datePublished\":\"2024-03-01T15:48:58+00:00\",\"dateModified\":\"2026-05-01T00:15:10+00:00\",\"description\":\"Compra toalhas de bolso pretas de 2 camadas! Tamanho: 400 x 330 mm! Oferecemos-te um pacote de 50 toalhas Airlaid de alta qualidade e duradouras a pre\u00e7os de DESCONTO.\",\"breadcrumb\":{\"@id\":\"https:\/\/www.csj-emballages.com\/pt-pt\/produit\/30-toalhas-canguru-pretas-de-2-dobras-40-x-32-cm\/#breadcrumb\"},\"inLanguage\":\"pt-PT\",\"potentialAction\":[{\"@type\":\"ReadAction\",\"target\":[\"https:\/\/www.csj-emballages.com\/pt-pt\/produit\/30-toalhas-canguru-pretas-de-2-dobras-40-x-32-cm\/\"]}]},{\"@type\":\"ImageObject\",\"inLanguage\":\"pt-PT\",\"@id\":\"https:\/\/www.csj-emballages.com\/pt-pt\/produit\/30-toalhas-canguru-pretas-de-2-dobras-40-x-32-cm\/#primaryimage\",\"url\":\"https:\/\/www.csj-emballages.com\/wp-content\/uploads\/2024\/03\/Pochettes-couverts-noires.webp\",\"contentUrl\":\"https:\/\/www.csj-emballages.com\/wp-content\/uploads\/2024\/03\/Pochettes-couverts-noires.webp\",\"width\":801,\"height\":801,\"caption\":\"Pochette couvert\"},{\"@type\":\"BreadcrumbList\",\"@id\":\"https:\/\/www.csj-emballages.com\/pt-pt\/produit\/30-toalhas-canguru-pretas-de-2-dobras-40-x-32-cm\/#breadcrumb\",\"itemListElement\":[{\"@type\":\"ListItem\",\"position\":1,\"name\":\"Acolhimento\",\"item\":\"https:\/\/www.csj-emballages.com\/pt-pt\/universo-das-embalagens-alimentares\/\"},{\"@type\":\"ListItem\",\"position\":2,\"name\":\"Shop\",\"item\":\"https:\/\/www.csj-emballages.com\/shop\/\"},{\"@type\":\"ListItem\",\"position\":3,\"name\":\"30 toalhas canguru pretas de 2 dobras 40 x 32 cm\"}]},{\"@type\":\"WebSite\",\"@id\":\"https:\/\/www.csj-emballages.com\/pt-pt\/#website\",\"url\":\"https:\/\/www.csj-emballages.com\/pt-pt\/\",\"name\":\"CSJ Emballages\",\"description\":\"\",\"publisher\":{\"@id\":\"https:\/\/www.csj-emballages.com\/pt-pt\/#organization\"},\"potentialAction\":[{\"@type\":\"SearchAction\",\"target\":{\"@type\":\"EntryPoint\",\"urlTemplate\":\"https:\/\/www.csj-emballages.com\/pt-pt\/?s={search_term_string}\"},\"query-input\":{\"@type\":\"PropertyValueSpecification\",\"valueRequired\":true,\"valueName\":\"search_term_string\"}}],\"inLanguage\":\"pt-PT\"},{\"@type\":\"Organization\",\"@id\":\"https:\/\/www.csj-emballages.com\/pt-pt\/#Organization\/\",\"name\":\"CSJ Emballages\",\"url\":\"https:\/\/www.csj-emballages.com\/pt-pt\/\",\"logo\":{\"@type\":\"ImageObject\",\"inLanguage\":\"pt-PT\",\"@id\":\"https:\/\/www.csj-emballages.com\/pt-pt\/#\/schema\/logo\/image\/\",\"url\":\"https:\/\/www.csj-emballages.com\/wp-content\/uploads\/2023\/10\/logo_csj.webp\",\"contentUrl\":\"https:\/\/www.csj-emballages.com\/wp-content\/uploads\/2023\/10\/logo_csj.webp\",\"width\":250,\"height\":95,\"caption\":\"CSJ Emballages\"},\"image\":{\"@id\":\"https:\/\/www.csj-emballages.com\/pt-pt\/#\/schema\/logo\/image\/\"},\"sameAs\":[\"https:\/\/www.facebook.com\/csjemballages\"],\"address\":{\"@type\":\"PostalAddress\",\"streetAddress\":\"ZI La Lechere\",\"addressLocality\":\"Patornay\",\"postalCode\":\"39130\",\"addressCountry\":\"FR\"},\"contactPoint\":[{\"@type\":\"ContactPoint\",\"contactType\":\"Service client\",\"telephone\":\"0384254272\",\"email\":\"contact@csj-emballages.com\"}]}]}<\/script>\n<!-- \/ Yoast SEO Premium plugin. -->","yoast_head_json":{"title":"50 Guardanapos Kangaroo Pouch pretos 40 x 33 cm \/ csj-emballages.com","description":"Compra toalhas de bolso pretas de 2 camadas! Tamanho: 400 x 330 mm! Oferecemos-te um pacote de 50 toalhas Airlaid de alta qualidade e duradouras a pre\u00e7os de DESCONTO.","robots":{"index":"index","follow":"follow","max-snippet":"max-snippet:-1","max-image-preview":"max-image-preview:large","max-video-preview":"max-video-preview:-1"},"canonical":"https:\/\/www.csj-emballages.com\/pt-pt\/produit\/30-toalhas-canguru-pretas-de-2-dobras-40-x-32-cm\/","og_locale":"pt_PT","og_type":"article","og_title":"30 toalhas canguru pretas de 2 dobras 40 x 32 cm","og_description":"Compra toalhas de bolso pretas de 2 camadas! Tamanho: 400 x 330 mm! Oferecemos-te um pacote de 50 toalhas Airlaid de alta qualidade e duradouras a pre\u00e7os de DESCONTO.","og_url":"https:\/\/www.csj-emballages.com\/pt-pt\/produit\/30-toalhas-canguru-pretas-de-2-dobras-40-x-32-cm\/","og_site_name":"CSJ Emballages","article_publisher":"https:\/\/www.facebook.com\/csjemballages","article_modified_time":"2026-05-01T00:15:10+00:00","og_image":[{"width":801,"height":801,"url":"https:\/\/www.csj-emballages.com\/wp-content\/uploads\/2024\/03\/Pochettes-couverts-noires.webp","type":"image\/webp"}],"twitter_card":"summary_large_image","schema":{"@context":"https:\/\/schema.org","@graph":[{"@type":"WebPage","@id":"https:\/\/www.csj-emballages.com\/pt-pt\/produit\/30-toalhas-canguru-pretas-de-2-dobras-40-x-32-cm\/","url":"https:\/\/www.csj-emballages.com\/pt-pt\/produit\/30-toalhas-canguru-pretas-de-2-dobras-40-x-32-cm\/","name":"50 Guardanapos Kangaroo Pouch pretos 40 x 33 cm \/ csj-emballages.com","isPartOf":{"@id":"https:\/\/www.csj-emballages.com\/pt-pt\/#website"},"primaryImageOfPage":{"@id":"https:\/\/www.csj-emballages.com\/pt-pt\/produit\/30-toalhas-canguru-pretas-de-2-dobras-40-x-32-cm\/#primaryimage"},"image":{"@id":"https:\/\/www.csj-emballages.com\/pt-pt\/produit\/30-toalhas-canguru-pretas-de-2-dobras-40-x-32-cm\/#primaryimage"},"thumbnailUrl":"https:\/\/www.csj-emballages.com\/wp-content\/uploads\/2024\/03\/Pochettes-couverts-noires.webp","datePublished":"2024-03-01T15:48:58+00:00","dateModified":"2026-05-01T00:15:10+00:00","description":"Compra toalhas de bolso pretas de 2 camadas! Tamanho: 400 x 330 mm! Oferecemos-te um pacote de 50 toalhas Airlaid de alta qualidade e duradouras a pre\u00e7os de DESCONTO.","breadcrumb":{"@id":"https:\/\/www.csj-emballages.com\/pt-pt\/produit\/30-toalhas-canguru-pretas-de-2-dobras-40-x-32-cm\/#breadcrumb"},"inLanguage":"pt-PT","potentialAction":[{"@type":"ReadAction","target":["https:\/\/www.csj-emballages.com\/pt-pt\/produit\/30-toalhas-canguru-pretas-de-2-dobras-40-x-32-cm\/"]}]},{"@type":"ImageObject","inLanguage":"pt-PT","@id":"https:\/\/www.csj-emballages.com\/pt-pt\/produit\/30-toalhas-canguru-pretas-de-2-dobras-40-x-32-cm\/#primaryimage","url":"https:\/\/www.csj-emballages.com\/wp-content\/uploads\/2024\/03\/Pochettes-couverts-noires.webp","contentUrl":"https:\/\/www.csj-emballages.com\/wp-content\/uploads\/2024\/03\/Pochettes-couverts-noires.webp","width":801,"height":801,"caption":"Pochette couvert"},{"@type":"BreadcrumbList","@id":"https:\/\/www.csj-emballages.com\/pt-pt\/produit\/30-toalhas-canguru-pretas-de-2-dobras-40-x-32-cm\/#breadcrumb","itemListElement":[{"@type":"ListItem","position":1,"name":"Acolhimento","item":"https:\/\/www.csj-emballages.com\/pt-pt\/universo-das-embalagens-alimentares\/"},{"@type":"ListItem","position":2,"name":"Shop","item":"https:\/\/www.csj-emballages.com\/shop\/"},{"@type":"ListItem","position":3,"name":"30 toalhas canguru pretas de 2 dobras 40 x 32 cm"}]},{"@type":"WebSite","@id":"https:\/\/www.csj-emballages.com\/pt-pt\/#website","url":"https:\/\/www.csj-emballages.com\/pt-pt\/","name":"CSJ Emballages","description":"","publisher":{"@id":"https:\/\/www.csj-emballages.com\/pt-pt\/#organization"},"potentialAction":[{"@type":"SearchAction","target":{"@type":"EntryPoint","urlTemplate":"https:\/\/www.csj-emballages.com\/pt-pt\/?s={search_term_string}"},"query-input":{"@type":"PropertyValueSpecification","valueRequired":true,"valueName":"search_term_string"}}],"inLanguage":"pt-PT"},{"@type":"Organization","@id":"https:\/\/www.csj-emballages.com\/pt-pt\/#Organization\/","name":"CSJ Emballages","url":"https:\/\/www.csj-emballages.com\/pt-pt\/","logo":{"@type":"ImageObject","inLanguage":"pt-PT","@id":"https:\/\/www.csj-emballages.com\/pt-pt\/#\/schema\/logo\/image\/","url":"https:\/\/www.csj-emballages.com\/wp-content\/uploads\/2023\/10\/logo_csj.webp","contentUrl":"https:\/\/www.csj-emballages.com\/wp-content\/uploads\/2023\/10\/logo_csj.webp","width":250,"height":95,"caption":"CSJ Emballages"},"image":{"@id":"https:\/\/www.csj-emballages.com\/pt-pt\/#\/schema\/logo\/image\/"},"sameAs":["https:\/\/www.facebook.com\/csjemballages"],"address":{"@type":"PostalAddress","streetAddress":"ZI La Lechere","addressLocality":"Patornay","postalCode":"39130","addressCountry":"FR"},"contactPoint":[{"@type":"ContactPoint","contactType":"Service client","telephone":"0384254272","email":"contact@csj-emballages.com"}]}]}},"df_price":1.55,"df_sale_price":"","df_regular_price":1.55,"df_image_link":"https:\/\/www.csj-emballages.com\/wp-content\/uploads\/2024\/03\/Pochettes-couverts-noires-300x300.webp","tiered_pricing_type":"fixed","tiered_pricing_fixed_rules":[],"tiered_pricing_percentage_rules":[],"tiered_pricing_minimum":1,"tiered_pricing_roles_data":[],"_links":{"self":[{"href":"https:\/\/www.csj-emballages.com\/pt-pt\/wp-json\/wp\/v2\/product\/17829","targetHints":{"allow":["GET"]}}],"collection":[{"href":"https:\/\/www.csj-emballages.com\/pt-pt\/wp-json\/wp\/v2\/product"}],"about":[{"href":"https:\/\/www.csj-emballages.com\/pt-pt\/wp-json\/wp\/v2\/types\/product"}],"wp:featuredmedia":[{"embeddable":true,"href":"https:\/\/www.csj-emballages.com\/pt-pt\/wp-json\/wp\/v2\/media\/202358"}],"wp:attachment":[{"href":"https:\/\/www.csj-emballages.com\/pt-pt\/wp-json\/wp\/v2\/media?parent=17829"}],"wp:term":[{"taxonomy":"product_brand","embeddable":true,"href":"https:\/\/www.csj-emballages.com\/pt-pt\/wp-json\/wp\/v2\/product_brand?post=17829"},{"taxonomy":"product_cat","embeddable":true,"href":"https:\/\/www.csj-emballages.com\/pt-pt\/wp-json\/wp\/v2\/product_cat?post=17829"},{"taxonomy":"product_tag","embeddable":true,"href":"https:\/\/www.csj-emballages.com\/pt-pt\/wp-json\/wp\/v2\/product_tag?post=17829"}],"curies":[{"name":"wp","href":"https:\/\/api.w.org\/{rel}","templated":true}]}}