{"id":17813,"date":"2024-03-01T16:49:00","date_gmt":"2024-03-01T15:49:00","guid":{"rendered":"https:\/\/u15jnbdpoq.preview.infomaniak.website\/produit\/50-guardanapos-de-2-folhas-38-x-38-cm-lavanda\/"},"modified":"2025-10-18T02:16:03","modified_gmt":"2025-10-18T00:16:03","slug":"50-guardanapos-de-2-folhas-38-x-38-cm-lavanda","status":"publish","type":"product","link":"https:\/\/www.csj-emballages.com\/pt-pt\/produit\/50-guardanapos-de-2-folhas-38-x-38-cm-lavanda\/","title":{"rendered":"Guardanapo lil\u00e1s de 2 camadas 38 x 38 cm por 50"},"content":{"rendered":"<h2>Guardanapo lil\u00e1s<\/h2>\n<hr>\n<h3><span style=\"font-weight: bold;\">Descubra o nosso conjunto de 50 toalhas lil\u00e1s de 2 camadas 38 x 38 cm<\/span><\/h3>\n<p><!--more--><\/p>\n<div class=\"flex max-w-full flex-col flex-grow\">\n<div class=\"min-h-8 text-message flex w-full flex-col items-end gap-2 whitespace-normal break-words text-start [.text-message+&amp;]:mt-5\" dir=\"auto\" data-message-author-role=\"assistant\" data-message-id=\"9b149096-222c-4804-b25c-623d8d364029\" data-message-model-slug=\"gpt-4o-mini\">\n<div class=\"flex w-full flex-col gap-1 empty:hidden first:pt-[3px]\">\n<div class=\"markdown prose w-full break-words dark:prose-invert dark\">\n<p data-start=\"237\" data-end=\"681\">D\u00ea um toque de eleg\u00e2ncia e de requinte \u00e0s suas mesas com o <strong data-start=\"307\" data-end=\"351\">guardanapo lil\u00e1s de 2 camadas 38 x 38 cm por 50<\/strong>. Concebido tanto para os profissionais da restaura\u00e7\u00e3o como para os clientes particulares, alia <strong data-start=\"454\" data-end=\"467\">o car\u00e1cter pr\u00e1tico<\/strong> \u00e0 <strong data-start=\"471\" data-end=\"485\">est\u00e9tica<\/strong>. Al\u00e9m disso, a sua cor <strong>lil\u00e1s<\/strong> suave e sofisticada \u00e9 ideal para criar um ambiente acolhedor em casamentos, anivers\u00e1rios, recep\u00e7\u00f5es ou simplesmente para refei\u00e7\u00f5es em fam\u00edlia.  <\/p>\n<p data-start=\"683\" data-end=\"1112\">Fabricada em <strong data-start=\"696\" data-end=\"713\">papel de 2 camadas<\/strong>, esta <strong>toalha<\/strong> \u00e9 duradoura e agrad\u00e1vel ao toque. Oferece uma absor\u00e7\u00e3o eficaz, o que a torna uma escolha adequada tanto para o uso quotidiano como para ocasi\u00f5es especiais. Com o seu formato de <strong data-start=\"933\" data-end=\"947\">38 x 38 cm<\/strong>, desdobra-se amplamente para um conforto \u00f3timo, mas pode ser dobrada de diferentes formas para se integrar harmoniosamente na decora\u00e7\u00e3o da sua mesa.  <\/p>\n<p data-start=\"1114\" data-end=\"1498\">Embalado em pacotes de <strong>50<\/strong> unidades, o <strong data-start=\"1145\" data-end=\"1189\">guardanapo lil\u00e1s de 2 camadas 38 x 38 cm por 50<\/strong> \u00e9 uma forma simples de satisfazer as suas necessidades. O seu car\u00e1cter pr\u00e1tico e o seu design elegante tornam-no indispens\u00e1vel para enriquecer as suas refei\u00e7\u00f5es. <\/p>\n<p data-start=\"1500\" data-end=\"1671\">Em suma, aliando <strong data-start=\"1508\" data-end=\"1519\">qualidade<\/strong>, <strong data-start=\"1521\" data-end=\"1533\">eleg\u00e2ncia<\/strong> e <strong data-start=\"1537\" data-end=\"1555\">funcionalidade<\/strong>, este <strong>guardanapo<\/strong> \u00e9 o pormenor que faz toda a diferen\u00e7a nos seus eventos e refei\u00e7\u00f5es do dia a dia.<\/p>\n<p data-start=\"1500\" data-end=\"1671\">\n<\/div>\n<\/div>\n<\/div>\n<\/div>\n<p><!--more--><\/p>\n<h4>Vantagens :<\/h4>\n<ul>\n<li><strong>Eleg\u00e2ncia intemporal:<\/strong> A cor <strong>lil\u00e1s<\/strong> d\u00e1 um toque sofisticado \u00e0s suas mesas.<\/li>\n<li><strong>Tamanho ideal:<\/strong> Com <strong>38 x 38 cm<\/strong>, estas toalhas s\u00e3o ideais para uma vasta gama de utiliza\u00e7\u00f5es.<\/li>\n<li><strong>Resist\u00eancia extra:<\/strong> A conce\u00e7\u00e3o de 2 camadas garante resist\u00eancia e efici\u00eancia para uma utiliza\u00e7\u00e3o intensiva.<\/li>\n<li><strong>Textura agrad\u00e1vel:<\/strong> Suaves e absorventes, oferecem um conforto \u00f3timo.<\/li>\n<\/ul>\n<p>&nbsp;<\/p>\n<p><!--more--><\/p>\n<h4>Outras informa\u00e7\u00f5es :<\/h4>\n<ul>\n<li><strong>Embalagem<\/strong>: Pacote de 50<\/li>\n<li><strong>Cor<\/strong>: Lil\u00e1s<\/li>\n<li><strong>Dimens\u00f5es<\/strong>: 38 x 38 cm desdobrado<\/li>\n<li><strong>Material<\/strong>: Celulose<\/li>\n<\/ul>\n<p>&nbsp;<\/p>\n<p><!--more--><\/p>\n<p><a href=\"https:\/\/www.csj-emballages.com\/pt-pt\/categorie-produit\/embalagem-de-alimentos\/restauracao\/guardanapos-jogos-americanos-toalhas-de-mesa\/toalhas\/toalhas-de-2-camadas\/\">Ver o resto da nossa gama de toalhas de 2 camadas<\/a><\/p>\n","protected":false},"excerpt":{"rendered":"<p>Guardanapo lil\u00e1s Descubra o nosso conjunto de 50 toalhas lil\u00e1s de 2 camadas 38 x 38 cm<\/p>\n","protected":false},"featured_media":241214,"template":"","meta":{"_acf_changed":false},"product_brand":[],"product_cat":[1141,1138,1139,1278,1672],"product_tag":[],"class_list":{"0":"post-17813","1":"product","2":"type-product","3":"status-publish","4":"has-post-thumbnail","6":"product_cat-embalagem-de-alimentos","7":"product_cat-restauracao","8":"product_cat-guardanapos-jogos-americanos-toalhas-de-mesa","9":"product_cat-toalhas","10":"product_cat-toalhas-de-2-camadas","12":"first","13":"outofstock","14":"taxable","15":"shipping-taxable","16":"purchasable","17":"product-type-simple"},"acf":[],"yoast_head":"<!-- This site is optimized with the Yoast SEO Premium plugin v26.6 (Yoast SEO v26.6) - https:\/\/yoast.com\/wordpress\/plugins\/seo\/ -->\n<title>Guardanapo lil\u00e1s de 2 camadas 38 x 38 cm por 50<\/title>\n<meta name=\"description\" content=\"Traga eleg\u00e2ncia e praticidade \u00e0s suas mesas com o guardanapo lil\u00e1s de 2 camadas 38 x 38 cm por 50, ideal para refei\u00e7\u00f5es di\u00e1rias ou eventos festivos.\" \/>\n<meta name=\"robots\" content=\"index, follow, max-snippet:-1, max-image-preview:large, max-video-preview:-1\" \/>\n<link rel=\"canonical\" href=\"https:\/\/www.csj-emballages.com\/pt-pt\/produit\/50-guardanapos-de-2-folhas-38-x-38-cm-lavanda\/\" \/>\n<meta property=\"og:locale\" content=\"pt_PT\" \/>\n<meta property=\"og:type\" content=\"article\" \/>\n<meta property=\"og:title\" content=\"Guardanapo lil\u00e1s de 2 camadas 38 x 38 cm por 50\" \/>\n<meta property=\"og:description\" content=\"Traga eleg\u00e2ncia e praticidade \u00e0s suas mesas com o guardanapo lil\u00e1s de 2 camadas 38 x 38 cm por 50, ideal para refei\u00e7\u00f5es di\u00e1rias ou eventos festivos.\" \/>\n<meta property=\"og:url\" content=\"https:\/\/www.csj-emballages.com\/pt-pt\/produit\/50-guardanapos-de-2-folhas-38-x-38-cm-lavanda\/\" \/>\n<meta property=\"og:site_name\" content=\"CSJ Emballages\" \/>\n<meta property=\"article:publisher\" content=\"https:\/\/www.facebook.com\/csjemballages\" \/>\n<meta property=\"article:modified_time\" content=\"2025-10-18T00:16:03+00:00\" \/>\n<meta property=\"og:image\" content=\"https:\/\/www.csj-emballages.com\/wp-content\/uploads\/2024\/03\/SR38L.webp\" \/>\n\t<meta property=\"og:image:width\" content=\"800\" \/>\n\t<meta property=\"og:image:height\" content=\"800\" \/>\n\t<meta property=\"og:image:type\" content=\"image\/webp\" \/>\n<meta name=\"twitter:card\" content=\"summary_large_image\" \/>\n<meta name=\"twitter:label1\" content=\"Tempo estimado de leitura\" \/>\n\t<meta name=\"twitter:data1\" content=\"2 minutos\" \/>\n<script type=\"application\/ld+json\" class=\"yoast-schema-graph\">{\"@context\":\"https:\/\/schema.org\",\"@graph\":[{\"@type\":\"WebPage\",\"@id\":\"https:\/\/www.csj-emballages.com\/pt-pt\/produit\/50-guardanapos-de-2-folhas-38-x-38-cm-lavanda\/\",\"url\":\"https:\/\/www.csj-emballages.com\/pt-pt\/produit\/50-guardanapos-de-2-folhas-38-x-38-cm-lavanda\/\",\"name\":\"Guardanapo lil\u00e1s de 2 camadas 38 x 38 cm por 50\",\"isPartOf\":{\"@id\":\"https:\/\/www.csj-emballages.com\/pt-pt\/#website\"},\"primaryImageOfPage\":{\"@id\":\"https:\/\/www.csj-emballages.com\/pt-pt\/produit\/50-guardanapos-de-2-folhas-38-x-38-cm-lavanda\/#primaryimage\"},\"image\":{\"@id\":\"https:\/\/www.csj-emballages.com\/pt-pt\/produit\/50-guardanapos-de-2-folhas-38-x-38-cm-lavanda\/#primaryimage\"},\"thumbnailUrl\":\"https:\/\/www.csj-emballages.com\/wp-content\/uploads\/2024\/03\/SR38L.webp\",\"datePublished\":\"2024-03-01T15:49:00+00:00\",\"dateModified\":\"2025-10-18T00:16:03+00:00\",\"description\":\"Traga eleg\u00e2ncia e praticidade \u00e0s suas mesas com o guardanapo lil\u00e1s de 2 camadas 38 x 38 cm por 50, ideal para refei\u00e7\u00f5es di\u00e1rias ou eventos festivos.\",\"breadcrumb\":{\"@id\":\"https:\/\/www.csj-emballages.com\/pt-pt\/produit\/50-guardanapos-de-2-folhas-38-x-38-cm-lavanda\/#breadcrumb\"},\"inLanguage\":\"pt-PT\",\"potentialAction\":[{\"@type\":\"ReadAction\",\"target\":[\"https:\/\/www.csj-emballages.com\/pt-pt\/produit\/50-guardanapos-de-2-folhas-38-x-38-cm-lavanda\/\"]}]},{\"@type\":\"ImageObject\",\"inLanguage\":\"pt-PT\",\"@id\":\"https:\/\/www.csj-emballages.com\/pt-pt\/produit\/50-guardanapos-de-2-folhas-38-x-38-cm-lavanda\/#primaryimage\",\"url\":\"https:\/\/www.csj-emballages.com\/wp-content\/uploads\/2024\/03\/SR38L.webp\",\"contentUrl\":\"https:\/\/www.csj-emballages.com\/wp-content\/uploads\/2024\/03\/SR38L.webp\",\"width\":800,\"height\":800,\"caption\":\"Serviette lilas\"},{\"@type\":\"BreadcrumbList\",\"@id\":\"https:\/\/www.csj-emballages.com\/pt-pt\/produit\/50-guardanapos-de-2-folhas-38-x-38-cm-lavanda\/#breadcrumb\",\"itemListElement\":[{\"@type\":\"ListItem\",\"position\":1,\"name\":\"Acolhimento\",\"item\":\"https:\/\/www.csj-emballages.com\/pt-pt\/universo-das-embalagens-alimentares\/\"},{\"@type\":\"ListItem\",\"position\":2,\"name\":\"Shop\",\"item\":\"https:\/\/www.csj-emballages.com\/shop\/\"},{\"@type\":\"ListItem\",\"position\":3,\"name\":\"Guardanapo lil\u00e1s de 2 camadas 38 x 38 cm por 50\"}]},{\"@type\":\"WebSite\",\"@id\":\"https:\/\/www.csj-emballages.com\/pt-pt\/#website\",\"url\":\"https:\/\/www.csj-emballages.com\/pt-pt\/\",\"name\":\"CSJ Emballages\",\"description\":\"\",\"publisher\":{\"@id\":\"https:\/\/www.csj-emballages.com\/pt-pt\/#organization\"},\"potentialAction\":[{\"@type\":\"SearchAction\",\"target\":{\"@type\":\"EntryPoint\",\"urlTemplate\":\"https:\/\/www.csj-emballages.com\/pt-pt\/?s={search_term_string}\"},\"query-input\":{\"@type\":\"PropertyValueSpecification\",\"valueRequired\":true,\"valueName\":\"search_term_string\"}}],\"inLanguage\":\"pt-PT\"},{\"@type\":\"Organization\",\"@id\":\"https:\/\/www.csj-emballages.com\/pt-pt\/#Organization\/\",\"name\":\"CSJ Emballages\",\"url\":\"https:\/\/www.csj-emballages.com\/pt-pt\/\",\"logo\":{\"@type\":\"ImageObject\",\"inLanguage\":\"pt-PT\",\"@id\":\"https:\/\/www.csj-emballages.com\/pt-pt\/#\/schema\/logo\/image\/\",\"url\":\"https:\/\/www.csj-emballages.com\/wp-content\/uploads\/2023\/10\/logo_csj.webp\",\"contentUrl\":\"https:\/\/www.csj-emballages.com\/wp-content\/uploads\/2023\/10\/logo_csj.webp\",\"width\":250,\"height\":95,\"caption\":\"CSJ Emballages\"},\"image\":{\"@id\":\"https:\/\/www.csj-emballages.com\/pt-pt\/#\/schema\/logo\/image\/\"},\"sameAs\":[\"https:\/\/www.facebook.com\/csjemballages\"],\"address\":{\"@type\":\"PostalAddress\",\"streetAddress\":\"ZI La Lechere\",\"addressLocality\":\"Patornay\",\"postalCode\":\"39130\",\"addressCountry\":\"FR\"},\"contactPoint\":[{\"@type\":\"ContactPoint\",\"contactType\":\"Service client\",\"telephone\":\"0384254272\",\"email\":\"contact@csj-emballages.com\"}]}]}<\/script>\n<!-- \/ Yoast SEO Premium plugin. -->","yoast_head_json":{"title":"Guardanapo lil\u00e1s de 2 camadas 38 x 38 cm por 50","description":"Traga eleg\u00e2ncia e praticidade \u00e0s suas mesas com o guardanapo lil\u00e1s de 2 camadas 38 x 38 cm por 50, ideal para refei\u00e7\u00f5es di\u00e1rias ou eventos festivos.","robots":{"index":"index","follow":"follow","max-snippet":"max-snippet:-1","max-image-preview":"max-image-preview:large","max-video-preview":"max-video-preview:-1"},"canonical":"https:\/\/www.csj-emballages.com\/pt-pt\/produit\/50-guardanapos-de-2-folhas-38-x-38-cm-lavanda\/","og_locale":"pt_PT","og_type":"article","og_title":"Guardanapo lil\u00e1s de 2 camadas 38 x 38 cm por 50","og_description":"Traga eleg\u00e2ncia e praticidade \u00e0s suas mesas com o guardanapo lil\u00e1s de 2 camadas 38 x 38 cm por 50, ideal para refei\u00e7\u00f5es di\u00e1rias ou eventos festivos.","og_url":"https:\/\/www.csj-emballages.com\/pt-pt\/produit\/50-guardanapos-de-2-folhas-38-x-38-cm-lavanda\/","og_site_name":"CSJ Emballages","article_publisher":"https:\/\/www.facebook.com\/csjemballages","article_modified_time":"2025-10-18T00:16:03+00:00","og_image":[{"width":800,"height":800,"url":"https:\/\/www.csj-emballages.com\/wp-content\/uploads\/2024\/03\/SR38L.webp","type":"image\/webp"}],"twitter_card":"summary_large_image","twitter_misc":{"Tempo estimado de leitura":"2 minutos"},"schema":{"@context":"https:\/\/schema.org","@graph":[{"@type":"WebPage","@id":"https:\/\/www.csj-emballages.com\/pt-pt\/produit\/50-guardanapos-de-2-folhas-38-x-38-cm-lavanda\/","url":"https:\/\/www.csj-emballages.com\/pt-pt\/produit\/50-guardanapos-de-2-folhas-38-x-38-cm-lavanda\/","name":"Guardanapo lil\u00e1s de 2 camadas 38 x 38 cm por 50","isPartOf":{"@id":"https:\/\/www.csj-emballages.com\/pt-pt\/#website"},"primaryImageOfPage":{"@id":"https:\/\/www.csj-emballages.com\/pt-pt\/produit\/50-guardanapos-de-2-folhas-38-x-38-cm-lavanda\/#primaryimage"},"image":{"@id":"https:\/\/www.csj-emballages.com\/pt-pt\/produit\/50-guardanapos-de-2-folhas-38-x-38-cm-lavanda\/#primaryimage"},"thumbnailUrl":"https:\/\/www.csj-emballages.com\/wp-content\/uploads\/2024\/03\/SR38L.webp","datePublished":"2024-03-01T15:49:00+00:00","dateModified":"2025-10-18T00:16:03+00:00","description":"Traga eleg\u00e2ncia e praticidade \u00e0s suas mesas com o guardanapo lil\u00e1s de 2 camadas 38 x 38 cm por 50, ideal para refei\u00e7\u00f5es di\u00e1rias ou eventos festivos.","breadcrumb":{"@id":"https:\/\/www.csj-emballages.com\/pt-pt\/produit\/50-guardanapos-de-2-folhas-38-x-38-cm-lavanda\/#breadcrumb"},"inLanguage":"pt-PT","potentialAction":[{"@type":"ReadAction","target":["https:\/\/www.csj-emballages.com\/pt-pt\/produit\/50-guardanapos-de-2-folhas-38-x-38-cm-lavanda\/"]}]},{"@type":"ImageObject","inLanguage":"pt-PT","@id":"https:\/\/www.csj-emballages.com\/pt-pt\/produit\/50-guardanapos-de-2-folhas-38-x-38-cm-lavanda\/#primaryimage","url":"https:\/\/www.csj-emballages.com\/wp-content\/uploads\/2024\/03\/SR38L.webp","contentUrl":"https:\/\/www.csj-emballages.com\/wp-content\/uploads\/2024\/03\/SR38L.webp","width":800,"height":800,"caption":"Serviette lilas"},{"@type":"BreadcrumbList","@id":"https:\/\/www.csj-emballages.com\/pt-pt\/produit\/50-guardanapos-de-2-folhas-38-x-38-cm-lavanda\/#breadcrumb","itemListElement":[{"@type":"ListItem","position":1,"name":"Acolhimento","item":"https:\/\/www.csj-emballages.com\/pt-pt\/universo-das-embalagens-alimentares\/"},{"@type":"ListItem","position":2,"name":"Shop","item":"https:\/\/www.csj-emballages.com\/shop\/"},{"@type":"ListItem","position":3,"name":"Guardanapo lil\u00e1s de 2 camadas 38 x 38 cm por 50"}]},{"@type":"WebSite","@id":"https:\/\/www.csj-emballages.com\/pt-pt\/#website","url":"https:\/\/www.csj-emballages.com\/pt-pt\/","name":"CSJ Emballages","description":"","publisher":{"@id":"https:\/\/www.csj-emballages.com\/pt-pt\/#organization"},"potentialAction":[{"@type":"SearchAction","target":{"@type":"EntryPoint","urlTemplate":"https:\/\/www.csj-emballages.com\/pt-pt\/?s={search_term_string}"},"query-input":{"@type":"PropertyValueSpecification","valueRequired":true,"valueName":"search_term_string"}}],"inLanguage":"pt-PT"},{"@type":"Organization","@id":"https:\/\/www.csj-emballages.com\/pt-pt\/#Organization\/","name":"CSJ Emballages","url":"https:\/\/www.csj-emballages.com\/pt-pt\/","logo":{"@type":"ImageObject","inLanguage":"pt-PT","@id":"https:\/\/www.csj-emballages.com\/pt-pt\/#\/schema\/logo\/image\/","url":"https:\/\/www.csj-emballages.com\/wp-content\/uploads\/2023\/10\/logo_csj.webp","contentUrl":"https:\/\/www.csj-emballages.com\/wp-content\/uploads\/2023\/10\/logo_csj.webp","width":250,"height":95,"caption":"CSJ Emballages"},"image":{"@id":"https:\/\/www.csj-emballages.com\/pt-pt\/#\/schema\/logo\/image\/"},"sameAs":["https:\/\/www.facebook.com\/csjemballages"],"address":{"@type":"PostalAddress","streetAddress":"ZI La Lechere","addressLocality":"Patornay","postalCode":"39130","addressCountry":"FR"},"contactPoint":[{"@type":"ContactPoint","contactType":"Service client","telephone":"0384254272","email":"contact@csj-emballages.com"}]}]}},"df_price":1.94,"df_sale_price":"","df_regular_price":1.94,"df_image_link":"https:\/\/www.csj-emballages.com\/wp-content\/uploads\/2024\/03\/SR38L-300x300.webp","tiered_pricing_type":"fixed","tiered_pricing_fixed_rules":[],"tiered_pricing_percentage_rules":[],"tiered_pricing_minimum":1,"tiered_pricing_roles_data":[],"_links":{"self":[{"href":"https:\/\/www.csj-emballages.com\/pt-pt\/wp-json\/wp\/v2\/product\/17813","targetHints":{"allow":["GET"]}}],"collection":[{"href":"https:\/\/www.csj-emballages.com\/pt-pt\/wp-json\/wp\/v2\/product"}],"about":[{"href":"https:\/\/www.csj-emballages.com\/pt-pt\/wp-json\/wp\/v2\/types\/product"}],"wp:featuredmedia":[{"embeddable":true,"href":"https:\/\/www.csj-emballages.com\/pt-pt\/wp-json\/wp\/v2\/media\/241214"}],"wp:attachment":[{"href":"https:\/\/www.csj-emballages.com\/pt-pt\/wp-json\/wp\/v2\/media?parent=17813"}],"wp:term":[{"taxonomy":"product_brand","embeddable":true,"href":"https:\/\/www.csj-emballages.com\/pt-pt\/wp-json\/wp\/v2\/product_brand?post=17813"},{"taxonomy":"product_cat","embeddable":true,"href":"https:\/\/www.csj-emballages.com\/pt-pt\/wp-json\/wp\/v2\/product_cat?post=17813"},{"taxonomy":"product_tag","embeddable":true,"href":"https:\/\/www.csj-emballages.com\/pt-pt\/wp-json\/wp\/v2\/product_tag?post=17813"}],"curies":[{"name":"wp","href":"https:\/\/api.w.org\/{rel}","templated":true}]}}