{"id":17807,"date":"2024-03-01T16:49:01","date_gmt":"2024-03-01T15:49:01","guid":{"rendered":"https:\/\/u15jnbdpoq.preview.infomaniak.website\/produit\/50-guardanapo-de-2-folhas-38-x-38-cm-chocolate\/"},"modified":"2026-03-12T16:43:02","modified_gmt":"2026-03-12T15:43:02","slug":"50-guardanapo-de-2-folhas-38-x-38-cm-chocolate","status":"publish","type":"product","link":"https:\/\/www.csj-emballages.com\/pt-pt\/produit\/50-guardanapo-de-2-folhas-38-x-38-cm-chocolate\/","title":{"rendered":"Guardanapo de chocolate de 2 camadas 38 x 38 cm por 50"},"content":{"rendered":"<h2>Toalha branca<\/h2>\n<hr>\n<h3><span style=\"font-weight: bold;\">Descubra o nosso guardanapo de chocolate de 2 camadas 38 x 38 cm por 50<\/span><\/h3>\n<p><!--more--><\/p>\n<div class=\"flex max-w-full flex-col flex-grow\">\n<div class=\"min-h-8 text-message flex w-full flex-col items-end gap-2 whitespace-normal break-words text-start [.text-message+&amp;]:mt-5\" dir=\"auto\" data-message-author-role=\"assistant\" data-message-id=\"9b149096-222c-4804-b25c-623d8d364029\" data-message-model-slug=\"gpt-4o-mini\">\n<div class=\"flex w-full flex-col gap-1 empty:hidden first:pt-[3px]\">\n<div class=\"markdown prose w-full break-words dark:prose-invert dark\">\n<p data-start=\"236\" data-end=\"659\">Os <strong data-start=\"240\" data-end=\"288\">guardanapos de chocolate de 2 folhas de 38 x 38 cm, num pacote de 50,<\/strong> s\u00e3o um must-have para todos os profissionais de restaura\u00e7\u00e3o, mas tamb\u00e9m para os clientes particulares que querem oferecer uma bela apresenta\u00e7\u00e3o \u00e0 mesa. Com a sua <strong data-start=\"473\" data-end=\"517\">cor chocolate quente e elegante<\/strong>, d\u00e3o imediatamente um toque de requinte e combinam perfeitamente com um ambiente natural, chique ou gourmet. Fabricadas em <strong data-start=\"675\" data-end=\"711\">papel de 2 camadas<\/strong>, combinam resist\u00eancia e facilidade de utiliza\u00e7\u00e3o. Ao contr\u00e1rio das toalhas finas que se rasgam facilmente, estas oferecem uma fixa\u00e7\u00e3o superior e uma melhor absor\u00e7\u00e3o. S\u00e3o ideais para as refei\u00e7\u00f5es do dia a dia, bem como para eventos mais festivos, como casamentos, anivers\u00e1rios ou eventos empresariais.    <\/p>\n<p data-start=\"1061\" data-end=\"1330\">O formato <strong data-start=\"1071\" data-end=\"1085\">38 x 38 cm<\/strong> \u00e9 generoso, pr\u00e1tico para cobrir os joelhos, proteger a roupa e garantir uma higiene perfeita durante as refei\u00e7\u00f5es. Este tamanho tamb\u00e9m \u00e9 popular para fazer dobras decorativas simples para melhorar a apresenta\u00e7\u00e3o das suas mesas. <\/p>\n<p data-start=\"1332\" data-end=\"1609\">Embalados <strong data-start=\"1346\" data-end=\"1374\">em pacotes de 50 guardanapos<\/strong>, representam um excelente compromisso entre praticidade e economia. F\u00e1ceis de armazenar e distribuir, s\u00e3o adequados para todos os tipos de locais: restaurantes, food-trucks, catering, mas tamb\u00e9m para recep\u00e7\u00f5es ao domic\u00edlio. <\/p>\n<p data-start=\"1611\" data-end=\"1792\">Optar por estes <strong data-start=\"1626\" data-end=\"1656\">guardanapos de chocolate de 2 camadas<\/strong> significa escolher um produto fi\u00e1vel, atrativo e vers\u00e1til que ir\u00e1 melhorar as suas refei\u00e7\u00f5es, oferecendo conforto e praticidade aos seus convidados.<\/p>\n<\/div>\n<p data-start=\"1611\" data-end=\"1792\">\n<\/div>\n<\/div>\n<\/div>\n<p><!--more--><\/p>\n<h4>Vantagens :<\/h4>\n<ul>\n<li><strong data-start=\"2015\" data-end=\"2027\">Elegance<\/strong>: uma cor chocolate chique e moderna para uma bela apresenta\u00e7\u00e3o.<\/li>\n<li><strong data-start=\"2097\" data-end=\"2108\">Qualidade<\/strong>: camada dupla de 2 camadas, resistente e absorvente.<\/li>\n<li><strong data-start=\"2168\" data-end=\"2181\">Pr\u00e1tico<\/strong>: formato grande de 38 x 38 cm, adequado para refei\u00e7\u00f5es e dobragens decorativas.<\/li>\n<li><strong data-start=\"2253\" data-end=\"2268\">Versatilidade<\/strong>: pode ser utilizado em restaurantes, eventos ou em casa.<\/li>\n<li><strong data-start=\"2332\" data-end=\"2347\">Econ\u00f3mico<\/strong>: embalado em pacotes de 50 toalhas para f\u00e1cil armazenamento.<\/li>\n<\/ul>\n<p>&nbsp;<\/p>\n<p><!--more--><\/p>\n<h4>Outras informa\u00e7\u00f5es :<\/h4>\n<ul>\n<li><strong>Embalagem<\/strong>: Pacote de 50<\/li>\n<li><strong>Cor<\/strong>: Chocolate<\/li>\n<li><strong>Dimens\u00f5es<\/strong>: 38 x 38 cm desdobrado<\/li>\n<li><strong>Material<\/strong>: Celulose<\/li>\n<\/ul>\n<p>&nbsp;<\/p>\n<p><!--more--><\/p>\n<p><a href=\"https:\/\/www.csj-emballages.com\/pt-pt\/categorie-produit\/embalagem-de-alimentos\/restauracao\/guardanapos-jogos-americanos-toalhas-de-mesa\/toalhas\/toalhas-de-2-camadas\/\">Ver o resto da nossa gama de toalhas de 2 camadas<\/a><\/p>\n","protected":false},"excerpt":{"rendered":"<p>Toalha branca Descubra o nosso guardanapo de chocolate de 2 camadas 38 x 38 cm por 50<\/p>\n","protected":false},"featured_media":241148,"template":"","meta":{"_acf_changed":false},"product_brand":[],"product_cat":[1141,1138,1139,1278,1672],"product_tag":[],"class_list":{"0":"post-17807","1":"product","2":"type-product","3":"status-publish","4":"has-post-thumbnail","6":"product_cat-embalagem-de-alimentos","7":"product_cat-restauracao","8":"product_cat-guardanapos-jogos-americanos-toalhas-de-mesa","9":"product_cat-toalhas","10":"product_cat-toalhas-de-2-camadas","12":"first","13":"instock","14":"taxable","15":"shipping-taxable","16":"purchasable","17":"product-type-simple"},"acf":[],"yoast_head":"<!-- This site is optimized with the Yoast SEO Premium plugin v26.6 (Yoast SEO v26.6) - https:\/\/yoast.com\/wordpress\/plugins\/seo\/ -->\n<title>Guardanapo de chocolate de 2 camadas 38 x 38 cm por 50<\/title>\n<meta name=\"description\" content=\"Guardanapos de chocolate de 2 camadas 38 x 38 cm por 50: elegantes, resistentes e absorventes, ideais para catering, restaurantes ou refei\u00e7\u00f5es em casa.\" \/>\n<meta name=\"robots\" content=\"index, follow, max-snippet:-1, max-image-preview:large, max-video-preview:-1\" \/>\n<link rel=\"canonical\" href=\"https:\/\/www.csj-emballages.com\/pt-pt\/produit\/50-guardanapo-de-2-folhas-38-x-38-cm-chocolate\/\" \/>\n<meta property=\"og:locale\" content=\"pt_PT\" \/>\n<meta property=\"og:type\" content=\"article\" \/>\n<meta property=\"og:title\" content=\"Guardanapo de chocolate de 2 camadas 38 x 38 cm por 50\" \/>\n<meta property=\"og:description\" content=\"Guardanapos de chocolate de 2 camadas 38 x 38 cm por 50: elegantes, resistentes e absorventes, ideais para catering, restaurantes ou refei\u00e7\u00f5es em casa.\" \/>\n<meta property=\"og:url\" content=\"https:\/\/www.csj-emballages.com\/pt-pt\/produit\/50-guardanapo-de-2-folhas-38-x-38-cm-chocolate\/\" \/>\n<meta property=\"og:site_name\" content=\"CSJ Emballages\" \/>\n<meta property=\"article:publisher\" content=\"https:\/\/www.facebook.com\/csjemballages\" \/>\n<meta property=\"article:modified_time\" content=\"2026-03-12T15:43:02+00:00\" \/>\n<meta property=\"og:image\" content=\"https:\/\/www.csj-emballages.com\/wp-content\/uploads\/2024\/03\/SR38CH.webp\" \/>\n\t<meta property=\"og:image:width\" content=\"800\" \/>\n\t<meta property=\"og:image:height\" content=\"800\" \/>\n\t<meta property=\"og:image:type\" content=\"image\/webp\" \/>\n<meta name=\"twitter:card\" content=\"summary_large_image\" \/>\n<meta name=\"twitter:label1\" content=\"Tempo estimado de leitura\" \/>\n\t<meta name=\"twitter:data1\" content=\"2 minutos\" \/>\n<script type=\"application\/ld+json\" class=\"yoast-schema-graph\">{\"@context\":\"https:\/\/schema.org\",\"@graph\":[{\"@type\":\"WebPage\",\"@id\":\"https:\/\/www.csj-emballages.com\/pt-pt\/produit\/50-guardanapo-de-2-folhas-38-x-38-cm-chocolate\/\",\"url\":\"https:\/\/www.csj-emballages.com\/pt-pt\/produit\/50-guardanapo-de-2-folhas-38-x-38-cm-chocolate\/\",\"name\":\"Guardanapo de chocolate de 2 camadas 38 x 38 cm por 50\",\"isPartOf\":{\"@id\":\"https:\/\/www.csj-emballages.com\/pt-pt\/#website\"},\"primaryImageOfPage\":{\"@id\":\"https:\/\/www.csj-emballages.com\/pt-pt\/produit\/50-guardanapo-de-2-folhas-38-x-38-cm-chocolate\/#primaryimage\"},\"image\":{\"@id\":\"https:\/\/www.csj-emballages.com\/pt-pt\/produit\/50-guardanapo-de-2-folhas-38-x-38-cm-chocolate\/#primaryimage\"},\"thumbnailUrl\":\"https:\/\/www.csj-emballages.com\/wp-content\/uploads\/2024\/03\/SR38CH.webp\",\"datePublished\":\"2024-03-01T15:49:01+00:00\",\"dateModified\":\"2026-03-12T15:43:02+00:00\",\"description\":\"Guardanapos de chocolate de 2 camadas 38 x 38 cm por 50: elegantes, resistentes e absorventes, ideais para catering, restaurantes ou refei\u00e7\u00f5es em casa.\",\"breadcrumb\":{\"@id\":\"https:\/\/www.csj-emballages.com\/pt-pt\/produit\/50-guardanapo-de-2-folhas-38-x-38-cm-chocolate\/#breadcrumb\"},\"inLanguage\":\"pt-PT\",\"potentialAction\":[{\"@type\":\"ReadAction\",\"target\":[\"https:\/\/www.csj-emballages.com\/pt-pt\/produit\/50-guardanapo-de-2-folhas-38-x-38-cm-chocolate\/\"]}]},{\"@type\":\"ImageObject\",\"inLanguage\":\"pt-PT\",\"@id\":\"https:\/\/www.csj-emballages.com\/pt-pt\/produit\/50-guardanapo-de-2-folhas-38-x-38-cm-chocolate\/#primaryimage\",\"url\":\"https:\/\/www.csj-emballages.com\/wp-content\/uploads\/2024\/03\/SR38CH.webp\",\"contentUrl\":\"https:\/\/www.csj-emballages.com\/wp-content\/uploads\/2024\/03\/SR38CH.webp\",\"width\":800,\"height\":800,\"caption\":\"Serviette chocolat\"},{\"@type\":\"BreadcrumbList\",\"@id\":\"https:\/\/www.csj-emballages.com\/pt-pt\/produit\/50-guardanapo-de-2-folhas-38-x-38-cm-chocolate\/#breadcrumb\",\"itemListElement\":[{\"@type\":\"ListItem\",\"position\":1,\"name\":\"Acolhimento\",\"item\":\"https:\/\/www.csj-emballages.com\/pt-pt\/universo-das-embalagens-alimentares\/\"},{\"@type\":\"ListItem\",\"position\":2,\"name\":\"Shop\",\"item\":\"https:\/\/www.csj-emballages.com\/shop\/\"},{\"@type\":\"ListItem\",\"position\":3,\"name\":\"Guardanapo de chocolate de 2 camadas 38 x 38 cm por 50\"}]},{\"@type\":\"WebSite\",\"@id\":\"https:\/\/www.csj-emballages.com\/pt-pt\/#website\",\"url\":\"https:\/\/www.csj-emballages.com\/pt-pt\/\",\"name\":\"CSJ Emballages\",\"description\":\"\",\"publisher\":{\"@id\":\"https:\/\/www.csj-emballages.com\/pt-pt\/#organization\"},\"potentialAction\":[{\"@type\":\"SearchAction\",\"target\":{\"@type\":\"EntryPoint\",\"urlTemplate\":\"https:\/\/www.csj-emballages.com\/pt-pt\/?s={search_term_string}\"},\"query-input\":{\"@type\":\"PropertyValueSpecification\",\"valueRequired\":true,\"valueName\":\"search_term_string\"}}],\"inLanguage\":\"pt-PT\"},{\"@type\":\"Organization\",\"@id\":\"https:\/\/www.csj-emballages.com\/pt-pt\/#Organization\/\",\"name\":\"CSJ Emballages\",\"url\":\"https:\/\/www.csj-emballages.com\/pt-pt\/\",\"logo\":{\"@type\":\"ImageObject\",\"inLanguage\":\"pt-PT\",\"@id\":\"https:\/\/www.csj-emballages.com\/pt-pt\/#\/schema\/logo\/image\/\",\"url\":\"https:\/\/www.csj-emballages.com\/wp-content\/uploads\/2023\/10\/logo_csj.webp\",\"contentUrl\":\"https:\/\/www.csj-emballages.com\/wp-content\/uploads\/2023\/10\/logo_csj.webp\",\"width\":250,\"height\":95,\"caption\":\"CSJ Emballages\"},\"image\":{\"@id\":\"https:\/\/www.csj-emballages.com\/pt-pt\/#\/schema\/logo\/image\/\"},\"sameAs\":[\"https:\/\/www.facebook.com\/csjemballages\"],\"address\":{\"@type\":\"PostalAddress\",\"streetAddress\":\"ZI La Lechere\",\"addressLocality\":\"Patornay\",\"postalCode\":\"39130\",\"addressCountry\":\"FR\"},\"contactPoint\":[{\"@type\":\"ContactPoint\",\"contactType\":\"Service client\",\"telephone\":\"0384254272\",\"email\":\"contact@csj-emballages.com\"}]}]}<\/script>\n<!-- \/ Yoast SEO Premium plugin. -->","yoast_head_json":{"title":"Guardanapo de chocolate de 2 camadas 38 x 38 cm por 50","description":"Guardanapos de chocolate de 2 camadas 38 x 38 cm por 50: elegantes, resistentes e absorventes, ideais para catering, restaurantes ou refei\u00e7\u00f5es em casa.","robots":{"index":"index","follow":"follow","max-snippet":"max-snippet:-1","max-image-preview":"max-image-preview:large","max-video-preview":"max-video-preview:-1"},"canonical":"https:\/\/www.csj-emballages.com\/pt-pt\/produit\/50-guardanapo-de-2-folhas-38-x-38-cm-chocolate\/","og_locale":"pt_PT","og_type":"article","og_title":"Guardanapo de chocolate de 2 camadas 38 x 38 cm por 50","og_description":"Guardanapos de chocolate de 2 camadas 38 x 38 cm por 50: elegantes, resistentes e absorventes, ideais para catering, restaurantes ou refei\u00e7\u00f5es em casa.","og_url":"https:\/\/www.csj-emballages.com\/pt-pt\/produit\/50-guardanapo-de-2-folhas-38-x-38-cm-chocolate\/","og_site_name":"CSJ Emballages","article_publisher":"https:\/\/www.facebook.com\/csjemballages","article_modified_time":"2026-03-12T15:43:02+00:00","og_image":[{"width":800,"height":800,"url":"https:\/\/www.csj-emballages.com\/wp-content\/uploads\/2024\/03\/SR38CH.webp","type":"image\/webp"}],"twitter_card":"summary_large_image","twitter_misc":{"Tempo estimado de leitura":"2 minutos"},"schema":{"@context":"https:\/\/schema.org","@graph":[{"@type":"WebPage","@id":"https:\/\/www.csj-emballages.com\/pt-pt\/produit\/50-guardanapo-de-2-folhas-38-x-38-cm-chocolate\/","url":"https:\/\/www.csj-emballages.com\/pt-pt\/produit\/50-guardanapo-de-2-folhas-38-x-38-cm-chocolate\/","name":"Guardanapo de chocolate de 2 camadas 38 x 38 cm por 50","isPartOf":{"@id":"https:\/\/www.csj-emballages.com\/pt-pt\/#website"},"primaryImageOfPage":{"@id":"https:\/\/www.csj-emballages.com\/pt-pt\/produit\/50-guardanapo-de-2-folhas-38-x-38-cm-chocolate\/#primaryimage"},"image":{"@id":"https:\/\/www.csj-emballages.com\/pt-pt\/produit\/50-guardanapo-de-2-folhas-38-x-38-cm-chocolate\/#primaryimage"},"thumbnailUrl":"https:\/\/www.csj-emballages.com\/wp-content\/uploads\/2024\/03\/SR38CH.webp","datePublished":"2024-03-01T15:49:01+00:00","dateModified":"2026-03-12T15:43:02+00:00","description":"Guardanapos de chocolate de 2 camadas 38 x 38 cm por 50: elegantes, resistentes e absorventes, ideais para catering, restaurantes ou refei\u00e7\u00f5es em casa.","breadcrumb":{"@id":"https:\/\/www.csj-emballages.com\/pt-pt\/produit\/50-guardanapo-de-2-folhas-38-x-38-cm-chocolate\/#breadcrumb"},"inLanguage":"pt-PT","potentialAction":[{"@type":"ReadAction","target":["https:\/\/www.csj-emballages.com\/pt-pt\/produit\/50-guardanapo-de-2-folhas-38-x-38-cm-chocolate\/"]}]},{"@type":"ImageObject","inLanguage":"pt-PT","@id":"https:\/\/www.csj-emballages.com\/pt-pt\/produit\/50-guardanapo-de-2-folhas-38-x-38-cm-chocolate\/#primaryimage","url":"https:\/\/www.csj-emballages.com\/wp-content\/uploads\/2024\/03\/SR38CH.webp","contentUrl":"https:\/\/www.csj-emballages.com\/wp-content\/uploads\/2024\/03\/SR38CH.webp","width":800,"height":800,"caption":"Serviette chocolat"},{"@type":"BreadcrumbList","@id":"https:\/\/www.csj-emballages.com\/pt-pt\/produit\/50-guardanapo-de-2-folhas-38-x-38-cm-chocolate\/#breadcrumb","itemListElement":[{"@type":"ListItem","position":1,"name":"Acolhimento","item":"https:\/\/www.csj-emballages.com\/pt-pt\/universo-das-embalagens-alimentares\/"},{"@type":"ListItem","position":2,"name":"Shop","item":"https:\/\/www.csj-emballages.com\/shop\/"},{"@type":"ListItem","position":3,"name":"Guardanapo de chocolate de 2 camadas 38 x 38 cm por 50"}]},{"@type":"WebSite","@id":"https:\/\/www.csj-emballages.com\/pt-pt\/#website","url":"https:\/\/www.csj-emballages.com\/pt-pt\/","name":"CSJ Emballages","description":"","publisher":{"@id":"https:\/\/www.csj-emballages.com\/pt-pt\/#organization"},"potentialAction":[{"@type":"SearchAction","target":{"@type":"EntryPoint","urlTemplate":"https:\/\/www.csj-emballages.com\/pt-pt\/?s={search_term_string}"},"query-input":{"@type":"PropertyValueSpecification","valueRequired":true,"valueName":"search_term_string"}}],"inLanguage":"pt-PT"},{"@type":"Organization","@id":"https:\/\/www.csj-emballages.com\/pt-pt\/#Organization\/","name":"CSJ Emballages","url":"https:\/\/www.csj-emballages.com\/pt-pt\/","logo":{"@type":"ImageObject","inLanguage":"pt-PT","@id":"https:\/\/www.csj-emballages.com\/pt-pt\/#\/schema\/logo\/image\/","url":"https:\/\/www.csj-emballages.com\/wp-content\/uploads\/2023\/10\/logo_csj.webp","contentUrl":"https:\/\/www.csj-emballages.com\/wp-content\/uploads\/2023\/10\/logo_csj.webp","width":250,"height":95,"caption":"CSJ Emballages"},"image":{"@id":"https:\/\/www.csj-emballages.com\/pt-pt\/#\/schema\/logo\/image\/"},"sameAs":["https:\/\/www.facebook.com\/csjemballages"],"address":{"@type":"PostalAddress","streetAddress":"ZI La Lechere","addressLocality":"Patornay","postalCode":"39130","addressCountry":"FR"},"contactPoint":[{"@type":"ContactPoint","contactType":"Service client","telephone":"0384254272","email":"contact@csj-emballages.com"}]}]}},"df_price":2.4,"df_sale_price":"","df_regular_price":2.4,"df_image_link":"https:\/\/www.csj-emballages.com\/wp-content\/uploads\/2024\/03\/SR38CH-300x300.webp","tiered_pricing_type":"fixed","tiered_pricing_fixed_rules":[],"tiered_pricing_percentage_rules":[],"tiered_pricing_minimum":1,"tiered_pricing_roles_data":[],"_links":{"self":[{"href":"https:\/\/www.csj-emballages.com\/pt-pt\/wp-json\/wp\/v2\/product\/17807","targetHints":{"allow":["GET"]}}],"collection":[{"href":"https:\/\/www.csj-emballages.com\/pt-pt\/wp-json\/wp\/v2\/product"}],"about":[{"href":"https:\/\/www.csj-emballages.com\/pt-pt\/wp-json\/wp\/v2\/types\/product"}],"wp:featuredmedia":[{"embeddable":true,"href":"https:\/\/www.csj-emballages.com\/pt-pt\/wp-json\/wp\/v2\/media\/241148"}],"wp:attachment":[{"href":"https:\/\/www.csj-emballages.com\/pt-pt\/wp-json\/wp\/v2\/media?parent=17807"}],"wp:term":[{"taxonomy":"product_brand","embeddable":true,"href":"https:\/\/www.csj-emballages.com\/pt-pt\/wp-json\/wp\/v2\/product_brand?post=17807"},{"taxonomy":"product_cat","embeddable":true,"href":"https:\/\/www.csj-emballages.com\/pt-pt\/wp-json\/wp\/v2\/product_cat?post=17807"},{"taxonomy":"product_tag","embeddable":true,"href":"https:\/\/www.csj-emballages.com\/pt-pt\/wp-json\/wp\/v2\/product_tag?post=17807"}],"curies":[{"name":"wp","href":"https:\/\/api.w.org\/{rel}","templated":true}]}}