{"id":17790,"date":"2024-03-01T16:49:01","date_gmt":"2024-03-01T15:49:01","guid":{"rendered":"https:\/\/u15jnbdpoq.preview.infomaniak.website\/produit\/50-toalhas-cinzentas-de-2-camadas-de-38-x-38-cm\/"},"modified":"2026-04-01T02:18:41","modified_gmt":"2026-04-01T00:18:41","slug":"50-toalhas-cinzentas-de-2-camadas-de-38-x-38-cm","status":"publish","type":"product","link":"https:\/\/www.csj-emballages.com\/pt-pt\/produit\/50-toalhas-cinzentas-de-2-camadas-de-38-x-38-cm\/","title":{"rendered":"Toalha de 2 camadas cinzenta 38 x 38 cm por 50"},"content":{"rendered":"<h2>Toalha cinzenta<\/h2>\n<hr>\n<h3><span style=\"font-weight: bold;\">Descubra a nossa toalha cinzenta de 2 camadas 38 x 38 cm, embalagem de 50<\/span><\/h3>\n<p><!--more--><\/p>\n<div class=\"flex max-w-full flex-col flex-grow\">\n<div class=\"min-h-8 text-message flex w-full flex-col items-end gap-2 whitespace-normal break-words text-start [.text-message+&amp;]:mt-5\" dir=\"auto\" data-message-author-role=\"assistant\" data-message-id=\"9b149096-222c-4804-b25c-623d8d364029\" data-message-model-slug=\"gpt-4o-mini\">\n<div class=\"flex w-full flex-col gap-1 empty:hidden first:pt-[3px]\">\n<div class=\"markdown prose w-full break-words dark:prose-invert dark\">\n<p data-start=\"126\" data-end=\"381\">D\u00ea eleg\u00e2ncia e praticidade \u00e0s suas mesas com o <strong data-start=\"178\" data-end=\"222\">guardanapo cinzento de 2 camadas 38 x 38 cm por 50<\/strong>. Ideal tanto para as refei\u00e7\u00f5es do dia a dia como para as recep\u00e7\u00f5es profissionais, estes guardanapos combinam <strong data-start=\"336\" data-end=\"347\">qualidade<\/strong>, <strong data-start=\"349\" data-end=\"360\">conforto<\/strong> e <strong data-start=\"364\" data-end=\"378\">est\u00e9tica<\/strong>. <\/p>\n<p data-start=\"383\" data-end=\"681\">Gra\u00e7as ao seu formato generoso de <strong data-start=\"415\" data-end=\"429\">38 x 38 cm<\/strong>, oferecem uma boa cobertura e um \u00f3timo conforto de utiliza\u00e7\u00e3o. A <strong data-start=\"506\" data-end=\"523\">dobragem em 2 camadas<\/strong> confere-lhes um toque agradavelmente espesso, garantindo ao mesmo tempo a sua resist\u00eancia durante a utiliza\u00e7\u00e3o. \u00c9 o compromisso perfeito entre o car\u00e1cter pr\u00e1tico e o requinte.  <\/p>\n<p data-start=\"683\" data-end=\"1118\">A cor <strong data-start=\"694\" data-end=\"703\">cinzenta<\/strong> adapta-se facilmente a qualquer ambiente e decora\u00e7\u00e3o de mesa. D\u00e1 um toque <strong data-start=\"796\" data-end=\"815\">moderno e chique<\/strong>, quer se trate de um jantar com amigos, de um casamento, de um semin\u00e1rio ou de um servi\u00e7o de catering. Os profissionais da restaura\u00e7\u00e3o apreciam particularmente a sua <strong data-start=\"994\" data-end=\"1019\">versatilidade e eleg\u00e2ncia<\/strong>, enquanto os clientes particulares v\u00eaem nela uma solu\u00e7\u00e3o simples e eficaz para melhorar as suas refei\u00e7\u00f5es.  <\/p>\n<p data-start=\"1120\" data-end=\"1384\">Embalados em pacotes de <strong data-start=\"1138\" data-end=\"1151\">50<\/strong> unidades, estes guardanapos s\u00e3o ideais para satisfazer necessidades ocasionais ou regulares, sem excesso de stock desnecess\u00e1rio. O seu design robusto garante que n\u00e3o se rasgar\u00e3o facilmente, mesmo com pratos grandes ou refei\u00e7\u00f5es mais elaboradas. <\/p>\n<p data-start=\"1386\" data-end=\"1702\">Pr\u00e1ticos, atraentes e resistentes, os <strong data-start=\"1429\" data-end=\"1468\">guardanapos cinzentos de 2 camadas de 38 x 38 cm<\/strong> s\u00e3o uma escolha obrigat\u00f3ria para quem procura <strong data-start=\"1534\" data-end=\"1559\">facilidade de utiliza\u00e7\u00e3o<\/strong> e <strong data-start=\"1563\" data-end=\"1587\">uma apresenta\u00e7\u00e3o impec\u00e1vel<\/strong>. Permitem-lhe oferecer aos seus convidados uma experi\u00eancia de conv\u00edvio, profissional e sempre elegante. <\/p>\n<p data-start=\"1386\" data-end=\"1702\">\n<\/div>\n<\/div>\n<\/div>\n<\/div>\n<p><!--more--><\/p>\n<h4>Vantagens :<\/h4>\n<ul>\n<li><strong>Eleg\u00e2ncia intemporal:<\/strong> a cor <strong>cinzenta<\/strong> d\u00e1 um toque moderno a qualquer mesa.<\/li>\n<li><strong>Tamanho ideal:<\/strong> Com <strong>38 x 38 cm<\/strong>, estas toalhas s\u00e3o ideais para uma vasta gama de utiliza\u00e7\u00f5es.<\/li>\n<li><strong>Resist\u00eancia extra:<\/strong> A conce\u00e7\u00e3o de 2 camadas garante resist\u00eancia e efici\u00eancia para uma utiliza\u00e7\u00e3o intensiva.<\/li>\n<li><strong>Textura agrad\u00e1vel:<\/strong> Suaves e absorventes, oferecem um conforto \u00f3timo.<\/li>\n<\/ul>\n<p>&nbsp;<\/p>\n<p><!--more--><\/p>\n<h4>Outras informa\u00e7\u00f5es :<\/h4>\n<ul>\n<li><strong>Embalagem<\/strong>: Pacote de 50<\/li>\n<li><strong>Cor<\/strong>: cinzento<\/li>\n<li><strong>Dimens\u00f5es<\/strong>: 38 x 38 cm desdobrado<\/li>\n<li><strong>Material<\/strong>: Celulose<\/li>\n<\/ul>\n<p>&nbsp;<\/p>\n<p><!--more--><\/p>\n<p><a href=\"https:\/\/www.csj-emballages.com\/pt-pt\/categorie-produit\/embalagem-de-alimentos\/restauracao\/guardanapos-jogos-americanos-toalhas-de-mesa\/toalhas\/toalhas-de-2-camadas\/\">Ver o resto da nossa gama de toalhas de 2 camadas<\/a><\/p>\n","protected":false},"excerpt":{"rendered":"<p>Toalha cinzenta Descubra a nossa toalha cinzenta de 2 camadas 38 x 38 cm, embalagem de 50<\/p>\n","protected":false},"featured_media":241176,"template":"","meta":{"_acf_changed":false},"product_brand":[],"product_cat":[1141,1138,1139,1278,1672],"product_tag":[],"class_list":{"0":"post-17790","1":"product","2":"type-product","3":"status-publish","4":"has-post-thumbnail","6":"product_cat-embalagem-de-alimentos","7":"product_cat-restauracao","8":"product_cat-guardanapos-jogos-americanos-toalhas-de-mesa","9":"product_cat-toalhas","10":"product_cat-toalhas-de-2-camadas","12":"first","13":"instock","14":"taxable","15":"shipping-taxable","16":"purchasable","17":"product-type-simple"},"acf":[],"yoast_head":"<!-- This site is optimized with the Yoast SEO Premium plugin v26.6 (Yoast SEO v26.6) - https:\/\/yoast.com\/wordpress\/plugins\/seo\/ -->\n<title>Toalha de 2 camadas cinzenta 38 x 38 cm por 50<\/title>\n<meta name=\"description\" content=\"D\u00ea eleg\u00e2ncia e praticidade \u00e0s suas mesas com os nossos guardanapos cinzentos de 2 camadas 38 x 38 cm por 50: resistentes, absorventes e ideais para todas as suas refei\u00e7\u00f5es.\" \/>\n<meta name=\"robots\" content=\"index, follow, max-snippet:-1, max-image-preview:large, max-video-preview:-1\" \/>\n<link rel=\"canonical\" href=\"https:\/\/www.csj-emballages.com\/pt-pt\/produit\/50-toalhas-cinzentas-de-2-camadas-de-38-x-38-cm\/\" \/>\n<meta property=\"og:locale\" content=\"pt_PT\" \/>\n<meta property=\"og:type\" content=\"article\" \/>\n<meta property=\"og:title\" content=\"Toalha de 2 camadas cinzenta 38 x 38 cm por 50\" \/>\n<meta property=\"og:description\" content=\"D\u00ea eleg\u00e2ncia e praticidade \u00e0s suas mesas com os nossos guardanapos cinzentos de 2 camadas 38 x 38 cm por 50: resistentes, absorventes e ideais para todas as suas refei\u00e7\u00f5es.\" \/>\n<meta property=\"og:url\" content=\"https:\/\/www.csj-emballages.com\/pt-pt\/produit\/50-toalhas-cinzentas-de-2-camadas-de-38-x-38-cm\/\" \/>\n<meta property=\"og:site_name\" content=\"CSJ Emballages\" \/>\n<meta property=\"article:publisher\" content=\"https:\/\/www.facebook.com\/csjemballages\" \/>\n<meta property=\"article:modified_time\" content=\"2026-04-01T00:18:41+00:00\" \/>\n<meta property=\"og:image\" content=\"https:\/\/www.csj-emballages.com\/wp-content\/uploads\/2024\/03\/SR38G.webp\" \/>\n\t<meta property=\"og:image:width\" content=\"800\" \/>\n\t<meta property=\"og:image:height\" content=\"800\" \/>\n\t<meta property=\"og:image:type\" content=\"image\/webp\" \/>\n<meta name=\"twitter:card\" content=\"summary_large_image\" \/>\n<meta name=\"twitter:label1\" content=\"Tempo estimado de leitura\" \/>\n\t<meta name=\"twitter:data1\" content=\"2 minutos\" \/>\n<script type=\"application\/ld+json\" class=\"yoast-schema-graph\">{\"@context\":\"https:\/\/schema.org\",\"@graph\":[{\"@type\":\"WebPage\",\"@id\":\"https:\/\/www.csj-emballages.com\/pt-pt\/produit\/50-toalhas-cinzentas-de-2-camadas-de-38-x-38-cm\/\",\"url\":\"https:\/\/www.csj-emballages.com\/pt-pt\/produit\/50-toalhas-cinzentas-de-2-camadas-de-38-x-38-cm\/\",\"name\":\"Toalha de 2 camadas cinzenta 38 x 38 cm por 50\",\"isPartOf\":{\"@id\":\"https:\/\/www.csj-emballages.com\/pt-pt\/#website\"},\"primaryImageOfPage\":{\"@id\":\"https:\/\/www.csj-emballages.com\/pt-pt\/produit\/50-toalhas-cinzentas-de-2-camadas-de-38-x-38-cm\/#primaryimage\"},\"image\":{\"@id\":\"https:\/\/www.csj-emballages.com\/pt-pt\/produit\/50-toalhas-cinzentas-de-2-camadas-de-38-x-38-cm\/#primaryimage\"},\"thumbnailUrl\":\"https:\/\/www.csj-emballages.com\/wp-content\/uploads\/2024\/03\/SR38G.webp\",\"datePublished\":\"2024-03-01T15:49:01+00:00\",\"dateModified\":\"2026-04-01T00:18:41+00:00\",\"description\":\"D\u00ea eleg\u00e2ncia e praticidade \u00e0s suas mesas com os nossos guardanapos cinzentos de 2 camadas 38 x 38 cm por 50: resistentes, absorventes e ideais para todas as suas refei\u00e7\u00f5es.\",\"breadcrumb\":{\"@id\":\"https:\/\/www.csj-emballages.com\/pt-pt\/produit\/50-toalhas-cinzentas-de-2-camadas-de-38-x-38-cm\/#breadcrumb\"},\"inLanguage\":\"pt-PT\",\"potentialAction\":[{\"@type\":\"ReadAction\",\"target\":[\"https:\/\/www.csj-emballages.com\/pt-pt\/produit\/50-toalhas-cinzentas-de-2-camadas-de-38-x-38-cm\/\"]}]},{\"@type\":\"ImageObject\",\"inLanguage\":\"pt-PT\",\"@id\":\"https:\/\/www.csj-emballages.com\/pt-pt\/produit\/50-toalhas-cinzentas-de-2-camadas-de-38-x-38-cm\/#primaryimage\",\"url\":\"https:\/\/www.csj-emballages.com\/wp-content\/uploads\/2024\/03\/SR38G.webp\",\"contentUrl\":\"https:\/\/www.csj-emballages.com\/wp-content\/uploads\/2024\/03\/SR38G.webp\",\"width\":800,\"height\":800,\"caption\":\"Serviette grise\"},{\"@type\":\"BreadcrumbList\",\"@id\":\"https:\/\/www.csj-emballages.com\/pt-pt\/produit\/50-toalhas-cinzentas-de-2-camadas-de-38-x-38-cm\/#breadcrumb\",\"itemListElement\":[{\"@type\":\"ListItem\",\"position\":1,\"name\":\"Acolhimento\",\"item\":\"https:\/\/www.csj-emballages.com\/pt-pt\/universo-das-embalagens-alimentares\/\"},{\"@type\":\"ListItem\",\"position\":2,\"name\":\"Shop\",\"item\":\"https:\/\/www.csj-emballages.com\/shop\/\"},{\"@type\":\"ListItem\",\"position\":3,\"name\":\"Toalha de 2 camadas cinzenta 38 x 38 cm por 50\"}]},{\"@type\":\"WebSite\",\"@id\":\"https:\/\/www.csj-emballages.com\/pt-pt\/#website\",\"url\":\"https:\/\/www.csj-emballages.com\/pt-pt\/\",\"name\":\"CSJ Emballages\",\"description\":\"\",\"publisher\":{\"@id\":\"https:\/\/www.csj-emballages.com\/pt-pt\/#organization\"},\"potentialAction\":[{\"@type\":\"SearchAction\",\"target\":{\"@type\":\"EntryPoint\",\"urlTemplate\":\"https:\/\/www.csj-emballages.com\/pt-pt\/?s={search_term_string}\"},\"query-input\":{\"@type\":\"PropertyValueSpecification\",\"valueRequired\":true,\"valueName\":\"search_term_string\"}}],\"inLanguage\":\"pt-PT\"},{\"@type\":\"Organization\",\"@id\":\"https:\/\/www.csj-emballages.com\/pt-pt\/#Organization\/\",\"name\":\"CSJ Emballages\",\"url\":\"https:\/\/www.csj-emballages.com\/pt-pt\/\",\"logo\":{\"@type\":\"ImageObject\",\"inLanguage\":\"pt-PT\",\"@id\":\"https:\/\/www.csj-emballages.com\/pt-pt\/#\/schema\/logo\/image\/\",\"url\":\"https:\/\/www.csj-emballages.com\/wp-content\/uploads\/2023\/10\/logo_csj.webp\",\"contentUrl\":\"https:\/\/www.csj-emballages.com\/wp-content\/uploads\/2023\/10\/logo_csj.webp\",\"width\":250,\"height\":95,\"caption\":\"CSJ Emballages\"},\"image\":{\"@id\":\"https:\/\/www.csj-emballages.com\/pt-pt\/#\/schema\/logo\/image\/\"},\"sameAs\":[\"https:\/\/www.facebook.com\/csjemballages\"],\"address\":{\"@type\":\"PostalAddress\",\"streetAddress\":\"ZI La Lechere\",\"addressLocality\":\"Patornay\",\"postalCode\":\"39130\",\"addressCountry\":\"FR\"},\"contactPoint\":[{\"@type\":\"ContactPoint\",\"contactType\":\"Service client\",\"telephone\":\"0384254272\",\"email\":\"contact@csj-emballages.com\"}]}]}<\/script>\n<!-- \/ Yoast SEO Premium plugin. -->","yoast_head_json":{"title":"Toalha de 2 camadas cinzenta 38 x 38 cm por 50","description":"D\u00ea eleg\u00e2ncia e praticidade \u00e0s suas mesas com os nossos guardanapos cinzentos de 2 camadas 38 x 38 cm por 50: resistentes, absorventes e ideais para todas as suas refei\u00e7\u00f5es.","robots":{"index":"index","follow":"follow","max-snippet":"max-snippet:-1","max-image-preview":"max-image-preview:large","max-video-preview":"max-video-preview:-1"},"canonical":"https:\/\/www.csj-emballages.com\/pt-pt\/produit\/50-toalhas-cinzentas-de-2-camadas-de-38-x-38-cm\/","og_locale":"pt_PT","og_type":"article","og_title":"Toalha de 2 camadas cinzenta 38 x 38 cm por 50","og_description":"D\u00ea eleg\u00e2ncia e praticidade \u00e0s suas mesas com os nossos guardanapos cinzentos de 2 camadas 38 x 38 cm por 50: resistentes, absorventes e ideais para todas as suas refei\u00e7\u00f5es.","og_url":"https:\/\/www.csj-emballages.com\/pt-pt\/produit\/50-toalhas-cinzentas-de-2-camadas-de-38-x-38-cm\/","og_site_name":"CSJ Emballages","article_publisher":"https:\/\/www.facebook.com\/csjemballages","article_modified_time":"2026-04-01T00:18:41+00:00","og_image":[{"width":800,"height":800,"url":"https:\/\/www.csj-emballages.com\/wp-content\/uploads\/2024\/03\/SR38G.webp","type":"image\/webp"}],"twitter_card":"summary_large_image","twitter_misc":{"Tempo estimado de leitura":"2 minutos"},"schema":{"@context":"https:\/\/schema.org","@graph":[{"@type":"WebPage","@id":"https:\/\/www.csj-emballages.com\/pt-pt\/produit\/50-toalhas-cinzentas-de-2-camadas-de-38-x-38-cm\/","url":"https:\/\/www.csj-emballages.com\/pt-pt\/produit\/50-toalhas-cinzentas-de-2-camadas-de-38-x-38-cm\/","name":"Toalha de 2 camadas cinzenta 38 x 38 cm por 50","isPartOf":{"@id":"https:\/\/www.csj-emballages.com\/pt-pt\/#website"},"primaryImageOfPage":{"@id":"https:\/\/www.csj-emballages.com\/pt-pt\/produit\/50-toalhas-cinzentas-de-2-camadas-de-38-x-38-cm\/#primaryimage"},"image":{"@id":"https:\/\/www.csj-emballages.com\/pt-pt\/produit\/50-toalhas-cinzentas-de-2-camadas-de-38-x-38-cm\/#primaryimage"},"thumbnailUrl":"https:\/\/www.csj-emballages.com\/wp-content\/uploads\/2024\/03\/SR38G.webp","datePublished":"2024-03-01T15:49:01+00:00","dateModified":"2026-04-01T00:18:41+00:00","description":"D\u00ea eleg\u00e2ncia e praticidade \u00e0s suas mesas com os nossos guardanapos cinzentos de 2 camadas 38 x 38 cm por 50: resistentes, absorventes e ideais para todas as suas refei\u00e7\u00f5es.","breadcrumb":{"@id":"https:\/\/www.csj-emballages.com\/pt-pt\/produit\/50-toalhas-cinzentas-de-2-camadas-de-38-x-38-cm\/#breadcrumb"},"inLanguage":"pt-PT","potentialAction":[{"@type":"ReadAction","target":["https:\/\/www.csj-emballages.com\/pt-pt\/produit\/50-toalhas-cinzentas-de-2-camadas-de-38-x-38-cm\/"]}]},{"@type":"ImageObject","inLanguage":"pt-PT","@id":"https:\/\/www.csj-emballages.com\/pt-pt\/produit\/50-toalhas-cinzentas-de-2-camadas-de-38-x-38-cm\/#primaryimage","url":"https:\/\/www.csj-emballages.com\/wp-content\/uploads\/2024\/03\/SR38G.webp","contentUrl":"https:\/\/www.csj-emballages.com\/wp-content\/uploads\/2024\/03\/SR38G.webp","width":800,"height":800,"caption":"Serviette grise"},{"@type":"BreadcrumbList","@id":"https:\/\/www.csj-emballages.com\/pt-pt\/produit\/50-toalhas-cinzentas-de-2-camadas-de-38-x-38-cm\/#breadcrumb","itemListElement":[{"@type":"ListItem","position":1,"name":"Acolhimento","item":"https:\/\/www.csj-emballages.com\/pt-pt\/universo-das-embalagens-alimentares\/"},{"@type":"ListItem","position":2,"name":"Shop","item":"https:\/\/www.csj-emballages.com\/shop\/"},{"@type":"ListItem","position":3,"name":"Toalha de 2 camadas cinzenta 38 x 38 cm por 50"}]},{"@type":"WebSite","@id":"https:\/\/www.csj-emballages.com\/pt-pt\/#website","url":"https:\/\/www.csj-emballages.com\/pt-pt\/","name":"CSJ Emballages","description":"","publisher":{"@id":"https:\/\/www.csj-emballages.com\/pt-pt\/#organization"},"potentialAction":[{"@type":"SearchAction","target":{"@type":"EntryPoint","urlTemplate":"https:\/\/www.csj-emballages.com\/pt-pt\/?s={search_term_string}"},"query-input":{"@type":"PropertyValueSpecification","valueRequired":true,"valueName":"search_term_string"}}],"inLanguage":"pt-PT"},{"@type":"Organization","@id":"https:\/\/www.csj-emballages.com\/pt-pt\/#Organization\/","name":"CSJ Emballages","url":"https:\/\/www.csj-emballages.com\/pt-pt\/","logo":{"@type":"ImageObject","inLanguage":"pt-PT","@id":"https:\/\/www.csj-emballages.com\/pt-pt\/#\/schema\/logo\/image\/","url":"https:\/\/www.csj-emballages.com\/wp-content\/uploads\/2023\/10\/logo_csj.webp","contentUrl":"https:\/\/www.csj-emballages.com\/wp-content\/uploads\/2023\/10\/logo_csj.webp","width":250,"height":95,"caption":"CSJ Emballages"},"image":{"@id":"https:\/\/www.csj-emballages.com\/pt-pt\/#\/schema\/logo\/image\/"},"sameAs":["https:\/\/www.facebook.com\/csjemballages"],"address":{"@type":"PostalAddress","streetAddress":"ZI La Lechere","addressLocality":"Patornay","postalCode":"39130","addressCountry":"FR"},"contactPoint":[{"@type":"ContactPoint","contactType":"Service client","telephone":"0384254272","email":"contact@csj-emballages.com"}]}]}},"df_price":2.21,"df_sale_price":"","df_regular_price":2.21,"df_image_link":"https:\/\/www.csj-emballages.com\/wp-content\/uploads\/2024\/03\/SR38G-300x300.webp","tiered_pricing_type":"fixed","tiered_pricing_fixed_rules":[],"tiered_pricing_percentage_rules":[],"tiered_pricing_minimum":1,"tiered_pricing_roles_data":[],"_links":{"self":[{"href":"https:\/\/www.csj-emballages.com\/pt-pt\/wp-json\/wp\/v2\/product\/17790","targetHints":{"allow":["GET"]}}],"collection":[{"href":"https:\/\/www.csj-emballages.com\/pt-pt\/wp-json\/wp\/v2\/product"}],"about":[{"href":"https:\/\/www.csj-emballages.com\/pt-pt\/wp-json\/wp\/v2\/types\/product"}],"wp:featuredmedia":[{"embeddable":true,"href":"https:\/\/www.csj-emballages.com\/pt-pt\/wp-json\/wp\/v2\/media\/241176"}],"wp:attachment":[{"href":"https:\/\/www.csj-emballages.com\/pt-pt\/wp-json\/wp\/v2\/media?parent=17790"}],"wp:term":[{"taxonomy":"product_brand","embeddable":true,"href":"https:\/\/www.csj-emballages.com\/pt-pt\/wp-json\/wp\/v2\/product_brand?post=17790"},{"taxonomy":"product_cat","embeddable":true,"href":"https:\/\/www.csj-emballages.com\/pt-pt\/wp-json\/wp\/v2\/product_cat?post=17790"},{"taxonomy":"product_tag","embeddable":true,"href":"https:\/\/www.csj-emballages.com\/pt-pt\/wp-json\/wp\/v2\/product_tag?post=17790"}],"curies":[{"name":"wp","href":"https:\/\/api.w.org\/{rel}","templated":true}]}}