{"id":17783,"date":"2024-03-01T16:49:00","date_gmt":"2024-03-01T15:49:00","guid":{"rendered":"https:\/\/u15jnbdpoq.preview.infomaniak.website\/produit\/50-guardanapos-de-2-folhas-38-x-38-cm-marfim\/"},"modified":"2026-04-22T02:15:32","modified_gmt":"2026-04-22T00:15:32","slug":"50-guardanapos-de-2-folhas-38-x-38-cm-marfim","status":"publish","type":"product","link":"https:\/\/www.csj-emballages.com\/pt-pt\/produit\/50-guardanapos-de-2-folhas-38-x-38-cm-marfim\/","title":{"rendered":"Guardanapo marfim de 2 camadas 38 x 38 cm por 50"},"content":{"rendered":"<h2>Guardanapo em marfim<\/h2>\n<hr>\n<h3><span style=\"font-weight: bold;\">Descubra o nosso guardanapo de 2 camadas em marfim 38 x 38 cm por 50<\/span><\/h3>\n<p><!--more--><\/p>\n<div class=\"flex max-w-full flex-col flex-grow\">\n<div class=\"min-h-8 text-message flex w-full flex-col items-end gap-2 whitespace-normal break-words text-start [.text-message+&amp;]:mt-5\" dir=\"auto\" data-message-author-role=\"assistant\" data-message-id=\"9b149096-222c-4804-b25c-623d8d364029\" data-message-model-slug=\"gpt-4o-mini\">\n<div class=\"flex w-full flex-col gap-1 empty:hidden first:pt-[3px]\">\n<div class=\"markdown prose w-full break-words dark:prose-invert dark\">\n<p data-start=\"128\" data-end=\"505\"><strong data-start=\"132\" data-end=\"178\">Os guardanapos Ivory de 2 camadas 38 x 38 cm por 50<\/strong> s\u00e3o um must-have para todos os profissionais de restaura\u00e7\u00e3o, mas tamb\u00e9m para clientes privados que querem receber com estilo. O seu formato generoso de <strong data-start=\"343\" data-end=\"357\">38 x 38 cm<\/strong> torna-os f\u00e1ceis de dobrar e confort\u00e1veis de utilizar, quer seja para uma refei\u00e7\u00e3o de conv\u00edvio, um buffet, um casamento ou um evento empresarial. <\/p>\n<p data-start=\"507\" data-end=\"949\">Da mesma forma, com a sua tonalidade <strong data-start=\"524\" data-end=\"534\">marfim<\/strong>, estes <strong>guardanapos<\/strong> d\u00e3o um toque de suavidade e sofistica\u00e7\u00e3o \u00e0s suas mesas. Mais quentes do que o branco cl\u00e1ssico, s\u00e3o perfeitos para ambientes naturais ou campestres. A sua <strong data-start=\"788\" data-end=\"806\">qualidade de 2 camadas<\/strong> \u00e9 simultaneamente resistente e confort\u00e1vel de utilizar, para que os seus convidados possam desfrutar de um guardanapo absorvente e agrad\u00e1vel ao toque.  <\/p>\n<p data-start=\"951\" data-end=\"1269\">Embalados <strong data-start=\"965\" data-end=\"982\">em conjuntos de 50<\/strong>, s\u00e3o f\u00e1ceis de guardar e ideais para restaurantes, empresas de catering, organizadores de eventos e fam\u00edlias que planeiam recep\u00e7\u00f5es de grande dimens\u00e3o. S\u00e3o adequados tanto para uso quotidiano como ocasional, garantindo sempre uma apresenta\u00e7\u00e3o impec\u00e1vel. <\/p>\n<p data-start=\"1271\" data-end=\"1572\">Al\u00e9m disso, estes <strong>guardanapos de celulose<\/strong> oferecem uma solu\u00e7\u00e3o <strong data-start=\"1326\" data-end=\"1364\">pr\u00e1tica, atraente e higi\u00e9nica<\/strong>, simplificando a organiza\u00e7\u00e3o das suas refei\u00e7\u00f5es. N\u00e3o \u00e9 necess\u00e1rio lav\u00e1-los, pass\u00e1-los a ferro ou limp\u00e1-los: basta coloc\u00e1-los nas suas mesas e estar\u00e1 a preparar o cen\u00e1rio num instante. <\/p>\n<p data-start=\"1574\" data-end=\"1832\">Em suma, \u00e9 um produto concebido para melhorar os seus momentos de partilha.<\/p>\n<p data-start=\"1574\" data-end=\"1832\">\n<\/div>\n<\/div>\n<\/div>\n<\/div>\n<p><!--more--><\/p>\n<h4>Vantagens :<\/h4>\n<ul>\n<li><strong>Eleg\u00e2ncia intemporal:<\/strong> <strong>O marfim<\/strong> d\u00e1 um toque de suavidade \u00e0s suas mesas.<\/li>\n<li><strong>Tamanho ideal:<\/strong> Com <strong>38 x 38 cm<\/strong>, estas toalhas s\u00e3o ideais para uma vasta gama de utiliza\u00e7\u00f5es.<\/li>\n<li><strong>Resist\u00eancia extra:<\/strong> A conce\u00e7\u00e3o de 2 camadas garante resist\u00eancia e efici\u00eancia para uma utiliza\u00e7\u00e3o intensiva.<\/li>\n<li><strong>Textura agrad\u00e1vel:<\/strong> Suaves e absorventes, oferecem um conforto \u00f3timo.<\/li>\n<\/ul>\n<p>&nbsp;<\/p>\n<p><!--more--><\/p>\n<h4>Outras informa\u00e7\u00f5es :<\/h4>\n<ul>\n<li><strong>Embalagem<\/strong>: Pacote de 50<\/li>\n<li><strong>Cor<\/strong>: Marfim<\/li>\n<li><strong>Dimens\u00f5es<\/strong>: 38 x 38 cm desdobrado<\/li>\n<li><strong>Material<\/strong>: Celulose<\/li>\n<\/ul>\n<p>&nbsp;<\/p>\n<p><!--more--><\/p>\n<p><a href=\"https:\/\/www.csj-emballages.com\/pt-pt\/categorie-produit\/embalagem-de-alimentos\/restauracao\/guardanapos-jogos-americanos-toalhas-de-mesa\/toalhas\/toalhas-de-2-camadas\/\">Ver o resto da nossa gama de toalhas de 2 camadas<\/a><\/p>\n","protected":false},"excerpt":{"rendered":"<p>Guardanapo em marfim Descubra o nosso guardanapo de 2 camadas em marfim 38 x 38 cm por 50<\/p>\n","protected":false},"featured_media":241201,"template":"","meta":{"_acf_changed":false},"product_brand":[],"product_cat":[1141,1138,1139,1278,1672],"product_tag":[],"class_list":{"0":"post-17783","1":"product","2":"type-product","3":"status-publish","4":"has-post-thumbnail","6":"product_cat-embalagem-de-alimentos","7":"product_cat-restauracao","8":"product_cat-guardanapos-jogos-americanos-toalhas-de-mesa","9":"product_cat-toalhas","10":"product_cat-toalhas-de-2-camadas","12":"first","13":"instock","14":"taxable","15":"shipping-taxable","16":"purchasable","17":"product-type-simple"},"acf":[],"yoast_head":"<!-- This site is optimized with the Yoast SEO Premium plugin v26.6 (Yoast SEO v26.6) - https:\/\/yoast.com\/wordpress\/plugins\/seo\/ -->\n<title>Guardanapo de 2 camadas em marfim 38 x 38 cm por 50<\/title>\n<meta name=\"description\" content=\"Guardanapos de 2 camadas em marfim 38 x 38 cm por 50: elegantes, pr\u00e1ticos e absorventes, ideais para catering, restaurantes e eventos privados.\" \/>\n<meta name=\"robots\" content=\"index, follow, max-snippet:-1, max-image-preview:large, max-video-preview:-1\" \/>\n<link rel=\"canonical\" href=\"https:\/\/www.csj-emballages.com\/pt-pt\/produit\/50-guardanapos-de-2-folhas-38-x-38-cm-marfim\/\" \/>\n<meta property=\"og:locale\" content=\"pt_PT\" \/>\n<meta property=\"og:type\" content=\"article\" \/>\n<meta property=\"og:title\" content=\"Guardanapo marfim de 2 camadas 38 x 38 cm por 50\" \/>\n<meta property=\"og:description\" content=\"Guardanapos de 2 camadas em marfim 38 x 38 cm por 50: elegantes, pr\u00e1ticos e absorventes, ideais para catering, restaurantes e eventos privados.\" \/>\n<meta property=\"og:url\" content=\"https:\/\/www.csj-emballages.com\/pt-pt\/produit\/50-guardanapos-de-2-folhas-38-x-38-cm-marfim\/\" \/>\n<meta property=\"og:site_name\" content=\"CSJ Emballages\" \/>\n<meta property=\"article:publisher\" content=\"https:\/\/www.facebook.com\/csjemballages\" \/>\n<meta property=\"article:modified_time\" content=\"2026-04-22T00:15:32+00:00\" \/>\n<meta property=\"og:image\" content=\"https:\/\/www.csj-emballages.com\/wp-content\/uploads\/2024\/03\/SR38IVO.webp\" \/>\n\t<meta property=\"og:image:width\" content=\"800\" \/>\n\t<meta property=\"og:image:height\" content=\"800\" \/>\n\t<meta property=\"og:image:type\" content=\"image\/webp\" \/>\n<meta name=\"twitter:card\" content=\"summary_large_image\" \/>\n<meta name=\"twitter:label1\" content=\"Tempo estimado de leitura\" \/>\n\t<meta name=\"twitter:data1\" content=\"2 minutos\" \/>\n<script type=\"application\/ld+json\" class=\"yoast-schema-graph\">{\"@context\":\"https:\/\/schema.org\",\"@graph\":[{\"@type\":\"WebPage\",\"@id\":\"https:\/\/www.csj-emballages.com\/pt-pt\/produit\/50-guardanapos-de-2-folhas-38-x-38-cm-marfim\/\",\"url\":\"https:\/\/www.csj-emballages.com\/pt-pt\/produit\/50-guardanapos-de-2-folhas-38-x-38-cm-marfim\/\",\"name\":\"Guardanapo de 2 camadas em marfim 38 x 38 cm por 50\",\"isPartOf\":{\"@id\":\"https:\/\/www.csj-emballages.com\/pt-pt\/#website\"},\"primaryImageOfPage\":{\"@id\":\"https:\/\/www.csj-emballages.com\/pt-pt\/produit\/50-guardanapos-de-2-folhas-38-x-38-cm-marfim\/#primaryimage\"},\"image\":{\"@id\":\"https:\/\/www.csj-emballages.com\/pt-pt\/produit\/50-guardanapos-de-2-folhas-38-x-38-cm-marfim\/#primaryimage\"},\"thumbnailUrl\":\"https:\/\/www.csj-emballages.com\/wp-content\/uploads\/2024\/03\/SR38IVO.webp\",\"datePublished\":\"2024-03-01T15:49:00+00:00\",\"dateModified\":\"2026-04-22T00:15:32+00:00\",\"description\":\"Guardanapos de 2 camadas em marfim 38 x 38 cm por 50: elegantes, pr\u00e1ticos e absorventes, ideais para catering, restaurantes e eventos privados.\",\"breadcrumb\":{\"@id\":\"https:\/\/www.csj-emballages.com\/pt-pt\/produit\/50-guardanapos-de-2-folhas-38-x-38-cm-marfim\/#breadcrumb\"},\"inLanguage\":\"pt-PT\",\"potentialAction\":[{\"@type\":\"ReadAction\",\"target\":[\"https:\/\/www.csj-emballages.com\/pt-pt\/produit\/50-guardanapos-de-2-folhas-38-x-38-cm-marfim\/\"]}]},{\"@type\":\"ImageObject\",\"inLanguage\":\"pt-PT\",\"@id\":\"https:\/\/www.csj-emballages.com\/pt-pt\/produit\/50-guardanapos-de-2-folhas-38-x-38-cm-marfim\/#primaryimage\",\"url\":\"https:\/\/www.csj-emballages.com\/wp-content\/uploads\/2024\/03\/SR38IVO.webp\",\"contentUrl\":\"https:\/\/www.csj-emballages.com\/wp-content\/uploads\/2024\/03\/SR38IVO.webp\",\"width\":800,\"height\":800,\"caption\":\"Serviette ivoire\"},{\"@type\":\"BreadcrumbList\",\"@id\":\"https:\/\/www.csj-emballages.com\/pt-pt\/produit\/50-guardanapos-de-2-folhas-38-x-38-cm-marfim\/#breadcrumb\",\"itemListElement\":[{\"@type\":\"ListItem\",\"position\":1,\"name\":\"Acolhimento\",\"item\":\"https:\/\/www.csj-emballages.com\/pt-pt\/universo-das-embalagens-alimentares\/\"},{\"@type\":\"ListItem\",\"position\":2,\"name\":\"Shop\",\"item\":\"https:\/\/www.csj-emballages.com\/shop\/\"},{\"@type\":\"ListItem\",\"position\":3,\"name\":\"Guardanapo marfim de 2 camadas 38 x 38 cm por 50\"}]},{\"@type\":\"WebSite\",\"@id\":\"https:\/\/www.csj-emballages.com\/pt-pt\/#website\",\"url\":\"https:\/\/www.csj-emballages.com\/pt-pt\/\",\"name\":\"CSJ Emballages\",\"description\":\"\",\"publisher\":{\"@id\":\"https:\/\/www.csj-emballages.com\/pt-pt\/#organization\"},\"potentialAction\":[{\"@type\":\"SearchAction\",\"target\":{\"@type\":\"EntryPoint\",\"urlTemplate\":\"https:\/\/www.csj-emballages.com\/pt-pt\/?s={search_term_string}\"},\"query-input\":{\"@type\":\"PropertyValueSpecification\",\"valueRequired\":true,\"valueName\":\"search_term_string\"}}],\"inLanguage\":\"pt-PT\"},{\"@type\":\"Organization\",\"@id\":\"https:\/\/www.csj-emballages.com\/pt-pt\/#Organization\/\",\"name\":\"CSJ Emballages\",\"url\":\"https:\/\/www.csj-emballages.com\/pt-pt\/\",\"logo\":{\"@type\":\"ImageObject\",\"inLanguage\":\"pt-PT\",\"@id\":\"https:\/\/www.csj-emballages.com\/pt-pt\/#\/schema\/logo\/image\/\",\"url\":\"https:\/\/www.csj-emballages.com\/wp-content\/uploads\/2023\/10\/logo_csj.webp\",\"contentUrl\":\"https:\/\/www.csj-emballages.com\/wp-content\/uploads\/2023\/10\/logo_csj.webp\",\"width\":250,\"height\":95,\"caption\":\"CSJ Emballages\"},\"image\":{\"@id\":\"https:\/\/www.csj-emballages.com\/pt-pt\/#\/schema\/logo\/image\/\"},\"sameAs\":[\"https:\/\/www.facebook.com\/csjemballages\"],\"address\":{\"@type\":\"PostalAddress\",\"streetAddress\":\"ZI La Lechere\",\"addressLocality\":\"Patornay\",\"postalCode\":\"39130\",\"addressCountry\":\"FR\"},\"contactPoint\":[{\"@type\":\"ContactPoint\",\"contactType\":\"Service client\",\"telephone\":\"0384254272\",\"email\":\"contact@csj-emballages.com\"}]}]}<\/script>\n<!-- \/ Yoast SEO Premium plugin. -->","yoast_head_json":{"title":"Guardanapo de 2 camadas em marfim 38 x 38 cm por 50","description":"Guardanapos de 2 camadas em marfim 38 x 38 cm por 50: elegantes, pr\u00e1ticos e absorventes, ideais para catering, restaurantes e eventos privados.","robots":{"index":"index","follow":"follow","max-snippet":"max-snippet:-1","max-image-preview":"max-image-preview:large","max-video-preview":"max-video-preview:-1"},"canonical":"https:\/\/www.csj-emballages.com\/pt-pt\/produit\/50-guardanapos-de-2-folhas-38-x-38-cm-marfim\/","og_locale":"pt_PT","og_type":"article","og_title":"Guardanapo marfim de 2 camadas 38 x 38 cm por 50","og_description":"Guardanapos de 2 camadas em marfim 38 x 38 cm por 50: elegantes, pr\u00e1ticos e absorventes, ideais para catering, restaurantes e eventos privados.","og_url":"https:\/\/www.csj-emballages.com\/pt-pt\/produit\/50-guardanapos-de-2-folhas-38-x-38-cm-marfim\/","og_site_name":"CSJ Emballages","article_publisher":"https:\/\/www.facebook.com\/csjemballages","article_modified_time":"2026-04-22T00:15:32+00:00","og_image":[{"width":800,"height":800,"url":"https:\/\/www.csj-emballages.com\/wp-content\/uploads\/2024\/03\/SR38IVO.webp","type":"image\/webp"}],"twitter_card":"summary_large_image","twitter_misc":{"Tempo estimado de leitura":"2 minutos"},"schema":{"@context":"https:\/\/schema.org","@graph":[{"@type":"WebPage","@id":"https:\/\/www.csj-emballages.com\/pt-pt\/produit\/50-guardanapos-de-2-folhas-38-x-38-cm-marfim\/","url":"https:\/\/www.csj-emballages.com\/pt-pt\/produit\/50-guardanapos-de-2-folhas-38-x-38-cm-marfim\/","name":"Guardanapo de 2 camadas em marfim 38 x 38 cm por 50","isPartOf":{"@id":"https:\/\/www.csj-emballages.com\/pt-pt\/#website"},"primaryImageOfPage":{"@id":"https:\/\/www.csj-emballages.com\/pt-pt\/produit\/50-guardanapos-de-2-folhas-38-x-38-cm-marfim\/#primaryimage"},"image":{"@id":"https:\/\/www.csj-emballages.com\/pt-pt\/produit\/50-guardanapos-de-2-folhas-38-x-38-cm-marfim\/#primaryimage"},"thumbnailUrl":"https:\/\/www.csj-emballages.com\/wp-content\/uploads\/2024\/03\/SR38IVO.webp","datePublished":"2024-03-01T15:49:00+00:00","dateModified":"2026-04-22T00:15:32+00:00","description":"Guardanapos de 2 camadas em marfim 38 x 38 cm por 50: elegantes, pr\u00e1ticos e absorventes, ideais para catering, restaurantes e eventos privados.","breadcrumb":{"@id":"https:\/\/www.csj-emballages.com\/pt-pt\/produit\/50-guardanapos-de-2-folhas-38-x-38-cm-marfim\/#breadcrumb"},"inLanguage":"pt-PT","potentialAction":[{"@type":"ReadAction","target":["https:\/\/www.csj-emballages.com\/pt-pt\/produit\/50-guardanapos-de-2-folhas-38-x-38-cm-marfim\/"]}]},{"@type":"ImageObject","inLanguage":"pt-PT","@id":"https:\/\/www.csj-emballages.com\/pt-pt\/produit\/50-guardanapos-de-2-folhas-38-x-38-cm-marfim\/#primaryimage","url":"https:\/\/www.csj-emballages.com\/wp-content\/uploads\/2024\/03\/SR38IVO.webp","contentUrl":"https:\/\/www.csj-emballages.com\/wp-content\/uploads\/2024\/03\/SR38IVO.webp","width":800,"height":800,"caption":"Serviette ivoire"},{"@type":"BreadcrumbList","@id":"https:\/\/www.csj-emballages.com\/pt-pt\/produit\/50-guardanapos-de-2-folhas-38-x-38-cm-marfim\/#breadcrumb","itemListElement":[{"@type":"ListItem","position":1,"name":"Acolhimento","item":"https:\/\/www.csj-emballages.com\/pt-pt\/universo-das-embalagens-alimentares\/"},{"@type":"ListItem","position":2,"name":"Shop","item":"https:\/\/www.csj-emballages.com\/shop\/"},{"@type":"ListItem","position":3,"name":"Guardanapo marfim de 2 camadas 38 x 38 cm por 50"}]},{"@type":"WebSite","@id":"https:\/\/www.csj-emballages.com\/pt-pt\/#website","url":"https:\/\/www.csj-emballages.com\/pt-pt\/","name":"CSJ Emballages","description":"","publisher":{"@id":"https:\/\/www.csj-emballages.com\/pt-pt\/#organization"},"potentialAction":[{"@type":"SearchAction","target":{"@type":"EntryPoint","urlTemplate":"https:\/\/www.csj-emballages.com\/pt-pt\/?s={search_term_string}"},"query-input":{"@type":"PropertyValueSpecification","valueRequired":true,"valueName":"search_term_string"}}],"inLanguage":"pt-PT"},{"@type":"Organization","@id":"https:\/\/www.csj-emballages.com\/pt-pt\/#Organization\/","name":"CSJ Emballages","url":"https:\/\/www.csj-emballages.com\/pt-pt\/","logo":{"@type":"ImageObject","inLanguage":"pt-PT","@id":"https:\/\/www.csj-emballages.com\/pt-pt\/#\/schema\/logo\/image\/","url":"https:\/\/www.csj-emballages.com\/wp-content\/uploads\/2023\/10\/logo_csj.webp","contentUrl":"https:\/\/www.csj-emballages.com\/wp-content\/uploads\/2023\/10\/logo_csj.webp","width":250,"height":95,"caption":"CSJ Emballages"},"image":{"@id":"https:\/\/www.csj-emballages.com\/pt-pt\/#\/schema\/logo\/image\/"},"sameAs":["https:\/\/www.facebook.com\/csjemballages"],"address":{"@type":"PostalAddress","streetAddress":"ZI La Lechere","addressLocality":"Patornay","postalCode":"39130","addressCountry":"FR"},"contactPoint":[{"@type":"ContactPoint","contactType":"Service client","telephone":"0384254272","email":"contact@csj-emballages.com"}]}]}},"df_price":1.98,"df_sale_price":"","df_regular_price":1.98,"df_image_link":"https:\/\/www.csj-emballages.com\/wp-content\/uploads\/2024\/03\/SR38IVO-300x300.webp","tiered_pricing_type":"fixed","tiered_pricing_fixed_rules":[],"tiered_pricing_percentage_rules":[],"tiered_pricing_minimum":1,"tiered_pricing_roles_data":[],"_links":{"self":[{"href":"https:\/\/www.csj-emballages.com\/pt-pt\/wp-json\/wp\/v2\/product\/17783","targetHints":{"allow":["GET"]}}],"collection":[{"href":"https:\/\/www.csj-emballages.com\/pt-pt\/wp-json\/wp\/v2\/product"}],"about":[{"href":"https:\/\/www.csj-emballages.com\/pt-pt\/wp-json\/wp\/v2\/types\/product"}],"wp:featuredmedia":[{"embeddable":true,"href":"https:\/\/www.csj-emballages.com\/pt-pt\/wp-json\/wp\/v2\/media\/241201"}],"wp:attachment":[{"href":"https:\/\/www.csj-emballages.com\/pt-pt\/wp-json\/wp\/v2\/media?parent=17783"}],"wp:term":[{"taxonomy":"product_brand","embeddable":true,"href":"https:\/\/www.csj-emballages.com\/pt-pt\/wp-json\/wp\/v2\/product_brand?post=17783"},{"taxonomy":"product_cat","embeddable":true,"href":"https:\/\/www.csj-emballages.com\/pt-pt\/wp-json\/wp\/v2\/product_cat?post=17783"},{"taxonomy":"product_tag","embeddable":true,"href":"https:\/\/www.csj-emballages.com\/pt-pt\/wp-json\/wp\/v2\/product_tag?post=17783"}],"curies":[{"name":"wp","href":"https:\/\/api.w.org\/{rel}","templated":true}]}}