{"id":17774,"date":"2024-03-01T16:49:00","date_gmt":"2024-03-01T15:49:00","guid":{"rendered":"https:\/\/u15jnbdpoq.preview.infomaniak.website\/produit\/50-guardanapos-amarelos-de-2-camadas-38-x-38-cm\/"},"modified":"2026-04-28T02:19:29","modified_gmt":"2026-04-28T00:19:29","slug":"50-guardanapos-amarelos-de-2-camadas-38-x-38-cm","status":"publish","type":"product","link":"https:\/\/www.csj-emballages.com\/pt-pt\/produit\/50-guardanapos-amarelos-de-2-camadas-38-x-38-cm\/","title":{"rendered":"Toalha amarela de 2 camadas 38 x 38 cm por 50"},"content":{"rendered":"<h2>Toalha amarela<\/h2>\n<hr>\n<h3><span style=\"font-weight: bold;\">Descubra o nosso guardanapo amarelo de 2 camadas 38 x 38 cm por 50<\/span><\/h3>\n<p><!--more--><\/p>\n<div class=\"flex max-w-full flex-col flex-grow\">\n<div class=\"min-h-8 text-message flex w-full flex-col items-end gap-2 whitespace-normal break-words text-start [.text-message+&amp;]:mt-5\" dir=\"auto\" data-message-author-role=\"assistant\" data-message-id=\"9b149096-222c-4804-b25c-623d8d364029\" data-message-model-slug=\"gpt-4o-mini\">\n<div class=\"flex w-full flex-col gap-1 empty:hidden first:pt-[3px]\">\n<div class=\"markdown prose w-full break-words dark:prose-invert dark\">\n<p data-start=\"151\" data-end=\"619\">D\u00ea um toque de calor e eleg\u00e2ncia \u00e0s suas mesas com o <strong data-start=\"217\" data-end=\"261\">guardanapo amarelo de 2 camadas 38 x 38 cm por 50<\/strong>. Quer se trate de uma refei\u00e7\u00e3o de conv\u00edvio em casa, de um evento festivo ou de um servi\u00e7o de catering, este guardanapo descart\u00e1vel alia o car\u00e1cter pr\u00e1tico \u00e0 est\u00e9tica. A sua cor <strong>amarela<\/strong> brilhante \u00e9 imediatamente alegre e cria uma atmosfera acolhedora, ideal para buffets, casamentos, anivers\u00e1rios, recep\u00e7\u00f5es ou simples refei\u00e7\u00f5es quotidianas.  <\/p>\n<p data-start=\"621\" data-end=\"1054\">Fabricados em <strong data-start=\"635\" data-end=\"652\">papel de 2 camadas<\/strong>, estes guardanapos oferecem uma excelente resist\u00eancia, mantendo-se suaves ao tato. S\u00e3o suficientemente espessos para garantir uma boa absor\u00e7\u00e3o, o que os torna adequados para utiliza\u00e7\u00e3o privada e profissional nos sectores da restaura\u00e7\u00e3o e dos eventos. O seu formato generoso de <strong data-start=\"957\" data-end=\"971\">38 x 38 cm<\/strong> permite que sejam dobrados de forma perfeita, ideal para melhorar as suas apresenta\u00e7\u00f5es \u00e0 mesa.  <\/p>\n<p data-start=\"1056\" data-end=\"1355\">Embalados em pr\u00e1ticos pacotes de <strong data-start=\"1089\" data-end=\"1106\">50 guardanapos<\/strong>, s\u00e3o uma solu\u00e7\u00e3o econ\u00f3mica adaptada \u00e0s necessidades dos profissionais. Descart\u00e1veis e higi\u00e9nicos, simplificam o servi\u00e7o e a limpeza, garantindo uma apresenta\u00e7\u00e3o impec\u00e1vel. <\/p>\n<p data-start=\"1357\" data-end=\"1623\">Optar por estes guardanapos de papel significa escolher o equil\u00edbrio perfeito entre eleg\u00e2ncia, praticidade e efic\u00e1cia. F\u00e1ceis de combinar com outras cores de loi\u00e7a ou de decora\u00e7\u00e3o, permitem-lhe personalizar as suas mesas de acordo com o ambiente que procura. <\/p>\n<p data-start=\"1625\" data-end=\"1831\">Em suma, o <strong>guardanapo amarelo de 2 camadas 38 x 38 cm por 50<\/strong> \u00e9 um acess\u00f3rio indispens\u00e1vel para todas as ocasi\u00f5es. Real\u00e7a as suas refei\u00e7\u00f5es, facilita o servi\u00e7o e proporciona conforto aos seus convidados. <\/p>\n<\/div>\n<p data-start=\"1625\" data-end=\"1831\">\n<\/div>\n<\/div>\n<\/div>\n<p><!--more--><\/p>\n<h4>Vantagens :<\/h4>\n<ul>\n<li><strong>Eleg\u00e2ncia intemporal:<\/strong> A cor <strong>amarela<\/strong> d\u00e1 um toque alegre \u00e0s suas mesas.<\/li>\n<li><strong>Tamanho ideal:<\/strong> Com <strong>38 x 38 cm<\/strong>, estas toalhas s\u00e3o ideais para uma vasta gama de utiliza\u00e7\u00f5es.<\/li>\n<li><strong>Resist\u00eancia extra:<\/strong> A conce\u00e7\u00e3o de 2 camadas garante resist\u00eancia e efici\u00eancia para uma utiliza\u00e7\u00e3o intensiva.<\/li>\n<li><strong>Textura agrad\u00e1vel:<\/strong> Suaves e absorventes, oferecem um conforto \u00f3timo.<\/li>\n<\/ul>\n<p>&nbsp;<\/p>\n<p><!--more--><\/p>\n<h4>Outras informa\u00e7\u00f5es :<\/h4>\n<ul>\n<li><strong>Embalagem<\/strong>: Pacote de 50<\/li>\n<li><strong>Cor<\/strong>: Amarelo<\/li>\n<li><strong>Dimens\u00f5es<\/strong>: 38 x 38 cm desdobrado<\/li>\n<li><strong>Material<\/strong>: Celulose<\/li>\n<\/ul>\n<p>&nbsp;<\/p>\n<p><!--more--><\/p>\n<p><a href=\"https:\/\/www.csj-emballages.com\/pt-pt\/categorie-produit\/embalagem-de-alimentos\/restauracao\/guardanapos-jogos-americanos-toalhas-de-mesa\/toalhas\/toalhas-de-2-camadas\/\">Ver o resto da nossa gama de toalhas de 2 camadas<\/a><\/p>\n","protected":false},"excerpt":{"rendered":"<p>Toalha amarela Descubra o nosso guardanapo amarelo de 2 camadas 38 x 38 cm por 50<\/p>\n","protected":false},"featured_media":241208,"template":"","meta":{"_acf_changed":false},"product_brand":[],"product_cat":[1141,1138,1139,1278,1672],"product_tag":[],"class_list":{"0":"post-17774","1":"product","2":"type-product","3":"status-publish","4":"has-post-thumbnail","6":"product_cat-embalagem-de-alimentos","7":"product_cat-restauracao","8":"product_cat-guardanapos-jogos-americanos-toalhas-de-mesa","9":"product_cat-toalhas","10":"product_cat-toalhas-de-2-camadas","12":"first","13":"instock","14":"taxable","15":"shipping-taxable","16":"purchasable","17":"product-type-simple"},"acf":[],"yoast_head":"<!-- This site is optimized with the Yoast SEO Premium plugin v26.6 (Yoast SEO v26.6) - https:\/\/yoast.com\/wordpress\/plugins\/seo\/ -->\n<title>Guardanapo amarelo de 2 camadas 38 x 38 cm por 50<\/title>\n<meta name=\"description\" content=\"D\u00ea um toque de cor \u00e0s suas refei\u00e7\u00f5es com o guardanapo amarelo de 2 camadas 38 x 38 cm por 50. Pr\u00e1tico, absorvente e elegante, ideal para todas as ocasi\u00f5es.\" \/>\n<meta name=\"robots\" content=\"index, follow, max-snippet:-1, max-image-preview:large, max-video-preview:-1\" \/>\n<link rel=\"canonical\" href=\"https:\/\/www.csj-emballages.com\/pt-pt\/produit\/50-guardanapos-amarelos-de-2-camadas-38-x-38-cm\/\" \/>\n<meta property=\"og:locale\" content=\"pt_PT\" \/>\n<meta property=\"og:type\" content=\"article\" \/>\n<meta property=\"og:title\" content=\"Toalha amarela de 2 camadas 38 x 38 cm por 50\" \/>\n<meta property=\"og:description\" content=\"D\u00ea um toque de cor \u00e0s suas refei\u00e7\u00f5es com o guardanapo amarelo de 2 camadas 38 x 38 cm por 50. Pr\u00e1tico, absorvente e elegante, ideal para todas as ocasi\u00f5es.\" \/>\n<meta property=\"og:url\" content=\"https:\/\/www.csj-emballages.com\/pt-pt\/produit\/50-guardanapos-amarelos-de-2-camadas-38-x-38-cm\/\" \/>\n<meta property=\"og:site_name\" content=\"CSJ Emballages\" \/>\n<meta property=\"article:publisher\" content=\"https:\/\/www.facebook.com\/csjemballages\" \/>\n<meta property=\"article:modified_time\" content=\"2026-04-28T00:19:29+00:00\" \/>\n<meta property=\"og:image\" content=\"https:\/\/www.csj-emballages.com\/wp-content\/uploads\/2024\/03\/SR38JV.webp\" \/>\n\t<meta property=\"og:image:width\" content=\"800\" \/>\n\t<meta property=\"og:image:height\" content=\"800\" \/>\n\t<meta property=\"og:image:type\" content=\"image\/webp\" \/>\n<meta name=\"twitter:card\" content=\"summary_large_image\" \/>\n<meta name=\"twitter:label1\" content=\"Tempo estimado de leitura\" \/>\n\t<meta name=\"twitter:data1\" content=\"2 minutos\" \/>\n<script type=\"application\/ld+json\" class=\"yoast-schema-graph\">{\"@context\":\"https:\/\/schema.org\",\"@graph\":[{\"@type\":\"WebPage\",\"@id\":\"https:\/\/www.csj-emballages.com\/pt-pt\/produit\/50-guardanapos-amarelos-de-2-camadas-38-x-38-cm\/\",\"url\":\"https:\/\/www.csj-emballages.com\/pt-pt\/produit\/50-guardanapos-amarelos-de-2-camadas-38-x-38-cm\/\",\"name\":\"Guardanapo amarelo de 2 camadas 38 x 38 cm por 50\",\"isPartOf\":{\"@id\":\"https:\/\/www.csj-emballages.com\/pt-pt\/#website\"},\"primaryImageOfPage\":{\"@id\":\"https:\/\/www.csj-emballages.com\/pt-pt\/produit\/50-guardanapos-amarelos-de-2-camadas-38-x-38-cm\/#primaryimage\"},\"image\":{\"@id\":\"https:\/\/www.csj-emballages.com\/pt-pt\/produit\/50-guardanapos-amarelos-de-2-camadas-38-x-38-cm\/#primaryimage\"},\"thumbnailUrl\":\"https:\/\/www.csj-emballages.com\/wp-content\/uploads\/2024\/03\/SR38JV.webp\",\"datePublished\":\"2024-03-01T15:49:00+00:00\",\"dateModified\":\"2026-04-28T00:19:29+00:00\",\"description\":\"D\u00ea um toque de cor \u00e0s suas refei\u00e7\u00f5es com o guardanapo amarelo de 2 camadas 38 x 38 cm por 50. Pr\u00e1tico, absorvente e elegante, ideal para todas as ocasi\u00f5es.\",\"breadcrumb\":{\"@id\":\"https:\/\/www.csj-emballages.com\/pt-pt\/produit\/50-guardanapos-amarelos-de-2-camadas-38-x-38-cm\/#breadcrumb\"},\"inLanguage\":\"pt-PT\",\"potentialAction\":[{\"@type\":\"ReadAction\",\"target\":[\"https:\/\/www.csj-emballages.com\/pt-pt\/produit\/50-guardanapos-amarelos-de-2-camadas-38-x-38-cm\/\"]}]},{\"@type\":\"ImageObject\",\"inLanguage\":\"pt-PT\",\"@id\":\"https:\/\/www.csj-emballages.com\/pt-pt\/produit\/50-guardanapos-amarelos-de-2-camadas-38-x-38-cm\/#primaryimage\",\"url\":\"https:\/\/www.csj-emballages.com\/wp-content\/uploads\/2024\/03\/SR38JV.webp\",\"contentUrl\":\"https:\/\/www.csj-emballages.com\/wp-content\/uploads\/2024\/03\/SR38JV.webp\",\"width\":800,\"height\":800,\"caption\":\"Serviette jaune\"},{\"@type\":\"BreadcrumbList\",\"@id\":\"https:\/\/www.csj-emballages.com\/pt-pt\/produit\/50-guardanapos-amarelos-de-2-camadas-38-x-38-cm\/#breadcrumb\",\"itemListElement\":[{\"@type\":\"ListItem\",\"position\":1,\"name\":\"Acolhimento\",\"item\":\"https:\/\/www.csj-emballages.com\/pt-pt\/universo-das-embalagens-alimentares\/\"},{\"@type\":\"ListItem\",\"position\":2,\"name\":\"Shop\",\"item\":\"https:\/\/www.csj-emballages.com\/shop\/\"},{\"@type\":\"ListItem\",\"position\":3,\"name\":\"Toalha amarela de 2 camadas 38 x 38 cm por 50\"}]},{\"@type\":\"WebSite\",\"@id\":\"https:\/\/www.csj-emballages.com\/pt-pt\/#website\",\"url\":\"https:\/\/www.csj-emballages.com\/pt-pt\/\",\"name\":\"CSJ Emballages\",\"description\":\"\",\"publisher\":{\"@id\":\"https:\/\/www.csj-emballages.com\/pt-pt\/#organization\"},\"potentialAction\":[{\"@type\":\"SearchAction\",\"target\":{\"@type\":\"EntryPoint\",\"urlTemplate\":\"https:\/\/www.csj-emballages.com\/pt-pt\/?s={search_term_string}\"},\"query-input\":{\"@type\":\"PropertyValueSpecification\",\"valueRequired\":true,\"valueName\":\"search_term_string\"}}],\"inLanguage\":\"pt-PT\"},{\"@type\":\"Organization\",\"@id\":\"https:\/\/www.csj-emballages.com\/pt-pt\/#Organization\/\",\"name\":\"CSJ Emballages\",\"url\":\"https:\/\/www.csj-emballages.com\/pt-pt\/\",\"logo\":{\"@type\":\"ImageObject\",\"inLanguage\":\"pt-PT\",\"@id\":\"https:\/\/www.csj-emballages.com\/pt-pt\/#\/schema\/logo\/image\/\",\"url\":\"https:\/\/www.csj-emballages.com\/wp-content\/uploads\/2023\/10\/logo_csj.webp\",\"contentUrl\":\"https:\/\/www.csj-emballages.com\/wp-content\/uploads\/2023\/10\/logo_csj.webp\",\"width\":250,\"height\":95,\"caption\":\"CSJ Emballages\"},\"image\":{\"@id\":\"https:\/\/www.csj-emballages.com\/pt-pt\/#\/schema\/logo\/image\/\"},\"sameAs\":[\"https:\/\/www.facebook.com\/csjemballages\"],\"address\":{\"@type\":\"PostalAddress\",\"streetAddress\":\"ZI La Lechere\",\"addressLocality\":\"Patornay\",\"postalCode\":\"39130\",\"addressCountry\":\"FR\"},\"contactPoint\":[{\"@type\":\"ContactPoint\",\"contactType\":\"Service client\",\"telephone\":\"0384254272\",\"email\":\"contact@csj-emballages.com\"}]}]}<\/script>\n<!-- \/ Yoast SEO Premium plugin. -->","yoast_head_json":{"title":"Guardanapo amarelo de 2 camadas 38 x 38 cm por 50","description":"D\u00ea um toque de cor \u00e0s suas refei\u00e7\u00f5es com o guardanapo amarelo de 2 camadas 38 x 38 cm por 50. Pr\u00e1tico, absorvente e elegante, ideal para todas as ocasi\u00f5es.","robots":{"index":"index","follow":"follow","max-snippet":"max-snippet:-1","max-image-preview":"max-image-preview:large","max-video-preview":"max-video-preview:-1"},"canonical":"https:\/\/www.csj-emballages.com\/pt-pt\/produit\/50-guardanapos-amarelos-de-2-camadas-38-x-38-cm\/","og_locale":"pt_PT","og_type":"article","og_title":"Toalha amarela de 2 camadas 38 x 38 cm por 50","og_description":"D\u00ea um toque de cor \u00e0s suas refei\u00e7\u00f5es com o guardanapo amarelo de 2 camadas 38 x 38 cm por 50. Pr\u00e1tico, absorvente e elegante, ideal para todas as ocasi\u00f5es.","og_url":"https:\/\/www.csj-emballages.com\/pt-pt\/produit\/50-guardanapos-amarelos-de-2-camadas-38-x-38-cm\/","og_site_name":"CSJ Emballages","article_publisher":"https:\/\/www.facebook.com\/csjemballages","article_modified_time":"2026-04-28T00:19:29+00:00","og_image":[{"width":800,"height":800,"url":"https:\/\/www.csj-emballages.com\/wp-content\/uploads\/2024\/03\/SR38JV.webp","type":"image\/webp"}],"twitter_card":"summary_large_image","twitter_misc":{"Tempo estimado de leitura":"2 minutos"},"schema":{"@context":"https:\/\/schema.org","@graph":[{"@type":"WebPage","@id":"https:\/\/www.csj-emballages.com\/pt-pt\/produit\/50-guardanapos-amarelos-de-2-camadas-38-x-38-cm\/","url":"https:\/\/www.csj-emballages.com\/pt-pt\/produit\/50-guardanapos-amarelos-de-2-camadas-38-x-38-cm\/","name":"Guardanapo amarelo de 2 camadas 38 x 38 cm por 50","isPartOf":{"@id":"https:\/\/www.csj-emballages.com\/pt-pt\/#website"},"primaryImageOfPage":{"@id":"https:\/\/www.csj-emballages.com\/pt-pt\/produit\/50-guardanapos-amarelos-de-2-camadas-38-x-38-cm\/#primaryimage"},"image":{"@id":"https:\/\/www.csj-emballages.com\/pt-pt\/produit\/50-guardanapos-amarelos-de-2-camadas-38-x-38-cm\/#primaryimage"},"thumbnailUrl":"https:\/\/www.csj-emballages.com\/wp-content\/uploads\/2024\/03\/SR38JV.webp","datePublished":"2024-03-01T15:49:00+00:00","dateModified":"2026-04-28T00:19:29+00:00","description":"D\u00ea um toque de cor \u00e0s suas refei\u00e7\u00f5es com o guardanapo amarelo de 2 camadas 38 x 38 cm por 50. Pr\u00e1tico, absorvente e elegante, ideal para todas as ocasi\u00f5es.","breadcrumb":{"@id":"https:\/\/www.csj-emballages.com\/pt-pt\/produit\/50-guardanapos-amarelos-de-2-camadas-38-x-38-cm\/#breadcrumb"},"inLanguage":"pt-PT","potentialAction":[{"@type":"ReadAction","target":["https:\/\/www.csj-emballages.com\/pt-pt\/produit\/50-guardanapos-amarelos-de-2-camadas-38-x-38-cm\/"]}]},{"@type":"ImageObject","inLanguage":"pt-PT","@id":"https:\/\/www.csj-emballages.com\/pt-pt\/produit\/50-guardanapos-amarelos-de-2-camadas-38-x-38-cm\/#primaryimage","url":"https:\/\/www.csj-emballages.com\/wp-content\/uploads\/2024\/03\/SR38JV.webp","contentUrl":"https:\/\/www.csj-emballages.com\/wp-content\/uploads\/2024\/03\/SR38JV.webp","width":800,"height":800,"caption":"Serviette jaune"},{"@type":"BreadcrumbList","@id":"https:\/\/www.csj-emballages.com\/pt-pt\/produit\/50-guardanapos-amarelos-de-2-camadas-38-x-38-cm\/#breadcrumb","itemListElement":[{"@type":"ListItem","position":1,"name":"Acolhimento","item":"https:\/\/www.csj-emballages.com\/pt-pt\/universo-das-embalagens-alimentares\/"},{"@type":"ListItem","position":2,"name":"Shop","item":"https:\/\/www.csj-emballages.com\/shop\/"},{"@type":"ListItem","position":3,"name":"Toalha amarela de 2 camadas 38 x 38 cm por 50"}]},{"@type":"WebSite","@id":"https:\/\/www.csj-emballages.com\/pt-pt\/#website","url":"https:\/\/www.csj-emballages.com\/pt-pt\/","name":"CSJ Emballages","description":"","publisher":{"@id":"https:\/\/www.csj-emballages.com\/pt-pt\/#organization"},"potentialAction":[{"@type":"SearchAction","target":{"@type":"EntryPoint","urlTemplate":"https:\/\/www.csj-emballages.com\/pt-pt\/?s={search_term_string}"},"query-input":{"@type":"PropertyValueSpecification","valueRequired":true,"valueName":"search_term_string"}}],"inLanguage":"pt-PT"},{"@type":"Organization","@id":"https:\/\/www.csj-emballages.com\/pt-pt\/#Organization\/","name":"CSJ Emballages","url":"https:\/\/www.csj-emballages.com\/pt-pt\/","logo":{"@type":"ImageObject","inLanguage":"pt-PT","@id":"https:\/\/www.csj-emballages.com\/pt-pt\/#\/schema\/logo\/image\/","url":"https:\/\/www.csj-emballages.com\/wp-content\/uploads\/2023\/10\/logo_csj.webp","contentUrl":"https:\/\/www.csj-emballages.com\/wp-content\/uploads\/2023\/10\/logo_csj.webp","width":250,"height":95,"caption":"CSJ Emballages"},"image":{"@id":"https:\/\/www.csj-emballages.com\/pt-pt\/#\/schema\/logo\/image\/"},"sameAs":["https:\/\/www.facebook.com\/csjemballages"],"address":{"@type":"PostalAddress","streetAddress":"ZI La Lechere","addressLocality":"Patornay","postalCode":"39130","addressCountry":"FR"},"contactPoint":[{"@type":"ContactPoint","contactType":"Service client","telephone":"0384254272","email":"contact@csj-emballages.com"}]}]}},"df_price":2.21,"df_sale_price":"","df_regular_price":2.21,"df_image_link":"https:\/\/www.csj-emballages.com\/wp-content\/uploads\/2024\/03\/SR38JV-300x300.webp","tiered_pricing_type":"fixed","tiered_pricing_fixed_rules":[],"tiered_pricing_percentage_rules":[],"tiered_pricing_minimum":1,"tiered_pricing_roles_data":[],"_links":{"self":[{"href":"https:\/\/www.csj-emballages.com\/pt-pt\/wp-json\/wp\/v2\/product\/17774","targetHints":{"allow":["GET"]}}],"collection":[{"href":"https:\/\/www.csj-emballages.com\/pt-pt\/wp-json\/wp\/v2\/product"}],"about":[{"href":"https:\/\/www.csj-emballages.com\/pt-pt\/wp-json\/wp\/v2\/types\/product"}],"wp:featuredmedia":[{"embeddable":true,"href":"https:\/\/www.csj-emballages.com\/pt-pt\/wp-json\/wp\/v2\/media\/241208"}],"wp:attachment":[{"href":"https:\/\/www.csj-emballages.com\/pt-pt\/wp-json\/wp\/v2\/media?parent=17774"}],"wp:term":[{"taxonomy":"product_brand","embeddable":true,"href":"https:\/\/www.csj-emballages.com\/pt-pt\/wp-json\/wp\/v2\/product_brand?post=17774"},{"taxonomy":"product_cat","embeddable":true,"href":"https:\/\/www.csj-emballages.com\/pt-pt\/wp-json\/wp\/v2\/product_cat?post=17774"},{"taxonomy":"product_tag","embeddable":true,"href":"https:\/\/www.csj-emballages.com\/pt-pt\/wp-json\/wp\/v2\/product_tag?post=17774"}],"curies":[{"name":"wp","href":"https:\/\/api.w.org\/{rel}","templated":true}]}}