{"id":17772,"date":"2024-03-01T16:49:02","date_gmt":"2024-03-01T15:49:02","guid":{"rendered":"https:\/\/u15jnbdpoq.preview.infomaniak.website\/produit\/100-guardanapos-de-papel-descartaveis-brancos-de-2-camadas-30-x-30-cm\/"},"modified":"2026-04-17T02:16:35","modified_gmt":"2026-04-17T00:16:35","slug":"100-guardanapos-de-papel-descartaveis-brancos-de-2-camadas-30-x-30-cm","status":"publish","type":"product","link":"https:\/\/www.csj-emballages.com\/pt-pt\/produit\/100-guardanapos-de-papel-descartaveis-brancos-de-2-camadas-30-x-30-cm\/","title":{"rendered":"100 guardanapos de papel descart\u00e1veis brancos de 2 camadas 30 x 30 cm"},"content":{"rendered":"<h2><span>Toalhas de papel brancas descart\u00e1veis de algod\u00e3o puro de 2 camadas 30 x 30 cm<\/span><\/h2>\n<p><span>&nbsp;<\/span><\/p>\n<p><span>Descri\u00e7\u00e3o<\/span><\/p>\n<p><span>&nbsp;<\/span><\/p>\n<p><span>Descobre os nossos 100 toalhetes descart\u00e1veis brancos de 2 camadas<\/span><\/p>\n<p><span>&nbsp;<\/span><\/p>\n<p><span>Os guardanapos de papel descart\u00e1veis em pasta branca pura de 2 camadas destinam-se principalmente a todos os sectores da restaura\u00e7\u00e3o, quer se trate de fast food, associa\u00e7\u00f5es ou empresas de catering,  <\/span><\/p>\n<p><span>ou outros&#8230;<\/span><\/p>\n<p><span>S\u00e3o utilizados em eventos festivos, como piqueniques, festas, casamentos, refei\u00e7\u00f5es com a fam\u00edlia ou amigos.<\/span><\/p>\n<p><span>Os guardanapos de papel s\u00e3o escolhidos pela sua dobra dupla, que lhes permite absorver as manchas durante a refei\u00e7\u00e3o.<\/span><\/p>\n<p style=\"tab-stops:left 274.4pt;\"><span>100% seguro para alimentos<span style=\"\">, tamb\u00e9m dispon\u00edvel em 1 folha<\/span>.<\/span><\/p>\n<p><span>&nbsp;<\/span><\/p>\n<p><span>Apresenta toalhas de papel de algod\u00e3o puro<\/span><\/p>\n<p><span>&nbsp;<\/span><\/p>\n<p><span>-Vendido a particulares \/ profissionais<\/span><\/p>\n<p><span>Dimens\u00f5es: 30 x 30 cm<\/span><\/p>\n<p><span>Embalagem: pacote de 100 guardanapos de papel<\/span><\/p>\n<p><span>Envolvido em pel\u00edcula protetora para facilitar a sua conserva\u00e7\u00e3o.<\/span><\/p>\n<p><span>&nbsp;<\/span><\/p>\n<p><span>Material : Papel de enchimento puro<\/span><\/p>\n<p><span>&nbsp;<\/span><\/p>\n<h2><span>Escolhe toalhas descart\u00e1veis brancas de 2 camadas<\/span><\/h2>\n","protected":false},"excerpt":{"rendered":"<p>Toalhas de papel brancas descart\u00e1veis de algod\u00e3o puro de 2 camadas 30 x 30 cm &nbsp; Descri\u00e7\u00e3o &nbsp; Descobre os nossos 100 toalhetes descart\u00e1veis brancos de 2 camadas &nbsp; Os guardanapos de papel descart\u00e1veis em pasta branca pura de 2 camadas destinam-se principalmente a todos os sectores da restaura\u00e7\u00e3o, quer se trate de fast food, [&hellip;]<\/p>\n","protected":false},"featured_media":202454,"template":"","meta":{"_acf_changed":false},"product_brand":[],"product_cat":[1141,1138,1139,1278,1672],"product_tag":[],"class_list":{"0":"post-17772","1":"product","2":"type-product","3":"status-publish","4":"has-post-thumbnail","6":"product_cat-embalagem-de-alimentos","7":"product_cat-restauracao","8":"product_cat-guardanapos-jogos-americanos-toalhas-de-mesa","9":"product_cat-toalhas","10":"product_cat-toalhas-de-2-camadas","12":"first","13":"instock","14":"taxable","15":"shipping-taxable","16":"purchasable","17":"product-type-simple"},"acf":[],"yoast_head":"<!-- This site is optimized with the Yoast SEO Premium plugin v26.6 (Yoast SEO v26.6) - https:\/\/yoast.com\/wordpress\/plugins\/seo\/ -->\n<title>100 Toalhas de papel brancas 30 x 30 cm 2 Ply Pure Wadding \/ csj-emballages.com<\/title>\n<meta name=\"description\" content=\"Compra guardanapos descart\u00e1veis de papel de 2 folhas! Tamanho: 300 x 300 mm! Oferecemos-te um pacote de 100 toalhas de papel descart\u00e1veis a pre\u00e7os de DESCONTO.\" \/>\n<meta name=\"robots\" content=\"index, follow, max-snippet:-1, max-image-preview:large, max-video-preview:-1\" \/>\n<link rel=\"canonical\" href=\"https:\/\/www.csj-emballages.com\/pt-pt\/produit\/100-guardanapos-de-papel-descartaveis-brancos-de-2-camadas-30-x-30-cm\/\" \/>\n<meta property=\"og:locale\" content=\"pt_PT\" \/>\n<meta property=\"og:type\" content=\"article\" \/>\n<meta property=\"og:title\" content=\"100 guardanapos de papel descart\u00e1veis brancos de 2 camadas 30 x 30 cm\" \/>\n<meta property=\"og:description\" content=\"Compra guardanapos descart\u00e1veis de papel de 2 folhas! Tamanho: 300 x 300 mm! Oferecemos-te um pacote de 100 toalhas de papel descart\u00e1veis a pre\u00e7os de DESCONTO.\" \/>\n<meta property=\"og:url\" content=\"https:\/\/www.csj-emballages.com\/pt-pt\/produit\/100-guardanapos-de-papel-descartaveis-brancos-de-2-camadas-30-x-30-cm\/\" \/>\n<meta property=\"og:site_name\" content=\"CSJ Emballages\" \/>\n<meta property=\"article:publisher\" content=\"https:\/\/www.facebook.com\/csjemballages\" \/>\n<meta property=\"article:modified_time\" content=\"2026-04-17T00:16:35+00:00\" \/>\n<meta property=\"og:image\" content=\"https:\/\/www.csj-emballages.com\/wp-content\/uploads\/2024\/03\/SR302AL.webp\" \/>\n\t<meta property=\"og:image:width\" content=\"800\" \/>\n\t<meta property=\"og:image:height\" content=\"800\" \/>\n\t<meta property=\"og:image:type\" content=\"image\/webp\" \/>\n<meta name=\"twitter:card\" content=\"summary_large_image\" \/>\n<meta name=\"twitter:label1\" content=\"Tempo estimado de leitura\" \/>\n\t<meta name=\"twitter:data1\" content=\"1 minuto\" \/>\n<script type=\"application\/ld+json\" class=\"yoast-schema-graph\">{\"@context\":\"https:\/\/schema.org\",\"@graph\":[{\"@type\":\"WebPage\",\"@id\":\"https:\/\/www.csj-emballages.com\/pt-pt\/produit\/100-guardanapos-de-papel-descartaveis-brancos-de-2-camadas-30-x-30-cm\/\",\"url\":\"https:\/\/www.csj-emballages.com\/pt-pt\/produit\/100-guardanapos-de-papel-descartaveis-brancos-de-2-camadas-30-x-30-cm\/\",\"name\":\"100 Toalhas de papel brancas 30 x 30 cm 2 Ply Pure Wadding \/ csj-emballages.com\",\"isPartOf\":{\"@id\":\"https:\/\/www.csj-emballages.com\/pt-pt\/#website\"},\"primaryImageOfPage\":{\"@id\":\"https:\/\/www.csj-emballages.com\/pt-pt\/produit\/100-guardanapos-de-papel-descartaveis-brancos-de-2-camadas-30-x-30-cm\/#primaryimage\"},\"image\":{\"@id\":\"https:\/\/www.csj-emballages.com\/pt-pt\/produit\/100-guardanapos-de-papel-descartaveis-brancos-de-2-camadas-30-x-30-cm\/#primaryimage\"},\"thumbnailUrl\":\"https:\/\/www.csj-emballages.com\/wp-content\/uploads\/2024\/03\/SR302AL.webp\",\"datePublished\":\"2024-03-01T15:49:02+00:00\",\"dateModified\":\"2026-04-17T00:16:35+00:00\",\"description\":\"Compra guardanapos descart\u00e1veis de papel de 2 folhas! Tamanho: 300 x 300 mm! Oferecemos-te um pacote de 100 toalhas de papel descart\u00e1veis a pre\u00e7os de DESCONTO.\",\"breadcrumb\":{\"@id\":\"https:\/\/www.csj-emballages.com\/pt-pt\/produit\/100-guardanapos-de-papel-descartaveis-brancos-de-2-camadas-30-x-30-cm\/#breadcrumb\"},\"inLanguage\":\"pt-PT\",\"potentialAction\":[{\"@type\":\"ReadAction\",\"target\":[\"https:\/\/www.csj-emballages.com\/pt-pt\/produit\/100-guardanapos-de-papel-descartaveis-brancos-de-2-camadas-30-x-30-cm\/\"]}]},{\"@type\":\"ImageObject\",\"inLanguage\":\"pt-PT\",\"@id\":\"https:\/\/www.csj-emballages.com\/pt-pt\/produit\/100-guardanapos-de-papel-descartaveis-brancos-de-2-camadas-30-x-30-cm\/#primaryimage\",\"url\":\"https:\/\/www.csj-emballages.com\/wp-content\/uploads\/2024\/03\/SR302AL.webp\",\"contentUrl\":\"https:\/\/www.csj-emballages.com\/wp-content\/uploads\/2024\/03\/SR302AL.webp\",\"width\":800,\"height\":800,\"caption\":\"serviette blanche\"},{\"@type\":\"BreadcrumbList\",\"@id\":\"https:\/\/www.csj-emballages.com\/pt-pt\/produit\/100-guardanapos-de-papel-descartaveis-brancos-de-2-camadas-30-x-30-cm\/#breadcrumb\",\"itemListElement\":[{\"@type\":\"ListItem\",\"position\":1,\"name\":\"Acolhimento\",\"item\":\"https:\/\/www.csj-emballages.com\/pt-pt\/universo-das-embalagens-alimentares\/\"},{\"@type\":\"ListItem\",\"position\":2,\"name\":\"Shop\",\"item\":\"https:\/\/www.csj-emballages.com\/shop\/\"},{\"@type\":\"ListItem\",\"position\":3,\"name\":\"100 guardanapos de papel descart\u00e1veis brancos de 2 camadas 30 x 30 cm\"}]},{\"@type\":\"WebSite\",\"@id\":\"https:\/\/www.csj-emballages.com\/pt-pt\/#website\",\"url\":\"https:\/\/www.csj-emballages.com\/pt-pt\/\",\"name\":\"CSJ Emballages\",\"description\":\"\",\"publisher\":{\"@id\":\"https:\/\/www.csj-emballages.com\/pt-pt\/#organization\"},\"potentialAction\":[{\"@type\":\"SearchAction\",\"target\":{\"@type\":\"EntryPoint\",\"urlTemplate\":\"https:\/\/www.csj-emballages.com\/pt-pt\/?s={search_term_string}\"},\"query-input\":{\"@type\":\"PropertyValueSpecification\",\"valueRequired\":true,\"valueName\":\"search_term_string\"}}],\"inLanguage\":\"pt-PT\"},{\"@type\":\"Organization\",\"@id\":\"https:\/\/www.csj-emballages.com\/pt-pt\/#Organization\/\",\"name\":\"CSJ Emballages\",\"url\":\"https:\/\/www.csj-emballages.com\/pt-pt\/\",\"logo\":{\"@type\":\"ImageObject\",\"inLanguage\":\"pt-PT\",\"@id\":\"https:\/\/www.csj-emballages.com\/pt-pt\/#\/schema\/logo\/image\/\",\"url\":\"https:\/\/www.csj-emballages.com\/wp-content\/uploads\/2023\/10\/logo_csj.webp\",\"contentUrl\":\"https:\/\/www.csj-emballages.com\/wp-content\/uploads\/2023\/10\/logo_csj.webp\",\"width\":250,\"height\":95,\"caption\":\"CSJ Emballages\"},\"image\":{\"@id\":\"https:\/\/www.csj-emballages.com\/pt-pt\/#\/schema\/logo\/image\/\"},\"sameAs\":[\"https:\/\/www.facebook.com\/csjemballages\"],\"address\":{\"@type\":\"PostalAddress\",\"streetAddress\":\"ZI La Lechere\",\"addressLocality\":\"Patornay\",\"postalCode\":\"39130\",\"addressCountry\":\"FR\"},\"contactPoint\":[{\"@type\":\"ContactPoint\",\"contactType\":\"Service client\",\"telephone\":\"0384254272\",\"email\":\"contact@csj-emballages.com\"}]}]}<\/script>\n<!-- \/ Yoast SEO Premium plugin. -->","yoast_head_json":{"title":"100 Toalhas de papel brancas 30 x 30 cm 2 Ply Pure Wadding \/ csj-emballages.com","description":"Compra guardanapos descart\u00e1veis de papel de 2 folhas! Tamanho: 300 x 300 mm! Oferecemos-te um pacote de 100 toalhas de papel descart\u00e1veis a pre\u00e7os de DESCONTO.","robots":{"index":"index","follow":"follow","max-snippet":"max-snippet:-1","max-image-preview":"max-image-preview:large","max-video-preview":"max-video-preview:-1"},"canonical":"https:\/\/www.csj-emballages.com\/pt-pt\/produit\/100-guardanapos-de-papel-descartaveis-brancos-de-2-camadas-30-x-30-cm\/","og_locale":"pt_PT","og_type":"article","og_title":"100 guardanapos de papel descart\u00e1veis brancos de 2 camadas 30 x 30 cm","og_description":"Compra guardanapos descart\u00e1veis de papel de 2 folhas! Tamanho: 300 x 300 mm! Oferecemos-te um pacote de 100 toalhas de papel descart\u00e1veis a pre\u00e7os de DESCONTO.","og_url":"https:\/\/www.csj-emballages.com\/pt-pt\/produit\/100-guardanapos-de-papel-descartaveis-brancos-de-2-camadas-30-x-30-cm\/","og_site_name":"CSJ Emballages","article_publisher":"https:\/\/www.facebook.com\/csjemballages","article_modified_time":"2026-04-17T00:16:35+00:00","og_image":[{"width":800,"height":800,"url":"https:\/\/www.csj-emballages.com\/wp-content\/uploads\/2024\/03\/SR302AL.webp","type":"image\/webp"}],"twitter_card":"summary_large_image","twitter_misc":{"Tempo estimado de leitura":"1 minuto"},"schema":{"@context":"https:\/\/schema.org","@graph":[{"@type":"WebPage","@id":"https:\/\/www.csj-emballages.com\/pt-pt\/produit\/100-guardanapos-de-papel-descartaveis-brancos-de-2-camadas-30-x-30-cm\/","url":"https:\/\/www.csj-emballages.com\/pt-pt\/produit\/100-guardanapos-de-papel-descartaveis-brancos-de-2-camadas-30-x-30-cm\/","name":"100 Toalhas de papel brancas 30 x 30 cm 2 Ply Pure Wadding \/ csj-emballages.com","isPartOf":{"@id":"https:\/\/www.csj-emballages.com\/pt-pt\/#website"},"primaryImageOfPage":{"@id":"https:\/\/www.csj-emballages.com\/pt-pt\/produit\/100-guardanapos-de-papel-descartaveis-brancos-de-2-camadas-30-x-30-cm\/#primaryimage"},"image":{"@id":"https:\/\/www.csj-emballages.com\/pt-pt\/produit\/100-guardanapos-de-papel-descartaveis-brancos-de-2-camadas-30-x-30-cm\/#primaryimage"},"thumbnailUrl":"https:\/\/www.csj-emballages.com\/wp-content\/uploads\/2024\/03\/SR302AL.webp","datePublished":"2024-03-01T15:49:02+00:00","dateModified":"2026-04-17T00:16:35+00:00","description":"Compra guardanapos descart\u00e1veis de papel de 2 folhas! Tamanho: 300 x 300 mm! Oferecemos-te um pacote de 100 toalhas de papel descart\u00e1veis a pre\u00e7os de DESCONTO.","breadcrumb":{"@id":"https:\/\/www.csj-emballages.com\/pt-pt\/produit\/100-guardanapos-de-papel-descartaveis-brancos-de-2-camadas-30-x-30-cm\/#breadcrumb"},"inLanguage":"pt-PT","potentialAction":[{"@type":"ReadAction","target":["https:\/\/www.csj-emballages.com\/pt-pt\/produit\/100-guardanapos-de-papel-descartaveis-brancos-de-2-camadas-30-x-30-cm\/"]}]},{"@type":"ImageObject","inLanguage":"pt-PT","@id":"https:\/\/www.csj-emballages.com\/pt-pt\/produit\/100-guardanapos-de-papel-descartaveis-brancos-de-2-camadas-30-x-30-cm\/#primaryimage","url":"https:\/\/www.csj-emballages.com\/wp-content\/uploads\/2024\/03\/SR302AL.webp","contentUrl":"https:\/\/www.csj-emballages.com\/wp-content\/uploads\/2024\/03\/SR302AL.webp","width":800,"height":800,"caption":"serviette blanche"},{"@type":"BreadcrumbList","@id":"https:\/\/www.csj-emballages.com\/pt-pt\/produit\/100-guardanapos-de-papel-descartaveis-brancos-de-2-camadas-30-x-30-cm\/#breadcrumb","itemListElement":[{"@type":"ListItem","position":1,"name":"Acolhimento","item":"https:\/\/www.csj-emballages.com\/pt-pt\/universo-das-embalagens-alimentares\/"},{"@type":"ListItem","position":2,"name":"Shop","item":"https:\/\/www.csj-emballages.com\/shop\/"},{"@type":"ListItem","position":3,"name":"100 guardanapos de papel descart\u00e1veis brancos de 2 camadas 30 x 30 cm"}]},{"@type":"WebSite","@id":"https:\/\/www.csj-emballages.com\/pt-pt\/#website","url":"https:\/\/www.csj-emballages.com\/pt-pt\/","name":"CSJ Emballages","description":"","publisher":{"@id":"https:\/\/www.csj-emballages.com\/pt-pt\/#organization"},"potentialAction":[{"@type":"SearchAction","target":{"@type":"EntryPoint","urlTemplate":"https:\/\/www.csj-emballages.com\/pt-pt\/?s={search_term_string}"},"query-input":{"@type":"PropertyValueSpecification","valueRequired":true,"valueName":"search_term_string"}}],"inLanguage":"pt-PT"},{"@type":"Organization","@id":"https:\/\/www.csj-emballages.com\/pt-pt\/#Organization\/","name":"CSJ Emballages","url":"https:\/\/www.csj-emballages.com\/pt-pt\/","logo":{"@type":"ImageObject","inLanguage":"pt-PT","@id":"https:\/\/www.csj-emballages.com\/pt-pt\/#\/schema\/logo\/image\/","url":"https:\/\/www.csj-emballages.com\/wp-content\/uploads\/2023\/10\/logo_csj.webp","contentUrl":"https:\/\/www.csj-emballages.com\/wp-content\/uploads\/2023\/10\/logo_csj.webp","width":250,"height":95,"caption":"CSJ Emballages"},"image":{"@id":"https:\/\/www.csj-emballages.com\/pt-pt\/#\/schema\/logo\/image\/"},"sameAs":["https:\/\/www.facebook.com\/csjemballages"],"address":{"@type":"PostalAddress","streetAddress":"ZI La Lechere","addressLocality":"Patornay","postalCode":"39130","addressCountry":"FR"},"contactPoint":[{"@type":"ContactPoint","contactType":"Service client","telephone":"0384254272","email":"contact@csj-emballages.com"}]}]}},"df_price":1.45,"df_sale_price":"","df_regular_price":1.45,"df_image_link":"https:\/\/www.csj-emballages.com\/wp-content\/uploads\/2024\/03\/SR302AL-300x300.webp","tiered_pricing_type":"fixed","tiered_pricing_fixed_rules":[],"tiered_pricing_percentage_rules":[],"tiered_pricing_minimum":1,"tiered_pricing_roles_data":[],"_links":{"self":[{"href":"https:\/\/www.csj-emballages.com\/pt-pt\/wp-json\/wp\/v2\/product\/17772","targetHints":{"allow":["GET"]}}],"collection":[{"href":"https:\/\/www.csj-emballages.com\/pt-pt\/wp-json\/wp\/v2\/product"}],"about":[{"href":"https:\/\/www.csj-emballages.com\/pt-pt\/wp-json\/wp\/v2\/types\/product"}],"wp:featuredmedia":[{"embeddable":true,"href":"https:\/\/www.csj-emballages.com\/pt-pt\/wp-json\/wp\/v2\/media\/202454"}],"wp:attachment":[{"href":"https:\/\/www.csj-emballages.com\/pt-pt\/wp-json\/wp\/v2\/media?parent=17772"}],"wp:term":[{"taxonomy":"product_brand","embeddable":true,"href":"https:\/\/www.csj-emballages.com\/pt-pt\/wp-json\/wp\/v2\/product_brand?post=17772"},{"taxonomy":"product_cat","embeddable":true,"href":"https:\/\/www.csj-emballages.com\/pt-pt\/wp-json\/wp\/v2\/product_cat?post=17772"},{"taxonomy":"product_tag","embeddable":true,"href":"https:\/\/www.csj-emballages.com\/pt-pt\/wp-json\/wp\/v2\/product_tag?post=17772"}],"curies":[{"name":"wp","href":"https:\/\/api.w.org\/{rel}","templated":true}]}}